{"id":4093,"date":"2022-06-01T12:58:04","date_gmt":"2022-06-01T08:58:04","guid":{"rendered":"https:\/\/vtstrt.mediadesigntech.com\/?page_id=4093"},"modified":"2022-07-18T08:35:36","modified_gmt":"2022-07-18T04:35:36","slug":"az%c9%99rbaycan-milli-istiqlal-partiyasinin-m%c9%99ramnam%c9%99si","status":"publish","type":"page","link":"https:\/\/amip.az\/az\/az%c9%99rbaycan-milli-istiqlal-partiyasinin-m%c9%99ramnam%c9%99si\/","title":{"rendered":"Az\u0259rbaycan Milli \u0130stiqlal Partiyas\u0131n\u0131n m\u0259ramnam\u0259si"},"content":{"rendered":"\n<h3 class=\"wp-block-heading\">M\u0259qs\u0259dl\u0259r<\/h3>\n\n\n\n<p>Az\u0259rbaycanda ilk yaranm\u0131\u015f partiya olaraq Az\u0259rbaycan Milli \u0130stiqlal Partiyas\u0131n\u0131n (AM\u0130P) \u0259n ali m\u0259qs\u0259di m\u00fcst\u0259qil, vahid, demokratik, q\u00fcdr\u0259tli Az\u0259rbaycan d\u00f6vl\u0259ti qurulmas\u0131na nail olmaq, bununla da Mill\u0259timizin tarix s\u0259hn\u0259sind\u0259ki \u015f\u0259r\u0259fli yerini \u00f6z\u00fcn\u0259 qaytarmaqd\u0131r.<\/p>\n\n\n\n<p>Mill\u0259tin m\u0259nafeyini h\u0259r \u015feyd\u0259n \u00fcst\u00fcn tutan Az\u0259rbaycan Milli \u0130stiqlal Partiyas\u0131:<\/p>\n\n\n\n<p>\u2022 Mill\u0259tin \u00f6z\u00fcn\u00fc idar\u0259 etm\u0259si z\u0259minind\u0259 h\u0259r hans\u0131 bir xarici d\u00f6vl\u0259t\u0259, yaxud d\u00f6vl\u0259tl\u0259r birliyin\u0259 m\u0259xsus siyasi q\u00fcvv\u0259l\u0259rin milli m\u0259nafey\u0259 zidd t\u0259sirind\u0259n azad olan v\u0259 yaln\u0131z xalq\u0131n s\u0259rb\u0259st irad\u0259si il\u0259 formala\u015fan milli hakimiyy\u0259t sistemi qurmaq u\u011frunda;<\/p>\n\n\n\n<p>\u2022 Mill\u0259t\u00e7ilik ideyas\u0131n\u0131n mill\u0259tin b\u00fct\u00fcn f\u0259rdl\u0259ri t\u0259r\u0259find\u0259n m\u0259nims\u0259nil\u0259r\u0259k milli ideologiyan\u0131n \u0259sas\u0131na \u00e7evrilm\u0259sin\u0259, h\u0259r bir f\u0259rdin milli \u015f\u00fcur \u0259traf\u0131nda birl\u0259\u015f\u0259r\u0259k \u00fcmummilli irad\u0259ni ifad\u0259 etm\u0259sin\u0259 nail olmaq u\u011frunda;<\/p>\n\n\n\n<p>\u2022 \u00dcmumb\u0259\u015f\u0259ri ideyalar\u0131n s\u0259ciyy\u0259vi inikas\u0131 kimi ger\u00e7\u0259kl\u0259\u015f\u0259n \u00fcmummilli m\u0259n\u0259vi d\u0259y\u0259rl\u0259ri ictimai h\u0259yat\u0131n b\u00fct\u00fcn sah\u0259l\u0259rind\u0259 b\u0259rq\u0259rar etm\u0259k, milli \u0259xlaq\u0131m\u0131z\u0131, ad\u0259t v\u0259 \u0259n\u0259n\u0259l\u0259rimizi z\u0259r\u0259rli t\u0259sirl\u0259rd\u0259n qorumaq, m\u0259n\u0259vi v\u0259 m\u0259d\u0259ni z\u0259nginl\u0259\u015fm\u0259 yolunu tutmaq u\u011frunda;<\/p>\n\n\n\n<p>\u2022 Mill\u0259tin \u00fcmumi iqtisadi m\u00fcst\u0259qilliyi il\u0259 onun h\u0259r bir \u00fczv\u00fcn\u00fcn f\u0259rdi iqtisadi s\u0259rb\u0259stliyini q\u0131r\u0131lmaz v\u0259hd\u0259t kimi ba\u011flamaq \u0259sas\u0131nda azad insana layiq azad iqtisadiyyat qurmaq v\u0259 v\u00fcs\u0259tli iqtisadi t\u0259r\u0259qqiy\u0259 yeti\u015fm\u0259k u\u011frunda;<\/p>\n\n\n\n<p>\u2022 Mill\u0259tin h\u0259r bir f\u0259rdinin ucal\u0131\u011f\u0131n\u0131 v\u0259 t\u0259krars\u0131zl\u0131\u011f\u0131n\u0131 q\u0259bul ed\u0259r\u0259k insan h\u00fcquqlar\u0131n\u0131n toxunulmazl\u0131\u011f\u0131n\u0131 milli siyas\u0259tin \u0259sas\u0131na \u00e7evirm\u0259k, insan azadl\u0131qlar\u0131n\u0131n qorunmas\u0131na t\u0259minat ver\u0259 bil\u0259n v\u0259t\u0259nda\u015f c\u0259miyy\u0259ti qurmaq u\u011frunda m\u00fcbariz\u0259 aparan;<\/p>\n\n\n\n<p>\u2022 Bax\u0131\u015flar\u0131n\u0131n, h\u0259r\u0259k\u0259t v\u0259 d\u00fc\u015f\u00fcnc\u0259l\u0259rinin sistemli \u015f\u0259kild\u0259 h\u0259d\u0259f\u0259 \u00e7atmas\u0131, c\u0259miyy\u0259td\u0259ki d\u0259yi\u015fiklikl\u0259rin mill\u0259tin m\u0259nafeyin\u0259 uy\u011fun \u015f\u0259kild\u0259 sona \u00e7atmas\u0131 \u00fc\u00e7\u00fcn m\u00fcbariz\u0259 aparan siyasi partiyad\u0131r.<\/p>\n\n\n\n<p>Az\u0259rbaycan Milli \u0130stiqlal Partiyas\u0131 hakimiyy\u0259t u\u011frunda m\u00fcbariz\u0259 aparan v\u0259 hakimiyy\u0259t\u0259 g\u0259lm\u0259yi t\u0259kc\u0259 fiziki m\u0259nada deyil, h\u0259m d\u0259 d\u00fc\u015f\u00fcnc\u0259 v\u0259 ideyalar\u0131m\u0131z\u0131n hakimiyy\u0259t\u0259 g\u0259lm\u0259si kimi q\u0259bul ed\u0259n siyasi partiyad\u0131r.<\/p>\n\n\n\n<p>Hakimiyy\u0259t AM\u0130P \u00fc\u00e7\u00fcn m\u0259qs\u0259d deyil, yaln\u0131z v\u0259 yaln\u0131z Mill\u0259ti v\u0259 D\u00f6vl\u0259ti a\u011f\u0131r ictimai-siyasi, sosial-iqtisadi v\u0259 m\u0259n\u0259vi b\u00f6hrandan \u00e7\u0131xarmaq, \u00f6lk\u0259mizi d\u00fcnya d\u00f6vl\u0259tl\u0259ri s\u0131ras\u0131nda q\u00fcdr\u0259tli v\u0259 demokratik d\u00f6vl\u0259t kimi tan\u0131tmaq, Mill\u0259timizin v\u0259 ayr\u0131-ayr\u0131l\u0131qda h\u0259r bir Az\u0259rbaycan v\u0259t\u0259nda\u015f\u0131n\u0131n maddi v\u0259 m\u0259n\u0259vi rifah\u0131n\u0131 y\u00fcks\u0259ltm\u0259k \u00fc\u00e7\u00fcn bir vasit\u0259dir.<\/p>\n\n\n\n<h3 class=\"wp-block-heading\">Prinsipl\u0259r<\/h3>\n\n\n\n<p>Az\u0259rbaycan Milli \u0130stiqlal Partiyas\u0131n\u0131n \u00f6z f\u0259aliyy\u0259tind\u0259 ideoloji \u0259sas kimi q\u0259bul etdiyi prinsipl\u0259r bunlard\u0131r:<\/p>\n\n\n\n<p><strong>\u0130stiqlal\u00e7\u0131l\u0131q<\/strong>. Ulu Tanr\u0131n\u0131n v\u0259 t\u0259bi\u0259tin verdiyi ixtiyarla Mill\u0259timiz istiqlal v\u0259 azadl\u0131q haqq\u0131na sahibdir v\u0259 biz b\u00fct\u00fcn d\u00fcnya xalqlar\u0131n\u0131n onu \u00f6z istiqlal\u0131na m\u00fcbariz\u0259 il\u0259 qovu\u015fmu\u015f bir Mill\u0259t kimi tan\u0131yaca\u011f\u0131na v\u0259 sayaca\u011f\u0131na inan\u0131r\u0131q. \u0130stiqlala malik olmadan mill\u0259t \u00f6z varl\u0131\u011f\u0131n\u0131 v\u0259 m\u0259d\u0259niyy\u0259tini qoruya v\u0259 ucalda bilm\u0259z. Milli \u0130stiqlal amal\u0131n\u0131 \u00fcmummilli m\u0259fkur\u0259nin saf, \u0259dal\u0259tli v\u0259 m\u00f6ht\u0259\u015f\u0259m g\u0259l\u0259c\u0259yimiz u\u011frunda h\u0259r\u0259kat\u0131n ideoloji b\u00fcn\u00f6vr\u0259si kimi qavray\u0131r\u0131q.<\/p>\n\n\n\n<p><strong>Az\u0259rbaycan\u00e7\u0131l\u0131q<\/strong>. Mill\u0259timizin tarixi v\u0259t\u0259ni olan Az\u0259rbaycan onun \u0259razisind\u0259 m\u0259skunla\u015fm\u0131\u015f b\u00fct\u00fcn xalqlar\u0131n \u00fcmumi v\u0259t\u0259ni olmaqla, milliyy\u0259tind\u0259n, az v\u0259 ya \u00e7oxsayl\u0131l\u0131\u011f\u0131ndan as\u0131l\u0131 olmayaraq Az\u0259rbaycanda ya\u015fayan b\u00fct\u00fcn toplumlar\u0131, \u00fcr\u0259yi v\u0259t\u0259np\u0259rv\u0259rlikl\u0259 d\u00f6y\u00fcn\u0259n b\u00fct\u00fcn insanlar\u0131 \u00f6z m\u00fcq\u0259dd\u0259sliyi \u0259traf\u0131nda birl\u0259\u015fdirir. Hesab edirik ki, Az\u0259rbaycanda ya\u015fayan b\u00fct\u00fcn xalqlar, \u00f6lk\u0259nin qanunlar\u0131na v\u0259 Konstitusiyam\u0131za \u0259m\u0259l ed\u0259n b\u00fct\u00fcn insanlar Az\u0259rbaycan\u0131n milli s\u0259rv\u0259tidirl\u0259r. Az\u0259rbaycan\u0131n d\u00f6vl\u0259t m\u0259nafel\u0259rin\u0259 zidd f\u0259aliyy\u0259t g\u00f6st\u0259rm\u0259y\u0259n m\u00fcxt\u0259lif milli azl\u0131qlar\u0131n n\u00fcmay\u0259nd\u0259l\u0259rini Az\u0259rbaycanda \u0259ks\u0259riyy\u0259t t\u0259\u015fkil ed\u0259n t\u00fcrk mill\u0259ti il\u0259 b\u0259rab\u0259rh\u00fcquqlu sayaraq, biz onlar\u0131n \u00f6z dill\u0259rini qorumaq v\u0259 m\u0259d\u0259niyy\u0259tini inki\u015faf etdirm\u0259k haqq\u0131n\u0131 tan\u0131y\u0131r\u0131q. Az\u0259rbaycanda \u0259ks\u0259riyy\u0259t t\u0259\u015fkil ed\u0259n t\u00fcrkl\u0259rin Az\u0259rbaycanda Milli azl\u0131qlar\u0131n varl\u0131\u011f\u0131 v\u0259 milli t\u0259r\u0259qqisi \u00fc\u00e7\u00fcn m\u0259suliyy\u0259t da\u015f\u0131d\u0131\u011f\u0131n\u0131 q\u0259bul edirik.<\/p>\n\n\n\n<p><strong>Milliyy\u0259t\u00e7ilik<\/strong>. H\u0259r bir mill\u0259t dig\u0259r mill\u0259tl\u0259rin azadl\u0131\u011f\u0131n\u0131, haqq\u0131n\u0131 v\u0259 h\u00fcquqlar\u0131n\u0131 pozmamaq, d\u00f6vl\u0259tin varl\u0131\u011f\u0131na v\u0259 t\u0259r\u0259qqisin\u0259 fayda verm\u0259k \u015f\u0259rtil\u0259 \u00f6z m\u0259nafeyini \u00fcst\u00fcn tutmaq ixtiyar\u0131na mailkdir. Biz d\u0259 T\u00fcrk Mill\u0259tinin m\u0259nafeyini h\u0259r \u015feyd\u0259n uca sayaraq, bu m\u0259nafenin ger\u00e7\u0259kl\u0259\u015fm\u0259si yolunu \u0259qid\u0259 kimi q\u0259bul edirik. \u00dcmumi dil\u0259, m\u0259d\u0259niyy\u0259t\u0259, tarix\u0259, din\u0259, ad\u0259t-\u0259n\u0259n\u0259y\u0259, \u015fifahi v\u0259 yaz\u0131l\u0131 \u0259d\u0259biyyata malik toplumumuzun \u0259n vacib s\u0259ciyy\u0259l\u0259rind\u0259n biri \u00fcmummilli \u015f\u00fcurdur. Az\u0259rbaycanda milli \u015f\u00fcurun \u0259sas\u0131 olaraq t\u00fcrk\u00e7\u00fcl\u00fcy\u00fc milliyy\u0259t\u00e7ilikl\u0259 eynil\u0259\u015fdiririk. Mill\u0259timiz\u0259 olan d\u0259rin ba\u011fl\u0131l\u0131\u011f\u0131m\u0131z\u0131n v\u0259 sevginin biz\u0259 verdiyi ilham v\u0259 c\u0259sar\u0259tl\u0259, t\u00fcrk mill\u0259tinin q\u00fcdr\u0259tli olmas\u0131n\u0131 t\u0259m\u0259l prinsipi olaraq q\u0259bul edir v\u0259 bu istiqam\u0259td\u0259 ist\u0259nil\u0259n f\u0259aliyy\u0259ti g\u0259r\u0259kli hesab edirik.<\/p>\n\n\n\n<p><strong>Milli D\u00f6vl\u0259t\u00e7ilik<\/strong>. Mill\u0259tin d\u00f6vl\u0259t \u00fc\u00e7\u00fcn deyil, d\u00f6vl\u0259tin mill\u0259t \u00fc\u00e7\u00fcn oldu\u011funu q\u0259bul ed\u0259r\u0259k, biz d\u00f6vl\u0259ti Az\u0259rbaycan\u0131n b\u00f6l\u00fcnm\u0259zliyinin qorunmas\u0131, \u00fcmummilli m\u0259nafenin ger\u00e7\u0259kl\u0259\u015fdirilm\u0259si \u00fc\u00e7\u00fcn z\u0259ruri bir institut, azadl\u0131q, \u0259dal\u0259t v\u0259 b\u0259rab\u0259rliyin t\u0259minat\u00e7\u0131s\u0131 say\u0131r\u0131q. M\u00fcst\u0259qil Az\u0259rbaycan d\u00f6vl\u0259ti Az\u0259rbaycan\u0131n milli d\u00f6vl\u0259t\u00e7ilik \u0259n\u0259n\u0259l\u0259rin\u0259 \u0259saslanaraq ayr\u0131-ayr\u0131 sinif, z\u00fcmr\u0259 v\u0259 t\u0259b\u0259q\u0259l\u0259rin deyil, b\u00fct\u00fcn Az\u0259rbaycan v\u0259t\u0259nda\u015flar\u0131n\u0131n siyasi, iqtisadi v\u0259 m\u0259n\u0259vi y\u00fcks\u0259li\u015fin\u0259 t\u0259minat yaratmal\u0131d\u0131r.<\/p>\n\n\n\n<p>Milli t\u0259r\u0259qqi yolunda yaln\u0131z o halda u\u011fur qazanmaq m\u00fcmk\u00fcnd\u00fcr ki, d\u00f6vl\u0259t \u00f6z v\u0259t\u0259nda\u015flar\u0131n\u0131n siyasi, iqtisadi, m\u0259d\u0259ni inki\u015faf\u0131 \u00fc\u00e7\u00fcn z\u0259ruri \u015f\u0259rait yarats\u0131n v\u0259 eyni zamanda h\u0259r bir v\u0259t\u0259nda\u015f d\u00f6vl\u0259t\u00e7iliyi m\u00f6hk\u0259ml\u0259ndirm\u0259k v\u0259 inki\u015faf etdirm\u0259k yolunda bilavasit\u0259 \u00e7al\u0131\u015fs\u0131n.<\/p>\n\n\n\n<p><strong>H\u00fcrriyy\u0259t\u00e7ilik<\/strong>. Mill\u0259tin v\u0259 d\u00f6vl\u0259tin normal hal\u0131nda insan\u0131n azadl\u0131\u011f\u0131, dig\u0259r insanlar\u0131n azadl\u0131qlar\u0131n\u0131 pozmamaq \u015f\u0259rtil\u0259 he\u00e7 n\u0259 il\u0259 m\u0259hdudla\u015fmamal\u0131d\u0131r. B\u00fct\u00fcnl\u00fckl\u0259 mill\u0259tin azadl\u0131\u011f\u0131 il\u0259 onun h\u0259r bir f\u0259rdinin azadl\u0131\u011f\u0131n\u0131 q\u0131r\u0131lmaz v\u0259hd\u0259t \u015f\u0259klind\u0259 b\u0259rq\u0259rar etm\u0259yi m\u0259qs\u0259d g\u00f6t\u00fcr\u0259r\u0259k, h\u0259r bir insan\u0131 t\u0259krars\u0131z v\u0259 toxunulmaz sayaraq, biz beyn\u0259lxalq s\u0259n\u0259dl\u0259rd\u0259 \u0259ksini tapm\u0131\u015f b\u00fct\u00fcn insan h\u00fcquqlar\u0131na v\u0259 azadl\u0131qlar\u0131na t\u0259minat verm\u0259yi m\u00fcasir demokratik d\u00f6vl\u0259t qurma\u011f\u0131n ilkin \u015f\u0259rtl\u0259rind\u0259n biri hesab edirik.<\/p>\n\n\n\n<p><strong>\u00d6nc\u00fcll\u00fck<\/strong>. Mill\u0259timizin d\u00fcnya mill\u0259tl\u0259ri s\u0131ras\u0131nda tarix s\u0259hn\u0259sind\u0259 layiqli yer tutmas\u0131ndan \u00f6tr\u00fc b\u0259\u015f\u0259riyy\u0259tin yaratd\u0131\u011f\u0131 m\u00fct\u0259r\u0259qqi elmi bilikl\u0259rd\u0259n, iqtisadi v\u0259 h\u00fcquqi mexanizml\u0259rd\u0259n, m\u0259n\u0259vi d\u0259y\u0259rl\u0259rd\u0259n yarad\u0131c\u0131l\u0131qla faydalanmaqla, milli m\u0259d\u0259niyy\u0259timizin, siyasi v\u0259 iqtisadi quruculu\u011fun s\u00fcr\u0259tl\u0259nm\u0259si v\u0259 v\u00fcs\u0259tl\u0259nm\u0259si, h\u0259r bir Az\u0259rbaycan v\u0259t\u0259nda\u015f\u0131n\u0131n c\u0259hal\u0259td\u0259n v\u0259 qarag\u00fcruh\u00e7uluqdan uzaql\u0131\u011f\u0131, \u0259n m\u00fct\u0259r\u0259qqi d\u00fcnyaduyumuna v\u0259 t\u0259f\u0259kk\u00fcr t\u0259rzin\u0259 yiy\u0259l\u0259nm\u0259si g\u0259r\u0259kdir. Bu yolla ir\u0259lil\u0259m\u0259kl\u0259 Az\u0259rbaycan\u0131n yax\u0131n bir zamanda \u0259n \u00f6nc\u00fcl \u00f6lk\u0259l\u0259r s\u0131ras\u0131na \u00e7\u0131xaca\u011f\u0131na inan\u0131r\u0131q.<\/p>\n\n\n\n<p>Az\u0259rbaycan Milli \u0130stiqlal Partiyas\u0131 xalq partiyas\u0131 olmaq etibaril\u0259, sinfi, z\u00fcmr\u0259vi v\u0259 sosial ayr\u0131-se\u00e7kiliyi r\u0259dd ed\u0259r\u0259k, Mill\u0259t v\u0259 V\u0259t\u0259n birliyini t\u0259min ed\u0259 bil\u0259c\u0259k fikir, duy\u011fu v\u0259 m\u0259sl\u0259k \u00fcmumiliyini m\u0259qs\u0259d sayd\u0131\u011f\u0131 \u00fc\u00e7\u00fcn onun sosial bazas\u0131n\u0131 xalq\u0131n b\u00fct\u00fcn t\u0259b\u0259q\u0259l\u0259rind\u0259n olan istiqlal\u00e7\u0131, milliyy\u0259t\u00e7i, h\u00fcrriyy\u0259t\u00e7i, \u00f6nc\u00fcl v\u0259t\u0259np\u0259rv\u0259rl\u0259r t\u0259\u015fkil edir.<\/p>\n","protected":false},"excerpt":{"rendered":"<p>M\u0259qs\u0259dl\u0259r Az\u0259rbaycanda ilk yaranm\u0131\u015f partiya olaraq Az\u0259rbaycan Milli \u0130stiqlal Partiyas\u0131n\u0131n (AM\u0130P) \u0259n ali m\u0259qs\u0259di m\u00fcst\u0259qil, vahid, demokratik, q\u00fcdr\u0259tli Az\u0259rbaycan d\u00f6vl\u0259ti qurulmas\u0131na nail olmaq, bununla da Mill\u0259timizin tarix s\u0259hn\u0259sind\u0259ki \u015f\u0259r\u0259fli yerini \u00f6z\u00fcn\u0259 qaytarmaqd\u0131r. Mill\u0259tin m\u0259nafeyini h\u0259r \u015feyd\u0259n \u00fcst\u00fcn tutan Az\u0259rbaycan Milli \u0130stiqlal Partiyas\u0131: \u2022 Mill\u0259tin \u00f6z\u00fcn\u00fc idar\u0259 etm\u0259si z\u0259minind\u0259 h\u0259r hans\u0131 bir xarici d\u00f6vl\u0259t\u0259, yaxud d\u00f6vl\u0259tl\u0259r birliyin\u0259 m\u0259xsus siyasi q\u00fcvv\u0259l\u0259rin milli m\u0259nafey\u0259 zidd t\u0259sirind\u0259n azad olan v\u0259 yaln\u0131z xalq\u0131n s\u0259rb\u0259st irad\u0259si il\u0259 formala\u015fan milli hakimiyy\u0259t sistemi qurmaq u\u011frunda; \u2022 Mill\u0259t\u00e7ilik ideyas\u0131n\u0131n mill\u0259tin b\u00fct\u00fcn f\u0259rdl\u0259ri t\u0259r\u0259find\u0259n [&hellip;]<\/p>\n","protected":false},"author":1,"featured_media":0,"parent":0,"menu_order":0,"comment_status":"closed","ping_status":"closed","template":"","meta":{"footnotes":""},"class_list":["post-4093","page","type-page","status-publish","hentry"],"yoast_head":"<!-- This site is optimized with the Yoast SEO plugin v23.8 - https:\/\/yoast.com\/wordpress\/plugins\/seo\/ -->\n<title>Az\u0259rbaycan Milli \u0130stiqlal Partiyas\u0131n\u0131n m\u0259ramnam\u0259si - Az\u0259rbaycan Milli \u0130stiqlal Partiyas\u0131<\/title>\n<meta name=\"robots\" content=\"index, follow, max-snippet:-1, max-image-preview:large, max-video-preview:-1\" \/>\n<link rel=\"canonical\" href=\"https:\/\/amip.az\/az\/az\u0259rbaycan-milli-istiqlal-partiyasinin-m\u0259ramnam\u0259si\/\" \/>\n<meta property=\"og:locale\" content=\"az_AZ\" \/>\n<meta property=\"og:type\" content=\"article\" \/>\n<meta property=\"og:title\" content=\"Az\u0259rbaycan Milli \u0130stiqlal Partiyas\u0131n\u0131n m\u0259ramnam\u0259si - Az\u0259rbaycan Milli \u0130stiqlal Partiyas\u0131\" \/>\n<meta property=\"og:description\" content=\"M\u0259qs\u0259dl\u0259r Az\u0259rbaycanda ilk yaranm\u0131\u015f partiya olaraq Az\u0259rbaycan Milli \u0130stiqlal Partiyas\u0131n\u0131n (AM\u0130P) \u0259n ali m\u0259qs\u0259di m\u00fcst\u0259qil, vahid, demokratik, q\u00fcdr\u0259tli Az\u0259rbaycan d\u00f6vl\u0259ti qurulmas\u0131na nail olmaq, bununla da Mill\u0259timizin tarix s\u0259hn\u0259sind\u0259ki \u015f\u0259r\u0259fli yerini \u00f6z\u00fcn\u0259 qaytarmaqd\u0131r. Mill\u0259tin m\u0259nafeyini h\u0259r \u015feyd\u0259n \u00fcst\u00fcn tutan Az\u0259rbaycan Milli \u0130stiqlal Partiyas\u0131: \u2022 Mill\u0259tin \u00f6z\u00fcn\u00fc idar\u0259 etm\u0259si z\u0259minind\u0259 h\u0259r hans\u0131 bir xarici d\u00f6vl\u0259t\u0259, yaxud d\u00f6vl\u0259tl\u0259r birliyin\u0259 m\u0259xsus siyasi q\u00fcvv\u0259l\u0259rin milli m\u0259nafey\u0259 zidd t\u0259sirind\u0259n azad olan v\u0259 yaln\u0131z xalq\u0131n s\u0259rb\u0259st irad\u0259si il\u0259 formala\u015fan milli hakimiyy\u0259t sistemi qurmaq u\u011frunda; \u2022 Mill\u0259t\u00e7ilik ideyas\u0131n\u0131n mill\u0259tin b\u00fct\u00fcn f\u0259rdl\u0259ri t\u0259r\u0259find\u0259n [&hellip;]\" \/>\n<meta property=\"og:url\" content=\"https:\/\/amip.az\/az\/az\u0259rbaycan-milli-istiqlal-partiyasinin-m\u0259ramnam\u0259si\/\" \/>\n<meta property=\"og:site_name\" content=\"Az\u0259rbaycan Milli \u0130stiqlal Partiyas\u0131\" \/>\n<meta property=\"article:publisher\" content=\"https:\/\/www.facebook.com\/istiqlal91\" \/>\n<meta property=\"article:modified_time\" content=\"2022-07-18T04:35:36+00:00\" \/>\n<meta name=\"twitter:card\" content=\"summary_large_image\" \/>\n<meta name=\"twitter:site\" content=\"@APartiyas\" \/>\n<meta name=\"twitter:label1\" content=\"Est. reading time\" \/>\n\t<meta name=\"twitter:data1\" content=\"8 minutes\" \/>\n<script type=\"application\/ld+json\" class=\"yoast-schema-graph\">{\"@context\":\"https:\/\/schema.org\",\"@graph\":[{\"@type\":\"WebPage\",\"@id\":\"https:\/\/amip.az\/az%c9%99rbaycan-milli-istiqlal-partiyasinin-m%c9%99ramnam%c9%99si\/\",\"url\":\"https:\/\/amip.az\/az%c9%99rbaycan-milli-istiqlal-partiyasinin-m%c9%99ramnam%c9%99si\/\",\"name\":\"Az\u0259rbaycan Milli \u0130stiqlal Partiyas\u0131n\u0131n m\u0259ramnam\u0259si - Az\u0259rbaycan Milli \u0130stiqlal Partiyas\u0131\",\"isPartOf\":{\"@id\":\"https:\/\/amip.az\/az\/#website\"},\"datePublished\":\"2022-06-01T08:58:04+00:00\",\"dateModified\":\"2022-07-18T04:35:36+00:00\",\"breadcrumb\":{\"@id\":\"https:\/\/amip.az\/az%c9%99rbaycan-milli-istiqlal-partiyasinin-m%c9%99ramnam%c9%99si\/#breadcrumb\"},\"inLanguage\":\"az\",\"potentialAction\":[{\"@type\":\"ReadAction\",\"target\":[\"https:\/\/amip.az\/az%c9%99rbaycan-milli-istiqlal-partiyasinin-m%c9%99ramnam%c9%99si\/\"]}]},{\"@type\":\"BreadcrumbList\",\"@id\":\"https:\/\/amip.az\/az%c9%99rbaycan-milli-istiqlal-partiyasinin-m%c9%99ramnam%c9%99si\/#breadcrumb\",\"itemListElement\":[{\"@type\":\"ListItem\",\"position\":1,\"name\":\"Home\",\"item\":\"https:\/\/amip.az\/\"},{\"@type\":\"ListItem\",\"position\":2,\"name\":\"Az\u0259rbaycan Milli \u0130stiqlal Partiyas\u0131n\u0131n m\u0259ramnam\u0259si\"}]},{\"@type\":\"WebSite\",\"@id\":\"https:\/\/amip.az\/az\/#website\",\"url\":\"https:\/\/amip.az\/az\/\",\"name\":\"Az\u0259rbaycan Milli \u0130stiqlal Partiyas\u0131\",\"description\":\"AM\u0130P\",\"publisher\":{\"@id\":\"https:\/\/amip.az\/az\/#organization\"},\"potentialAction\":[{\"@type\":\"SearchAction\",\"target\":{\"@type\":\"EntryPoint\",\"urlTemplate\":\"https:\/\/amip.az\/az\/?s={search_term_string}\"},\"query-input\":{\"@type\":\"PropertyValueSpecification\",\"valueRequired\":true,\"valueName\":\"search_term_string\"}}],\"inLanguage\":\"az\"},{\"@type\":\"Organization\",\"@id\":\"https:\/\/amip.az\/az\/#organization\",\"name\":\"Az\u0259rbaycan Milli \u0130stiqlal Partiyas\u0131\",\"url\":\"https:\/\/amip.az\/az\/\",\"logo\":{\"@type\":\"ImageObject\",\"inLanguage\":\"az\",\"@id\":\"https:\/\/amip.az\/az\/#\/schema\/logo\/image\/\",\"url\":\"https:\/\/amip.az\/wp-content\/uploads\/2023\/06\/amiplogo.png\",\"contentUrl\":\"https:\/\/amip.az\/wp-content\/uploads\/2023\/06\/amiplogo.png\",\"width\":723,\"height\":423,\"caption\":\"Az\u0259rbaycan Milli \u0130stiqlal Partiyas\u0131\"},\"image\":{\"@id\":\"https:\/\/amip.az\/az\/#\/schema\/logo\/image\/\"},\"sameAs\":[\"https:\/\/www.facebook.com\/istiqlal91\",\"https:\/\/x.com\/APartiyas\",\"https:\/\/www.youtube.com\/channel\/UCF3pc8spko_xON2sr4vUC5A\"]}]}<\/script>\n<!-- \/ Yoast SEO plugin. -->","yoast_head_json":{"title":"Az\u0259rbaycan Milli \u0130stiqlal Partiyas\u0131n\u0131n m\u0259ramnam\u0259si - Az\u0259rbaycan Milli \u0130stiqlal Partiyas\u0131","robots":{"index":"index","follow":"follow","max-snippet":"max-snippet:-1","max-image-preview":"max-image-preview:large","max-video-preview":"max-video-preview:-1"},"canonical":"https:\/\/amip.az\/az\/az\u0259rbaycan-milli-istiqlal-partiyasinin-m\u0259ramnam\u0259si\/","og_locale":"az_AZ","og_type":"article","og_title":"Az\u0259rbaycan Milli \u0130stiqlal Partiyas\u0131n\u0131n m\u0259ramnam\u0259si - Az\u0259rbaycan Milli \u0130stiqlal Partiyas\u0131","og_description":"M\u0259qs\u0259dl\u0259r Az\u0259rbaycanda ilk yaranm\u0131\u015f partiya olaraq Az\u0259rbaycan Milli \u0130stiqlal Partiyas\u0131n\u0131n (AM\u0130P) \u0259n ali m\u0259qs\u0259di m\u00fcst\u0259qil, vahid, demokratik, q\u00fcdr\u0259tli Az\u0259rbaycan d\u00f6vl\u0259ti qurulmas\u0131na nail olmaq, bununla da Mill\u0259timizin tarix s\u0259hn\u0259sind\u0259ki \u015f\u0259r\u0259fli yerini \u00f6z\u00fcn\u0259 qaytarmaqd\u0131r. Mill\u0259tin m\u0259nafeyini h\u0259r \u015feyd\u0259n \u00fcst\u00fcn tutan Az\u0259rbaycan Milli \u0130stiqlal Partiyas\u0131: \u2022 Mill\u0259tin \u00f6z\u00fcn\u00fc idar\u0259 etm\u0259si z\u0259minind\u0259 h\u0259r hans\u0131 bir xarici d\u00f6vl\u0259t\u0259, yaxud d\u00f6vl\u0259tl\u0259r birliyin\u0259 m\u0259xsus siyasi q\u00fcvv\u0259l\u0259rin milli m\u0259nafey\u0259 zidd t\u0259sirind\u0259n azad olan v\u0259 yaln\u0131z xalq\u0131n s\u0259rb\u0259st irad\u0259si il\u0259 formala\u015fan milli hakimiyy\u0259t sistemi qurmaq u\u011frunda; \u2022 Mill\u0259t\u00e7ilik ideyas\u0131n\u0131n mill\u0259tin b\u00fct\u00fcn f\u0259rdl\u0259ri t\u0259r\u0259find\u0259n [&hellip;]","og_url":"https:\/\/amip.az\/az\/az\u0259rbaycan-milli-istiqlal-partiyasinin-m\u0259ramnam\u0259si\/","og_site_name":"Az\u0259rbaycan Milli \u0130stiqlal Partiyas\u0131","article_publisher":"https:\/\/www.facebook.com\/istiqlal91","article_modified_time":"2022-07-18T04:35:36+00:00","twitter_card":"summary_large_image","twitter_site":"@APartiyas","twitter_misc":{"Est. reading time":"8 minutes"},"schema":{"@context":"https:\/\/schema.org","@graph":[{"@type":"WebPage","@id":"https:\/\/amip.az\/az%c9%99rbaycan-milli-istiqlal-partiyasinin-m%c9%99ramnam%c9%99si\/","url":"https:\/\/amip.az\/az%c9%99rbaycan-milli-istiqlal-partiyasinin-m%c9%99ramnam%c9%99si\/","name":"Az\u0259rbaycan Milli \u0130stiqlal Partiyas\u0131n\u0131n m\u0259ramnam\u0259si - Az\u0259rbaycan Milli \u0130stiqlal Partiyas\u0131","isPartOf":{"@id":"https:\/\/amip.az\/az\/#website"},"datePublished":"2022-06-01T08:58:04+00:00","dateModified":"2022-07-18T04:35:36+00:00","breadcrumb":{"@id":"https:\/\/amip.az\/az%c9%99rbaycan-milli-istiqlal-partiyasinin-m%c9%99ramnam%c9%99si\/#breadcrumb"},"inLanguage":"az","potentialAction":[{"@type":"ReadAction","target":["https:\/\/amip.az\/az%c9%99rbaycan-milli-istiqlal-partiyasinin-m%c9%99ramnam%c9%99si\/"]}]},{"@type":"BreadcrumbList","@id":"https:\/\/amip.az\/az%c9%99rbaycan-milli-istiqlal-partiyasinin-m%c9%99ramnam%c9%99si\/#breadcrumb","itemListElement":[{"@type":"ListItem","position":1,"name":"Home","item":"https:\/\/amip.az\/"},{"@type":"ListItem","position":2,"name":"Az\u0259rbaycan Milli \u0130stiqlal Partiyas\u0131n\u0131n m\u0259ramnam\u0259si"}]},{"@type":"WebSite","@id":"https:\/\/amip.az\/az\/#website","url":"https:\/\/amip.az\/az\/","name":"Az\u0259rbaycan Milli \u0130stiqlal Partiyas\u0131","description":"AM\u0130P","publisher":{"@id":"https:\/\/amip.az\/az\/#organization"},"potentialAction":[{"@type":"SearchAction","target":{"@type":"EntryPoint","urlTemplate":"https:\/\/amip.az\/az\/?s={search_term_string}"},"query-input":{"@type":"PropertyValueSpecification","valueRequired":true,"valueName":"search_term_string"}}],"inLanguage":"az"},{"@type":"Organization","@id":"https:\/\/amip.az\/az\/#organization","name":"Az\u0259rbaycan Milli \u0130stiqlal Partiyas\u0131","url":"https:\/\/amip.az\/az\/","logo":{"@type":"ImageObject","inLanguage":"az","@id":"https:\/\/amip.az\/az\/#\/schema\/logo\/image\/","url":"https:\/\/amip.az\/wp-content\/uploads\/2023\/06\/amiplogo.png","contentUrl":"https:\/\/amip.az\/wp-content\/uploads\/2023\/06\/amiplogo.png","width":723,"height":423,"caption":"Az\u0259rbaycan Milli \u0130stiqlal Partiyas\u0131"},"image":{"@id":"https:\/\/amip.az\/az\/#\/schema\/logo\/image\/"},"sameAs":["https:\/\/www.facebook.com\/istiqlal91","https:\/\/x.com\/APartiyas","https:\/\/www.youtube.com\/channel\/UCF3pc8spko_xON2sr4vUC5A"]}]}},"_links":{"self":[{"href":"https:\/\/amip.az\/az\/wp-json\/wp\/v2\/pages\/4093","targetHints":{"allow":["GET"]}}],"collection":[{"href":"https:\/\/amip.az\/az\/wp-json\/wp\/v2\/pages"}],"about":[{"href":"https:\/\/amip.az\/az\/wp-json\/wp\/v2\/types\/page"}],"author":[{"embeddable":true,"href":"https:\/\/amip.az\/az\/wp-json\/wp\/v2\/users\/1"}],"replies":[{"embeddable":true,"href":"https:\/\/amip.az\/az\/wp-json\/wp\/v2\/comments?post=4093"}],"version-history":[{"count":9,"href":"https:\/\/amip.az\/az\/wp-json\/wp\/v2\/pages\/4093\/revisions"}],"predecessor-version":[{"id":5301,"href":"https:\/\/amip.az\/az\/wp-json\/wp\/v2\/pages\/4093\/revisions\/5301"}],"wp:attachment":[{"href":"https:\/\/amip.az\/az\/wp-json\/wp\/v2\/media?parent=4093"}],"curies":[{"name":"wp","href":"https:\/\/api.w.org\/{rel}","templated":true}]}}