{"id":4446,"date":"2022-06-14T08:51:40","date_gmt":"2022-06-14T04:51:40","guid":{"rendered":"https:\/\/vtstrt.mediadesigntech.com\/?page_id=4446"},"modified":"2022-07-18T09:47:23","modified_gmt":"2022-07-18T05:47:23","slug":"az%c9%99rbaycan-milli-istiqlal-partiyasi-s%c9%99drinin-siyasi-musaviri","status":"publish","type":"page","link":"https:\/\/amip.az\/az\/az%c9%99rbaycan-milli-istiqlal-partiyasi-s%c9%99drinin-siyasi-musaviri\/","title":{"rendered":"Az\u0259rbaycan Milli \u0130stiqlal Partiyas\u0131 s\u0259drinin m\u00fc\u015faviri"},"content":{"rendered":"\n<figure class=\"wp-block-image size-full\"><img loading=\"lazy\" decoding=\"async\" width=\"960\" height=\"720\" src=\"https:\/\/amip.az\/wp-content\/uploads\/2022\/06\/amip_ceyran_dursun_qizi_ansar_02_720.jpg\" alt=\"Ceyran Dursun q\u0131z\u0131 \u018fns\u0259r\" class=\"wp-image-4488\" srcset=\"https:\/\/amip.az\/wp-content\/uploads\/2022\/06\/amip_ceyran_dursun_qizi_ansar_02_720.jpg 960w, https:\/\/amip.az\/wp-content\/uploads\/2022\/06\/amip_ceyran_dursun_qizi_ansar_02_720-300x225.jpg 300w, https:\/\/amip.az\/wp-content\/uploads\/2022\/06\/amip_ceyran_dursun_qizi_ansar_02_720-768x576.jpg 768w, https:\/\/amip.az\/wp-content\/uploads\/2022\/06\/amip_ceyran_dursun_qizi_ansar_02_720-16x12.jpg 16w\" sizes=\"auto, (max-width: 960px) 100vw, 960px\" \/><\/figure>\n\n\n\n<p>Ceyran Dursun q\u0131z\u0131 \u018fns\u0259r, 25 yanvar 1956 \u2013 c\u0131 ild\u0259 indiki Erm\u0259nistan adlanan Q\u0259rbi Az\u0259rbaycan\u0131n Noyamberyan rayonunun ke\u00e7mi\u015f L\u0259mb\u0259li, indiki Baqrata\u015fen q\u0259s\u0259b\u0259sind\u0259 anadan olub.<\/p>\n\n\n\n<p>Baqrata\u015fen 2 N-li orta m\u0259kt\u0259bini bitirdikd\u0259n sonrq 1972\/73-c\u00fc ild\u0259 M. \u018f. Sabir ad\u0131na Pedoqoji M\u0259kt\u0259bin\u0259 daxil olub.<\/p>\n\n\n\n<p>1975\/76-c\u0131 ill\u0259rd\u0259 oran\u0131 bitirib Baqrata\u015fen 2 N-li orta m\u0259kt\u0259bind\u0259 m\u00fc\u0259llim i\u015fl\u0259yib.<\/p>\n\n\n\n<p>1988-ci ilin noyabr ay\u0131n\u0131n 25-d\u0259n m\u0259lum hadis\u0259l\u0259rl\u0259 ba\u011fl\u0131 rayon r\u0259hb\u0259rliyi t\u0259r\u0259find\u0259n d\u0259d\u0259-baba torpaqlar\u0131ndan silah g\u00fcc\u00fc il\u0259 zorla \u00e7\u0131xar\u0131laraq Az\u0259rbaycana deportasiya olunub.<\/p>\n\n\n\n<p>1989-cu ild\u0259n 2016-c\u0131 il\u0259d\u0259k &#8220;QAS\u0130D&#8221; ASC-d\u0259 \u015f\u00f6b\u0259 m\u00fcdiri i\u015fl\u0259yib.<\/p>\n\n\n\n<p>1989\u2013cu ild\u0259n Milli Azadl\u0131q H\u0259r\u0259kat\u0131na qo\u015fulub. \u00d6lk\u0259d\u0259 ilk yaranan siyasi partiyan\u0131n-Az\u0259rbaycan Milli \u0130stiqlal Partiyas\u0131n\u0131n yaranmas\u0131nda f\u0259al i\u015ftirak edib. Bir d\u0259f\u0259 proporsional, 1 d\u0259f\u0259 mojaritar se\u00e7ki sistemi il\u0259 Milli M\u0259clis\u0259, \u00fc\u00e7 d\u0259f\u0259 b\u0259l\u0259diyy\u0259 se\u00e7kisin\u0259 namiz\u0259d olub.<\/p>\n\n\n\n<p>Hal-haz\u0131rda AM\u0130P Siyasi \u015euras\u0131n\u0131n \u00fczv\u00fc, partiya s\u0259drinin m\u00fc\u015faviridir.<\/p>\n","protected":false},"excerpt":{"rendered":"<p>Ceyran Dursun q\u0131z\u0131 \u018fns\u0259r, 25 yanvar 1956 \u2013 c\u0131 ild\u0259 indiki Erm\u0259nistan adlanan Q\u0259rbi Az\u0259rbaycan\u0131n Noyamberyan rayonunun ke\u00e7mi\u015f L\u0259mb\u0259li, indiki Baqrata\u015fen q\u0259s\u0259b\u0259sind\u0259 anadan olub. Baqrata\u015fen 2 N-li orta m\u0259kt\u0259bini bitirdikd\u0259n sonrq 1972\/73-c\u00fc ild\u0259 M. \u018f. Sabir ad\u0131na Pedoqoji M\u0259kt\u0259bin\u0259 daxil olub. 1975\/76-c\u0131 ill\u0259rd\u0259 oran\u0131 bitirib Baqrata\u015fen 2 N-li orta m\u0259kt\u0259bind\u0259 m\u00fc\u0259llim i\u015fl\u0259yib. 1988-ci ilin noyabr ay\u0131n\u0131n 25-d\u0259n m\u0259lum hadis\u0259l\u0259rl\u0259 ba\u011fl\u0131 rayon r\u0259hb\u0259rliyi t\u0259r\u0259find\u0259n d\u0259d\u0259-baba torpaqlar\u0131ndan silah g\u00fcc\u00fc il\u0259 zorla \u00e7\u0131xar\u0131laraq Az\u0259rbaycana deportasiya olunub. 1989-cu ild\u0259n 2016-c\u0131 il\u0259d\u0259k &#8220;QAS\u0130D&#8221; ASC-d\u0259 \u015f\u00f6b\u0259 m\u00fcdiri i\u015fl\u0259yib. 1989\u2013cu ild\u0259n [&hellip;]<\/p>\n","protected":false},"author":1,"featured_media":0,"parent":0,"menu_order":0,"comment_status":"closed","ping_status":"closed","template":"","meta":{"footnotes":""},"class_list":["post-4446","page","type-page","status-publish","hentry"],"yoast_head":"<!-- This site is optimized with the Yoast SEO plugin v23.8 - https:\/\/yoast.com\/wordpress\/plugins\/seo\/ -->\n<title>Az\u0259rbaycan Milli \u0130stiqlal Partiyas\u0131 s\u0259drinin m\u00fc\u015faviri - Az\u0259rbaycan Milli \u0130stiqlal Partiyas\u0131<\/title>\n<meta name=\"robots\" content=\"index, follow, max-snippet:-1, max-image-preview:large, max-video-preview:-1\" \/>\n<link rel=\"canonical\" href=\"https:\/\/amip.az\/az\/az\u0259rbaycan-milli-istiqlal-partiyasi-s\u0259drinin-siyasi-musaviri\/\" \/>\n<meta property=\"og:locale\" content=\"az_AZ\" \/>\n<meta property=\"og:type\" content=\"article\" \/>\n<meta property=\"og:title\" content=\"Az\u0259rbaycan Milli \u0130stiqlal Partiyas\u0131 s\u0259drinin m\u00fc\u015faviri - Az\u0259rbaycan Milli \u0130stiqlal Partiyas\u0131\" \/>\n<meta property=\"og:description\" content=\"Ceyran Dursun q\u0131z\u0131 \u018fns\u0259r, 25 yanvar 1956 \u2013 c\u0131 ild\u0259 indiki Erm\u0259nistan adlanan Q\u0259rbi Az\u0259rbaycan\u0131n Noyamberyan rayonunun ke\u00e7mi\u015f L\u0259mb\u0259li, indiki Baqrata\u015fen q\u0259s\u0259b\u0259sind\u0259 anadan olub. Baqrata\u015fen 2 N-li orta m\u0259kt\u0259bini bitirdikd\u0259n sonrq 1972\/73-c\u00fc ild\u0259 M. \u018f. Sabir ad\u0131na Pedoqoji M\u0259kt\u0259bin\u0259 daxil olub. 1975\/76-c\u0131 ill\u0259rd\u0259 oran\u0131 bitirib Baqrata\u015fen 2 N-li orta m\u0259kt\u0259bind\u0259 m\u00fc\u0259llim i\u015fl\u0259yib. 1988-ci ilin noyabr ay\u0131n\u0131n 25-d\u0259n m\u0259lum hadis\u0259l\u0259rl\u0259 ba\u011fl\u0131 rayon r\u0259hb\u0259rliyi t\u0259r\u0259find\u0259n d\u0259d\u0259-baba torpaqlar\u0131ndan silah g\u00fcc\u00fc il\u0259 zorla \u00e7\u0131xar\u0131laraq Az\u0259rbaycana deportasiya olunub. 1989-cu ild\u0259n 2016-c\u0131 il\u0259d\u0259k &#8220;QAS\u0130D&#8221; ASC-d\u0259 \u015f\u00f6b\u0259 m\u00fcdiri i\u015fl\u0259yib. 1989\u2013cu ild\u0259n [&hellip;]\" \/>\n<meta property=\"og:url\" content=\"https:\/\/amip.az\/az\/az\u0259rbaycan-milli-istiqlal-partiyasi-s\u0259drinin-siyasi-musaviri\/\" \/>\n<meta property=\"og:site_name\" content=\"Az\u0259rbaycan Milli \u0130stiqlal Partiyas\u0131\" \/>\n<meta property=\"article:publisher\" content=\"https:\/\/www.facebook.com\/istiqlal91\" \/>\n<meta property=\"article:modified_time\" content=\"2022-07-18T05:47:23+00:00\" \/>\n<meta property=\"og:image\" content=\"https:\/\/amip.az\/wp-content\/uploads\/2022\/06\/amip_ceyran_dursun_qizi_ansar_02_720.jpg\" \/>\n<meta name=\"twitter:card\" content=\"summary_large_image\" \/>\n<meta name=\"twitter:site\" content=\"@APartiyas\" \/>\n<meta name=\"twitter:label1\" content=\"Est. reading time\" \/>\n\t<meta name=\"twitter:data1\" content=\"1 minute\" \/>\n<script type=\"application\/ld+json\" class=\"yoast-schema-graph\">{\"@context\":\"https:\/\/schema.org\",\"@graph\":[{\"@type\":\"WebPage\",\"@id\":\"https:\/\/amip.az\/az%c9%99rbaycan-milli-istiqlal-partiyasi-s%c9%99drinin-siyasi-musaviri\/\",\"url\":\"https:\/\/amip.az\/az%c9%99rbaycan-milli-istiqlal-partiyasi-s%c9%99drinin-siyasi-musaviri\/\",\"name\":\"Az\u0259rbaycan Milli \u0130stiqlal Partiyas\u0131 s\u0259drinin m\u00fc\u015faviri - Az\u0259rbaycan Milli \u0130stiqlal Partiyas\u0131\",\"isPartOf\":{\"@id\":\"https:\/\/amip.az\/az\/#website\"},\"primaryImageOfPage\":{\"@id\":\"https:\/\/amip.az\/az%c9%99rbaycan-milli-istiqlal-partiyasi-s%c9%99drinin-siyasi-musaviri\/#primaryimage\"},\"image\":{\"@id\":\"https:\/\/amip.az\/az%c9%99rbaycan-milli-istiqlal-partiyasi-s%c9%99drinin-siyasi-musaviri\/#primaryimage\"},\"thumbnailUrl\":\"https:\/\/amip.az\/wp-content\/uploads\/2022\/06\/amip_ceyran_dursun_qizi_ansar_02_720.jpg\",\"datePublished\":\"2022-06-14T04:51:40+00:00\",\"dateModified\":\"2022-07-18T05:47:23+00:00\",\"breadcrumb\":{\"@id\":\"https:\/\/amip.az\/az%c9%99rbaycan-milli-istiqlal-partiyasi-s%c9%99drinin-siyasi-musaviri\/#breadcrumb\"},\"inLanguage\":\"az\",\"potentialAction\":[{\"@type\":\"ReadAction\",\"target\":[\"https:\/\/amip.az\/az%c9%99rbaycan-milli-istiqlal-partiyasi-s%c9%99drinin-siyasi-musaviri\/\"]}]},{\"@type\":\"ImageObject\",\"inLanguage\":\"az\",\"@id\":\"https:\/\/amip.az\/az%c9%99rbaycan-milli-istiqlal-partiyasi-s%c9%99drinin-siyasi-musaviri\/#primaryimage\",\"url\":\"https:\/\/amip.az\/wp-content\/uploads\/2022\/06\/amip_ceyran_dursun_qizi_ansar_02_720.jpg\",\"contentUrl\":\"https:\/\/amip.az\/wp-content\/uploads\/2022\/06\/amip_ceyran_dursun_qizi_ansar_02_720.jpg\"},{\"@type\":\"BreadcrumbList\",\"@id\":\"https:\/\/amip.az\/az%c9%99rbaycan-milli-istiqlal-partiyasi-s%c9%99drinin-siyasi-musaviri\/#breadcrumb\",\"itemListElement\":[{\"@type\":\"ListItem\",\"position\":1,\"name\":\"Home\",\"item\":\"https:\/\/amip.az\/\"},{\"@type\":\"ListItem\",\"position\":2,\"name\":\"Az\u0259rbaycan Milli \u0130stiqlal Partiyas\u0131 s\u0259drinin m\u00fc\u015faviri\"}]},{\"@type\":\"WebSite\",\"@id\":\"https:\/\/amip.az\/az\/#website\",\"url\":\"https:\/\/amip.az\/az\/\",\"name\":\"Az\u0259rbaycan Milli \u0130stiqlal Partiyas\u0131\",\"description\":\"AM\u0130P\",\"publisher\":{\"@id\":\"https:\/\/amip.az\/az\/#organization\"},\"potentialAction\":[{\"@type\":\"SearchAction\",\"target\":{\"@type\":\"EntryPoint\",\"urlTemplate\":\"https:\/\/amip.az\/az\/?s={search_term_string}\"},\"query-input\":{\"@type\":\"PropertyValueSpecification\",\"valueRequired\":true,\"valueName\":\"search_term_string\"}}],\"inLanguage\":\"az\"},{\"@type\":\"Organization\",\"@id\":\"https:\/\/amip.az\/az\/#organization\",\"name\":\"Az\u0259rbaycan Milli \u0130stiqlal Partiyas\u0131\",\"url\":\"https:\/\/amip.az\/az\/\",\"logo\":{\"@type\":\"ImageObject\",\"inLanguage\":\"az\",\"@id\":\"https:\/\/amip.az\/az\/#\/schema\/logo\/image\/\",\"url\":\"https:\/\/amip.az\/wp-content\/uploads\/2023\/06\/amiplogo.png\",\"contentUrl\":\"https:\/\/amip.az\/wp-content\/uploads\/2023\/06\/amiplogo.png\",\"width\":723,\"height\":423,\"caption\":\"Az\u0259rbaycan Milli \u0130stiqlal Partiyas\u0131\"},\"image\":{\"@id\":\"https:\/\/amip.az\/az\/#\/schema\/logo\/image\/\"},\"sameAs\":[\"https:\/\/www.facebook.com\/istiqlal91\",\"https:\/\/x.com\/APartiyas\",\"https:\/\/www.youtube.com\/channel\/UCF3pc8spko_xON2sr4vUC5A\"]}]}<\/script>\n<!-- \/ Yoast SEO plugin. -->","yoast_head_json":{"title":"Az\u0259rbaycan Milli \u0130stiqlal Partiyas\u0131 s\u0259drinin m\u00fc\u015faviri - Az\u0259rbaycan Milli \u0130stiqlal Partiyas\u0131","robots":{"index":"index","follow":"follow","max-snippet":"max-snippet:-1","max-image-preview":"max-image-preview:large","max-video-preview":"max-video-preview:-1"},"canonical":"https:\/\/amip.az\/az\/az\u0259rbaycan-milli-istiqlal-partiyasi-s\u0259drinin-siyasi-musaviri\/","og_locale":"az_AZ","og_type":"article","og_title":"Az\u0259rbaycan Milli \u0130stiqlal Partiyas\u0131 s\u0259drinin m\u00fc\u015faviri - Az\u0259rbaycan Milli \u0130stiqlal Partiyas\u0131","og_description":"Ceyran Dursun q\u0131z\u0131 \u018fns\u0259r, 25 yanvar 1956 \u2013 c\u0131 ild\u0259 indiki Erm\u0259nistan adlanan Q\u0259rbi Az\u0259rbaycan\u0131n Noyamberyan rayonunun ke\u00e7mi\u015f L\u0259mb\u0259li, indiki Baqrata\u015fen q\u0259s\u0259b\u0259sind\u0259 anadan olub. Baqrata\u015fen 2 N-li orta m\u0259kt\u0259bini bitirdikd\u0259n sonrq 1972\/73-c\u00fc ild\u0259 M. \u018f. Sabir ad\u0131na Pedoqoji M\u0259kt\u0259bin\u0259 daxil olub. 1975\/76-c\u0131 ill\u0259rd\u0259 oran\u0131 bitirib Baqrata\u015fen 2 N-li orta m\u0259kt\u0259bind\u0259 m\u00fc\u0259llim i\u015fl\u0259yib. 1988-ci ilin noyabr ay\u0131n\u0131n 25-d\u0259n m\u0259lum hadis\u0259l\u0259rl\u0259 ba\u011fl\u0131 rayon r\u0259hb\u0259rliyi t\u0259r\u0259find\u0259n d\u0259d\u0259-baba torpaqlar\u0131ndan silah g\u00fcc\u00fc il\u0259 zorla \u00e7\u0131xar\u0131laraq Az\u0259rbaycana deportasiya olunub. 1989-cu ild\u0259n 2016-c\u0131 il\u0259d\u0259k &#8220;QAS\u0130D&#8221; ASC-d\u0259 \u015f\u00f6b\u0259 m\u00fcdiri i\u015fl\u0259yib. 1989\u2013cu ild\u0259n [&hellip;]","og_url":"https:\/\/amip.az\/az\/az\u0259rbaycan-milli-istiqlal-partiyasi-s\u0259drinin-siyasi-musaviri\/","og_site_name":"Az\u0259rbaycan Milli \u0130stiqlal Partiyas\u0131","article_publisher":"https:\/\/www.facebook.com\/istiqlal91","article_modified_time":"2022-07-18T05:47:23+00:00","og_image":[{"url":"https:\/\/amip.az\/wp-content\/uploads\/2022\/06\/amip_ceyran_dursun_qizi_ansar_02_720.jpg"}],"twitter_card":"summary_large_image","twitter_site":"@APartiyas","twitter_misc":{"Est. reading time":"1 minute"},"schema":{"@context":"https:\/\/schema.org","@graph":[{"@type":"WebPage","@id":"https:\/\/amip.az\/az%c9%99rbaycan-milli-istiqlal-partiyasi-s%c9%99drinin-siyasi-musaviri\/","url":"https:\/\/amip.az\/az%c9%99rbaycan-milli-istiqlal-partiyasi-s%c9%99drinin-siyasi-musaviri\/","name":"Az\u0259rbaycan Milli \u0130stiqlal Partiyas\u0131 s\u0259drinin m\u00fc\u015faviri - Az\u0259rbaycan Milli \u0130stiqlal Partiyas\u0131","isPartOf":{"@id":"https:\/\/amip.az\/az\/#website"},"primaryImageOfPage":{"@id":"https:\/\/amip.az\/az%c9%99rbaycan-milli-istiqlal-partiyasi-s%c9%99drinin-siyasi-musaviri\/#primaryimage"},"image":{"@id":"https:\/\/amip.az\/az%c9%99rbaycan-milli-istiqlal-partiyasi-s%c9%99drinin-siyasi-musaviri\/#primaryimage"},"thumbnailUrl":"https:\/\/amip.az\/wp-content\/uploads\/2022\/06\/amip_ceyran_dursun_qizi_ansar_02_720.jpg","datePublished":"2022-06-14T04:51:40+00:00","dateModified":"2022-07-18T05:47:23+00:00","breadcrumb":{"@id":"https:\/\/amip.az\/az%c9%99rbaycan-milli-istiqlal-partiyasi-s%c9%99drinin-siyasi-musaviri\/#breadcrumb"},"inLanguage":"az","potentialAction":[{"@type":"ReadAction","target":["https:\/\/amip.az\/az%c9%99rbaycan-milli-istiqlal-partiyasi-s%c9%99drinin-siyasi-musaviri\/"]}]},{"@type":"ImageObject","inLanguage":"az","@id":"https:\/\/amip.az\/az%c9%99rbaycan-milli-istiqlal-partiyasi-s%c9%99drinin-siyasi-musaviri\/#primaryimage","url":"https:\/\/amip.az\/wp-content\/uploads\/2022\/06\/amip_ceyran_dursun_qizi_ansar_02_720.jpg","contentUrl":"https:\/\/amip.az\/wp-content\/uploads\/2022\/06\/amip_ceyran_dursun_qizi_ansar_02_720.jpg"},{"@type":"BreadcrumbList","@id":"https:\/\/amip.az\/az%c9%99rbaycan-milli-istiqlal-partiyasi-s%c9%99drinin-siyasi-musaviri\/#breadcrumb","itemListElement":[{"@type":"ListItem","position":1,"name":"Home","item":"https:\/\/amip.az\/"},{"@type":"ListItem","position":2,"name":"Az\u0259rbaycan Milli \u0130stiqlal Partiyas\u0131 s\u0259drinin m\u00fc\u015faviri"}]},{"@type":"WebSite","@id":"https:\/\/amip.az\/az\/#website","url":"https:\/\/amip.az\/az\/","name":"Az\u0259rbaycan Milli \u0130stiqlal Partiyas\u0131","description":"AM\u0130P","publisher":{"@id":"https:\/\/amip.az\/az\/#organization"},"potentialAction":[{"@type":"SearchAction","target":{"@type":"EntryPoint","urlTemplate":"https:\/\/amip.az\/az\/?s={search_term_string}"},"query-input":{"@type":"PropertyValueSpecification","valueRequired":true,"valueName":"search_term_string"}}],"inLanguage":"az"},{"@type":"Organization","@id":"https:\/\/amip.az\/az\/#organization","name":"Az\u0259rbaycan Milli \u0130stiqlal Partiyas\u0131","url":"https:\/\/amip.az\/az\/","logo":{"@type":"ImageObject","inLanguage":"az","@id":"https:\/\/amip.az\/az\/#\/schema\/logo\/image\/","url":"https:\/\/amip.az\/wp-content\/uploads\/2023\/06\/amiplogo.png","contentUrl":"https:\/\/amip.az\/wp-content\/uploads\/2023\/06\/amiplogo.png","width":723,"height":423,"caption":"Az\u0259rbaycan Milli \u0130stiqlal Partiyas\u0131"},"image":{"@id":"https:\/\/amip.az\/az\/#\/schema\/logo\/image\/"},"sameAs":["https:\/\/www.facebook.com\/istiqlal91","https:\/\/x.com\/APartiyas","https:\/\/www.youtube.com\/channel\/UCF3pc8spko_xON2sr4vUC5A"]}]}},"_links":{"self":[{"href":"https:\/\/amip.az\/az\/wp-json\/wp\/v2\/pages\/4446","targetHints":{"allow":["GET"]}}],"collection":[{"href":"https:\/\/amip.az\/az\/wp-json\/wp\/v2\/pages"}],"about":[{"href":"https:\/\/amip.az\/az\/wp-json\/wp\/v2\/types\/page"}],"author":[{"embeddable":true,"href":"https:\/\/amip.az\/az\/wp-json\/wp\/v2\/users\/1"}],"replies":[{"embeddable":true,"href":"https:\/\/amip.az\/az\/wp-json\/wp\/v2\/comments?post=4446"}],"version-history":[{"count":5,"href":"https:\/\/amip.az\/az\/wp-json\/wp\/v2\/pages\/4446\/revisions"}],"predecessor-version":[{"id":5337,"href":"https:\/\/amip.az\/az\/wp-json\/wp\/v2\/pages\/4446\/revisions\/5337"}],"wp:attachment":[{"href":"https:\/\/amip.az\/az\/wp-json\/wp\/v2\/media?parent=4446"}],"curies":[{"name":"wp","href":"https:\/\/api.w.org\/{rel}","templated":true}]}}