{"id":4458,"date":"2022-06-14T10:01:02","date_gmt":"2022-06-14T06:01:02","guid":{"rendered":"https:\/\/vtstrt.mediadesigntech.com\/?page_id=4458"},"modified":"2026-04-11T13:36:27","modified_gmt":"2026-04-11T09:36:27","slug":"az%c9%99rbaycan-milli-istiqlal-partiyasinin-m%c9%99rk%c9%99zi-intizam-n%c9%99zar%c9%99ti-komissiyasi","status":"publish","type":"page","link":"https:\/\/amip.az\/az\/az%c9%99rbaycan-milli-istiqlal-partiyasinin-m%c9%99rk%c9%99zi-intizam-n%c9%99zar%c9%99ti-komissiyasi\/","title":{"rendered":"Az\u0259rbaycan Milli \u0130stiqlal Partiyas\u0131 M\u0259rk\u0259zi \u0130ntizam\u00a0N\u0259zar\u0259ti Komissiyas\u0131n\u0131n \u00fczvl\u0259ri"},"content":{"rendered":"\n<h4 class=\"wp-block-heading\">1. Maarif \u018fs\u0259d o\u011flu Abbasov, S\u0259dr<\/h4>\n\n\n\n<figure class=\"wp-block-image size-full\"><img loading=\"lazy\" decoding=\"async\" width=\"960\" height=\"530\" src=\"https:\/\/amip.az\/wp-content\/uploads\/2022\/06\/amip_maarif_asad_oglu_abbasov_01_530.jpg\" alt=\"Maarif \u018fs\u0259d o\u011flu Abbasov\" class=\"wp-image-4864\" srcset=\"https:\/\/amip.az\/wp-content\/uploads\/2022\/06\/amip_maarif_asad_oglu_abbasov_01_530.jpg 960w, https:\/\/amip.az\/wp-content\/uploads\/2022\/06\/amip_maarif_asad_oglu_abbasov_01_530-300x166.jpg 300w, https:\/\/amip.az\/wp-content\/uploads\/2022\/06\/amip_maarif_asad_oglu_abbasov_01_530-768x424.jpg 768w, https:\/\/amip.az\/wp-content\/uploads\/2022\/06\/amip_maarif_asad_oglu_abbasov_01_530-18x10.jpg 18w\" sizes=\"auto, (max-width: 960px) 100vw, 960px\" \/><\/figure>\n\n\n\n<p>Maarif \u018fs\u0259d o\u011flu Abbasov 04.05.1964-c\u00fc ild\u0259 Salyan \u015f\u0259h\u0259rind\u0259 anadan olub.<\/p>\n\n\n\n<p>1982-1984-c\u00fc ill\u0259rd\u0259 Ordu s\u0131ralar\u0131nda h\u0259rbi xidm\u0259t ke\u00e7ib.<\/p>\n\n\n\n<p>1985-1991-ci ill\u0259rd\u0259 Az\u0259rbaycan Politexnik \u0130nstitutunda ali t\u0259hsil al\u0131b.<\/p>\n\n\n\n<p>1984-2000-ci ll\u0259d\u0259k Bak\u0131 Elektrik Ma\u015f\u0131nqay\u0131rma zavodunda \u00e7al\u0131\u015f\u0131b. 2000-2010-cu ill\u0259r m\u00fcxt\u0259lif \u015firk\u0259tl\u0259rd\u0259 \u0259m\u0259k f\u0259aliyy\u0259ti il\u0259 m\u0259\u015f\u011ful olub. 2016-c\u0131 ild\u0259n Az\u0259rbaycan Avtomobil Yollar\u0131 D\u00f6vl\u0259t Agentliyinin 14N-li X\u00fcsusi T\u0259yinatl\u0131 Yol \u0130stismar\u0131 MMC-d\u0259 m\u00fch\u0259ndis i\u015fl\u0259yir.<\/p>\n\n\n\n<p>\u018fn g\u0259nc ya\u015flar\u0131ndan \u00f6nc\u00fcl siyasi f\u0259aliyy\u0259t\u0259 qo\u015fulub. Maarif Abbasov 1987-ci ild\u0259 o zamank\u0131 SSR\u0130 r\u0259hb\u0259ri Mixail Qorba\u00e7ovun m\u00fc\u015faviri Aqanbekyan\u0131n Parisd\u0259 Fransa Erm\u0259ni \u0130nstitutunda Qaraba\u011f\u0131n Az\u0259rbaycana deyil &#8220;Erm\u0259nistana&#8221; aid olmas\u0131 s\u00f6zl\u0259rin\u0259 ilk yaz\u0131l\u0131 etiraz ed\u0259n g\u0259ncl\u0259rd\u0259n biri olmu\u015fdur. 1991-ci ild\u0259 Az\u0259rbaycan Milli \u0130stiqlal Partiyas\u0131n\u0131n quruculu\u011fu ill\u0259rind\u0259n indiy\u0259d\u0259k Maarif Abbasov partiya Qurultaylar\u0131n\u0131n ham\u0131s\u0131nda n\u00fcmay\u0259nd\u0259 se\u00e7ilmi\u015fdir. Hal haz\u0131rda AM\u0130P s\u0131ras\u0131nda aktiv siyasi f\u0259aliyy\u0259tini u\u011furla davam etdirir.<\/p>\n\n\n\n<p>Ail\u0259lidir 2 \u00f6vlad\u0131 var.<\/p>\n\n\n\n<h4 class=\"wp-block-heading\">2. Abdullayeva Lal\u0259 \u018fs\u0259d q\u0131z\u0131 &#8211; \u00dczv<\/h4>\n\n\n\n<h4 class=\"wp-block-heading\">3. \u018fbd\u00fcr\u0259hmanov B\u0259kir \u018fhm\u0259d o\u011flu &#8211; \u00dczv<\/h4>\n\n\n\n<h4 class=\"wp-block-heading\">4.\u018fliyeva R\u0259hil\u0259 Adil q\u0131z\u0131 &#8211; \u00dczv<\/h4>\n\n\n\n<h4 class=\"wp-block-heading\">5. \u018fliyev Lo\u011fman Allahver\u0259n o\u011flu &#8211; \u00dczv<\/h4>\n\n\n\n<h4 class=\"wp-block-heading\">6. H\u0259s\u0259nov \u0130lham \u0130srail o\u011flu &#8211; \u00dczv<\/h4>\n\n\n\n<h4 class=\"wp-block-heading\">7. \u0130lyasova G\u00fcl\u015f\u0259n El\u015f\u0259n q\u0131z\u0131 -\u00dczvl\u00fcy\u0259 namiz\u0259d<\/h4>\n\n\n\n<h4 class=\"wp-block-heading\"><strong>8. Qarayev M\u00fcbariz H\u00fcseyn o\u011flu<\/strong> &#8211;<strong>\u00dczvl\u00fcy\u0259 namiz\u0259d<\/strong><\/h4>\n\n\n\n<h4 class=\"wp-block-heading\"><strong>9. Qarayev Xo\u015fb\u0259xt \u018flibala o\u011flu<\/strong> &#8211; <strong>\u00dczvl\u00fcy\u0259 namiz\u0259d<\/strong><\/h4>\n\n\n\n<p><\/p>\n","protected":false},"excerpt":{"rendered":"<p>1. Maarif \u018fs\u0259d o\u011flu Abbasov, S\u0259dr Maarif \u018fs\u0259d o\u011flu Abbasov 04.05.1964-c\u00fc ild\u0259 Salyan \u015f\u0259h\u0259rind\u0259 anadan olub. 1982-1984-c\u00fc ill\u0259rd\u0259 Ordu s\u0131ralar\u0131nda h\u0259rbi xidm\u0259t ke\u00e7ib. 1985-1991-ci ill\u0259rd\u0259 Az\u0259rbaycan Politexnik \u0130nstitutunda ali t\u0259hsil al\u0131b. 1984-2000-ci ll\u0259d\u0259k Bak\u0131 Elektrik Ma\u015f\u0131nqay\u0131rma zavodunda \u00e7al\u0131\u015f\u0131b. 2000-2010-cu ill\u0259r m\u00fcxt\u0259lif \u015firk\u0259tl\u0259rd\u0259 \u0259m\u0259k f\u0259aliyy\u0259ti il\u0259 m\u0259\u015f\u011ful olub. 2016-c\u0131 ild\u0259n Az\u0259rbaycan Avtomobil Yollar\u0131 D\u00f6vl\u0259t Agentliyinin 14N-li X\u00fcsusi T\u0259yinatl\u0131 Yol \u0130stismar\u0131 MMC-d\u0259 m\u00fch\u0259ndis i\u015fl\u0259yir. \u018fn g\u0259nc ya\u015flar\u0131ndan \u00f6nc\u00fcl siyasi f\u0259aliyy\u0259t\u0259 qo\u015fulub. Maarif Abbasov 1987-ci ild\u0259 o zamank\u0131 SSR\u0130 r\u0259hb\u0259ri Mixail Qorba\u00e7ovun m\u00fc\u015faviri Aqanbekyan\u0131n Parisd\u0259 Fransa Erm\u0259ni [&hellip;]<\/p>\n","protected":false},"author":1,"featured_media":0,"parent":0,"menu_order":0,"comment_status":"closed","ping_status":"closed","template":"","meta":{"footnotes":""},"class_list":["post-4458","page","type-page","status-publish","hentry"],"yoast_head":"<!-- This site is optimized with the Yoast SEO plugin v23.8 - https:\/\/yoast.com\/wordpress\/plugins\/seo\/ -->\n<title>Az\u0259rbaycan Milli \u0130stiqlal Partiyas\u0131 M\u0259rk\u0259zi \u0130ntizam\u00a0N\u0259zar\u0259ti Komissiyas\u0131n\u0131n \u00fczvl\u0259ri - Az\u0259rbaycan Milli \u0130stiqlal Partiyas\u0131<\/title>\n<meta name=\"robots\" content=\"index, follow, max-snippet:-1, max-image-preview:large, max-video-preview:-1\" \/>\n<link rel=\"canonical\" href=\"https:\/\/amip.az\/az\/az\u0259rbaycan-milli-istiqlal-partiyasinin-m\u0259rk\u0259zi-intizam-n\u0259zar\u0259ti-komissiyasi\/\" \/>\n<meta property=\"og:locale\" content=\"az_AZ\" \/>\n<meta property=\"og:type\" content=\"article\" \/>\n<meta property=\"og:title\" content=\"Az\u0259rbaycan Milli \u0130stiqlal Partiyas\u0131 M\u0259rk\u0259zi \u0130ntizam\u00a0N\u0259zar\u0259ti Komissiyas\u0131n\u0131n \u00fczvl\u0259ri - Az\u0259rbaycan Milli \u0130stiqlal Partiyas\u0131\" \/>\n<meta property=\"og:description\" content=\"1. Maarif \u018fs\u0259d o\u011flu Abbasov, S\u0259dr Maarif \u018fs\u0259d o\u011flu Abbasov 04.05.1964-c\u00fc ild\u0259 Salyan \u015f\u0259h\u0259rind\u0259 anadan olub. 1982-1984-c\u00fc ill\u0259rd\u0259 Ordu s\u0131ralar\u0131nda h\u0259rbi xidm\u0259t ke\u00e7ib. 1985-1991-ci ill\u0259rd\u0259 Az\u0259rbaycan Politexnik \u0130nstitutunda ali t\u0259hsil al\u0131b. 1984-2000-ci ll\u0259d\u0259k Bak\u0131 Elektrik Ma\u015f\u0131nqay\u0131rma zavodunda \u00e7al\u0131\u015f\u0131b. 2000-2010-cu ill\u0259r m\u00fcxt\u0259lif \u015firk\u0259tl\u0259rd\u0259 \u0259m\u0259k f\u0259aliyy\u0259ti il\u0259 m\u0259\u015f\u011ful olub. 2016-c\u0131 ild\u0259n Az\u0259rbaycan Avtomobil Yollar\u0131 D\u00f6vl\u0259t Agentliyinin 14N-li X\u00fcsusi T\u0259yinatl\u0131 Yol \u0130stismar\u0131 MMC-d\u0259 m\u00fch\u0259ndis i\u015fl\u0259yir. \u018fn g\u0259nc ya\u015flar\u0131ndan \u00f6nc\u00fcl siyasi f\u0259aliyy\u0259t\u0259 qo\u015fulub. Maarif Abbasov 1987-ci ild\u0259 o zamank\u0131 SSR\u0130 r\u0259hb\u0259ri Mixail Qorba\u00e7ovun m\u00fc\u015faviri Aqanbekyan\u0131n Parisd\u0259 Fransa Erm\u0259ni [&hellip;]\" \/>\n<meta property=\"og:url\" content=\"https:\/\/amip.az\/az\/az\u0259rbaycan-milli-istiqlal-partiyasinin-m\u0259rk\u0259zi-intizam-n\u0259zar\u0259ti-komissiyasi\/\" \/>\n<meta property=\"og:site_name\" content=\"Az\u0259rbaycan Milli \u0130stiqlal Partiyas\u0131\" \/>\n<meta property=\"article:publisher\" content=\"https:\/\/www.facebook.com\/istiqlal91\" \/>\n<meta property=\"article:modified_time\" content=\"2026-04-11T09:36:27+00:00\" \/>\n<meta property=\"og:image\" content=\"https:\/\/amip.az\/wp-content\/uploads\/2022\/06\/amip_maarif_asad_oglu_abbasov_01_530.jpg\" \/>\n\t<meta property=\"og:image:width\" content=\"960\" \/>\n\t<meta property=\"og:image:height\" content=\"530\" \/>\n\t<meta property=\"og:image:type\" content=\"image\/jpeg\" \/>\n<meta name=\"twitter:card\" content=\"summary_large_image\" \/>\n<meta name=\"twitter:site\" content=\"@APartiyas\" \/>\n<meta name=\"twitter:label1\" content=\"Est. reading time\" \/>\n\t<meta name=\"twitter:data1\" content=\"2 minutes\" \/>\n<script type=\"application\/ld+json\" class=\"yoast-schema-graph\">{\"@context\":\"https:\/\/schema.org\",\"@graph\":[{\"@type\":\"WebPage\",\"@id\":\"https:\/\/amip.az\/az%c9%99rbaycan-milli-istiqlal-partiyasinin-m%c9%99rk%c9%99zi-intizam-n%c9%99zar%c9%99ti-komissiyasi\/\",\"url\":\"https:\/\/amip.az\/az%c9%99rbaycan-milli-istiqlal-partiyasinin-m%c9%99rk%c9%99zi-intizam-n%c9%99zar%c9%99ti-komissiyasi\/\",\"name\":\"Az\u0259rbaycan Milli \u0130stiqlal Partiyas\u0131 M\u0259rk\u0259zi \u0130ntizam\u00a0N\u0259zar\u0259ti Komissiyas\u0131n\u0131n \u00fczvl\u0259ri - Az\u0259rbaycan Milli \u0130stiqlal Partiyas\u0131\",\"isPartOf\":{\"@id\":\"https:\/\/amip.az\/az\/#website\"},\"primaryImageOfPage\":{\"@id\":\"https:\/\/amip.az\/az%c9%99rbaycan-milli-istiqlal-partiyasinin-m%c9%99rk%c9%99zi-intizam-n%c9%99zar%c9%99ti-komissiyasi\/#primaryimage\"},\"image\":{\"@id\":\"https:\/\/amip.az\/az%c9%99rbaycan-milli-istiqlal-partiyasinin-m%c9%99rk%c9%99zi-intizam-n%c9%99zar%c9%99ti-komissiyasi\/#primaryimage\"},\"thumbnailUrl\":\"https:\/\/amip.az\/wp-content\/uploads\/2022\/06\/amip_maarif_asad_oglu_abbasov_01_530.jpg\",\"datePublished\":\"2022-06-14T06:01:02+00:00\",\"dateModified\":\"2026-04-11T09:36:27+00:00\",\"breadcrumb\":{\"@id\":\"https:\/\/amip.az\/az%c9%99rbaycan-milli-istiqlal-partiyasinin-m%c9%99rk%c9%99zi-intizam-n%c9%99zar%c9%99ti-komissiyasi\/#breadcrumb\"},\"inLanguage\":\"az\",\"potentialAction\":[{\"@type\":\"ReadAction\",\"target\":[\"https:\/\/amip.az\/az%c9%99rbaycan-milli-istiqlal-partiyasinin-m%c9%99rk%c9%99zi-intizam-n%c9%99zar%c9%99ti-komissiyasi\/\"]}]},{\"@type\":\"ImageObject\",\"inLanguage\":\"az\",\"@id\":\"https:\/\/amip.az\/az%c9%99rbaycan-milli-istiqlal-partiyasinin-m%c9%99rk%c9%99zi-intizam-n%c9%99zar%c9%99ti-komissiyasi\/#primaryimage\",\"url\":\"https:\/\/amip.az\/wp-content\/uploads\/2022\/06\/amip_maarif_asad_oglu_abbasov_01_530.jpg\",\"contentUrl\":\"https:\/\/amip.az\/wp-content\/uploads\/2022\/06\/amip_maarif_asad_oglu_abbasov_01_530.jpg\"},{\"@type\":\"BreadcrumbList\",\"@id\":\"https:\/\/amip.az\/az%c9%99rbaycan-milli-istiqlal-partiyasinin-m%c9%99rk%c9%99zi-intizam-n%c9%99zar%c9%99ti-komissiyasi\/#breadcrumb\",\"itemListElement\":[{\"@type\":\"ListItem\",\"position\":1,\"name\":\"Home\",\"item\":\"https:\/\/amip.az\/\"},{\"@type\":\"ListItem\",\"position\":2,\"name\":\"Az\u0259rbaycan Milli \u0130stiqlal Partiyas\u0131 M\u0259rk\u0259zi \u0130ntizam\u00a0N\u0259zar\u0259ti Komissiyas\u0131n\u0131n \u00fczvl\u0259ri\"}]},{\"@type\":\"WebSite\",\"@id\":\"https:\/\/amip.az\/az\/#website\",\"url\":\"https:\/\/amip.az\/az\/\",\"name\":\"Az\u0259rbaycan Milli \u0130stiqlal Partiyas\u0131\",\"description\":\"AM\u0130P\",\"publisher\":{\"@id\":\"https:\/\/amip.az\/az\/#organization\"},\"potentialAction\":[{\"@type\":\"SearchAction\",\"target\":{\"@type\":\"EntryPoint\",\"urlTemplate\":\"https:\/\/amip.az\/az\/?s={search_term_string}\"},\"query-input\":{\"@type\":\"PropertyValueSpecification\",\"valueRequired\":true,\"valueName\":\"search_term_string\"}}],\"inLanguage\":\"az\"},{\"@type\":\"Organization\",\"@id\":\"https:\/\/amip.az\/az\/#organization\",\"name\":\"Az\u0259rbaycan Milli \u0130stiqlal Partiyas\u0131\",\"url\":\"https:\/\/amip.az\/az\/\",\"logo\":{\"@type\":\"ImageObject\",\"inLanguage\":\"az\",\"@id\":\"https:\/\/amip.az\/az\/#\/schema\/logo\/image\/\",\"url\":\"https:\/\/amip.az\/wp-content\/uploads\/2023\/06\/amiplogo.png\",\"contentUrl\":\"https:\/\/amip.az\/wp-content\/uploads\/2023\/06\/amiplogo.png\",\"width\":723,\"height\":423,\"caption\":\"Az\u0259rbaycan Milli \u0130stiqlal Partiyas\u0131\"},\"image\":{\"@id\":\"https:\/\/amip.az\/az\/#\/schema\/logo\/image\/\"},\"sameAs\":[\"https:\/\/www.facebook.com\/istiqlal91\",\"https:\/\/x.com\/APartiyas\",\"https:\/\/www.youtube.com\/channel\/UCF3pc8spko_xON2sr4vUC5A\"]}]}<\/script>\n<!-- \/ Yoast SEO plugin. -->","yoast_head_json":{"title":"Az\u0259rbaycan Milli \u0130stiqlal Partiyas\u0131 M\u0259rk\u0259zi \u0130ntizam\u00a0N\u0259zar\u0259ti Komissiyas\u0131n\u0131n \u00fczvl\u0259ri - Az\u0259rbaycan Milli \u0130stiqlal Partiyas\u0131","robots":{"index":"index","follow":"follow","max-snippet":"max-snippet:-1","max-image-preview":"max-image-preview:large","max-video-preview":"max-video-preview:-1"},"canonical":"https:\/\/amip.az\/az\/az\u0259rbaycan-milli-istiqlal-partiyasinin-m\u0259rk\u0259zi-intizam-n\u0259zar\u0259ti-komissiyasi\/","og_locale":"az_AZ","og_type":"article","og_title":"Az\u0259rbaycan Milli \u0130stiqlal Partiyas\u0131 M\u0259rk\u0259zi \u0130ntizam\u00a0N\u0259zar\u0259ti Komissiyas\u0131n\u0131n \u00fczvl\u0259ri - Az\u0259rbaycan Milli \u0130stiqlal Partiyas\u0131","og_description":"1. Maarif \u018fs\u0259d o\u011flu Abbasov, S\u0259dr Maarif \u018fs\u0259d o\u011flu Abbasov 04.05.1964-c\u00fc ild\u0259 Salyan \u015f\u0259h\u0259rind\u0259 anadan olub. 1982-1984-c\u00fc ill\u0259rd\u0259 Ordu s\u0131ralar\u0131nda h\u0259rbi xidm\u0259t ke\u00e7ib. 1985-1991-ci ill\u0259rd\u0259 Az\u0259rbaycan Politexnik \u0130nstitutunda ali t\u0259hsil al\u0131b. 1984-2000-ci ll\u0259d\u0259k Bak\u0131 Elektrik Ma\u015f\u0131nqay\u0131rma zavodunda \u00e7al\u0131\u015f\u0131b. 2000-2010-cu ill\u0259r m\u00fcxt\u0259lif \u015firk\u0259tl\u0259rd\u0259 \u0259m\u0259k f\u0259aliyy\u0259ti il\u0259 m\u0259\u015f\u011ful olub. 2016-c\u0131 ild\u0259n Az\u0259rbaycan Avtomobil Yollar\u0131 D\u00f6vl\u0259t Agentliyinin 14N-li X\u00fcsusi T\u0259yinatl\u0131 Yol \u0130stismar\u0131 MMC-d\u0259 m\u00fch\u0259ndis i\u015fl\u0259yir. \u018fn g\u0259nc ya\u015flar\u0131ndan \u00f6nc\u00fcl siyasi f\u0259aliyy\u0259t\u0259 qo\u015fulub. Maarif Abbasov 1987-ci ild\u0259 o zamank\u0131 SSR\u0130 r\u0259hb\u0259ri Mixail Qorba\u00e7ovun m\u00fc\u015faviri Aqanbekyan\u0131n Parisd\u0259 Fransa Erm\u0259ni [&hellip;]","og_url":"https:\/\/amip.az\/az\/az\u0259rbaycan-milli-istiqlal-partiyasinin-m\u0259rk\u0259zi-intizam-n\u0259zar\u0259ti-komissiyasi\/","og_site_name":"Az\u0259rbaycan Milli \u0130stiqlal Partiyas\u0131","article_publisher":"https:\/\/www.facebook.com\/istiqlal91","article_modified_time":"2026-04-11T09:36:27+00:00","og_image":[{"width":960,"height":530,"url":"https:\/\/amip.az\/wp-content\/uploads\/2022\/06\/amip_maarif_asad_oglu_abbasov_01_530.jpg","type":"image\/jpeg"}],"twitter_card":"summary_large_image","twitter_site":"@APartiyas","twitter_misc":{"Est. reading time":"2 minutes"},"schema":{"@context":"https:\/\/schema.org","@graph":[{"@type":"WebPage","@id":"https:\/\/amip.az\/az%c9%99rbaycan-milli-istiqlal-partiyasinin-m%c9%99rk%c9%99zi-intizam-n%c9%99zar%c9%99ti-komissiyasi\/","url":"https:\/\/amip.az\/az%c9%99rbaycan-milli-istiqlal-partiyasinin-m%c9%99rk%c9%99zi-intizam-n%c9%99zar%c9%99ti-komissiyasi\/","name":"Az\u0259rbaycan Milli \u0130stiqlal Partiyas\u0131 M\u0259rk\u0259zi \u0130ntizam\u00a0N\u0259zar\u0259ti Komissiyas\u0131n\u0131n \u00fczvl\u0259ri - Az\u0259rbaycan Milli \u0130stiqlal Partiyas\u0131","isPartOf":{"@id":"https:\/\/amip.az\/az\/#website"},"primaryImageOfPage":{"@id":"https:\/\/amip.az\/az%c9%99rbaycan-milli-istiqlal-partiyasinin-m%c9%99rk%c9%99zi-intizam-n%c9%99zar%c9%99ti-komissiyasi\/#primaryimage"},"image":{"@id":"https:\/\/amip.az\/az%c9%99rbaycan-milli-istiqlal-partiyasinin-m%c9%99rk%c9%99zi-intizam-n%c9%99zar%c9%99ti-komissiyasi\/#primaryimage"},"thumbnailUrl":"https:\/\/amip.az\/wp-content\/uploads\/2022\/06\/amip_maarif_asad_oglu_abbasov_01_530.jpg","datePublished":"2022-06-14T06:01:02+00:00","dateModified":"2026-04-11T09:36:27+00:00","breadcrumb":{"@id":"https:\/\/amip.az\/az%c9%99rbaycan-milli-istiqlal-partiyasinin-m%c9%99rk%c9%99zi-intizam-n%c9%99zar%c9%99ti-komissiyasi\/#breadcrumb"},"inLanguage":"az","potentialAction":[{"@type":"ReadAction","target":["https:\/\/amip.az\/az%c9%99rbaycan-milli-istiqlal-partiyasinin-m%c9%99rk%c9%99zi-intizam-n%c9%99zar%c9%99ti-komissiyasi\/"]}]},{"@type":"ImageObject","inLanguage":"az","@id":"https:\/\/amip.az\/az%c9%99rbaycan-milli-istiqlal-partiyasinin-m%c9%99rk%c9%99zi-intizam-n%c9%99zar%c9%99ti-komissiyasi\/#primaryimage","url":"https:\/\/amip.az\/wp-content\/uploads\/2022\/06\/amip_maarif_asad_oglu_abbasov_01_530.jpg","contentUrl":"https:\/\/amip.az\/wp-content\/uploads\/2022\/06\/amip_maarif_asad_oglu_abbasov_01_530.jpg"},{"@type":"BreadcrumbList","@id":"https:\/\/amip.az\/az%c9%99rbaycan-milli-istiqlal-partiyasinin-m%c9%99rk%c9%99zi-intizam-n%c9%99zar%c9%99ti-komissiyasi\/#breadcrumb","itemListElement":[{"@type":"ListItem","position":1,"name":"Home","item":"https:\/\/amip.az\/"},{"@type":"ListItem","position":2,"name":"Az\u0259rbaycan Milli \u0130stiqlal Partiyas\u0131 M\u0259rk\u0259zi \u0130ntizam\u00a0N\u0259zar\u0259ti Komissiyas\u0131n\u0131n \u00fczvl\u0259ri"}]},{"@type":"WebSite","@id":"https:\/\/amip.az\/az\/#website","url":"https:\/\/amip.az\/az\/","name":"Az\u0259rbaycan Milli \u0130stiqlal Partiyas\u0131","description":"AM\u0130P","publisher":{"@id":"https:\/\/amip.az\/az\/#organization"},"potentialAction":[{"@type":"SearchAction","target":{"@type":"EntryPoint","urlTemplate":"https:\/\/amip.az\/az\/?s={search_term_string}"},"query-input":{"@type":"PropertyValueSpecification","valueRequired":true,"valueName":"search_term_string"}}],"inLanguage":"az"},{"@type":"Organization","@id":"https:\/\/amip.az\/az\/#organization","name":"Az\u0259rbaycan Milli \u0130stiqlal Partiyas\u0131","url":"https:\/\/amip.az\/az\/","logo":{"@type":"ImageObject","inLanguage":"az","@id":"https:\/\/amip.az\/az\/#\/schema\/logo\/image\/","url":"https:\/\/amip.az\/wp-content\/uploads\/2023\/06\/amiplogo.png","contentUrl":"https:\/\/amip.az\/wp-content\/uploads\/2023\/06\/amiplogo.png","width":723,"height":423,"caption":"Az\u0259rbaycan Milli \u0130stiqlal Partiyas\u0131"},"image":{"@id":"https:\/\/amip.az\/az\/#\/schema\/logo\/image\/"},"sameAs":["https:\/\/www.facebook.com\/istiqlal91","https:\/\/x.com\/APartiyas","https:\/\/www.youtube.com\/channel\/UCF3pc8spko_xON2sr4vUC5A"]}]}},"_links":{"self":[{"href":"https:\/\/amip.az\/az\/wp-json\/wp\/v2\/pages\/4458","targetHints":{"allow":["GET"]}}],"collection":[{"href":"https:\/\/amip.az\/az\/wp-json\/wp\/v2\/pages"}],"about":[{"href":"https:\/\/amip.az\/az\/wp-json\/wp\/v2\/types\/page"}],"author":[{"embeddable":true,"href":"https:\/\/amip.az\/az\/wp-json\/wp\/v2\/users\/1"}],"replies":[{"embeddable":true,"href":"https:\/\/amip.az\/az\/wp-json\/wp\/v2\/comments?post=4458"}],"version-history":[{"count":12,"href":"https:\/\/amip.az\/az\/wp-json\/wp\/v2\/pages\/4458\/revisions"}],"predecessor-version":[{"id":10447,"href":"https:\/\/amip.az\/az\/wp-json\/wp\/v2\/pages\/4458\/revisions\/10447"}],"wp:attachment":[{"href":"https:\/\/amip.az\/az\/wp-json\/wp\/v2\/media?parent=4458"}],"curies":[{"name":"wp","href":"https:\/\/api.w.org\/{rel}","templated":true}]}}