{"id":4462,"date":"2022-06-14T10:06:41","date_gmt":"2022-06-14T06:06:41","guid":{"rendered":"https:\/\/vtstrt.mediadesigntech.com\/?page_id=4462"},"modified":"2022-07-18T08:23:55","modified_gmt":"2022-07-18T04:23:55","slug":"az%c9%99rbaycan-milli-istiqlal-partiyasinin-siyasi-sura-uzvu-5","status":"publish","type":"page","link":"https:\/\/amip.az\/az\/az%c9%99rbaycan-milli-istiqlal-partiyasinin-siyasi-sura-uzvu-5\/","title":{"rendered":"Az\u0259rbaycan Milli \u0130stiqlal Partiyas\u0131 Siyasi \u015euras\u0131n\u0131n \u00fczv\u00fc"},"content":{"rendered":"\n<figure class=\"wp-block-image size-full\"><img loading=\"lazy\" decoding=\"async\" width=\"960\" height=\"640\" src=\"https:\/\/amip.az\/wp-content\/uploads\/2022\/06\/amip_malikaliyev_xanmirza_xanbala_oglu_01_640.jpg\" alt=\"Xanmirz\u0259 Xanbala o\u011flu M\u0259lik\u0259liyev\" class=\"wp-image-4501\" srcset=\"https:\/\/amip.az\/wp-content\/uploads\/2022\/06\/amip_malikaliyev_xanmirza_xanbala_oglu_01_640.jpg 960w, https:\/\/amip.az\/wp-content\/uploads\/2022\/06\/amip_malikaliyev_xanmirza_xanbala_oglu_01_640-300x200.jpg 300w, https:\/\/amip.az\/wp-content\/uploads\/2022\/06\/amip_malikaliyev_xanmirza_xanbala_oglu_01_640-768x512.jpg 768w, https:\/\/amip.az\/wp-content\/uploads\/2022\/06\/amip_malikaliyev_xanmirza_xanbala_oglu_01_640-18x12.jpg 18w\" sizes=\"auto, (max-width: 960px) 100vw, 960px\" \/><\/figure>\n\n\n\n<p>Xanmirz\u0259 Xanbala o\u011flu M\u0259lik\u0259liyev 21 mart 1954-c\u00fc ild\u0259 Bak\u0131 \u015f\u0259h\u0259rind\u0259 anadan olub.<\/p>\n\n\n\n<p>1971-ci ild\u0259 S\u0259bail rayonu 190 n\u00f6mr\u0259li m\u0259kt\u0259bi bitirdikd\u0259n sonra 1972-ci ild\u0259 Az\u0259rbaycan D\u00f6vl\u0259t B\u0259d\u0259n T\u0259rbiy\u0259 \u0130nstituna daxil olub. 1976-c\u0131 ild\u0259 h\u0259min institutu bitirib.<\/p>\n\n\n\n<p>1969-cu ild\u0259n g\u00fcl\u0259\u015f idman n\u00f6v\u00fc il\u0259 m\u0259\u015f\u011ful olur. 1976-c\u0131 ild\u0259n yunan-roma g\u00fcl\u0259\u015fi \u00fczr\u0259 SSR\u0130 idman ustas\u0131dlr. Sovet Silahl\u0131 Q\u00fcvv\u0259l\u0259rind\u0259 h\u0259rbi xidm\u0259t ke\u00e7dikd\u0259n sonra 1978-ci ild\u0259n yunan-roma g\u00fcl\u0259\u015fi \u00fczr\u0259 Kaspar\u0131n &#8220;Vodnik&#8221; idman c\u0259miyy\u0259tind\u0259 m\u0259\u015fq\u00e7i-m\u00fc\u0259llim v\u0259zif\u0259sind\u0259 12 il \u00e7al\u0131\u015f\u0131b, h\u0259min n\u00f6vd\u0259n 5-n\u0259f\u0259r SSR\u0130 idman ustas\u0131 haz\u0131rlay\u0131b onlardan biri B\u0259rd\u0259 Batalyonun komandiri El\u00e7in \u018fliyev 100 kq \u00e7\u0259ki d\u0259r\u0259c\u0259sind\u0259 m\u00f6t\u0259b\u0259r t\u0259dbirl\u0259rd\u0259 Az\u0259rbaycan\u0131 y\u00fcks\u0259k s\u0259viyy\u0259d\u0259 t\u0259msil edib.<\/p>\n\n\n\n<p>1989-93-c\u00fc il\u0259 q\u0259d\u0259r Bak\u0131 \u0130dman Komit\u0259sind\u0259 b\u00fct\u00fcn g\u00fcl\u0259\u015f n\u00f6vl\u0259ri \u00fczr\u0259 ba\u015f t\u0259limat\u00e7\u0131 v\u0259zif\u0259sind\u0259 \u00e7al\u0131\u015f\u0131b.<\/p>\n\n\n\n<p>1992-ci ild\u0259 m\u00fcst\u0259qil Az\u0259rbaycan D\u00f6vl\u0259tinin idman n\u00f6vl\u0259ri \u00fczr\u0259 1-ci Beyn\u0259lxalq d\u0259r\u0259c\u0259li hakimi olub.<\/p>\n\n\n\n<p>1993-c\u00fc ild\u0259 Az\u0259rbaycan G\u00fcl\u0259\u015f Federas\u0131yas\u0131n\u0131n Prezidenti Etibar M\u0259mm\u0259dovun r\u0259hb\u0259rliyi alt\u0131nda federasiyan\u0131n Ba\u015f Katibi v\u0259zif\u0259sind\u0259 \u00e7al\u0131\u015fm\u0131\u015f, 2008-ci \u0131ld\u0259 federasiyan\u0131n dig\u0259r r\u0259hb\u0259rliyi t\u0259r\u0259find\u0259n tutdu\u011fu v\u0259zif\u0259d\u0259n haqs\u0131z olaraq \u00e7\u0131xar\u0131l\u0131b.<\/p>\n\n\n\n<p>2017-ci ild\u0259n \u0259m\u0259kli t\u0259qa\u00fcd\u00e7\u00fcd\u00fcr.<\/p>\n\n\n\n<p>1993-2014-c\u00fc il\u0259 q\u0259d\u0259r g\u00fcl\u0259\u015fin respublika \u00fczr\u0259 n\u0259z\u0259ri v\u0259 praktiki seminarlar\u0131n\u0131 auditoriyalarda praktiki t\u0259liml\u0259rini ke\u00e7ib. 88 s\u0259hif\u0259lik &#8220;g\u00fcl\u0259\u015f&#8221; qanun-qaydalar\u0131n\u0131n m\u00fc\u0259llifidir.<\/p>\n\n\n\n<p>1995-ci ild\u0259n AM\u0130P-in \u00fczv\u00fcd\u00fcr. 2005-ci ild\u0259 Yasamal B\u0259l\u0259diy\u0259sin\u0259 v\u0259 2010-cu ild\u0259 Yasamal 16-c\u0131 dair\u0259sind\u0259 Milli M\u0259clis \u00fczvl\u00fcy\u00fcn\u0259 namiz\u0259d olub.<\/p>\n","protected":false},"excerpt":{"rendered":"<p>Xanmirz\u0259 Xanbala o\u011flu M\u0259lik\u0259liyev 21 mart 1954-c\u00fc ild\u0259 Bak\u0131 \u015f\u0259h\u0259rind\u0259 anadan olub. 1971-ci ild\u0259 S\u0259bail rayonu 190 n\u00f6mr\u0259li m\u0259kt\u0259bi bitirdikd\u0259n sonra 1972-ci ild\u0259 Az\u0259rbaycan D\u00f6vl\u0259t B\u0259d\u0259n T\u0259rbiy\u0259 \u0130nstituna daxil olub. 1976-c\u0131 ild\u0259 h\u0259min institutu bitirib. 1969-cu ild\u0259n g\u00fcl\u0259\u015f idman n\u00f6v\u00fc il\u0259 m\u0259\u015f\u011ful olur. 1976-c\u0131 ild\u0259n yunan-roma g\u00fcl\u0259\u015fi \u00fczr\u0259 SSR\u0130 idman ustas\u0131dlr. Sovet Silahl\u0131 Q\u00fcvv\u0259l\u0259rind\u0259 h\u0259rbi xidm\u0259t ke\u00e7dikd\u0259n sonra 1978-ci ild\u0259n yunan-roma g\u00fcl\u0259\u015fi \u00fczr\u0259 Kaspar\u0131n &#8220;Vodnik&#8221; idman c\u0259miyy\u0259tind\u0259 m\u0259\u015fq\u00e7i-m\u00fc\u0259llim v\u0259zif\u0259sind\u0259 12 il \u00e7al\u0131\u015f\u0131b, h\u0259min n\u00f6vd\u0259n 5-n\u0259f\u0259r SSR\u0130 idman ustas\u0131 haz\u0131rlay\u0131b onlardan biri B\u0259rd\u0259 Batalyonun komandiri [&hellip;]<\/p>\n","protected":false},"author":1,"featured_media":0,"parent":0,"menu_order":0,"comment_status":"closed","ping_status":"closed","template":"","meta":{"footnotes":""},"class_list":["post-4462","page","type-page","status-publish","hentry"],"yoast_head":"<!-- This site is optimized with the Yoast SEO plugin v23.8 - https:\/\/yoast.com\/wordpress\/plugins\/seo\/ -->\n<title>Az\u0259rbaycan Milli \u0130stiqlal Partiyas\u0131 Siyasi \u015euras\u0131n\u0131n \u00fczv\u00fc - Az\u0259rbaycan Milli \u0130stiqlal Partiyas\u0131<\/title>\n<meta name=\"robots\" content=\"index, follow, max-snippet:-1, max-image-preview:large, max-video-preview:-1\" \/>\n<link rel=\"canonical\" href=\"https:\/\/amip.az\/az\/az\u0259rbaycan-milli-istiqlal-partiyasinin-siyasi-sura-uzvu-5\/\" \/>\n<meta property=\"og:locale\" content=\"az_AZ\" \/>\n<meta property=\"og:type\" content=\"article\" \/>\n<meta property=\"og:title\" content=\"Az\u0259rbaycan Milli \u0130stiqlal Partiyas\u0131 Siyasi \u015euras\u0131n\u0131n \u00fczv\u00fc - Az\u0259rbaycan Milli \u0130stiqlal Partiyas\u0131\" \/>\n<meta property=\"og:description\" content=\"Xanmirz\u0259 Xanbala o\u011flu M\u0259lik\u0259liyev 21 mart 1954-c\u00fc ild\u0259 Bak\u0131 \u015f\u0259h\u0259rind\u0259 anadan olub. 1971-ci ild\u0259 S\u0259bail rayonu 190 n\u00f6mr\u0259li m\u0259kt\u0259bi bitirdikd\u0259n sonra 1972-ci ild\u0259 Az\u0259rbaycan D\u00f6vl\u0259t B\u0259d\u0259n T\u0259rbiy\u0259 \u0130nstituna daxil olub. 1976-c\u0131 ild\u0259 h\u0259min institutu bitirib. 1969-cu ild\u0259n g\u00fcl\u0259\u015f idman n\u00f6v\u00fc il\u0259 m\u0259\u015f\u011ful olur. 1976-c\u0131 ild\u0259n yunan-roma g\u00fcl\u0259\u015fi \u00fczr\u0259 SSR\u0130 idman ustas\u0131dlr. Sovet Silahl\u0131 Q\u00fcvv\u0259l\u0259rind\u0259 h\u0259rbi xidm\u0259t ke\u00e7dikd\u0259n sonra 1978-ci ild\u0259n yunan-roma g\u00fcl\u0259\u015fi \u00fczr\u0259 Kaspar\u0131n &#8220;Vodnik&#8221; idman c\u0259miyy\u0259tind\u0259 m\u0259\u015fq\u00e7i-m\u00fc\u0259llim v\u0259zif\u0259sind\u0259 12 il \u00e7al\u0131\u015f\u0131b, h\u0259min n\u00f6vd\u0259n 5-n\u0259f\u0259r SSR\u0130 idman ustas\u0131 haz\u0131rlay\u0131b onlardan biri B\u0259rd\u0259 Batalyonun komandiri [&hellip;]\" \/>\n<meta property=\"og:url\" content=\"https:\/\/amip.az\/az\/az\u0259rbaycan-milli-istiqlal-partiyasinin-siyasi-sura-uzvu-5\/\" \/>\n<meta property=\"og:site_name\" content=\"Az\u0259rbaycan Milli \u0130stiqlal Partiyas\u0131\" \/>\n<meta property=\"article:publisher\" content=\"https:\/\/www.facebook.com\/istiqlal91\" \/>\n<meta property=\"article:modified_time\" content=\"2022-07-18T04:23:55+00:00\" \/>\n<meta property=\"og:image\" content=\"https:\/\/amip.az\/wp-content\/uploads\/2022\/06\/amip_malikaliyev_xanmirza_xanbala_oglu_01_640.jpg\" \/>\n<meta name=\"twitter:card\" content=\"summary_large_image\" \/>\n<meta name=\"twitter:site\" content=\"@APartiyas\" \/>\n<meta name=\"twitter:label1\" content=\"Est. reading time\" \/>\n\t<meta name=\"twitter:data1\" content=\"2 minutes\" \/>\n<script type=\"application\/ld+json\" class=\"yoast-schema-graph\">{\"@context\":\"https:\/\/schema.org\",\"@graph\":[{\"@type\":\"WebPage\",\"@id\":\"https:\/\/amip.az\/az%c9%99rbaycan-milli-istiqlal-partiyasinin-siyasi-sura-uzvu-5\/\",\"url\":\"https:\/\/amip.az\/az%c9%99rbaycan-milli-istiqlal-partiyasinin-siyasi-sura-uzvu-5\/\",\"name\":\"Az\u0259rbaycan Milli \u0130stiqlal Partiyas\u0131 Siyasi \u015euras\u0131n\u0131n \u00fczv\u00fc - Az\u0259rbaycan Milli \u0130stiqlal Partiyas\u0131\",\"isPartOf\":{\"@id\":\"https:\/\/amip.az\/az\/#website\"},\"primaryImageOfPage\":{\"@id\":\"https:\/\/amip.az\/az%c9%99rbaycan-milli-istiqlal-partiyasinin-siyasi-sura-uzvu-5\/#primaryimage\"},\"image\":{\"@id\":\"https:\/\/amip.az\/az%c9%99rbaycan-milli-istiqlal-partiyasinin-siyasi-sura-uzvu-5\/#primaryimage\"},\"thumbnailUrl\":\"https:\/\/amip.az\/wp-content\/uploads\/2022\/06\/amip_malikaliyev_xanmirza_xanbala_oglu_01_640.jpg\",\"datePublished\":\"2022-06-14T06:06:41+00:00\",\"dateModified\":\"2022-07-18T04:23:55+00:00\",\"breadcrumb\":{\"@id\":\"https:\/\/amip.az\/az%c9%99rbaycan-milli-istiqlal-partiyasinin-siyasi-sura-uzvu-5\/#breadcrumb\"},\"inLanguage\":\"az\",\"potentialAction\":[{\"@type\":\"ReadAction\",\"target\":[\"https:\/\/amip.az\/az%c9%99rbaycan-milli-istiqlal-partiyasinin-siyasi-sura-uzvu-5\/\"]}]},{\"@type\":\"ImageObject\",\"inLanguage\":\"az\",\"@id\":\"https:\/\/amip.az\/az%c9%99rbaycan-milli-istiqlal-partiyasinin-siyasi-sura-uzvu-5\/#primaryimage\",\"url\":\"https:\/\/amip.az\/wp-content\/uploads\/2022\/06\/amip_malikaliyev_xanmirza_xanbala_oglu_01_640.jpg\",\"contentUrl\":\"https:\/\/amip.az\/wp-content\/uploads\/2022\/06\/amip_malikaliyev_xanmirza_xanbala_oglu_01_640.jpg\"},{\"@type\":\"BreadcrumbList\",\"@id\":\"https:\/\/amip.az\/az%c9%99rbaycan-milli-istiqlal-partiyasinin-siyasi-sura-uzvu-5\/#breadcrumb\",\"itemListElement\":[{\"@type\":\"ListItem\",\"position\":1,\"name\":\"Home\",\"item\":\"https:\/\/amip.az\/\"},{\"@type\":\"ListItem\",\"position\":2,\"name\":\"Az\u0259rbaycan Milli \u0130stiqlal Partiyas\u0131 Siyasi \u015euras\u0131n\u0131n \u00fczv\u00fc\"}]},{\"@type\":\"WebSite\",\"@id\":\"https:\/\/amip.az\/az\/#website\",\"url\":\"https:\/\/amip.az\/az\/\",\"name\":\"Az\u0259rbaycan Milli \u0130stiqlal Partiyas\u0131\",\"description\":\"AM\u0130P\",\"publisher\":{\"@id\":\"https:\/\/amip.az\/az\/#organization\"},\"potentialAction\":[{\"@type\":\"SearchAction\",\"target\":{\"@type\":\"EntryPoint\",\"urlTemplate\":\"https:\/\/amip.az\/az\/?s={search_term_string}\"},\"query-input\":{\"@type\":\"PropertyValueSpecification\",\"valueRequired\":true,\"valueName\":\"search_term_string\"}}],\"inLanguage\":\"az\"},{\"@type\":\"Organization\",\"@id\":\"https:\/\/amip.az\/az\/#organization\",\"name\":\"Az\u0259rbaycan Milli \u0130stiqlal Partiyas\u0131\",\"url\":\"https:\/\/amip.az\/az\/\",\"logo\":{\"@type\":\"ImageObject\",\"inLanguage\":\"az\",\"@id\":\"https:\/\/amip.az\/az\/#\/schema\/logo\/image\/\",\"url\":\"https:\/\/amip.az\/wp-content\/uploads\/2023\/06\/amiplogo.png\",\"contentUrl\":\"https:\/\/amip.az\/wp-content\/uploads\/2023\/06\/amiplogo.png\",\"width\":723,\"height\":423,\"caption\":\"Az\u0259rbaycan Milli \u0130stiqlal Partiyas\u0131\"},\"image\":{\"@id\":\"https:\/\/amip.az\/az\/#\/schema\/logo\/image\/\"},\"sameAs\":[\"https:\/\/www.facebook.com\/istiqlal91\",\"https:\/\/x.com\/APartiyas\",\"https:\/\/www.youtube.com\/channel\/UCF3pc8spko_xON2sr4vUC5A\"]}]}<\/script>\n<!-- \/ Yoast SEO plugin. -->","yoast_head_json":{"title":"Az\u0259rbaycan Milli \u0130stiqlal Partiyas\u0131 Siyasi \u015euras\u0131n\u0131n \u00fczv\u00fc - Az\u0259rbaycan Milli \u0130stiqlal Partiyas\u0131","robots":{"index":"index","follow":"follow","max-snippet":"max-snippet:-1","max-image-preview":"max-image-preview:large","max-video-preview":"max-video-preview:-1"},"canonical":"https:\/\/amip.az\/az\/az\u0259rbaycan-milli-istiqlal-partiyasinin-siyasi-sura-uzvu-5\/","og_locale":"az_AZ","og_type":"article","og_title":"Az\u0259rbaycan Milli \u0130stiqlal Partiyas\u0131 Siyasi \u015euras\u0131n\u0131n \u00fczv\u00fc - Az\u0259rbaycan Milli \u0130stiqlal Partiyas\u0131","og_description":"Xanmirz\u0259 Xanbala o\u011flu M\u0259lik\u0259liyev 21 mart 1954-c\u00fc ild\u0259 Bak\u0131 \u015f\u0259h\u0259rind\u0259 anadan olub. 1971-ci ild\u0259 S\u0259bail rayonu 190 n\u00f6mr\u0259li m\u0259kt\u0259bi bitirdikd\u0259n sonra 1972-ci ild\u0259 Az\u0259rbaycan D\u00f6vl\u0259t B\u0259d\u0259n T\u0259rbiy\u0259 \u0130nstituna daxil olub. 1976-c\u0131 ild\u0259 h\u0259min institutu bitirib. 1969-cu ild\u0259n g\u00fcl\u0259\u015f idman n\u00f6v\u00fc il\u0259 m\u0259\u015f\u011ful olur. 1976-c\u0131 ild\u0259n yunan-roma g\u00fcl\u0259\u015fi \u00fczr\u0259 SSR\u0130 idman ustas\u0131dlr. Sovet Silahl\u0131 Q\u00fcvv\u0259l\u0259rind\u0259 h\u0259rbi xidm\u0259t ke\u00e7dikd\u0259n sonra 1978-ci ild\u0259n yunan-roma g\u00fcl\u0259\u015fi \u00fczr\u0259 Kaspar\u0131n &#8220;Vodnik&#8221; idman c\u0259miyy\u0259tind\u0259 m\u0259\u015fq\u00e7i-m\u00fc\u0259llim v\u0259zif\u0259sind\u0259 12 il \u00e7al\u0131\u015f\u0131b, h\u0259min n\u00f6vd\u0259n 5-n\u0259f\u0259r SSR\u0130 idman ustas\u0131 haz\u0131rlay\u0131b onlardan biri B\u0259rd\u0259 Batalyonun komandiri [&hellip;]","og_url":"https:\/\/amip.az\/az\/az\u0259rbaycan-milli-istiqlal-partiyasinin-siyasi-sura-uzvu-5\/","og_site_name":"Az\u0259rbaycan Milli \u0130stiqlal Partiyas\u0131","article_publisher":"https:\/\/www.facebook.com\/istiqlal91","article_modified_time":"2022-07-18T04:23:55+00:00","og_image":[{"url":"https:\/\/amip.az\/wp-content\/uploads\/2022\/06\/amip_malikaliyev_xanmirza_xanbala_oglu_01_640.jpg"}],"twitter_card":"summary_large_image","twitter_site":"@APartiyas","twitter_misc":{"Est. reading time":"2 minutes"},"schema":{"@context":"https:\/\/schema.org","@graph":[{"@type":"WebPage","@id":"https:\/\/amip.az\/az%c9%99rbaycan-milli-istiqlal-partiyasinin-siyasi-sura-uzvu-5\/","url":"https:\/\/amip.az\/az%c9%99rbaycan-milli-istiqlal-partiyasinin-siyasi-sura-uzvu-5\/","name":"Az\u0259rbaycan Milli \u0130stiqlal Partiyas\u0131 Siyasi \u015euras\u0131n\u0131n \u00fczv\u00fc - Az\u0259rbaycan Milli \u0130stiqlal Partiyas\u0131","isPartOf":{"@id":"https:\/\/amip.az\/az\/#website"},"primaryImageOfPage":{"@id":"https:\/\/amip.az\/az%c9%99rbaycan-milli-istiqlal-partiyasinin-siyasi-sura-uzvu-5\/#primaryimage"},"image":{"@id":"https:\/\/amip.az\/az%c9%99rbaycan-milli-istiqlal-partiyasinin-siyasi-sura-uzvu-5\/#primaryimage"},"thumbnailUrl":"https:\/\/amip.az\/wp-content\/uploads\/2022\/06\/amip_malikaliyev_xanmirza_xanbala_oglu_01_640.jpg","datePublished":"2022-06-14T06:06:41+00:00","dateModified":"2022-07-18T04:23:55+00:00","breadcrumb":{"@id":"https:\/\/amip.az\/az%c9%99rbaycan-milli-istiqlal-partiyasinin-siyasi-sura-uzvu-5\/#breadcrumb"},"inLanguage":"az","potentialAction":[{"@type":"ReadAction","target":["https:\/\/amip.az\/az%c9%99rbaycan-milli-istiqlal-partiyasinin-siyasi-sura-uzvu-5\/"]}]},{"@type":"ImageObject","inLanguage":"az","@id":"https:\/\/amip.az\/az%c9%99rbaycan-milli-istiqlal-partiyasinin-siyasi-sura-uzvu-5\/#primaryimage","url":"https:\/\/amip.az\/wp-content\/uploads\/2022\/06\/amip_malikaliyev_xanmirza_xanbala_oglu_01_640.jpg","contentUrl":"https:\/\/amip.az\/wp-content\/uploads\/2022\/06\/amip_malikaliyev_xanmirza_xanbala_oglu_01_640.jpg"},{"@type":"BreadcrumbList","@id":"https:\/\/amip.az\/az%c9%99rbaycan-milli-istiqlal-partiyasinin-siyasi-sura-uzvu-5\/#breadcrumb","itemListElement":[{"@type":"ListItem","position":1,"name":"Home","item":"https:\/\/amip.az\/"},{"@type":"ListItem","position":2,"name":"Az\u0259rbaycan Milli \u0130stiqlal Partiyas\u0131 Siyasi \u015euras\u0131n\u0131n \u00fczv\u00fc"}]},{"@type":"WebSite","@id":"https:\/\/amip.az\/az\/#website","url":"https:\/\/amip.az\/az\/","name":"Az\u0259rbaycan Milli \u0130stiqlal Partiyas\u0131","description":"AM\u0130P","publisher":{"@id":"https:\/\/amip.az\/az\/#organization"},"potentialAction":[{"@type":"SearchAction","target":{"@type":"EntryPoint","urlTemplate":"https:\/\/amip.az\/az\/?s={search_term_string}"},"query-input":{"@type":"PropertyValueSpecification","valueRequired":true,"valueName":"search_term_string"}}],"inLanguage":"az"},{"@type":"Organization","@id":"https:\/\/amip.az\/az\/#organization","name":"Az\u0259rbaycan Milli \u0130stiqlal Partiyas\u0131","url":"https:\/\/amip.az\/az\/","logo":{"@type":"ImageObject","inLanguage":"az","@id":"https:\/\/amip.az\/az\/#\/schema\/logo\/image\/","url":"https:\/\/amip.az\/wp-content\/uploads\/2023\/06\/amiplogo.png","contentUrl":"https:\/\/amip.az\/wp-content\/uploads\/2023\/06\/amiplogo.png","width":723,"height":423,"caption":"Az\u0259rbaycan Milli \u0130stiqlal Partiyas\u0131"},"image":{"@id":"https:\/\/amip.az\/az\/#\/schema\/logo\/image\/"},"sameAs":["https:\/\/www.facebook.com\/istiqlal91","https:\/\/x.com\/APartiyas","https:\/\/www.youtube.com\/channel\/UCF3pc8spko_xON2sr4vUC5A"]}]}},"_links":{"self":[{"href":"https:\/\/amip.az\/az\/wp-json\/wp\/v2\/pages\/4462","targetHints":{"allow":["GET"]}}],"collection":[{"href":"https:\/\/amip.az\/az\/wp-json\/wp\/v2\/pages"}],"about":[{"href":"https:\/\/amip.az\/az\/wp-json\/wp\/v2\/types\/page"}],"author":[{"embeddable":true,"href":"https:\/\/amip.az\/az\/wp-json\/wp\/v2\/users\/1"}],"replies":[{"embeddable":true,"href":"https:\/\/amip.az\/az\/wp-json\/wp\/v2\/comments?post=4462"}],"version-history":[{"count":5,"href":"https:\/\/amip.az\/az\/wp-json\/wp\/v2\/pages\/4462\/revisions"}],"predecessor-version":[{"id":5325,"href":"https:\/\/amip.az\/az\/wp-json\/wp\/v2\/pages\/4462\/revisions\/5325"}],"wp:attachment":[{"href":"https:\/\/amip.az\/az\/wp-json\/wp\/v2\/media?parent=4462"}],"curies":[{"name":"wp","href":"https:\/\/api.w.org\/{rel}","templated":true}]}}