{"id":4475,"date":"2022-06-14T12:12:31","date_gmt":"2022-06-14T08:12:31","guid":{"rendered":"https:\/\/vtstrt.mediadesigntech.com\/?page_id=4475"},"modified":"2022-07-18T09:52:58","modified_gmt":"2022-07-18T05:52:58","slug":"az%c9%99rbaycan-milli-istiqlal-partiyasinin-s%c9%99drinin-musaviri","status":"publish","type":"page","link":"https:\/\/amip.az\/az\/az%c9%99rbaycan-milli-istiqlal-partiyasinin-s%c9%99drinin-musaviri\/","title":{"rendered":"Az\u0259rbaycan Milli \u0130stiqlal Partiyas\u0131\u00a0s\u0259drinin m\u00fc\u015faviri"},"content":{"rendered":"\n<figure class=\"wp-block-image size-full\"><img loading=\"lazy\" decoding=\"async\" width=\"640\" height=\"420\" src=\"https:\/\/amip.az\/wp-content\/uploads\/2022\/06\/amip_eldar_qoshun_huseynov_01_420.jpg\" alt=\"Eldar Qo\u015fun o\u011flu H\u00fcseynov\" class=\"wp-image-5023\" srcset=\"https:\/\/amip.az\/wp-content\/uploads\/2022\/06\/amip_eldar_qoshun_huseynov_01_420.jpg 640w, https:\/\/amip.az\/wp-content\/uploads\/2022\/06\/amip_eldar_qoshun_huseynov_01_420-300x197.jpg 300w, https:\/\/amip.az\/wp-content\/uploads\/2022\/06\/amip_eldar_qoshun_huseynov_01_420-18x12.jpg 18w\" sizes=\"auto, (max-width: 640px) 100vw, 640px\" \/><\/figure>\n\n\n\n<p>Eldar Qo\u015fun o\u011flu H\u00fcseynov 15 avqust 1943-c\u00fc ild\u0259 Z\u0259ng\u0259zur mahal\u0131n\u0131n Oxtar k\u0259ndind\u0259 anadan olub.<\/p>\n\n\n\n<p>\u00c7. \u0130ld\u0131r\u0131m ad\u0131na Politexnik \u0130nstitutunu mexanika fak\u00fclt\u0259sini bitirib.<\/p>\n\n\n\n<p>\u018fm\u0259k f\u0259aliyy\u0259tin\u0259 1962-ci ill\u0259rd\u0259n ba\u015flay\u0131b. 1962-1964-c\u00fc ill\u0259rd\u0259 18 N-li tikinti kombinat\u0131nda r\u0259ngsazl\u0131qdan idar\u0259 r\u0259isi v\u0259zif\u0259sin\u0259d\u0259k y\u00fcks\u0259lmi\u015fdir. 1991-ci ild\u0259 &#8220;\u015e\u00dcA&#8221; istehsalat Kommersiya M\u0259rk\u0259zinin direktor m\u00fcavini, 1993-c\u00fc ild\u0259 Az\u0259relektrik m\u00fch\u0259ndisinin m\u00fcavini, 1995-ci ild\u0259n Nizami rayon su idar\u0259sinin r\u0259isi, 1997-ci ild\u0259 Texniki Komplektl\u0259\u015fdirm\u0259 idar\u0259sinin r\u0259is m\u00fcavini v\u0259ziv\u0259sind\u0259 \u00e7al\u0131\u015fm\u0131\u015fd\u0131r.<\/p>\n\n\n\n<p>2011-ci ild\u0259n t\u0259qa\u00fcdd\u0259dir.<\/p>\n\n\n\n<p>Az\u0259rbaycan Milli \u0130stiqlal Partiyas\u0131n\u0131n s\u0131ralar\u0131na partiyan\u0131n ilk yarand\u0131\u011f\u0131 g\u00fcnl\u0259rd\u0259n \u00fczv olmu\u015fdur. 1993-c\u00fc ild\u0259n N\u0259rimanov rayonunda \u00f6z\u0259k s\u0259dri, \u0130dar\u0259 Hey\u0259tinin s\u0259dri, 1995-ci ild\u0259 T\u0259\u015fkilat s\u0259drinin m\u00fcavini, 1999-cu ill\u0259rd\u0259 T\u0259\u015fkilat s\u0259dri olmu\u015fdur. AM\u0130P Qurultaylar\u0131n\u0131n ham\u0131s\u0131nda yekdillikl\u0259 n\u00fcmay\u0259nd\u0259 se\u00e7ilmi\u015fdir. 2000-ci ild\u0259n, 2010-cu il\u0259d\u0259k AM\u0130P Siyasi \u015euras\u0131n\u0131n \u00fczv\u00fc olmu\u015fdur. 2020 &#8211; ci ild\u0259n AM\u0130P s\u0259drinin m\u00fc\u015faviridir.<\/p>\n","protected":false},"excerpt":{"rendered":"<p>Eldar Qo\u015fun o\u011flu H\u00fcseynov 15 avqust 1943-c\u00fc ild\u0259 Z\u0259ng\u0259zur mahal\u0131n\u0131n Oxtar k\u0259ndind\u0259 anadan olub. \u00c7. \u0130ld\u0131r\u0131m ad\u0131na Politexnik \u0130nstitutunu mexanika fak\u00fclt\u0259sini bitirib. \u018fm\u0259k f\u0259aliyy\u0259tin\u0259 1962-ci ill\u0259rd\u0259n ba\u015flay\u0131b. 1962-1964-c\u00fc ill\u0259rd\u0259 18 N-li tikinti kombinat\u0131nda r\u0259ngsazl\u0131qdan idar\u0259 r\u0259isi v\u0259zif\u0259sin\u0259d\u0259k y\u00fcks\u0259lmi\u015fdir. 1991-ci ild\u0259 &#8220;\u015e\u00dcA&#8221; istehsalat Kommersiya M\u0259rk\u0259zinin direktor m\u00fcavini, 1993-c\u00fc ild\u0259 Az\u0259relektrik m\u00fch\u0259ndisinin m\u00fcavini, 1995-ci ild\u0259n Nizami rayon su idar\u0259sinin r\u0259isi, 1997-ci ild\u0259 Texniki Komplektl\u0259\u015fdirm\u0259 idar\u0259sinin r\u0259is m\u00fcavini v\u0259ziv\u0259sind\u0259 \u00e7al\u0131\u015fm\u0131\u015fd\u0131r. 2011-ci ild\u0259n t\u0259qa\u00fcdd\u0259dir. Az\u0259rbaycan Milli \u0130stiqlal Partiyas\u0131n\u0131n s\u0131ralar\u0131na partiyan\u0131n ilk yarand\u0131\u011f\u0131 g\u00fcnl\u0259rd\u0259n \u00fczv olmu\u015fdur. 1993-c\u00fc ild\u0259n N\u0259rimanov [&hellip;]<\/p>\n","protected":false},"author":1,"featured_media":0,"parent":0,"menu_order":0,"comment_status":"closed","ping_status":"closed","template":"","meta":{"footnotes":""},"class_list":["post-4475","page","type-page","status-publish","hentry"],"yoast_head":"<!-- This site is optimized with the Yoast SEO plugin v23.8 - https:\/\/yoast.com\/wordpress\/plugins\/seo\/ -->\n<title>Az\u0259rbaycan Milli \u0130stiqlal Partiyas\u0131\u00a0s\u0259drinin m\u00fc\u015faviri - Az\u0259rbaycan Milli \u0130stiqlal Partiyas\u0131<\/title>\n<meta name=\"robots\" content=\"index, follow, max-snippet:-1, max-image-preview:large, max-video-preview:-1\" \/>\n<link rel=\"canonical\" href=\"https:\/\/amip.az\/az\/az\u0259rbaycan-milli-istiqlal-partiyasinin-s\u0259drinin-musaviri\/\" \/>\n<meta property=\"og:locale\" content=\"az_AZ\" \/>\n<meta property=\"og:type\" content=\"article\" \/>\n<meta property=\"og:title\" content=\"Az\u0259rbaycan Milli \u0130stiqlal Partiyas\u0131\u00a0s\u0259drinin m\u00fc\u015faviri - Az\u0259rbaycan Milli \u0130stiqlal Partiyas\u0131\" \/>\n<meta property=\"og:description\" content=\"Eldar Qo\u015fun o\u011flu H\u00fcseynov 15 avqust 1943-c\u00fc ild\u0259 Z\u0259ng\u0259zur mahal\u0131n\u0131n Oxtar k\u0259ndind\u0259 anadan olub. \u00c7. \u0130ld\u0131r\u0131m ad\u0131na Politexnik \u0130nstitutunu mexanika fak\u00fclt\u0259sini bitirib. \u018fm\u0259k f\u0259aliyy\u0259tin\u0259 1962-ci ill\u0259rd\u0259n ba\u015flay\u0131b. 1962-1964-c\u00fc ill\u0259rd\u0259 18 N-li tikinti kombinat\u0131nda r\u0259ngsazl\u0131qdan idar\u0259 r\u0259isi v\u0259zif\u0259sin\u0259d\u0259k y\u00fcks\u0259lmi\u015fdir. 1991-ci ild\u0259 &#8220;\u015e\u00dcA&#8221; istehsalat Kommersiya M\u0259rk\u0259zinin direktor m\u00fcavini, 1993-c\u00fc ild\u0259 Az\u0259relektrik m\u00fch\u0259ndisinin m\u00fcavini, 1995-ci ild\u0259n Nizami rayon su idar\u0259sinin r\u0259isi, 1997-ci ild\u0259 Texniki Komplektl\u0259\u015fdirm\u0259 idar\u0259sinin r\u0259is m\u00fcavini v\u0259ziv\u0259sind\u0259 \u00e7al\u0131\u015fm\u0131\u015fd\u0131r. 2011-ci ild\u0259n t\u0259qa\u00fcdd\u0259dir. Az\u0259rbaycan Milli \u0130stiqlal Partiyas\u0131n\u0131n s\u0131ralar\u0131na partiyan\u0131n ilk yarand\u0131\u011f\u0131 g\u00fcnl\u0259rd\u0259n \u00fczv olmu\u015fdur. 1993-c\u00fc ild\u0259n N\u0259rimanov [&hellip;]\" \/>\n<meta property=\"og:url\" content=\"https:\/\/amip.az\/az\/az\u0259rbaycan-milli-istiqlal-partiyasinin-s\u0259drinin-musaviri\/\" \/>\n<meta property=\"og:site_name\" content=\"Az\u0259rbaycan Milli \u0130stiqlal Partiyas\u0131\" \/>\n<meta property=\"article:publisher\" content=\"https:\/\/www.facebook.com\/istiqlal91\" \/>\n<meta property=\"article:modified_time\" content=\"2022-07-18T05:52:58+00:00\" \/>\n<meta property=\"og:image\" content=\"https:\/\/amip.az\/wp-content\/uploads\/2022\/06\/amip_eldar_qoshun_huseynov_01_420.jpg\" \/>\n<meta name=\"twitter:card\" content=\"summary_large_image\" \/>\n<meta name=\"twitter:site\" content=\"@APartiyas\" \/>\n<meta name=\"twitter:label1\" content=\"Est. reading time\" \/>\n\t<meta name=\"twitter:data1\" content=\"1 minute\" \/>\n<script type=\"application\/ld+json\" class=\"yoast-schema-graph\">{\"@context\":\"https:\/\/schema.org\",\"@graph\":[{\"@type\":\"WebPage\",\"@id\":\"https:\/\/amip.az\/az%c9%99rbaycan-milli-istiqlal-partiyasinin-s%c9%99drinin-musaviri\/\",\"url\":\"https:\/\/amip.az\/az%c9%99rbaycan-milli-istiqlal-partiyasinin-s%c9%99drinin-musaviri\/\",\"name\":\"Az\u0259rbaycan Milli \u0130stiqlal Partiyas\u0131\u00a0s\u0259drinin m\u00fc\u015faviri - Az\u0259rbaycan Milli \u0130stiqlal Partiyas\u0131\",\"isPartOf\":{\"@id\":\"https:\/\/amip.az\/az\/#website\"},\"primaryImageOfPage\":{\"@id\":\"https:\/\/amip.az\/az%c9%99rbaycan-milli-istiqlal-partiyasinin-s%c9%99drinin-musaviri\/#primaryimage\"},\"image\":{\"@id\":\"https:\/\/amip.az\/az%c9%99rbaycan-milli-istiqlal-partiyasinin-s%c9%99drinin-musaviri\/#primaryimage\"},\"thumbnailUrl\":\"https:\/\/amip.az\/wp-content\/uploads\/2022\/06\/amip_eldar_qoshun_huseynov_01_420.jpg\",\"datePublished\":\"2022-06-14T08:12:31+00:00\",\"dateModified\":\"2022-07-18T05:52:58+00:00\",\"breadcrumb\":{\"@id\":\"https:\/\/amip.az\/az%c9%99rbaycan-milli-istiqlal-partiyasinin-s%c9%99drinin-musaviri\/#breadcrumb\"},\"inLanguage\":\"az\",\"potentialAction\":[{\"@type\":\"ReadAction\",\"target\":[\"https:\/\/amip.az\/az%c9%99rbaycan-milli-istiqlal-partiyasinin-s%c9%99drinin-musaviri\/\"]}]},{\"@type\":\"ImageObject\",\"inLanguage\":\"az\",\"@id\":\"https:\/\/amip.az\/az%c9%99rbaycan-milli-istiqlal-partiyasinin-s%c9%99drinin-musaviri\/#primaryimage\",\"url\":\"https:\/\/amip.az\/wp-content\/uploads\/2022\/06\/amip_eldar_qoshun_huseynov_01_420.jpg\",\"contentUrl\":\"https:\/\/amip.az\/wp-content\/uploads\/2022\/06\/amip_eldar_qoshun_huseynov_01_420.jpg\"},{\"@type\":\"BreadcrumbList\",\"@id\":\"https:\/\/amip.az\/az%c9%99rbaycan-milli-istiqlal-partiyasinin-s%c9%99drinin-musaviri\/#breadcrumb\",\"itemListElement\":[{\"@type\":\"ListItem\",\"position\":1,\"name\":\"Home\",\"item\":\"https:\/\/amip.az\/\"},{\"@type\":\"ListItem\",\"position\":2,\"name\":\"Az\u0259rbaycan Milli \u0130stiqlal Partiyas\u0131\u00a0s\u0259drinin m\u00fc\u015faviri\"}]},{\"@type\":\"WebSite\",\"@id\":\"https:\/\/amip.az\/az\/#website\",\"url\":\"https:\/\/amip.az\/az\/\",\"name\":\"Az\u0259rbaycan Milli \u0130stiqlal Partiyas\u0131\",\"description\":\"AM\u0130P\",\"publisher\":{\"@id\":\"https:\/\/amip.az\/az\/#organization\"},\"potentialAction\":[{\"@type\":\"SearchAction\",\"target\":{\"@type\":\"EntryPoint\",\"urlTemplate\":\"https:\/\/amip.az\/az\/?s={search_term_string}\"},\"query-input\":{\"@type\":\"PropertyValueSpecification\",\"valueRequired\":true,\"valueName\":\"search_term_string\"}}],\"inLanguage\":\"az\"},{\"@type\":\"Organization\",\"@id\":\"https:\/\/amip.az\/az\/#organization\",\"name\":\"Az\u0259rbaycan Milli \u0130stiqlal Partiyas\u0131\",\"url\":\"https:\/\/amip.az\/az\/\",\"logo\":{\"@type\":\"ImageObject\",\"inLanguage\":\"az\",\"@id\":\"https:\/\/amip.az\/az\/#\/schema\/logo\/image\/\",\"url\":\"https:\/\/amip.az\/wp-content\/uploads\/2023\/06\/amiplogo.png\",\"contentUrl\":\"https:\/\/amip.az\/wp-content\/uploads\/2023\/06\/amiplogo.png\",\"width\":723,\"height\":423,\"caption\":\"Az\u0259rbaycan Milli \u0130stiqlal Partiyas\u0131\"},\"image\":{\"@id\":\"https:\/\/amip.az\/az\/#\/schema\/logo\/image\/\"},\"sameAs\":[\"https:\/\/www.facebook.com\/istiqlal91\",\"https:\/\/x.com\/APartiyas\",\"https:\/\/www.youtube.com\/channel\/UCF3pc8spko_xON2sr4vUC5A\"]}]}<\/script>\n<!-- \/ Yoast SEO plugin. -->","yoast_head_json":{"title":"Az\u0259rbaycan Milli \u0130stiqlal Partiyas\u0131\u00a0s\u0259drinin m\u00fc\u015faviri - Az\u0259rbaycan Milli \u0130stiqlal Partiyas\u0131","robots":{"index":"index","follow":"follow","max-snippet":"max-snippet:-1","max-image-preview":"max-image-preview:large","max-video-preview":"max-video-preview:-1"},"canonical":"https:\/\/amip.az\/az\/az\u0259rbaycan-milli-istiqlal-partiyasinin-s\u0259drinin-musaviri\/","og_locale":"az_AZ","og_type":"article","og_title":"Az\u0259rbaycan Milli \u0130stiqlal Partiyas\u0131\u00a0s\u0259drinin m\u00fc\u015faviri - Az\u0259rbaycan Milli \u0130stiqlal Partiyas\u0131","og_description":"Eldar Qo\u015fun o\u011flu H\u00fcseynov 15 avqust 1943-c\u00fc ild\u0259 Z\u0259ng\u0259zur mahal\u0131n\u0131n Oxtar k\u0259ndind\u0259 anadan olub. \u00c7. \u0130ld\u0131r\u0131m ad\u0131na Politexnik \u0130nstitutunu mexanika fak\u00fclt\u0259sini bitirib. \u018fm\u0259k f\u0259aliyy\u0259tin\u0259 1962-ci ill\u0259rd\u0259n ba\u015flay\u0131b. 1962-1964-c\u00fc ill\u0259rd\u0259 18 N-li tikinti kombinat\u0131nda r\u0259ngsazl\u0131qdan idar\u0259 r\u0259isi v\u0259zif\u0259sin\u0259d\u0259k y\u00fcks\u0259lmi\u015fdir. 1991-ci ild\u0259 &#8220;\u015e\u00dcA&#8221; istehsalat Kommersiya M\u0259rk\u0259zinin direktor m\u00fcavini, 1993-c\u00fc ild\u0259 Az\u0259relektrik m\u00fch\u0259ndisinin m\u00fcavini, 1995-ci ild\u0259n Nizami rayon su idar\u0259sinin r\u0259isi, 1997-ci ild\u0259 Texniki Komplektl\u0259\u015fdirm\u0259 idar\u0259sinin r\u0259is m\u00fcavini v\u0259ziv\u0259sind\u0259 \u00e7al\u0131\u015fm\u0131\u015fd\u0131r. 2011-ci ild\u0259n t\u0259qa\u00fcdd\u0259dir. Az\u0259rbaycan Milli \u0130stiqlal Partiyas\u0131n\u0131n s\u0131ralar\u0131na partiyan\u0131n ilk yarand\u0131\u011f\u0131 g\u00fcnl\u0259rd\u0259n \u00fczv olmu\u015fdur. 1993-c\u00fc ild\u0259n N\u0259rimanov [&hellip;]","og_url":"https:\/\/amip.az\/az\/az\u0259rbaycan-milli-istiqlal-partiyasinin-s\u0259drinin-musaviri\/","og_site_name":"Az\u0259rbaycan Milli \u0130stiqlal Partiyas\u0131","article_publisher":"https:\/\/www.facebook.com\/istiqlal91","article_modified_time":"2022-07-18T05:52:58+00:00","og_image":[{"url":"https:\/\/amip.az\/wp-content\/uploads\/2022\/06\/amip_eldar_qoshun_huseynov_01_420.jpg"}],"twitter_card":"summary_large_image","twitter_site":"@APartiyas","twitter_misc":{"Est. reading time":"1 minute"},"schema":{"@context":"https:\/\/schema.org","@graph":[{"@type":"WebPage","@id":"https:\/\/amip.az\/az%c9%99rbaycan-milli-istiqlal-partiyasinin-s%c9%99drinin-musaviri\/","url":"https:\/\/amip.az\/az%c9%99rbaycan-milli-istiqlal-partiyasinin-s%c9%99drinin-musaviri\/","name":"Az\u0259rbaycan Milli \u0130stiqlal Partiyas\u0131\u00a0s\u0259drinin m\u00fc\u015faviri - Az\u0259rbaycan Milli \u0130stiqlal Partiyas\u0131","isPartOf":{"@id":"https:\/\/amip.az\/az\/#website"},"primaryImageOfPage":{"@id":"https:\/\/amip.az\/az%c9%99rbaycan-milli-istiqlal-partiyasinin-s%c9%99drinin-musaviri\/#primaryimage"},"image":{"@id":"https:\/\/amip.az\/az%c9%99rbaycan-milli-istiqlal-partiyasinin-s%c9%99drinin-musaviri\/#primaryimage"},"thumbnailUrl":"https:\/\/amip.az\/wp-content\/uploads\/2022\/06\/amip_eldar_qoshun_huseynov_01_420.jpg","datePublished":"2022-06-14T08:12:31+00:00","dateModified":"2022-07-18T05:52:58+00:00","breadcrumb":{"@id":"https:\/\/amip.az\/az%c9%99rbaycan-milli-istiqlal-partiyasinin-s%c9%99drinin-musaviri\/#breadcrumb"},"inLanguage":"az","potentialAction":[{"@type":"ReadAction","target":["https:\/\/amip.az\/az%c9%99rbaycan-milli-istiqlal-partiyasinin-s%c9%99drinin-musaviri\/"]}]},{"@type":"ImageObject","inLanguage":"az","@id":"https:\/\/amip.az\/az%c9%99rbaycan-milli-istiqlal-partiyasinin-s%c9%99drinin-musaviri\/#primaryimage","url":"https:\/\/amip.az\/wp-content\/uploads\/2022\/06\/amip_eldar_qoshun_huseynov_01_420.jpg","contentUrl":"https:\/\/amip.az\/wp-content\/uploads\/2022\/06\/amip_eldar_qoshun_huseynov_01_420.jpg"},{"@type":"BreadcrumbList","@id":"https:\/\/amip.az\/az%c9%99rbaycan-milli-istiqlal-partiyasinin-s%c9%99drinin-musaviri\/#breadcrumb","itemListElement":[{"@type":"ListItem","position":1,"name":"Home","item":"https:\/\/amip.az\/"},{"@type":"ListItem","position":2,"name":"Az\u0259rbaycan Milli \u0130stiqlal Partiyas\u0131\u00a0s\u0259drinin m\u00fc\u015faviri"}]},{"@type":"WebSite","@id":"https:\/\/amip.az\/az\/#website","url":"https:\/\/amip.az\/az\/","name":"Az\u0259rbaycan Milli \u0130stiqlal Partiyas\u0131","description":"AM\u0130P","publisher":{"@id":"https:\/\/amip.az\/az\/#organization"},"potentialAction":[{"@type":"SearchAction","target":{"@type":"EntryPoint","urlTemplate":"https:\/\/amip.az\/az\/?s={search_term_string}"},"query-input":{"@type":"PropertyValueSpecification","valueRequired":true,"valueName":"search_term_string"}}],"inLanguage":"az"},{"@type":"Organization","@id":"https:\/\/amip.az\/az\/#organization","name":"Az\u0259rbaycan Milli \u0130stiqlal Partiyas\u0131","url":"https:\/\/amip.az\/az\/","logo":{"@type":"ImageObject","inLanguage":"az","@id":"https:\/\/amip.az\/az\/#\/schema\/logo\/image\/","url":"https:\/\/amip.az\/wp-content\/uploads\/2023\/06\/amiplogo.png","contentUrl":"https:\/\/amip.az\/wp-content\/uploads\/2023\/06\/amiplogo.png","width":723,"height":423,"caption":"Az\u0259rbaycan Milli \u0130stiqlal Partiyas\u0131"},"image":{"@id":"https:\/\/amip.az\/az\/#\/schema\/logo\/image\/"},"sameAs":["https:\/\/www.facebook.com\/istiqlal91","https:\/\/x.com\/APartiyas","https:\/\/www.youtube.com\/channel\/UCF3pc8spko_xON2sr4vUC5A"]}]}},"_links":{"self":[{"href":"https:\/\/amip.az\/az\/wp-json\/wp\/v2\/pages\/4475","targetHints":{"allow":["GET"]}}],"collection":[{"href":"https:\/\/amip.az\/az\/wp-json\/wp\/v2\/pages"}],"about":[{"href":"https:\/\/amip.az\/az\/wp-json\/wp\/v2\/types\/page"}],"author":[{"embeddable":true,"href":"https:\/\/amip.az\/az\/wp-json\/wp\/v2\/users\/1"}],"replies":[{"embeddable":true,"href":"https:\/\/amip.az\/az\/wp-json\/wp\/v2\/comments?post=4475"}],"version-history":[{"count":5,"href":"https:\/\/amip.az\/az\/wp-json\/wp\/v2\/pages\/4475\/revisions"}],"predecessor-version":[{"id":5344,"href":"https:\/\/amip.az\/az\/wp-json\/wp\/v2\/pages\/4475\/revisions\/5344"}],"wp:attachment":[{"href":"https:\/\/amip.az\/az\/wp-json\/wp\/v2\/media?parent=4475"}],"curies":[{"name":"wp","href":"https:\/\/api.w.org\/{rel}","templated":true}]}}