{"id":4482,"date":"2022-06-15T22:35:12","date_gmt":"2022-06-15T18:35:12","guid":{"rendered":"https:\/\/vtstrt.mediadesigntech.com\/?page_id=4482"},"modified":"2026-02-14T13:22:07","modified_gmt":"2026-02-14T09:22:07","slug":"az%c9%99rbaycan-milli-istiqlal-partiyasinin-siyasi-sura-uzvu-6","status":"publish","type":"page","link":"https:\/\/amip.az\/az\/az%c9%99rbaycan-milli-istiqlal-partiyasinin-siyasi-sura-uzvu-6\/","title":{"rendered":"Az\u0259rbaycan Milli \u0130stiqlal Partiyas\u0131 s\u0259drinin Se\u00e7ki M\u0259s\u0259l\u0259l\u0259ri \u00fczr\u0259 m\u00fcavini"},"content":{"rendered":"\n<figure class=\"wp-block-image size-full\"><img loading=\"lazy\" decoding=\"async\" width=\"960\" height=\"775\" src=\"https:\/\/amip.az\/wp-content\/uploads\/2022\/06\/amip_y\u0259hya_mahammadali_oglu_hasanov_01_960.jpg\" alt=\"Y\u0259hya M\u0259h\u0259mm\u0259d\u0259li o\u011flu H\u0259s\u0259nov\" class=\"wp-image-4840\" srcset=\"https:\/\/amip.az\/wp-content\/uploads\/2022\/06\/amip_y\u0259hya_mahammadali_oglu_hasanov_01_960.jpg 960w, https:\/\/amip.az\/wp-content\/uploads\/2022\/06\/amip_y\u0259hya_mahammadali_oglu_hasanov_01_960-300x242.jpg 300w, https:\/\/amip.az\/wp-content\/uploads\/2022\/06\/amip_y\u0259hya_mahammadali_oglu_hasanov_01_960-768x620.jpg 768w, https:\/\/amip.az\/wp-content\/uploads\/2022\/06\/amip_y\u0259hya_mahammadali_oglu_hasanov_01_960-15x12.jpg 15w\" sizes=\"auto, (max-width: 960px) 100vw, 960px\" \/><\/figure>\n\n\n\n<p>Y\u0259hya M\u0259h\u0259mm\u0259d\u0259li o\u011flu H\u0259s\u0259nov 15 iyun 1962-ci ild\u0259, Basarke\u00e7\u0259r rayonu Ki\u00e7ik M\u0259zr\u0259 k\u0259ndind\u0259 anadan olmu\u015fdur.<\/p>\n\n\n\n<p>1980-1982-ci ill\u0259rd\u0259 Ordu s\u0131ralar\u0131nda h\u0259rbi xidm\u0259t ke\u00e7ib.<\/p>\n\n\n\n<p>1996-c\u0131 ild\u0259 \u00c7. \u0130ld\u0131r\u0131m ad\u0131na Politexnik \u0130nstitutununun radiotexnika fak\u00fclt\u0259sini bitirmi\u015fdir.<\/p>\n\n\n\n<p>1983-c\u00fc ild\u0259 Bak\u0131 \u015f\u0259h\u0259rind\u0259 Bak\u0131 Ba\u015f Tikinti idar\u0259sinin 203 sayl\u0131 ixtisasla\u015fd\u0131r\u0131lm\u0131\u015f v\u0259 mexanikl\u0259\u015fdirm\u0259 idar\u0259sind\u0259 \u00e7iling\u0259r v\u0259zif\u0259sind\u0259 i\u015f f\u0259aliyy\u0259tin\u0259 ba\u015flam\u0131\u015fd\u0131r, H\u0259mkarlar T\u0259\u015fkilatlar\u0131n\u0131n s\u0259dri Baza R\u0259isi v\u0259zif\u0259sin\u0259 q\u0259d\u0259r y\u00fcks\u0259lmi\u015fdir.<\/p>\n\n\n\n<p>1988-ci Az\u0259rbaycan\u0131n Azadl\u0131\u011f\u0131 v\u0259 M\u00fcst\u0259qilliyi u\u011furunda ba\u015flanan h\u0259r\u0259kata qo\u015fulmu\u015fdur. Az\u0259rbaycanda ilk yaranan Az\u0259rbaycan Milli \u0130stiqlal Partiyas\u0131n\u0131n Bin\u0259q\u0259di Rayon T\u0259\u015fkilat\u0131n\u0131n formala\u015fmas\u0131nda ilk \u00f6z\u0259yin yarad\u0131lmas\u0131nda rolu olmu\u015f, \u00f6z\u0259k s\u0259dri, Rayon \u015euras\u0131n\u0131n \u00fczv\u00fc,\u0130dar\u0259 Hey\u0259tinin \u00fczv\u00fc se\u00e7ilmi\u015f v\u0259 9 il RT &#8211; na s\u0259drlik etmi\u015fdir.  16 yanvar 2024-ci il tarixind\u0259 AM\u0130P s\u0259drinin  Se\u00e7ki M\u0259s\u0259l\u0259l\u0259ri \u00fczr\u0259 m\u00fcavini t\u0259yin edilmi\u015fdir. <\/p>\n\n\n\n<p><\/p>\n","protected":false},"excerpt":{"rendered":"<p>Y\u0259hya M\u0259h\u0259mm\u0259d\u0259li o\u011flu H\u0259s\u0259nov 15 iyun 1962-ci ild\u0259, Basarke\u00e7\u0259r rayonu Ki\u00e7ik M\u0259zr\u0259 k\u0259ndind\u0259 anadan olmu\u015fdur. 1980-1982-ci ill\u0259rd\u0259 Ordu s\u0131ralar\u0131nda h\u0259rbi xidm\u0259t ke\u00e7ib. 1996-c\u0131 ild\u0259 \u00c7. \u0130ld\u0131r\u0131m ad\u0131na Politexnik \u0130nstitutununun radiotexnika fak\u00fclt\u0259sini bitirmi\u015fdir. 1983-c\u00fc ild\u0259 Bak\u0131 \u015f\u0259h\u0259rind\u0259 Bak\u0131 Ba\u015f Tikinti idar\u0259sinin 203 sayl\u0131 ixtisasla\u015fd\u0131r\u0131lm\u0131\u015f v\u0259 mexanikl\u0259\u015fdirm\u0259 idar\u0259sind\u0259 \u00e7iling\u0259r v\u0259zif\u0259sind\u0259 i\u015f f\u0259aliyy\u0259tin\u0259 ba\u015flam\u0131\u015fd\u0131r, H\u0259mkarlar T\u0259\u015fkilatlar\u0131n\u0131n s\u0259dri Baza R\u0259isi v\u0259zif\u0259sin\u0259 q\u0259d\u0259r y\u00fcks\u0259lmi\u015fdir. 1988-ci Az\u0259rbaycan\u0131n Azadl\u0131\u011f\u0131 v\u0259 M\u00fcst\u0259qilliyi u\u011furunda ba\u015flanan h\u0259r\u0259kata qo\u015fulmu\u015fdur. Az\u0259rbaycanda ilk yaranan Az\u0259rbaycan Milli \u0130stiqlal Partiyas\u0131n\u0131n Bin\u0259q\u0259di Rayon T\u0259\u015fkilat\u0131n\u0131n formala\u015fmas\u0131nda ilk \u00f6z\u0259yin yarad\u0131lmas\u0131nda rolu olmu\u015f, [&hellip;]<\/p>\n","protected":false},"author":1,"featured_media":0,"parent":0,"menu_order":0,"comment_status":"closed","ping_status":"closed","template":"","meta":{"footnotes":""},"class_list":["post-4482","page","type-page","status-publish","hentry"],"yoast_head":"<!-- This site is optimized with the Yoast SEO plugin v23.8 - https:\/\/yoast.com\/wordpress\/plugins\/seo\/ -->\n<title>Az\u0259rbaycan Milli \u0130stiqlal Partiyas\u0131 s\u0259drinin Se\u00e7ki M\u0259s\u0259l\u0259l\u0259ri \u00fczr\u0259 m\u00fcavini - Az\u0259rbaycan Milli \u0130stiqlal Partiyas\u0131<\/title>\n<meta name=\"robots\" content=\"index, follow, max-snippet:-1, max-image-preview:large, max-video-preview:-1\" \/>\n<link rel=\"canonical\" href=\"https:\/\/amip.az\/az\/az\u0259rbaycan-milli-istiqlal-partiyasinin-siyasi-sura-uzvu-6\/\" \/>\n<meta property=\"og:locale\" content=\"az_AZ\" \/>\n<meta property=\"og:type\" content=\"article\" \/>\n<meta property=\"og:title\" content=\"Az\u0259rbaycan Milli \u0130stiqlal Partiyas\u0131 s\u0259drinin Se\u00e7ki M\u0259s\u0259l\u0259l\u0259ri \u00fczr\u0259 m\u00fcavini - Az\u0259rbaycan Milli \u0130stiqlal Partiyas\u0131\" \/>\n<meta property=\"og:description\" content=\"Y\u0259hya M\u0259h\u0259mm\u0259d\u0259li o\u011flu H\u0259s\u0259nov 15 iyun 1962-ci ild\u0259, Basarke\u00e7\u0259r rayonu Ki\u00e7ik M\u0259zr\u0259 k\u0259ndind\u0259 anadan olmu\u015fdur. 1980-1982-ci ill\u0259rd\u0259 Ordu s\u0131ralar\u0131nda h\u0259rbi xidm\u0259t ke\u00e7ib. 1996-c\u0131 ild\u0259 \u00c7. \u0130ld\u0131r\u0131m ad\u0131na Politexnik \u0130nstitutununun radiotexnika fak\u00fclt\u0259sini bitirmi\u015fdir. 1983-c\u00fc ild\u0259 Bak\u0131 \u015f\u0259h\u0259rind\u0259 Bak\u0131 Ba\u015f Tikinti idar\u0259sinin 203 sayl\u0131 ixtisasla\u015fd\u0131r\u0131lm\u0131\u015f v\u0259 mexanikl\u0259\u015fdirm\u0259 idar\u0259sind\u0259 \u00e7iling\u0259r v\u0259zif\u0259sind\u0259 i\u015f f\u0259aliyy\u0259tin\u0259 ba\u015flam\u0131\u015fd\u0131r, H\u0259mkarlar T\u0259\u015fkilatlar\u0131n\u0131n s\u0259dri Baza R\u0259isi v\u0259zif\u0259sin\u0259 q\u0259d\u0259r y\u00fcks\u0259lmi\u015fdir. 1988-ci Az\u0259rbaycan\u0131n Azadl\u0131\u011f\u0131 v\u0259 M\u00fcst\u0259qilliyi u\u011furunda ba\u015flanan h\u0259r\u0259kata qo\u015fulmu\u015fdur. Az\u0259rbaycanda ilk yaranan Az\u0259rbaycan Milli \u0130stiqlal Partiyas\u0131n\u0131n Bin\u0259q\u0259di Rayon T\u0259\u015fkilat\u0131n\u0131n formala\u015fmas\u0131nda ilk \u00f6z\u0259yin yarad\u0131lmas\u0131nda rolu olmu\u015f, [&hellip;]\" \/>\n<meta property=\"og:url\" content=\"https:\/\/amip.az\/az\/az\u0259rbaycan-milli-istiqlal-partiyasinin-siyasi-sura-uzvu-6\/\" \/>\n<meta property=\"og:site_name\" content=\"Az\u0259rbaycan Milli \u0130stiqlal Partiyas\u0131\" \/>\n<meta property=\"article:publisher\" content=\"https:\/\/www.facebook.com\/istiqlal91\" \/>\n<meta property=\"article:modified_time\" content=\"2026-02-14T09:22:07+00:00\" \/>\n<meta name=\"twitter:card\" content=\"summary_large_image\" \/>\n<meta name=\"twitter:site\" content=\"@APartiyas\" \/>\n<meta name=\"twitter:label1\" content=\"Est. reading time\" \/>\n\t<meta name=\"twitter:data1\" content=\"1 minute\" \/>\n<script type=\"application\/ld+json\" class=\"yoast-schema-graph\">{\"@context\":\"https:\/\/schema.org\",\"@graph\":[{\"@type\":\"WebPage\",\"@id\":\"https:\/\/amip.az\/az%c9%99rbaycan-milli-istiqlal-partiyasinin-siyasi-sura-uzvu-6\/\",\"url\":\"https:\/\/amip.az\/az%c9%99rbaycan-milli-istiqlal-partiyasinin-siyasi-sura-uzvu-6\/\",\"name\":\"Az\u0259rbaycan Milli \u0130stiqlal Partiyas\u0131 s\u0259drinin Se\u00e7ki M\u0259s\u0259l\u0259l\u0259ri \u00fczr\u0259 m\u00fcavini - Az\u0259rbaycan Milli \u0130stiqlal Partiyas\u0131\",\"isPartOf\":{\"@id\":\"https:\/\/amip.az\/az\/#website\"},\"datePublished\":\"2022-06-15T18:35:12+00:00\",\"dateModified\":\"2026-02-14T09:22:07+00:00\",\"breadcrumb\":{\"@id\":\"https:\/\/amip.az\/az%c9%99rbaycan-milli-istiqlal-partiyasinin-siyasi-sura-uzvu-6\/#breadcrumb\"},\"inLanguage\":\"az\",\"potentialAction\":[{\"@type\":\"ReadAction\",\"target\":[\"https:\/\/amip.az\/az%c9%99rbaycan-milli-istiqlal-partiyasinin-siyasi-sura-uzvu-6\/\"]}]},{\"@type\":\"BreadcrumbList\",\"@id\":\"https:\/\/amip.az\/az%c9%99rbaycan-milli-istiqlal-partiyasinin-siyasi-sura-uzvu-6\/#breadcrumb\",\"itemListElement\":[{\"@type\":\"ListItem\",\"position\":1,\"name\":\"Home\",\"item\":\"https:\/\/amip.az\/\"},{\"@type\":\"ListItem\",\"position\":2,\"name\":\"Az\u0259rbaycan Milli \u0130stiqlal Partiyas\u0131 s\u0259drinin Se\u00e7ki M\u0259s\u0259l\u0259l\u0259ri \u00fczr\u0259 m\u00fcavini\"}]},{\"@type\":\"WebSite\",\"@id\":\"https:\/\/amip.az\/az\/#website\",\"url\":\"https:\/\/amip.az\/az\/\",\"name\":\"Az\u0259rbaycan Milli \u0130stiqlal Partiyas\u0131\",\"description\":\"AM\u0130P\",\"publisher\":{\"@id\":\"https:\/\/amip.az\/az\/#organization\"},\"potentialAction\":[{\"@type\":\"SearchAction\",\"target\":{\"@type\":\"EntryPoint\",\"urlTemplate\":\"https:\/\/amip.az\/az\/?s={search_term_string}\"},\"query-input\":{\"@type\":\"PropertyValueSpecification\",\"valueRequired\":true,\"valueName\":\"search_term_string\"}}],\"inLanguage\":\"az\"},{\"@type\":\"Organization\",\"@id\":\"https:\/\/amip.az\/az\/#organization\",\"name\":\"Az\u0259rbaycan Milli \u0130stiqlal Partiyas\u0131\",\"url\":\"https:\/\/amip.az\/az\/\",\"logo\":{\"@type\":\"ImageObject\",\"inLanguage\":\"az\",\"@id\":\"https:\/\/amip.az\/az\/#\/schema\/logo\/image\/\",\"url\":\"https:\/\/amip.az\/wp-content\/uploads\/2023\/06\/amiplogo.png\",\"contentUrl\":\"https:\/\/amip.az\/wp-content\/uploads\/2023\/06\/amiplogo.png\",\"width\":723,\"height\":423,\"caption\":\"Az\u0259rbaycan Milli \u0130stiqlal Partiyas\u0131\"},\"image\":{\"@id\":\"https:\/\/amip.az\/az\/#\/schema\/logo\/image\/\"},\"sameAs\":[\"https:\/\/www.facebook.com\/istiqlal91\",\"https:\/\/x.com\/APartiyas\",\"https:\/\/www.youtube.com\/channel\/UCF3pc8spko_xON2sr4vUC5A\"]}]}<\/script>\n<!-- \/ Yoast SEO plugin. -->","yoast_head_json":{"title":"Az\u0259rbaycan Milli \u0130stiqlal Partiyas\u0131 s\u0259drinin Se\u00e7ki M\u0259s\u0259l\u0259l\u0259ri \u00fczr\u0259 m\u00fcavini - Az\u0259rbaycan Milli \u0130stiqlal Partiyas\u0131","robots":{"index":"index","follow":"follow","max-snippet":"max-snippet:-1","max-image-preview":"max-image-preview:large","max-video-preview":"max-video-preview:-1"},"canonical":"https:\/\/amip.az\/az\/az\u0259rbaycan-milli-istiqlal-partiyasinin-siyasi-sura-uzvu-6\/","og_locale":"az_AZ","og_type":"article","og_title":"Az\u0259rbaycan Milli \u0130stiqlal Partiyas\u0131 s\u0259drinin Se\u00e7ki M\u0259s\u0259l\u0259l\u0259ri \u00fczr\u0259 m\u00fcavini - Az\u0259rbaycan Milli \u0130stiqlal Partiyas\u0131","og_description":"Y\u0259hya M\u0259h\u0259mm\u0259d\u0259li o\u011flu H\u0259s\u0259nov 15 iyun 1962-ci ild\u0259, Basarke\u00e7\u0259r rayonu Ki\u00e7ik M\u0259zr\u0259 k\u0259ndind\u0259 anadan olmu\u015fdur. 1980-1982-ci ill\u0259rd\u0259 Ordu s\u0131ralar\u0131nda h\u0259rbi xidm\u0259t ke\u00e7ib. 1996-c\u0131 ild\u0259 \u00c7. \u0130ld\u0131r\u0131m ad\u0131na Politexnik \u0130nstitutununun radiotexnika fak\u00fclt\u0259sini bitirmi\u015fdir. 1983-c\u00fc ild\u0259 Bak\u0131 \u015f\u0259h\u0259rind\u0259 Bak\u0131 Ba\u015f Tikinti idar\u0259sinin 203 sayl\u0131 ixtisasla\u015fd\u0131r\u0131lm\u0131\u015f v\u0259 mexanikl\u0259\u015fdirm\u0259 idar\u0259sind\u0259 \u00e7iling\u0259r v\u0259zif\u0259sind\u0259 i\u015f f\u0259aliyy\u0259tin\u0259 ba\u015flam\u0131\u015fd\u0131r, H\u0259mkarlar T\u0259\u015fkilatlar\u0131n\u0131n s\u0259dri Baza R\u0259isi v\u0259zif\u0259sin\u0259 q\u0259d\u0259r y\u00fcks\u0259lmi\u015fdir. 1988-ci Az\u0259rbaycan\u0131n Azadl\u0131\u011f\u0131 v\u0259 M\u00fcst\u0259qilliyi u\u011furunda ba\u015flanan h\u0259r\u0259kata qo\u015fulmu\u015fdur. Az\u0259rbaycanda ilk yaranan Az\u0259rbaycan Milli \u0130stiqlal Partiyas\u0131n\u0131n Bin\u0259q\u0259di Rayon T\u0259\u015fkilat\u0131n\u0131n formala\u015fmas\u0131nda ilk \u00f6z\u0259yin yarad\u0131lmas\u0131nda rolu olmu\u015f, [&hellip;]","og_url":"https:\/\/amip.az\/az\/az\u0259rbaycan-milli-istiqlal-partiyasinin-siyasi-sura-uzvu-6\/","og_site_name":"Az\u0259rbaycan Milli \u0130stiqlal Partiyas\u0131","article_publisher":"https:\/\/www.facebook.com\/istiqlal91","article_modified_time":"2026-02-14T09:22:07+00:00","twitter_card":"summary_large_image","twitter_site":"@APartiyas","twitter_misc":{"Est. reading time":"1 minute"},"schema":{"@context":"https:\/\/schema.org","@graph":[{"@type":"WebPage","@id":"https:\/\/amip.az\/az%c9%99rbaycan-milli-istiqlal-partiyasinin-siyasi-sura-uzvu-6\/","url":"https:\/\/amip.az\/az%c9%99rbaycan-milli-istiqlal-partiyasinin-siyasi-sura-uzvu-6\/","name":"Az\u0259rbaycan Milli \u0130stiqlal Partiyas\u0131 s\u0259drinin Se\u00e7ki M\u0259s\u0259l\u0259l\u0259ri \u00fczr\u0259 m\u00fcavini - Az\u0259rbaycan Milli \u0130stiqlal Partiyas\u0131","isPartOf":{"@id":"https:\/\/amip.az\/az\/#website"},"datePublished":"2022-06-15T18:35:12+00:00","dateModified":"2026-02-14T09:22:07+00:00","breadcrumb":{"@id":"https:\/\/amip.az\/az%c9%99rbaycan-milli-istiqlal-partiyasinin-siyasi-sura-uzvu-6\/#breadcrumb"},"inLanguage":"az","potentialAction":[{"@type":"ReadAction","target":["https:\/\/amip.az\/az%c9%99rbaycan-milli-istiqlal-partiyasinin-siyasi-sura-uzvu-6\/"]}]},{"@type":"BreadcrumbList","@id":"https:\/\/amip.az\/az%c9%99rbaycan-milli-istiqlal-partiyasinin-siyasi-sura-uzvu-6\/#breadcrumb","itemListElement":[{"@type":"ListItem","position":1,"name":"Home","item":"https:\/\/amip.az\/"},{"@type":"ListItem","position":2,"name":"Az\u0259rbaycan Milli \u0130stiqlal Partiyas\u0131 s\u0259drinin Se\u00e7ki M\u0259s\u0259l\u0259l\u0259ri \u00fczr\u0259 m\u00fcavini"}]},{"@type":"WebSite","@id":"https:\/\/amip.az\/az\/#website","url":"https:\/\/amip.az\/az\/","name":"Az\u0259rbaycan Milli \u0130stiqlal Partiyas\u0131","description":"AM\u0130P","publisher":{"@id":"https:\/\/amip.az\/az\/#organization"},"potentialAction":[{"@type":"SearchAction","target":{"@type":"EntryPoint","urlTemplate":"https:\/\/amip.az\/az\/?s={search_term_string}"},"query-input":{"@type":"PropertyValueSpecification","valueRequired":true,"valueName":"search_term_string"}}],"inLanguage":"az"},{"@type":"Organization","@id":"https:\/\/amip.az\/az\/#organization","name":"Az\u0259rbaycan Milli \u0130stiqlal Partiyas\u0131","url":"https:\/\/amip.az\/az\/","logo":{"@type":"ImageObject","inLanguage":"az","@id":"https:\/\/amip.az\/az\/#\/schema\/logo\/image\/","url":"https:\/\/amip.az\/wp-content\/uploads\/2023\/06\/amiplogo.png","contentUrl":"https:\/\/amip.az\/wp-content\/uploads\/2023\/06\/amiplogo.png","width":723,"height":423,"caption":"Az\u0259rbaycan Milli \u0130stiqlal Partiyas\u0131"},"image":{"@id":"https:\/\/amip.az\/az\/#\/schema\/logo\/image\/"},"sameAs":["https:\/\/www.facebook.com\/istiqlal91","https:\/\/x.com\/APartiyas","https:\/\/www.youtube.com\/channel\/UCF3pc8spko_xON2sr4vUC5A"]}]}},"_links":{"self":[{"href":"https:\/\/amip.az\/az\/wp-json\/wp\/v2\/pages\/4482","targetHints":{"allow":["GET"]}}],"collection":[{"href":"https:\/\/amip.az\/az\/wp-json\/wp\/v2\/pages"}],"about":[{"href":"https:\/\/amip.az\/az\/wp-json\/wp\/v2\/types\/page"}],"author":[{"embeddable":true,"href":"https:\/\/amip.az\/az\/wp-json\/wp\/v2\/users\/1"}],"replies":[{"embeddable":true,"href":"https:\/\/amip.az\/az\/wp-json\/wp\/v2\/comments?post=4482"}],"version-history":[{"count":7,"href":"https:\/\/amip.az\/az\/wp-json\/wp\/v2\/pages\/4482\/revisions"}],"predecessor-version":[{"id":10019,"href":"https:\/\/amip.az\/az\/wp-json\/wp\/v2\/pages\/4482\/revisions\/10019"}],"wp:attachment":[{"href":"https:\/\/amip.az\/az\/wp-json\/wp\/v2\/media?parent=4482"}],"curies":[{"name":"wp","href":"https:\/\/api.w.org\/{rel}","templated":true}]}}