{"id":4518,"date":"2022-06-16T07:43:03","date_gmt":"2022-06-16T03:43:03","guid":{"rendered":"https:\/\/vtstrt.mediadesigntech.com\/?page_id=4518"},"modified":"2022-07-21T15:49:19","modified_gmt":"2022-07-21T11:49:19","slug":"az%c9%99rbaycan-milli-istiqlal-partiyasinin-siyasi-surasi","status":"publish","type":"page","link":"https:\/\/amip.az\/az\/az%c9%99rbaycan-milli-istiqlal-partiyasinin-siyasi-surasi\/","title":{"rendered":"Az\u0259rbaycan Milli \u0130stiqlal Partiyas\u0131 Siyasi \u015euras\u0131n\u0131n \u00fczvl\u0259ri"},"content":{"rendered":"<div class=\"mkdf-row-grid-section-wrapper \"  ><div class=\"mkdf-row-grid-section\"><div class=\"vc_row wpb_row vc_row-fluid vc_custom_1655365068224\" ><div class=\"wpb_column vc_column_container vc_col-sm-12 vc_col-lg-offset-0 vc_col-lg-4 vc_col-md-offset-0 vc_col-md-12 vc_col-sm-offset-0 vc_col-xs-12\"><div class=\"vc_column-inner\"><div class=\"wpb_wrapper\"><div class=\"mkdf-elements-holder-wrapper\"><div class=\"mkdf-elements-holder   mkdf-one-column    mkdf-responsive-mode-768 \" ><div class=\"mkdf-eh-item    \"  data-item-class=\"mkdf-eh-custom-9547\" data-1367-1600=\"0px 28px 45px 0px\" data-1025-1366=\"0px 28px 45px 0px\" data-769-1024=\"0px 0px 130px 0px\" data-681-768=\"0px 0px 120px 0px\" data-680=\"0px 2px 45px 0px\">\n\t<div class=\"mkdf-eh-item-inner\">\n\t\t<div class=\"mkdf-eh-item-content mkdf-eh-custom-9547\" style=\"padding: 0px 28px 45px 0px\">\n\t\t\t<div class=\"mkdf-image-with-text-holder   mkdf-image-behavior-custom-link\">\n    <div class=\"mkdf-iwt-image\">\n        \t            <a itemprop=\"url\" href=\"\/az\/az\u0259rbaycan-milli-istiqlal-partiyasinin-qadinlar-t\u0259skilatinin-s\u0259dri\/\" target=\"_self\">\n                                    <img loading=\"lazy\" decoding=\"async\" width=\"319\" height=\"319\" src=\"https:\/\/amip.az\/wp-content\/uploads\/2022\/06\/amip_amina_aghamirza_qizi_valiyeva_icon_01_319.jpg\" class=\"attachment-full size-full\" alt=\"\u018fmin\u0259 A\u011famirz\u0259 q\u0131z\u0131 V\u0259liyeva\" srcset=\"https:\/\/amip.az\/wp-content\/uploads\/2022\/06\/amip_amina_aghamirza_qizi_valiyeva_icon_01_319.jpg 319w, https:\/\/amip.az\/wp-content\/uploads\/2022\/06\/amip_amina_aghamirza_qizi_valiyeva_icon_01_319-300x300.jpg 300w, https:\/\/amip.az\/wp-content\/uploads\/2022\/06\/amip_amina_aghamirza_qizi_valiyeva_icon_01_319-150x150.jpg 150w, https:\/\/amip.az\/wp-content\/uploads\/2022\/06\/amip_amina_aghamirza_qizi_valiyeva_icon_01_319-12x12.jpg 12w\" sizes=\"auto, (max-width: 319px) 100vw, 319px\" \/>                                <\/a>\n            <\/div>\n    <div class=\"mkdf-iwt-text-holder\">\n\t                        <a itemprop=\"url\" href=\"\/az\/az\u0259rbaycan-milli-istiqlal-partiyasinin-qadinlar-t\u0259skilatinin-s\u0259dri\/\" target=\"_self\">\n            <h4 class=\"mkdf-iwt-title\" style=\"color: #0a0a0a\">Siyasi \u015eura \u00fczv\u00fc<\/h4>\n            <\/a>\n        \t\t            <p class=\"mkdf-iwt-text\" style=\"color: #0a0a0a\">Amin\u0259 A\u011famirz\u0259 q\u0131z\u0131 V\u0259liyeva<\/p>\n            <\/div>\n<\/div>\t\t<\/div>\n\t<\/div>\n<\/div><\/div><\/div><\/div><\/div><\/div><div class=\"wpb_column vc_column_container vc_col-sm-12 vc_col-lg-offset-0 vc_col-lg-4 vc_col-md-offset-0 vc_col-md-12 vc_col-sm-offset-0 vc_col-xs-12\"><div class=\"vc_column-inner\"><div class=\"wpb_wrapper\"><div class=\"mkdf-elements-holder-wrapper\"><div class=\"mkdf-elements-holder   mkdf-one-column    mkdf-responsive-mode-768 \" ><div class=\"mkdf-eh-item    \"  data-item-class=\"mkdf-eh-custom-1316\" data-1367-1600=\"0px 28px 45px 0px\" data-1025-1366=\"0px 28px 45px 0px\" data-769-1024=\"0px 0px 130px 0px\" data-681-768=\"0px 0px 120px 0px\" data-680=\"0px 2px 45px 0px\">\n\t<div class=\"mkdf-eh-item-inner\">\n\t\t<div class=\"mkdf-eh-item-content mkdf-eh-custom-1316\" style=\"padding: 0px 28px 45px 0px\">\n\t\t\t<div class=\"mkdf-image-with-text-holder   mkdf-image-behavior-custom-link\">\n    <div class=\"mkdf-iwt-image\">\n        \t            <a itemprop=\"url\" href=\"\/az\/az\u0259rbaycan-milli-istiqlal-partiyasinin-siyasi-sura-uzvu-5\/\" target=\"_self\">\n                                    <img loading=\"lazy\" decoding=\"async\" width=\"319\" height=\"319\" src=\"https:\/\/amip.az\/wp-content\/uploads\/2022\/06\/amip_malikaliyev_xanmirza_xanbala_oglu_icon_01_319.jpg\" class=\"attachment-full size-full\" alt=\"M\u0259lik\u0259liyev Xanmirz\u0259 Xanbala o\u011flu\" srcset=\"https:\/\/amip.az\/wp-content\/uploads\/2022\/06\/amip_malikaliyev_xanmirza_xanbala_oglu_icon_01_319.jpg 319w, https:\/\/amip.az\/wp-content\/uploads\/2022\/06\/amip_malikaliyev_xanmirza_xanbala_oglu_icon_01_319-300x300.jpg 300w, https:\/\/amip.az\/wp-content\/uploads\/2022\/06\/amip_malikaliyev_xanmirza_xanbala_oglu_icon_01_319-150x150.jpg 150w, https:\/\/amip.az\/wp-content\/uploads\/2022\/06\/amip_malikaliyev_xanmirza_xanbala_oglu_icon_01_319-12x12.jpg 12w\" sizes=\"auto, (max-width: 319px) 100vw, 319px\" \/>                                <\/a>\n            <\/div>\n    <div class=\"mkdf-iwt-text-holder\">\n\t                        <a itemprop=\"url\" href=\"\/az\/az\u0259rbaycan-milli-istiqlal-partiyasinin-siyasi-sura-uzvu-5\/\" target=\"_self\">\n            <h4 class=\"mkdf-iwt-title\" style=\"color: #0a0a0a\">Siyasi \u015eura \u00fczv\u00fc<\/h4>\n            <\/a>\n        \t\t            <p class=\"mkdf-iwt-text\" style=\"color: #0a0a0a\">Xanmirz\u0259 Xanbala o\u011flu M\u0259lik\u0259liyev<\/p>\n            <\/div>\n<\/div>\t\t<\/div>\n\t<\/div>\n<\/div><\/div><\/div><\/div><\/div><\/div><div class=\"wpb_column vc_column_container vc_col-sm-12 vc_col-lg-offset-0 vc_col-lg-4 vc_col-md-offset-0 vc_col-md-12 vc_col-sm-offset-0 vc_col-xs-12\"><div class=\"vc_column-inner\"><div class=\"wpb_wrapper\"><div class=\"mkdf-elements-holder-wrapper\"><div class=\"mkdf-elements-holder   mkdf-one-column    mkdf-responsive-mode-768 \" ><div class=\"mkdf-eh-item    \"  data-item-class=\"mkdf-eh-custom-3704\" data-1367-1600=\"0px 28px 45px 0px\" data-1025-1366=\"0px 28px 45px 0px\" data-769-1024=\"0px 0px 130px 0px\" data-681-768=\"0px 0px 120px 0px\" data-680=\"0px 2px 45px 0px\">\n\t<div class=\"mkdf-eh-item-inner\">\n\t\t<div class=\"mkdf-eh-item-content mkdf-eh-custom-3704\" style=\"padding: 0px 28px 45px 0px\">\n\t\t\t<div class=\"mkdf-image-with-text-holder   mkdf-image-behavior-custom-link\">\n    <div class=\"mkdf-iwt-image\">\n        \t            <a itemprop=\"url\" href=\"\/az\/az\u0259rbaycan-milli-istiqlal-partiyasinin-siyasi-sura-uzvu\/\" target=\"_self\">\n                                    <img loading=\"lazy\" decoding=\"async\" width=\"319\" height=\"319\" src=\"https:\/\/amip.az\/wp-content\/uploads\/2022\/06\/amip_ismayilov_teyyub_eyyub_oglu_icon_01_319.jpg\" class=\"attachment-full size-full\" alt=\"\u0130smay\u0131lov Teyyub Eyyub o\u011flu\" srcset=\"https:\/\/amip.az\/wp-content\/uploads\/2022\/06\/amip_ismayilov_teyyub_eyyub_oglu_icon_01_319.jpg 319w, https:\/\/amip.az\/wp-content\/uploads\/2022\/06\/amip_ismayilov_teyyub_eyyub_oglu_icon_01_319-300x300.jpg 300w, https:\/\/amip.az\/wp-content\/uploads\/2022\/06\/amip_ismayilov_teyyub_eyyub_oglu_icon_01_319-150x150.jpg 150w, https:\/\/amip.az\/wp-content\/uploads\/2022\/06\/amip_ismayilov_teyyub_eyyub_oglu_icon_01_319-12x12.jpg 12w\" sizes=\"auto, (max-width: 319px) 100vw, 319px\" \/>                                <\/a>\n            <\/div>\n    <div class=\"mkdf-iwt-text-holder\">\n\t                        <a itemprop=\"url\" href=\"\/az\/az\u0259rbaycan-milli-istiqlal-partiyasinin-siyasi-sura-uzvu\/\" target=\"_self\">\n            <h4 class=\"mkdf-iwt-title\" style=\"color: #0a0a0a\">Siyasi \u015eura \u00fczv\u00fc<\/h4>\n            <\/a>\n        \t\t            <p class=\"mkdf-iwt-text\" style=\"color: #0a0a0a\">Teyyub Eyyub o\u011flu \u0130smay\u0131lov<\/p>\n            <\/div>\n<\/div>\t\t<\/div>\n\t<\/div>\n<\/div><\/div><\/div><\/div><\/div><\/div><\/div><\/div><\/div><div class=\"mkdf-row-grid-section-wrapper \"  ><div class=\"mkdf-row-grid-section\"><div class=\"vc_row wpb_row vc_row-fluid vc_custom_1655365077083\" ><div class=\"wpb_column vc_column_container vc_col-sm-12 vc_col-lg-offset-0 vc_col-lg-4 vc_col-md-offset-0 vc_col-md-12 vc_col-sm-offset-0 vc_col-xs-12\"><div class=\"vc_column-inner\"><div class=\"wpb_wrapper\"><div class=\"mkdf-elements-holder-wrapper\"><div class=\"mkdf-elements-holder   mkdf-one-column    mkdf-responsive-mode-768 \" ><div class=\"mkdf-eh-item    \"  data-item-class=\"mkdf-eh-custom-7522\" data-1367-1600=\"0px 28px 45px 0px\" data-1025-1366=\"0px 28px 45px 0px\" data-769-1024=\"0px 0px 130px 0px\" data-681-768=\"0px 0px 120px 0px\" data-680=\"0px 2px 45px 0px\">\n\t<div class=\"mkdf-eh-item-inner\">\n\t\t<div class=\"mkdf-eh-item-content mkdf-eh-custom-7522\" style=\"padding: 0px 28px 45px 0px\">\n\t\t\t<div class=\"mkdf-image-with-text-holder   mkdf-image-behavior-custom-link\">\n    <div class=\"mkdf-iwt-image\">\n        \t            <a itemprop=\"url\" href=\"\/az\/az\u0259rbaycan-milli-istiqlal-partiyasinin-siyasi-sura-uzvu-6\/\" target=\"_self\">\n                                    <img loading=\"lazy\" decoding=\"async\" width=\"319\" height=\"319\" src=\"https:\/\/amip.az\/wp-content\/uploads\/2022\/06\/amip_y\u0259hya_mahammadali_oglu_hasanov_icon_02_319.jpg\" class=\"attachment-full size-full\" alt=\"Y\u0259hya M\u0259h\u0259mm\u0259d\u0259li o\u011flu H\u0259s\u0259nov\" srcset=\"https:\/\/amip.az\/wp-content\/uploads\/2022\/06\/amip_y\u0259hya_mahammadali_oglu_hasanov_icon_02_319.jpg 319w, https:\/\/amip.az\/wp-content\/uploads\/2022\/06\/amip_y\u0259hya_mahammadali_oglu_hasanov_icon_02_319-300x300.jpg 300w, https:\/\/amip.az\/wp-content\/uploads\/2022\/06\/amip_y\u0259hya_mahammadali_oglu_hasanov_icon_02_319-150x150.jpg 150w, https:\/\/amip.az\/wp-content\/uploads\/2022\/06\/amip_y\u0259hya_mahammadali_oglu_hasanov_icon_02_319-12x12.jpg 12w\" sizes=\"auto, (max-width: 319px) 100vw, 319px\" \/>                                <\/a>\n            <\/div>\n    <div class=\"mkdf-iwt-text-holder\">\n\t                        <a itemprop=\"url\" href=\"\/az\/az\u0259rbaycan-milli-istiqlal-partiyasinin-siyasi-sura-uzvu-6\/\" target=\"_self\">\n            <h4 class=\"mkdf-iwt-title\" style=\"color: #0a0a0a\">Siyasi \u015eura \u00fczv\u00fc<\/h4>\n            <\/a>\n        \t\t            <p class=\"mkdf-iwt-text\" style=\"color: #0a0a0a\">Y\u0259hya M\u0259h\u0259mm\u0259d\u0259li o\u011flu H\u0259s\u0259nov<\/p>\n            <\/div>\n<\/div>\t\t<\/div>\n\t<\/div>\n<\/div><\/div><\/div><\/div><\/div><\/div><div class=\"wpb_column vc_column_container vc_col-sm-12 vc_col-lg-offset-0 vc_col-lg-4 vc_col-md-offset-0 vc_col-md-12 vc_col-sm-offset-0 vc_col-xs-12\"><div class=\"vc_column-inner\"><div class=\"wpb_wrapper\"><div class=\"mkdf-elements-holder-wrapper\"><div class=\"mkdf-elements-holder   mkdf-one-column    mkdf-responsive-mode-768 \" ><div class=\"mkdf-eh-item    \"  data-item-class=\"mkdf-eh-custom-2763\" data-1367-1600=\"0px 28px 45px 0px\" data-1025-1366=\"0px 28px 45px 0px\" data-769-1024=\"0px 0px 130px 0px\" data-681-768=\"0px 0px 120px 0px\" data-680=\"0px 2px 45px 0px\">\n\t<div class=\"mkdf-eh-item-inner\">\n\t\t<div class=\"mkdf-eh-item-content mkdf-eh-custom-2763\" style=\"padding: 0px 28px 45px 0px\">\n\t\t\t<div class=\"mkdf-image-with-text-holder   mkdf-image-behavior-custom-link\">\n    <div class=\"mkdf-iwt-image\">\n        \t            <a itemprop=\"url\" href=\"\/az\/az\u0259rbaycan-milli-istiqlal-partiyasinin-siyasi-sura-uzvu-2\/\" target=\"_self\">\n                                    <img loading=\"lazy\" decoding=\"async\" width=\"319\" height=\"319\" src=\"https:\/\/amip.az\/wp-content\/uploads\/2022\/06\/amip_hamzayev_sadiq_mahmud_oglu_icon_01_319.jpg\" class=\"attachment-full size-full\" alt=\"H\u0259mz\u0259yev Sadiq Mahmud o\u011flu\" srcset=\"https:\/\/amip.az\/wp-content\/uploads\/2022\/06\/amip_hamzayev_sadiq_mahmud_oglu_icon_01_319.jpg 319w, https:\/\/amip.az\/wp-content\/uploads\/2022\/06\/amip_hamzayev_sadiq_mahmud_oglu_icon_01_319-300x300.jpg 300w, https:\/\/amip.az\/wp-content\/uploads\/2022\/06\/amip_hamzayev_sadiq_mahmud_oglu_icon_01_319-150x150.jpg 150w, https:\/\/amip.az\/wp-content\/uploads\/2022\/06\/amip_hamzayev_sadiq_mahmud_oglu_icon_01_319-12x12.jpg 12w\" sizes=\"auto, (max-width: 319px) 100vw, 319px\" \/>                                <\/a>\n            <\/div>\n    <div class=\"mkdf-iwt-text-holder\">\n\t                        <a itemprop=\"url\" href=\"\/az\/az\u0259rbaycan-milli-istiqlal-partiyasinin-siyasi-sura-uzvu-2\/\" target=\"_self\">\n            <h4 class=\"mkdf-iwt-title\" style=\"color: #0a0a0a\">Siyasi \u015eura \u00fczv\u00fc<\/h4>\n            <\/a>\n        \t\t            <p class=\"mkdf-iwt-text\" style=\"color: #0a0a0a\">Sadiq Mahmud o\u011flu H\u0259mz\u0259yev<\/p>\n            <\/div>\n<\/div>\t\t<\/div>\n\t<\/div>\n<\/div><\/div><\/div><\/div><\/div><\/div><div class=\"wpb_column vc_column_container vc_col-sm-12 vc_col-lg-offset-0 vc_col-lg-4 vc_col-md-offset-0 vc_col-md-12 vc_col-sm-offset-0 vc_col-xs-12\"><div class=\"vc_column-inner\"><div class=\"wpb_wrapper\"><div class=\"mkdf-elements-holder-wrapper\"><div class=\"mkdf-elements-holder   mkdf-one-column    mkdf-responsive-mode-768 \" ><div class=\"mkdf-eh-item    \"  data-item-class=\"mkdf-eh-custom-1877\" data-1367-1600=\"0px 28px 45px 0px\" data-1025-1366=\"0px 28px 45px 0px\" data-769-1024=\"0px 0px 130px 0px\" data-681-768=\"0px 0px 120px 0px\" data-680=\"0px 2px 45px 0px\">\n\t<div class=\"mkdf-eh-item-inner\">\n\t\t<div class=\"mkdf-eh-item-content mkdf-eh-custom-1877\" style=\"padding: 0px 28px 45px 0px\">\n\t\t\t<div class=\"mkdf-image-with-text-holder   mkdf-image-behavior-custom-link\">\n    <div class=\"mkdf-iwt-image\">\n        \t            <a itemprop=\"url\" href=\"\/az\/az\u0259rbaycan-milli-istiqlal-partiyasinin-siyasi-sura-uzvu-3\/\" target=\"_self\">\n                                    <img loading=\"lazy\" decoding=\"async\" width=\"319\" height=\"319\" src=\"https:\/\/amip.az\/wp-content\/uploads\/2022\/06\/amip_orucov_ali_mahammad_oglu_icon_01_319.jpg\" class=\"attachment-full size-full\" alt=\"Orucov \u018fli M\u0259h\u0259mm\u0259d o\u011flu\" srcset=\"https:\/\/amip.az\/wp-content\/uploads\/2022\/06\/amip_orucov_ali_mahammad_oglu_icon_01_319.jpg 319w, https:\/\/amip.az\/wp-content\/uploads\/2022\/06\/amip_orucov_ali_mahammad_oglu_icon_01_319-300x300.jpg 300w, https:\/\/amip.az\/wp-content\/uploads\/2022\/06\/amip_orucov_ali_mahammad_oglu_icon_01_319-150x150.jpg 150w, https:\/\/amip.az\/wp-content\/uploads\/2022\/06\/amip_orucov_ali_mahammad_oglu_icon_01_319-12x12.jpg 12w\" sizes=\"auto, (max-width: 319px) 100vw, 319px\" \/>                                <\/a>\n            <\/div>\n    <div class=\"mkdf-iwt-text-holder\">\n\t                        <a itemprop=\"url\" href=\"\/az\/az\u0259rbaycan-milli-istiqlal-partiyasinin-siyasi-sura-uzvu-3\/\" target=\"_self\">\n            <h4 class=\"mkdf-iwt-title\" style=\"color: #0a0a0a\">Siyasi \u015eura \u00fczv\u00fc<\/h4>\n            <\/a>\n        \t\t            <p class=\"mkdf-iwt-text\" style=\"color: #0a0a0a\">\u018fli M\u0259h\u0259mm\u0259d o\u011flu Orucov<\/p>\n            <\/div>\n<\/div>\t\t<\/div>\n\t<\/div>\n<\/div><\/div><\/div><\/div><\/div><\/div><\/div><\/div><\/div><div class=\"mkdf-row-grid-section-wrapper \"  ><div class=\"mkdf-row-grid-section\"><div class=\"vc_row wpb_row vc_row-fluid vc_custom_1655365077083\" ><div class=\"wpb_column vc_column_container vc_col-sm-12 vc_col-lg-offset-0 vc_col-lg-4 vc_col-md-offset-0 vc_col-md-12 vc_col-sm-offset-0 vc_col-xs-12\"><div class=\"vc_column-inner\"><div class=\"wpb_wrapper\"><div class=\"mkdf-elements-holder-wrapper\"><div class=\"mkdf-elements-holder   mkdf-one-column    mkdf-responsive-mode-768 \" ><div class=\"mkdf-eh-item    \"  data-item-class=\"mkdf-eh-custom-5084\" data-1367-1600=\"0px 28px 45px 0px\" data-1025-1366=\"0px 28px 45px 0px\" data-769-1024=\"0px 0px 130px 0px\" data-681-768=\"0px 0px 120px 0px\" data-680=\"0px 2px 45px 0px\">\n\t<div class=\"mkdf-eh-item-inner\">\n\t\t<div class=\"mkdf-eh-item-content mkdf-eh-custom-5084\" style=\"padding: 0px 28px 45px 0px\">\n\t\t\t<div class=\"mkdf-image-with-text-holder   mkdf-image-behavior-custom-link\">\n    <div class=\"mkdf-iwt-image\">\n        \t            <a itemprop=\"url\" href=\"\/az\/az\u0259rbaycan-milli-istiqlal-partiyasinin-siyasi-sura-uzvu-4\/\" target=\"_self\">\n                                    <img loading=\"lazy\" decoding=\"async\" width=\"319\" height=\"319\" src=\"https:\/\/amip.az\/wp-content\/uploads\/2022\/06\/amip_tabriz-samandar-oglu-musayev_icon_01_319.jpg\" class=\"attachment-full size-full\" alt=\"T\u0259briz S\u0259m\u0259nd\u0259r o\u011flu Musayev\" srcset=\"https:\/\/amip.az\/wp-content\/uploads\/2022\/06\/amip_tabriz-samandar-oglu-musayev_icon_01_319.jpg 319w, https:\/\/amip.az\/wp-content\/uploads\/2022\/06\/amip_tabriz-samandar-oglu-musayev_icon_01_319-300x300.jpg 300w, https:\/\/amip.az\/wp-content\/uploads\/2022\/06\/amip_tabriz-samandar-oglu-musayev_icon_01_319-150x150.jpg 150w, https:\/\/amip.az\/wp-content\/uploads\/2022\/06\/amip_tabriz-samandar-oglu-musayev_icon_01_319-12x12.jpg 12w\" sizes=\"auto, (max-width: 319px) 100vw, 319px\" \/>                                <\/a>\n            <\/div>\n    <div class=\"mkdf-iwt-text-holder\">\n\t                        <a itemprop=\"url\" href=\"\/az\/az\u0259rbaycan-milli-istiqlal-partiyasinin-siyasi-sura-uzvu-4\/\" target=\"_self\">\n            <h4 class=\"mkdf-iwt-title\" style=\"color: #0a0a0a\">Siyasi \u015eura \u00fczv\u00fc<\/h4>\n            <\/a>\n        \t\t            <p class=\"mkdf-iwt-text\" style=\"color: #0a0a0a\">T\u0259briz S\u0259m\u0259nd\u0259r o\u011flu Musayev<\/p>\n            <\/div>\n<\/div>\t\t<\/div>\n\t<\/div>\n<\/div><\/div><\/div><\/div><\/div><\/div><\/div><\/div><\/div>\n","protected":false},"excerpt":{"rendered":"Siyasi \u015eura \u00fczv\u00fc Amin\u0259 A\u011famirz\u0259 q\u0131z\u0131 V\u0259liyeva Siyasi \u015eura \u00fczv\u00fc Xanmirz\u0259 Xanbala o\u011flu M\u0259lik\u0259liyev Siyasi \u015eura \u00fczv\u00fc Teyyub Eyyub o\u011flu \u0130smay\u0131lov Siyasi \u015eura \u00fczv\u00fc Y\u0259hya M\u0259h\u0259mm\u0259d\u0259li o\u011flu H\u0259s\u0259nov Siyasi \u015eura \u00fczv\u00fc Sadiq Mahmud o\u011flu H\u0259mz\u0259yev Siyasi \u015eura \u00fczv\u00fc \u018fli M\u0259h\u0259mm\u0259d o\u011flu Orucov Siyasi \u015eura \u00fczv\u00fc T\u0259briz S\u0259m\u0259nd\u0259r o\u011flu Musayev","protected":false},"author":1,"featured_media":0,"parent":0,"menu_order":0,"comment_status":"closed","ping_status":"closed","template":"","meta":{"footnotes":""},"class_list":["post-4518","page","type-page","status-publish","hentry"],"yoast_head":"<!-- This site is optimized with the Yoast SEO plugin v23.8 - https:\/\/yoast.com\/wordpress\/plugins\/seo\/ -->\n<title>Az\u0259rbaycan Milli \u0130stiqlal Partiyas\u0131 Siyasi \u015euras\u0131n\u0131n \u00fczvl\u0259ri - Az\u0259rbaycan Milli \u0130stiqlal Partiyas\u0131<\/title>\n<meta name=\"robots\" content=\"index, follow, max-snippet:-1, max-image-preview:large, max-video-preview:-1\" \/>\n<link rel=\"canonical\" href=\"https:\/\/amip.az\/az\/az\u0259rbaycan-milli-istiqlal-partiyasinin-siyasi-surasi\/\" \/>\n<meta property=\"og:locale\" content=\"az_AZ\" \/>\n<meta property=\"og:type\" content=\"article\" \/>\n<meta property=\"og:title\" content=\"Az\u0259rbaycan Milli \u0130stiqlal Partiyas\u0131 Siyasi \u015euras\u0131n\u0131n \u00fczvl\u0259ri - Az\u0259rbaycan Milli \u0130stiqlal Partiyas\u0131\" \/>\n<meta property=\"og:url\" content=\"https:\/\/amip.az\/az\/az\u0259rbaycan-milli-istiqlal-partiyasinin-siyasi-surasi\/\" \/>\n<meta property=\"og:site_name\" content=\"Az\u0259rbaycan Milli \u0130stiqlal Partiyas\u0131\" \/>\n<meta property=\"article:publisher\" content=\"https:\/\/www.facebook.com\/istiqlal91\" \/>\n<meta property=\"article:modified_time\" content=\"2022-07-21T11:49:19+00:00\" \/>\n<meta name=\"twitter:card\" content=\"summary_large_image\" \/>\n<meta name=\"twitter:site\" content=\"@APartiyas\" \/>\n<meta name=\"twitter:label1\" content=\"Est. reading time\" \/>\n\t<meta name=\"twitter:data1\" content=\"5 minutes\" \/>\n<script type=\"application\/ld+json\" class=\"yoast-schema-graph\">{\"@context\":\"https:\/\/schema.org\",\"@graph\":[{\"@type\":\"WebPage\",\"@id\":\"https:\/\/amip.az\/az%c9%99rbaycan-milli-istiqlal-partiyasinin-siyasi-surasi\/\",\"url\":\"https:\/\/amip.az\/az%c9%99rbaycan-milli-istiqlal-partiyasinin-siyasi-surasi\/\",\"name\":\"Az\u0259rbaycan Milli \u0130stiqlal Partiyas\u0131 Siyasi \u015euras\u0131n\u0131n \u00fczvl\u0259ri - Az\u0259rbaycan Milli \u0130stiqlal Partiyas\u0131\",\"isPartOf\":{\"@id\":\"https:\/\/amip.az\/az\/#website\"},\"datePublished\":\"2022-06-16T03:43:03+00:00\",\"dateModified\":\"2022-07-21T11:49:19+00:00\",\"breadcrumb\":{\"@id\":\"https:\/\/amip.az\/az%c9%99rbaycan-milli-istiqlal-partiyasinin-siyasi-surasi\/#breadcrumb\"},\"inLanguage\":\"az\",\"potentialAction\":[{\"@type\":\"ReadAction\",\"target\":[\"https:\/\/amip.az\/az%c9%99rbaycan-milli-istiqlal-partiyasinin-siyasi-surasi\/\"]}]},{\"@type\":\"BreadcrumbList\",\"@id\":\"https:\/\/amip.az\/az%c9%99rbaycan-milli-istiqlal-partiyasinin-siyasi-surasi\/#breadcrumb\",\"itemListElement\":[{\"@type\":\"ListItem\",\"position\":1,\"name\":\"Home\",\"item\":\"https:\/\/amip.az\/\"},{\"@type\":\"ListItem\",\"position\":2,\"name\":\"Az\u0259rbaycan Milli \u0130stiqlal Partiyas\u0131 Siyasi \u015euras\u0131n\u0131n \u00fczvl\u0259ri\"}]},{\"@type\":\"WebSite\",\"@id\":\"https:\/\/amip.az\/az\/#website\",\"url\":\"https:\/\/amip.az\/az\/\",\"name\":\"Az\u0259rbaycan Milli \u0130stiqlal Partiyas\u0131\",\"description\":\"AM\u0130P\",\"publisher\":{\"@id\":\"https:\/\/amip.az\/az\/#organization\"},\"potentialAction\":[{\"@type\":\"SearchAction\",\"target\":{\"@type\":\"EntryPoint\",\"urlTemplate\":\"https:\/\/amip.az\/az\/?s={search_term_string}\"},\"query-input\":{\"@type\":\"PropertyValueSpecification\",\"valueRequired\":true,\"valueName\":\"search_term_string\"}}],\"inLanguage\":\"az\"},{\"@type\":\"Organization\",\"@id\":\"https:\/\/amip.az\/az\/#organization\",\"name\":\"Az\u0259rbaycan Milli \u0130stiqlal Partiyas\u0131\",\"url\":\"https:\/\/amip.az\/az\/\",\"logo\":{\"@type\":\"ImageObject\",\"inLanguage\":\"az\",\"@id\":\"https:\/\/amip.az\/az\/#\/schema\/logo\/image\/\",\"url\":\"https:\/\/amip.az\/wp-content\/uploads\/2023\/06\/amiplogo.png\",\"contentUrl\":\"https:\/\/amip.az\/wp-content\/uploads\/2023\/06\/amiplogo.png\",\"width\":723,\"height\":423,\"caption\":\"Az\u0259rbaycan Milli \u0130stiqlal Partiyas\u0131\"},\"image\":{\"@id\":\"https:\/\/amip.az\/az\/#\/schema\/logo\/image\/\"},\"sameAs\":[\"https:\/\/www.facebook.com\/istiqlal91\",\"https:\/\/x.com\/APartiyas\",\"https:\/\/www.youtube.com\/channel\/UCF3pc8spko_xON2sr4vUC5A\"]}]}<\/script>\n<!-- \/ Yoast SEO plugin. -->","yoast_head_json":{"title":"Az\u0259rbaycan Milli \u0130stiqlal Partiyas\u0131 Siyasi \u015euras\u0131n\u0131n \u00fczvl\u0259ri - Az\u0259rbaycan Milli \u0130stiqlal Partiyas\u0131","robots":{"index":"index","follow":"follow","max-snippet":"max-snippet:-1","max-image-preview":"max-image-preview:large","max-video-preview":"max-video-preview:-1"},"canonical":"https:\/\/amip.az\/az\/az\u0259rbaycan-milli-istiqlal-partiyasinin-siyasi-surasi\/","og_locale":"az_AZ","og_type":"article","og_title":"Az\u0259rbaycan Milli \u0130stiqlal Partiyas\u0131 Siyasi \u015euras\u0131n\u0131n \u00fczvl\u0259ri - Az\u0259rbaycan Milli \u0130stiqlal Partiyas\u0131","og_url":"https:\/\/amip.az\/az\/az\u0259rbaycan-milli-istiqlal-partiyasinin-siyasi-surasi\/","og_site_name":"Az\u0259rbaycan Milli \u0130stiqlal Partiyas\u0131","article_publisher":"https:\/\/www.facebook.com\/istiqlal91","article_modified_time":"2022-07-21T11:49:19+00:00","twitter_card":"summary_large_image","twitter_site":"@APartiyas","twitter_misc":{"Est. reading time":"5 minutes"},"schema":{"@context":"https:\/\/schema.org","@graph":[{"@type":"WebPage","@id":"https:\/\/amip.az\/az%c9%99rbaycan-milli-istiqlal-partiyasinin-siyasi-surasi\/","url":"https:\/\/amip.az\/az%c9%99rbaycan-milli-istiqlal-partiyasinin-siyasi-surasi\/","name":"Az\u0259rbaycan Milli \u0130stiqlal Partiyas\u0131 Siyasi \u015euras\u0131n\u0131n \u00fczvl\u0259ri - Az\u0259rbaycan Milli \u0130stiqlal Partiyas\u0131","isPartOf":{"@id":"https:\/\/amip.az\/az\/#website"},"datePublished":"2022-06-16T03:43:03+00:00","dateModified":"2022-07-21T11:49:19+00:00","breadcrumb":{"@id":"https:\/\/amip.az\/az%c9%99rbaycan-milli-istiqlal-partiyasinin-siyasi-surasi\/#breadcrumb"},"inLanguage":"az","potentialAction":[{"@type":"ReadAction","target":["https:\/\/amip.az\/az%c9%99rbaycan-milli-istiqlal-partiyasinin-siyasi-surasi\/"]}]},{"@type":"BreadcrumbList","@id":"https:\/\/amip.az\/az%c9%99rbaycan-milli-istiqlal-partiyasinin-siyasi-surasi\/#breadcrumb","itemListElement":[{"@type":"ListItem","position":1,"name":"Home","item":"https:\/\/amip.az\/"},{"@type":"ListItem","position":2,"name":"Az\u0259rbaycan Milli \u0130stiqlal Partiyas\u0131 Siyasi \u015euras\u0131n\u0131n \u00fczvl\u0259ri"}]},{"@type":"WebSite","@id":"https:\/\/amip.az\/az\/#website","url":"https:\/\/amip.az\/az\/","name":"Az\u0259rbaycan Milli \u0130stiqlal Partiyas\u0131","description":"AM\u0130P","publisher":{"@id":"https:\/\/amip.az\/az\/#organization"},"potentialAction":[{"@type":"SearchAction","target":{"@type":"EntryPoint","urlTemplate":"https:\/\/amip.az\/az\/?s={search_term_string}"},"query-input":{"@type":"PropertyValueSpecification","valueRequired":true,"valueName":"search_term_string"}}],"inLanguage":"az"},{"@type":"Organization","@id":"https:\/\/amip.az\/az\/#organization","name":"Az\u0259rbaycan Milli \u0130stiqlal Partiyas\u0131","url":"https:\/\/amip.az\/az\/","logo":{"@type":"ImageObject","inLanguage":"az","@id":"https:\/\/amip.az\/az\/#\/schema\/logo\/image\/","url":"https:\/\/amip.az\/wp-content\/uploads\/2023\/06\/amiplogo.png","contentUrl":"https:\/\/amip.az\/wp-content\/uploads\/2023\/06\/amiplogo.png","width":723,"height":423,"caption":"Az\u0259rbaycan Milli \u0130stiqlal Partiyas\u0131"},"image":{"@id":"https:\/\/amip.az\/az\/#\/schema\/logo\/image\/"},"sameAs":["https:\/\/www.facebook.com\/istiqlal91","https:\/\/x.com\/APartiyas","https:\/\/www.youtube.com\/channel\/UCF3pc8spko_xON2sr4vUC5A"]}]}},"_links":{"self":[{"href":"https:\/\/amip.az\/az\/wp-json\/wp\/v2\/pages\/4518","targetHints":{"allow":["GET"]}}],"collection":[{"href":"https:\/\/amip.az\/az\/wp-json\/wp\/v2\/pages"}],"about":[{"href":"https:\/\/amip.az\/az\/wp-json\/wp\/v2\/types\/page"}],"author":[{"embeddable":true,"href":"https:\/\/amip.az\/az\/wp-json\/wp\/v2\/users\/1"}],"replies":[{"embeddable":true,"href":"https:\/\/amip.az\/az\/wp-json\/wp\/v2\/comments?post=4518"}],"version-history":[{"count":20,"href":"https:\/\/amip.az\/az\/wp-json\/wp\/v2\/pages\/4518\/revisions"}],"predecessor-version":[{"id":5388,"href":"https:\/\/amip.az\/az\/wp-json\/wp\/v2\/pages\/4518\/revisions\/5388"}],"wp:attachment":[{"href":"https:\/\/amip.az\/az\/wp-json\/wp\/v2\/media?parent=4518"}],"curies":[{"name":"wp","href":"https:\/\/api.w.org\/{rel}","templated":true}]}}