{"id":4561,"date":"2022-06-16T11:00:09","date_gmt":"2022-06-16T07:00:09","guid":{"rendered":"https:\/\/vtstrt.mediadesigntech.com\/?page_id=4561"},"modified":"2025-05-13T11:18:32","modified_gmt":"2025-05-13T07:18:32","slug":"n%c9%99srl%c9%99r","status":"publish","type":"page","link":"https:\/\/amip.az\/az\/n%c9%99srl%c9%99r\/","title":{"rendered":"N\u0259\u015frl\u0259r"},"content":{"rendered":"\n<h4 class=\"wp-block-heading\">\u0130stiqlal yolu. Etibar M\u0259mm\u0259dov. Siyasi bioqrafiya (1972-1990). I cild &#8211; M\u0259h\u0259rr\u0259m Z\u00fclf\u00fcqarl\u0131<\/h4>\n\n\n\n<figure class=\"wp-block-image size-full\"><img loading=\"lazy\" decoding=\"async\" width=\"337\" height=\"530\" src=\"https:\/\/amip.az\/wp-content\/uploads\/2025\/05\/istiqlal_yolu_etibar_mammadov_kitab_i_01.jpg\" alt=\"\u0130stiqlal yolu. Etibar M\u0259mm\u0259dov. Siyasi bioqrafiya (1972-1990). I cild - M\u0259h\u0259rr\u0259m Z\u00fclf\u00fcqarl\u0131\" class=\"wp-image-8329\" srcset=\"https:\/\/amip.az\/wp-content\/uploads\/2025\/05\/istiqlal_yolu_etibar_mammadov_kitab_i_01.jpg 337w, https:\/\/amip.az\/wp-content\/uploads\/2025\/05\/istiqlal_yolu_etibar_mammadov_kitab_i_01-191x300.jpg 191w, https:\/\/amip.az\/wp-content\/uploads\/2025\/05\/istiqlal_yolu_etibar_mammadov_kitab_i_01-8x12.jpg 8w\" sizes=\"auto, (max-width: 337px) 100vw, 337px\" \/><\/figure>\n\n\n\n<div class=\"wp-block-buttons is-layout-flex wp-block-buttons-is-layout-flex\">\n<div class=\"wp-block-button\"><a class=\"wp-block-button__link wp-element-button\" href=\"https:\/\/amip.az\/wp-content\/uploads\/2025\/05\/istiqlal_yolu_etibar_mammadov_kitab_I.docx\" target=\"_blank\" rel=\"noreferrer noopener\">Y\u00fckl\u0259m\u0259k<\/a><\/div>\n<\/div>\n\n\n\n<hr class=\"wp-block-separator aligncenter has-alpha-channel-opacity is-style-wide\"\/>\n\n\n\n<h4 class=\"wp-block-heading\">\u0130stiqlal yolu. Etibar M\u0259mm\u0259dov. Siyasi bioqrafiya (1990-1995). II cild &#8211; M\u0259h\u0259rr\u0259m Z\u00fclf\u00fcqarl\u0131<\/h4>\n\n\n\n<figure class=\"wp-block-image size-full\"><img loading=\"lazy\" decoding=\"async\" width=\"335\" height=\"530\" src=\"https:\/\/amip.az\/wp-content\/uploads\/2025\/05\/istiqlal_yolu_etibar_mammadov_kitab_ii_01.jpg\" alt=\"\u0130stiqlal yolu. Etibar M\u0259mm\u0259dov. Siyasi bioqrafiya (1990-1995). II cild - M\u0259h\u0259rr\u0259m Z\u00fclf\u00fcqarl\u0131\" class=\"wp-image-8330\" srcset=\"https:\/\/amip.az\/wp-content\/uploads\/2025\/05\/istiqlal_yolu_etibar_mammadov_kitab_ii_01.jpg 335w, https:\/\/amip.az\/wp-content\/uploads\/2025\/05\/istiqlal_yolu_etibar_mammadov_kitab_ii_01-190x300.jpg 190w, https:\/\/amip.az\/wp-content\/uploads\/2025\/05\/istiqlal_yolu_etibar_mammadov_kitab_ii_01-8x12.jpg 8w\" sizes=\"auto, (max-width: 335px) 100vw, 335px\" \/><\/figure>\n\n\n\n<div class=\"wp-block-buttons is-layout-flex wp-block-buttons-is-layout-flex\">\n<div class=\"wp-block-button\"><a class=\"wp-block-button__link wp-element-button\" href=\"https:\/\/amip.az\/wp-content\/uploads\/2025\/05\/istiqlal_yolu_etibar_mammadov_kitab_II.docx\" target=\"_blank\" rel=\"noreferrer noopener\">Y\u00fckl\u0259m\u0259k<\/a><\/div>\n<\/div>\n\n\n\n<hr class=\"wp-block-separator aligncenter has-alpha-channel-opacity is-style-wide\"\/>\n\n\n\n<h4 class=\"wp-block-heading\">\u0130stiqlal tarixini yaradanlar (1972-1992 ill\u0259r). M\u0259h\u0259rr\u0259m Z\u00fclf\u00fcqarl\u0131<\/h4>\n\n\n\n<figure class=\"wp-block-image size-full\"><img loading=\"lazy\" decoding=\"async\" width=\"376\" height=\"530\" src=\"https:\/\/amip.az\/wp-content\/uploads\/2022\/06\/amip_book_istiqlal_tarixini_yaradanlar_01.jpg\" alt=\"\u0130stiqlal tarixini yaradanlar (1972-1992 ill\u0259r) kitab\u0131. M\u0259h\u0259rr\u0259m Z\u00fclf\u00fcqarl\u0131\" class=\"wp-image-4630\" srcset=\"https:\/\/amip.az\/wp-content\/uploads\/2022\/06\/amip_book_istiqlal_tarixini_yaradanlar_01.jpg 376w, https:\/\/amip.az\/wp-content\/uploads\/2022\/06\/amip_book_istiqlal_tarixini_yaradanlar_01-213x300.jpg 213w, https:\/\/amip.az\/wp-content\/uploads\/2022\/06\/amip_book_istiqlal_tarixini_yaradanlar_01-9x12.jpg 9w\" sizes=\"auto, (max-width: 376px) 100vw, 376px\" \/><\/figure>\n\n\n\n<div class=\"wp-block-buttons is-layout-flex wp-block-buttons-is-layout-flex\">\n<div class=\"wp-block-button\"><a class=\"wp-block-button__link wp-element-button\" href=\"https:\/\/amip.az\/wp-content\/uploads\/2022\/06\/AMIP-tarixi.-Kitab-1.pdf\" target=\"_blank\" rel=\"noreferrer noopener\">Y\u00fckl\u0259m\u0259k<\/a><\/div>\n<\/div>\n\n\n\n<hr class=\"wp-block-separator aligncenter has-alpha-channel-opacity is-style-wide\"\/>\n\n\n\n<h4 class=\"wp-block-heading\">Qurultaydan qurultaya<\/h4>\n\n\n\n<figure class=\"wp-block-image size-full\"><img loading=\"lazy\" decoding=\"async\" width=\"338\" height=\"530\" src=\"https:\/\/amip.az\/wp-content\/uploads\/2022\/06\/amip_book_qurultayda_qurultaya_01.jpg\" alt=\"Qurultaydan qurultaya kitab\u0131\" class=\"wp-image-4632\" srcset=\"https:\/\/amip.az\/wp-content\/uploads\/2022\/06\/amip_book_qurultayda_qurultaya_01.jpg 338w, https:\/\/amip.az\/wp-content\/uploads\/2022\/06\/amip_book_qurultayda_qurultaya_01-191x300.jpg 191w, https:\/\/amip.az\/wp-content\/uploads\/2022\/06\/amip_book_qurultayda_qurultaya_01-8x12.jpg 8w\" sizes=\"auto, (max-width: 338px) 100vw, 338px\" \/><\/figure>\n\n\n\n<div class=\"wp-block-buttons is-layout-flex wp-block-buttons-is-layout-flex\">\n<div class=\"wp-block-button\"><a class=\"wp-block-button__link wp-element-button\" href=\"https:\/\/amip.az\/wp-content\/uploads\/2022\/06\/AMIP-tarixi.-Kitab-2.pdf\" target=\"_blank\" rel=\"noreferrer noopener\">Y\u00fckl\u0259m\u0259k<\/a><\/div>\n<\/div>\n","protected":false},"excerpt":{"rendered":"<p>\u0130stiqlal yolu. Etibar M\u0259mm\u0259dov. Siyasi bioqrafiya (1972-1990). I cild &#8211; M\u0259h\u0259rr\u0259m Z\u00fclf\u00fcqarl\u0131 \u0130stiqlal yolu. Etibar M\u0259mm\u0259dov. Siyasi bioqrafiya (1990-1995). II cild &#8211; M\u0259h\u0259rr\u0259m Z\u00fclf\u00fcqarl\u0131 \u0130stiqlal tarixini yaradanlar (1972-1992 ill\u0259r). M\u0259h\u0259rr\u0259m Z\u00fclf\u00fcqarl\u0131 Qurultaydan qurultaya<\/p>\n","protected":false},"author":1,"featured_media":0,"parent":0,"menu_order":0,"comment_status":"closed","ping_status":"closed","template":"","meta":{"footnotes":""},"class_list":["post-4561","page","type-page","status-publish","hentry"],"yoast_head":"<!-- This site is optimized with the Yoast SEO plugin v23.8 - https:\/\/yoast.com\/wordpress\/plugins\/seo\/ -->\n<title>N\u0259\u015frl\u0259r - Az\u0259rbaycan Milli \u0130stiqlal Partiyas\u0131<\/title>\n<meta name=\"robots\" content=\"index, follow, max-snippet:-1, max-image-preview:large, max-video-preview:-1\" \/>\n<link rel=\"canonical\" href=\"https:\/\/amip.az\/az\/n\u0259srl\u0259r\/\" \/>\n<meta property=\"og:locale\" content=\"az_AZ\" \/>\n<meta property=\"og:type\" content=\"article\" \/>\n<meta property=\"og:title\" content=\"N\u0259\u015frl\u0259r - Az\u0259rbaycan Milli \u0130stiqlal Partiyas\u0131\" \/>\n<meta property=\"og:description\" content=\"\u0130stiqlal yolu. Etibar M\u0259mm\u0259dov. Siyasi bioqrafiya (1972-1990). I cild &#8211; M\u0259h\u0259rr\u0259m Z\u00fclf\u00fcqarl\u0131 \u0130stiqlal yolu. Etibar M\u0259mm\u0259dov. Siyasi bioqrafiya (1990-1995). II cild &#8211; M\u0259h\u0259rr\u0259m Z\u00fclf\u00fcqarl\u0131 \u0130stiqlal tarixini yaradanlar (1972-1992 ill\u0259r). M\u0259h\u0259rr\u0259m Z\u00fclf\u00fcqarl\u0131 Qurultaydan qurultaya\" \/>\n<meta property=\"og:url\" content=\"https:\/\/amip.az\/az\/n\u0259srl\u0259r\/\" \/>\n<meta property=\"og:site_name\" content=\"Az\u0259rbaycan Milli \u0130stiqlal Partiyas\u0131\" \/>\n<meta property=\"article:publisher\" content=\"https:\/\/www.facebook.com\/istiqlal91\" \/>\n<meta property=\"article:modified_time\" content=\"2025-05-13T07:18:32+00:00\" \/>\n<meta property=\"og:image\" content=\"https:\/\/amip.az\/wp-content\/uploads\/2025\/05\/istiqlal_yolu_etibar_mammadov_kitab_i_01.jpg\" \/>\n\t<meta property=\"og:image:width\" content=\"337\" \/>\n\t<meta property=\"og:image:height\" content=\"530\" \/>\n\t<meta property=\"og:image:type\" content=\"image\/jpeg\" \/>\n<meta name=\"twitter:card\" content=\"summary_large_image\" \/>\n<meta name=\"twitter:site\" content=\"@APartiyas\" \/>\n<meta name=\"twitter:label1\" content=\"Est. reading time\" \/>\n\t<meta name=\"twitter:data1\" content=\"1 minute\" \/>\n<script type=\"application\/ld+json\" class=\"yoast-schema-graph\">{\"@context\":\"https:\/\/schema.org\",\"@graph\":[{\"@type\":\"WebPage\",\"@id\":\"https:\/\/amip.az\/n%c9%99srl%c9%99r\/\",\"url\":\"https:\/\/amip.az\/n%c9%99srl%c9%99r\/\",\"name\":\"N\u0259\u015frl\u0259r - Az\u0259rbaycan Milli \u0130stiqlal Partiyas\u0131\",\"isPartOf\":{\"@id\":\"https:\/\/amip.az\/az\/#website\"},\"primaryImageOfPage\":{\"@id\":\"https:\/\/amip.az\/n%c9%99srl%c9%99r\/#primaryimage\"},\"image\":{\"@id\":\"https:\/\/amip.az\/n%c9%99srl%c9%99r\/#primaryimage\"},\"thumbnailUrl\":\"https:\/\/amip.az\/wp-content\/uploads\/2025\/05\/istiqlal_yolu_etibar_mammadov_kitab_i_01.jpg\",\"datePublished\":\"2022-06-16T07:00:09+00:00\",\"dateModified\":\"2025-05-13T07:18:32+00:00\",\"breadcrumb\":{\"@id\":\"https:\/\/amip.az\/n%c9%99srl%c9%99r\/#breadcrumb\"},\"inLanguage\":\"az\",\"potentialAction\":[{\"@type\":\"ReadAction\",\"target\":[\"https:\/\/amip.az\/n%c9%99srl%c9%99r\/\"]}]},{\"@type\":\"ImageObject\",\"inLanguage\":\"az\",\"@id\":\"https:\/\/amip.az\/n%c9%99srl%c9%99r\/#primaryimage\",\"url\":\"https:\/\/amip.az\/wp-content\/uploads\/2025\/05\/istiqlal_yolu_etibar_mammadov_kitab_i_01.jpg\",\"contentUrl\":\"https:\/\/amip.az\/wp-content\/uploads\/2025\/05\/istiqlal_yolu_etibar_mammadov_kitab_i_01.jpg\"},{\"@type\":\"BreadcrumbList\",\"@id\":\"https:\/\/amip.az\/n%c9%99srl%c9%99r\/#breadcrumb\",\"itemListElement\":[{\"@type\":\"ListItem\",\"position\":1,\"name\":\"Home\",\"item\":\"https:\/\/amip.az\/\"},{\"@type\":\"ListItem\",\"position\":2,\"name\":\"N\u0259\u015frl\u0259r\"}]},{\"@type\":\"WebSite\",\"@id\":\"https:\/\/amip.az\/az\/#website\",\"url\":\"https:\/\/amip.az\/az\/\",\"name\":\"Az\u0259rbaycan Milli \u0130stiqlal Partiyas\u0131\",\"description\":\"AM\u0130P\",\"publisher\":{\"@id\":\"https:\/\/amip.az\/az\/#organization\"},\"potentialAction\":[{\"@type\":\"SearchAction\",\"target\":{\"@type\":\"EntryPoint\",\"urlTemplate\":\"https:\/\/amip.az\/az\/?s={search_term_string}\"},\"query-input\":{\"@type\":\"PropertyValueSpecification\",\"valueRequired\":true,\"valueName\":\"search_term_string\"}}],\"inLanguage\":\"az\"},{\"@type\":\"Organization\",\"@id\":\"https:\/\/amip.az\/az\/#organization\",\"name\":\"Az\u0259rbaycan Milli \u0130stiqlal Partiyas\u0131\",\"url\":\"https:\/\/amip.az\/az\/\",\"logo\":{\"@type\":\"ImageObject\",\"inLanguage\":\"az\",\"@id\":\"https:\/\/amip.az\/az\/#\/schema\/logo\/image\/\",\"url\":\"https:\/\/amip.az\/wp-content\/uploads\/2023\/06\/amiplogo.png\",\"contentUrl\":\"https:\/\/amip.az\/wp-content\/uploads\/2023\/06\/amiplogo.png\",\"width\":723,\"height\":423,\"caption\":\"Az\u0259rbaycan Milli \u0130stiqlal Partiyas\u0131\"},\"image\":{\"@id\":\"https:\/\/amip.az\/az\/#\/schema\/logo\/image\/\"},\"sameAs\":[\"https:\/\/www.facebook.com\/istiqlal91\",\"https:\/\/x.com\/APartiyas\",\"https:\/\/www.youtube.com\/channel\/UCF3pc8spko_xON2sr4vUC5A\"]}]}<\/script>\n<!-- \/ Yoast SEO plugin. -->","yoast_head_json":{"title":"N\u0259\u015frl\u0259r - Az\u0259rbaycan Milli \u0130stiqlal Partiyas\u0131","robots":{"index":"index","follow":"follow","max-snippet":"max-snippet:-1","max-image-preview":"max-image-preview:large","max-video-preview":"max-video-preview:-1"},"canonical":"https:\/\/amip.az\/az\/n\u0259srl\u0259r\/","og_locale":"az_AZ","og_type":"article","og_title":"N\u0259\u015frl\u0259r - Az\u0259rbaycan Milli \u0130stiqlal Partiyas\u0131","og_description":"\u0130stiqlal yolu. Etibar M\u0259mm\u0259dov. Siyasi bioqrafiya (1972-1990). I cild &#8211; M\u0259h\u0259rr\u0259m Z\u00fclf\u00fcqarl\u0131 \u0130stiqlal yolu. Etibar M\u0259mm\u0259dov. Siyasi bioqrafiya (1990-1995). II cild &#8211; M\u0259h\u0259rr\u0259m Z\u00fclf\u00fcqarl\u0131 \u0130stiqlal tarixini yaradanlar (1972-1992 ill\u0259r). M\u0259h\u0259rr\u0259m Z\u00fclf\u00fcqarl\u0131 Qurultaydan qurultaya","og_url":"https:\/\/amip.az\/az\/n\u0259srl\u0259r\/","og_site_name":"Az\u0259rbaycan Milli \u0130stiqlal Partiyas\u0131","article_publisher":"https:\/\/www.facebook.com\/istiqlal91","article_modified_time":"2025-05-13T07:18:32+00:00","og_image":[{"width":337,"height":530,"url":"https:\/\/amip.az\/wp-content\/uploads\/2025\/05\/istiqlal_yolu_etibar_mammadov_kitab_i_01.jpg","type":"image\/jpeg"}],"twitter_card":"summary_large_image","twitter_site":"@APartiyas","twitter_misc":{"Est. reading time":"1 minute"},"schema":{"@context":"https:\/\/schema.org","@graph":[{"@type":"WebPage","@id":"https:\/\/amip.az\/n%c9%99srl%c9%99r\/","url":"https:\/\/amip.az\/n%c9%99srl%c9%99r\/","name":"N\u0259\u015frl\u0259r - Az\u0259rbaycan Milli \u0130stiqlal Partiyas\u0131","isPartOf":{"@id":"https:\/\/amip.az\/az\/#website"},"primaryImageOfPage":{"@id":"https:\/\/amip.az\/n%c9%99srl%c9%99r\/#primaryimage"},"image":{"@id":"https:\/\/amip.az\/n%c9%99srl%c9%99r\/#primaryimage"},"thumbnailUrl":"https:\/\/amip.az\/wp-content\/uploads\/2025\/05\/istiqlal_yolu_etibar_mammadov_kitab_i_01.jpg","datePublished":"2022-06-16T07:00:09+00:00","dateModified":"2025-05-13T07:18:32+00:00","breadcrumb":{"@id":"https:\/\/amip.az\/n%c9%99srl%c9%99r\/#breadcrumb"},"inLanguage":"az","potentialAction":[{"@type":"ReadAction","target":["https:\/\/amip.az\/n%c9%99srl%c9%99r\/"]}]},{"@type":"ImageObject","inLanguage":"az","@id":"https:\/\/amip.az\/n%c9%99srl%c9%99r\/#primaryimage","url":"https:\/\/amip.az\/wp-content\/uploads\/2025\/05\/istiqlal_yolu_etibar_mammadov_kitab_i_01.jpg","contentUrl":"https:\/\/amip.az\/wp-content\/uploads\/2025\/05\/istiqlal_yolu_etibar_mammadov_kitab_i_01.jpg"},{"@type":"BreadcrumbList","@id":"https:\/\/amip.az\/n%c9%99srl%c9%99r\/#breadcrumb","itemListElement":[{"@type":"ListItem","position":1,"name":"Home","item":"https:\/\/amip.az\/"},{"@type":"ListItem","position":2,"name":"N\u0259\u015frl\u0259r"}]},{"@type":"WebSite","@id":"https:\/\/amip.az\/az\/#website","url":"https:\/\/amip.az\/az\/","name":"Az\u0259rbaycan Milli \u0130stiqlal Partiyas\u0131","description":"AM\u0130P","publisher":{"@id":"https:\/\/amip.az\/az\/#organization"},"potentialAction":[{"@type":"SearchAction","target":{"@type":"EntryPoint","urlTemplate":"https:\/\/amip.az\/az\/?s={search_term_string}"},"query-input":{"@type":"PropertyValueSpecification","valueRequired":true,"valueName":"search_term_string"}}],"inLanguage":"az"},{"@type":"Organization","@id":"https:\/\/amip.az\/az\/#organization","name":"Az\u0259rbaycan Milli \u0130stiqlal Partiyas\u0131","url":"https:\/\/amip.az\/az\/","logo":{"@type":"ImageObject","inLanguage":"az","@id":"https:\/\/amip.az\/az\/#\/schema\/logo\/image\/","url":"https:\/\/amip.az\/wp-content\/uploads\/2023\/06\/amiplogo.png","contentUrl":"https:\/\/amip.az\/wp-content\/uploads\/2023\/06\/amiplogo.png","width":723,"height":423,"caption":"Az\u0259rbaycan Milli \u0130stiqlal Partiyas\u0131"},"image":{"@id":"https:\/\/amip.az\/az\/#\/schema\/logo\/image\/"},"sameAs":["https:\/\/www.facebook.com\/istiqlal91","https:\/\/x.com\/APartiyas","https:\/\/www.youtube.com\/channel\/UCF3pc8spko_xON2sr4vUC5A"]}]}},"_links":{"self":[{"href":"https:\/\/amip.az\/az\/wp-json\/wp\/v2\/pages\/4561","targetHints":{"allow":["GET"]}}],"collection":[{"href":"https:\/\/amip.az\/az\/wp-json\/wp\/v2\/pages"}],"about":[{"href":"https:\/\/amip.az\/az\/wp-json\/wp\/v2\/types\/page"}],"author":[{"embeddable":true,"href":"https:\/\/amip.az\/az\/wp-json\/wp\/v2\/users\/1"}],"replies":[{"embeddable":true,"href":"https:\/\/amip.az\/az\/wp-json\/wp\/v2\/comments?post=4561"}],"version-history":[{"count":11,"href":"https:\/\/amip.az\/az\/wp-json\/wp\/v2\/pages\/4561\/revisions"}],"predecessor-version":[{"id":8331,"href":"https:\/\/amip.az\/az\/wp-json\/wp\/v2\/pages\/4561\/revisions\/8331"}],"wp:attachment":[{"href":"https:\/\/amip.az\/az\/wp-json\/wp\/v2\/media?parent=4561"}],"curies":[{"name":"wp","href":"https:\/\/api.w.org\/{rel}","templated":true}]}}