{"id":4705,"date":"2022-06-17T23:23:14","date_gmt":"2022-06-17T19:23:14","guid":{"rendered":"https:\/\/vtstrt.mediadesigntech.com\/?page_id=4705"},"modified":"2026-02-14T13:30:10","modified_gmt":"2026-02-14T09:30:10","slug":"az%c9%99rbaycan-milli-istiqlal-partiyasinin-qurultaylari","status":"publish","type":"page","link":"https:\/\/amip.az\/az\/az%c9%99rbaycan-milli-istiqlal-partiyasinin-qurultaylari\/","title":{"rendered":"Az\u0259rbaycan Milli \u0130stiqlal Partiyas\u0131n\u0131n Qurultaylar\u0131"},"content":{"rendered":"\n<p>Az\u0259rbaycan\u0131n ictimai-siyasi h\u0259yat\u0131nda \u00f6z n\u00fcfuzu, g\u00fcc\u00fc ayd\u0131n ideoloji x\u0259tti, milli d\u0259y\u0259rl\u0259rin m\u00fchafiz\u0259\u00e7isi kimi tan\u0131nan, beyn\u0259lxalq \u0259laq\u0259l\u0259rini m\u00fcv\u0259ff\u0259qiyy\u0259tl\u0259 inki\u015faf etdir\u0259n, m\u00fcasir d\u00fcnya standartlar\u0131na uy\u011fun \u015f\u0259kild\u0259 t\u0259\u015fkil olunmu\u015f Az\u0259rbaycan Milli \u0130stiqlal Partiyas\u0131 \u0130stiqlal\u0131n\u0131n b\u0259rpas\u0131 \u0259r\u0259f\u0259si, y\u0259ni 15 oktyabr 1991-ci il tarixd\u0259 D\u00f6vl\u0259t Televiziyas\u0131n\u0131n partiyan\u0131n yarad\u0131lmas\u0131 bar\u0259d\u0259 T\u0259\u015fkilat Komit\u0259sinin b\u0259y\u0259nnam\u0259si haqq\u0131nda m\u0259lumat verm\u0259si v\u0259 bir g\u00fcn sonra &#8216;Mill\u0259t &#8221; q\u0259zetinin s\u0131naq n\u00f6mr\u0259sind\u0259 bu b\u0259yannam\u0259 d\u0259rc olunmas\u0131 il\u0259 siyasi s\u0259hn\u0259y\u0259 q\u0259d\u0259m qoydu.<\/p>\n\n\n\n<p>Bununla da Az\u0259rbaycan\u0131n siyasi h\u0259yat\u0131nda \u00e7oxpartiyal\u0131l\u0131\u011f\u0131n \u0259sas\u0131n\u0131n qoyulmas\u0131 il\u0259 yeni d\u00f6vr ba\u015fland\u0131.<\/p>\n\n\n\n<figure class=\"wp-block-image size-large\"><img loading=\"lazy\" decoding=\"async\" width=\"1024\" height=\"772\" src=\"https:\/\/amip.az\/wp-content\/uploads\/2022\/06\/amip_qurultay_02-1024x772.jpg\" alt=\"Az\u0259rbaycan Milli \u0130stiqlal Partiyas\u0131\" class=\"wp-image-4829\" srcset=\"https:\/\/amip.az\/wp-content\/uploads\/2022\/06\/amip_qurultay_02-1024x772.jpg 1024w, https:\/\/amip.az\/wp-content\/uploads\/2022\/06\/amip_qurultay_02-300x226.jpg 300w, https:\/\/amip.az\/wp-content\/uploads\/2022\/06\/amip_qurultay_02-768x579.jpg 768w, https:\/\/amip.az\/wp-content\/uploads\/2022\/06\/amip_qurultay_02-16x12.jpg 16w, https:\/\/amip.az\/wp-content\/uploads\/2022\/06\/amip_qurultay_02.jpg 1178w\" sizes=\"auto, (max-width: 1024px) 100vw, 1024px\" \/><\/figure>\n\n\n\n<p>3-4 iyul 1992-ci il t\u0259sis qurultay\u0131ndan sonra, 17 iyul 1992-ci il tarixind\u0259 AM\u0130P \u018fdliyy\u0259 Nazirliyi t\u0259r\u0259find\u0259n Az\u0259rbaycanda yaranm\u0131\u015f ilk siyasi partiya kimi d\u00f6vl\u0259t qeydiyyat\u0131ndan ke\u00e7irildi. Az\u0259rbaycan Milli \u0130stiqlal Partiyas\u0131 indiy\u0259d\u0259k 11 qurultay ke\u00e7irmi\u015f, 5 d\u0259f\u0259 yeni s\u0259dr se\u00e7mi\u015fdir. Partiya s\u0131ralar\u0131nda olmu\u015f bir \u00e7ox \u015f\u0259xs daha sonralar istefa vermi\u015f, ir\u0259lil\u0259y\u0259n zamanlarda is\u0259 y\u00fcks\u0259k v\u0259zif\u0259l\u0259r\u0259 t\u0259yinat alm\u0131\u015fd\u0131r. Bu \u015f\u0259xsl\u0259r\u0259 sabiq ba\u015f nazir Novruz M\u0259mm\u0259dov, ba\u015f nazirin sabiq m\u00fcavini El\u00e7in \u018ff\u0259ndiyev, ba\u015f nazirin m\u00fcavini \u018fli \u018fhm\u0259dov, s\u0259fir sabiq xarici i\u015fl\u0259r naziri Vilay\u0259t Quliyev, sabiq d\u00f6vl\u0259t m\u00fc\u015faviri Qabil H\u00fcseynli, X\u0259tai rayon icra Hakimiyy\u0259tinin sabiq ba\u015f\u00e7\u0131s\u0131 G\u00fcnd\u00fcz C\u0259lilov, M\u00fc\u0259llif H\u00fcquqlar\u0131 Agentliyinin sabiq s\u0259dri Abutal\u0131b S\u0259m\u0259dov, Dini Qurumlarla i\u015f \u00fczr\u0259 D\u00f6vl\u0259t Komit\u0259sinin s\u0259dri M\u00fcbariz Qurbanl\u0131, AMEA \u0130qtisadiyyat \u0130nstitunun direktoru Nazim \u0130manov, Azerbaijan Respublikas\u0131 Prezidenti yan\u0131nda Strateji Ara\u015fd\u0131rmalar M\u0259rk\u0259zinin s\u0259dri F\u0259rhad M\u0259mm\u0259dov, Ekologiya v\u0259 T\u0259bii S\u0259rv\u0259tl\u0259r nazirinin sabiq m\u00fcavini Novruz Quliyev, Tibbi \u018frazi B\u00f6lm\u0259l\u0259ri \u0130dar\u0259etm\u0259 Birliyinin sabiq s\u0259dri Ramin Bayraml\u0131, AMEA \u0130nformasiya Texnologiyalar\u0131 \u0130nstitutunun ba\u015f direktoru Rasim \u018fliquliyev v\u0259 ba\u015fqalar\u0131 n\u00fcmun\u0259dir. H\u0259m\u00e7inin partiya s\u0131ralar\u0131na \u0259vv\u0259ll\u0259r v\u0259zif\u0259 sahib olmu\u015f \u015f\u0259xsl\u0259r d\u0259 qat\u0131lm\u0131\u015fd\u0131r. Bu \u015f\u0259xsl\u0259r\u0259 Az\u0259rbaycan Milli Elml\u0259r Akademiyas\u0131n\u0131n sabiq prezidenti Eldar Salayev sabiq t\u0259hsil naziri Firudin C\u0259lilov sabiq deputat Yusif Ba\u011f\u0131rzad\u0259 v\u0259 ba\u015fqalar\u0131 n\u00fcmun\u0259dir.<\/p>\n\n\n\n<h3 class=\"wp-block-heading\">AM\u0130P Qurultaylar\u0131n\u0131n xronoloji ard\u0131c\u0131ll\u0131\u011f\u0131<\/h3>\n\n\n\n<p>AM\u0130P I (T\u0259sis) Qurultay\u0131 (3-4 iyul 1992-ci il)<br>AM\u0130P ll (N\u00f6vb\u0259d\u0259nk\u0259nar) Qurultay\u0131 (5 sentyabr 1993-c\u00fc il)<br>AM\u0130P III (F\u00f6vq\u0259lad\u0259 Qurultay\u0131) (16 sentyabr 1995-ci il)<br>AM\u0130P IV Qurultay\u0131 (24-25may 1996-c\u0131)<br>AM\u0130P V (F\u00f6vq\u0259lad\u0259) Qurultay\u0131 (6 dekabr 1997-ci il)<br>AM\u0130P VI Qurultay\u0131 (30-31 oktyabr 1999-cu il)<br>AM\u0130P Vll Qurultay\u0131 (2003-c\u00fc il)<br>AM\u0130P VIII Qurultay\u0131 (yanvar 2005-ci il)<br>AM\u0130P IX Qurultay\u0131 (25 iyun 2006-c\u0131 il)<br>AM\u0130P X Qurultay\u0131 (10 iyul 2010-cu il)<br>AM\u0130P Xl Qurultay\u0131 (15 avqust 2020-ci)<br>AM\u0130P XlI Qurultay\u0131 (25 noyabr 2023-c\u00fc)<br>AM\u0130P XlII Qurultay\u0131 (28 sentyabr 2025-ci)<\/p>\n","protected":false},"excerpt":{"rendered":"<p>Az\u0259rbaycan\u0131n ictimai-siyasi h\u0259yat\u0131nda \u00f6z n\u00fcfuzu, g\u00fcc\u00fc ayd\u0131n ideoloji x\u0259tti, milli d\u0259y\u0259rl\u0259rin m\u00fchafiz\u0259\u00e7isi kimi tan\u0131nan, beyn\u0259lxalq \u0259laq\u0259l\u0259rini m\u00fcv\u0259ff\u0259qiyy\u0259tl\u0259 inki\u015faf etdir\u0259n, m\u00fcasir d\u00fcnya standartlar\u0131na uy\u011fun \u015f\u0259kild\u0259 t\u0259\u015fkil olunmu\u015f Az\u0259rbaycan Milli \u0130stiqlal Partiyas\u0131 \u0130stiqlal\u0131n\u0131n b\u0259rpas\u0131 \u0259r\u0259f\u0259si, y\u0259ni 15 oktyabr 1991-ci il tarixd\u0259 D\u00f6vl\u0259t Televiziyas\u0131n\u0131n partiyan\u0131n yarad\u0131lmas\u0131 bar\u0259d\u0259 T\u0259\u015fkilat Komit\u0259sinin b\u0259y\u0259nnam\u0259si haqq\u0131nda m\u0259lumat verm\u0259si v\u0259 bir g\u00fcn sonra &#8216;Mill\u0259t &#8221; q\u0259zetinin s\u0131naq n\u00f6mr\u0259sind\u0259 bu b\u0259yannam\u0259 d\u0259rc olunmas\u0131 il\u0259 siyasi s\u0259hn\u0259y\u0259 q\u0259d\u0259m qoydu. Bununla da Az\u0259rbaycan\u0131n siyasi h\u0259yat\u0131nda \u00e7oxpartiyal\u0131l\u0131\u011f\u0131n \u0259sas\u0131n\u0131n qoyulmas\u0131 il\u0259 yeni d\u00f6vr ba\u015fland\u0131. 3-4 iyul 1992-ci il [&hellip;]<\/p>\n","protected":false},"author":1,"featured_media":0,"parent":0,"menu_order":0,"comment_status":"closed","ping_status":"closed","template":"","meta":{"footnotes":""},"class_list":["post-4705","page","type-page","status-publish","hentry"],"yoast_head":"<!-- This site is optimized with the Yoast SEO plugin v23.8 - https:\/\/yoast.com\/wordpress\/plugins\/seo\/ -->\n<title>Az\u0259rbaycan Milli \u0130stiqlal Partiyas\u0131n\u0131n Qurultaylar\u0131 - Az\u0259rbaycan Milli \u0130stiqlal Partiyas\u0131<\/title>\n<meta name=\"robots\" content=\"index, follow, max-snippet:-1, max-image-preview:large, max-video-preview:-1\" \/>\n<link rel=\"canonical\" href=\"https:\/\/amip.az\/az\/az\u0259rbaycan-milli-istiqlal-partiyasinin-qurultaylari\/\" \/>\n<meta property=\"og:locale\" content=\"az_AZ\" \/>\n<meta property=\"og:type\" content=\"article\" \/>\n<meta property=\"og:title\" content=\"Az\u0259rbaycan Milli \u0130stiqlal Partiyas\u0131n\u0131n Qurultaylar\u0131 - Az\u0259rbaycan Milli \u0130stiqlal Partiyas\u0131\" \/>\n<meta property=\"og:description\" content=\"Az\u0259rbaycan\u0131n ictimai-siyasi h\u0259yat\u0131nda \u00f6z n\u00fcfuzu, g\u00fcc\u00fc ayd\u0131n ideoloji x\u0259tti, milli d\u0259y\u0259rl\u0259rin m\u00fchafiz\u0259\u00e7isi kimi tan\u0131nan, beyn\u0259lxalq \u0259laq\u0259l\u0259rini m\u00fcv\u0259ff\u0259qiyy\u0259tl\u0259 inki\u015faf etdir\u0259n, m\u00fcasir d\u00fcnya standartlar\u0131na uy\u011fun \u015f\u0259kild\u0259 t\u0259\u015fkil olunmu\u015f Az\u0259rbaycan Milli \u0130stiqlal Partiyas\u0131 \u0130stiqlal\u0131n\u0131n b\u0259rpas\u0131 \u0259r\u0259f\u0259si, y\u0259ni 15 oktyabr 1991-ci il tarixd\u0259 D\u00f6vl\u0259t Televiziyas\u0131n\u0131n partiyan\u0131n yarad\u0131lmas\u0131 bar\u0259d\u0259 T\u0259\u015fkilat Komit\u0259sinin b\u0259y\u0259nnam\u0259si haqq\u0131nda m\u0259lumat verm\u0259si v\u0259 bir g\u00fcn sonra &#8216;Mill\u0259t &#8221; q\u0259zetinin s\u0131naq n\u00f6mr\u0259sind\u0259 bu b\u0259yannam\u0259 d\u0259rc olunmas\u0131 il\u0259 siyasi s\u0259hn\u0259y\u0259 q\u0259d\u0259m qoydu. Bununla da Az\u0259rbaycan\u0131n siyasi h\u0259yat\u0131nda \u00e7oxpartiyal\u0131l\u0131\u011f\u0131n \u0259sas\u0131n\u0131n qoyulmas\u0131 il\u0259 yeni d\u00f6vr ba\u015fland\u0131. 3-4 iyul 1992-ci il [&hellip;]\" \/>\n<meta property=\"og:url\" content=\"https:\/\/amip.az\/az\/az\u0259rbaycan-milli-istiqlal-partiyasinin-qurultaylari\/\" \/>\n<meta property=\"og:site_name\" content=\"Az\u0259rbaycan Milli \u0130stiqlal Partiyas\u0131\" \/>\n<meta property=\"article:publisher\" content=\"https:\/\/www.facebook.com\/istiqlal91\" \/>\n<meta property=\"article:modified_time\" content=\"2026-02-14T09:30:10+00:00\" \/>\n<meta property=\"og:image\" content=\"https:\/\/amip.az\/wp-content\/uploads\/2022\/06\/amip_qurultay_02.jpg\" \/>\n\t<meta property=\"og:image:width\" content=\"1178\" \/>\n\t<meta property=\"og:image:height\" content=\"888\" \/>\n\t<meta property=\"og:image:type\" content=\"image\/jpeg\" \/>\n<meta name=\"twitter:card\" content=\"summary_large_image\" \/>\n<meta name=\"twitter:site\" content=\"@APartiyas\" \/>\n<meta name=\"twitter:label1\" content=\"Est. reading time\" \/>\n\t<meta name=\"twitter:data1\" content=\"3 minutes\" \/>\n<script type=\"application\/ld+json\" class=\"yoast-schema-graph\">{\"@context\":\"https:\/\/schema.org\",\"@graph\":[{\"@type\":\"WebPage\",\"@id\":\"https:\/\/amip.az\/az%c9%99rbaycan-milli-istiqlal-partiyasinin-qurultaylari\/\",\"url\":\"https:\/\/amip.az\/az%c9%99rbaycan-milli-istiqlal-partiyasinin-qurultaylari\/\",\"name\":\"Az\u0259rbaycan Milli \u0130stiqlal Partiyas\u0131n\u0131n Qurultaylar\u0131 - Az\u0259rbaycan Milli \u0130stiqlal Partiyas\u0131\",\"isPartOf\":{\"@id\":\"https:\/\/amip.az\/az\/#website\"},\"primaryImageOfPage\":{\"@id\":\"https:\/\/amip.az\/az%c9%99rbaycan-milli-istiqlal-partiyasinin-qurultaylari\/#primaryimage\"},\"image\":{\"@id\":\"https:\/\/amip.az\/az%c9%99rbaycan-milli-istiqlal-partiyasinin-qurultaylari\/#primaryimage\"},\"thumbnailUrl\":\"https:\/\/amip.az\/wp-content\/uploads\/2022\/06\/amip_qurultay_02-1024x772.jpg\",\"datePublished\":\"2022-06-17T19:23:14+00:00\",\"dateModified\":\"2026-02-14T09:30:10+00:00\",\"breadcrumb\":{\"@id\":\"https:\/\/amip.az\/az%c9%99rbaycan-milli-istiqlal-partiyasinin-qurultaylari\/#breadcrumb\"},\"inLanguage\":\"az\",\"potentialAction\":[{\"@type\":\"ReadAction\",\"target\":[\"https:\/\/amip.az\/az%c9%99rbaycan-milli-istiqlal-partiyasinin-qurultaylari\/\"]}]},{\"@type\":\"ImageObject\",\"inLanguage\":\"az\",\"@id\":\"https:\/\/amip.az\/az%c9%99rbaycan-milli-istiqlal-partiyasinin-qurultaylari\/#primaryimage\",\"url\":\"https:\/\/amip.az\/wp-content\/uploads\/2022\/06\/amip_qurultay_02-1024x772.jpg\",\"contentUrl\":\"https:\/\/amip.az\/wp-content\/uploads\/2022\/06\/amip_qurultay_02-1024x772.jpg\"},{\"@type\":\"BreadcrumbList\",\"@id\":\"https:\/\/amip.az\/az%c9%99rbaycan-milli-istiqlal-partiyasinin-qurultaylari\/#breadcrumb\",\"itemListElement\":[{\"@type\":\"ListItem\",\"position\":1,\"name\":\"Home\",\"item\":\"https:\/\/amip.az\/\"},{\"@type\":\"ListItem\",\"position\":2,\"name\":\"Az\u0259rbaycan Milli \u0130stiqlal Partiyas\u0131n\u0131n Qurultaylar\u0131\"}]},{\"@type\":\"WebSite\",\"@id\":\"https:\/\/amip.az\/az\/#website\",\"url\":\"https:\/\/amip.az\/az\/\",\"name\":\"Az\u0259rbaycan Milli \u0130stiqlal Partiyas\u0131\",\"description\":\"AM\u0130P\",\"publisher\":{\"@id\":\"https:\/\/amip.az\/az\/#organization\"},\"potentialAction\":[{\"@type\":\"SearchAction\",\"target\":{\"@type\":\"EntryPoint\",\"urlTemplate\":\"https:\/\/amip.az\/az\/?s={search_term_string}\"},\"query-input\":{\"@type\":\"PropertyValueSpecification\",\"valueRequired\":true,\"valueName\":\"search_term_string\"}}],\"inLanguage\":\"az\"},{\"@type\":\"Organization\",\"@id\":\"https:\/\/amip.az\/az\/#organization\",\"name\":\"Az\u0259rbaycan Milli \u0130stiqlal Partiyas\u0131\",\"url\":\"https:\/\/amip.az\/az\/\",\"logo\":{\"@type\":\"ImageObject\",\"inLanguage\":\"az\",\"@id\":\"https:\/\/amip.az\/az\/#\/schema\/logo\/image\/\",\"url\":\"https:\/\/amip.az\/wp-content\/uploads\/2023\/06\/amiplogo.png\",\"contentUrl\":\"https:\/\/amip.az\/wp-content\/uploads\/2023\/06\/amiplogo.png\",\"width\":723,\"height\":423,\"caption\":\"Az\u0259rbaycan Milli \u0130stiqlal Partiyas\u0131\"},\"image\":{\"@id\":\"https:\/\/amip.az\/az\/#\/schema\/logo\/image\/\"},\"sameAs\":[\"https:\/\/www.facebook.com\/istiqlal91\",\"https:\/\/x.com\/APartiyas\",\"https:\/\/www.youtube.com\/channel\/UCF3pc8spko_xON2sr4vUC5A\"]}]}<\/script>\n<!-- \/ Yoast SEO plugin. -->","yoast_head_json":{"title":"Az\u0259rbaycan Milli \u0130stiqlal Partiyas\u0131n\u0131n Qurultaylar\u0131 - Az\u0259rbaycan Milli \u0130stiqlal Partiyas\u0131","robots":{"index":"index","follow":"follow","max-snippet":"max-snippet:-1","max-image-preview":"max-image-preview:large","max-video-preview":"max-video-preview:-1"},"canonical":"https:\/\/amip.az\/az\/az\u0259rbaycan-milli-istiqlal-partiyasinin-qurultaylari\/","og_locale":"az_AZ","og_type":"article","og_title":"Az\u0259rbaycan Milli \u0130stiqlal Partiyas\u0131n\u0131n Qurultaylar\u0131 - Az\u0259rbaycan Milli \u0130stiqlal Partiyas\u0131","og_description":"Az\u0259rbaycan\u0131n ictimai-siyasi h\u0259yat\u0131nda \u00f6z n\u00fcfuzu, g\u00fcc\u00fc ayd\u0131n ideoloji x\u0259tti, milli d\u0259y\u0259rl\u0259rin m\u00fchafiz\u0259\u00e7isi kimi tan\u0131nan, beyn\u0259lxalq \u0259laq\u0259l\u0259rini m\u00fcv\u0259ff\u0259qiyy\u0259tl\u0259 inki\u015faf etdir\u0259n, m\u00fcasir d\u00fcnya standartlar\u0131na uy\u011fun \u015f\u0259kild\u0259 t\u0259\u015fkil olunmu\u015f Az\u0259rbaycan Milli \u0130stiqlal Partiyas\u0131 \u0130stiqlal\u0131n\u0131n b\u0259rpas\u0131 \u0259r\u0259f\u0259si, y\u0259ni 15 oktyabr 1991-ci il tarixd\u0259 D\u00f6vl\u0259t Televiziyas\u0131n\u0131n partiyan\u0131n yarad\u0131lmas\u0131 bar\u0259d\u0259 T\u0259\u015fkilat Komit\u0259sinin b\u0259y\u0259nnam\u0259si haqq\u0131nda m\u0259lumat verm\u0259si v\u0259 bir g\u00fcn sonra &#8216;Mill\u0259t &#8221; q\u0259zetinin s\u0131naq n\u00f6mr\u0259sind\u0259 bu b\u0259yannam\u0259 d\u0259rc olunmas\u0131 il\u0259 siyasi s\u0259hn\u0259y\u0259 q\u0259d\u0259m qoydu. Bununla da Az\u0259rbaycan\u0131n siyasi h\u0259yat\u0131nda \u00e7oxpartiyal\u0131l\u0131\u011f\u0131n \u0259sas\u0131n\u0131n qoyulmas\u0131 il\u0259 yeni d\u00f6vr ba\u015fland\u0131. 3-4 iyul 1992-ci il [&hellip;]","og_url":"https:\/\/amip.az\/az\/az\u0259rbaycan-milli-istiqlal-partiyasinin-qurultaylari\/","og_site_name":"Az\u0259rbaycan Milli \u0130stiqlal Partiyas\u0131","article_publisher":"https:\/\/www.facebook.com\/istiqlal91","article_modified_time":"2026-02-14T09:30:10+00:00","og_image":[{"width":1178,"height":888,"url":"https:\/\/amip.az\/wp-content\/uploads\/2022\/06\/amip_qurultay_02.jpg","type":"image\/jpeg"}],"twitter_card":"summary_large_image","twitter_site":"@APartiyas","twitter_misc":{"Est. reading time":"3 minutes"},"schema":{"@context":"https:\/\/schema.org","@graph":[{"@type":"WebPage","@id":"https:\/\/amip.az\/az%c9%99rbaycan-milli-istiqlal-partiyasinin-qurultaylari\/","url":"https:\/\/amip.az\/az%c9%99rbaycan-milli-istiqlal-partiyasinin-qurultaylari\/","name":"Az\u0259rbaycan Milli \u0130stiqlal Partiyas\u0131n\u0131n Qurultaylar\u0131 - Az\u0259rbaycan Milli \u0130stiqlal Partiyas\u0131","isPartOf":{"@id":"https:\/\/amip.az\/az\/#website"},"primaryImageOfPage":{"@id":"https:\/\/amip.az\/az%c9%99rbaycan-milli-istiqlal-partiyasinin-qurultaylari\/#primaryimage"},"image":{"@id":"https:\/\/amip.az\/az%c9%99rbaycan-milli-istiqlal-partiyasinin-qurultaylari\/#primaryimage"},"thumbnailUrl":"https:\/\/amip.az\/wp-content\/uploads\/2022\/06\/amip_qurultay_02-1024x772.jpg","datePublished":"2022-06-17T19:23:14+00:00","dateModified":"2026-02-14T09:30:10+00:00","breadcrumb":{"@id":"https:\/\/amip.az\/az%c9%99rbaycan-milli-istiqlal-partiyasinin-qurultaylari\/#breadcrumb"},"inLanguage":"az","potentialAction":[{"@type":"ReadAction","target":["https:\/\/amip.az\/az%c9%99rbaycan-milli-istiqlal-partiyasinin-qurultaylari\/"]}]},{"@type":"ImageObject","inLanguage":"az","@id":"https:\/\/amip.az\/az%c9%99rbaycan-milli-istiqlal-partiyasinin-qurultaylari\/#primaryimage","url":"https:\/\/amip.az\/wp-content\/uploads\/2022\/06\/amip_qurultay_02-1024x772.jpg","contentUrl":"https:\/\/amip.az\/wp-content\/uploads\/2022\/06\/amip_qurultay_02-1024x772.jpg"},{"@type":"BreadcrumbList","@id":"https:\/\/amip.az\/az%c9%99rbaycan-milli-istiqlal-partiyasinin-qurultaylari\/#breadcrumb","itemListElement":[{"@type":"ListItem","position":1,"name":"Home","item":"https:\/\/amip.az\/"},{"@type":"ListItem","position":2,"name":"Az\u0259rbaycan Milli \u0130stiqlal Partiyas\u0131n\u0131n Qurultaylar\u0131"}]},{"@type":"WebSite","@id":"https:\/\/amip.az\/az\/#website","url":"https:\/\/amip.az\/az\/","name":"Az\u0259rbaycan Milli \u0130stiqlal Partiyas\u0131","description":"AM\u0130P","publisher":{"@id":"https:\/\/amip.az\/az\/#organization"},"potentialAction":[{"@type":"SearchAction","target":{"@type":"EntryPoint","urlTemplate":"https:\/\/amip.az\/az\/?s={search_term_string}"},"query-input":{"@type":"PropertyValueSpecification","valueRequired":true,"valueName":"search_term_string"}}],"inLanguage":"az"},{"@type":"Organization","@id":"https:\/\/amip.az\/az\/#organization","name":"Az\u0259rbaycan Milli \u0130stiqlal Partiyas\u0131","url":"https:\/\/amip.az\/az\/","logo":{"@type":"ImageObject","inLanguage":"az","@id":"https:\/\/amip.az\/az\/#\/schema\/logo\/image\/","url":"https:\/\/amip.az\/wp-content\/uploads\/2023\/06\/amiplogo.png","contentUrl":"https:\/\/amip.az\/wp-content\/uploads\/2023\/06\/amiplogo.png","width":723,"height":423,"caption":"Az\u0259rbaycan Milli \u0130stiqlal Partiyas\u0131"},"image":{"@id":"https:\/\/amip.az\/az\/#\/schema\/logo\/image\/"},"sameAs":["https:\/\/www.facebook.com\/istiqlal91","https:\/\/x.com\/APartiyas","https:\/\/www.youtube.com\/channel\/UCF3pc8spko_xON2sr4vUC5A"]}]}},"_links":{"self":[{"href":"https:\/\/amip.az\/az\/wp-json\/wp\/v2\/pages\/4705","targetHints":{"allow":["GET"]}}],"collection":[{"href":"https:\/\/amip.az\/az\/wp-json\/wp\/v2\/pages"}],"about":[{"href":"https:\/\/amip.az\/az\/wp-json\/wp\/v2\/types\/page"}],"author":[{"embeddable":true,"href":"https:\/\/amip.az\/az\/wp-json\/wp\/v2\/users\/1"}],"replies":[{"embeddable":true,"href":"https:\/\/amip.az\/az\/wp-json\/wp\/v2\/comments?post=4705"}],"version-history":[{"count":9,"href":"https:\/\/amip.az\/az\/wp-json\/wp\/v2\/pages\/4705\/revisions"}],"predecessor-version":[{"id":10021,"href":"https:\/\/amip.az\/az\/wp-json\/wp\/v2\/pages\/4705\/revisions\/10021"}],"wp:attachment":[{"href":"https:\/\/amip.az\/az\/wp-json\/wp\/v2\/media?parent=4705"}],"curies":[{"name":"wp","href":"https:\/\/api.w.org\/{rel}","templated":true}]}}