{"id":4716,"date":"2022-06-18T22:15:02","date_gmt":"2022-06-18T18:15:02","guid":{"rendered":"https:\/\/vtstrt.mediadesigntech.com\/?page_id=4716"},"modified":"2022-07-18T09:46:29","modified_gmt":"2022-07-18T05:46:29","slug":"az%c9%99rbaycan-milli-istiqlal-partiyasinin-tarixi","status":"publish","type":"page","link":"https:\/\/amip.az\/az\/az%c9%99rbaycan-milli-istiqlal-partiyasinin-tarixi\/","title":{"rendered":"Az\u0259rbaycan Milli \u0130stiqlal Partiyas\u0131n\u0131n tarixi"},"content":{"rendered":"\n<p>Az\u0259rbaycan Milli \u0130stiqlal Partiyas\u0131 (AM\u0130P) 3-4 iyul 1992-ci ild\u0259 t\u0259sis edilmi\u015f, 17 iyul 1992-ci ild\u0259 \u018fdliyy\u0259 Nazirliyind\u0259n ilk r\u0259smi qeydiyyatdan ke\u00e7ib. Bununla da, m\u00fcasir Az\u0259rbaycan tarixind\u0259 70 ild\u0259n sonra \u00e7oxpartiyal\u0131 sistemin \u0259sas\u0131 qoyuldu.<\/p>\n\n\n\n<figure class=\"wp-block-image size-large\"><img loading=\"lazy\" decoding=\"async\" width=\"1024\" height=\"756\" src=\"https:\/\/amip.az\/wp-content\/uploads\/2022\/06\/amip_qurultay-1024x756.jpg\" alt=\"Az\u0259rbaycan Milli \u0130stiqlal Partiyas\u0131\" class=\"wp-image-4816\" srcset=\"https:\/\/amip.az\/wp-content\/uploads\/2022\/06\/amip_qurultay-1024x756.jpg 1024w, https:\/\/amip.az\/wp-content\/uploads\/2022\/06\/amip_qurultay-300x222.jpg 300w, https:\/\/amip.az\/wp-content\/uploads\/2022\/06\/amip_qurultay-768x567.jpg 768w, https:\/\/amip.az\/wp-content\/uploads\/2022\/06\/amip_qurultay-16x12.jpg 16w, https:\/\/amip.az\/wp-content\/uploads\/2022\/06\/amip_qurultay.jpg 1193w\" sizes=\"auto, (max-width: 1024px) 100vw, 1024px\" \/><\/figure>\n\n\n\n<p>AM\u0130P eyni zamanda siyasi hakimiyy\u0259t u\u011frunda m\u00fcbariz\u0259 apard\u0131\u011f\u0131n\u0131 elan ed\u0259n ilk siyasi t\u0259\u015fkilatd\u0131r. \u00d6lk\u0259nin 73 rayonunda yerli t\u0259\u015fkilatlar\u0131 olan AM\u0130P-in 40 mind\u0259n \u00e7ox \u00fczv\u00fc var. Partiya Az\u0259rbaycan\u0131n ictimai-siyasi h\u0259yat\u0131nda m\u00fch\u00fcm rol oynayan v\u0259 prosesl\u0259r\u0259 n\u00fcfuz ed\u0259n apar\u0131c\u0131 partiyalardan biridir.<\/p>\n\n\n\n<p>AM\u0130P Lideri E. M\u0259mm\u0259dov Milli Azadl\u0131q H\u0259r\u0259kat\u0131n\u0131n \u00f6nc\u00fcll\u0259rind\u0259n biri olmu\u015f v\u0259 1990-c\u0131 ilin yanvar\u0131n 26-da ke\u00e7mi\u015f SSR\u0130-nin paytaxt\u0131 Moskva \u015f\u0259h\u0259rind\u0259 Sovet imperiyas\u0131n\u0131n Bak\u0131da t\u00f6r\u0259tdiyi 20 Yanvar q\u0131r\u011f\u0131nlar\u0131 bar\u0259d\u0259 m\u0259tbuat konfrans\u0131 ke\u00e7ir\u0259rk\u0259n h\u0259bs olunaraq Lefortovo t\u00fcrm\u0259sin\u0259 sal\u0131nm\u0131\u015fd\u0131r.<\/p>\n\n\n\n<figure class=\"wp-block-image size-large\"><img loading=\"lazy\" decoding=\"async\" width=\"1024\" height=\"741\" src=\"https:\/\/amip.az\/wp-content\/uploads\/2022\/06\/Azadliq-meydani-xalq-1024x741.jpg\" alt=\"Az\u0259rbaycan Milli \u0130stiqlal Partiyas\u0131\" class=\"wp-image-4819\" srcset=\"https:\/\/amip.az\/wp-content\/uploads\/2022\/06\/Azadliq-meydani-xalq-1024x741.jpg 1024w, https:\/\/amip.az\/wp-content\/uploads\/2022\/06\/Azadliq-meydani-xalq-300x217.jpg 300w, https:\/\/amip.az\/wp-content\/uploads\/2022\/06\/Azadliq-meydani-xalq-768x556.jpg 768w, https:\/\/amip.az\/wp-content\/uploads\/2022\/06\/Azadliq-meydani-xalq-18x12.jpg 18w, https:\/\/amip.az\/wp-content\/uploads\/2022\/06\/Azadliq-meydani-xalq-308x224.jpg 308w, https:\/\/amip.az\/wp-content\/uploads\/2022\/06\/Azadliq-meydani-xalq.jpg 1493w\" sizes=\"auto, (max-width: 1024px) 100vw, 1024px\" \/><\/figure>\n\n\n\n<p>Az\u0259rbaycan Milli \u0130stiqlal Partiyas\u0131 se\u00e7kil\u0259ri demokratiyan\u0131n t\u0259m\u0259l prinsipl\u0259rind\u0259n biri hesab etdiyind\u0259n Az\u0259rbaycanda ke\u00e7iril\u0259n b\u00fct\u00fcn se\u00e7kil\u0259rd\u0259 f\u0259al i\u015ftirak ed\u0259r\u0259k bir s\u0131ra u\u011furlara imza atm\u0131\u015fd\u0131r. 1992-ci ild\u0259 ke\u00e7iril\u0259n prezident se\u00e7kil\u0259rind\u0259 AM\u0130P Lideri E. M\u0259mm\u0259dov namiz\u0259dliyini geri g\u00f6t\u00fcrm\u00fc\u015fd\u00fcr. 1995-ci il parlament se\u00e7kil\u0259rind\u0259 h\u00f6k\u00fcm\u0259tin yaratd\u0131\u011f\u0131 b\u00fct\u00fcn manel\u0259r\u0259 baxmayaraq partiya 8%-lik baryeri a\u015faraq Ali Qanunverici orqan\u0131nda 3 namiz\u0259dil\u0259 t\u0259msil olunmu\u015fdur. 12 noyabr 1998-ci prezident se\u00e7kil\u0259rind\u0259 AM\u0130P-in namiz\u0259di E.M\u0259mm\u0259dov sabiq prezident H.\u018fliyev\u0259 alternativ olaraq \u00f6lk\u0259 v\u0259t\u0259nda\u015flar\u0131n\u0131n 1 milyondan \u00e7ox s\u0259sini qazanaraq Az\u0259rbaycanda b\u00f6y\u00fck elektorata sahib oldu\u011funu bir daha s\u00fcbut edib.<\/p>\n\n\n\n<figure class=\"wp-block-image size-large\"><img loading=\"lazy\" decoding=\"async\" width=\"1024\" height=\"686\" src=\"https:\/\/amip.az\/wp-content\/uploads\/2022\/06\/F1510023-1024x686.jpg\" alt=\"Az\u0259rbaycan Milli \u0130stiqlal Partiyas\u0131\" class=\"wp-image-4818\" srcset=\"https:\/\/amip.az\/wp-content\/uploads\/2022\/06\/F1510023-1024x686.jpg 1024w, https:\/\/amip.az\/wp-content\/uploads\/2022\/06\/F1510023-300x201.jpg 300w, https:\/\/amip.az\/wp-content\/uploads\/2022\/06\/F1510023-768x514.jpg 768w, https:\/\/amip.az\/wp-content\/uploads\/2022\/06\/F1510023-1536x1028.jpg 1536w, https:\/\/amip.az\/wp-content\/uploads\/2022\/06\/F1510023-18x12.jpg 18w, https:\/\/amip.az\/wp-content\/uploads\/2022\/06\/F1510023.jpg 1613w\" sizes=\"auto, (max-width: 1024px) 100vw, 1024px\" \/><\/figure>\n\n\n\n<p>1999-cu ild\u0259 partiya b\u0259l\u0259diyy\u0259 se\u00e7kil\u0259rini boykot etdi. Buna s\u0259b\u0259b demokratik se\u00e7ki m\u00fchitinin olmamas\u0131, b\u0259rab\u0259r r\u0259qab\u0259t\u0259 imkanlar\u0131n yarad\u0131lmamas\u0131 idi.<\/p>\n\n\n\n<p>AM\u0130P 2000-ci il parlament se\u00e7kil\u0259rind\u0259 d\u0259 u\u011furlar qazanmas\u0131na baxmayaraq hakimiyy\u0259tin se\u00e7kil\u0259rin total sur\u0259td\u0259 saxtala\u015fd\u0131rd\u0131\u011f\u0131na g\u00f6r\u0259 parlament\u0259 mandat ala bilm\u0259di. 15 oktyabr 2003-c\u00fc il prezident se\u00e7kil\u0259rind\u0259 AM\u0130P-in \u0259traf\u0131nda yaranm\u0131\u015f &#8220;Q\u0259l\u0259b\u0259&#8221; blokunun namiz\u0259di kimi E.M\u0259mm\u0259dov hakimiyy\u0259t t\u0259r\u0259find\u0259n h\u0259yata ke\u00e7iril\u0259n b\u00fct\u00fcn saxtakarl\u0131qlara baxmayaraq \u0259ld\u0259 edilmi\u015f r\u0259smi protokollar\u0131n n\u0259tic\u0259l\u0259rin\u0259 g\u00f6r\u0259 3-c\u00fc olmu\u015fdur.<\/p>\n\n\n\n<p>2004-c\u00fc ild\u0259 ke\u00e7iril\u0259n b\u0259l\u0259diyy\u0259 se\u00e7kil\u0259rin\u0259 qat\u0131lan AM\u0130P Az\u0259rbaycan\u0131 \u0259hat\u0259 ed\u0259n b\u00fct\u00fcn b\u0259l\u0259diyy\u0259 \u00fczvl\u0259rinin say\u0131na g\u00f6r\u0259 hakim partiya olan Yeni Az\u0259rbaycan Partiyas\u0131ndan sonra 2-ci n\u0259tic\u0259 g\u00f6st\u0259rmi\u015fdir.<\/p>\n\n\n\n<figure class=\"wp-block-image size-large\"><img loading=\"lazy\" decoding=\"async\" width=\"1024\" height=\"686\" src=\"https:\/\/amip.az\/wp-content\/uploads\/2022\/06\/F1060011-1024x686.jpg\" alt=\"Az\u0259rbaycan Milli \u0130stiqlal Partiyas\u0131\" class=\"wp-image-4821\" srcset=\"https:\/\/amip.az\/wp-content\/uploads\/2022\/06\/F1060011-1024x686.jpg 1024w, https:\/\/amip.az\/wp-content\/uploads\/2022\/06\/F1060011-300x201.jpg 300w, https:\/\/amip.az\/wp-content\/uploads\/2022\/06\/F1060011-768x514.jpg 768w, https:\/\/amip.az\/wp-content\/uploads\/2022\/06\/F1060011-1536x1028.jpg 1536w, https:\/\/amip.az\/wp-content\/uploads\/2022\/06\/F1060011-18x12.jpg 18w, https:\/\/amip.az\/wp-content\/uploads\/2022\/06\/F1060011.jpg 1613w\" sizes=\"auto, (max-width: 1024px) 100vw, 1024px\" \/><\/figure>\n\n\n\n<p>2005-ci ild\u0259 ke\u00e7iril\u0259n parlament se\u00e7kil\u0259rind\u0259 Az\u0259rbaycan Milli \u0130stiqlal Partiyas\u0131 &#8220;Yeni Siyas\u0259t&#8221; se\u00e7ki blokunu yaradan 3 partiyadan biri olmu\u015f v\u0259 Respublika \u00fczr\u0259 125 Se\u00e7ki Dair\u0259sind\u0259n 54 namiz\u0259d ir\u0259li s\u00fcrm\u00fc\u015fd\u00fcr. Bu g\u00fcn parlamentd\u0259 AM\u0130P \u00fczv\u00fcn\u00fcn mandat qazana bilm\u0259m\u0259sin\u0259 baxmayaraq, 2 deputat partiyan\u0131n ir\u0259li s\u00fcrd\u00fcy\u00fc \u015f\u0259xsl\u0259rdir.<\/p>\n\n\n\n<p>Partiyan\u0131n beyn\u0259lxalq \u0259laq\u0259l\u0259ri d\u0259 geni\u015fdir. Bel\u0259 ki, AM\u0130P 1995-ci ild\u0259n d\u00fcnyan\u0131n 63 \u00f6lk\u0259sind\u0259n 82 sa\u011f-m\u0259rk\u0259z\u00e7i partiyalar\u0131 \u00f6z\u00fcnd\u0259 birl\u0259\u015fdir\u0259n Beyn\u0259lxalq Demokrat \u0130ttifaq\u0131 il\u0259 s\u0131x \u0259m\u0259kda\u015fl\u0131q edir v\u0259 1996-c\u0131 ild\u0259 partiya bu quruma assosativ \u00fczv kimi daxil olur. 1999-cu ilin may ay\u0131ndan is\u0259 BD\u0130-y\u0259 tam h\u00fcquqlu \u00fczv q\u0259bul edilib. 2003-c\u00fc ilin iyun ay\u0131nda AM\u0130P Lideri E.M\u0259mm\u0259dov bu beyn\u0259lxalq n\u00fcfuzlu t\u0259\u015fkilat\u0131n s\u0259dr m\u00fcavini se\u00e7ilib. Partiya h\u0259m\u00e7inin Avropa Parlamentind\u0259 b\u00f6y\u00fck fraksiya olan Avropa Xalq Partiyas\u0131 il\u0259 d\u0259 \u0259m\u0259kda\u015fl\u0131q edir.<\/p>\n\n\n\n<figure class=\"wp-block-image size-large\"><img loading=\"lazy\" decoding=\"async\" width=\"1024\" height=\"676\" src=\"https:\/\/amip.az\/wp-content\/uploads\/2022\/06\/BDi-den-gorushden-1024x676.jpg\" alt=\"Az\u0259rbaycan Milli \u0130stiqlal Partiyas\u0131\" class=\"wp-image-4820\" srcset=\"https:\/\/amip.az\/wp-content\/uploads\/2022\/06\/BDi-den-gorushden-1024x676.jpg 1024w, https:\/\/amip.az\/wp-content\/uploads\/2022\/06\/BDi-den-gorushden-300x198.jpg 300w, https:\/\/amip.az\/wp-content\/uploads\/2022\/06\/BDi-den-gorushden-768x507.jpg 768w, https:\/\/amip.az\/wp-content\/uploads\/2022\/06\/BDi-den-gorushden-18x12.jpg 18w, https:\/\/amip.az\/wp-content\/uploads\/2022\/06\/BDi-den-gorushden.jpg 1176w\" sizes=\"auto, (max-width: 1024px) 100vw, 1024px\" \/><\/figure>\n\n\n\n<p>Partiyan\u0131n ali m\u0259qs\u0259di d\u00fc\u015f\u00fcnc\u0259d\u0259 millilik v\u0259 m\u00fcasirlik, ad\u0259t-\u0259n\u0259n\u0259d\u0259 v\u0259 \u0259xlaqda m\u00fchafiz\u0259karl\u0131q, iqtisadiyyatda liberall\u0131q, sosial h\u0259yatda \u0259dal\u0259tlilik prinsipl\u0259rini birl\u0259\u015fdir\u0259r\u0259k v\u0259t\u0259nda\u015flar\u0131n, ail\u0259l\u0259rin, c\u0259miyy\u0259tin v\u0259 d\u00f6vl\u0259tin birlik v\u0259 b\u00fct\u00f6vl\u00fcy\u00fcn\u0259 nail olmaqd\u0131r.<\/p>\n\n\n\n<p>AM\u0130P \u00f6lk\u0259d\u0259 demokratiyan\u0131n v\u0259 h\u00fcquqi c\u0259miyy\u0259tin qurulmas\u0131 v\u0259 insan azadl\u0131qlar\u0131n\u0131n m\u00fcdafi\u0259si u\u011frunda ard\u0131c\u0131l m\u00fcbariz\u0259 aparmaqdad\u0131r v\u0259 bu yolda y\u00fczl\u0259rl\u0259 \u00fczvl\u0259ri, t\u0259r\u0259fdarlar\u0131 m\u00fcxt\u0259lif c\u0259zalara m\u0259ruz qal\u0131b.<\/p>\n\n\n\n<p>AM\u0130P-in embleminin m\u00fc\u0259llifi partiyan\u0131n qurucusu v\u0259 haz\u0131rda AM\u0130P-in lideri Etibar M\u0259mm\u0259dovdur. Simvolda g\u00f6y, q\u0131rm\u0131z\u0131 v\u0259 ya\u015f\u0131l r\u0259ng Az\u0259rbaycan bayra\u011f\u0131ndak\u0131 r\u0259ngl\u0259ri \u00f6z\u00fcnd\u0259 \u0259ks etdirir. H\u0259m\u00e7inin, buradak\u0131 aypara v\u0259 ulduz da Az\u0259rbaycan bayra\u011f\u0131na istinadd\u0131r. Simvolda ox g\u00f6st\u0259rilib ki, bu da AM\u0130P-in da\u015f\u0131d\u0131\u011f\u0131 m\u00fch\u00fcm prinsipi \u00f6z\u00fcnd\u0259 \u0259ks etdirir. Bunlar v\u0259t\u0259n\u00e7ilik (az\u0259rbaycan\u00e7\u0131l\u0131q), h\u00fcrriyy\u0259t\u00e7ilik, milli d\u00f6vl\u0259t\u00e7ilik, milliyy\u0259t\u00e7ilik, \u00f6nc\u00fcll\u00fck-m\u00fcasirlik v\u0259 istiqlal\u00e7\u0131l\u0131qd\u0131r.<\/p>\n\n\n\n<p>Partiyan\u0131n bayra\u011f\u0131 a\u011f ip\u0259k par\u00e7an\u0131n \u00fcz\u0259rind\u0259 qeyd olunan simvolun \u0259ksind\u0259n ibar\u0259tdir.<\/p>\n\n\n\n<figure class=\"wp-block-image size-full\"><img loading=\"lazy\" decoding=\"async\" width=\"960\" height=\"530\" src=\"https:\/\/amip.az\/wp-content\/uploads\/2022\/06\/Emblem_of_Azerbaijan_National_Independence_Party_logo_01_530-1.png\" alt=\"Az\u0259rbaycan Milli \u0130stiqlal Partiyas\u0131\" class=\"wp-image-4822\" srcset=\"https:\/\/amip.az\/wp-content\/uploads\/2022\/06\/Emblem_of_Azerbaijan_National_Independence_Party_logo_01_530-1.png 960w, https:\/\/amip.az\/wp-content\/uploads\/2022\/06\/Emblem_of_Azerbaijan_National_Independence_Party_logo_01_530-1-300x166.png 300w, https:\/\/amip.az\/wp-content\/uploads\/2022\/06\/Emblem_of_Azerbaijan_National_Independence_Party_logo_01_530-1-768x424.png 768w, https:\/\/amip.az\/wp-content\/uploads\/2022\/06\/Emblem_of_Azerbaijan_National_Independence_Party_logo_01_530-1-18x10.png 18w\" sizes=\"auto, (max-width: 960px) 100vw, 960px\" \/><\/figure>\n\n\n\n<p>Az\u0259rbaycan Milli \u0130stiqlal Partiyas\u0131 vaxtil\u0259 Az\u0259rbaycanda h\u0259tta hakim partiyadan bel\u0259 yax\u015f\u0131 q\u0259rargaha malik olub. Hal-haz\u0131rda Yasamal rayonu, \u015e\u0259fa\u0259t Mehdiyev k\u00fc\u00e7, 177 \u00fcnvan\u0131nda 15-ci m\u0259rt\u0259b\u0259d\u0259 f\u0259aliyy\u0259tini davam etdirir.<\/p>\n\n\n\n<p>AM\u0130P eyni zamanda siyasi hakimiyy\u0259t u\u011frunda m\u00fcbariz\u0259 apard\u0131\u011f\u0131n\u0131 elan ed\u0259n ilk siyasi t\u0259\u015fkilatd\u0131r. \u00d6lk\u0259nin 73 rayonunda yerli t\u0259\u015fkilatlar\u0131 olan AM\u0130P-in minl\u0259rl\u0259 \u00fczv\u00fc var.<\/p>\n\n\n\n<p>Partiya Az\u0259rbaycan\u0131n ictimai-siyasi h\u0259yat\u0131nda m\u00fch\u00fcm rol oynayan v\u0259 prosesl\u0259r\u0259 n\u00fcfuz ed\u0259n apar\u0131c\u0131 partiyalardan biridir.<\/p>\n","protected":false},"excerpt":{"rendered":"<p>Az\u0259rbaycan Milli \u0130stiqlal Partiyas\u0131 (AM\u0130P) 3-4 iyul 1992-ci ild\u0259 t\u0259sis edilmi\u015f, 17 iyul 1992-ci ild\u0259 \u018fdliyy\u0259 Nazirliyind\u0259n ilk r\u0259smi qeydiyyatdan ke\u00e7ib. Bununla da, m\u00fcasir Az\u0259rbaycan tarixind\u0259 70 ild\u0259n sonra \u00e7oxpartiyal\u0131 sistemin \u0259sas\u0131 qoyuldu. AM\u0130P eyni zamanda siyasi hakimiyy\u0259t u\u011frunda m\u00fcbariz\u0259 apard\u0131\u011f\u0131n\u0131 elan ed\u0259n ilk siyasi t\u0259\u015fkilatd\u0131r. \u00d6lk\u0259nin 73 rayonunda yerli t\u0259\u015fkilatlar\u0131 olan AM\u0130P-in 40 mind\u0259n \u00e7ox \u00fczv\u00fc var. Partiya Az\u0259rbaycan\u0131n ictimai-siyasi h\u0259yat\u0131nda m\u00fch\u00fcm rol oynayan v\u0259 prosesl\u0259r\u0259 n\u00fcfuz ed\u0259n apar\u0131c\u0131 partiyalardan biridir. AM\u0130P Lideri E. M\u0259mm\u0259dov Milli Azadl\u0131q H\u0259r\u0259kat\u0131n\u0131n \u00f6nc\u00fcll\u0259rind\u0259n biri olmu\u015f v\u0259 1990-c\u0131 [&hellip;]<\/p>\n","protected":false},"author":1,"featured_media":0,"parent":0,"menu_order":0,"comment_status":"closed","ping_status":"closed","template":"","meta":{"footnotes":""},"class_list":["post-4716","page","type-page","status-publish","hentry"],"yoast_head":"<!-- This site is optimized with the Yoast SEO plugin v23.8 - https:\/\/yoast.com\/wordpress\/plugins\/seo\/ -->\n<title>Az\u0259rbaycan Milli \u0130stiqlal Partiyas\u0131n\u0131n tarixi - Az\u0259rbaycan Milli \u0130stiqlal Partiyas\u0131<\/title>\n<meta name=\"robots\" content=\"index, follow, max-snippet:-1, max-image-preview:large, max-video-preview:-1\" \/>\n<link rel=\"canonical\" href=\"https:\/\/amip.az\/az\/az\u0259rbaycan-milli-istiqlal-partiyasinin-tarixi\/\" \/>\n<meta property=\"og:locale\" content=\"az_AZ\" \/>\n<meta property=\"og:type\" content=\"article\" \/>\n<meta property=\"og:title\" content=\"Az\u0259rbaycan Milli \u0130stiqlal Partiyas\u0131n\u0131n tarixi - Az\u0259rbaycan Milli \u0130stiqlal Partiyas\u0131\" \/>\n<meta property=\"og:description\" content=\"Az\u0259rbaycan Milli \u0130stiqlal Partiyas\u0131 (AM\u0130P) 3-4 iyul 1992-ci ild\u0259 t\u0259sis edilmi\u015f, 17 iyul 1992-ci ild\u0259 \u018fdliyy\u0259 Nazirliyind\u0259n ilk r\u0259smi qeydiyyatdan ke\u00e7ib. Bununla da, m\u00fcasir Az\u0259rbaycan tarixind\u0259 70 ild\u0259n sonra \u00e7oxpartiyal\u0131 sistemin \u0259sas\u0131 qoyuldu. AM\u0130P eyni zamanda siyasi hakimiyy\u0259t u\u011frunda m\u00fcbariz\u0259 apard\u0131\u011f\u0131n\u0131 elan ed\u0259n ilk siyasi t\u0259\u015fkilatd\u0131r. \u00d6lk\u0259nin 73 rayonunda yerli t\u0259\u015fkilatlar\u0131 olan AM\u0130P-in 40 mind\u0259n \u00e7ox \u00fczv\u00fc var. Partiya Az\u0259rbaycan\u0131n ictimai-siyasi h\u0259yat\u0131nda m\u00fch\u00fcm rol oynayan v\u0259 prosesl\u0259r\u0259 n\u00fcfuz ed\u0259n apar\u0131c\u0131 partiyalardan biridir. AM\u0130P Lideri E. M\u0259mm\u0259dov Milli Azadl\u0131q H\u0259r\u0259kat\u0131n\u0131n \u00f6nc\u00fcll\u0259rind\u0259n biri olmu\u015f v\u0259 1990-c\u0131 [&hellip;]\" \/>\n<meta property=\"og:url\" content=\"https:\/\/amip.az\/az\/az\u0259rbaycan-milli-istiqlal-partiyasinin-tarixi\/\" \/>\n<meta property=\"og:site_name\" content=\"Az\u0259rbaycan Milli \u0130stiqlal Partiyas\u0131\" \/>\n<meta property=\"article:publisher\" content=\"https:\/\/www.facebook.com\/istiqlal91\" \/>\n<meta property=\"article:modified_time\" content=\"2022-07-18T05:46:29+00:00\" \/>\n<meta property=\"og:image\" content=\"https:\/\/amip.az\/wp-content\/uploads\/2022\/06\/amip_qurultay-1024x756.jpg\" \/>\n<meta name=\"twitter:card\" content=\"summary_large_image\" \/>\n<meta name=\"twitter:site\" content=\"@APartiyas\" \/>\n<meta name=\"twitter:label1\" content=\"Est. reading time\" \/>\n\t<meta name=\"twitter:data1\" content=\"5 minutes\" \/>\n<script type=\"application\/ld+json\" class=\"yoast-schema-graph\">{\"@context\":\"https:\/\/schema.org\",\"@graph\":[{\"@type\":\"WebPage\",\"@id\":\"https:\/\/amip.az\/az%c9%99rbaycan-milli-istiqlal-partiyasinin-tarixi\/\",\"url\":\"https:\/\/amip.az\/az%c9%99rbaycan-milli-istiqlal-partiyasinin-tarixi\/\",\"name\":\"Az\u0259rbaycan Milli \u0130stiqlal Partiyas\u0131n\u0131n tarixi - Az\u0259rbaycan Milli \u0130stiqlal Partiyas\u0131\",\"isPartOf\":{\"@id\":\"https:\/\/amip.az\/az\/#website\"},\"primaryImageOfPage\":{\"@id\":\"https:\/\/amip.az\/az%c9%99rbaycan-milli-istiqlal-partiyasinin-tarixi\/#primaryimage\"},\"image\":{\"@id\":\"https:\/\/amip.az\/az%c9%99rbaycan-milli-istiqlal-partiyasinin-tarixi\/#primaryimage\"},\"thumbnailUrl\":\"https:\/\/amip.az\/wp-content\/uploads\/2022\/06\/amip_qurultay-1024x756.jpg\",\"datePublished\":\"2022-06-18T18:15:02+00:00\",\"dateModified\":\"2022-07-18T05:46:29+00:00\",\"breadcrumb\":{\"@id\":\"https:\/\/amip.az\/az%c9%99rbaycan-milli-istiqlal-partiyasinin-tarixi\/#breadcrumb\"},\"inLanguage\":\"az\",\"potentialAction\":[{\"@type\":\"ReadAction\",\"target\":[\"https:\/\/amip.az\/az%c9%99rbaycan-milli-istiqlal-partiyasinin-tarixi\/\"]}]},{\"@type\":\"ImageObject\",\"inLanguage\":\"az\",\"@id\":\"https:\/\/amip.az\/az%c9%99rbaycan-milli-istiqlal-partiyasinin-tarixi\/#primaryimage\",\"url\":\"https:\/\/amip.az\/wp-content\/uploads\/2022\/06\/amip_qurultay-1024x756.jpg\",\"contentUrl\":\"https:\/\/amip.az\/wp-content\/uploads\/2022\/06\/amip_qurultay-1024x756.jpg\"},{\"@type\":\"BreadcrumbList\",\"@id\":\"https:\/\/amip.az\/az%c9%99rbaycan-milli-istiqlal-partiyasinin-tarixi\/#breadcrumb\",\"itemListElement\":[{\"@type\":\"ListItem\",\"position\":1,\"name\":\"Home\",\"item\":\"https:\/\/amip.az\/\"},{\"@type\":\"ListItem\",\"position\":2,\"name\":\"Az\u0259rbaycan Milli \u0130stiqlal Partiyas\u0131n\u0131n tarixi\"}]},{\"@type\":\"WebSite\",\"@id\":\"https:\/\/amip.az\/az\/#website\",\"url\":\"https:\/\/amip.az\/az\/\",\"name\":\"Az\u0259rbaycan Milli \u0130stiqlal Partiyas\u0131\",\"description\":\"AM\u0130P\",\"publisher\":{\"@id\":\"https:\/\/amip.az\/az\/#organization\"},\"potentialAction\":[{\"@type\":\"SearchAction\",\"target\":{\"@type\":\"EntryPoint\",\"urlTemplate\":\"https:\/\/amip.az\/az\/?s={search_term_string}\"},\"query-input\":{\"@type\":\"PropertyValueSpecification\",\"valueRequired\":true,\"valueName\":\"search_term_string\"}}],\"inLanguage\":\"az\"},{\"@type\":\"Organization\",\"@id\":\"https:\/\/amip.az\/az\/#organization\",\"name\":\"Az\u0259rbaycan Milli \u0130stiqlal Partiyas\u0131\",\"url\":\"https:\/\/amip.az\/az\/\",\"logo\":{\"@type\":\"ImageObject\",\"inLanguage\":\"az\",\"@id\":\"https:\/\/amip.az\/az\/#\/schema\/logo\/image\/\",\"url\":\"https:\/\/amip.az\/wp-content\/uploads\/2023\/06\/amiplogo.png\",\"contentUrl\":\"https:\/\/amip.az\/wp-content\/uploads\/2023\/06\/amiplogo.png\",\"width\":723,\"height\":423,\"caption\":\"Az\u0259rbaycan Milli \u0130stiqlal Partiyas\u0131\"},\"image\":{\"@id\":\"https:\/\/amip.az\/az\/#\/schema\/logo\/image\/\"},\"sameAs\":[\"https:\/\/www.facebook.com\/istiqlal91\",\"https:\/\/x.com\/APartiyas\",\"https:\/\/www.youtube.com\/channel\/UCF3pc8spko_xON2sr4vUC5A\"]}]}<\/script>\n<!-- \/ Yoast SEO plugin. -->","yoast_head_json":{"title":"Az\u0259rbaycan Milli \u0130stiqlal Partiyas\u0131n\u0131n tarixi - Az\u0259rbaycan Milli \u0130stiqlal Partiyas\u0131","robots":{"index":"index","follow":"follow","max-snippet":"max-snippet:-1","max-image-preview":"max-image-preview:large","max-video-preview":"max-video-preview:-1"},"canonical":"https:\/\/amip.az\/az\/az\u0259rbaycan-milli-istiqlal-partiyasinin-tarixi\/","og_locale":"az_AZ","og_type":"article","og_title":"Az\u0259rbaycan Milli \u0130stiqlal Partiyas\u0131n\u0131n tarixi - Az\u0259rbaycan Milli \u0130stiqlal Partiyas\u0131","og_description":"Az\u0259rbaycan Milli \u0130stiqlal Partiyas\u0131 (AM\u0130P) 3-4 iyul 1992-ci ild\u0259 t\u0259sis edilmi\u015f, 17 iyul 1992-ci ild\u0259 \u018fdliyy\u0259 Nazirliyind\u0259n ilk r\u0259smi qeydiyyatdan ke\u00e7ib. Bununla da, m\u00fcasir Az\u0259rbaycan tarixind\u0259 70 ild\u0259n sonra \u00e7oxpartiyal\u0131 sistemin \u0259sas\u0131 qoyuldu. AM\u0130P eyni zamanda siyasi hakimiyy\u0259t u\u011frunda m\u00fcbariz\u0259 apard\u0131\u011f\u0131n\u0131 elan ed\u0259n ilk siyasi t\u0259\u015fkilatd\u0131r. \u00d6lk\u0259nin 73 rayonunda yerli t\u0259\u015fkilatlar\u0131 olan AM\u0130P-in 40 mind\u0259n \u00e7ox \u00fczv\u00fc var. Partiya Az\u0259rbaycan\u0131n ictimai-siyasi h\u0259yat\u0131nda m\u00fch\u00fcm rol oynayan v\u0259 prosesl\u0259r\u0259 n\u00fcfuz ed\u0259n apar\u0131c\u0131 partiyalardan biridir. AM\u0130P Lideri E. M\u0259mm\u0259dov Milli Azadl\u0131q H\u0259r\u0259kat\u0131n\u0131n \u00f6nc\u00fcll\u0259rind\u0259n biri olmu\u015f v\u0259 1990-c\u0131 [&hellip;]","og_url":"https:\/\/amip.az\/az\/az\u0259rbaycan-milli-istiqlal-partiyasinin-tarixi\/","og_site_name":"Az\u0259rbaycan Milli \u0130stiqlal Partiyas\u0131","article_publisher":"https:\/\/www.facebook.com\/istiqlal91","article_modified_time":"2022-07-18T05:46:29+00:00","og_image":[{"url":"https:\/\/amip.az\/wp-content\/uploads\/2022\/06\/amip_qurultay-1024x756.jpg"}],"twitter_card":"summary_large_image","twitter_site":"@APartiyas","twitter_misc":{"Est. reading time":"5 minutes"},"schema":{"@context":"https:\/\/schema.org","@graph":[{"@type":"WebPage","@id":"https:\/\/amip.az\/az%c9%99rbaycan-milli-istiqlal-partiyasinin-tarixi\/","url":"https:\/\/amip.az\/az%c9%99rbaycan-milli-istiqlal-partiyasinin-tarixi\/","name":"Az\u0259rbaycan Milli \u0130stiqlal Partiyas\u0131n\u0131n tarixi - Az\u0259rbaycan Milli \u0130stiqlal Partiyas\u0131","isPartOf":{"@id":"https:\/\/amip.az\/az\/#website"},"primaryImageOfPage":{"@id":"https:\/\/amip.az\/az%c9%99rbaycan-milli-istiqlal-partiyasinin-tarixi\/#primaryimage"},"image":{"@id":"https:\/\/amip.az\/az%c9%99rbaycan-milli-istiqlal-partiyasinin-tarixi\/#primaryimage"},"thumbnailUrl":"https:\/\/amip.az\/wp-content\/uploads\/2022\/06\/amip_qurultay-1024x756.jpg","datePublished":"2022-06-18T18:15:02+00:00","dateModified":"2022-07-18T05:46:29+00:00","breadcrumb":{"@id":"https:\/\/amip.az\/az%c9%99rbaycan-milli-istiqlal-partiyasinin-tarixi\/#breadcrumb"},"inLanguage":"az","potentialAction":[{"@type":"ReadAction","target":["https:\/\/amip.az\/az%c9%99rbaycan-milli-istiqlal-partiyasinin-tarixi\/"]}]},{"@type":"ImageObject","inLanguage":"az","@id":"https:\/\/amip.az\/az%c9%99rbaycan-milli-istiqlal-partiyasinin-tarixi\/#primaryimage","url":"https:\/\/amip.az\/wp-content\/uploads\/2022\/06\/amip_qurultay-1024x756.jpg","contentUrl":"https:\/\/amip.az\/wp-content\/uploads\/2022\/06\/amip_qurultay-1024x756.jpg"},{"@type":"BreadcrumbList","@id":"https:\/\/amip.az\/az%c9%99rbaycan-milli-istiqlal-partiyasinin-tarixi\/#breadcrumb","itemListElement":[{"@type":"ListItem","position":1,"name":"Home","item":"https:\/\/amip.az\/"},{"@type":"ListItem","position":2,"name":"Az\u0259rbaycan Milli \u0130stiqlal Partiyas\u0131n\u0131n tarixi"}]},{"@type":"WebSite","@id":"https:\/\/amip.az\/az\/#website","url":"https:\/\/amip.az\/az\/","name":"Az\u0259rbaycan Milli \u0130stiqlal Partiyas\u0131","description":"AM\u0130P","publisher":{"@id":"https:\/\/amip.az\/az\/#organization"},"potentialAction":[{"@type":"SearchAction","target":{"@type":"EntryPoint","urlTemplate":"https:\/\/amip.az\/az\/?s={search_term_string}"},"query-input":{"@type":"PropertyValueSpecification","valueRequired":true,"valueName":"search_term_string"}}],"inLanguage":"az"},{"@type":"Organization","@id":"https:\/\/amip.az\/az\/#organization","name":"Az\u0259rbaycan Milli \u0130stiqlal Partiyas\u0131","url":"https:\/\/amip.az\/az\/","logo":{"@type":"ImageObject","inLanguage":"az","@id":"https:\/\/amip.az\/az\/#\/schema\/logo\/image\/","url":"https:\/\/amip.az\/wp-content\/uploads\/2023\/06\/amiplogo.png","contentUrl":"https:\/\/amip.az\/wp-content\/uploads\/2023\/06\/amiplogo.png","width":723,"height":423,"caption":"Az\u0259rbaycan Milli \u0130stiqlal Partiyas\u0131"},"image":{"@id":"https:\/\/amip.az\/az\/#\/schema\/logo\/image\/"},"sameAs":["https:\/\/www.facebook.com\/istiqlal91","https:\/\/x.com\/APartiyas","https:\/\/www.youtube.com\/channel\/UCF3pc8spko_xON2sr4vUC5A"]}]}},"_links":{"self":[{"href":"https:\/\/amip.az\/az\/wp-json\/wp\/v2\/pages\/4716","targetHints":{"allow":["GET"]}}],"collection":[{"href":"https:\/\/amip.az\/az\/wp-json\/wp\/v2\/pages"}],"about":[{"href":"https:\/\/amip.az\/az\/wp-json\/wp\/v2\/types\/page"}],"author":[{"embeddable":true,"href":"https:\/\/amip.az\/az\/wp-json\/wp\/v2\/users\/1"}],"replies":[{"embeddable":true,"href":"https:\/\/amip.az\/az\/wp-json\/wp\/v2\/comments?post=4716"}],"version-history":[{"count":8,"href":"https:\/\/amip.az\/az\/wp-json\/wp\/v2\/pages\/4716\/revisions"}],"predecessor-version":[{"id":5324,"href":"https:\/\/amip.az\/az\/wp-json\/wp\/v2\/pages\/4716\/revisions\/5324"}],"wp:attachment":[{"href":"https:\/\/amip.az\/az\/wp-json\/wp\/v2\/media?parent=4716"}],"curies":[{"name":"wp","href":"https:\/\/api.w.org\/{rel}","templated":true}]}}