{"id":5135,"date":"2022-07-02T11:24:27","date_gmt":"2022-07-02T07:24:27","guid":{"rendered":"https:\/\/vtstrt.mediadesigntech.com\/?page_id=5135"},"modified":"2022-07-02T11:35:24","modified_gmt":"2022-07-02T07:35:24","slug":"uzvluk-%c9%99riz%c9%99si","status":"publish","type":"page","link":"https:\/\/amip.az\/az\/uzvluk-%c9%99riz%c9%99si\/","title":{"rendered":"\u00dczvl\u00fck\u00a0\u0259riz\u0259si"},"content":{"rendered":"\n<p>M\u0259n, Az\u0259rbaycan Milli \u0130stiqlal Partiyas\u0131na K\u00f6n\u00fcll\u00fc olaraq \u00fczv olmaq ist\u0259yir\u0259m. <\/p>\n\n\n\n<p>\u201cSiyasi partiyalar haqq\u0131nda\u201d qanununa eyni zamanda AM\u0130P nizamnam\u0259sin\u0259 uy\u011fun f\u0259aliyy\u0259t g\u00f6st\u0259rm\u0259y\u0259 raz\u0131yam.<\/p>\n\n\n\n<p>M\u0259ni partiyaya \u00fczv q\u0259bul etm\u0259yinizi xahi\u015f edir\u0259m.<\/p>\n\n\n\n<div class=\"wp-block-contact-form-7-contact-form-selector\">\n<div class=\"wpcf7 no-js\" id=\"wpcf7-f5134-o1\" lang=\"en-US\" dir=\"ltr\" data-wpcf7-id=\"5134\">\n<div class=\"screen-reader-response\"><p role=\"status\" aria-live=\"polite\" aria-atomic=\"true\"><\/p> <ul><\/ul><\/div>\n<form action=\"\/az\/wp-json\/wp\/v2\/pages\/5135#wpcf7-f5134-o1\" method=\"post\" class=\"wpcf7-form init\" aria-label=\"Contact form\" novalidate=\"novalidate\" data-status=\"init\">\n<div style=\"display: none;\">\n<input type=\"hidden\" name=\"_wpcf7\" value=\"5134\" \/>\n<input type=\"hidden\" name=\"_wpcf7_version\" value=\"6.0\" \/>\n<input type=\"hidden\" name=\"_wpcf7_locale\" value=\"en_US\" \/>\n<input type=\"hidden\" name=\"_wpcf7_unit_tag\" value=\"wpcf7-f5134-o1\" \/>\n<input type=\"hidden\" name=\"_wpcf7_container_post\" value=\"0\" \/>\n<input type=\"hidden\" name=\"_wpcf7_posted_data_hash\" value=\"\" \/>\n<\/div>\n\n<p><label> Ad\u0131, Ata ad\u0131, Soyad\u0131* <span class=\"wpcf7-form-control-wrap\" data-name=\"your-name\"><input size=\"40\" maxlength=\"400\" class=\"wpcf7-form-control wpcf7-text wpcf7-validates-as-required\" aria-required=\"true\" aria-invalid=\"false\" placeholder=\"Ad\u0131, Ata ad\u0131, Soyad\u0131n\u0131 daxil edin*\" value=\"\" type=\"text\" name=\"your-name\" \/><\/span><\/label><br \/>\n<label> Do\u011fum tarixi: g\u00fcn, ay, il* <span class=\"wpcf7-form-control-wrap\" data-name=\"date-356\"><input class=\"wpcf7-form-control wpcf7-date wpcf7-validates-as-required wpcf7-validates-as-date\" aria-required=\"true\" aria-invalid=\"false\" value=\"2005-01-01\" type=\"date\" name=\"date-356\" \/><\/span><\/label><br \/>\n<label> \u015e\u0259xsiyy\u0259t v\u0259siq\u0259sinin seriyas\u0131 v\u0259 n\u00f6mr\u0259si * <span class=\"wpcf7-form-control-wrap\" data-name=\"your-identification\"><input size=\"40\" maxlength=\"400\" class=\"wpcf7-form-control wpcf7-text wpcf7-validates-as-required\" aria-required=\"true\" aria-invalid=\"false\" placeholder=\"\u015e\u0259xsiyy\u0259t v\u0259siq\u0259sinin seriyas\u0131 v\u0259 n\u00f6mr\u0259sini daxil edin*\" value=\"\" type=\"text\" name=\"your-identification\" \/><\/span><\/label><br \/>\n<label> F\u0130N kod <span class=\"wpcf7-form-control-wrap\" data-name=\"your-pin-code\"><input size=\"40\" maxlength=\"400\" class=\"wpcf7-form-control wpcf7-text\" aria-invalid=\"false\" placeholder=\"F\u0130N kodu daxil edin\" value=\"\" type=\"text\" name=\"your-pin-code\" \/><\/span><\/label><br \/>\n<label> Qeydiyyat \u00fcnvan\u0131* <span class=\"wpcf7-form-control-wrap\" data-name=\"your-registration-address\"><input size=\"40\" maxlength=\"400\" class=\"wpcf7-form-control wpcf7-text wpcf7-validates-as-required\" aria-required=\"true\" aria-invalid=\"false\" placeholder=\"Qeydiyyat \u00fcnvan\u0131n\u0131 daxil edin*\" value=\"\" type=\"text\" name=\"your-registration-address\" \/><\/span><\/label><br \/>\n<label> Ya\u015fay\u0131\u015f \u00fcnvan\u0131 <span class=\"wpcf7-form-control-wrap\" data-name=\"your-residential-address\"><input size=\"40\" maxlength=\"400\" class=\"wpcf7-form-control wpcf7-text\" aria-invalid=\"false\" placeholder=\"Ya\u015fay\u0131\u015f \u00fcnvan\u0131n\u0131 daxil edin\" value=\"\" type=\"text\" name=\"your-residential-address\" \/><\/span><\/label><br \/>\n<label> E-po\u00e7t <span class=\"wpcf7-form-control-wrap\" data-name=\"your-email\"><input size=\"40\" maxlength=\"400\" class=\"wpcf7-form-control wpcf7-email wpcf7-text wpcf7-validates-as-email\" aria-invalid=\"false\" placeholder=\"E-po\u00e7t \u00fcnvan\u0131n\u0131 daxil edin\" value=\"\" type=\"email\" name=\"your-email\" \/><\/span><\/label><br \/>\n<label> Telefon, Mobil (konfidensiall\u0131q qorunur)* <span class=\"wpcf7-form-control-wrap\" data-name=\"your-phone\"><input size=\"40\" maxlength=\"400\" class=\"wpcf7-form-control wpcf7-text wpcf7-validates-as-required\" aria-required=\"true\" aria-invalid=\"false\" placeholder=\"Telefon, Mobil n\u00f6mr\u0259sini daxil edin*\" value=\"\" type=\"text\" name=\"your-phone\" \/><\/span><\/label><br \/>\n<label> T\u0259hsil, pe\u015f\u0259 <span class=\"wpcf7-form-control-wrap\" data-name=\"textarea-214\"><textarea cols=\"40\" rows=\"10\" maxlength=\"2000\" class=\"wpcf7-form-control wpcf7-textarea\" aria-invalid=\"false\" placeholder=\"T\u0259hsil, pe\u015f\u0259ni daxil edin\" name=\"textarea-214\"><\/textarea><\/span><\/label>\n<\/p>\n<p style=margin:10px 0\"><span class=\"wpcf7-form-control-wrap\" data-name=\"acceptance-387\"><span class=\"wpcf7-form-control wpcf7-acceptance\"><span class=\"wpcf7-list-item\"><label><input type=\"checkbox\" name=\"acceptance-387\" value=\"1\" aria-invalid=\"false\" \/><span class=\"wpcf7-list-item-label\"><a href=\"https:\/\/amip.az\/az\/az%c9%99rbaycan-milli-istiqlal-partiyasinin-nizamm%c9%99si\/\" target=\"_blank\">Nizamnam\u0259ni<\/a> oxuyub t\u0259sdiql\u0259yir\u0259m*<\/span><\/label><\/span><\/span><\/span>\n<\/p>\n<p><button class=\"wpcf7-form-control wpcf7-submit mkdf-btn mkdf-btn-medium mkdf-btn-solid\" type=\"submit\"><span class=\"mkdf-btn-text\">G\u00f6nd\u0259r<\/span><\/button>\n<\/p>\n<p style=margin:10px 0\">Qeyd: Partiyaya yaln\u0131z Az\u0259rbaycan Respublikas\u0131n\u0131n v\u0259tanda\u015flar\u0131 \u00fczv ola bil\u0259rl\u0259r.\n<\/p><div class=\"wpcf7-response-output\" aria-hidden=\"true\"><\/div>\n<\/form>\n<\/div>\n<\/div>\n\n\n\n<p> <\/p>\n","protected":false},"excerpt":{"rendered":"<p>M\u0259n, Az\u0259rbaycan Milli \u0130stiqlal Partiyas\u0131na K\u00f6n\u00fcll\u00fc olaraq \u00fczv olmaq ist\u0259yir\u0259m. \u201cSiyasi partiyalar haqq\u0131nda\u201d qanununa eyni zamanda AM\u0130P nizamnam\u0259sin\u0259 uy\u011fun f\u0259aliyy\u0259t g\u00f6st\u0259rm\u0259y\u0259 raz\u0131yam. M\u0259ni partiyaya \u00fczv q\u0259bul etm\u0259yinizi xahi\u015f edir\u0259m.<\/p>\n","protected":false},"author":1,"featured_media":0,"parent":0,"menu_order":0,"comment_status":"closed","ping_status":"closed","template":"","meta":{"footnotes":""},"class_list":["post-5135","page","type-page","status-publish","hentry"],"yoast_head":"<!-- This site is optimized with the Yoast SEO plugin v23.8 - https:\/\/yoast.com\/wordpress\/plugins\/seo\/ -->\n<title>\u00dczvl\u00fck\u00a0\u0259riz\u0259si - Az\u0259rbaycan Milli \u0130stiqlal Partiyas\u0131<\/title>\n<meta name=\"robots\" content=\"index, follow, max-snippet:-1, max-image-preview:large, max-video-preview:-1\" \/>\n<link rel=\"canonical\" href=\"https:\/\/amip.az\/az\/uzvluk-\u0259riz\u0259si\/\" \/>\n<meta property=\"og:locale\" content=\"az_AZ\" \/>\n<meta property=\"og:type\" content=\"article\" \/>\n<meta property=\"og:title\" content=\"\u00dczvl\u00fck\u00a0\u0259riz\u0259si - Az\u0259rbaycan Milli \u0130stiqlal Partiyas\u0131\" \/>\n<meta property=\"og:description\" content=\"M\u0259n, Az\u0259rbaycan Milli \u0130stiqlal Partiyas\u0131na K\u00f6n\u00fcll\u00fc olaraq \u00fczv olmaq ist\u0259yir\u0259m. \u201cSiyasi partiyalar haqq\u0131nda\u201d qanununa eyni zamanda AM\u0130P nizamnam\u0259sin\u0259 uy\u011fun f\u0259aliyy\u0259t g\u00f6st\u0259rm\u0259y\u0259 raz\u0131yam. M\u0259ni partiyaya \u00fczv q\u0259bul etm\u0259yinizi xahi\u015f edir\u0259m.\" \/>\n<meta property=\"og:url\" content=\"https:\/\/amip.az\/az\/uzvluk-\u0259riz\u0259si\/\" \/>\n<meta property=\"og:site_name\" content=\"Az\u0259rbaycan Milli \u0130stiqlal Partiyas\u0131\" \/>\n<meta property=\"article:publisher\" content=\"https:\/\/www.facebook.com\/istiqlal91\" \/>\n<meta property=\"article:modified_time\" content=\"2022-07-02T07:35:24+00:00\" \/>\n<meta name=\"twitter:card\" content=\"summary_large_image\" \/>\n<meta name=\"twitter:site\" content=\"@APartiyas\" \/>\n<script type=\"application\/ld+json\" class=\"yoast-schema-graph\">{\"@context\":\"https:\/\/schema.org\",\"@graph\":[{\"@type\":\"WebPage\",\"@id\":\"https:\/\/amip.az\/uzvluk-%c9%99riz%c9%99si\/\",\"url\":\"https:\/\/amip.az\/uzvluk-%c9%99riz%c9%99si\/\",\"name\":\"\u00dczvl\u00fck\u00a0\u0259riz\u0259si - Az\u0259rbaycan Milli \u0130stiqlal Partiyas\u0131\",\"isPartOf\":{\"@id\":\"https:\/\/amip.az\/az\/#website\"},\"datePublished\":\"2022-07-02T07:24:27+00:00\",\"dateModified\":\"2022-07-02T07:35:24+00:00\",\"breadcrumb\":{\"@id\":\"https:\/\/amip.az\/uzvluk-%c9%99riz%c9%99si\/#breadcrumb\"},\"inLanguage\":\"az\",\"potentialAction\":[{\"@type\":\"ReadAction\",\"target\":[\"https:\/\/amip.az\/uzvluk-%c9%99riz%c9%99si\/\"]}]},{\"@type\":\"BreadcrumbList\",\"@id\":\"https:\/\/amip.az\/uzvluk-%c9%99riz%c9%99si\/#breadcrumb\",\"itemListElement\":[{\"@type\":\"ListItem\",\"position\":1,\"name\":\"Home\",\"item\":\"https:\/\/amip.az\/\"},{\"@type\":\"ListItem\",\"position\":2,\"name\":\"\u00dczvl\u00fck\u00a0\u0259riz\u0259si\"}]},{\"@type\":\"WebSite\",\"@id\":\"https:\/\/amip.az\/az\/#website\",\"url\":\"https:\/\/amip.az\/az\/\",\"name\":\"Az\u0259rbaycan Milli \u0130stiqlal Partiyas\u0131\",\"description\":\"AM\u0130P\",\"publisher\":{\"@id\":\"https:\/\/amip.az\/az\/#organization\"},\"potentialAction\":[{\"@type\":\"SearchAction\",\"target\":{\"@type\":\"EntryPoint\",\"urlTemplate\":\"https:\/\/amip.az\/az\/?s={search_term_string}\"},\"query-input\":{\"@type\":\"PropertyValueSpecification\",\"valueRequired\":true,\"valueName\":\"search_term_string\"}}],\"inLanguage\":\"az\"},{\"@type\":\"Organization\",\"@id\":\"https:\/\/amip.az\/az\/#organization\",\"name\":\"Az\u0259rbaycan Milli \u0130stiqlal Partiyas\u0131\",\"url\":\"https:\/\/amip.az\/az\/\",\"logo\":{\"@type\":\"ImageObject\",\"inLanguage\":\"az\",\"@id\":\"https:\/\/amip.az\/az\/#\/schema\/logo\/image\/\",\"url\":\"https:\/\/amip.az\/wp-content\/uploads\/2023\/06\/amiplogo.png\",\"contentUrl\":\"https:\/\/amip.az\/wp-content\/uploads\/2023\/06\/amiplogo.png\",\"width\":723,\"height\":423,\"caption\":\"Az\u0259rbaycan Milli \u0130stiqlal Partiyas\u0131\"},\"image\":{\"@id\":\"https:\/\/amip.az\/az\/#\/schema\/logo\/image\/\"},\"sameAs\":[\"https:\/\/www.facebook.com\/istiqlal91\",\"https:\/\/x.com\/APartiyas\",\"https:\/\/www.youtube.com\/channel\/UCF3pc8spko_xON2sr4vUC5A\"]}]}<\/script>\n<!-- \/ Yoast SEO plugin. -->","yoast_head_json":{"title":"\u00dczvl\u00fck\u00a0\u0259riz\u0259si - Az\u0259rbaycan Milli \u0130stiqlal Partiyas\u0131","robots":{"index":"index","follow":"follow","max-snippet":"max-snippet:-1","max-image-preview":"max-image-preview:large","max-video-preview":"max-video-preview:-1"},"canonical":"https:\/\/amip.az\/az\/uzvluk-\u0259riz\u0259si\/","og_locale":"az_AZ","og_type":"article","og_title":"\u00dczvl\u00fck\u00a0\u0259riz\u0259si - Az\u0259rbaycan Milli \u0130stiqlal Partiyas\u0131","og_description":"M\u0259n, Az\u0259rbaycan Milli \u0130stiqlal Partiyas\u0131na K\u00f6n\u00fcll\u00fc olaraq \u00fczv olmaq ist\u0259yir\u0259m. \u201cSiyasi partiyalar haqq\u0131nda\u201d qanununa eyni zamanda AM\u0130P nizamnam\u0259sin\u0259 uy\u011fun f\u0259aliyy\u0259t g\u00f6st\u0259rm\u0259y\u0259 raz\u0131yam. M\u0259ni partiyaya \u00fczv q\u0259bul etm\u0259yinizi xahi\u015f edir\u0259m.","og_url":"https:\/\/amip.az\/az\/uzvluk-\u0259riz\u0259si\/","og_site_name":"Az\u0259rbaycan Milli \u0130stiqlal Partiyas\u0131","article_publisher":"https:\/\/www.facebook.com\/istiqlal91","article_modified_time":"2022-07-02T07:35:24+00:00","twitter_card":"summary_large_image","twitter_site":"@APartiyas","schema":{"@context":"https:\/\/schema.org","@graph":[{"@type":"WebPage","@id":"https:\/\/amip.az\/uzvluk-%c9%99riz%c9%99si\/","url":"https:\/\/amip.az\/uzvluk-%c9%99riz%c9%99si\/","name":"\u00dczvl\u00fck\u00a0\u0259riz\u0259si - Az\u0259rbaycan Milli \u0130stiqlal Partiyas\u0131","isPartOf":{"@id":"https:\/\/amip.az\/az\/#website"},"datePublished":"2022-07-02T07:24:27+00:00","dateModified":"2022-07-02T07:35:24+00:00","breadcrumb":{"@id":"https:\/\/amip.az\/uzvluk-%c9%99riz%c9%99si\/#breadcrumb"},"inLanguage":"az","potentialAction":[{"@type":"ReadAction","target":["https:\/\/amip.az\/uzvluk-%c9%99riz%c9%99si\/"]}]},{"@type":"BreadcrumbList","@id":"https:\/\/amip.az\/uzvluk-%c9%99riz%c9%99si\/#breadcrumb","itemListElement":[{"@type":"ListItem","position":1,"name":"Home","item":"https:\/\/amip.az\/"},{"@type":"ListItem","position":2,"name":"\u00dczvl\u00fck\u00a0\u0259riz\u0259si"}]},{"@type":"WebSite","@id":"https:\/\/amip.az\/az\/#website","url":"https:\/\/amip.az\/az\/","name":"Az\u0259rbaycan Milli \u0130stiqlal Partiyas\u0131","description":"AM\u0130P","publisher":{"@id":"https:\/\/amip.az\/az\/#organization"},"potentialAction":[{"@type":"SearchAction","target":{"@type":"EntryPoint","urlTemplate":"https:\/\/amip.az\/az\/?s={search_term_string}"},"query-input":{"@type":"PropertyValueSpecification","valueRequired":true,"valueName":"search_term_string"}}],"inLanguage":"az"},{"@type":"Organization","@id":"https:\/\/amip.az\/az\/#organization","name":"Az\u0259rbaycan Milli \u0130stiqlal Partiyas\u0131","url":"https:\/\/amip.az\/az\/","logo":{"@type":"ImageObject","inLanguage":"az","@id":"https:\/\/amip.az\/az\/#\/schema\/logo\/image\/","url":"https:\/\/amip.az\/wp-content\/uploads\/2023\/06\/amiplogo.png","contentUrl":"https:\/\/amip.az\/wp-content\/uploads\/2023\/06\/amiplogo.png","width":723,"height":423,"caption":"Az\u0259rbaycan Milli \u0130stiqlal Partiyas\u0131"},"image":{"@id":"https:\/\/amip.az\/az\/#\/schema\/logo\/image\/"},"sameAs":["https:\/\/www.facebook.com\/istiqlal91","https:\/\/x.com\/APartiyas","https:\/\/www.youtube.com\/channel\/UCF3pc8spko_xON2sr4vUC5A"]}]}},"_links":{"self":[{"href":"https:\/\/amip.az\/az\/wp-json\/wp\/v2\/pages\/5135","targetHints":{"allow":["GET"]}}],"collection":[{"href":"https:\/\/amip.az\/az\/wp-json\/wp\/v2\/pages"}],"about":[{"href":"https:\/\/amip.az\/az\/wp-json\/wp\/v2\/types\/page"}],"author":[{"embeddable":true,"href":"https:\/\/amip.az\/az\/wp-json\/wp\/v2\/users\/1"}],"replies":[{"embeddable":true,"href":"https:\/\/amip.az\/az\/wp-json\/wp\/v2\/comments?post=5135"}],"version-history":[{"count":3,"href":"https:\/\/amip.az\/az\/wp-json\/wp\/v2\/pages\/5135\/revisions"}],"predecessor-version":[{"id":5138,"href":"https:\/\/amip.az\/az\/wp-json\/wp\/v2\/pages\/5135\/revisions\/5138"}],"wp:attachment":[{"href":"https:\/\/amip.az\/az\/wp-json\/wp\/v2\/media?parent=5135"}],"curies":[{"name":"wp","href":"https:\/\/api.w.org\/{rel}","templated":true}]}}