{"id":4088,"date":"2022-06-01T12:45:23","date_gmt":"2022-06-01T08:45:23","guid":{"rendered":"https:\/\/vtstrt.mediadesigntech.com\/?page_id=4088"},"modified":"2022-07-17T23:57:13","modified_gmt":"2022-07-17T19:57:13","slug":"amip-liderin-tercumeyi-hali","status":"publish","type":"page","link":"https:\/\/amip.az\/en\/amip-liderin-tercumeyi-hali\/","title":{"rendered":"Biography of the Honorary Leader of the National Independence Party of Azerbaijan"},"content":{"rendered":"<figure class=\"wp-block-image size-large\"><img loading=\"lazy\" decoding=\"async\" width=\"1024\" height=\"691\" src=\"https:\/\/amip.az\/wp-content\/uploads\/2022\/07\/F1510004-1024x691.jpg\" alt=\"Etibar S\u0259lidar o\u011flu M\u0259mm\u0259dov\" class=\"wp-image-5060\" srcset=\"https:\/\/amip.az\/wp-content\/uploads\/2022\/07\/F1510004-1024x691.jpg 1024w, https:\/\/amip.az\/wp-content\/uploads\/2022\/07\/F1510004-300x202.jpg 300w, https:\/\/amip.az\/wp-content\/uploads\/2022\/07\/F1510004-768x518.jpg 768w, https:\/\/amip.az\/wp-content\/uploads\/2022\/07\/F1510004-1536x1036.jpg 1536w, https:\/\/amip.az\/wp-content\/uploads\/2022\/07\/F1510004-18x12.jpg 18w, https:\/\/amip.az\/wp-content\/uploads\/2022\/07\/F1510004.jpg 1601w\" sizes=\"auto, (max-width: 1024px) 100vw, 1024px\" \/><\/figure>\n\n\n\n<p>Etibar Salidar Mammadov was born April 2, 1955 in Baku, Azerbaijan.<\/p>\n\n\n\n<p>In 1972, Etibar Mammadov joined the Faculty of History of Baku State University. While still studying at the university, he worked in secret societies, wrote an article for the university's wallpaper on the South Azerbaijan issue and was expelled from the university for this article. After many difficulties, he was readmitted to the university and graduated in 1978.<\/p>\n\n\n\n<p>After graduating, Etibar Mammadov began his career as a lecturer at the Baku State University. In 1985   he defended his thesis on \"Russian tsarism and the Supreme Soviet in the 19th century\u201d and obtained his PhD degree.<\/p>\n\n\n\n<p>Since 1988, Etibar Mammadov has played an active role in the early stages of the national democratic movement. He actively participated in the forming of the PFP's Temporary Initiative Center. Mr Mammadov was also elected one of the first board member of the center.<\/p>\n\n\n\n<figure class=\"wp-block-image size-large\"><img loading=\"lazy\" decoding=\"async\" width=\"1024\" height=\"686\" src=\"https:\/\/amip.az\/wp-content\/uploads\/2022\/07\/F1100019-1024x686.jpg\" alt=\"Etibar S\u0259lidar o\u011flu M\u0259mm\u0259dov\" class=\"wp-image-5062\" srcset=\"https:\/\/amip.az\/wp-content\/uploads\/2022\/07\/F1100019-1024x686.jpg 1024w, https:\/\/amip.az\/wp-content\/uploads\/2022\/07\/F1100019-300x201.jpg 300w, https:\/\/amip.az\/wp-content\/uploads\/2022\/07\/F1100019-768x514.jpg 768w, https:\/\/amip.az\/wp-content\/uploads\/2022\/07\/F1100019-1536x1028.jpg 1536w, https:\/\/amip.az\/wp-content\/uploads\/2022\/07\/F1100019-18x12.jpg 18w, https:\/\/amip.az\/wp-content\/uploads\/2022\/07\/F1100019.jpg 1613w\" sizes=\"auto, (max-width: 1024px) 100vw, 1024px\" \/><\/figure>\n\n\n\n<p>In 1989, the massive strikes was leading by Etibar Mammadov. He was later arrested by the KGB during a press conference in Moscow following the January 1990 events. Mr Mammadov spent nine months in the Lefortovo prison. During this perios1.5 million signatures were collected for his release.\nHe was released from Lefortovo Prison in November 1990 and in December Etibar Mammadov was elected member of the Parliament.<\/p>\n\n\n\n<p>In 1991 he co-chaired \u201cDemblock\u201d in the Parliament of the Republic of Azerbaijan.<\/p>\n\n\n\n<p>He was also became a member of the \u201cState Defense Council\u201d which was established by the President of the Republic of Azerbaijan in the same year.<\/p>\n\n\n\n<p>He is the co-author of the Constitutional Act \"On the State Independence of Azerbaijan\".<\/p>\n\n\n\n<p>He was the head of the Azerbaijani delegation in Turkey and Pakistan in recognition of the state independence.<\/p>\n\n\n\n<figure class=\"wp-block-image size-large\"><img loading=\"lazy\" decoding=\"async\" width=\"1024\" height=\"686\" src=\"https:\/\/amip.az\/wp-content\/uploads\/2022\/07\/F1150013-1024x686.jpg\" alt=\"Etibar S\u0259lidar o\u011flu M\u0259mm\u0259dov\" class=\"wp-image-5063\" srcset=\"https:\/\/amip.az\/wp-content\/uploads\/2022\/07\/F1150013-1024x686.jpg 1024w, https:\/\/amip.az\/wp-content\/uploads\/2022\/07\/F1150013-300x201.jpg 300w, https:\/\/amip.az\/wp-content\/uploads\/2022\/07\/F1150013-768x514.jpg 768w, https:\/\/amip.az\/wp-content\/uploads\/2022\/07\/F1150013-1536x1028.jpg 1536w, https:\/\/amip.az\/wp-content\/uploads\/2022\/07\/F1150013-18x12.jpg 18w, https:\/\/amip.az\/wp-content\/uploads\/2022\/07\/F1150013.jpg 1613w\" sizes=\"auto, (max-width: 1024px) 100vw, 1024px\" \/><\/figure>\n\n\n\n<p>In October 1991, after separating from the Popular Front, Etibar Mammadov founded the National Independence Party of Azerbaijan. At the first congress of the party, he was elected chairman of the NIPA. <\/p>\n\n\n\n<p>He is currently the Vice-president of the International Democratic Union, which unites more than 80 center-right political parties.<\/p>\n\n\n\n<p>From 1990 to 2000 Etibar Mammadov was a member of the Milli Majlis of the Republic of Azerbaijan.<\/p>\n\n\n\n<p>In 1995, he also became a member of the Constitutional Commission of the Republic of Azerbaijan, chaired by Heydar Aliyev.<\/p>\n\n\n\n<p>In 1998 and 2003, Etibar Mammadov was a candidate for the presidency.<\/p>\n\n\n\n<p>He is married and has three children.<\/p>\n\n\n\n<figure class=\"wp-block-image size-large\"><img loading=\"lazy\" decoding=\"async\" width=\"1024\" height=\"686\" src=\"https:\/\/amip.az\/wp-content\/uploads\/2022\/07\/F1080019-1024x686.jpg\" alt=\"Etibar S\u0259lidar o\u011flu M\u0259mm\u0259dov\" class=\"wp-image-5064\" srcset=\"https:\/\/amip.az\/wp-content\/uploads\/2022\/07\/F1080019-1024x686.jpg 1024w, https:\/\/amip.az\/wp-content\/uploads\/2022\/07\/F1080019-300x201.jpg 300w, https:\/\/amip.az\/wp-content\/uploads\/2022\/07\/F1080019-768x514.jpg 768w, https:\/\/amip.az\/wp-content\/uploads\/2022\/07\/F1080019-1536x1028.jpg 1536w, https:\/\/amip.az\/wp-content\/uploads\/2022\/07\/F1080019-18x12.jpg 18w, https:\/\/amip.az\/wp-content\/uploads\/2022\/07\/F1080019.jpg 1613w\" sizes=\"auto, (max-width: 1024px) 100vw, 1024px\" \/><\/figure>","protected":false},"excerpt":{"rendered":"<p>Etibar S\u0259lidar o\u011flu M\u0259mm\u0259dov 2 aprel 1955-ci ild\u0259 Bak\u0131 \u015f\u0259h\u0259rind\u0259 anadan olub. Etibar M\u0259mm\u0259dov 1972-ci ild\u0259 BDU-nin Tarix fak\u00fclt\u0259sin\u0259 daxil olur. H\u0259l\u0259 universitetd\u0259 t\u0259hsil alark\u0259n gizli d\u0259rn\u0259kl\u0259rd\u0259 f\u0259aliyy\u0259t g\u00f6st\u0259rib, C\u0259nubi Az\u0259rbaycan m\u0259s\u0259l\u0259si il\u0259 ba\u011fl\u0131 universitetin divar q\u0259zeti \u00fc\u00e7\u00fcn m\u0259qal\u0259 yaz\u0131b v\u0259 bu yaz\u0131ya g\u00f6r\u0259 universitetd\u0259n xaric edilir. Bir \u00e7ox \u00e7\u0259tinlikl\u0259rd\u0259n sonra o yenid\u0259n universitet\u0259 b\u0259rpa edilir v\u0259 1978-ci ild\u0259 bu ali t\u0259hsil oca\u011f\u0131n\u0131 bitirir. Bitirdiyi universitetd\u0259 m\u00fc\u0259llim kimi f\u0259aliyy\u0259t\u0259 ba\u015flayan Etibar M\u0259mm\u0259dov 1985-ci ild\u0259 &#8220;Rus \u00e7arizmi v\u0259 Ali m\u00fcs\u0259lman silki XIX \u0259srd\u0259&#8221; m\u00f6vzusunda dissertasiya [&hellip;]<\/p>","protected":false},"author":1,"featured_media":0,"parent":0,"menu_order":0,"comment_status":"closed","ping_status":"closed","template":"","meta":{"footnotes":""},"class_list":["post-4088","page","type-page","status-publish","hentry"],"yoast_head":"<!-- This site is optimized with the Yoast SEO plugin v23.8 - https:\/\/yoast.com\/wordpress\/plugins\/seo\/ -->\n<title>Az\u0259rbaycan Milli \u0130stiqlal Partiyas\u0131n\u0131n F\u0259xri Liderinin t\u0259rc\u00fcmeyi-hal\u0131 - Az\u0259rbaycan Milli \u0130stiqlal Partiyas\u0131<\/title>\n<meta name=\"robots\" content=\"index, follow, max-snippet:-1, max-image-preview:large, max-video-preview:-1\" \/>\n<link rel=\"canonical\" href=\"https:\/\/amip.az\/en\/amip-liderin-tercumeyi-hali\/\" \/>\n<meta property=\"og:locale\" content=\"en_US\" \/>\n<meta property=\"og:type\" content=\"article\" \/>\n<meta property=\"og:title\" content=\"Az\u0259rbaycan Milli \u0130stiqlal Partiyas\u0131n\u0131n F\u0259xri Liderinin t\u0259rc\u00fcmeyi-hal\u0131 - Az\u0259rbaycan Milli \u0130stiqlal Partiyas\u0131\" \/>\n<meta property=\"og:description\" content=\"Etibar S\u0259lidar o\u011flu M\u0259mm\u0259dov 2 aprel 1955-ci ild\u0259 Bak\u0131 \u015f\u0259h\u0259rind\u0259 anadan olub. Etibar M\u0259mm\u0259dov 1972-ci ild\u0259 BDU-nin Tarix fak\u00fclt\u0259sin\u0259 daxil olur. H\u0259l\u0259 universitetd\u0259 t\u0259hsil alark\u0259n gizli d\u0259rn\u0259kl\u0259rd\u0259 f\u0259aliyy\u0259t g\u00f6st\u0259rib, C\u0259nubi Az\u0259rbaycan m\u0259s\u0259l\u0259si il\u0259 ba\u011fl\u0131 universitetin divar q\u0259zeti \u00fc\u00e7\u00fcn m\u0259qal\u0259 yaz\u0131b v\u0259 bu yaz\u0131ya g\u00f6r\u0259 universitetd\u0259n xaric edilir. Bir \u00e7ox \u00e7\u0259tinlikl\u0259rd\u0259n sonra o yenid\u0259n universitet\u0259 b\u0259rpa edilir v\u0259 1978-ci ild\u0259 bu ali t\u0259hsil oca\u011f\u0131n\u0131 bitirir. Bitirdiyi universitetd\u0259 m\u00fc\u0259llim kimi f\u0259aliyy\u0259t\u0259 ba\u015flayan Etibar M\u0259mm\u0259dov 1985-ci ild\u0259 &#8220;Rus \u00e7arizmi v\u0259 Ali m\u00fcs\u0259lman silki XIX \u0259srd\u0259&#8221; m\u00f6vzusunda dissertasiya [&hellip;]\" \/>\n<meta property=\"og:url\" content=\"https:\/\/amip.az\/en\/amip-liderin-tercumeyi-hali\/\" \/>\n<meta property=\"og:site_name\" content=\"Az\u0259rbaycan Milli \u0130stiqlal Partiyas\u0131\" \/>\n<meta property=\"article:publisher\" content=\"https:\/\/www.facebook.com\/istiqlal91\" \/>\n<meta property=\"article:modified_time\" content=\"2022-07-17T19:57:13+00:00\" \/>\n<meta property=\"og:image\" content=\"https:\/\/amip.az\/wp-content\/uploads\/2022\/07\/F1510004-1024x691.jpg\" \/>\n<meta name=\"twitter:card\" content=\"summary_large_image\" \/>\n<meta name=\"twitter:site\" content=\"@APartiyas\" \/>\n<meta name=\"twitter:label1\" content=\"Est. reading time\" \/>\n\t<meta name=\"twitter:data1\" content=\"2 minutes\" \/>\n<script type=\"application\/ld+json\" class=\"yoast-schema-graph\">{\"@context\":\"https:\/\/schema.org\",\"@graph\":[{\"@type\":\"WebPage\",\"@id\":\"https:\/\/amip.az\/amip-liderin-tercumeyi-hali\/\",\"url\":\"https:\/\/amip.az\/amip-liderin-tercumeyi-hali\/\",\"name\":\"Az\u0259rbaycan Milli \u0130stiqlal Partiyas\u0131n\u0131n F\u0259xri Liderinin t\u0259rc\u00fcmeyi-hal\u0131 - Az\u0259rbaycan Milli \u0130stiqlal Partiyas\u0131\",\"isPartOf\":{\"@id\":\"https:\/\/amip.az\/az\/#website\"},\"primaryImageOfPage\":{\"@id\":\"https:\/\/amip.az\/amip-liderin-tercumeyi-hali\/#primaryimage\"},\"image\":{\"@id\":\"https:\/\/amip.az\/amip-liderin-tercumeyi-hali\/#primaryimage\"},\"thumbnailUrl\":\"https:\/\/amip.az\/wp-content\/uploads\/2022\/07\/F1510004-1024x691.jpg\",\"datePublished\":\"2022-06-01T08:45:23+00:00\",\"dateModified\":\"2022-07-17T19:57:13+00:00\",\"breadcrumb\":{\"@id\":\"https:\/\/amip.az\/amip-liderin-tercumeyi-hali\/#breadcrumb\"},\"inLanguage\":\"en-US\",\"potentialAction\":[{\"@type\":\"ReadAction\",\"target\":[\"https:\/\/amip.az\/amip-liderin-tercumeyi-hali\/\"]}]},{\"@type\":\"ImageObject\",\"inLanguage\":\"en-US\",\"@id\":\"https:\/\/amip.az\/amip-liderin-tercumeyi-hali\/#primaryimage\",\"url\":\"https:\/\/amip.az\/wp-content\/uploads\/2022\/07\/F1510004-1024x691.jpg\",\"contentUrl\":\"https:\/\/amip.az\/wp-content\/uploads\/2022\/07\/F1510004-1024x691.jpg\"},{\"@type\":\"BreadcrumbList\",\"@id\":\"https:\/\/amip.az\/amip-liderin-tercumeyi-hali\/#breadcrumb\",\"itemListElement\":[{\"@type\":\"ListItem\",\"position\":1,\"name\":\"Home\",\"item\":\"https:\/\/amip.az\/\"},{\"@type\":\"ListItem\",\"position\":2,\"name\":\"Az\u0259rbaycan Milli \u0130stiqlal Partiyas\u0131n\u0131n F\u0259xri Liderinin t\u0259rc\u00fcmeyi-hal\u0131\"}]},{\"@type\":\"WebSite\",\"@id\":\"https:\/\/amip.az\/az\/#website\",\"url\":\"https:\/\/amip.az\/az\/\",\"name\":\"Az\u0259rbaycan Milli \u0130stiqlal Partiyas\u0131\",\"description\":\"AM\u0130P\",\"publisher\":{\"@id\":\"https:\/\/amip.az\/az\/#organization\"},\"potentialAction\":[{\"@type\":\"SearchAction\",\"target\":{\"@type\":\"EntryPoint\",\"urlTemplate\":\"https:\/\/amip.az\/az\/?s={search_term_string}\"},\"query-input\":{\"@type\":\"PropertyValueSpecification\",\"valueRequired\":true,\"valueName\":\"search_term_string\"}}],\"inLanguage\":\"en-US\"},{\"@type\":\"Organization\",\"@id\":\"https:\/\/amip.az\/az\/#organization\",\"name\":\"Az\u0259rbaycan Milli \u0130stiqlal Partiyas\u0131\",\"url\":\"https:\/\/amip.az\/az\/\",\"logo\":{\"@type\":\"ImageObject\",\"inLanguage\":\"en-US\",\"@id\":\"https:\/\/amip.az\/az\/#\/schema\/logo\/image\/\",\"url\":\"https:\/\/amip.az\/wp-content\/uploads\/2023\/06\/amiplogo.png\",\"contentUrl\":\"https:\/\/amip.az\/wp-content\/uploads\/2023\/06\/amiplogo.png\",\"width\":723,\"height\":423,\"caption\":\"Az\u0259rbaycan Milli \u0130stiqlal Partiyas\u0131\"},\"image\":{\"@id\":\"https:\/\/amip.az\/az\/#\/schema\/logo\/image\/\"},\"sameAs\":[\"https:\/\/www.facebook.com\/istiqlal91\",\"https:\/\/x.com\/APartiyas\",\"https:\/\/www.youtube.com\/channel\/UCF3pc8spko_xON2sr4vUC5A\"]}]}<\/script>\n<!-- \/ Yoast SEO plugin. -->","yoast_head_json":{"title":"Az\u0259rbaycan Milli \u0130stiqlal Partiyas\u0131n\u0131n F\u0259xri Liderinin t\u0259rc\u00fcmeyi-hal\u0131 - Az\u0259rbaycan Milli \u0130stiqlal Partiyas\u0131","robots":{"index":"index","follow":"follow","max-snippet":"max-snippet:-1","max-image-preview":"max-image-preview:large","max-video-preview":"max-video-preview:-1"},"canonical":"https:\/\/amip.az\/en\/amip-liderin-tercumeyi-hali\/","og_locale":"en_US","og_type":"article","og_title":"Az\u0259rbaycan Milli \u0130stiqlal Partiyas\u0131n\u0131n F\u0259xri Liderinin t\u0259rc\u00fcmeyi-hal\u0131 - Az\u0259rbaycan Milli \u0130stiqlal Partiyas\u0131","og_description":"Etibar S\u0259lidar o\u011flu M\u0259mm\u0259dov 2 aprel 1955-ci ild\u0259 Bak\u0131 \u015f\u0259h\u0259rind\u0259 anadan olub. Etibar M\u0259mm\u0259dov 1972-ci ild\u0259 BDU-nin Tarix fak\u00fclt\u0259sin\u0259 daxil olur. H\u0259l\u0259 universitetd\u0259 t\u0259hsil alark\u0259n gizli d\u0259rn\u0259kl\u0259rd\u0259 f\u0259aliyy\u0259t g\u00f6st\u0259rib, C\u0259nubi Az\u0259rbaycan m\u0259s\u0259l\u0259si il\u0259 ba\u011fl\u0131 universitetin divar q\u0259zeti \u00fc\u00e7\u00fcn m\u0259qal\u0259 yaz\u0131b v\u0259 bu yaz\u0131ya g\u00f6r\u0259 universitetd\u0259n xaric edilir. Bir \u00e7ox \u00e7\u0259tinlikl\u0259rd\u0259n sonra o yenid\u0259n universitet\u0259 b\u0259rpa edilir v\u0259 1978-ci ild\u0259 bu ali t\u0259hsil oca\u011f\u0131n\u0131 bitirir. Bitirdiyi universitetd\u0259 m\u00fc\u0259llim kimi f\u0259aliyy\u0259t\u0259 ba\u015flayan Etibar M\u0259mm\u0259dov 1985-ci ild\u0259 &#8220;Rus \u00e7arizmi v\u0259 Ali m\u00fcs\u0259lman silki XIX \u0259srd\u0259&#8221; m\u00f6vzusunda dissertasiya [&hellip;]","og_url":"https:\/\/amip.az\/en\/amip-liderin-tercumeyi-hali\/","og_site_name":"Az\u0259rbaycan Milli \u0130stiqlal Partiyas\u0131","article_publisher":"https:\/\/www.facebook.com\/istiqlal91","article_modified_time":"2022-07-17T19:57:13+00:00","og_image":[{"url":"https:\/\/amip.az\/wp-content\/uploads\/2022\/07\/F1510004-1024x691.jpg"}],"twitter_card":"summary_large_image","twitter_site":"@APartiyas","twitter_misc":{"Est. reading time":"2 minutes"},"schema":{"@context":"https:\/\/schema.org","@graph":[{"@type":"WebPage","@id":"https:\/\/amip.az\/amip-liderin-tercumeyi-hali\/","url":"https:\/\/amip.az\/amip-liderin-tercumeyi-hali\/","name":"Az\u0259rbaycan Milli \u0130stiqlal Partiyas\u0131n\u0131n F\u0259xri Liderinin t\u0259rc\u00fcmeyi-hal\u0131 - Az\u0259rbaycan Milli \u0130stiqlal Partiyas\u0131","isPartOf":{"@id":"https:\/\/amip.az\/az\/#website"},"primaryImageOfPage":{"@id":"https:\/\/amip.az\/amip-liderin-tercumeyi-hali\/#primaryimage"},"image":{"@id":"https:\/\/amip.az\/amip-liderin-tercumeyi-hali\/#primaryimage"},"thumbnailUrl":"https:\/\/amip.az\/wp-content\/uploads\/2022\/07\/F1510004-1024x691.jpg","datePublished":"2022-06-01T08:45:23+00:00","dateModified":"2022-07-17T19:57:13+00:00","breadcrumb":{"@id":"https:\/\/amip.az\/amip-liderin-tercumeyi-hali\/#breadcrumb"},"inLanguage":"en-US","potentialAction":[{"@type":"ReadAction","target":["https:\/\/amip.az\/amip-liderin-tercumeyi-hali\/"]}]},{"@type":"ImageObject","inLanguage":"en-US","@id":"https:\/\/amip.az\/amip-liderin-tercumeyi-hali\/#primaryimage","url":"https:\/\/amip.az\/wp-content\/uploads\/2022\/07\/F1510004-1024x691.jpg","contentUrl":"https:\/\/amip.az\/wp-content\/uploads\/2022\/07\/F1510004-1024x691.jpg"},{"@type":"BreadcrumbList","@id":"https:\/\/amip.az\/amip-liderin-tercumeyi-hali\/#breadcrumb","itemListElement":[{"@type":"ListItem","position":1,"name":"Home","item":"https:\/\/amip.az\/"},{"@type":"ListItem","position":2,"name":"Az\u0259rbaycan Milli \u0130stiqlal Partiyas\u0131n\u0131n F\u0259xri Liderinin t\u0259rc\u00fcmeyi-hal\u0131"}]},{"@type":"WebSite","@id":"https:\/\/amip.az\/az\/#website","url":"https:\/\/amip.az\/az\/","name":"Az\u0259rbaycan Milli \u0130stiqlal Partiyas\u0131","description":"AM\u0130P","publisher":{"@id":"https:\/\/amip.az\/az\/#organization"},"potentialAction":[{"@type":"SearchAction","target":{"@type":"EntryPoint","urlTemplate":"https:\/\/amip.az\/az\/?s={search_term_string}"},"query-input":{"@type":"PropertyValueSpecification","valueRequired":true,"valueName":"search_term_string"}}],"inLanguage":"en-US"},{"@type":"Organization","@id":"https:\/\/amip.az\/az\/#organization","name":"Az\u0259rbaycan Milli \u0130stiqlal Partiyas\u0131","url":"https:\/\/amip.az\/az\/","logo":{"@type":"ImageObject","inLanguage":"en-US","@id":"https:\/\/amip.az\/az\/#\/schema\/logo\/image\/","url":"https:\/\/amip.az\/wp-content\/uploads\/2023\/06\/amiplogo.png","contentUrl":"https:\/\/amip.az\/wp-content\/uploads\/2023\/06\/amiplogo.png","width":723,"height":423,"caption":"Az\u0259rbaycan Milli \u0130stiqlal Partiyas\u0131"},"image":{"@id":"https:\/\/amip.az\/az\/#\/schema\/logo\/image\/"},"sameAs":["https:\/\/www.facebook.com\/istiqlal91","https:\/\/x.com\/APartiyas","https:\/\/www.youtube.com\/channel\/UCF3pc8spko_xON2sr4vUC5A"]}]}},"_links":{"self":[{"href":"https:\/\/amip.az\/en\/wp-json\/wp\/v2\/pages\/4088","targetHints":{"allow":["GET"]}}],"collection":[{"href":"https:\/\/amip.az\/en\/wp-json\/wp\/v2\/pages"}],"about":[{"href":"https:\/\/amip.az\/en\/wp-json\/wp\/v2\/types\/page"}],"author":[{"embeddable":true,"href":"https:\/\/amip.az\/en\/wp-json\/wp\/v2\/users\/1"}],"replies":[{"embeddable":true,"href":"https:\/\/amip.az\/en\/wp-json\/wp\/v2\/comments?post=4088"}],"version-history":[{"count":9,"href":"https:\/\/amip.az\/en\/wp-json\/wp\/v2\/pages\/4088\/revisions"}],"predecessor-version":[{"id":5320,"href":"https:\/\/amip.az\/en\/wp-json\/wp\/v2\/pages\/4088\/revisions\/5320"}],"wp:attachment":[{"href":"https:\/\/amip.az\/en\/wp-json\/wp\/v2\/media?parent=4088"}],"curies":[{"name":"wp","href":"https:\/\/api.w.org\/{rel}","templated":true}]}}