{"id":4093,"date":"2022-06-01T12:58:04","date_gmt":"2022-06-01T08:58:04","guid":{"rendered":"https:\/\/vtstrt.mediadesigntech.com\/?page_id=4093"},"modified":"2022-07-18T08:35:36","modified_gmt":"2022-07-18T04:35:36","slug":"az%c9%99rbaycan-milli-istiqlal-partiyasinin-m%c9%99ramnam%c9%99si","status":"publish","type":"page","link":"https:\/\/amip.az\/en\/az%c9%99rbaycan-milli-istiqlal-partiyasinin-m%c9%99ramnam%c9%99si\/","title":{"rendered":"The National Independence Party of Azerbaijan Program"},"content":{"rendered":"<h3 class=\"wp-block-heading\">Purposes<\/h3>\n\n\n\n<p>The highest purpose of the National Independence Party of Azerbaijan (NIPA) as the first political party in Azerbaijan is to succeed in the establishment of independent, united, democratic and mighty state of Azerbaijan and thereby to return glorious place of our Nation in history.<\/p>\n\n\n\n<p>Guided by national interests above all, the National Independence Party of Azerbaijan is a political party struggling:<\/p>\n\n\n\n<p>\u2022 For the sake of establishment of national governmental system being free from contradictory influence upon national interest of political powers inherent to any foreign state or a union of states formed only by free will of the people on the background of the national self-governance;<\/p>\n\n\n\n<p>\u2022 For the sake of turning of the thought of nationalism into the ground of national ideology being assumed by the nation\u2019s all individuals and achievement of expression of national will by any individual focused on the national consciousness;<\/p>\n\n\n\n<p>\u2022 On the sake of nationwide moral values realized as typical reflection of public ideas in all fields of political life; protect our national morality and traditions from harmful impacts; choose the way of moral and cultural enrichment;<\/p>\n\n\n\n<p>\u2022 On the sake of building a free economy worthy to a free person on the basis of tie of common economic independence of the nation with private economic liberty of its each member as a indestructible unity and reach a vast economic progress;<\/p>\n\n\n\n<p>\u2022 Accepting eminence and inimitability of any individual of the nation; makes human rights immunity the basis of national policy; establishing a civil society guaranteeing the protection of freedoms of a person;<\/p>\n\n\n\n<p>\u2022 Systematic hitting the mark of views, movements and thoughts; termination of the society\u2019s changes in correspondence with the nation\u2019s interest.<\/p>\n\n\n\n<p>National Independence Party of Azerbaijan is a political party which struggles for government and accepting coming to the government not only in physical sense, but also as governance of our thoughts and ideas.<\/p>\n\n\n\n<p>For NIPA government is not only a purpose, but a source to rescue Nation and State from only and only from hard social and political; social and economic and moral crisis; identify our country as a mighty and democratic state amidst the world states; raise financial and moral welfare of our nation and any Azerbaijani citizen respectively.<\/p>\n\n\n\n<h3 class=\"wp-block-heading\">Principles<\/h3>\n\n\n\n<p>The principles accepted by National Independence Party of Azerbaijan as an ideological basis in their activity are as follows:<\/p>\n\n\n\n<p><strong>Independence<\/strong>. Our nation possesses the right of independence and freedom favored by God and the nature; and we hope our nation will be recognized and considered by the world\u2019s all peoples as a nation gained its independence through the struggle. A nation cannot defend and advance its existence and civilization without possession of independence. We perceive the goal of National Independence as an ideological foundation of movement for pure, just and magnificent future of national ideology.<\/p>\n\n\n\n<p><strong>Azerbaijanism<\/strong>. Azerbaijan being a historical motherland of our nation and common homeland of all people resided in its area consolidates all social groups living in Azerbaijan, all people with patriotic heart around its sanctity irrespective of nationality and the number. We consider that all peoples lived in Azerbaijan and people observing the laws and Constitution of the country, are national resources of Azerbaijan. Considering members of various national minorities functioned non-contradictory to state interests of Azerbaijan equal in rights with Turkic nation predominated in Azerbaijan we recognize their right to protect their language and develop civilization. We accept that Turks predominated in Azerbaijan bear responsibility for existence and national progress of National minorities in Azerbaijan.<\/p>\n\n\n\n<p><strong>Nationalism<\/strong>. Any nation possesses the right to prefer its interest over others on condition not violating freedoms, rights of other nations and benefit from existence and prosperity of the state.  We estimating highly the interest of Turk nation accept the realization of the interest as faith. One of the most important dispositions of our society, possessed common language, culture, history, religion, tradition, folk-lore and written literature is national consciousness. We identify Turkism with Nationalism as a basis of national consciousness in Azerbaijan. We accept mightiness of Turk nation as a basis principle courageously inspired by our deep affection and love towards our nation and consider urgent any activity in this line.<\/p>\n\n\n\n<p><strong>National statehood<\/strong>. Admitting that nation is not for state, but state is for nation we consider the state an urgent institute for preservation of Azerbaijan\u2019s indivisibility, realization of national interest and guarantor of freedom, liberty and equality. Referred to national statehood traditions of Azerbaijan, an independent Azerbaijani state must provide political, economic and moral development of not only separate classes, groups and layers, but also whole Azerbaijani citizens.<\/p>\n\n\n\n<p>It is possible to gain success in the way of national prosperity in that case when the state creates considerable circumstance for political, economic and cultural development for its citizens and any citizen tries directly at the same time for fortification and development of the statehood.<\/p>\n\n\n\n<p><strong>Liberalism<\/strong>. The liberty of a person in normal case of the nation and the state must not be restricted by anything on condition not violating the freedom of other people. Taking as a target to establish the freedom of the nation entirely with the freedom of its each individual as unbreakable unity, considering any person inimitable and inviolable we think guarantee of all human rights and freedoms reflected in international documents one of primary conditions of establishment of modern democratic state.<\/p>\n\n\n\n<p><strong>Leadingness<\/strong>. For our nation\u2019s assuming the worthy place amongst the world nations in history stage benefited by advanced scientific knowledge created for mankind, economic and legal mechanisms, moral values creatively; acceleration and expanse of our national culture, political and economic creation; distance of any Azerbaijani citizen from ignorance and black-Hundreder and his possession the most advanced world outlook and thought are very significant. Making steps on this way we hope Azerbaijan will go into the rows of the most leading countries near times.<\/p>\n\n\n\n<p>National Independence Party of Azerbaijan being a party of people, rejecting class, group and social discrimination and hitting the target the thought, sense and idea community to provide unity of national and homeland, independent, nationalist, liberalist and leading patriots from all layers of the people comprise its social base.<\/p>","protected":false},"excerpt":{"rendered":"<p>M\u0259qs\u0259dl\u0259r Az\u0259rbaycanda ilk yaranm\u0131\u015f partiya olaraq Az\u0259rbaycan Milli \u0130stiqlal Partiyas\u0131n\u0131n (AM\u0130P) \u0259n ali m\u0259qs\u0259di m\u00fcst\u0259qil, vahid, demokratik, q\u00fcdr\u0259tli Az\u0259rbaycan d\u00f6vl\u0259ti qurulmas\u0131na nail olmaq, bununla da Mill\u0259timizin tarix s\u0259hn\u0259sind\u0259ki \u015f\u0259r\u0259fli yerini \u00f6z\u00fcn\u0259 qaytarmaqd\u0131r. Mill\u0259tin m\u0259nafeyini h\u0259r \u015feyd\u0259n \u00fcst\u00fcn tutan Az\u0259rbaycan Milli \u0130stiqlal Partiyas\u0131: \u2022 Mill\u0259tin \u00f6z\u00fcn\u00fc idar\u0259 etm\u0259si z\u0259minind\u0259 h\u0259r hans\u0131 bir xarici d\u00f6vl\u0259t\u0259, yaxud d\u00f6vl\u0259tl\u0259r birliyin\u0259 m\u0259xsus siyasi q\u00fcvv\u0259l\u0259rin milli m\u0259nafey\u0259 zidd t\u0259sirind\u0259n azad olan v\u0259 yaln\u0131z xalq\u0131n s\u0259rb\u0259st irad\u0259si il\u0259 formala\u015fan milli hakimiyy\u0259t sistemi qurmaq u\u011frunda; \u2022 Mill\u0259t\u00e7ilik ideyas\u0131n\u0131n mill\u0259tin b\u00fct\u00fcn f\u0259rdl\u0259ri t\u0259r\u0259find\u0259n [&hellip;]<\/p>","protected":false},"author":1,"featured_media":0,"parent":0,"menu_order":0,"comment_status":"closed","ping_status":"closed","template":"","meta":{"footnotes":""},"class_list":["post-4093","page","type-page","status-publish","hentry"],"yoast_head":"<!-- This site is optimized with the Yoast SEO plugin v23.8 - https:\/\/yoast.com\/wordpress\/plugins\/seo\/ -->\n<title>Az\u0259rbaycan Milli \u0130stiqlal Partiyas\u0131n\u0131n m\u0259ramnam\u0259si - Az\u0259rbaycan Milli \u0130stiqlal Partiyas\u0131<\/title>\n<meta name=\"robots\" content=\"index, follow, max-snippet:-1, max-image-preview:large, max-video-preview:-1\" \/>\n<link rel=\"canonical\" href=\"https:\/\/amip.az\/en\/az\u0259rbaycan-milli-istiqlal-partiyasinin-m\u0259ramnam\u0259si\/\" \/>\n<meta property=\"og:locale\" content=\"en_US\" \/>\n<meta property=\"og:type\" content=\"article\" \/>\n<meta property=\"og:title\" content=\"Az\u0259rbaycan Milli \u0130stiqlal Partiyas\u0131n\u0131n m\u0259ramnam\u0259si - Az\u0259rbaycan Milli \u0130stiqlal Partiyas\u0131\" \/>\n<meta property=\"og:description\" content=\"M\u0259qs\u0259dl\u0259r Az\u0259rbaycanda ilk yaranm\u0131\u015f partiya olaraq Az\u0259rbaycan Milli \u0130stiqlal Partiyas\u0131n\u0131n (AM\u0130P) \u0259n ali m\u0259qs\u0259di m\u00fcst\u0259qil, vahid, demokratik, q\u00fcdr\u0259tli Az\u0259rbaycan d\u00f6vl\u0259ti qurulmas\u0131na nail olmaq, bununla da Mill\u0259timizin tarix s\u0259hn\u0259sind\u0259ki \u015f\u0259r\u0259fli yerini \u00f6z\u00fcn\u0259 qaytarmaqd\u0131r. Mill\u0259tin m\u0259nafeyini h\u0259r \u015feyd\u0259n \u00fcst\u00fcn tutan Az\u0259rbaycan Milli \u0130stiqlal Partiyas\u0131: \u2022 Mill\u0259tin \u00f6z\u00fcn\u00fc idar\u0259 etm\u0259si z\u0259minind\u0259 h\u0259r hans\u0131 bir xarici d\u00f6vl\u0259t\u0259, yaxud d\u00f6vl\u0259tl\u0259r birliyin\u0259 m\u0259xsus siyasi q\u00fcvv\u0259l\u0259rin milli m\u0259nafey\u0259 zidd t\u0259sirind\u0259n azad olan v\u0259 yaln\u0131z xalq\u0131n s\u0259rb\u0259st irad\u0259si il\u0259 formala\u015fan milli hakimiyy\u0259t sistemi qurmaq u\u011frunda; \u2022 Mill\u0259t\u00e7ilik ideyas\u0131n\u0131n mill\u0259tin b\u00fct\u00fcn f\u0259rdl\u0259ri t\u0259r\u0259find\u0259n [&hellip;]\" \/>\n<meta property=\"og:url\" content=\"https:\/\/amip.az\/en\/az\u0259rbaycan-milli-istiqlal-partiyasinin-m\u0259ramnam\u0259si\/\" \/>\n<meta property=\"og:site_name\" content=\"Az\u0259rbaycan Milli \u0130stiqlal Partiyas\u0131\" \/>\n<meta property=\"article:publisher\" content=\"https:\/\/www.facebook.com\/istiqlal91\" \/>\n<meta property=\"article:modified_time\" content=\"2022-07-18T04:35:36+00:00\" \/>\n<meta name=\"twitter:card\" content=\"summary_large_image\" \/>\n<meta name=\"twitter:site\" content=\"@APartiyas\" \/>\n<meta name=\"twitter:label1\" content=\"Est. reading time\" \/>\n\t<meta name=\"twitter:data1\" content=\"8 minutes\" \/>\n<script type=\"application\/ld+json\" class=\"yoast-schema-graph\">{\"@context\":\"https:\/\/schema.org\",\"@graph\":[{\"@type\":\"WebPage\",\"@id\":\"https:\/\/amip.az\/az%c9%99rbaycan-milli-istiqlal-partiyasinin-m%c9%99ramnam%c9%99si\/\",\"url\":\"https:\/\/amip.az\/az%c9%99rbaycan-milli-istiqlal-partiyasinin-m%c9%99ramnam%c9%99si\/\",\"name\":\"Az\u0259rbaycan Milli \u0130stiqlal Partiyas\u0131n\u0131n m\u0259ramnam\u0259si - Az\u0259rbaycan Milli \u0130stiqlal Partiyas\u0131\",\"isPartOf\":{\"@id\":\"https:\/\/amip.az\/az\/#website\"},\"datePublished\":\"2022-06-01T08:58:04+00:00\",\"dateModified\":\"2022-07-18T04:35:36+00:00\",\"breadcrumb\":{\"@id\":\"https:\/\/amip.az\/az%c9%99rbaycan-milli-istiqlal-partiyasinin-m%c9%99ramnam%c9%99si\/#breadcrumb\"},\"inLanguage\":\"en-US\",\"potentialAction\":[{\"@type\":\"ReadAction\",\"target\":[\"https:\/\/amip.az\/az%c9%99rbaycan-milli-istiqlal-partiyasinin-m%c9%99ramnam%c9%99si\/\"]}]},{\"@type\":\"BreadcrumbList\",\"@id\":\"https:\/\/amip.az\/az%c9%99rbaycan-milli-istiqlal-partiyasinin-m%c9%99ramnam%c9%99si\/#breadcrumb\",\"itemListElement\":[{\"@type\":\"ListItem\",\"position\":1,\"name\":\"Home\",\"item\":\"https:\/\/amip.az\/\"},{\"@type\":\"ListItem\",\"position\":2,\"name\":\"Az\u0259rbaycan Milli \u0130stiqlal Partiyas\u0131n\u0131n m\u0259ramnam\u0259si\"}]},{\"@type\":\"WebSite\",\"@id\":\"https:\/\/amip.az\/az\/#website\",\"url\":\"https:\/\/amip.az\/az\/\",\"name\":\"Az\u0259rbaycan Milli \u0130stiqlal Partiyas\u0131\",\"description\":\"AM\u0130P\",\"publisher\":{\"@id\":\"https:\/\/amip.az\/az\/#organization\"},\"potentialAction\":[{\"@type\":\"SearchAction\",\"target\":{\"@type\":\"EntryPoint\",\"urlTemplate\":\"https:\/\/amip.az\/az\/?s={search_term_string}\"},\"query-input\":{\"@type\":\"PropertyValueSpecification\",\"valueRequired\":true,\"valueName\":\"search_term_string\"}}],\"inLanguage\":\"en-US\"},{\"@type\":\"Organization\",\"@id\":\"https:\/\/amip.az\/az\/#organization\",\"name\":\"Az\u0259rbaycan Milli \u0130stiqlal Partiyas\u0131\",\"url\":\"https:\/\/amip.az\/az\/\",\"logo\":{\"@type\":\"ImageObject\",\"inLanguage\":\"en-US\",\"@id\":\"https:\/\/amip.az\/az\/#\/schema\/logo\/image\/\",\"url\":\"https:\/\/amip.az\/wp-content\/uploads\/2023\/06\/amiplogo.png\",\"contentUrl\":\"https:\/\/amip.az\/wp-content\/uploads\/2023\/06\/amiplogo.png\",\"width\":723,\"height\":423,\"caption\":\"Az\u0259rbaycan Milli \u0130stiqlal Partiyas\u0131\"},\"image\":{\"@id\":\"https:\/\/amip.az\/az\/#\/schema\/logo\/image\/\"},\"sameAs\":[\"https:\/\/www.facebook.com\/istiqlal91\",\"https:\/\/x.com\/APartiyas\",\"https:\/\/www.youtube.com\/channel\/UCF3pc8spko_xON2sr4vUC5A\"]}]}<\/script>\n<!-- \/ Yoast SEO plugin. -->","yoast_head_json":{"title":"Az\u0259rbaycan Milli \u0130stiqlal Partiyas\u0131n\u0131n m\u0259ramnam\u0259si - Az\u0259rbaycan Milli \u0130stiqlal Partiyas\u0131","robots":{"index":"index","follow":"follow","max-snippet":"max-snippet:-1","max-image-preview":"max-image-preview:large","max-video-preview":"max-video-preview:-1"},"canonical":"https:\/\/amip.az\/en\/az\u0259rbaycan-milli-istiqlal-partiyasinin-m\u0259ramnam\u0259si\/","og_locale":"en_US","og_type":"article","og_title":"Az\u0259rbaycan Milli \u0130stiqlal Partiyas\u0131n\u0131n m\u0259ramnam\u0259si - Az\u0259rbaycan Milli \u0130stiqlal Partiyas\u0131","og_description":"M\u0259qs\u0259dl\u0259r Az\u0259rbaycanda ilk yaranm\u0131\u015f partiya olaraq Az\u0259rbaycan Milli \u0130stiqlal Partiyas\u0131n\u0131n (AM\u0130P) \u0259n ali m\u0259qs\u0259di m\u00fcst\u0259qil, vahid, demokratik, q\u00fcdr\u0259tli Az\u0259rbaycan d\u00f6vl\u0259ti qurulmas\u0131na nail olmaq, bununla da Mill\u0259timizin tarix s\u0259hn\u0259sind\u0259ki \u015f\u0259r\u0259fli yerini \u00f6z\u00fcn\u0259 qaytarmaqd\u0131r. Mill\u0259tin m\u0259nafeyini h\u0259r \u015feyd\u0259n \u00fcst\u00fcn tutan Az\u0259rbaycan Milli \u0130stiqlal Partiyas\u0131: \u2022 Mill\u0259tin \u00f6z\u00fcn\u00fc idar\u0259 etm\u0259si z\u0259minind\u0259 h\u0259r hans\u0131 bir xarici d\u00f6vl\u0259t\u0259, yaxud d\u00f6vl\u0259tl\u0259r birliyin\u0259 m\u0259xsus siyasi q\u00fcvv\u0259l\u0259rin milli m\u0259nafey\u0259 zidd t\u0259sirind\u0259n azad olan v\u0259 yaln\u0131z xalq\u0131n s\u0259rb\u0259st irad\u0259si il\u0259 formala\u015fan milli hakimiyy\u0259t sistemi qurmaq u\u011frunda; \u2022 Mill\u0259t\u00e7ilik ideyas\u0131n\u0131n mill\u0259tin b\u00fct\u00fcn f\u0259rdl\u0259ri t\u0259r\u0259find\u0259n [&hellip;]","og_url":"https:\/\/amip.az\/en\/az\u0259rbaycan-milli-istiqlal-partiyasinin-m\u0259ramnam\u0259si\/","og_site_name":"Az\u0259rbaycan Milli \u0130stiqlal Partiyas\u0131","article_publisher":"https:\/\/www.facebook.com\/istiqlal91","article_modified_time":"2022-07-18T04:35:36+00:00","twitter_card":"summary_large_image","twitter_site":"@APartiyas","twitter_misc":{"Est. reading time":"8 minutes"},"schema":{"@context":"https:\/\/schema.org","@graph":[{"@type":"WebPage","@id":"https:\/\/amip.az\/az%c9%99rbaycan-milli-istiqlal-partiyasinin-m%c9%99ramnam%c9%99si\/","url":"https:\/\/amip.az\/az%c9%99rbaycan-milli-istiqlal-partiyasinin-m%c9%99ramnam%c9%99si\/","name":"Az\u0259rbaycan Milli \u0130stiqlal Partiyas\u0131n\u0131n m\u0259ramnam\u0259si - Az\u0259rbaycan Milli \u0130stiqlal Partiyas\u0131","isPartOf":{"@id":"https:\/\/amip.az\/az\/#website"},"datePublished":"2022-06-01T08:58:04+00:00","dateModified":"2022-07-18T04:35:36+00:00","breadcrumb":{"@id":"https:\/\/amip.az\/az%c9%99rbaycan-milli-istiqlal-partiyasinin-m%c9%99ramnam%c9%99si\/#breadcrumb"},"inLanguage":"en-US","potentialAction":[{"@type":"ReadAction","target":["https:\/\/amip.az\/az%c9%99rbaycan-milli-istiqlal-partiyasinin-m%c9%99ramnam%c9%99si\/"]}]},{"@type":"BreadcrumbList","@id":"https:\/\/amip.az\/az%c9%99rbaycan-milli-istiqlal-partiyasinin-m%c9%99ramnam%c9%99si\/#breadcrumb","itemListElement":[{"@type":"ListItem","position":1,"name":"Home","item":"https:\/\/amip.az\/"},{"@type":"ListItem","position":2,"name":"Az\u0259rbaycan Milli \u0130stiqlal Partiyas\u0131n\u0131n m\u0259ramnam\u0259si"}]},{"@type":"WebSite","@id":"https:\/\/amip.az\/az\/#website","url":"https:\/\/amip.az\/az\/","name":"Az\u0259rbaycan Milli \u0130stiqlal Partiyas\u0131","description":"AM\u0130P","publisher":{"@id":"https:\/\/amip.az\/az\/#organization"},"potentialAction":[{"@type":"SearchAction","target":{"@type":"EntryPoint","urlTemplate":"https:\/\/amip.az\/az\/?s={search_term_string}"},"query-input":{"@type":"PropertyValueSpecification","valueRequired":true,"valueName":"search_term_string"}}],"inLanguage":"en-US"},{"@type":"Organization","@id":"https:\/\/amip.az\/az\/#organization","name":"Az\u0259rbaycan Milli \u0130stiqlal Partiyas\u0131","url":"https:\/\/amip.az\/az\/","logo":{"@type":"ImageObject","inLanguage":"en-US","@id":"https:\/\/amip.az\/az\/#\/schema\/logo\/image\/","url":"https:\/\/amip.az\/wp-content\/uploads\/2023\/06\/amiplogo.png","contentUrl":"https:\/\/amip.az\/wp-content\/uploads\/2023\/06\/amiplogo.png","width":723,"height":423,"caption":"Az\u0259rbaycan Milli \u0130stiqlal Partiyas\u0131"},"image":{"@id":"https:\/\/amip.az\/az\/#\/schema\/logo\/image\/"},"sameAs":["https:\/\/www.facebook.com\/istiqlal91","https:\/\/x.com\/APartiyas","https:\/\/www.youtube.com\/channel\/UCF3pc8spko_xON2sr4vUC5A"]}]}},"_links":{"self":[{"href":"https:\/\/amip.az\/en\/wp-json\/wp\/v2\/pages\/4093","targetHints":{"allow":["GET"]}}],"collection":[{"href":"https:\/\/amip.az\/en\/wp-json\/wp\/v2\/pages"}],"about":[{"href":"https:\/\/amip.az\/en\/wp-json\/wp\/v2\/types\/page"}],"author":[{"embeddable":true,"href":"https:\/\/amip.az\/en\/wp-json\/wp\/v2\/users\/1"}],"replies":[{"embeddable":true,"href":"https:\/\/amip.az\/en\/wp-json\/wp\/v2\/comments?post=4093"}],"version-history":[{"count":9,"href":"https:\/\/amip.az\/en\/wp-json\/wp\/v2\/pages\/4093\/revisions"}],"predecessor-version":[{"id":5301,"href":"https:\/\/amip.az\/en\/wp-json\/wp\/v2\/pages\/4093\/revisions\/5301"}],"wp:attachment":[{"href":"https:\/\/amip.az\/en\/wp-json\/wp\/v2\/media?parent=4093"}],"curies":[{"name":"wp","href":"https:\/\/api.w.org\/{rel}","templated":true}]}}