{"id":4421,"date":"2022-06-14T06:30:56","date_gmt":"2022-06-14T02:30:56","guid":{"rendered":"https:\/\/vtstrt.mediadesigntech.com\/?page_id=4421"},"modified":"2026-02-16T00:28:28","modified_gmt":"2026-02-15T20:28:28","slug":"az%c9%99rbaycan-milli-istiqlal-partiyasinin-s%c9%99drinin-muavinl%c9%99ri","status":"publish","type":"page","link":"https:\/\/amip.az\/en\/az%c9%99rbaycan-milli-istiqlal-partiyasinin-s%c9%99drinin-muavinl%c9%99ri\/","title":{"rendered":"Deputy Chairmans of the National Independence Party of Azerbaijan"},"content":{"rendered":"<div class=\"mkdf-row-grid-section-wrapper\"  ><div class=\"mkdf-row-grid-section\"><div class=\"vc_row wpb_row vc_row-fluid vc_custom_1551878682276\" ><div class=\"wpb_column vc_column_container vc_col-sm-4 vc_col-lg-offset-0 vc_col-lg-4 vc_col-md-offset-0 vc_col-md-12 vc_col-sm-offset-0 vc_col-xs-12\"><div class=\"vc_column-inner\"><div class=\"wpb_wrapper\"><div class=\"mkdf-elements-holder-wrapper\"><div class=\"mkdf-elements-holder   mkdf-one-column    mkdf-responsive-mode-768\" ><div class=\"mkdf-eh-item\"  data-item-class=\"mkdf-eh-custom-2441\" data-1367-1600=\"0px 28px 45px 0px\" data-1025-1366=\"0px 28px 45px 0px\" data-769-1024=\"0px 0px 130px 0px\" data-681-768=\"0px 0px 120px 0px\" data-680=\"0px 2px 45px 0px\">\n\t<div class=\"mkdf-eh-item-inner\">\n\t\t<div class=\"mkdf-eh-item-content mkdf-eh-custom-2441\" style=\"padding: 0px 28px 45px 0px\">\n\t\t\t<div class=\"mkdf-image-with-text-holder   mkdf-image-behavior-custom-link\">\n    <div class=\"mkdf-iwt-image\">\n        \t            <a itemprop=\"url\" href=\"\/en\/az\u0259rbaycan-milli-istiqlal-partiyasinin-t\u0259skilat-v\u0259-secki-m\u0259s\u0259l\u0259l\u0259ri-uzr\u0259-s\u0259dr-muavini\/\" target=\"_self\">\n                                    <img loading=\"lazy\" decoding=\"async\" width=\"319\" height=\"319\" src=\"https:\/\/amip.az\/wp-content\/uploads\/2022\/07\/amip_afsaddin_qinyaz_oglu_nabiyev_icon_04_319.jpg\" class=\"attachment-full size-full\" alt=\"Afs\u0259ddin Qinyaz o\u011flu N\u0259biyev\" srcset=\"https:\/\/amip.az\/wp-content\/uploads\/2022\/07\/amip_afsaddin_qinyaz_oglu_nabiyev_icon_04_319.jpg 319w, https:\/\/amip.az\/wp-content\/uploads\/2022\/07\/amip_afsaddin_qinyaz_oglu_nabiyev_icon_04_319-300x300.jpg 300w, https:\/\/amip.az\/wp-content\/uploads\/2022\/07\/amip_afsaddin_qinyaz_oglu_nabiyev_icon_04_319-150x150.jpg 150w, https:\/\/amip.az\/wp-content\/uploads\/2022\/07\/amip_afsaddin_qinyaz_oglu_nabiyev_icon_04_319-12x12.jpg 12w\" sizes=\"auto, (max-width: 319px) 100vw, 319px\" \/>                                <\/a>\n            <\/div>\n    <div class=\"mkdf-iwt-text-holder\">\n\t                        <a itemprop=\"url\" href=\"\/en\/az\u0259rbaycan-milli-istiqlal-partiyasinin-t\u0259skilat-v\u0259-secki-m\u0259s\u0259l\u0259l\u0259ri-uzr\u0259-s\u0259dr-muavini\/\" target=\"_self\">\n            <h4 class=\"mkdf-iwt-title\" style=\"color: #0a0a0a\">T\u0259\u015fkilat M\u0259s\u0259l\u0259l\u0259ri \u00fczr\u0259 s\u0259dr m\u00fcavini<\/h4>\n            <\/a>\n        \t\t            <p class=\"mkdf-iwt-text\" style=\"color: #0a0a0a\">Afsaddin Nabiyev<\/p>\n            <\/div>\n<\/div>\t\t<\/div>\n\t<\/div>\n<\/div><\/div><\/div><\/div><\/div><\/div><div class=\"wpb_column vc_column_container vc_col-sm-4 vc_col-lg-offset-0 vc_col-lg-4 vc_col-md-offset-0 vc_col-md-12 vc_col-sm-offset-0 vc_col-xs-12\"><div class=\"vc_column-inner\"><div class=\"wpb_wrapper\"><div class=\"mkdf-elements-holder-wrapper\"><div class=\"mkdf-elements-holder   mkdf-one-column    mkdf-responsive-mode-768\" ><div class=\"mkdf-eh-item\"  data-item-class=\"mkdf-eh-custom-9025\" data-1367-1600=\"0px 28px 45px 0px\" data-1025-1366=\"0px 28px 45px 0px\" data-769-1024=\"0px 0px 130px 0px\" data-681-768=\"0px 0px 120px 0px\" data-680=\"0px 2px 45px 0px\">\n\t<div class=\"mkdf-eh-item-inner\">\n\t\t<div class=\"mkdf-eh-item-content mkdf-eh-custom-9025\" style=\"padding: 0px 28px 45px 0px\">\n\t\t\t<div class=\"mkdf-image-with-text-holder   mkdf-image-behavior-custom-link\">\n    <div class=\"mkdf-iwt-image\">\n        \t            <a itemprop=\"url\" href=\"\/en\/az\u0259rbaycan-milli-istiqlal-partiyasinin-s\u0259drinin-beyn\u0259lxalq-m\u0259s\u0259l\u0259l\u0259r-uzr\u0259-muavini\/\" target=\"_self\">\n                                    <img loading=\"lazy\" decoding=\"async\" width=\"319\" height=\"319\" src=\"https:\/\/amip.az\/wp-content\/uploads\/2022\/06\/amip_mustafayev_elshan_mansur-oglu_Icon_01_319-1.jpg\" class=\"attachment-full size-full\" alt=\"El\u015f\u0259n Mansur o\u011flu Mustafayev\" srcset=\"https:\/\/amip.az\/wp-content\/uploads\/2022\/06\/amip_mustafayev_elshan_mansur-oglu_Icon_01_319-1.jpg 319w, https:\/\/amip.az\/wp-content\/uploads\/2022\/06\/amip_mustafayev_elshan_mansur-oglu_Icon_01_319-1-300x300.jpg 300w, https:\/\/amip.az\/wp-content\/uploads\/2022\/06\/amip_mustafayev_elshan_mansur-oglu_Icon_01_319-1-150x150.jpg 150w, https:\/\/amip.az\/wp-content\/uploads\/2022\/06\/amip_mustafayev_elshan_mansur-oglu_Icon_01_319-1-12x12.jpg 12w\" sizes=\"auto, (max-width: 319px) 100vw, 319px\" \/>                                <\/a>\n            <\/div>\n    <div class=\"mkdf-iwt-text-holder\">\n\t                        <a itemprop=\"url\" href=\"\/en\/az\u0259rbaycan-milli-istiqlal-partiyasinin-s\u0259drinin-beyn\u0259lxalq-m\u0259s\u0259l\u0259l\u0259r-uzr\u0259-muavini\/\" target=\"_self\">\n            <h4 class=\"mkdf-iwt-title\" style=\"color: #0a0a0a\">Deputy Chairman on International Issues<\/h4>\n            <\/a>\n        \t\t            <p class=\"mkdf-iwt-text\" >Elshan Mustafayev<\/p>\n            <\/div>\n<\/div>\t\t<\/div>\n\t<\/div>\n<\/div><\/div><\/div><\/div><\/div><\/div><div class=\"wpb_column vc_column_container vc_col-sm-4 vc_col-lg-offset-0 vc_col-lg-4 vc_col-md-offset-0 vc_col-md-12 vc_col-sm-offset-0 vc_col-xs-12\"><div class=\"vc_column-inner\"><div class=\"wpb_wrapper\"><div class=\"mkdf-elements-holder-wrapper\"><div class=\"mkdf-elements-holder   mkdf-one-column    mkdf-responsive-mode-768\" ><div class=\"mkdf-eh-item\"  data-item-class=\"mkdf-eh-custom-8992\" data-1367-1600=\"0px 28px 45px 0px\" data-1025-1366=\"0px 28px 45px 0px\" data-769-1024=\"0px 0px 130px 0px\" data-681-768=\"0px 0px 120px 0px\" data-680=\"0px 2px 45px 0px\">\n\t<div class=\"mkdf-eh-item-inner\">\n\t\t<div class=\"mkdf-eh-item-content mkdf-eh-custom-8992\" style=\"padding: 0px 28px 45px 0px\">\n\t\t\t<div class=\"mkdf-image-with-text-holder   mkdf-image-behavior-custom-link\">\n    <div class=\"mkdf-iwt-image\">\n        \t            <a itemprop=\"url\" href=\"\/en\/az\u0259rbaycan-milli-istiqlal-partiyasi-s\u0259drinin-m\u0259tbuat-v\u0259-ictimaiyy\u0259tl\u0259-\u0259laq\u0259l\u0259r-uzr\u0259-muavini\/\" target=\"_self\">\n                                    <img loading=\"lazy\" decoding=\"async\" width=\"319\" height=\"319\" src=\"https:\/\/amip.az\/wp-content\/uploads\/2024\/11\/amip_lala_enver_gizi_gafarli_01_319.jpg\" class=\"attachment-full size-full\" alt=\"Lal\u0259 \u018fnv\u0259r q\u0131z\u0131 Qafarl\u0131\" srcset=\"https:\/\/amip.az\/wp-content\/uploads\/2024\/11\/amip_lala_enver_gizi_gafarli_01_319.jpg 319w, https:\/\/amip.az\/wp-content\/uploads\/2024\/11\/amip_lala_enver_gizi_gafarli_01_319-300x300.jpg 300w, https:\/\/amip.az\/wp-content\/uploads\/2024\/11\/amip_lala_enver_gizi_gafarli_01_319-150x150.jpg 150w, https:\/\/amip.az\/wp-content\/uploads\/2024\/11\/amip_lala_enver_gizi_gafarli_01_319-12x12.jpg 12w\" sizes=\"auto, (max-width: 319px) 100vw, 319px\" \/>                                <\/a>\n            <\/div>\n    <div class=\"mkdf-iwt-text-holder\">\n\t                        <a itemprop=\"url\" href=\"\/en\/az\u0259rbaycan-milli-istiqlal-partiyasi-s\u0259drinin-m\u0259tbuat-v\u0259-ictimaiyy\u0259tl\u0259-\u0259laq\u0259l\u0259r-uzr\u0259-muavini\/\" target=\"_self\">\n            <h4 class=\"mkdf-iwt-title\" style=\"color: #0a0a0a\">Deputy Chairman on Media and Public Relations<\/h4>\n            <\/a>\n        \t\t            <p class=\"mkdf-iwt-text\" >Lala Enver gizi Gafarli<\/p>\n            <\/div>\n<\/div>\t\t<\/div>\n\t<\/div>\n<\/div><\/div><\/div><\/div><\/div><\/div><\/div><\/div><\/div>","protected":false},"excerpt":{"rendered":"T\u0259\u015fkilat M\u0259s\u0259l\u0259l\u0259ri \u00fczr\u0259 s\u0259dr m\u00fcavini Afs\u0259ddin Qinyaz o\u011flu N\u0259biyev Beyn\u0259lxalq \u0259laq\u0259l\u0259r \u00fczr\u0259 s\u0259dr m\u00fcavini El\u015f\u0259n Mansur o\u011flu Mustafayev M\u0259tbuat v\u0259 \u0130ctimaiyy\u0259tl\u0259 \u0259laq\u0259l\u0259r \u00fczr\u0259 s\u0259dr m\u00fcavini Lal\u0259 \u018fnv\u0259r q\u0131z\u0131 Qafarl\u0131","protected":false},"author":1,"featured_media":0,"parent":0,"menu_order":0,"comment_status":"closed","ping_status":"closed","template":"","meta":{"footnotes":""},"class_list":["post-4421","page","type-page","status-publish","hentry"],"yoast_head":"<!-- This site is optimized with the Yoast SEO plugin v23.8 - https:\/\/yoast.com\/wordpress\/plugins\/seo\/ -->\n<title>Az\u0259rbaycan Milli \u0130stiqlal Partiyas\u0131 s\u0259drinin m\u00fcavinl\u0259ri - Az\u0259rbaycan Milli \u0130stiqlal Partiyas\u0131<\/title>\n<meta name=\"robots\" content=\"index, follow, max-snippet:-1, max-image-preview:large, max-video-preview:-1\" \/>\n<link rel=\"canonical\" href=\"https:\/\/amip.az\/en\/az\u0259rbaycan-milli-istiqlal-partiyasinin-s\u0259drinin-muavinl\u0259ri\/\" \/>\n<meta property=\"og:locale\" content=\"en_US\" \/>\n<meta property=\"og:type\" content=\"article\" \/>\n<meta property=\"og:title\" content=\"Az\u0259rbaycan Milli \u0130stiqlal Partiyas\u0131 s\u0259drinin m\u00fcavinl\u0259ri - Az\u0259rbaycan Milli \u0130stiqlal Partiyas\u0131\" \/>\n<meta property=\"og:url\" content=\"https:\/\/amip.az\/en\/az\u0259rbaycan-milli-istiqlal-partiyasinin-s\u0259drinin-muavinl\u0259ri\/\" \/>\n<meta property=\"og:site_name\" content=\"Az\u0259rbaycan Milli \u0130stiqlal Partiyas\u0131\" \/>\n<meta property=\"article:publisher\" content=\"https:\/\/www.facebook.com\/istiqlal91\" \/>\n<meta property=\"article:modified_time\" content=\"2026-02-15T20:28:28+00:00\" \/>\n<meta name=\"twitter:card\" content=\"summary_large_image\" \/>\n<meta name=\"twitter:site\" content=\"@APartiyas\" \/>\n<meta name=\"twitter:label1\" content=\"Est. reading time\" \/>\n\t<meta name=\"twitter:data1\" content=\"1 minute\" \/>\n<script type=\"application\/ld+json\" class=\"yoast-schema-graph\">{\"@context\":\"https:\/\/schema.org\",\"@graph\":[{\"@type\":\"WebPage\",\"@id\":\"https:\/\/amip.az\/az%c9%99rbaycan-milli-istiqlal-partiyasinin-s%c9%99drinin-muavinl%c9%99ri\/\",\"url\":\"https:\/\/amip.az\/az%c9%99rbaycan-milli-istiqlal-partiyasinin-s%c9%99drinin-muavinl%c9%99ri\/\",\"name\":\"Az\u0259rbaycan Milli \u0130stiqlal Partiyas\u0131 s\u0259drinin m\u00fcavinl\u0259ri - Az\u0259rbaycan Milli \u0130stiqlal Partiyas\u0131\",\"isPartOf\":{\"@id\":\"https:\/\/amip.az\/az\/#website\"},\"datePublished\":\"2022-06-14T02:30:56+00:00\",\"dateModified\":\"2026-02-15T20:28:28+00:00\",\"breadcrumb\":{\"@id\":\"https:\/\/amip.az\/az%c9%99rbaycan-milli-istiqlal-partiyasinin-s%c9%99drinin-muavinl%c9%99ri\/#breadcrumb\"},\"inLanguage\":\"en-US\",\"potentialAction\":[{\"@type\":\"ReadAction\",\"target\":[\"https:\/\/amip.az\/az%c9%99rbaycan-milli-istiqlal-partiyasinin-s%c9%99drinin-muavinl%c9%99ri\/\"]}]},{\"@type\":\"BreadcrumbList\",\"@id\":\"https:\/\/amip.az\/az%c9%99rbaycan-milli-istiqlal-partiyasinin-s%c9%99drinin-muavinl%c9%99ri\/#breadcrumb\",\"itemListElement\":[{\"@type\":\"ListItem\",\"position\":1,\"name\":\"Home\",\"item\":\"https:\/\/amip.az\/\"},{\"@type\":\"ListItem\",\"position\":2,\"name\":\"Az\u0259rbaycan Milli \u0130stiqlal Partiyas\u0131 s\u0259drinin m\u00fcavinl\u0259ri\"}]},{\"@type\":\"WebSite\",\"@id\":\"https:\/\/amip.az\/az\/#website\",\"url\":\"https:\/\/amip.az\/az\/\",\"name\":\"Az\u0259rbaycan Milli \u0130stiqlal Partiyas\u0131\",\"description\":\"AM\u0130P\",\"publisher\":{\"@id\":\"https:\/\/amip.az\/az\/#organization\"},\"potentialAction\":[{\"@type\":\"SearchAction\",\"target\":{\"@type\":\"EntryPoint\",\"urlTemplate\":\"https:\/\/amip.az\/az\/?s={search_term_string}\"},\"query-input\":{\"@type\":\"PropertyValueSpecification\",\"valueRequired\":true,\"valueName\":\"search_term_string\"}}],\"inLanguage\":\"en-US\"},{\"@type\":\"Organization\",\"@id\":\"https:\/\/amip.az\/az\/#organization\",\"name\":\"Az\u0259rbaycan Milli \u0130stiqlal Partiyas\u0131\",\"url\":\"https:\/\/amip.az\/az\/\",\"logo\":{\"@type\":\"ImageObject\",\"inLanguage\":\"en-US\",\"@id\":\"https:\/\/amip.az\/az\/#\/schema\/logo\/image\/\",\"url\":\"https:\/\/amip.az\/wp-content\/uploads\/2023\/06\/amiplogo.png\",\"contentUrl\":\"https:\/\/amip.az\/wp-content\/uploads\/2023\/06\/amiplogo.png\",\"width\":723,\"height\":423,\"caption\":\"Az\u0259rbaycan Milli \u0130stiqlal Partiyas\u0131\"},\"image\":{\"@id\":\"https:\/\/amip.az\/az\/#\/schema\/logo\/image\/\"},\"sameAs\":[\"https:\/\/www.facebook.com\/istiqlal91\",\"https:\/\/x.com\/APartiyas\",\"https:\/\/www.youtube.com\/channel\/UCF3pc8spko_xON2sr4vUC5A\"]}]}<\/script>\n<!-- \/ Yoast SEO plugin. -->","yoast_head_json":{"title":"Az\u0259rbaycan Milli \u0130stiqlal Partiyas\u0131 s\u0259drinin m\u00fcavinl\u0259ri - Az\u0259rbaycan Milli \u0130stiqlal Partiyas\u0131","robots":{"index":"index","follow":"follow","max-snippet":"max-snippet:-1","max-image-preview":"max-image-preview:large","max-video-preview":"max-video-preview:-1"},"canonical":"https:\/\/amip.az\/en\/az\u0259rbaycan-milli-istiqlal-partiyasinin-s\u0259drinin-muavinl\u0259ri\/","og_locale":"en_US","og_type":"article","og_title":"Az\u0259rbaycan Milli \u0130stiqlal Partiyas\u0131 s\u0259drinin m\u00fcavinl\u0259ri - Az\u0259rbaycan Milli \u0130stiqlal Partiyas\u0131","og_url":"https:\/\/amip.az\/en\/az\u0259rbaycan-milli-istiqlal-partiyasinin-s\u0259drinin-muavinl\u0259ri\/","og_site_name":"Az\u0259rbaycan Milli \u0130stiqlal Partiyas\u0131","article_publisher":"https:\/\/www.facebook.com\/istiqlal91","article_modified_time":"2026-02-15T20:28:28+00:00","twitter_card":"summary_large_image","twitter_site":"@APartiyas","twitter_misc":{"Est. reading time":"1 minute"},"schema":{"@context":"https:\/\/schema.org","@graph":[{"@type":"WebPage","@id":"https:\/\/amip.az\/az%c9%99rbaycan-milli-istiqlal-partiyasinin-s%c9%99drinin-muavinl%c9%99ri\/","url":"https:\/\/amip.az\/az%c9%99rbaycan-milli-istiqlal-partiyasinin-s%c9%99drinin-muavinl%c9%99ri\/","name":"Az\u0259rbaycan Milli \u0130stiqlal Partiyas\u0131 s\u0259drinin m\u00fcavinl\u0259ri - Az\u0259rbaycan Milli \u0130stiqlal Partiyas\u0131","isPartOf":{"@id":"https:\/\/amip.az\/az\/#website"},"datePublished":"2022-06-14T02:30:56+00:00","dateModified":"2026-02-15T20:28:28+00:00","breadcrumb":{"@id":"https:\/\/amip.az\/az%c9%99rbaycan-milli-istiqlal-partiyasinin-s%c9%99drinin-muavinl%c9%99ri\/#breadcrumb"},"inLanguage":"en-US","potentialAction":[{"@type":"ReadAction","target":["https:\/\/amip.az\/az%c9%99rbaycan-milli-istiqlal-partiyasinin-s%c9%99drinin-muavinl%c9%99ri\/"]}]},{"@type":"BreadcrumbList","@id":"https:\/\/amip.az\/az%c9%99rbaycan-milli-istiqlal-partiyasinin-s%c9%99drinin-muavinl%c9%99ri\/#breadcrumb","itemListElement":[{"@type":"ListItem","position":1,"name":"Home","item":"https:\/\/amip.az\/"},{"@type":"ListItem","position":2,"name":"Az\u0259rbaycan Milli \u0130stiqlal Partiyas\u0131 s\u0259drinin m\u00fcavinl\u0259ri"}]},{"@type":"WebSite","@id":"https:\/\/amip.az\/az\/#website","url":"https:\/\/amip.az\/az\/","name":"Az\u0259rbaycan Milli \u0130stiqlal Partiyas\u0131","description":"AM\u0130P","publisher":{"@id":"https:\/\/amip.az\/az\/#organization"},"potentialAction":[{"@type":"SearchAction","target":{"@type":"EntryPoint","urlTemplate":"https:\/\/amip.az\/az\/?s={search_term_string}"},"query-input":{"@type":"PropertyValueSpecification","valueRequired":true,"valueName":"search_term_string"}}],"inLanguage":"en-US"},{"@type":"Organization","@id":"https:\/\/amip.az\/az\/#organization","name":"Az\u0259rbaycan Milli \u0130stiqlal Partiyas\u0131","url":"https:\/\/amip.az\/az\/","logo":{"@type":"ImageObject","inLanguage":"en-US","@id":"https:\/\/amip.az\/az\/#\/schema\/logo\/image\/","url":"https:\/\/amip.az\/wp-content\/uploads\/2023\/06\/amiplogo.png","contentUrl":"https:\/\/amip.az\/wp-content\/uploads\/2023\/06\/amiplogo.png","width":723,"height":423,"caption":"Az\u0259rbaycan Milli \u0130stiqlal Partiyas\u0131"},"image":{"@id":"https:\/\/amip.az\/az\/#\/schema\/logo\/image\/"},"sameAs":["https:\/\/www.facebook.com\/istiqlal91","https:\/\/x.com\/APartiyas","https:\/\/www.youtube.com\/channel\/UCF3pc8spko_xON2sr4vUC5A"]}]}},"_links":{"self":[{"href":"https:\/\/amip.az\/en\/wp-json\/wp\/v2\/pages\/4421","targetHints":{"allow":["GET"]}}],"collection":[{"href":"https:\/\/amip.az\/en\/wp-json\/wp\/v2\/pages"}],"about":[{"href":"https:\/\/amip.az\/en\/wp-json\/wp\/v2\/types\/page"}],"author":[{"embeddable":true,"href":"https:\/\/amip.az\/en\/wp-json\/wp\/v2\/users\/1"}],"replies":[{"embeddable":true,"href":"https:\/\/amip.az\/en\/wp-json\/wp\/v2\/comments?post=4421"}],"version-history":[{"count":31,"href":"https:\/\/amip.az\/en\/wp-json\/wp\/v2\/pages\/4421\/revisions"}],"predecessor-version":[{"id":10039,"href":"https:\/\/amip.az\/en\/wp-json\/wp\/v2\/pages\/4421\/revisions\/10039"}],"wp:attachment":[{"href":"https:\/\/amip.az\/en\/wp-json\/wp\/v2\/media?parent=4421"}],"curies":[{"name":"wp","href":"https:\/\/api.w.org\/{rel}","templated":true}]}}