{"id":4432,"date":"2022-06-14T07:28:30","date_gmt":"2022-06-14T03:28:30","guid":{"rendered":"https:\/\/vtstrt.mediadesigntech.com\/?page_id=4432"},"modified":"2026-02-14T12:36:28","modified_gmt":"2026-02-14T08:36:28","slug":"az%c9%99rbaycan-milli-istiqlal-partiyasinin-m%c9%99rk%c9%99zi-sura-s%c9%99dri-bayramov-r%c9%99sad-aydin-oglu","status":"publish","type":"page","link":"https:\/\/amip.az\/en\/az%c9%99rbaycan-milli-istiqlal-partiyasinin-m%c9%99rk%c9%99zi-sura-s%c9%99dri-bayramov-r%c9%99sad-aydin-oglu\/","title":{"rendered":"Az\u0259rbaycan Milli \u0130stiqlal Partiyas\u0131 Ali M\u0259clisinin S\u0259dri"},"content":{"rendered":"<div class=\"vc_row wpb_row vc_row-fluid\" ><div class=\"wpb_column vc_column_container vc_col-sm-12\"><div class=\"vc_column-inner\"><div class=\"wpb_wrapper\">\n\t<div class=\"wpb_text_column wpb_content_element\" >\n\t\t<div class=\"wpb_wrapper\">\n\t\t\t<figure class=\"wp-block-image size-full\"><img loading=\"lazy\" decoding=\"async\" width=\"320\" height=\"480\" class=\"wp-image-4553\" src=\"https:\/\/amip.az\/wp-content\/uploads\/2022\/06\/amip_bayramov_rashad_aydin_oglu_01_480.jpg\" alt=\"Bayramov R\u0259\u015fad Ayd\u0131n o\u011flu\" srcset=\"https:\/\/amip.az\/wp-content\/uploads\/2022\/06\/amip_bayramov_rashad_aydin_oglu_01_480.jpg 320w, https:\/\/amip.az\/wp-content\/uploads\/2022\/06\/amip_bayramov_rashad_aydin_oglu_01_480-200x300.jpg 200w, https:\/\/amip.az\/wp-content\/uploads\/2022\/06\/amip_bayramov_rashad_aydin_oglu_01_480-8x12.jpg 8w\" sizes=\"auto, (max-width: 320px) 100vw, 320px\" \/><\/figure>\n<p>Rashad Aydin Bayramov was born in 1975.<\/p>\n<p>Graduated from school with a gold medal.<\/p>\n<p>In 1997 he graduated from the faculty of Social Administration and Sociology of the Baku University of Social Administration and Politology.<\/p>\n<p>In 1998-2000 he studied on profession of \u201cSociology of politics\u201d at the Academy of Public Administration Under the President of the Republic of Azerbaijan.<\/p>\n<p>In 2003 he finished the educational program \u201cConsensus building and skills on holding negotiations\u201d of the faculty of Conflict Management of the Texas University of USA and got an international certificate.<\/p>\n<p>Periodically he held the positions of the chairman of NIPA Youth Organization, a member to the NIPA Political Council, the Secretary of Organizational Issues of NIPA, the NIPA Elections secretary, the secretary on NIPA Press and Propaganda, a NIPA plenipotentiary representative to the Central Election Commission and the head of Etibar Mammadov\u2019s Election headquarters.<\/p>\n<p>2020-ci ild\u0259n etibar\u0259n AM\u0130P Ali M\u0259clisin S\u0259dridir.<\/p>\n<p>He\u2019s married, has two children.<\/p>\n<p><strong>Tel (WhatsApp)<\/strong>: +99450 542-60-05<\/p>\n<p><strong>E-mail<\/strong>: <a href=\"mailto:rashad.bayramov@amip.az\" target=\"_blank\" rel=\"noreferrer noopener\">rashad.bayramov@amip.az<\/a><\/p>\n<p><strong>Facebook<\/strong>: <a href=\"https:\/\/www.facebook.com\/profile.php?id=100004749348423\" target=\"_blank\" rel=\"noreferrer noopener\">https:\/\/www.facebook.com\/profile.php?id=100004749348423<\/a><\/p>\n<p><strong>Instagram<\/strong>: <a href=\"https:\/\/www.instagram.com\/rashadaydin\/\" target=\"_blank\" rel=\"noreferrer noopener\">https:\/\/www.instagram.com\/rashadaydin\/<\/a><\/p>\n<p>\u00a0<\/p>\n\n\t\t<\/div>\n\t<\/div>\n<\/div><\/div><\/div><\/div><div class=\"vc_row wpb_row vc_row-fluid\" ><div class=\"wpb_column vc_column_container vc_col-sm-12\"><div class=\"vc_column-inner\"><div class=\"wpb_wrapper\"><\/div><\/div><\/div><\/div><div class=\"vc_row wpb_row vc_row-fluid\" ><div class=\"wpb_column vc_column_container vc_col-sm-12\"><div class=\"vc_column-inner\"><div class=\"wpb_wrapper\"><div class=\"mkdf-image-gallery mkdf-grid-list mkdf-disable-bottom-space  mkdf-ig-grid-type mkdf-two-columns mkdf-medium-space  mkdf-image-behavior-lightbox\">\n\t<div class=\"mkdf-ig-inner mkdf-outer-space\">\n\t\t\t\t\t<div class=\"mkdf-ig-image mkdf-item-space\">\n\t\t\t\t<div class=\"mkdf-ig-image-inner\">\n\t\t\t\t\t\t\t\t\t\t\t<a itemprop=\"image\" class=\"mkdf-ig-lightbox\" href=\"https:\/\/amip.az\/wp-content\/uploads\/2022\/07\/amip-01-Rashad-Bayramov-01.jpg\" data-rel=\"prettyPhoto[image_gallery_pretty_photo-18]\" title=\"amip-01-Rashad-Bayramov-01\">\n\t\t\t\t\t\t\t\t\t\t\t<img loading=\"lazy\" decoding=\"async\" src=\"https:\/\/amip.az\/wp-content\/uploads\/2022\/07\/amip-01-Rashad-Bayramov-01-389x260.jpg\" alt=\"\" width=\"389\" height=\"260\" \/>\t\t\t\t\t\t\t\t\t\t\t<\/a>\n\t\t\t\t\t\t\t\t\t<\/div>\n\t\t\t<\/div>\n\t\t\t\t\t<div class=\"mkdf-ig-image mkdf-item-space\">\n\t\t\t\t<div class=\"mkdf-ig-image-inner\">\n\t\t\t\t\t\t\t\t\t\t\t<a itemprop=\"image\" class=\"mkdf-ig-lightbox\" href=\"https:\/\/amip.az\/wp-content\/uploads\/2022\/07\/amip-02-Rashad-Bayramov-secki-01.jpg\" data-rel=\"prettyPhoto[image_gallery_pretty_photo-18]\" title=\"amip-02-Rashad-Bayramov-secki-01\">\n\t\t\t\t\t\t\t\t\t\t\t<img loading=\"lazy\" decoding=\"async\" src=\"https:\/\/amip.az\/wp-content\/uploads\/2022\/07\/amip-02-Rashad-Bayramov-secki-01-389x260.jpg\" alt=\"\" width=\"389\" height=\"260\" \/>\t\t\t\t\t\t\t\t\t\t\t<\/a>\n\t\t\t\t\t\t\t\t\t<\/div>\n\t\t\t<\/div>\n\t\t\t\t\t<div class=\"mkdf-ig-image mkdf-item-space\">\n\t\t\t\t<div class=\"mkdf-ig-image-inner\">\n\t\t\t\t\t\t\t\t\t\t\t<a itemprop=\"image\" class=\"mkdf-ig-lightbox\" href=\"https:\/\/amip.az\/wp-content\/uploads\/2022\/07\/amip-03-Rashad-Bayramov-secki-02.jpg\" data-rel=\"prettyPhoto[image_gallery_pretty_photo-18]\" title=\"amip-03-Rashad-Bayramov-secki-02\">\n\t\t\t\t\t\t\t\t\t\t\t<img loading=\"lazy\" decoding=\"async\" src=\"https:\/\/amip.az\/wp-content\/uploads\/2022\/07\/amip-03-Rashad-Bayramov-secki-02-389x260.jpg\" alt=\"\" width=\"389\" height=\"260\" \/>\t\t\t\t\t\t\t\t\t\t\t<\/a>\n\t\t\t\t\t\t\t\t\t<\/div>\n\t\t\t<\/div>\n\t\t\t\t\t<div class=\"mkdf-ig-image mkdf-item-space\">\n\t\t\t\t<div class=\"mkdf-ig-image-inner\">\n\t\t\t\t\t\t\t\t\t\t\t<a itemprop=\"image\" class=\"mkdf-ig-lightbox\" href=\"https:\/\/amip.az\/wp-content\/uploads\/2022\/07\/amip-04-Rashad-Bayramov-secki-03.jpg\" data-rel=\"prettyPhoto[image_gallery_pretty_photo-18]\" title=\"amip-04-Rashad-Bayramov-secki-03\">\n\t\t\t\t\t\t\t\t\t\t\t<img loading=\"lazy\" decoding=\"async\" src=\"https:\/\/amip.az\/wp-content\/uploads\/2022\/07\/amip-04-Rashad-Bayramov-secki-03-389x260.jpg\" alt=\"\" width=\"389\" height=\"260\" \/>\t\t\t\t\t\t\t\t\t\t\t<\/a>\n\t\t\t\t\t\t\t\t\t<\/div>\n\t\t\t<\/div>\n\t\t\t\t\t<div class=\"mkdf-ig-image mkdf-item-space\">\n\t\t\t\t<div class=\"mkdf-ig-image-inner\">\n\t\t\t\t\t\t\t\t\t\t\t<a itemprop=\"image\" class=\"mkdf-ig-lightbox\" href=\"https:\/\/amip.az\/wp-content\/uploads\/2022\/07\/amip-05-Rashad-Bayramov-02.jpg\" data-rel=\"prettyPhoto[image_gallery_pretty_photo-18]\" title=\"amip-05-Rashad-Bayramov-02\">\n\t\t\t\t\t\t\t\t\t\t\t<img loading=\"lazy\" decoding=\"async\" src=\"https:\/\/amip.az\/wp-content\/uploads\/2022\/07\/amip-05-Rashad-Bayramov-02-389x260.jpg\" alt=\"\" width=\"389\" height=\"260\" \/>\t\t\t\t\t\t\t\t\t\t\t<\/a>\n\t\t\t\t\t\t\t\t\t<\/div>\n\t\t\t<\/div>\n\t\t\t\t\t<div class=\"mkdf-ig-image mkdf-item-space\">\n\t\t\t\t<div class=\"mkdf-ig-image-inner\">\n\t\t\t\t\t\t\t\t\t\t\t<a itemprop=\"image\" class=\"mkdf-ig-lightbox\" href=\"https:\/\/amip.az\/wp-content\/uploads\/2022\/07\/amip-08-Siyasi-Shura_01.jpg\" data-rel=\"prettyPhoto[image_gallery_pretty_photo-18]\" title=\"amip-08-Siyasi-Shura_01\">\n\t\t\t\t\t\t\t\t\t\t\t<img loading=\"lazy\" decoding=\"async\" src=\"https:\/\/amip.az\/wp-content\/uploads\/2022\/07\/amip-08-Siyasi-Shura_01-389x260.jpg\" alt=\"\" width=\"389\" height=\"260\" \/>\t\t\t\t\t\t\t\t\t\t\t<\/a>\n\t\t\t\t\t\t\t\t\t<\/div>\n\t\t\t<\/div>\n\t\t\t\t\t<div class=\"mkdf-ig-image mkdf-item-space\">\n\t\t\t\t<div class=\"mkdf-ig-image-inner\">\n\t\t\t\t\t\t\t\t\t\t\t<a itemprop=\"image\" class=\"mkdf-ig-lightbox\" href=\"https:\/\/amip.az\/wp-content\/uploads\/2022\/07\/amip-09-Rashad-Bayramov-03.jpg\" data-rel=\"prettyPhoto[image_gallery_pretty_photo-18]\" title=\"amip-09-Rashad-Bayramov-03\">\n\t\t\t\t\t\t\t\t\t\t\t<img loading=\"lazy\" decoding=\"async\" src=\"https:\/\/amip.az\/wp-content\/uploads\/2022\/07\/amip-09-Rashad-Bayramov-03-389x260.jpg\" alt=\"\" width=\"389\" height=\"260\" \/>\t\t\t\t\t\t\t\t\t\t\t<\/a>\n\t\t\t\t\t\t\t\t\t<\/div>\n\t\t\t<\/div>\n\t\t\t\t\t<div class=\"mkdf-ig-image mkdf-item-space\">\n\t\t\t\t<div class=\"mkdf-ig-image-inner\">\n\t\t\t\t\t\t\t\t\t\t\t<a itemprop=\"image\" class=\"mkdf-ig-lightbox\" href=\"https:\/\/amip.az\/wp-content\/uploads\/2022\/07\/amip-itc-01.jpg\" data-rel=\"prettyPhoto[image_gallery_pretty_photo-18]\" title=\"amip-itc-01\">\n\t\t\t\t\t\t\t\t\t\t\t<img loading=\"lazy\" decoding=\"async\" src=\"https:\/\/amip.az\/wp-content\/uploads\/2022\/07\/amip-itc-01-389x260.jpg\" alt=\"\" width=\"389\" height=\"260\" \/>\t\t\t\t\t\t\t\t\t\t\t<\/a>\n\t\t\t\t\t\t\t\t\t<\/div>\n\t\t\t<\/div>\n\t\t\t\t\t<div class=\"mkdf-ig-image mkdf-item-space\">\n\t\t\t\t<div class=\"mkdf-ig-image-inner\">\n\t\t\t\t\t\t\t\t\t\t\t<a itemprop=\"image\" class=\"mkdf-ig-lightbox\" href=\"https:\/\/amip.az\/wp-content\/uploads\/2022\/07\/amip-mahkama-1998-01.jpg\" data-rel=\"prettyPhoto[image_gallery_pretty_photo-18]\" title=\"amip-mahkama-1998-01\">\n\t\t\t\t\t\t\t\t\t\t\t<img loading=\"lazy\" decoding=\"async\" src=\"https:\/\/amip.az\/wp-content\/uploads\/2022\/07\/amip-mahkama-1998-01-389x260.jpg\" alt=\"\" width=\"389\" height=\"260\" \/>\t\t\t\t\t\t\t\t\t\t\t<\/a>\n\t\t\t\t\t\t\t\t\t<\/div>\n\t\t\t<\/div>\n\t\t\t\t\t<div class=\"mkdf-ig-image mkdf-item-space\">\n\t\t\t\t<div class=\"mkdf-ig-image-inner\">\n\t\t\t\t\t\t\t\t\t\t\t<a itemprop=\"image\" class=\"mkdf-ig-lightbox\" href=\"https:\/\/amip.az\/wp-content\/uploads\/2022\/06\/amip_gencler_teshkilat_24.jpg\" data-rel=\"prettyPhoto[image_gallery_pretty_photo-18]\" title=\"amip_gencler_teshkilat_24\">\n\t\t\t\t\t\t\t\t\t\t\t<img loading=\"lazy\" decoding=\"async\" src=\"https:\/\/amip.az\/wp-content\/uploads\/2022\/06\/amip_gencler_teshkilat_24-389x260.jpg\" alt=\"Az\u0259rbaycan Milli \u0130stiqlal Partiyas\u0131 G\u0259ncl\u0259r T\u0259\u015fkilat\u0131\" width=\"389\" height=\"260\" \/>\t\t\t\t\t\t\t\t\t\t\t<\/a>\n\t\t\t\t\t\t\t\t\t<\/div>\n\t\t\t<\/div>\n\t\t\t<\/div>\n<\/div><\/div><\/div><\/div><\/div>","protected":false},"excerpt":{"rendered":"1975-ci ild\u0259 anadan olub. Orta m\u0259kt\u0259bi q\u0131z\u0131l medalla bitirib. 1997-ci ild\u0259 Bak\u0131 Sosial \u0130dar\u0259etm\u0259 v\u0259 Politologiya \u0130nstitutunun \u201cSosial \u0130dar\u0259etm\u0259 v\u0259 Sosiologiya\u201d fakult\u0259sini bitirib. 1998 - 2000-ci ill\u0259rd\u0259 Az\u0259rbaycan Respublikas\u0131 Prezidentinin yan\u0131nda D\u00f6vl\u0259t \u0130dar\u0259\u00e7ilik Akademiyas\u0131nda \u201cSiyas\u0259tin sosiologiyas\u0131\u201d ixtisas\u0131 \u00fczr\u0259 t\u0259hsil al\u0131b. 2003-c\u00fc ild\u0259 AB\u015e Texas Universitetinin \u201cKonfliktologiya\u201d fakult\u0259sinin - \u201cKonsensus quruculu\u011fu v\u0259 dan\u0131\u015f\u0131qaparma bacar\u0131qlar\u0131\u201d t\u0259hsil proqram\u0131n\u0131 bitir\u0259r\u0259k beyn\u0259lxalq sertifikat al\u0131b. Ayr\u0131-ayr\u0131 vaxtlarda, AM\u0130P G\u0259ncl\u0259r T\u0259\u015fkilat\u0131n\u0131n s\u0259dri, AM\u0130P Siyasi \u015eura \u00fczv\u00fc, AM\u0130P T\u0259\u015fkilat katibi, Se\u00e7ki katibi, M\u0259tbuat v\u0259 T\u0259bli\u011fat katibi, AM\u0130P-in MSK-k\u0131 s\u0259lahiyy\u0259tli n\u00fcmay\u0259nd\u0259si, E. M\u0259mm\u0259dovun [...]","protected":false},"author":1,"featured_media":0,"parent":0,"menu_order":0,"comment_status":"closed","ping_status":"closed","template":"","meta":{"footnotes":""},"class_list":["post-4432","page","type-page","status-publish","hentry"],"yoast_head":"<!-- This site is optimized with the Yoast SEO plugin v23.8 - https:\/\/yoast.com\/wordpress\/plugins\/seo\/ -->\n<title>Az\u0259rbaycan Milli \u0130stiqlal Partiyas\u0131 Ali M\u0259clisinin S\u0259dri - Az\u0259rbaycan Milli \u0130stiqlal Partiyas\u0131<\/title>\n<meta name=\"robots\" content=\"index, follow, max-snippet:-1, max-image-preview:large, max-video-preview:-1\" \/>\n<link rel=\"canonical\" href=\"https:\/\/amip.az\/en\/az\u0259rbaycan-milli-istiqlal-partiyasinin-m\u0259rk\u0259zi-sura-s\u0259dri-bayramov-r\u0259sad-aydin-oglu\/\" \/>\n<meta property=\"og:locale\" content=\"en_US\" \/>\n<meta property=\"og:type\" content=\"article\" \/>\n<meta property=\"og:title\" content=\"Az\u0259rbaycan Milli \u0130stiqlal Partiyas\u0131 Ali M\u0259clisinin S\u0259dri - Az\u0259rbaycan Milli \u0130stiqlal Partiyas\u0131\" \/>\n<meta property=\"og:url\" content=\"https:\/\/amip.az\/en\/az\u0259rbaycan-milli-istiqlal-partiyasinin-m\u0259rk\u0259zi-sura-s\u0259dri-bayramov-r\u0259sad-aydin-oglu\/\" \/>\n<meta property=\"og:site_name\" content=\"Az\u0259rbaycan Milli \u0130stiqlal Partiyas\u0131\" \/>\n<meta property=\"article:publisher\" content=\"https:\/\/www.facebook.com\/istiqlal91\" \/>\n<meta property=\"article:modified_time\" content=\"2026-02-14T08:36:28+00:00\" \/>\n<meta property=\"og:image\" content=\"https:\/\/amip.az\/wp-content\/uploads\/2022\/06\/amip_bayramov_rashad_aydin_oglu_01_480.jpg\" \/>\n\t<meta property=\"og:image:width\" content=\"320\" \/>\n\t<meta property=\"og:image:height\" content=\"480\" \/>\n\t<meta property=\"og:image:type\" content=\"image\/jpeg\" \/>\n<meta name=\"twitter:card\" content=\"summary_large_image\" \/>\n<meta name=\"twitter:site\" content=\"@APartiyas\" \/>\n<meta name=\"twitter:label1\" content=\"Est. reading time\" \/>\n\t<meta name=\"twitter:data1\" content=\"3 minutes\" \/>\n<script type=\"application\/ld+json\" class=\"yoast-schema-graph\">{\"@context\":\"https:\/\/schema.org\",\"@graph\":[{\"@type\":\"WebPage\",\"@id\":\"https:\/\/amip.az\/az%c9%99rbaycan-milli-istiqlal-partiyasinin-m%c9%99rk%c9%99zi-sura-s%c9%99dri-bayramov-r%c9%99sad-aydin-oglu\/\",\"url\":\"https:\/\/amip.az\/az%c9%99rbaycan-milli-istiqlal-partiyasinin-m%c9%99rk%c9%99zi-sura-s%c9%99dri-bayramov-r%c9%99sad-aydin-oglu\/\",\"name\":\"Az\u0259rbaycan Milli \u0130stiqlal Partiyas\u0131 Ali M\u0259clisinin S\u0259dri - Az\u0259rbaycan Milli \u0130stiqlal Partiyas\u0131\",\"isPartOf\":{\"@id\":\"https:\/\/amip.az\/az\/#website\"},\"primaryImageOfPage\":{\"@id\":\"https:\/\/amip.az\/az%c9%99rbaycan-milli-istiqlal-partiyasinin-m%c9%99rk%c9%99zi-sura-s%c9%99dri-bayramov-r%c9%99sad-aydin-oglu\/#primaryimage\"},\"image\":{\"@id\":\"https:\/\/amip.az\/az%c9%99rbaycan-milli-istiqlal-partiyasinin-m%c9%99rk%c9%99zi-sura-s%c9%99dri-bayramov-r%c9%99sad-aydin-oglu\/#primaryimage\"},\"thumbnailUrl\":\"https:\/\/amip.az\/wp-content\/uploads\/2022\/06\/amip_bayramov_rashad_aydin_oglu_01_480.jpg\",\"datePublished\":\"2022-06-14T03:28:30+00:00\",\"dateModified\":\"2026-02-14T08:36:28+00:00\",\"breadcrumb\":{\"@id\":\"https:\/\/amip.az\/az%c9%99rbaycan-milli-istiqlal-partiyasinin-m%c9%99rk%c9%99zi-sura-s%c9%99dri-bayramov-r%c9%99sad-aydin-oglu\/#breadcrumb\"},\"inLanguage\":\"en-US\",\"potentialAction\":[{\"@type\":\"ReadAction\",\"target\":[\"https:\/\/amip.az\/az%c9%99rbaycan-milli-istiqlal-partiyasinin-m%c9%99rk%c9%99zi-sura-s%c9%99dri-bayramov-r%c9%99sad-aydin-oglu\/\"]}]},{\"@type\":\"ImageObject\",\"inLanguage\":\"en-US\",\"@id\":\"https:\/\/amip.az\/az%c9%99rbaycan-milli-istiqlal-partiyasinin-m%c9%99rk%c9%99zi-sura-s%c9%99dri-bayramov-r%c9%99sad-aydin-oglu\/#primaryimage\",\"url\":\"https:\/\/amip.az\/wp-content\/uploads\/2022\/06\/amip_bayramov_rashad_aydin_oglu_01_480.jpg\",\"contentUrl\":\"https:\/\/amip.az\/wp-content\/uploads\/2022\/06\/amip_bayramov_rashad_aydin_oglu_01_480.jpg\"},{\"@type\":\"BreadcrumbList\",\"@id\":\"https:\/\/amip.az\/az%c9%99rbaycan-milli-istiqlal-partiyasinin-m%c9%99rk%c9%99zi-sura-s%c9%99dri-bayramov-r%c9%99sad-aydin-oglu\/#breadcrumb\",\"itemListElement\":[{\"@type\":\"ListItem\",\"position\":1,\"name\":\"Home\",\"item\":\"https:\/\/amip.az\/\"},{\"@type\":\"ListItem\",\"position\":2,\"name\":\"Az\u0259rbaycan Milli \u0130stiqlal Partiyas\u0131 Ali M\u0259clisinin S\u0259dri\"}]},{\"@type\":\"WebSite\",\"@id\":\"https:\/\/amip.az\/az\/#website\",\"url\":\"https:\/\/amip.az\/az\/\",\"name\":\"Az\u0259rbaycan Milli \u0130stiqlal Partiyas\u0131\",\"description\":\"AM\u0130P\",\"publisher\":{\"@id\":\"https:\/\/amip.az\/az\/#organization\"},\"potentialAction\":[{\"@type\":\"SearchAction\",\"target\":{\"@type\":\"EntryPoint\",\"urlTemplate\":\"https:\/\/amip.az\/az\/?s={search_term_string}\"},\"query-input\":{\"@type\":\"PropertyValueSpecification\",\"valueRequired\":true,\"valueName\":\"search_term_string\"}}],\"inLanguage\":\"en-US\"},{\"@type\":\"Organization\",\"@id\":\"https:\/\/amip.az\/az\/#organization\",\"name\":\"Az\u0259rbaycan Milli \u0130stiqlal Partiyas\u0131\",\"url\":\"https:\/\/amip.az\/az\/\",\"logo\":{\"@type\":\"ImageObject\",\"inLanguage\":\"en-US\",\"@id\":\"https:\/\/amip.az\/az\/#\/schema\/logo\/image\/\",\"url\":\"https:\/\/amip.az\/wp-content\/uploads\/2023\/06\/amiplogo.png\",\"contentUrl\":\"https:\/\/amip.az\/wp-content\/uploads\/2023\/06\/amiplogo.png\",\"width\":723,\"height\":423,\"caption\":\"Az\u0259rbaycan Milli \u0130stiqlal Partiyas\u0131\"},\"image\":{\"@id\":\"https:\/\/amip.az\/az\/#\/schema\/logo\/image\/\"},\"sameAs\":[\"https:\/\/www.facebook.com\/istiqlal91\",\"https:\/\/x.com\/APartiyas\",\"https:\/\/www.youtube.com\/channel\/UCF3pc8spko_xON2sr4vUC5A\"]}]}<\/script>\n<!-- \/ Yoast SEO plugin. -->","yoast_head_json":{"title":"Az\u0259rbaycan Milli \u0130stiqlal Partiyas\u0131 Ali M\u0259clisinin S\u0259dri - Az\u0259rbaycan Milli \u0130stiqlal Partiyas\u0131","robots":{"index":"index","follow":"follow","max-snippet":"max-snippet:-1","max-image-preview":"max-image-preview:large","max-video-preview":"max-video-preview:-1"},"canonical":"https:\/\/amip.az\/en\/az\u0259rbaycan-milli-istiqlal-partiyasinin-m\u0259rk\u0259zi-sura-s\u0259dri-bayramov-r\u0259sad-aydin-oglu\/","og_locale":"en_US","og_type":"article","og_title":"Az\u0259rbaycan Milli \u0130stiqlal Partiyas\u0131 Ali M\u0259clisinin S\u0259dri - Az\u0259rbaycan Milli \u0130stiqlal Partiyas\u0131","og_url":"https:\/\/amip.az\/en\/az\u0259rbaycan-milli-istiqlal-partiyasinin-m\u0259rk\u0259zi-sura-s\u0259dri-bayramov-r\u0259sad-aydin-oglu\/","og_site_name":"Az\u0259rbaycan Milli \u0130stiqlal Partiyas\u0131","article_publisher":"https:\/\/www.facebook.com\/istiqlal91","article_modified_time":"2026-02-14T08:36:28+00:00","og_image":[{"width":320,"height":480,"url":"https:\/\/amip.az\/wp-content\/uploads\/2022\/06\/amip_bayramov_rashad_aydin_oglu_01_480.jpg","type":"image\/jpeg"}],"twitter_card":"summary_large_image","twitter_site":"@APartiyas","twitter_misc":{"Est. reading time":"3 minutes"},"schema":{"@context":"https:\/\/schema.org","@graph":[{"@type":"WebPage","@id":"https:\/\/amip.az\/az%c9%99rbaycan-milli-istiqlal-partiyasinin-m%c9%99rk%c9%99zi-sura-s%c9%99dri-bayramov-r%c9%99sad-aydin-oglu\/","url":"https:\/\/amip.az\/az%c9%99rbaycan-milli-istiqlal-partiyasinin-m%c9%99rk%c9%99zi-sura-s%c9%99dri-bayramov-r%c9%99sad-aydin-oglu\/","name":"Az\u0259rbaycan Milli \u0130stiqlal Partiyas\u0131 Ali M\u0259clisinin S\u0259dri - Az\u0259rbaycan Milli \u0130stiqlal Partiyas\u0131","isPartOf":{"@id":"https:\/\/amip.az\/az\/#website"},"primaryImageOfPage":{"@id":"https:\/\/amip.az\/az%c9%99rbaycan-milli-istiqlal-partiyasinin-m%c9%99rk%c9%99zi-sura-s%c9%99dri-bayramov-r%c9%99sad-aydin-oglu\/#primaryimage"},"image":{"@id":"https:\/\/amip.az\/az%c9%99rbaycan-milli-istiqlal-partiyasinin-m%c9%99rk%c9%99zi-sura-s%c9%99dri-bayramov-r%c9%99sad-aydin-oglu\/#primaryimage"},"thumbnailUrl":"https:\/\/amip.az\/wp-content\/uploads\/2022\/06\/amip_bayramov_rashad_aydin_oglu_01_480.jpg","datePublished":"2022-06-14T03:28:30+00:00","dateModified":"2026-02-14T08:36:28+00:00","breadcrumb":{"@id":"https:\/\/amip.az\/az%c9%99rbaycan-milli-istiqlal-partiyasinin-m%c9%99rk%c9%99zi-sura-s%c9%99dri-bayramov-r%c9%99sad-aydin-oglu\/#breadcrumb"},"inLanguage":"en-US","potentialAction":[{"@type":"ReadAction","target":["https:\/\/amip.az\/az%c9%99rbaycan-milli-istiqlal-partiyasinin-m%c9%99rk%c9%99zi-sura-s%c9%99dri-bayramov-r%c9%99sad-aydin-oglu\/"]}]},{"@type":"ImageObject","inLanguage":"en-US","@id":"https:\/\/amip.az\/az%c9%99rbaycan-milli-istiqlal-partiyasinin-m%c9%99rk%c9%99zi-sura-s%c9%99dri-bayramov-r%c9%99sad-aydin-oglu\/#primaryimage","url":"https:\/\/amip.az\/wp-content\/uploads\/2022\/06\/amip_bayramov_rashad_aydin_oglu_01_480.jpg","contentUrl":"https:\/\/amip.az\/wp-content\/uploads\/2022\/06\/amip_bayramov_rashad_aydin_oglu_01_480.jpg"},{"@type":"BreadcrumbList","@id":"https:\/\/amip.az\/az%c9%99rbaycan-milli-istiqlal-partiyasinin-m%c9%99rk%c9%99zi-sura-s%c9%99dri-bayramov-r%c9%99sad-aydin-oglu\/#breadcrumb","itemListElement":[{"@type":"ListItem","position":1,"name":"Home","item":"https:\/\/amip.az\/"},{"@type":"ListItem","position":2,"name":"Az\u0259rbaycan Milli \u0130stiqlal Partiyas\u0131 Ali M\u0259clisinin S\u0259dri"}]},{"@type":"WebSite","@id":"https:\/\/amip.az\/az\/#website","url":"https:\/\/amip.az\/az\/","name":"Az\u0259rbaycan Milli \u0130stiqlal Partiyas\u0131","description":"AM\u0130P","publisher":{"@id":"https:\/\/amip.az\/az\/#organization"},"potentialAction":[{"@type":"SearchAction","target":{"@type":"EntryPoint","urlTemplate":"https:\/\/amip.az\/az\/?s={search_term_string}"},"query-input":{"@type":"PropertyValueSpecification","valueRequired":true,"valueName":"search_term_string"}}],"inLanguage":"en-US"},{"@type":"Organization","@id":"https:\/\/amip.az\/az\/#organization","name":"Az\u0259rbaycan Milli \u0130stiqlal Partiyas\u0131","url":"https:\/\/amip.az\/az\/","logo":{"@type":"ImageObject","inLanguage":"en-US","@id":"https:\/\/amip.az\/az\/#\/schema\/logo\/image\/","url":"https:\/\/amip.az\/wp-content\/uploads\/2023\/06\/amiplogo.png","contentUrl":"https:\/\/amip.az\/wp-content\/uploads\/2023\/06\/amiplogo.png","width":723,"height":423,"caption":"Az\u0259rbaycan Milli \u0130stiqlal Partiyas\u0131"},"image":{"@id":"https:\/\/amip.az\/az\/#\/schema\/logo\/image\/"},"sameAs":["https:\/\/www.facebook.com\/istiqlal91","https:\/\/x.com\/APartiyas","https:\/\/www.youtube.com\/channel\/UCF3pc8spko_xON2sr4vUC5A"]}]}},"_links":{"self":[{"href":"https:\/\/amip.az\/en\/wp-json\/wp\/v2\/pages\/4432","targetHints":{"allow":["GET"]}}],"collection":[{"href":"https:\/\/amip.az\/en\/wp-json\/wp\/v2\/pages"}],"about":[{"href":"https:\/\/amip.az\/en\/wp-json\/wp\/v2\/types\/page"}],"author":[{"embeddable":true,"href":"https:\/\/amip.az\/en\/wp-json\/wp\/v2\/users\/1"}],"replies":[{"embeddable":true,"href":"https:\/\/amip.az\/en\/wp-json\/wp\/v2\/comments?post=4432"}],"version-history":[{"count":16,"href":"https:\/\/amip.az\/en\/wp-json\/wp\/v2\/pages\/4432\/revisions"}],"predecessor-version":[{"id":10015,"href":"https:\/\/amip.az\/en\/wp-json\/wp\/v2\/pages\/4432\/revisions\/10015"}],"wp:attachment":[{"href":"https:\/\/amip.az\/en\/wp-json\/wp\/v2\/media?parent=4432"}],"curies":[{"name":"wp","href":"https:\/\/api.w.org\/{rel}","templated":true}]}}