{"id":4443,"date":"2022-06-14T08:46:31","date_gmt":"2022-06-14T04:46:31","guid":{"rendered":"https:\/\/vtstrt.mediadesigntech.com\/?page_id=4443"},"modified":"2026-02-16T00:29:48","modified_gmt":"2026-02-15T20:29:48","slug":"az%c9%99rbaycan-milli-istiqlal-partiyasinin-t%c9%99skilat-v%c9%99-secki-m%c9%99s%c9%99l%c9%99l%c9%99ri-uzr%c9%99-s%c9%99dr-muavini","status":"publish","type":"page","link":"https:\/\/amip.az\/en\/az%c9%99rbaycan-milli-istiqlal-partiyasinin-t%c9%99skilat-v%c9%99-secki-m%c9%99s%c9%99l%c9%99l%c9%99ri-uzr%c9%99-s%c9%99dr-muavini\/","title":{"rendered":"Az\u0259rbaycan Milli \u0130stiqlal Partiyas\u0131 s\u0259drinin T\u0259\u015fkilat M\u0259s\u0259l\u0259l\u0259ri \u00fczr\u0259 m\u00fcavini"},"content":{"rendered":"<div class=\"vc_row wpb_row vc_row-fluid\" ><div class=\"wpb_column vc_column_container vc_col-sm-12\"><div class=\"vc_column-inner\"><div class=\"wpb_wrapper\">\n\t<div class=\"wpb_text_column wpb_content_element\" >\n\t\t<div class=\"wpb_wrapper\">\n\t\t\t<p><img loading=\"lazy\" decoding=\"async\" class=\"alignnone wp-image-5217 size-full\" src=\"https:\/\/amip.az\/wp-content\/uploads\/2022\/07\/amip_afsaddin_qinyaz_oglu_nabiyev_05_640.jpg\" alt=\"Afs\u0259ddin Qinyaz o\u011flu N\u0259biyev\" width=\"960\" height=\"640\" srcset=\"https:\/\/amip.az\/wp-content\/uploads\/2022\/07\/amip_afsaddin_qinyaz_oglu_nabiyev_05_640.jpg 960w, https:\/\/amip.az\/wp-content\/uploads\/2022\/07\/amip_afsaddin_qinyaz_oglu_nabiyev_05_640-300x200.jpg 300w, https:\/\/amip.az\/wp-content\/uploads\/2022\/07\/amip_afsaddin_qinyaz_oglu_nabiyev_05_640-768x512.jpg 768w, https:\/\/amip.az\/wp-content\/uploads\/2022\/07\/amip_afsaddin_qinyaz_oglu_nabiyev_05_640-18x12.jpg 18w\" sizes=\"auto, (max-width: 960px) 100vw, 960px\" \/><\/p>\n<p>Afsaddin Ginyaz Nabiyev was born on July 29, 1975 in the village of Goshabulag, Basarkechar region of the present-day Republic of Armenia, the ancient Turkic land.<\/p>\n<p>In 1988, in connection with the known events, hundreds of thousands of our compatriots were forcibly deported from their native lands.<\/p>\n<p>From 22.08.1993 to 23.07.1997 he served in the Armed Forces of the Republic of Azerbaijan.<\/p>\n<p>In 2000-2005 he studied at the history faculty of Baku State University.<\/p>\n<p>In 2005, he completed a 3-month course at the International Institute of Inventions and Business.<\/p>\n<p>In 2006-2014 he was engaged in small business.<\/p>\n<p>In 2014-2016, he worked on the Shah Deniz-2 project, and in 2016-2019, he worked for the Turkish Renaissance Company.<\/p>\n<p>He has been a member of  NIPA since 1997. In different years, he was elected chairman of the Youth Organization of the National Independence Party, secretary for work with municipalities, a member of the Central Council and the Political Council.  In accordance with the new charter, he was elected Deputy Chairman of the party on Organizational and Election Issues at the NIPA Congress in 2020.<\/p>\n<p>He is married and has two children.<\/p>\n<p><strong>Tel (WhatsApp)<\/strong>: +99455 767-44-88<\/p>\n<p><strong>E-mail<\/strong>: <a href=\"mailto:afseddin.nabi@amip.az\">afseddin.nabi@amip.az<\/a><\/p>\n<p><strong>Facebook<\/strong>: <a href=\"https:\/\/www.facebook.com\/afseddin.nebiyev\" target=\"_blank\" rel=\"noreferrer noopener\">https:\/\/www.facebook.com\/afseddin.nebiyev<\/a><\/p>\n<p><strong>Instagram<\/strong>: <a href=\"https:\/\/www.instagram.com\/afseddin1975\/\" target=\"_blank\" rel=\"noreferrer noopener\">https:\/\/www.instagram.com\/afseddin1975\/<\/a><\/p>\n<p><strong>Twitter<\/strong>: <a href=\"https:\/\/twitter.com\/APartiyas\" target=\"_blank\" rel=\"noreferrer noopener\">https:\/\/twitter.com\/APartiyas<\/a><\/p>\n<p>\u00a0<\/p>\n<p>\u00a0<\/p>\n\n\t\t<\/div>\n\t<\/div>\n<\/div><\/div><\/div><\/div><div class=\"vc_row wpb_row vc_row-fluid\" ><div class=\"wpb_column vc_column_container vc_col-sm-12\"><div class=\"vc_column-inner\"><div class=\"wpb_wrapper\"><div class=\"mkdf-image-gallery mkdf-grid-list mkdf-disable-bottom-space  mkdf-ig-grid-type mkdf-two-columns mkdf-medium-space  mkdf-image-behavior-lightbox\">\n\t<div class=\"mkdf-ig-inner mkdf-outer-space\">\n\t\t\t\t\t<div class=\"mkdf-ig-image mkdf-item-space\">\n\t\t\t\t<div class=\"mkdf-ig-image-inner\">\n\t\t\t\t\t\t\t\t\t\t\t<a itemprop=\"image\" class=\"mkdf-ig-lightbox\" href=\"https:\/\/amip.az\/wp-content\/uploads\/2022\/07\/amip_afseddin_nabiyev_30.jpg\" data-rel=\"prettyPhoto[image_gallery_pretty_photo-748]\" title=\"amip_afseddin_nabiyev_30\">\n\t\t\t\t\t\t\t\t\t\t\t<img loading=\"lazy\" decoding=\"async\" src=\"https:\/\/amip.az\/wp-content\/uploads\/2022\/07\/amip_afseddin_nabiyev_30-389x260.jpg\" alt=\"\" width=\"389\" height=\"260\" \/>\t\t\t\t\t\t\t\t\t\t\t<\/a>\n\t\t\t\t\t\t\t\t\t<\/div>\n\t\t\t<\/div>\n\t\t\t\t\t<div class=\"mkdf-ig-image mkdf-item-space\">\n\t\t\t\t<div class=\"mkdf-ig-image-inner\">\n\t\t\t\t\t\t\t\t\t\t\t<a itemprop=\"image\" class=\"mkdf-ig-lightbox\" href=\"https:\/\/amip.az\/wp-content\/uploads\/2022\/07\/amip_afseddin_nabiyev_31.jpg\" data-rel=\"prettyPhoto[image_gallery_pretty_photo-748]\" title=\"amip_afseddin_nabiyev_31\">\n\t\t\t\t\t\t\t\t\t\t\t<img loading=\"lazy\" decoding=\"async\" src=\"https:\/\/amip.az\/wp-content\/uploads\/2022\/07\/amip_afseddin_nabiyev_31-389x260.jpg\" alt=\"\" width=\"389\" height=\"260\" \/>\t\t\t\t\t\t\t\t\t\t\t<\/a>\n\t\t\t\t\t\t\t\t\t<\/div>\n\t\t\t<\/div>\n\t\t\t\t\t<div class=\"mkdf-ig-image mkdf-item-space\">\n\t\t\t\t<div class=\"mkdf-ig-image-inner\">\n\t\t\t\t\t\t\t\t\t\t\t<a itemprop=\"image\" class=\"mkdf-ig-lightbox\" href=\"https:\/\/amip.az\/wp-content\/uploads\/2022\/07\/amip_afseddin_nabiyev_32.jpg\" data-rel=\"prettyPhoto[image_gallery_pretty_photo-748]\" title=\"amip_afseddin_nabiyev_32\">\n\t\t\t\t\t\t\t\t\t\t\t<img loading=\"lazy\" decoding=\"async\" src=\"https:\/\/amip.az\/wp-content\/uploads\/2022\/07\/amip_afseddin_nabiyev_32-389x260.jpg\" alt=\"\" width=\"389\" height=\"260\" \/>\t\t\t\t\t\t\t\t\t\t\t<\/a>\n\t\t\t\t\t\t\t\t\t<\/div>\n\t\t\t<\/div>\n\t\t\t\t\t<div class=\"mkdf-ig-image mkdf-item-space\">\n\t\t\t\t<div class=\"mkdf-ig-image-inner\">\n\t\t\t\t\t\t\t\t\t\t\t<a itemprop=\"image\" class=\"mkdf-ig-lightbox\" href=\"https:\/\/amip.az\/wp-content\/uploads\/2022\/06\/amip_afseddin_nabiyev_20.jpg\" data-rel=\"prettyPhoto[image_gallery_pretty_photo-748]\" title=\"amip_afseddin_nabiyev_20\">\n\t\t\t\t\t\t\t\t\t\t\t<img loading=\"lazy\" decoding=\"async\" src=\"https:\/\/amip.az\/wp-content\/uploads\/2022\/06\/amip_afseddin_nabiyev_20-389x260.jpg\" alt=\"Afs\u0259ddin Qinyaz o\u011flu N\u0259biyev\" width=\"389\" height=\"260\" \/>\t\t\t\t\t\t\t\t\t\t\t<\/a>\n\t\t\t\t\t\t\t\t\t<\/div>\n\t\t\t<\/div>\n\t\t\t\t\t<div class=\"mkdf-ig-image mkdf-item-space\">\n\t\t\t\t<div class=\"mkdf-ig-image-inner\">\n\t\t\t\t\t\t\t\t\t\t\t<a itemprop=\"image\" class=\"mkdf-ig-lightbox\" href=\"https:\/\/amip.az\/wp-content\/uploads\/2022\/07\/amip-05-Rashad-Bayramov-02.jpg\" data-rel=\"prettyPhoto[image_gallery_pretty_photo-748]\" title=\"amip-05-Rashad-Bayramov-02\">\n\t\t\t\t\t\t\t\t\t\t\t<img loading=\"lazy\" decoding=\"async\" src=\"https:\/\/amip.az\/wp-content\/uploads\/2022\/07\/amip-05-Rashad-Bayramov-02-389x260.jpg\" alt=\"\" width=\"389\" height=\"260\" \/>\t\t\t\t\t\t\t\t\t\t\t<\/a>\n\t\t\t\t\t\t\t\t\t<\/div>\n\t\t\t<\/div>\n\t\t\t<\/div>\n<\/div><\/div><\/div><\/div><\/div>","protected":false},"excerpt":{"rendered":"Afs\u0259ddin Qinyaz o\u011flu N\u0259biyev 29 iyul 1975-ci ild\u0259 q\u0259dim t\u00fcrk yurdu olan indiki Erm\u0259nistan Respublikas\u0131n\u0131n Basarke\u00e7\u0259r rayonu Qo\u015fabulaq k\u0259ndind\u0259 anadan olub. 1988-ci ild\u0259 m\u0259lum hadis\u0259l\u0259rl\u0259 \u0259laq\u0259dar olaraq y\u00fczminl\u0259rl\u0259 soyda\u015flar\u0131m\u0131zla birlikd\u0259 do\u011fma yurdlar\u0131ndan zorla deportasiya olunub. 22.08.1993-c\u00fc il tarixd\u0259n 23.07.1997-ci il tarix\u0259d\u0259k Az\u0259rbaycan Respublikas\u0131 Silahl\u0131 Q\u00fcvv\u0259l\u0259rind\u0259 h\u0259qiqi h\u0259rbi xidm\u0259td\u0259 olub. 2000-2005-ci ill\u0259rd\u0259 Bak\u0131 D\u00f6vl\u0259t Universitetinin tarix fak\u00fclt\u0259sind\u0259 t\u0259hsil al\u0131b. 2005-ci ild\u0259 Beyn\u0259lxalq \u0130xtira\u00e7\u0131l\u0131q v\u0259 Biznes \u0130nstitutunun 3 ayl\u0131q kursunu bitirmi\u015fdir. 2006-2014 - ci ill\u0259rd\u0259 ki\u00e7ik sahibkarl\u0131q f\u0259aliyy\u0259ti il\u0259 m\u0259\u015f\u011ful olmu\u015fdur. 2014-2016 - c\u0131 ill\u0259rd\u0259 \u015eahd\u0259niz-2 [...]","protected":false},"author":1,"featured_media":0,"parent":0,"menu_order":0,"comment_status":"closed","ping_status":"closed","template":"","meta":{"footnotes":""},"class_list":["post-4443","page","type-page","status-publish","hentry"],"yoast_head":"<!-- This site is optimized with the Yoast SEO plugin v23.8 - https:\/\/yoast.com\/wordpress\/plugins\/seo\/ -->\n<title>Az\u0259rbaycan Milli \u0130stiqlal Partiyas\u0131 s\u0259drinin T\u0259\u015fkilat M\u0259s\u0259l\u0259l\u0259ri \u00fczr\u0259 m\u00fcavini - Az\u0259rbaycan Milli \u0130stiqlal Partiyas\u0131<\/title>\n<meta name=\"robots\" content=\"index, follow, max-snippet:-1, max-image-preview:large, max-video-preview:-1\" \/>\n<link rel=\"canonical\" href=\"https:\/\/amip.az\/en\/az\u0259rbaycan-milli-istiqlal-partiyasinin-t\u0259skilat-v\u0259-secki-m\u0259s\u0259l\u0259l\u0259ri-uzr\u0259-s\u0259dr-muavini\/\" \/>\n<meta property=\"og:locale\" content=\"en_US\" \/>\n<meta property=\"og:type\" content=\"article\" \/>\n<meta property=\"og:title\" content=\"Az\u0259rbaycan Milli \u0130stiqlal Partiyas\u0131 s\u0259drinin T\u0259\u015fkilat M\u0259s\u0259l\u0259l\u0259ri \u00fczr\u0259 m\u00fcavini - Az\u0259rbaycan Milli \u0130stiqlal Partiyas\u0131\" \/>\n<meta property=\"og:url\" content=\"https:\/\/amip.az\/en\/az\u0259rbaycan-milli-istiqlal-partiyasinin-t\u0259skilat-v\u0259-secki-m\u0259s\u0259l\u0259l\u0259ri-uzr\u0259-s\u0259dr-muavini\/\" \/>\n<meta property=\"og:site_name\" content=\"Az\u0259rbaycan Milli \u0130stiqlal Partiyas\u0131\" \/>\n<meta property=\"article:publisher\" content=\"https:\/\/www.facebook.com\/istiqlal91\" \/>\n<meta property=\"article:modified_time\" content=\"2026-02-15T20:29:48+00:00\" \/>\n<meta property=\"og:image\" content=\"https:\/\/amip.az\/wp-content\/uploads\/2022\/07\/amip_afsaddin_qinyaz_oglu_nabiyev_05_640.jpg\" \/>\n\t<meta property=\"og:image:width\" content=\"960\" \/>\n\t<meta property=\"og:image:height\" content=\"640\" \/>\n\t<meta property=\"og:image:type\" content=\"image\/jpeg\" \/>\n<meta name=\"twitter:card\" content=\"summary_large_image\" \/>\n<meta name=\"twitter:site\" content=\"@APartiyas\" \/>\n<meta name=\"twitter:label1\" content=\"Est. reading time\" \/>\n\t<meta name=\"twitter:data1\" content=\"2 minutes\" \/>\n<script type=\"application\/ld+json\" class=\"yoast-schema-graph\">{\"@context\":\"https:\/\/schema.org\",\"@graph\":[{\"@type\":\"WebPage\",\"@id\":\"https:\/\/amip.az\/az%c9%99rbaycan-milli-istiqlal-partiyasinin-t%c9%99skilat-v%c9%99-secki-m%c9%99s%c9%99l%c9%99l%c9%99ri-uzr%c9%99-s%c9%99dr-muavini\/\",\"url\":\"https:\/\/amip.az\/az%c9%99rbaycan-milli-istiqlal-partiyasinin-t%c9%99skilat-v%c9%99-secki-m%c9%99s%c9%99l%c9%99l%c9%99ri-uzr%c9%99-s%c9%99dr-muavini\/\",\"name\":\"Az\u0259rbaycan Milli \u0130stiqlal Partiyas\u0131 s\u0259drinin T\u0259\u015fkilat M\u0259s\u0259l\u0259l\u0259ri \u00fczr\u0259 m\u00fcavini - Az\u0259rbaycan Milli \u0130stiqlal Partiyas\u0131\",\"isPartOf\":{\"@id\":\"https:\/\/amip.az\/az\/#website\"},\"primaryImageOfPage\":{\"@id\":\"https:\/\/amip.az\/az%c9%99rbaycan-milli-istiqlal-partiyasinin-t%c9%99skilat-v%c9%99-secki-m%c9%99s%c9%99l%c9%99l%c9%99ri-uzr%c9%99-s%c9%99dr-muavini\/#primaryimage\"},\"image\":{\"@id\":\"https:\/\/amip.az\/az%c9%99rbaycan-milli-istiqlal-partiyasinin-t%c9%99skilat-v%c9%99-secki-m%c9%99s%c9%99l%c9%99l%c9%99ri-uzr%c9%99-s%c9%99dr-muavini\/#primaryimage\"},\"thumbnailUrl\":\"https:\/\/amip.az\/wp-content\/uploads\/2022\/07\/amip_afsaddin_qinyaz_oglu_nabiyev_05_640.jpg\",\"datePublished\":\"2022-06-14T04:46:31+00:00\",\"dateModified\":\"2026-02-15T20:29:48+00:00\",\"breadcrumb\":{\"@id\":\"https:\/\/amip.az\/az%c9%99rbaycan-milli-istiqlal-partiyasinin-t%c9%99skilat-v%c9%99-secki-m%c9%99s%c9%99l%c9%99l%c9%99ri-uzr%c9%99-s%c9%99dr-muavini\/#breadcrumb\"},\"inLanguage\":\"en-US\",\"potentialAction\":[{\"@type\":\"ReadAction\",\"target\":[\"https:\/\/amip.az\/az%c9%99rbaycan-milli-istiqlal-partiyasinin-t%c9%99skilat-v%c9%99-secki-m%c9%99s%c9%99l%c9%99l%c9%99ri-uzr%c9%99-s%c9%99dr-muavini\/\"]}]},{\"@type\":\"ImageObject\",\"inLanguage\":\"en-US\",\"@id\":\"https:\/\/amip.az\/az%c9%99rbaycan-milli-istiqlal-partiyasinin-t%c9%99skilat-v%c9%99-secki-m%c9%99s%c9%99l%c9%99l%c9%99ri-uzr%c9%99-s%c9%99dr-muavini\/#primaryimage\",\"url\":\"https:\/\/amip.az\/wp-content\/uploads\/2022\/07\/amip_afsaddin_qinyaz_oglu_nabiyev_05_640.jpg\",\"contentUrl\":\"https:\/\/amip.az\/wp-content\/uploads\/2022\/07\/amip_afsaddin_qinyaz_oglu_nabiyev_05_640.jpg\"},{\"@type\":\"BreadcrumbList\",\"@id\":\"https:\/\/amip.az\/az%c9%99rbaycan-milli-istiqlal-partiyasinin-t%c9%99skilat-v%c9%99-secki-m%c9%99s%c9%99l%c9%99l%c9%99ri-uzr%c9%99-s%c9%99dr-muavini\/#breadcrumb\",\"itemListElement\":[{\"@type\":\"ListItem\",\"position\":1,\"name\":\"Home\",\"item\":\"https:\/\/amip.az\/\"},{\"@type\":\"ListItem\",\"position\":2,\"name\":\"Az\u0259rbaycan Milli \u0130stiqlal Partiyas\u0131 s\u0259drinin T\u0259\u015fkilat M\u0259s\u0259l\u0259l\u0259ri \u00fczr\u0259 m\u00fcavini\"}]},{\"@type\":\"WebSite\",\"@id\":\"https:\/\/amip.az\/az\/#website\",\"url\":\"https:\/\/amip.az\/az\/\",\"name\":\"Az\u0259rbaycan Milli \u0130stiqlal Partiyas\u0131\",\"description\":\"AM\u0130P\",\"publisher\":{\"@id\":\"https:\/\/amip.az\/az\/#organization\"},\"potentialAction\":[{\"@type\":\"SearchAction\",\"target\":{\"@type\":\"EntryPoint\",\"urlTemplate\":\"https:\/\/amip.az\/az\/?s={search_term_string}\"},\"query-input\":{\"@type\":\"PropertyValueSpecification\",\"valueRequired\":true,\"valueName\":\"search_term_string\"}}],\"inLanguage\":\"en-US\"},{\"@type\":\"Organization\",\"@id\":\"https:\/\/amip.az\/az\/#organization\",\"name\":\"Az\u0259rbaycan Milli \u0130stiqlal Partiyas\u0131\",\"url\":\"https:\/\/amip.az\/az\/\",\"logo\":{\"@type\":\"ImageObject\",\"inLanguage\":\"en-US\",\"@id\":\"https:\/\/amip.az\/az\/#\/schema\/logo\/image\/\",\"url\":\"https:\/\/amip.az\/wp-content\/uploads\/2023\/06\/amiplogo.png\",\"contentUrl\":\"https:\/\/amip.az\/wp-content\/uploads\/2023\/06\/amiplogo.png\",\"width\":723,\"height\":423,\"caption\":\"Az\u0259rbaycan Milli \u0130stiqlal Partiyas\u0131\"},\"image\":{\"@id\":\"https:\/\/amip.az\/az\/#\/schema\/logo\/image\/\"},\"sameAs\":[\"https:\/\/www.facebook.com\/istiqlal91\",\"https:\/\/x.com\/APartiyas\",\"https:\/\/www.youtube.com\/channel\/UCF3pc8spko_xON2sr4vUC5A\"]}]}<\/script>\n<!-- \/ Yoast SEO plugin. -->","yoast_head_json":{"title":"Az\u0259rbaycan Milli \u0130stiqlal Partiyas\u0131 s\u0259drinin T\u0259\u015fkilat M\u0259s\u0259l\u0259l\u0259ri \u00fczr\u0259 m\u00fcavini - Az\u0259rbaycan Milli \u0130stiqlal Partiyas\u0131","robots":{"index":"index","follow":"follow","max-snippet":"max-snippet:-1","max-image-preview":"max-image-preview:large","max-video-preview":"max-video-preview:-1"},"canonical":"https:\/\/amip.az\/en\/az\u0259rbaycan-milli-istiqlal-partiyasinin-t\u0259skilat-v\u0259-secki-m\u0259s\u0259l\u0259l\u0259ri-uzr\u0259-s\u0259dr-muavini\/","og_locale":"en_US","og_type":"article","og_title":"Az\u0259rbaycan Milli \u0130stiqlal Partiyas\u0131 s\u0259drinin T\u0259\u015fkilat M\u0259s\u0259l\u0259l\u0259ri \u00fczr\u0259 m\u00fcavini - Az\u0259rbaycan Milli \u0130stiqlal Partiyas\u0131","og_url":"https:\/\/amip.az\/en\/az\u0259rbaycan-milli-istiqlal-partiyasinin-t\u0259skilat-v\u0259-secki-m\u0259s\u0259l\u0259l\u0259ri-uzr\u0259-s\u0259dr-muavini\/","og_site_name":"Az\u0259rbaycan Milli \u0130stiqlal Partiyas\u0131","article_publisher":"https:\/\/www.facebook.com\/istiqlal91","article_modified_time":"2026-02-15T20:29:48+00:00","og_image":[{"width":960,"height":640,"url":"https:\/\/amip.az\/wp-content\/uploads\/2022\/07\/amip_afsaddin_qinyaz_oglu_nabiyev_05_640.jpg","type":"image\/jpeg"}],"twitter_card":"summary_large_image","twitter_site":"@APartiyas","twitter_misc":{"Est. reading time":"2 minutes"},"schema":{"@context":"https:\/\/schema.org","@graph":[{"@type":"WebPage","@id":"https:\/\/amip.az\/az%c9%99rbaycan-milli-istiqlal-partiyasinin-t%c9%99skilat-v%c9%99-secki-m%c9%99s%c9%99l%c9%99l%c9%99ri-uzr%c9%99-s%c9%99dr-muavini\/","url":"https:\/\/amip.az\/az%c9%99rbaycan-milli-istiqlal-partiyasinin-t%c9%99skilat-v%c9%99-secki-m%c9%99s%c9%99l%c9%99l%c9%99ri-uzr%c9%99-s%c9%99dr-muavini\/","name":"Az\u0259rbaycan Milli \u0130stiqlal Partiyas\u0131 s\u0259drinin T\u0259\u015fkilat M\u0259s\u0259l\u0259l\u0259ri \u00fczr\u0259 m\u00fcavini - Az\u0259rbaycan Milli \u0130stiqlal Partiyas\u0131","isPartOf":{"@id":"https:\/\/amip.az\/az\/#website"},"primaryImageOfPage":{"@id":"https:\/\/amip.az\/az%c9%99rbaycan-milli-istiqlal-partiyasinin-t%c9%99skilat-v%c9%99-secki-m%c9%99s%c9%99l%c9%99l%c9%99ri-uzr%c9%99-s%c9%99dr-muavini\/#primaryimage"},"image":{"@id":"https:\/\/amip.az\/az%c9%99rbaycan-milli-istiqlal-partiyasinin-t%c9%99skilat-v%c9%99-secki-m%c9%99s%c9%99l%c9%99l%c9%99ri-uzr%c9%99-s%c9%99dr-muavini\/#primaryimage"},"thumbnailUrl":"https:\/\/amip.az\/wp-content\/uploads\/2022\/07\/amip_afsaddin_qinyaz_oglu_nabiyev_05_640.jpg","datePublished":"2022-06-14T04:46:31+00:00","dateModified":"2026-02-15T20:29:48+00:00","breadcrumb":{"@id":"https:\/\/amip.az\/az%c9%99rbaycan-milli-istiqlal-partiyasinin-t%c9%99skilat-v%c9%99-secki-m%c9%99s%c9%99l%c9%99l%c9%99ri-uzr%c9%99-s%c9%99dr-muavini\/#breadcrumb"},"inLanguage":"en-US","potentialAction":[{"@type":"ReadAction","target":["https:\/\/amip.az\/az%c9%99rbaycan-milli-istiqlal-partiyasinin-t%c9%99skilat-v%c9%99-secki-m%c9%99s%c9%99l%c9%99l%c9%99ri-uzr%c9%99-s%c9%99dr-muavini\/"]}]},{"@type":"ImageObject","inLanguage":"en-US","@id":"https:\/\/amip.az\/az%c9%99rbaycan-milli-istiqlal-partiyasinin-t%c9%99skilat-v%c9%99-secki-m%c9%99s%c9%99l%c9%99l%c9%99ri-uzr%c9%99-s%c9%99dr-muavini\/#primaryimage","url":"https:\/\/amip.az\/wp-content\/uploads\/2022\/07\/amip_afsaddin_qinyaz_oglu_nabiyev_05_640.jpg","contentUrl":"https:\/\/amip.az\/wp-content\/uploads\/2022\/07\/amip_afsaddin_qinyaz_oglu_nabiyev_05_640.jpg"},{"@type":"BreadcrumbList","@id":"https:\/\/amip.az\/az%c9%99rbaycan-milli-istiqlal-partiyasinin-t%c9%99skilat-v%c9%99-secki-m%c9%99s%c9%99l%c9%99l%c9%99ri-uzr%c9%99-s%c9%99dr-muavini\/#breadcrumb","itemListElement":[{"@type":"ListItem","position":1,"name":"Home","item":"https:\/\/amip.az\/"},{"@type":"ListItem","position":2,"name":"Az\u0259rbaycan Milli \u0130stiqlal Partiyas\u0131 s\u0259drinin T\u0259\u015fkilat M\u0259s\u0259l\u0259l\u0259ri \u00fczr\u0259 m\u00fcavini"}]},{"@type":"WebSite","@id":"https:\/\/amip.az\/az\/#website","url":"https:\/\/amip.az\/az\/","name":"Az\u0259rbaycan Milli \u0130stiqlal Partiyas\u0131","description":"AM\u0130P","publisher":{"@id":"https:\/\/amip.az\/az\/#organization"},"potentialAction":[{"@type":"SearchAction","target":{"@type":"EntryPoint","urlTemplate":"https:\/\/amip.az\/az\/?s={search_term_string}"},"query-input":{"@type":"PropertyValueSpecification","valueRequired":true,"valueName":"search_term_string"}}],"inLanguage":"en-US"},{"@type":"Organization","@id":"https:\/\/amip.az\/az\/#organization","name":"Az\u0259rbaycan Milli \u0130stiqlal Partiyas\u0131","url":"https:\/\/amip.az\/az\/","logo":{"@type":"ImageObject","inLanguage":"en-US","@id":"https:\/\/amip.az\/az\/#\/schema\/logo\/image\/","url":"https:\/\/amip.az\/wp-content\/uploads\/2023\/06\/amiplogo.png","contentUrl":"https:\/\/amip.az\/wp-content\/uploads\/2023\/06\/amiplogo.png","width":723,"height":423,"caption":"Az\u0259rbaycan Milli \u0130stiqlal Partiyas\u0131"},"image":{"@id":"https:\/\/amip.az\/az\/#\/schema\/logo\/image\/"},"sameAs":["https:\/\/www.facebook.com\/istiqlal91","https:\/\/x.com\/APartiyas","https:\/\/www.youtube.com\/channel\/UCF3pc8spko_xON2sr4vUC5A"]}]}},"_links":{"self":[{"href":"https:\/\/amip.az\/en\/wp-json\/wp\/v2\/pages\/4443","targetHints":{"allow":["GET"]}}],"collection":[{"href":"https:\/\/amip.az\/en\/wp-json\/wp\/v2\/pages"}],"about":[{"href":"https:\/\/amip.az\/en\/wp-json\/wp\/v2\/types\/page"}],"author":[{"embeddable":true,"href":"https:\/\/amip.az\/en\/wp-json\/wp\/v2\/users\/1"}],"replies":[{"embeddable":true,"href":"https:\/\/amip.az\/en\/wp-json\/wp\/v2\/comments?post=4443"}],"version-history":[{"count":19,"href":"https:\/\/amip.az\/en\/wp-json\/wp\/v2\/pages\/4443\/revisions"}],"predecessor-version":[{"id":10040,"href":"https:\/\/amip.az\/en\/wp-json\/wp\/v2\/pages\/4443\/revisions\/10040"}],"wp:attachment":[{"href":"https:\/\/amip.az\/en\/wp-json\/wp\/v2\/media?parent=4443"}],"curies":[{"name":"wp","href":"https:\/\/api.w.org\/{rel}","templated":true}]}}