{"id":4448,"date":"2022-06-14T09:22:46","date_gmt":"2022-06-14T05:22:46","guid":{"rendered":"https:\/\/vtstrt.mediadesigntech.com\/?page_id=4448"},"modified":"2022-07-21T15:51:49","modified_gmt":"2022-07-21T11:51:49","slug":"az%c9%99rbaycan-milli-istiqlal-partiyasinin-qadinlar-t%c9%99skilatinin-s%c9%99dri","status":"publish","type":"page","link":"https:\/\/amip.az\/en\/az%c9%99rbaycan-milli-istiqlal-partiyasinin-qadinlar-t%c9%99skilatinin-s%c9%99dri\/","title":{"rendered":"Chairman to Women Organization of National Independence Party of Azerbaijan"},"content":{"rendered":"<figure class=\"wp-block-image size-full\"><img loading=\"lazy\" decoding=\"async\" width=\"546\" height=\"540\" src=\"https:\/\/amip.az\/wp-content\/uploads\/2022\/06\/amip_amina_aghamirza_qizi_valiyeva_01_540.jpg\" alt=\"Amin\u0259 A\u011famirz\u0259 q\u0131z\u0131 V\u0259liyeva\" class=\"wp-image-4866\" srcset=\"https:\/\/amip.az\/wp-content\/uploads\/2022\/06\/amip_amina_aghamirza_qizi_valiyeva_01_540.jpg 546w, https:\/\/amip.az\/wp-content\/uploads\/2022\/06\/amip_amina_aghamirza_qizi_valiyeva_01_540-300x297.jpg 300w, https:\/\/amip.az\/wp-content\/uploads\/2022\/06\/amip_amina_aghamirza_qizi_valiyeva_01_540-12x12.jpg 12w\" sizes=\"auto, (max-width: 546px) 100vw, 546px\" \/><\/figure>\n\n\n\n<p>She was born on November 22, 1951 in Shikhly village of Goychay region.<\/p>\n\n\n\n<p>Graduated from the faculty of philology of Baku State University.<\/p>\n\n\n\n<p>She worked at different fields for many years. Till 1998 she occupied the position of the head of department at the \u201cZargarlik\u201d Jewelry Industry Association of Azerbaijan.<\/p>\n\n\n\n<p>She\u2019s one of the active participants of the National Freedom Mocvement. She\u2019s a member of NIPA since 1992. She was elected a representative to the II-X Congresses of NIPA. She\u2019s a member of NIPA Political Council since 1998. Amina Valiyeva is also the chairman of NIPA Women Organization.<\/p>\n\n\n\n<p>She\u2019s three children.<\/p>","protected":false},"excerpt":{"rendered":"<p>22 noyabr 1951-ci ild\u0259 G\u00f6y\u00e7ay rayonunun, \u015e\u0131xl\u0131 k\u0259ndind\u0259 anadan olub. Bak\u0131 D\u00f6vl\u0259t Universitetinin filologiya fak\u00fclt\u0259sini bitirib. Uzun m\u00fcdd\u0259t m\u00fcxt\u0259lif sah\u0259l\u0259rd\u0259 \u00e7al\u0131\u015f\u0131b. 1998-ci il\u0259d\u0259k &#8220;Z\u0259rg\u0259rlik\u201d Az\u0259rbaycan S\u0259naye Birliyind\u0259 n\u0259zar\u0259t \u015f\u00f6b\u0259sinin m\u00fcdiri v\u0259zif\u0259sind\u0259 i\u015fl\u0259yib. Milli Azadl\u0131q H\u0259rakat\u0131n\u0131n f\u0259al i\u015ftirak\u00e7\u0131lar\u0131ndand\u0131r. 1992-ci ild\u0259n AM\u0130P s\u0131ralar\u0131ndad\u0131r. AM\u0130P-in II-X Qurultaylar\u0131na n\u00fcmay\u0259nd\u0259 se\u00e7ilib. 1998-ci ild\u0259n AM\u0130P Siyasi \u015euras\u0131n\u0131n \u00fczv\u00fcd\u00fcr. Eyni zamanda Partiyan\u0131n Qad\u0131nlar T\u0259\u015fkilat\u0131n\u0131n s\u0259dridir. 3 \u00f6vlad\u0131 var.<\/p>","protected":false},"author":1,"featured_media":0,"parent":0,"menu_order":0,"comment_status":"closed","ping_status":"closed","template":"","meta":{"footnotes":""},"class_list":["post-4448","page","type-page","status-publish","hentry"],"yoast_head":"<!-- This site is optimized with the Yoast SEO plugin v23.8 - https:\/\/yoast.com\/wordpress\/plugins\/seo\/ -->\n<title>Az\u0259rbaycan Milli \u0130stiqlal Partiyas\u0131 Qad\u0131nlar T\u0259\u015fkilat\u0131n\u0131n s\u0259dri - Az\u0259rbaycan Milli \u0130stiqlal Partiyas\u0131<\/title>\n<meta name=\"robots\" content=\"index, follow, max-snippet:-1, max-image-preview:large, max-video-preview:-1\" \/>\n<link rel=\"canonical\" href=\"https:\/\/amip.az\/en\/az\u0259rbaycan-milli-istiqlal-partiyasinin-qadinlar-t\u0259skilatinin-s\u0259dri\/\" \/>\n<meta property=\"og:locale\" content=\"en_US\" \/>\n<meta property=\"og:type\" content=\"article\" \/>\n<meta property=\"og:title\" content=\"Az\u0259rbaycan Milli \u0130stiqlal Partiyas\u0131 Qad\u0131nlar T\u0259\u015fkilat\u0131n\u0131n s\u0259dri - Az\u0259rbaycan Milli \u0130stiqlal Partiyas\u0131\" \/>\n<meta property=\"og:description\" content=\"22 noyabr 1951-ci ild\u0259 G\u00f6y\u00e7ay rayonunun, \u015e\u0131xl\u0131 k\u0259ndind\u0259 anadan olub. Bak\u0131 D\u00f6vl\u0259t Universitetinin filologiya fak\u00fclt\u0259sini bitirib. Uzun m\u00fcdd\u0259t m\u00fcxt\u0259lif sah\u0259l\u0259rd\u0259 \u00e7al\u0131\u015f\u0131b. 1998-ci il\u0259d\u0259k &#8220;Z\u0259rg\u0259rlik\u201d Az\u0259rbaycan S\u0259naye Birliyind\u0259 n\u0259zar\u0259t \u015f\u00f6b\u0259sinin m\u00fcdiri v\u0259zif\u0259sind\u0259 i\u015fl\u0259yib. Milli Azadl\u0131q H\u0259rakat\u0131n\u0131n f\u0259al i\u015ftirak\u00e7\u0131lar\u0131ndand\u0131r. 1992-ci ild\u0259n AM\u0130P s\u0131ralar\u0131ndad\u0131r. AM\u0130P-in II-X Qurultaylar\u0131na n\u00fcmay\u0259nd\u0259 se\u00e7ilib. 1998-ci ild\u0259n AM\u0130P Siyasi \u015euras\u0131n\u0131n \u00fczv\u00fcd\u00fcr. Eyni zamanda Partiyan\u0131n Qad\u0131nlar T\u0259\u015fkilat\u0131n\u0131n s\u0259dridir. 3 \u00f6vlad\u0131 var.\" \/>\n<meta property=\"og:url\" content=\"https:\/\/amip.az\/en\/az\u0259rbaycan-milli-istiqlal-partiyasinin-qadinlar-t\u0259skilatinin-s\u0259dri\/\" \/>\n<meta property=\"og:site_name\" content=\"Az\u0259rbaycan Milli \u0130stiqlal Partiyas\u0131\" \/>\n<meta property=\"article:publisher\" content=\"https:\/\/www.facebook.com\/istiqlal91\" \/>\n<meta property=\"article:modified_time\" content=\"2022-07-21T11:51:49+00:00\" \/>\n<meta property=\"og:image\" content=\"https:\/\/amip.az\/wp-content\/uploads\/2022\/06\/amip_amina_aghamirza_qizi_valiyeva_01_540.jpg\" \/>\n<meta name=\"twitter:card\" content=\"summary_large_image\" \/>\n<meta name=\"twitter:site\" content=\"@APartiyas\" \/>\n<meta name=\"twitter:label1\" content=\"Est. reading time\" \/>\n\t<meta name=\"twitter:data1\" content=\"1 minute\" \/>\n<script type=\"application\/ld+json\" class=\"yoast-schema-graph\">{\"@context\":\"https:\/\/schema.org\",\"@graph\":[{\"@type\":\"WebPage\",\"@id\":\"https:\/\/amip.az\/az%c9%99rbaycan-milli-istiqlal-partiyasinin-qadinlar-t%c9%99skilatinin-s%c9%99dri\/\",\"url\":\"https:\/\/amip.az\/az%c9%99rbaycan-milli-istiqlal-partiyasinin-qadinlar-t%c9%99skilatinin-s%c9%99dri\/\",\"name\":\"Az\u0259rbaycan Milli \u0130stiqlal Partiyas\u0131 Qad\u0131nlar T\u0259\u015fkilat\u0131n\u0131n s\u0259dri - Az\u0259rbaycan Milli \u0130stiqlal Partiyas\u0131\",\"isPartOf\":{\"@id\":\"https:\/\/amip.az\/az\/#website\"},\"primaryImageOfPage\":{\"@id\":\"https:\/\/amip.az\/az%c9%99rbaycan-milli-istiqlal-partiyasinin-qadinlar-t%c9%99skilatinin-s%c9%99dri\/#primaryimage\"},\"image\":{\"@id\":\"https:\/\/amip.az\/az%c9%99rbaycan-milli-istiqlal-partiyasinin-qadinlar-t%c9%99skilatinin-s%c9%99dri\/#primaryimage\"},\"thumbnailUrl\":\"https:\/\/amip.az\/wp-content\/uploads\/2022\/06\/amip_amina_aghamirza_qizi_valiyeva_01_540.jpg\",\"datePublished\":\"2022-06-14T05:22:46+00:00\",\"dateModified\":\"2022-07-21T11:51:49+00:00\",\"breadcrumb\":{\"@id\":\"https:\/\/amip.az\/az%c9%99rbaycan-milli-istiqlal-partiyasinin-qadinlar-t%c9%99skilatinin-s%c9%99dri\/#breadcrumb\"},\"inLanguage\":\"en-US\",\"potentialAction\":[{\"@type\":\"ReadAction\",\"target\":[\"https:\/\/amip.az\/az%c9%99rbaycan-milli-istiqlal-partiyasinin-qadinlar-t%c9%99skilatinin-s%c9%99dri\/\"]}]},{\"@type\":\"ImageObject\",\"inLanguage\":\"en-US\",\"@id\":\"https:\/\/amip.az\/az%c9%99rbaycan-milli-istiqlal-partiyasinin-qadinlar-t%c9%99skilatinin-s%c9%99dri\/#primaryimage\",\"url\":\"https:\/\/amip.az\/wp-content\/uploads\/2022\/06\/amip_amina_aghamirza_qizi_valiyeva_01_540.jpg\",\"contentUrl\":\"https:\/\/amip.az\/wp-content\/uploads\/2022\/06\/amip_amina_aghamirza_qizi_valiyeva_01_540.jpg\"},{\"@type\":\"BreadcrumbList\",\"@id\":\"https:\/\/amip.az\/az%c9%99rbaycan-milli-istiqlal-partiyasinin-qadinlar-t%c9%99skilatinin-s%c9%99dri\/#breadcrumb\",\"itemListElement\":[{\"@type\":\"ListItem\",\"position\":1,\"name\":\"Home\",\"item\":\"https:\/\/amip.az\/\"},{\"@type\":\"ListItem\",\"position\":2,\"name\":\"Az\u0259rbaycan Milli \u0130stiqlal Partiyas\u0131 Qad\u0131nlar T\u0259\u015fkilat\u0131n\u0131n s\u0259dri\"}]},{\"@type\":\"WebSite\",\"@id\":\"https:\/\/amip.az\/az\/#website\",\"url\":\"https:\/\/amip.az\/az\/\",\"name\":\"Az\u0259rbaycan Milli \u0130stiqlal Partiyas\u0131\",\"description\":\"AM\u0130P\",\"publisher\":{\"@id\":\"https:\/\/amip.az\/az\/#organization\"},\"potentialAction\":[{\"@type\":\"SearchAction\",\"target\":{\"@type\":\"EntryPoint\",\"urlTemplate\":\"https:\/\/amip.az\/az\/?s={search_term_string}\"},\"query-input\":{\"@type\":\"PropertyValueSpecification\",\"valueRequired\":true,\"valueName\":\"search_term_string\"}}],\"inLanguage\":\"en-US\"},{\"@type\":\"Organization\",\"@id\":\"https:\/\/amip.az\/az\/#organization\",\"name\":\"Az\u0259rbaycan Milli \u0130stiqlal Partiyas\u0131\",\"url\":\"https:\/\/amip.az\/az\/\",\"logo\":{\"@type\":\"ImageObject\",\"inLanguage\":\"en-US\",\"@id\":\"https:\/\/amip.az\/az\/#\/schema\/logo\/image\/\",\"url\":\"https:\/\/amip.az\/wp-content\/uploads\/2023\/06\/amiplogo.png\",\"contentUrl\":\"https:\/\/amip.az\/wp-content\/uploads\/2023\/06\/amiplogo.png\",\"width\":723,\"height\":423,\"caption\":\"Az\u0259rbaycan Milli \u0130stiqlal Partiyas\u0131\"},\"image\":{\"@id\":\"https:\/\/amip.az\/az\/#\/schema\/logo\/image\/\"},\"sameAs\":[\"https:\/\/www.facebook.com\/istiqlal91\",\"https:\/\/x.com\/APartiyas\",\"https:\/\/www.youtube.com\/channel\/UCF3pc8spko_xON2sr4vUC5A\"]}]}<\/script>\n<!-- \/ Yoast SEO plugin. -->","yoast_head_json":{"title":"Az\u0259rbaycan Milli \u0130stiqlal Partiyas\u0131 Qad\u0131nlar T\u0259\u015fkilat\u0131n\u0131n s\u0259dri - Az\u0259rbaycan Milli \u0130stiqlal Partiyas\u0131","robots":{"index":"index","follow":"follow","max-snippet":"max-snippet:-1","max-image-preview":"max-image-preview:large","max-video-preview":"max-video-preview:-1"},"canonical":"https:\/\/amip.az\/en\/az\u0259rbaycan-milli-istiqlal-partiyasinin-qadinlar-t\u0259skilatinin-s\u0259dri\/","og_locale":"en_US","og_type":"article","og_title":"Az\u0259rbaycan Milli \u0130stiqlal Partiyas\u0131 Qad\u0131nlar T\u0259\u015fkilat\u0131n\u0131n s\u0259dri - Az\u0259rbaycan Milli \u0130stiqlal Partiyas\u0131","og_description":"22 noyabr 1951-ci ild\u0259 G\u00f6y\u00e7ay rayonunun, \u015e\u0131xl\u0131 k\u0259ndind\u0259 anadan olub. Bak\u0131 D\u00f6vl\u0259t Universitetinin filologiya fak\u00fclt\u0259sini bitirib. Uzun m\u00fcdd\u0259t m\u00fcxt\u0259lif sah\u0259l\u0259rd\u0259 \u00e7al\u0131\u015f\u0131b. 1998-ci il\u0259d\u0259k &#8220;Z\u0259rg\u0259rlik\u201d Az\u0259rbaycan S\u0259naye Birliyind\u0259 n\u0259zar\u0259t \u015f\u00f6b\u0259sinin m\u00fcdiri v\u0259zif\u0259sind\u0259 i\u015fl\u0259yib. Milli Azadl\u0131q H\u0259rakat\u0131n\u0131n f\u0259al i\u015ftirak\u00e7\u0131lar\u0131ndand\u0131r. 1992-ci ild\u0259n AM\u0130P s\u0131ralar\u0131ndad\u0131r. AM\u0130P-in II-X Qurultaylar\u0131na n\u00fcmay\u0259nd\u0259 se\u00e7ilib. 1998-ci ild\u0259n AM\u0130P Siyasi \u015euras\u0131n\u0131n \u00fczv\u00fcd\u00fcr. Eyni zamanda Partiyan\u0131n Qad\u0131nlar T\u0259\u015fkilat\u0131n\u0131n s\u0259dridir. 3 \u00f6vlad\u0131 var.","og_url":"https:\/\/amip.az\/en\/az\u0259rbaycan-milli-istiqlal-partiyasinin-qadinlar-t\u0259skilatinin-s\u0259dri\/","og_site_name":"Az\u0259rbaycan Milli \u0130stiqlal Partiyas\u0131","article_publisher":"https:\/\/www.facebook.com\/istiqlal91","article_modified_time":"2022-07-21T11:51:49+00:00","og_image":[{"url":"https:\/\/amip.az\/wp-content\/uploads\/2022\/06\/amip_amina_aghamirza_qizi_valiyeva_01_540.jpg"}],"twitter_card":"summary_large_image","twitter_site":"@APartiyas","twitter_misc":{"Est. reading time":"1 minute"},"schema":{"@context":"https:\/\/schema.org","@graph":[{"@type":"WebPage","@id":"https:\/\/amip.az\/az%c9%99rbaycan-milli-istiqlal-partiyasinin-qadinlar-t%c9%99skilatinin-s%c9%99dri\/","url":"https:\/\/amip.az\/az%c9%99rbaycan-milli-istiqlal-partiyasinin-qadinlar-t%c9%99skilatinin-s%c9%99dri\/","name":"Az\u0259rbaycan Milli \u0130stiqlal Partiyas\u0131 Qad\u0131nlar T\u0259\u015fkilat\u0131n\u0131n s\u0259dri - Az\u0259rbaycan Milli \u0130stiqlal Partiyas\u0131","isPartOf":{"@id":"https:\/\/amip.az\/az\/#website"},"primaryImageOfPage":{"@id":"https:\/\/amip.az\/az%c9%99rbaycan-milli-istiqlal-partiyasinin-qadinlar-t%c9%99skilatinin-s%c9%99dri\/#primaryimage"},"image":{"@id":"https:\/\/amip.az\/az%c9%99rbaycan-milli-istiqlal-partiyasinin-qadinlar-t%c9%99skilatinin-s%c9%99dri\/#primaryimage"},"thumbnailUrl":"https:\/\/amip.az\/wp-content\/uploads\/2022\/06\/amip_amina_aghamirza_qizi_valiyeva_01_540.jpg","datePublished":"2022-06-14T05:22:46+00:00","dateModified":"2022-07-21T11:51:49+00:00","breadcrumb":{"@id":"https:\/\/amip.az\/az%c9%99rbaycan-milli-istiqlal-partiyasinin-qadinlar-t%c9%99skilatinin-s%c9%99dri\/#breadcrumb"},"inLanguage":"en-US","potentialAction":[{"@type":"ReadAction","target":["https:\/\/amip.az\/az%c9%99rbaycan-milli-istiqlal-partiyasinin-qadinlar-t%c9%99skilatinin-s%c9%99dri\/"]}]},{"@type":"ImageObject","inLanguage":"en-US","@id":"https:\/\/amip.az\/az%c9%99rbaycan-milli-istiqlal-partiyasinin-qadinlar-t%c9%99skilatinin-s%c9%99dri\/#primaryimage","url":"https:\/\/amip.az\/wp-content\/uploads\/2022\/06\/amip_amina_aghamirza_qizi_valiyeva_01_540.jpg","contentUrl":"https:\/\/amip.az\/wp-content\/uploads\/2022\/06\/amip_amina_aghamirza_qizi_valiyeva_01_540.jpg"},{"@type":"BreadcrumbList","@id":"https:\/\/amip.az\/az%c9%99rbaycan-milli-istiqlal-partiyasinin-qadinlar-t%c9%99skilatinin-s%c9%99dri\/#breadcrumb","itemListElement":[{"@type":"ListItem","position":1,"name":"Home","item":"https:\/\/amip.az\/"},{"@type":"ListItem","position":2,"name":"Az\u0259rbaycan Milli \u0130stiqlal Partiyas\u0131 Qad\u0131nlar T\u0259\u015fkilat\u0131n\u0131n s\u0259dri"}]},{"@type":"WebSite","@id":"https:\/\/amip.az\/az\/#website","url":"https:\/\/amip.az\/az\/","name":"Az\u0259rbaycan Milli \u0130stiqlal Partiyas\u0131","description":"AM\u0130P","publisher":{"@id":"https:\/\/amip.az\/az\/#organization"},"potentialAction":[{"@type":"SearchAction","target":{"@type":"EntryPoint","urlTemplate":"https:\/\/amip.az\/az\/?s={search_term_string}"},"query-input":{"@type":"PropertyValueSpecification","valueRequired":true,"valueName":"search_term_string"}}],"inLanguage":"en-US"},{"@type":"Organization","@id":"https:\/\/amip.az\/az\/#organization","name":"Az\u0259rbaycan Milli \u0130stiqlal Partiyas\u0131","url":"https:\/\/amip.az\/az\/","logo":{"@type":"ImageObject","inLanguage":"en-US","@id":"https:\/\/amip.az\/az\/#\/schema\/logo\/image\/","url":"https:\/\/amip.az\/wp-content\/uploads\/2023\/06\/amiplogo.png","contentUrl":"https:\/\/amip.az\/wp-content\/uploads\/2023\/06\/amiplogo.png","width":723,"height":423,"caption":"Az\u0259rbaycan Milli \u0130stiqlal Partiyas\u0131"},"image":{"@id":"https:\/\/amip.az\/az\/#\/schema\/logo\/image\/"},"sameAs":["https:\/\/www.facebook.com\/istiqlal91","https:\/\/x.com\/APartiyas","https:\/\/www.youtube.com\/channel\/UCF3pc8spko_xON2sr4vUC5A"]}]}},"_links":{"self":[{"href":"https:\/\/amip.az\/en\/wp-json\/wp\/v2\/pages\/4448","targetHints":{"allow":["GET"]}}],"collection":[{"href":"https:\/\/amip.az\/en\/wp-json\/wp\/v2\/pages"}],"about":[{"href":"https:\/\/amip.az\/en\/wp-json\/wp\/v2\/types\/page"}],"author":[{"embeddable":true,"href":"https:\/\/amip.az\/en\/wp-json\/wp\/v2\/users\/1"}],"replies":[{"embeddable":true,"href":"https:\/\/amip.az\/en\/wp-json\/wp\/v2\/comments?post=4448"}],"version-history":[{"count":5,"href":"https:\/\/amip.az\/en\/wp-json\/wp\/v2\/pages\/4448\/revisions"}],"predecessor-version":[{"id":5390,"href":"https:\/\/amip.az\/en\/wp-json\/wp\/v2\/pages\/4448\/revisions\/5390"}],"wp:attachment":[{"href":"https:\/\/amip.az\/en\/wp-json\/wp\/v2\/media?parent=4448"}],"curies":[{"name":"wp","href":"https:\/\/api.w.org\/{rel}","templated":true}]}}