{"id":4450,"date":"2022-06-14T09:26:04","date_gmt":"2022-06-14T05:26:04","guid":{"rendered":"https:\/\/vtstrt.mediadesigntech.com\/?page_id=4450"},"modified":"2022-07-18T08:28:49","modified_gmt":"2022-07-18T04:28:49","slug":"az%c9%99rbaycan-milli-istiqlal-partiyasinin-siyasi-sura-uzvu","status":"publish","type":"page","link":"https:\/\/amip.az\/en\/az%c9%99rbaycan-milli-istiqlal-partiyasinin-siyasi-sura-uzvu\/","title":{"rendered":"Member to Political Council of National Independence Party of Azerbaijan"},"content":{"rendered":"<figure class=\"wp-block-image size-full\"><img loading=\"lazy\" decoding=\"async\" width=\"960\" height=\"640\" src=\"https:\/\/amip.az\/wp-content\/uploads\/2022\/06\/amip_ismayilov_teyyub_eyyub_oglu_01_640.jpg\" alt=\"Teyyub Eyyub o\u011flu \u0130smay\u0131lov\" class=\"wp-image-4493\" srcset=\"https:\/\/amip.az\/wp-content\/uploads\/2022\/06\/amip_ismayilov_teyyub_eyyub_oglu_01_640.jpg 960w, https:\/\/amip.az\/wp-content\/uploads\/2022\/06\/amip_ismayilov_teyyub_eyyub_oglu_01_640-300x200.jpg 300w, https:\/\/amip.az\/wp-content\/uploads\/2022\/06\/amip_ismayilov_teyyub_eyyub_oglu_01_640-768x512.jpg 768w, https:\/\/amip.az\/wp-content\/uploads\/2022\/06\/amip_ismayilov_teyyub_eyyub_oglu_01_640-18x12.jpg 18w\" sizes=\"auto, (max-width: 960px) 100vw, 960px\" \/><\/figure>\n\n\n\n<p>Teyyub Eyyub Ismailov was born on April 21, 1963 in Baku city.<\/p>\n\n\n\n<p>From 1980 till 1985 he studied at the faculty of the engineer mechanical technologist of the Azerbaijan Polytechnic University, in 1985-1986 attended the courses of \u201cInvention and rationalization\u201d at the Baku Institute of Inventions and Rationalization, in 1990-1991 he attended the English and Turkish languages courses at the Baku State University.<\/p>\n\n\n\n<p>In 1988 he joined the National Freedom Movement and distinguished by his combativeness in the social and political life of the country. Since the early days of the party, he\u2019s a NIPA member and he actively takes part in the party\u2019s activity.<\/p>\n\n\n\n<p>Teyyub Ismailov started his working career in 1982 and worked at different fields, he went his way from a security at various offices, companies and institutions to a shift supervisor and head of department.<\/p>\n\n\n\n<p>He\u2019s married, has three children.<\/p>","protected":false},"excerpt":{"rendered":"<p>Teyyub Eyyub o\u011flu \u0130smay\u0131lov 21.04.1963-c\u00fc ild\u0259 Bak\u0131 \u015f\u0259h\u0259rind\u0259 anadan olmu\u015fdur. 1980-1985-ci il\u0259rd\u0259 Az\u0259rbaycan Politexnik \u0130nstitutununun M\u00fch\u0259ndis mexanik-texnoloq fak\u00fclt\u0259sini, 1985-1986-c\u0131 ill\u0259rd\u0259 Bak\u0131 \u0130xtira v\u0259 S\u0259m\u0259r\u0259l\u0259\u015fdirm\u0259 \u0130nstitutunun \u0130xtira v\u0259 S\u0259m\u0259r\u0259l\u0259\u015fdirm\u0259 kursunu (B\u0130S\u0130), 1990-1991-ci ill\u0259rd\u0259 Bak\u0131 D\u00f6vl\u0259t Universitetinin ingilis v\u0259 t\u00fcrk dill\u0259ri \u00fczr\u0259 kursunu m\u00fcv\u0259ff\u0259qiyy\u0259tl\u0259 bitirmi\u015fdir. 1988 &#8211; ci ild\u0259n ba\u015flayaraq Azadl\u0131q h\u0259r\u0259kat\u0131na qo\u015fularaq Az\u0259rbaycan\u0131n ictimai-siyasi h\u0259yat\u0131nda m\u00fcbarizliyi il\u0259 se\u00e7ilmi\u015fdir. Az\u0259rbaycan Milli \u0130stiqlal Partiyas\u0131 yarand\u0131\u011f\u0131 g\u00fcnd\u0259n partiyan\u0131n s\u0131ralar\u0131na qo\u015fularaq, partiyan\u0131n quruculuq i\u015fl\u0259rind\u0259 aktiv f\u0259aliyy\u0259t g\u00f6st\u0259rmi\u015fdir. 1982-ci ild\u0259n \u0259m\u0259k f\u0259aliyy\u0259tin\u0259 ba\u015flayan Teyyub \u0130smayilov, m\u00fcxt\u0259lif idar\u0259 m\u00fc\u0259ssis\u0259, \u015firk\u0259tl\u0259rd\u0259 M\u00fchafiz\u0259\u00e7i, [&hellip;]<\/p>","protected":false},"author":1,"featured_media":0,"parent":0,"menu_order":0,"comment_status":"closed","ping_status":"closed","template":"","meta":{"footnotes":""},"class_list":["post-4450","page","type-page","status-publish","hentry"],"yoast_head":"<!-- This site is optimized with the Yoast SEO plugin v23.8 - https:\/\/yoast.com\/wordpress\/plugins\/seo\/ -->\n<title>Az\u0259rbaycan Milli \u0130stiqlal Partiyas\u0131 Siyasi \u015euras\u0131n\u0131n \u00fczv\u00fc - Az\u0259rbaycan Milli \u0130stiqlal Partiyas\u0131<\/title>\n<meta name=\"robots\" content=\"index, follow, max-snippet:-1, max-image-preview:large, max-video-preview:-1\" \/>\n<link rel=\"canonical\" href=\"https:\/\/amip.az\/en\/az\u0259rbaycan-milli-istiqlal-partiyasinin-siyasi-sura-uzvu\/\" \/>\n<meta property=\"og:locale\" content=\"en_US\" \/>\n<meta property=\"og:type\" content=\"article\" \/>\n<meta property=\"og:title\" content=\"Az\u0259rbaycan Milli \u0130stiqlal Partiyas\u0131 Siyasi \u015euras\u0131n\u0131n \u00fczv\u00fc - Az\u0259rbaycan Milli \u0130stiqlal Partiyas\u0131\" \/>\n<meta property=\"og:description\" content=\"Teyyub Eyyub o\u011flu \u0130smay\u0131lov 21.04.1963-c\u00fc ild\u0259 Bak\u0131 \u015f\u0259h\u0259rind\u0259 anadan olmu\u015fdur. 1980-1985-ci il\u0259rd\u0259 Az\u0259rbaycan Politexnik \u0130nstitutununun M\u00fch\u0259ndis mexanik-texnoloq fak\u00fclt\u0259sini, 1985-1986-c\u0131 ill\u0259rd\u0259 Bak\u0131 \u0130xtira v\u0259 S\u0259m\u0259r\u0259l\u0259\u015fdirm\u0259 \u0130nstitutunun \u0130xtira v\u0259 S\u0259m\u0259r\u0259l\u0259\u015fdirm\u0259 kursunu (B\u0130S\u0130), 1990-1991-ci ill\u0259rd\u0259 Bak\u0131 D\u00f6vl\u0259t Universitetinin ingilis v\u0259 t\u00fcrk dill\u0259ri \u00fczr\u0259 kursunu m\u00fcv\u0259ff\u0259qiyy\u0259tl\u0259 bitirmi\u015fdir. 1988 &#8211; ci ild\u0259n ba\u015flayaraq Azadl\u0131q h\u0259r\u0259kat\u0131na qo\u015fularaq Az\u0259rbaycan\u0131n ictimai-siyasi h\u0259yat\u0131nda m\u00fcbarizliyi il\u0259 se\u00e7ilmi\u015fdir. Az\u0259rbaycan Milli \u0130stiqlal Partiyas\u0131 yarand\u0131\u011f\u0131 g\u00fcnd\u0259n partiyan\u0131n s\u0131ralar\u0131na qo\u015fularaq, partiyan\u0131n quruculuq i\u015fl\u0259rind\u0259 aktiv f\u0259aliyy\u0259t g\u00f6st\u0259rmi\u015fdir. 1982-ci ild\u0259n \u0259m\u0259k f\u0259aliyy\u0259tin\u0259 ba\u015flayan Teyyub \u0130smayilov, m\u00fcxt\u0259lif idar\u0259 m\u00fc\u0259ssis\u0259, \u015firk\u0259tl\u0259rd\u0259 M\u00fchafiz\u0259\u00e7i, [&hellip;]\" \/>\n<meta property=\"og:url\" content=\"https:\/\/amip.az\/en\/az\u0259rbaycan-milli-istiqlal-partiyasinin-siyasi-sura-uzvu\/\" \/>\n<meta property=\"og:site_name\" content=\"Az\u0259rbaycan Milli \u0130stiqlal Partiyas\u0131\" \/>\n<meta property=\"article:publisher\" content=\"https:\/\/www.facebook.com\/istiqlal91\" \/>\n<meta property=\"article:modified_time\" content=\"2022-07-18T04:28:49+00:00\" \/>\n<meta property=\"og:image\" content=\"https:\/\/amip.az\/wp-content\/uploads\/2022\/06\/amip_ismayilov_teyyub_eyyub_oglu_01_640.jpg\" \/>\n<meta name=\"twitter:card\" content=\"summary_large_image\" \/>\n<meta name=\"twitter:site\" content=\"@APartiyas\" \/>\n<meta name=\"twitter:label1\" content=\"Est. reading time\" \/>\n\t<meta name=\"twitter:data1\" content=\"1 minute\" \/>\n<script type=\"application\/ld+json\" class=\"yoast-schema-graph\">{\"@context\":\"https:\/\/schema.org\",\"@graph\":[{\"@type\":\"WebPage\",\"@id\":\"https:\/\/amip.az\/az%c9%99rbaycan-milli-istiqlal-partiyasinin-siyasi-sura-uzvu\/\",\"url\":\"https:\/\/amip.az\/az%c9%99rbaycan-milli-istiqlal-partiyasinin-siyasi-sura-uzvu\/\",\"name\":\"Az\u0259rbaycan Milli \u0130stiqlal Partiyas\u0131 Siyasi \u015euras\u0131n\u0131n \u00fczv\u00fc - Az\u0259rbaycan Milli \u0130stiqlal Partiyas\u0131\",\"isPartOf\":{\"@id\":\"https:\/\/amip.az\/az\/#website\"},\"primaryImageOfPage\":{\"@id\":\"https:\/\/amip.az\/az%c9%99rbaycan-milli-istiqlal-partiyasinin-siyasi-sura-uzvu\/#primaryimage\"},\"image\":{\"@id\":\"https:\/\/amip.az\/az%c9%99rbaycan-milli-istiqlal-partiyasinin-siyasi-sura-uzvu\/#primaryimage\"},\"thumbnailUrl\":\"https:\/\/amip.az\/wp-content\/uploads\/2022\/06\/amip_ismayilov_teyyub_eyyub_oglu_01_640.jpg\",\"datePublished\":\"2022-06-14T05:26:04+00:00\",\"dateModified\":\"2022-07-18T04:28:49+00:00\",\"breadcrumb\":{\"@id\":\"https:\/\/amip.az\/az%c9%99rbaycan-milli-istiqlal-partiyasinin-siyasi-sura-uzvu\/#breadcrumb\"},\"inLanguage\":\"en-US\",\"potentialAction\":[{\"@type\":\"ReadAction\",\"target\":[\"https:\/\/amip.az\/az%c9%99rbaycan-milli-istiqlal-partiyasinin-siyasi-sura-uzvu\/\"]}]},{\"@type\":\"ImageObject\",\"inLanguage\":\"en-US\",\"@id\":\"https:\/\/amip.az\/az%c9%99rbaycan-milli-istiqlal-partiyasinin-siyasi-sura-uzvu\/#primaryimage\",\"url\":\"https:\/\/amip.az\/wp-content\/uploads\/2022\/06\/amip_ismayilov_teyyub_eyyub_oglu_01_640.jpg\",\"contentUrl\":\"https:\/\/amip.az\/wp-content\/uploads\/2022\/06\/amip_ismayilov_teyyub_eyyub_oglu_01_640.jpg\"},{\"@type\":\"BreadcrumbList\",\"@id\":\"https:\/\/amip.az\/az%c9%99rbaycan-milli-istiqlal-partiyasinin-siyasi-sura-uzvu\/#breadcrumb\",\"itemListElement\":[{\"@type\":\"ListItem\",\"position\":1,\"name\":\"Home\",\"item\":\"https:\/\/amip.az\/\"},{\"@type\":\"ListItem\",\"position\":2,\"name\":\"Az\u0259rbaycan Milli \u0130stiqlal Partiyas\u0131 Siyasi \u015euras\u0131n\u0131n \u00fczv\u00fc\"}]},{\"@type\":\"WebSite\",\"@id\":\"https:\/\/amip.az\/az\/#website\",\"url\":\"https:\/\/amip.az\/az\/\",\"name\":\"Az\u0259rbaycan Milli \u0130stiqlal Partiyas\u0131\",\"description\":\"AM\u0130P\",\"publisher\":{\"@id\":\"https:\/\/amip.az\/az\/#organization\"},\"potentialAction\":[{\"@type\":\"SearchAction\",\"target\":{\"@type\":\"EntryPoint\",\"urlTemplate\":\"https:\/\/amip.az\/az\/?s={search_term_string}\"},\"query-input\":{\"@type\":\"PropertyValueSpecification\",\"valueRequired\":true,\"valueName\":\"search_term_string\"}}],\"inLanguage\":\"en-US\"},{\"@type\":\"Organization\",\"@id\":\"https:\/\/amip.az\/az\/#organization\",\"name\":\"Az\u0259rbaycan Milli \u0130stiqlal Partiyas\u0131\",\"url\":\"https:\/\/amip.az\/az\/\",\"logo\":{\"@type\":\"ImageObject\",\"inLanguage\":\"en-US\",\"@id\":\"https:\/\/amip.az\/az\/#\/schema\/logo\/image\/\",\"url\":\"https:\/\/amip.az\/wp-content\/uploads\/2023\/06\/amiplogo.png\",\"contentUrl\":\"https:\/\/amip.az\/wp-content\/uploads\/2023\/06\/amiplogo.png\",\"width\":723,\"height\":423,\"caption\":\"Az\u0259rbaycan Milli \u0130stiqlal Partiyas\u0131\"},\"image\":{\"@id\":\"https:\/\/amip.az\/az\/#\/schema\/logo\/image\/\"},\"sameAs\":[\"https:\/\/www.facebook.com\/istiqlal91\",\"https:\/\/x.com\/APartiyas\",\"https:\/\/www.youtube.com\/channel\/UCF3pc8spko_xON2sr4vUC5A\"]}]}<\/script>\n<!-- \/ Yoast SEO plugin. -->","yoast_head_json":{"title":"Az\u0259rbaycan Milli \u0130stiqlal Partiyas\u0131 Siyasi \u015euras\u0131n\u0131n \u00fczv\u00fc - Az\u0259rbaycan Milli \u0130stiqlal Partiyas\u0131","robots":{"index":"index","follow":"follow","max-snippet":"max-snippet:-1","max-image-preview":"max-image-preview:large","max-video-preview":"max-video-preview:-1"},"canonical":"https:\/\/amip.az\/en\/az\u0259rbaycan-milli-istiqlal-partiyasinin-siyasi-sura-uzvu\/","og_locale":"en_US","og_type":"article","og_title":"Az\u0259rbaycan Milli \u0130stiqlal Partiyas\u0131 Siyasi \u015euras\u0131n\u0131n \u00fczv\u00fc - Az\u0259rbaycan Milli \u0130stiqlal Partiyas\u0131","og_description":"Teyyub Eyyub o\u011flu \u0130smay\u0131lov 21.04.1963-c\u00fc ild\u0259 Bak\u0131 \u015f\u0259h\u0259rind\u0259 anadan olmu\u015fdur. 1980-1985-ci il\u0259rd\u0259 Az\u0259rbaycan Politexnik \u0130nstitutununun M\u00fch\u0259ndis mexanik-texnoloq fak\u00fclt\u0259sini, 1985-1986-c\u0131 ill\u0259rd\u0259 Bak\u0131 \u0130xtira v\u0259 S\u0259m\u0259r\u0259l\u0259\u015fdirm\u0259 \u0130nstitutunun \u0130xtira v\u0259 S\u0259m\u0259r\u0259l\u0259\u015fdirm\u0259 kursunu (B\u0130S\u0130), 1990-1991-ci ill\u0259rd\u0259 Bak\u0131 D\u00f6vl\u0259t Universitetinin ingilis v\u0259 t\u00fcrk dill\u0259ri \u00fczr\u0259 kursunu m\u00fcv\u0259ff\u0259qiyy\u0259tl\u0259 bitirmi\u015fdir. 1988 &#8211; ci ild\u0259n ba\u015flayaraq Azadl\u0131q h\u0259r\u0259kat\u0131na qo\u015fularaq Az\u0259rbaycan\u0131n ictimai-siyasi h\u0259yat\u0131nda m\u00fcbarizliyi il\u0259 se\u00e7ilmi\u015fdir. Az\u0259rbaycan Milli \u0130stiqlal Partiyas\u0131 yarand\u0131\u011f\u0131 g\u00fcnd\u0259n partiyan\u0131n s\u0131ralar\u0131na qo\u015fularaq, partiyan\u0131n quruculuq i\u015fl\u0259rind\u0259 aktiv f\u0259aliyy\u0259t g\u00f6st\u0259rmi\u015fdir. 1982-ci ild\u0259n \u0259m\u0259k f\u0259aliyy\u0259tin\u0259 ba\u015flayan Teyyub \u0130smayilov, m\u00fcxt\u0259lif idar\u0259 m\u00fc\u0259ssis\u0259, \u015firk\u0259tl\u0259rd\u0259 M\u00fchafiz\u0259\u00e7i, [&hellip;]","og_url":"https:\/\/amip.az\/en\/az\u0259rbaycan-milli-istiqlal-partiyasinin-siyasi-sura-uzvu\/","og_site_name":"Az\u0259rbaycan Milli \u0130stiqlal Partiyas\u0131","article_publisher":"https:\/\/www.facebook.com\/istiqlal91","article_modified_time":"2022-07-18T04:28:49+00:00","og_image":[{"url":"https:\/\/amip.az\/wp-content\/uploads\/2022\/06\/amip_ismayilov_teyyub_eyyub_oglu_01_640.jpg"}],"twitter_card":"summary_large_image","twitter_site":"@APartiyas","twitter_misc":{"Est. reading time":"1 minute"},"schema":{"@context":"https:\/\/schema.org","@graph":[{"@type":"WebPage","@id":"https:\/\/amip.az\/az%c9%99rbaycan-milli-istiqlal-partiyasinin-siyasi-sura-uzvu\/","url":"https:\/\/amip.az\/az%c9%99rbaycan-milli-istiqlal-partiyasinin-siyasi-sura-uzvu\/","name":"Az\u0259rbaycan Milli \u0130stiqlal Partiyas\u0131 Siyasi \u015euras\u0131n\u0131n \u00fczv\u00fc - Az\u0259rbaycan Milli \u0130stiqlal Partiyas\u0131","isPartOf":{"@id":"https:\/\/amip.az\/az\/#website"},"primaryImageOfPage":{"@id":"https:\/\/amip.az\/az%c9%99rbaycan-milli-istiqlal-partiyasinin-siyasi-sura-uzvu\/#primaryimage"},"image":{"@id":"https:\/\/amip.az\/az%c9%99rbaycan-milli-istiqlal-partiyasinin-siyasi-sura-uzvu\/#primaryimage"},"thumbnailUrl":"https:\/\/amip.az\/wp-content\/uploads\/2022\/06\/amip_ismayilov_teyyub_eyyub_oglu_01_640.jpg","datePublished":"2022-06-14T05:26:04+00:00","dateModified":"2022-07-18T04:28:49+00:00","breadcrumb":{"@id":"https:\/\/amip.az\/az%c9%99rbaycan-milli-istiqlal-partiyasinin-siyasi-sura-uzvu\/#breadcrumb"},"inLanguage":"en-US","potentialAction":[{"@type":"ReadAction","target":["https:\/\/amip.az\/az%c9%99rbaycan-milli-istiqlal-partiyasinin-siyasi-sura-uzvu\/"]}]},{"@type":"ImageObject","inLanguage":"en-US","@id":"https:\/\/amip.az\/az%c9%99rbaycan-milli-istiqlal-partiyasinin-siyasi-sura-uzvu\/#primaryimage","url":"https:\/\/amip.az\/wp-content\/uploads\/2022\/06\/amip_ismayilov_teyyub_eyyub_oglu_01_640.jpg","contentUrl":"https:\/\/amip.az\/wp-content\/uploads\/2022\/06\/amip_ismayilov_teyyub_eyyub_oglu_01_640.jpg"},{"@type":"BreadcrumbList","@id":"https:\/\/amip.az\/az%c9%99rbaycan-milli-istiqlal-partiyasinin-siyasi-sura-uzvu\/#breadcrumb","itemListElement":[{"@type":"ListItem","position":1,"name":"Home","item":"https:\/\/amip.az\/"},{"@type":"ListItem","position":2,"name":"Az\u0259rbaycan Milli \u0130stiqlal Partiyas\u0131 Siyasi \u015euras\u0131n\u0131n \u00fczv\u00fc"}]},{"@type":"WebSite","@id":"https:\/\/amip.az\/az\/#website","url":"https:\/\/amip.az\/az\/","name":"Az\u0259rbaycan Milli \u0130stiqlal Partiyas\u0131","description":"AM\u0130P","publisher":{"@id":"https:\/\/amip.az\/az\/#organization"},"potentialAction":[{"@type":"SearchAction","target":{"@type":"EntryPoint","urlTemplate":"https:\/\/amip.az\/az\/?s={search_term_string}"},"query-input":{"@type":"PropertyValueSpecification","valueRequired":true,"valueName":"search_term_string"}}],"inLanguage":"en-US"},{"@type":"Organization","@id":"https:\/\/amip.az\/az\/#organization","name":"Az\u0259rbaycan Milli \u0130stiqlal Partiyas\u0131","url":"https:\/\/amip.az\/az\/","logo":{"@type":"ImageObject","inLanguage":"en-US","@id":"https:\/\/amip.az\/az\/#\/schema\/logo\/image\/","url":"https:\/\/amip.az\/wp-content\/uploads\/2023\/06\/amiplogo.png","contentUrl":"https:\/\/amip.az\/wp-content\/uploads\/2023\/06\/amiplogo.png","width":723,"height":423,"caption":"Az\u0259rbaycan Milli \u0130stiqlal Partiyas\u0131"},"image":{"@id":"https:\/\/amip.az\/az\/#\/schema\/logo\/image\/"},"sameAs":["https:\/\/www.facebook.com\/istiqlal91","https:\/\/x.com\/APartiyas","https:\/\/www.youtube.com\/channel\/UCF3pc8spko_xON2sr4vUC5A"]}]}},"_links":{"self":[{"href":"https:\/\/amip.az\/en\/wp-json\/wp\/v2\/pages\/4450","targetHints":{"allow":["GET"]}}],"collection":[{"href":"https:\/\/amip.az\/en\/wp-json\/wp\/v2\/pages"}],"about":[{"href":"https:\/\/amip.az\/en\/wp-json\/wp\/v2\/types\/page"}],"author":[{"embeddable":true,"href":"https:\/\/amip.az\/en\/wp-json\/wp\/v2\/users\/1"}],"replies":[{"embeddable":true,"href":"https:\/\/amip.az\/en\/wp-json\/wp\/v2\/comments?post=4450"}],"version-history":[{"count":6,"href":"https:\/\/amip.az\/en\/wp-json\/wp\/v2\/pages\/4450\/revisions"}],"predecessor-version":[{"id":10318,"href":"https:\/\/amip.az\/en\/wp-json\/wp\/v2\/pages\/4450\/revisions\/10318"}],"wp:attachment":[{"href":"https:\/\/amip.az\/en\/wp-json\/wp\/v2\/media?parent=4450"}],"curies":[{"name":"wp","href":"https:\/\/api.w.org\/{rel}","templated":true}]}}