{"id":4452,"date":"2022-06-14T09:30:29","date_gmt":"2022-06-14T05:30:29","guid":{"rendered":"https:\/\/vtstrt.mediadesigntech.com\/?page_id=4452"},"modified":"2022-07-18T09:48:43","modified_gmt":"2022-07-18T05:48:43","slug":"az%c9%99rbaycan-milli-istiqlal-partiyasinin-siyasi-sura-uzvu-2","status":"publish","type":"page","link":"https:\/\/amip.az\/en\/az%c9%99rbaycan-milli-istiqlal-partiyasinin-siyasi-sura-uzvu-2\/","title":{"rendered":"Member to Political Council of National Independence Party of Azerbaijan"},"content":{"rendered":"<figure class=\"wp-block-image size-full\"><img loading=\"lazy\" decoding=\"async\" width=\"960\" height=\"640\" src=\"https:\/\/amip.az\/wp-content\/uploads\/2022\/06\/amip_hamzayev_sadiq_mahmud_oglu_01_640.jpg\" alt=\"Sadiq Mahmud o\u011flu H\u0259mz\u0259yev\" class=\"wp-image-4495\" srcset=\"https:\/\/amip.az\/wp-content\/uploads\/2022\/06\/amip_hamzayev_sadiq_mahmud_oglu_01_640.jpg 960w, https:\/\/amip.az\/wp-content\/uploads\/2022\/06\/amip_hamzayev_sadiq_mahmud_oglu_01_640-300x200.jpg 300w, https:\/\/amip.az\/wp-content\/uploads\/2022\/06\/amip_hamzayev_sadiq_mahmud_oglu_01_640-768x512.jpg 768w, https:\/\/amip.az\/wp-content\/uploads\/2022\/06\/amip_hamzayev_sadiq_mahmud_oglu_01_640-18x12.jpg 18w\" sizes=\"auto, (max-width: 960px) 100vw, 960px\" \/><\/figure>\n\n\n\n<p>Sadig Mahmud Hamzayev was born on June 14, 1963.<\/p>\n\n\n\n<p>In 1991 he graduated from the department of surgery of the Medical University of Azerbaijan, in 1993 graduated from the clinical residency. Started his medical career in 1993-1996 as an assistant, a candidate of medical sciences and a docent. In 2014-2015 he successfully completed the Transplantation Courses in Turkey. At present he works at the department of surgical diseases of the Medical University and also proceeds with the pedagogical activity.<\/p>\n\n\n\n<p>Sadig Hamzayev played an active role in the proceedings of the National Independence Party of Azerbaijan since its early days. Periodically he was elected to the elective bodies of party and duly performed his obligations and responsibilities. At present he proceeds with his political activity as a member to the NIPA Political Council.<\/p>\n\n\n\n<p>He\u2019s married, has three children.<\/p>","protected":false},"excerpt":{"rendered":"<p>Sadiq Mahmud o\u011flu H\u0259mz\u0259yev 14.06.1963-c\u00fc ild\u0259 adadan olub. 1985-1991-ci ill\u0259rd\u0259 Az\u0259rbaycan Tibb \u0130nstitutunun c\u0259rrahl\u0131q ixtisas\u0131n\u0131, 1991-1993-c\u00fc ill\u0259rd\u0259 kliniki ordinaturan\u0131, 1993-1996-c\u0131 ill\u0259rd\u0259 assistent Tibb elml\u0259ri namiz\u0259di, dosent olaraq tibbi f\u0259aliyy\u0259t\u0259 ba\u015flay\u0131b. 2014-2015-ci ill\u0259rd\u0259 T\u00fcrkiy\u0259d\u0259 Transplantologiya (orqan k\u00f6\u00e7\u00fcrm\u0259) kursunu m\u00fcv\u0259ff\u0259qiyy\u0259tl\u0259 bitirib. Hal-haz\u0131rda Az\u0259rbaycan Tibb Universitetinin, lll c\u0259rrahi x\u0259st\u0259likl\u0259r kafedras\u0131nda, eyni zamanda pedoqoji f\u0259aliyy\u0259tini davam etdirir. Sadiq H\u0259mz\u0259yev Az\u0259rbaycan Milli \u0130stiqlal Partiyas\u0131 yarand\u0131\u011f\u0131 ilk ill\u0259rd\u0259n partiyan\u0131n h\u0259yat\u0131nda aktiv f\u0259aliyy\u0259t g\u00f6st\u0259rmi\u015fdir. M\u00fcxt\u0259lif ill\u0259rd\u0259 partiyan\u0131n m\u00fcxt\u0259lif se\u00e7kili orqanlar\u0131na se\u00e7il\u0259r\u0259k, \u00fcz\u0259rin\u0259 d\u00fc\u015f\u0259n v\u0259zif\u0259l\u0259ri layiqinc\u0259 yerin\u0259 yetirmi\u015f hal-haz\u0131rda siyasi f\u0259aliyy\u0259tini partiyada [&hellip;]<\/p>","protected":false},"author":1,"featured_media":0,"parent":0,"menu_order":0,"comment_status":"closed","ping_status":"closed","template":"","meta":{"footnotes":""},"class_list":["post-4452","page","type-page","status-publish","hentry"],"yoast_head":"<!-- This site is optimized with the Yoast SEO plugin v23.8 - https:\/\/yoast.com\/wordpress\/plugins\/seo\/ -->\n<title>Az\u0259rbaycan Milli \u0130stiqlal Partiyas\u0131 Siyasi \u015euras\u0131n\u0131n \u00fczv\u00fc - Az\u0259rbaycan Milli \u0130stiqlal Partiyas\u0131<\/title>\n<meta name=\"robots\" content=\"index, follow, max-snippet:-1, max-image-preview:large, max-video-preview:-1\" \/>\n<link rel=\"canonical\" href=\"https:\/\/amip.az\/en\/az\u0259rbaycan-milli-istiqlal-partiyasinin-siyasi-sura-uzvu-2\/\" \/>\n<meta property=\"og:locale\" content=\"en_US\" \/>\n<meta property=\"og:type\" content=\"article\" \/>\n<meta property=\"og:title\" content=\"Az\u0259rbaycan Milli \u0130stiqlal Partiyas\u0131 Siyasi \u015euras\u0131n\u0131n \u00fczv\u00fc - Az\u0259rbaycan Milli \u0130stiqlal Partiyas\u0131\" \/>\n<meta property=\"og:description\" content=\"Sadiq Mahmud o\u011flu H\u0259mz\u0259yev 14.06.1963-c\u00fc ild\u0259 adadan olub. 1985-1991-ci ill\u0259rd\u0259 Az\u0259rbaycan Tibb \u0130nstitutunun c\u0259rrahl\u0131q ixtisas\u0131n\u0131, 1991-1993-c\u00fc ill\u0259rd\u0259 kliniki ordinaturan\u0131, 1993-1996-c\u0131 ill\u0259rd\u0259 assistent Tibb elml\u0259ri namiz\u0259di, dosent olaraq tibbi f\u0259aliyy\u0259t\u0259 ba\u015flay\u0131b. 2014-2015-ci ill\u0259rd\u0259 T\u00fcrkiy\u0259d\u0259 Transplantologiya (orqan k\u00f6\u00e7\u00fcrm\u0259) kursunu m\u00fcv\u0259ff\u0259qiyy\u0259tl\u0259 bitirib. Hal-haz\u0131rda Az\u0259rbaycan Tibb Universitetinin, lll c\u0259rrahi x\u0259st\u0259likl\u0259r kafedras\u0131nda, eyni zamanda pedoqoji f\u0259aliyy\u0259tini davam etdirir. Sadiq H\u0259mz\u0259yev Az\u0259rbaycan Milli \u0130stiqlal Partiyas\u0131 yarand\u0131\u011f\u0131 ilk ill\u0259rd\u0259n partiyan\u0131n h\u0259yat\u0131nda aktiv f\u0259aliyy\u0259t g\u00f6st\u0259rmi\u015fdir. M\u00fcxt\u0259lif ill\u0259rd\u0259 partiyan\u0131n m\u00fcxt\u0259lif se\u00e7kili orqanlar\u0131na se\u00e7il\u0259r\u0259k, \u00fcz\u0259rin\u0259 d\u00fc\u015f\u0259n v\u0259zif\u0259l\u0259ri layiqinc\u0259 yerin\u0259 yetirmi\u015f hal-haz\u0131rda siyasi f\u0259aliyy\u0259tini partiyada [&hellip;]\" \/>\n<meta property=\"og:url\" content=\"https:\/\/amip.az\/en\/az\u0259rbaycan-milli-istiqlal-partiyasinin-siyasi-sura-uzvu-2\/\" \/>\n<meta property=\"og:site_name\" content=\"Az\u0259rbaycan Milli \u0130stiqlal Partiyas\u0131\" \/>\n<meta property=\"article:publisher\" content=\"https:\/\/www.facebook.com\/istiqlal91\" \/>\n<meta property=\"article:modified_time\" content=\"2022-07-18T05:48:43+00:00\" \/>\n<meta property=\"og:image\" content=\"https:\/\/amip.az\/wp-content\/uploads\/2022\/06\/amip_hamzayev_sadiq_mahmud_oglu_01_640.jpg\" \/>\n<meta name=\"twitter:card\" content=\"summary_large_image\" \/>\n<meta name=\"twitter:site\" content=\"@APartiyas\" \/>\n<meta name=\"twitter:label1\" content=\"Est. reading time\" \/>\n\t<meta name=\"twitter:data1\" content=\"1 minute\" \/>\n<script type=\"application\/ld+json\" class=\"yoast-schema-graph\">{\"@context\":\"https:\/\/schema.org\",\"@graph\":[{\"@type\":\"WebPage\",\"@id\":\"https:\/\/amip.az\/az%c9%99rbaycan-milli-istiqlal-partiyasinin-siyasi-sura-uzvu-2\/\",\"url\":\"https:\/\/amip.az\/az%c9%99rbaycan-milli-istiqlal-partiyasinin-siyasi-sura-uzvu-2\/\",\"name\":\"Az\u0259rbaycan Milli \u0130stiqlal Partiyas\u0131 Siyasi \u015euras\u0131n\u0131n \u00fczv\u00fc - Az\u0259rbaycan Milli \u0130stiqlal Partiyas\u0131\",\"isPartOf\":{\"@id\":\"https:\/\/amip.az\/az\/#website\"},\"primaryImageOfPage\":{\"@id\":\"https:\/\/amip.az\/az%c9%99rbaycan-milli-istiqlal-partiyasinin-siyasi-sura-uzvu-2\/#primaryimage\"},\"image\":{\"@id\":\"https:\/\/amip.az\/az%c9%99rbaycan-milli-istiqlal-partiyasinin-siyasi-sura-uzvu-2\/#primaryimage\"},\"thumbnailUrl\":\"https:\/\/amip.az\/wp-content\/uploads\/2022\/06\/amip_hamzayev_sadiq_mahmud_oglu_01_640.jpg\",\"datePublished\":\"2022-06-14T05:30:29+00:00\",\"dateModified\":\"2022-07-18T05:48:43+00:00\",\"breadcrumb\":{\"@id\":\"https:\/\/amip.az\/az%c9%99rbaycan-milli-istiqlal-partiyasinin-siyasi-sura-uzvu-2\/#breadcrumb\"},\"inLanguage\":\"en-US\",\"potentialAction\":[{\"@type\":\"ReadAction\",\"target\":[\"https:\/\/amip.az\/az%c9%99rbaycan-milli-istiqlal-partiyasinin-siyasi-sura-uzvu-2\/\"]}]},{\"@type\":\"ImageObject\",\"inLanguage\":\"en-US\",\"@id\":\"https:\/\/amip.az\/az%c9%99rbaycan-milli-istiqlal-partiyasinin-siyasi-sura-uzvu-2\/#primaryimage\",\"url\":\"https:\/\/amip.az\/wp-content\/uploads\/2022\/06\/amip_hamzayev_sadiq_mahmud_oglu_01_640.jpg\",\"contentUrl\":\"https:\/\/amip.az\/wp-content\/uploads\/2022\/06\/amip_hamzayev_sadiq_mahmud_oglu_01_640.jpg\"},{\"@type\":\"BreadcrumbList\",\"@id\":\"https:\/\/amip.az\/az%c9%99rbaycan-milli-istiqlal-partiyasinin-siyasi-sura-uzvu-2\/#breadcrumb\",\"itemListElement\":[{\"@type\":\"ListItem\",\"position\":1,\"name\":\"Home\",\"item\":\"https:\/\/amip.az\/\"},{\"@type\":\"ListItem\",\"position\":2,\"name\":\"Az\u0259rbaycan Milli \u0130stiqlal Partiyas\u0131 Siyasi \u015euras\u0131n\u0131n \u00fczv\u00fc\"}]},{\"@type\":\"WebSite\",\"@id\":\"https:\/\/amip.az\/az\/#website\",\"url\":\"https:\/\/amip.az\/az\/\",\"name\":\"Az\u0259rbaycan Milli \u0130stiqlal Partiyas\u0131\",\"description\":\"AM\u0130P\",\"publisher\":{\"@id\":\"https:\/\/amip.az\/az\/#organization\"},\"potentialAction\":[{\"@type\":\"SearchAction\",\"target\":{\"@type\":\"EntryPoint\",\"urlTemplate\":\"https:\/\/amip.az\/az\/?s={search_term_string}\"},\"query-input\":{\"@type\":\"PropertyValueSpecification\",\"valueRequired\":true,\"valueName\":\"search_term_string\"}}],\"inLanguage\":\"en-US\"},{\"@type\":\"Organization\",\"@id\":\"https:\/\/amip.az\/az\/#organization\",\"name\":\"Az\u0259rbaycan Milli \u0130stiqlal Partiyas\u0131\",\"url\":\"https:\/\/amip.az\/az\/\",\"logo\":{\"@type\":\"ImageObject\",\"inLanguage\":\"en-US\",\"@id\":\"https:\/\/amip.az\/az\/#\/schema\/logo\/image\/\",\"url\":\"https:\/\/amip.az\/wp-content\/uploads\/2023\/06\/amiplogo.png\",\"contentUrl\":\"https:\/\/amip.az\/wp-content\/uploads\/2023\/06\/amiplogo.png\",\"width\":723,\"height\":423,\"caption\":\"Az\u0259rbaycan Milli \u0130stiqlal Partiyas\u0131\"},\"image\":{\"@id\":\"https:\/\/amip.az\/az\/#\/schema\/logo\/image\/\"},\"sameAs\":[\"https:\/\/www.facebook.com\/istiqlal91\",\"https:\/\/x.com\/APartiyas\",\"https:\/\/www.youtube.com\/channel\/UCF3pc8spko_xON2sr4vUC5A\"]}]}<\/script>\n<!-- \/ Yoast SEO plugin. -->","yoast_head_json":{"title":"Az\u0259rbaycan Milli \u0130stiqlal Partiyas\u0131 Siyasi \u015euras\u0131n\u0131n \u00fczv\u00fc - Az\u0259rbaycan Milli \u0130stiqlal Partiyas\u0131","robots":{"index":"index","follow":"follow","max-snippet":"max-snippet:-1","max-image-preview":"max-image-preview:large","max-video-preview":"max-video-preview:-1"},"canonical":"https:\/\/amip.az\/en\/az\u0259rbaycan-milli-istiqlal-partiyasinin-siyasi-sura-uzvu-2\/","og_locale":"en_US","og_type":"article","og_title":"Az\u0259rbaycan Milli \u0130stiqlal Partiyas\u0131 Siyasi \u015euras\u0131n\u0131n \u00fczv\u00fc - Az\u0259rbaycan Milli \u0130stiqlal Partiyas\u0131","og_description":"Sadiq Mahmud o\u011flu H\u0259mz\u0259yev 14.06.1963-c\u00fc ild\u0259 adadan olub. 1985-1991-ci ill\u0259rd\u0259 Az\u0259rbaycan Tibb \u0130nstitutunun c\u0259rrahl\u0131q ixtisas\u0131n\u0131, 1991-1993-c\u00fc ill\u0259rd\u0259 kliniki ordinaturan\u0131, 1993-1996-c\u0131 ill\u0259rd\u0259 assistent Tibb elml\u0259ri namiz\u0259di, dosent olaraq tibbi f\u0259aliyy\u0259t\u0259 ba\u015flay\u0131b. 2014-2015-ci ill\u0259rd\u0259 T\u00fcrkiy\u0259d\u0259 Transplantologiya (orqan k\u00f6\u00e7\u00fcrm\u0259) kursunu m\u00fcv\u0259ff\u0259qiyy\u0259tl\u0259 bitirib. Hal-haz\u0131rda Az\u0259rbaycan Tibb Universitetinin, lll c\u0259rrahi x\u0259st\u0259likl\u0259r kafedras\u0131nda, eyni zamanda pedoqoji f\u0259aliyy\u0259tini davam etdirir. Sadiq H\u0259mz\u0259yev Az\u0259rbaycan Milli \u0130stiqlal Partiyas\u0131 yarand\u0131\u011f\u0131 ilk ill\u0259rd\u0259n partiyan\u0131n h\u0259yat\u0131nda aktiv f\u0259aliyy\u0259t g\u00f6st\u0259rmi\u015fdir. M\u00fcxt\u0259lif ill\u0259rd\u0259 partiyan\u0131n m\u00fcxt\u0259lif se\u00e7kili orqanlar\u0131na se\u00e7il\u0259r\u0259k, \u00fcz\u0259rin\u0259 d\u00fc\u015f\u0259n v\u0259zif\u0259l\u0259ri layiqinc\u0259 yerin\u0259 yetirmi\u015f hal-haz\u0131rda siyasi f\u0259aliyy\u0259tini partiyada [&hellip;]","og_url":"https:\/\/amip.az\/en\/az\u0259rbaycan-milli-istiqlal-partiyasinin-siyasi-sura-uzvu-2\/","og_site_name":"Az\u0259rbaycan Milli \u0130stiqlal Partiyas\u0131","article_publisher":"https:\/\/www.facebook.com\/istiqlal91","article_modified_time":"2022-07-18T05:48:43+00:00","og_image":[{"url":"https:\/\/amip.az\/wp-content\/uploads\/2022\/06\/amip_hamzayev_sadiq_mahmud_oglu_01_640.jpg"}],"twitter_card":"summary_large_image","twitter_site":"@APartiyas","twitter_misc":{"Est. reading time":"1 minute"},"schema":{"@context":"https:\/\/schema.org","@graph":[{"@type":"WebPage","@id":"https:\/\/amip.az\/az%c9%99rbaycan-milli-istiqlal-partiyasinin-siyasi-sura-uzvu-2\/","url":"https:\/\/amip.az\/az%c9%99rbaycan-milli-istiqlal-partiyasinin-siyasi-sura-uzvu-2\/","name":"Az\u0259rbaycan Milli \u0130stiqlal Partiyas\u0131 Siyasi \u015euras\u0131n\u0131n \u00fczv\u00fc - Az\u0259rbaycan Milli \u0130stiqlal Partiyas\u0131","isPartOf":{"@id":"https:\/\/amip.az\/az\/#website"},"primaryImageOfPage":{"@id":"https:\/\/amip.az\/az%c9%99rbaycan-milli-istiqlal-partiyasinin-siyasi-sura-uzvu-2\/#primaryimage"},"image":{"@id":"https:\/\/amip.az\/az%c9%99rbaycan-milli-istiqlal-partiyasinin-siyasi-sura-uzvu-2\/#primaryimage"},"thumbnailUrl":"https:\/\/amip.az\/wp-content\/uploads\/2022\/06\/amip_hamzayev_sadiq_mahmud_oglu_01_640.jpg","datePublished":"2022-06-14T05:30:29+00:00","dateModified":"2022-07-18T05:48:43+00:00","breadcrumb":{"@id":"https:\/\/amip.az\/az%c9%99rbaycan-milli-istiqlal-partiyasinin-siyasi-sura-uzvu-2\/#breadcrumb"},"inLanguage":"en-US","potentialAction":[{"@type":"ReadAction","target":["https:\/\/amip.az\/az%c9%99rbaycan-milli-istiqlal-partiyasinin-siyasi-sura-uzvu-2\/"]}]},{"@type":"ImageObject","inLanguage":"en-US","@id":"https:\/\/amip.az\/az%c9%99rbaycan-milli-istiqlal-partiyasinin-siyasi-sura-uzvu-2\/#primaryimage","url":"https:\/\/amip.az\/wp-content\/uploads\/2022\/06\/amip_hamzayev_sadiq_mahmud_oglu_01_640.jpg","contentUrl":"https:\/\/amip.az\/wp-content\/uploads\/2022\/06\/amip_hamzayev_sadiq_mahmud_oglu_01_640.jpg"},{"@type":"BreadcrumbList","@id":"https:\/\/amip.az\/az%c9%99rbaycan-milli-istiqlal-partiyasinin-siyasi-sura-uzvu-2\/#breadcrumb","itemListElement":[{"@type":"ListItem","position":1,"name":"Home","item":"https:\/\/amip.az\/"},{"@type":"ListItem","position":2,"name":"Az\u0259rbaycan Milli \u0130stiqlal Partiyas\u0131 Siyasi \u015euras\u0131n\u0131n \u00fczv\u00fc"}]},{"@type":"WebSite","@id":"https:\/\/amip.az\/az\/#website","url":"https:\/\/amip.az\/az\/","name":"Az\u0259rbaycan Milli \u0130stiqlal Partiyas\u0131","description":"AM\u0130P","publisher":{"@id":"https:\/\/amip.az\/az\/#organization"},"potentialAction":[{"@type":"SearchAction","target":{"@type":"EntryPoint","urlTemplate":"https:\/\/amip.az\/az\/?s={search_term_string}"},"query-input":{"@type":"PropertyValueSpecification","valueRequired":true,"valueName":"search_term_string"}}],"inLanguage":"en-US"},{"@type":"Organization","@id":"https:\/\/amip.az\/az\/#organization","name":"Az\u0259rbaycan Milli \u0130stiqlal Partiyas\u0131","url":"https:\/\/amip.az\/az\/","logo":{"@type":"ImageObject","inLanguage":"en-US","@id":"https:\/\/amip.az\/az\/#\/schema\/logo\/image\/","url":"https:\/\/amip.az\/wp-content\/uploads\/2023\/06\/amiplogo.png","contentUrl":"https:\/\/amip.az\/wp-content\/uploads\/2023\/06\/amiplogo.png","width":723,"height":423,"caption":"Az\u0259rbaycan Milli \u0130stiqlal Partiyas\u0131"},"image":{"@id":"https:\/\/amip.az\/az\/#\/schema\/logo\/image\/"},"sameAs":["https:\/\/www.facebook.com\/istiqlal91","https:\/\/x.com\/APartiyas","https:\/\/www.youtube.com\/channel\/UCF3pc8spko_xON2sr4vUC5A"]}]}},"_links":{"self":[{"href":"https:\/\/amip.az\/en\/wp-json\/wp\/v2\/pages\/4452","targetHints":{"allow":["GET"]}}],"collection":[{"href":"https:\/\/amip.az\/en\/wp-json\/wp\/v2\/pages"}],"about":[{"href":"https:\/\/amip.az\/en\/wp-json\/wp\/v2\/types\/page"}],"author":[{"embeddable":true,"href":"https:\/\/amip.az\/en\/wp-json\/wp\/v2\/users\/1"}],"replies":[{"embeddable":true,"href":"https:\/\/amip.az\/en\/wp-json\/wp\/v2\/comments?post=4452"}],"version-history":[{"count":5,"href":"https:\/\/amip.az\/en\/wp-json\/wp\/v2\/pages\/4452\/revisions"}],"predecessor-version":[{"id":5339,"href":"https:\/\/amip.az\/en\/wp-json\/wp\/v2\/pages\/4452\/revisions\/5339"}],"wp:attachment":[{"href":"https:\/\/amip.az\/en\/wp-json\/wp\/v2\/media?parent=4452"}],"curies":[{"name":"wp","href":"https:\/\/api.w.org\/{rel}","templated":true}]}}