{"id":4454,"date":"2022-06-14T09:43:41","date_gmt":"2022-06-14T05:43:41","guid":{"rendered":"https:\/\/vtstrt.mediadesigntech.com\/?page_id=4454"},"modified":"2022-07-22T20:45:24","modified_gmt":"2022-07-22T16:45:24","slug":"az%c9%99rbaycan-milli-istiqlal-partiyasinin-siyasi-sura-uzvu-3","status":"publish","type":"page","link":"https:\/\/amip.az\/en\/az%c9%99rbaycan-milli-istiqlal-partiyasinin-siyasi-sura-uzvu-3\/","title":{"rendered":"Member to Political Council of National Independence Party of Azerbaijan"},"content":{"rendered":"<figure class=\"wp-block-image size-full\"><img loading=\"lazy\" decoding=\"async\" width=\"422\" height=\"540\" src=\"https:\/\/amip.az\/wp-content\/uploads\/2022\/06\/amip_orucov_ali_mahammad_oglu_01_540.jpg\" alt=\"Orucov \u018fli M\u0259h\u0259mm\u0259d o\u011flu\" class=\"wp-image-4497\" srcset=\"https:\/\/amip.az\/wp-content\/uploads\/2022\/06\/amip_orucov_ali_mahammad_oglu_01_540.jpg 422w, https:\/\/amip.az\/wp-content\/uploads\/2022\/06\/amip_orucov_ali_mahammad_oglu_01_540-234x300.jpg 234w, https:\/\/amip.az\/wp-content\/uploads\/2022\/06\/amip_orucov_ali_mahammad_oglu_01_540-9x12.jpg 9w\" sizes=\"auto, (max-width: 422px) 100vw, 422px\" \/><\/figure>\n\n\n\n<p>Orucov \u018fli M\u0259h\u0259mm\u0259d o\u011flu 01.09.1969-cu ild\u0259 anadan olub.<\/p>\n\n\n\n<p>Graduated from the faculty of philology of Baku State University.<\/p>\n\n\n\n<p>1992-ci ild\u0259n Az\u0259rbaycan Milli \u0130stiqlal Partiyas\u0131n\u0131n s\u0131ralar\u0131na daxil olub. Partiyan\u0131n bir \u00e7ox se\u00e7kili orqanlar\u0131na se\u00e7il\u0259r\u0259k y\u00fcks\u0259k v\u0259zif\u0259lil\u0259rd\u0259 t\u0259msil olunub. M\u00fcxt\u0259lif ill\u0259rd\u0259 AM\u0130P M\u0259tbuat v\u0259 T\u0259bli\u011fat katibi olaraq \u00e7al\u0131\u015f\u0131b. <\/p>\n\n\n\n<p>Az\u0259rbaycan\u0131n m\u0259tbuat sah\u0259sind\u0259 pe\u015f\u0259kar jurnalist f\u0259aliyy\u0259ti il\u0259 \u00f6z\u00fcn\u0259m\u0259xsus istedad\u0131 il\u0259 tan\u0131n\u0131r. Hal haz\u0131rda &#8220;Mill\u0259t&#8221; q\u0259zetinin ba\u015f redaktoru, v\u0259zif\u0259sind\u0259 \u00e7al\u0131\u015faraq siyasi f\u0259aliyy\u0259tini AM\u0130P Siyasi \u015euras\u0131nda u\u011furla davam etdirir.<\/p>","protected":false},"excerpt":{"rendered":"<p>Orucov \u018fli M\u0259h\u0259mm\u0259d o\u011flu 01.09.1969-cu ild\u0259 anadan olub. Bak\u0131 D\u00f6vl\u0259t Universitetinin filologiya fak\u00fclt\u0259sini bitirib. 1992-ci ild\u0259n Az\u0259rbaycan Milli \u0130stiqlal Partiyas\u0131n\u0131n s\u0131ralar\u0131na daxil olub. Partiyan\u0131n bir \u00e7ox se\u00e7kili orqanlar\u0131na se\u00e7il\u0259r\u0259k y\u00fcks\u0259k v\u0259zif\u0259lil\u0259rd\u0259 t\u0259msil olunub. M\u00fcxt\u0259lif ill\u0259rd\u0259 AM\u0130P M\u0259tbuat v\u0259 T\u0259bli\u011fat katibi olaraq \u00e7al\u0131\u015f\u0131b. Az\u0259rbaycan\u0131n m\u0259tbuat sah\u0259sind\u0259 pe\u015f\u0259kar jurnalist f\u0259aliyy\u0259ti il\u0259 \u00f6z\u00fcn\u0259m\u0259xsus istedad\u0131 il\u0259 tan\u0131n\u0131r. Hal haz\u0131rda &#8220;Mill\u0259t&#8221; q\u0259zetinin ba\u015f redaktoru, v\u0259zif\u0259sind\u0259 \u00e7al\u0131\u015faraq siyasi f\u0259aliyy\u0259tini AM\u0130P Siyasi \u015euras\u0131nda u\u011furla davam etdirir.<\/p>","protected":false},"author":1,"featured_media":0,"parent":0,"menu_order":0,"comment_status":"closed","ping_status":"closed","template":"","meta":{"footnotes":""},"class_list":["post-4454","page","type-page","status-publish","hentry"],"yoast_head":"<!-- This site is optimized with the Yoast SEO plugin v23.8 - https:\/\/yoast.com\/wordpress\/plugins\/seo\/ -->\n<title>Az\u0259rbaycan Milli \u0130stiqlal Partiyas\u0131 Siyasi \u015euras\u0131n\u0131n \u00fczv\u00fc - Az\u0259rbaycan Milli \u0130stiqlal Partiyas\u0131<\/title>\n<meta name=\"robots\" content=\"index, follow, max-snippet:-1, max-image-preview:large, max-video-preview:-1\" \/>\n<link rel=\"canonical\" href=\"https:\/\/amip.az\/en\/az\u0259rbaycan-milli-istiqlal-partiyasinin-siyasi-sura-uzvu-3\/\" \/>\n<meta property=\"og:locale\" content=\"en_US\" \/>\n<meta property=\"og:type\" content=\"article\" \/>\n<meta property=\"og:title\" content=\"Az\u0259rbaycan Milli \u0130stiqlal Partiyas\u0131 Siyasi \u015euras\u0131n\u0131n \u00fczv\u00fc - Az\u0259rbaycan Milli \u0130stiqlal Partiyas\u0131\" \/>\n<meta property=\"og:description\" content=\"Orucov \u018fli M\u0259h\u0259mm\u0259d o\u011flu 01.09.1969-cu ild\u0259 anadan olub. Bak\u0131 D\u00f6vl\u0259t Universitetinin filologiya fak\u00fclt\u0259sini bitirib. 1992-ci ild\u0259n Az\u0259rbaycan Milli \u0130stiqlal Partiyas\u0131n\u0131n s\u0131ralar\u0131na daxil olub. Partiyan\u0131n bir \u00e7ox se\u00e7kili orqanlar\u0131na se\u00e7il\u0259r\u0259k y\u00fcks\u0259k v\u0259zif\u0259lil\u0259rd\u0259 t\u0259msil olunub. M\u00fcxt\u0259lif ill\u0259rd\u0259 AM\u0130P M\u0259tbuat v\u0259 T\u0259bli\u011fat katibi olaraq \u00e7al\u0131\u015f\u0131b. Az\u0259rbaycan\u0131n m\u0259tbuat sah\u0259sind\u0259 pe\u015f\u0259kar jurnalist f\u0259aliyy\u0259ti il\u0259 \u00f6z\u00fcn\u0259m\u0259xsus istedad\u0131 il\u0259 tan\u0131n\u0131r. Hal haz\u0131rda &#8220;Mill\u0259t&#8221; q\u0259zetinin ba\u015f redaktoru, v\u0259zif\u0259sind\u0259 \u00e7al\u0131\u015faraq siyasi f\u0259aliyy\u0259tini AM\u0130P Siyasi \u015euras\u0131nda u\u011furla davam etdirir.\" \/>\n<meta property=\"og:url\" content=\"https:\/\/amip.az\/en\/az\u0259rbaycan-milli-istiqlal-partiyasinin-siyasi-sura-uzvu-3\/\" \/>\n<meta property=\"og:site_name\" content=\"Az\u0259rbaycan Milli \u0130stiqlal Partiyas\u0131\" \/>\n<meta property=\"article:publisher\" content=\"https:\/\/www.facebook.com\/istiqlal91\" \/>\n<meta property=\"article:modified_time\" content=\"2022-07-22T16:45:24+00:00\" \/>\n<meta property=\"og:image\" content=\"https:\/\/amip.az\/wp-content\/uploads\/2022\/06\/amip_orucov_ali_mahammad_oglu_01_540.jpg\" \/>\n<meta name=\"twitter:card\" content=\"summary_large_image\" \/>\n<meta name=\"twitter:site\" content=\"@APartiyas\" \/>\n<meta name=\"twitter:label1\" content=\"Est. reading time\" \/>\n\t<meta name=\"twitter:data1\" content=\"1 minute\" \/>\n<script type=\"application\/ld+json\" class=\"yoast-schema-graph\">{\"@context\":\"https:\/\/schema.org\",\"@graph\":[{\"@type\":\"WebPage\",\"@id\":\"https:\/\/amip.az\/az%c9%99rbaycan-milli-istiqlal-partiyasinin-siyasi-sura-uzvu-3\/\",\"url\":\"https:\/\/amip.az\/az%c9%99rbaycan-milli-istiqlal-partiyasinin-siyasi-sura-uzvu-3\/\",\"name\":\"Az\u0259rbaycan Milli \u0130stiqlal Partiyas\u0131 Siyasi \u015euras\u0131n\u0131n \u00fczv\u00fc - Az\u0259rbaycan Milli \u0130stiqlal Partiyas\u0131\",\"isPartOf\":{\"@id\":\"https:\/\/amip.az\/az\/#website\"},\"primaryImageOfPage\":{\"@id\":\"https:\/\/amip.az\/az%c9%99rbaycan-milli-istiqlal-partiyasinin-siyasi-sura-uzvu-3\/#primaryimage\"},\"image\":{\"@id\":\"https:\/\/amip.az\/az%c9%99rbaycan-milli-istiqlal-partiyasinin-siyasi-sura-uzvu-3\/#primaryimage\"},\"thumbnailUrl\":\"https:\/\/amip.az\/wp-content\/uploads\/2022\/06\/amip_orucov_ali_mahammad_oglu_01_540.jpg\",\"datePublished\":\"2022-06-14T05:43:41+00:00\",\"dateModified\":\"2022-07-22T16:45:24+00:00\",\"breadcrumb\":{\"@id\":\"https:\/\/amip.az\/az%c9%99rbaycan-milli-istiqlal-partiyasinin-siyasi-sura-uzvu-3\/#breadcrumb\"},\"inLanguage\":\"en-US\",\"potentialAction\":[{\"@type\":\"ReadAction\",\"target\":[\"https:\/\/amip.az\/az%c9%99rbaycan-milli-istiqlal-partiyasinin-siyasi-sura-uzvu-3\/\"]}]},{\"@type\":\"ImageObject\",\"inLanguage\":\"en-US\",\"@id\":\"https:\/\/amip.az\/az%c9%99rbaycan-milli-istiqlal-partiyasinin-siyasi-sura-uzvu-3\/#primaryimage\",\"url\":\"https:\/\/amip.az\/wp-content\/uploads\/2022\/06\/amip_orucov_ali_mahammad_oglu_01_540.jpg\",\"contentUrl\":\"https:\/\/amip.az\/wp-content\/uploads\/2022\/06\/amip_orucov_ali_mahammad_oglu_01_540.jpg\"},{\"@type\":\"BreadcrumbList\",\"@id\":\"https:\/\/amip.az\/az%c9%99rbaycan-milli-istiqlal-partiyasinin-siyasi-sura-uzvu-3\/#breadcrumb\",\"itemListElement\":[{\"@type\":\"ListItem\",\"position\":1,\"name\":\"Home\",\"item\":\"https:\/\/amip.az\/\"},{\"@type\":\"ListItem\",\"position\":2,\"name\":\"Az\u0259rbaycan Milli \u0130stiqlal Partiyas\u0131 Siyasi \u015euras\u0131n\u0131n \u00fczv\u00fc\"}]},{\"@type\":\"WebSite\",\"@id\":\"https:\/\/amip.az\/az\/#website\",\"url\":\"https:\/\/amip.az\/az\/\",\"name\":\"Az\u0259rbaycan Milli \u0130stiqlal Partiyas\u0131\",\"description\":\"AM\u0130P\",\"publisher\":{\"@id\":\"https:\/\/amip.az\/az\/#organization\"},\"potentialAction\":[{\"@type\":\"SearchAction\",\"target\":{\"@type\":\"EntryPoint\",\"urlTemplate\":\"https:\/\/amip.az\/az\/?s={search_term_string}\"},\"query-input\":{\"@type\":\"PropertyValueSpecification\",\"valueRequired\":true,\"valueName\":\"search_term_string\"}}],\"inLanguage\":\"en-US\"},{\"@type\":\"Organization\",\"@id\":\"https:\/\/amip.az\/az\/#organization\",\"name\":\"Az\u0259rbaycan Milli \u0130stiqlal Partiyas\u0131\",\"url\":\"https:\/\/amip.az\/az\/\",\"logo\":{\"@type\":\"ImageObject\",\"inLanguage\":\"en-US\",\"@id\":\"https:\/\/amip.az\/az\/#\/schema\/logo\/image\/\",\"url\":\"https:\/\/amip.az\/wp-content\/uploads\/2023\/06\/amiplogo.png\",\"contentUrl\":\"https:\/\/amip.az\/wp-content\/uploads\/2023\/06\/amiplogo.png\",\"width\":723,\"height\":423,\"caption\":\"Az\u0259rbaycan Milli \u0130stiqlal Partiyas\u0131\"},\"image\":{\"@id\":\"https:\/\/amip.az\/az\/#\/schema\/logo\/image\/\"},\"sameAs\":[\"https:\/\/www.facebook.com\/istiqlal91\",\"https:\/\/x.com\/APartiyas\",\"https:\/\/www.youtube.com\/channel\/UCF3pc8spko_xON2sr4vUC5A\"]}]}<\/script>\n<!-- \/ Yoast SEO plugin. -->","yoast_head_json":{"title":"Az\u0259rbaycan Milli \u0130stiqlal Partiyas\u0131 Siyasi \u015euras\u0131n\u0131n \u00fczv\u00fc - Az\u0259rbaycan Milli \u0130stiqlal Partiyas\u0131","robots":{"index":"index","follow":"follow","max-snippet":"max-snippet:-1","max-image-preview":"max-image-preview:large","max-video-preview":"max-video-preview:-1"},"canonical":"https:\/\/amip.az\/en\/az\u0259rbaycan-milli-istiqlal-partiyasinin-siyasi-sura-uzvu-3\/","og_locale":"en_US","og_type":"article","og_title":"Az\u0259rbaycan Milli \u0130stiqlal Partiyas\u0131 Siyasi \u015euras\u0131n\u0131n \u00fczv\u00fc - Az\u0259rbaycan Milli \u0130stiqlal Partiyas\u0131","og_description":"Orucov \u018fli M\u0259h\u0259mm\u0259d o\u011flu 01.09.1969-cu ild\u0259 anadan olub. Bak\u0131 D\u00f6vl\u0259t Universitetinin filologiya fak\u00fclt\u0259sini bitirib. 1992-ci ild\u0259n Az\u0259rbaycan Milli \u0130stiqlal Partiyas\u0131n\u0131n s\u0131ralar\u0131na daxil olub. Partiyan\u0131n bir \u00e7ox se\u00e7kili orqanlar\u0131na se\u00e7il\u0259r\u0259k y\u00fcks\u0259k v\u0259zif\u0259lil\u0259rd\u0259 t\u0259msil olunub. M\u00fcxt\u0259lif ill\u0259rd\u0259 AM\u0130P M\u0259tbuat v\u0259 T\u0259bli\u011fat katibi olaraq \u00e7al\u0131\u015f\u0131b. Az\u0259rbaycan\u0131n m\u0259tbuat sah\u0259sind\u0259 pe\u015f\u0259kar jurnalist f\u0259aliyy\u0259ti il\u0259 \u00f6z\u00fcn\u0259m\u0259xsus istedad\u0131 il\u0259 tan\u0131n\u0131r. Hal haz\u0131rda &#8220;Mill\u0259t&#8221; q\u0259zetinin ba\u015f redaktoru, v\u0259zif\u0259sind\u0259 \u00e7al\u0131\u015faraq siyasi f\u0259aliyy\u0259tini AM\u0130P Siyasi \u015euras\u0131nda u\u011furla davam etdirir.","og_url":"https:\/\/amip.az\/en\/az\u0259rbaycan-milli-istiqlal-partiyasinin-siyasi-sura-uzvu-3\/","og_site_name":"Az\u0259rbaycan Milli \u0130stiqlal Partiyas\u0131","article_publisher":"https:\/\/www.facebook.com\/istiqlal91","article_modified_time":"2022-07-22T16:45:24+00:00","og_image":[{"url":"https:\/\/amip.az\/wp-content\/uploads\/2022\/06\/amip_orucov_ali_mahammad_oglu_01_540.jpg"}],"twitter_card":"summary_large_image","twitter_site":"@APartiyas","twitter_misc":{"Est. reading time":"1 minute"},"schema":{"@context":"https:\/\/schema.org","@graph":[{"@type":"WebPage","@id":"https:\/\/amip.az\/az%c9%99rbaycan-milli-istiqlal-partiyasinin-siyasi-sura-uzvu-3\/","url":"https:\/\/amip.az\/az%c9%99rbaycan-milli-istiqlal-partiyasinin-siyasi-sura-uzvu-3\/","name":"Az\u0259rbaycan Milli \u0130stiqlal Partiyas\u0131 Siyasi \u015euras\u0131n\u0131n \u00fczv\u00fc - Az\u0259rbaycan Milli \u0130stiqlal Partiyas\u0131","isPartOf":{"@id":"https:\/\/amip.az\/az\/#website"},"primaryImageOfPage":{"@id":"https:\/\/amip.az\/az%c9%99rbaycan-milli-istiqlal-partiyasinin-siyasi-sura-uzvu-3\/#primaryimage"},"image":{"@id":"https:\/\/amip.az\/az%c9%99rbaycan-milli-istiqlal-partiyasinin-siyasi-sura-uzvu-3\/#primaryimage"},"thumbnailUrl":"https:\/\/amip.az\/wp-content\/uploads\/2022\/06\/amip_orucov_ali_mahammad_oglu_01_540.jpg","datePublished":"2022-06-14T05:43:41+00:00","dateModified":"2022-07-22T16:45:24+00:00","breadcrumb":{"@id":"https:\/\/amip.az\/az%c9%99rbaycan-milli-istiqlal-partiyasinin-siyasi-sura-uzvu-3\/#breadcrumb"},"inLanguage":"en-US","potentialAction":[{"@type":"ReadAction","target":["https:\/\/amip.az\/az%c9%99rbaycan-milli-istiqlal-partiyasinin-siyasi-sura-uzvu-3\/"]}]},{"@type":"ImageObject","inLanguage":"en-US","@id":"https:\/\/amip.az\/az%c9%99rbaycan-milli-istiqlal-partiyasinin-siyasi-sura-uzvu-3\/#primaryimage","url":"https:\/\/amip.az\/wp-content\/uploads\/2022\/06\/amip_orucov_ali_mahammad_oglu_01_540.jpg","contentUrl":"https:\/\/amip.az\/wp-content\/uploads\/2022\/06\/amip_orucov_ali_mahammad_oglu_01_540.jpg"},{"@type":"BreadcrumbList","@id":"https:\/\/amip.az\/az%c9%99rbaycan-milli-istiqlal-partiyasinin-siyasi-sura-uzvu-3\/#breadcrumb","itemListElement":[{"@type":"ListItem","position":1,"name":"Home","item":"https:\/\/amip.az\/"},{"@type":"ListItem","position":2,"name":"Az\u0259rbaycan Milli \u0130stiqlal Partiyas\u0131 Siyasi \u015euras\u0131n\u0131n \u00fczv\u00fc"}]},{"@type":"WebSite","@id":"https:\/\/amip.az\/az\/#website","url":"https:\/\/amip.az\/az\/","name":"Az\u0259rbaycan Milli \u0130stiqlal Partiyas\u0131","description":"AM\u0130P","publisher":{"@id":"https:\/\/amip.az\/az\/#organization"},"potentialAction":[{"@type":"SearchAction","target":{"@type":"EntryPoint","urlTemplate":"https:\/\/amip.az\/az\/?s={search_term_string}"},"query-input":{"@type":"PropertyValueSpecification","valueRequired":true,"valueName":"search_term_string"}}],"inLanguage":"en-US"},{"@type":"Organization","@id":"https:\/\/amip.az\/az\/#organization","name":"Az\u0259rbaycan Milli \u0130stiqlal Partiyas\u0131","url":"https:\/\/amip.az\/az\/","logo":{"@type":"ImageObject","inLanguage":"en-US","@id":"https:\/\/amip.az\/az\/#\/schema\/logo\/image\/","url":"https:\/\/amip.az\/wp-content\/uploads\/2023\/06\/amiplogo.png","contentUrl":"https:\/\/amip.az\/wp-content\/uploads\/2023\/06\/amiplogo.png","width":723,"height":423,"caption":"Az\u0259rbaycan Milli \u0130stiqlal Partiyas\u0131"},"image":{"@id":"https:\/\/amip.az\/az\/#\/schema\/logo\/image\/"},"sameAs":["https:\/\/www.facebook.com\/istiqlal91","https:\/\/x.com\/APartiyas","https:\/\/www.youtube.com\/channel\/UCF3pc8spko_xON2sr4vUC5A"]}]}},"_links":{"self":[{"href":"https:\/\/amip.az\/en\/wp-json\/wp\/v2\/pages\/4454","targetHints":{"allow":["GET"]}}],"collection":[{"href":"https:\/\/amip.az\/en\/wp-json\/wp\/v2\/pages"}],"about":[{"href":"https:\/\/amip.az\/en\/wp-json\/wp\/v2\/types\/page"}],"author":[{"embeddable":true,"href":"https:\/\/amip.az\/en\/wp-json\/wp\/v2\/users\/1"}],"replies":[{"embeddable":true,"href":"https:\/\/amip.az\/en\/wp-json\/wp\/v2\/comments?post=4454"}],"version-history":[{"count":6,"href":"https:\/\/amip.az\/en\/wp-json\/wp\/v2\/pages\/4454\/revisions"}],"predecessor-version":[{"id":5415,"href":"https:\/\/amip.az\/en\/wp-json\/wp\/v2\/pages\/4454\/revisions\/5415"}],"wp:attachment":[{"href":"https:\/\/amip.az\/en\/wp-json\/wp\/v2\/media?parent=4454"}],"curies":[{"name":"wp","href":"https:\/\/api.w.org\/{rel}","templated":true}]}}