{"id":4456,"date":"2022-06-14T09:56:31","date_gmt":"2022-06-14T05:56:31","guid":{"rendered":"https:\/\/vtstrt.mediadesigntech.com\/?page_id=4456"},"modified":"2022-07-18T09:50:19","modified_gmt":"2022-07-18T05:50:19","slug":"az%c9%99rbaycan-milli-istiqlal-partiyasinin-siyasi-sura-uzvu-4","status":"publish","type":"page","link":"https:\/\/amip.az\/en\/az%c9%99rbaycan-milli-istiqlal-partiyasinin-siyasi-sura-uzvu-4\/","title":{"rendered":"Member to Political Council of National Independence Party of Azerbaijan"},"content":{"rendered":"<figure class=\"wp-block-image size-full\"><img loading=\"lazy\" decoding=\"async\" width=\"750\" height=\"418\" src=\"https:\/\/amip.az\/wp-content\/uploads\/2022\/06\/amip_tabriz-samandar-oglu-musayev_01_418.jpg\" alt=\"T\u0259briz S\u0259m\u0259nd\u0259r o\u011flu Musayev\" class=\"wp-image-4619\" srcset=\"https:\/\/amip.az\/wp-content\/uploads\/2022\/06\/amip_tabriz-samandar-oglu-musayev_01_418.jpg 750w, https:\/\/amip.az\/wp-content\/uploads\/2022\/06\/amip_tabriz-samandar-oglu-musayev_01_418-300x167.jpg 300w, https:\/\/amip.az\/wp-content\/uploads\/2022\/06\/amip_tabriz-samandar-oglu-musayev_01_418-18x10.jpg 18w\" sizes=\"auto, (max-width: 750px) 100vw, 750px\" \/><\/figure>\n\n\n\n<p>Tabriz Samandar oghlu Musayev in Narimanli village of the Basarkcher region of Goycha on June 1, 1971.<\/p>\n\n\n\n<p>Finished the secondary school of Narimanli village in 1988.<\/p>\n\n\n\n<p>Graduated from the Azerbaijan Technical University in 1993.<\/p>\n\n\n\n<p>In 1999-2001 he served in the Armed Forces of Azerbaijan as a senior leuitenant.<\/p>\n\n\n\n<p>Since 1991 he actively attended in the foundation of NIPA, as well as he was the chairman of party cell.<\/p>\n\n\n\n<p>Since 2005 he\u2019s the chairman of NIPA Absheron region Branch, since 2020 he\u2019s a member of NIPA Political Council. At the same time since 2005 he\u2019s the chairman of the Iravan Freedom Organization.<\/p>\n\n\n\n<p>He\u2019s married, has one child.<\/p>","protected":false},"excerpt":{"rendered":"<p>T\u0259briz S\u0259m\u0259nd\u0259r o\u011flu Musayev 01 iyun 1971- ci ild\u0259 G\u00f6y\u00e7\u0259 mahal\u0131 Basarke\u00e7\u0259r rayonu N\u0259rimanl\u0131 k\u0259ndind\u0259 anadan olmu\u015fdur. 1988-ci ild\u0259 N\u0259rimanl\u0131 k\u0259nd orta m\u0259kt\u0259bini bitirmi\u015fdir. 1988-ci ild\u0259 Az\u0259rbaycan Politexnik \u0130nstitutuna daxil olmu\u015f 1993-c\u00fc ild\u0259 Az\u0259rbaycan Texniki Universitetini bitirmi\u015fdir. 1999-2001-ci ill\u0259rd\u0259 Az\u0259rbaycan ordusunda ba\u015f leytenant r\u00fctb\u0259sind\u0259 Az\u0259rbaycan Silahl\u0131 Q\u00fcvv\u0259l\u0259rind\u0259 h\u0259rbi xidm\u0259td\u0259 olub. 1991-ci ild\u0259n AM\u0130P-in qurulmas\u0131nda f\u0259al i\u015ftirak etmi\u015f, \u00f6z\u0259k s\u0259dri kimi f\u0259aliyy\u0259t g\u00f6st\u0259rmi\u015fdir. 2005-ci ild\u0259n AM\u0130P-in Ab\u015feron Rayon T\u0259\u015fkilat\u0131n\u0131n s\u0259dri, 2020-ci ild\u0259n AM\u0130P-in Siyasi \u015euras\u0131n\u0131n \u00fczv\u00fcd\u00fcr. Eyni zamanda 2005-ci ild\u0259n \u0130r\u0259van Azadl\u0131q T\u0259\u015fkilat\u0131n\u0131n s\u0259dridir. Ail\u0259lidir.<\/p>","protected":false},"author":1,"featured_media":0,"parent":0,"menu_order":0,"comment_status":"closed","ping_status":"closed","template":"","meta":{"footnotes":""},"class_list":["post-4456","page","type-page","status-publish","hentry"],"yoast_head":"<!-- This site is optimized with the Yoast SEO plugin v23.8 - https:\/\/yoast.com\/wordpress\/plugins\/seo\/ -->\n<title>Az\u0259rbaycan Milli \u0130stiqlal Partiyas\u0131 Siyasi \u015euras\u0131n\u0131n \u00fczv\u00fc - Az\u0259rbaycan Milli \u0130stiqlal Partiyas\u0131<\/title>\n<meta name=\"robots\" content=\"index, follow, max-snippet:-1, max-image-preview:large, max-video-preview:-1\" \/>\n<link rel=\"canonical\" href=\"https:\/\/amip.az\/en\/az\u0259rbaycan-milli-istiqlal-partiyasinin-siyasi-sura-uzvu-4\/\" \/>\n<meta property=\"og:locale\" content=\"en_US\" \/>\n<meta property=\"og:type\" content=\"article\" \/>\n<meta property=\"og:title\" content=\"Az\u0259rbaycan Milli \u0130stiqlal Partiyas\u0131 Siyasi \u015euras\u0131n\u0131n \u00fczv\u00fc - Az\u0259rbaycan Milli \u0130stiqlal Partiyas\u0131\" \/>\n<meta property=\"og:description\" content=\"T\u0259briz S\u0259m\u0259nd\u0259r o\u011flu Musayev 01 iyun 1971- ci ild\u0259 G\u00f6y\u00e7\u0259 mahal\u0131 Basarke\u00e7\u0259r rayonu N\u0259rimanl\u0131 k\u0259ndind\u0259 anadan olmu\u015fdur. 1988-ci ild\u0259 N\u0259rimanl\u0131 k\u0259nd orta m\u0259kt\u0259bini bitirmi\u015fdir. 1988-ci ild\u0259 Az\u0259rbaycan Politexnik \u0130nstitutuna daxil olmu\u015f 1993-c\u00fc ild\u0259 Az\u0259rbaycan Texniki Universitetini bitirmi\u015fdir. 1999-2001-ci ill\u0259rd\u0259 Az\u0259rbaycan ordusunda ba\u015f leytenant r\u00fctb\u0259sind\u0259 Az\u0259rbaycan Silahl\u0131 Q\u00fcvv\u0259l\u0259rind\u0259 h\u0259rbi xidm\u0259td\u0259 olub. 1991-ci ild\u0259n AM\u0130P-in qurulmas\u0131nda f\u0259al i\u015ftirak etmi\u015f, \u00f6z\u0259k s\u0259dri kimi f\u0259aliyy\u0259t g\u00f6st\u0259rmi\u015fdir. 2005-ci ild\u0259n AM\u0130P-in Ab\u015feron Rayon T\u0259\u015fkilat\u0131n\u0131n s\u0259dri, 2020-ci ild\u0259n AM\u0130P-in Siyasi \u015euras\u0131n\u0131n \u00fczv\u00fcd\u00fcr. Eyni zamanda 2005-ci ild\u0259n \u0130r\u0259van Azadl\u0131q T\u0259\u015fkilat\u0131n\u0131n s\u0259dridir. Ail\u0259lidir.\" \/>\n<meta property=\"og:url\" content=\"https:\/\/amip.az\/en\/az\u0259rbaycan-milli-istiqlal-partiyasinin-siyasi-sura-uzvu-4\/\" \/>\n<meta property=\"og:site_name\" content=\"Az\u0259rbaycan Milli \u0130stiqlal Partiyas\u0131\" \/>\n<meta property=\"article:publisher\" content=\"https:\/\/www.facebook.com\/istiqlal91\" \/>\n<meta property=\"article:modified_time\" content=\"2022-07-18T05:50:19+00:00\" \/>\n<meta property=\"og:image\" content=\"https:\/\/amip.az\/wp-content\/uploads\/2022\/06\/amip_tabriz-samandar-oglu-musayev_01_418.jpg\" \/>\n<meta name=\"twitter:card\" content=\"summary_large_image\" \/>\n<meta name=\"twitter:site\" content=\"@APartiyas\" \/>\n<meta name=\"twitter:label1\" content=\"Est. reading time\" \/>\n\t<meta name=\"twitter:data1\" content=\"1 minute\" \/>\n<script type=\"application\/ld+json\" class=\"yoast-schema-graph\">{\"@context\":\"https:\/\/schema.org\",\"@graph\":[{\"@type\":\"WebPage\",\"@id\":\"https:\/\/amip.az\/az%c9%99rbaycan-milli-istiqlal-partiyasinin-siyasi-sura-uzvu-4\/\",\"url\":\"https:\/\/amip.az\/az%c9%99rbaycan-milli-istiqlal-partiyasinin-siyasi-sura-uzvu-4\/\",\"name\":\"Az\u0259rbaycan Milli \u0130stiqlal Partiyas\u0131 Siyasi \u015euras\u0131n\u0131n \u00fczv\u00fc - Az\u0259rbaycan Milli \u0130stiqlal Partiyas\u0131\",\"isPartOf\":{\"@id\":\"https:\/\/amip.az\/az\/#website\"},\"primaryImageOfPage\":{\"@id\":\"https:\/\/amip.az\/az%c9%99rbaycan-milli-istiqlal-partiyasinin-siyasi-sura-uzvu-4\/#primaryimage\"},\"image\":{\"@id\":\"https:\/\/amip.az\/az%c9%99rbaycan-milli-istiqlal-partiyasinin-siyasi-sura-uzvu-4\/#primaryimage\"},\"thumbnailUrl\":\"https:\/\/amip.az\/wp-content\/uploads\/2022\/06\/amip_tabriz-samandar-oglu-musayev_01_418.jpg\",\"datePublished\":\"2022-06-14T05:56:31+00:00\",\"dateModified\":\"2022-07-18T05:50:19+00:00\",\"breadcrumb\":{\"@id\":\"https:\/\/amip.az\/az%c9%99rbaycan-milli-istiqlal-partiyasinin-siyasi-sura-uzvu-4\/#breadcrumb\"},\"inLanguage\":\"en-US\",\"potentialAction\":[{\"@type\":\"ReadAction\",\"target\":[\"https:\/\/amip.az\/az%c9%99rbaycan-milli-istiqlal-partiyasinin-siyasi-sura-uzvu-4\/\"]}]},{\"@type\":\"ImageObject\",\"inLanguage\":\"en-US\",\"@id\":\"https:\/\/amip.az\/az%c9%99rbaycan-milli-istiqlal-partiyasinin-siyasi-sura-uzvu-4\/#primaryimage\",\"url\":\"https:\/\/amip.az\/wp-content\/uploads\/2022\/06\/amip_tabriz-samandar-oglu-musayev_01_418.jpg\",\"contentUrl\":\"https:\/\/amip.az\/wp-content\/uploads\/2022\/06\/amip_tabriz-samandar-oglu-musayev_01_418.jpg\"},{\"@type\":\"BreadcrumbList\",\"@id\":\"https:\/\/amip.az\/az%c9%99rbaycan-milli-istiqlal-partiyasinin-siyasi-sura-uzvu-4\/#breadcrumb\",\"itemListElement\":[{\"@type\":\"ListItem\",\"position\":1,\"name\":\"Home\",\"item\":\"https:\/\/amip.az\/\"},{\"@type\":\"ListItem\",\"position\":2,\"name\":\"Az\u0259rbaycan Milli \u0130stiqlal Partiyas\u0131 Siyasi \u015euras\u0131n\u0131n \u00fczv\u00fc\"}]},{\"@type\":\"WebSite\",\"@id\":\"https:\/\/amip.az\/az\/#website\",\"url\":\"https:\/\/amip.az\/az\/\",\"name\":\"Az\u0259rbaycan Milli \u0130stiqlal Partiyas\u0131\",\"description\":\"AM\u0130P\",\"publisher\":{\"@id\":\"https:\/\/amip.az\/az\/#organization\"},\"potentialAction\":[{\"@type\":\"SearchAction\",\"target\":{\"@type\":\"EntryPoint\",\"urlTemplate\":\"https:\/\/amip.az\/az\/?s={search_term_string}\"},\"query-input\":{\"@type\":\"PropertyValueSpecification\",\"valueRequired\":true,\"valueName\":\"search_term_string\"}}],\"inLanguage\":\"en-US\"},{\"@type\":\"Organization\",\"@id\":\"https:\/\/amip.az\/az\/#organization\",\"name\":\"Az\u0259rbaycan Milli \u0130stiqlal Partiyas\u0131\",\"url\":\"https:\/\/amip.az\/az\/\",\"logo\":{\"@type\":\"ImageObject\",\"inLanguage\":\"en-US\",\"@id\":\"https:\/\/amip.az\/az\/#\/schema\/logo\/image\/\",\"url\":\"https:\/\/amip.az\/wp-content\/uploads\/2023\/06\/amiplogo.png\",\"contentUrl\":\"https:\/\/amip.az\/wp-content\/uploads\/2023\/06\/amiplogo.png\",\"width\":723,\"height\":423,\"caption\":\"Az\u0259rbaycan Milli \u0130stiqlal Partiyas\u0131\"},\"image\":{\"@id\":\"https:\/\/amip.az\/az\/#\/schema\/logo\/image\/\"},\"sameAs\":[\"https:\/\/www.facebook.com\/istiqlal91\",\"https:\/\/x.com\/APartiyas\",\"https:\/\/www.youtube.com\/channel\/UCF3pc8spko_xON2sr4vUC5A\"]}]}<\/script>\n<!-- \/ Yoast SEO plugin. -->","yoast_head_json":{"title":"Az\u0259rbaycan Milli \u0130stiqlal Partiyas\u0131 Siyasi \u015euras\u0131n\u0131n \u00fczv\u00fc - Az\u0259rbaycan Milli \u0130stiqlal Partiyas\u0131","robots":{"index":"index","follow":"follow","max-snippet":"max-snippet:-1","max-image-preview":"max-image-preview:large","max-video-preview":"max-video-preview:-1"},"canonical":"https:\/\/amip.az\/en\/az\u0259rbaycan-milli-istiqlal-partiyasinin-siyasi-sura-uzvu-4\/","og_locale":"en_US","og_type":"article","og_title":"Az\u0259rbaycan Milli \u0130stiqlal Partiyas\u0131 Siyasi \u015euras\u0131n\u0131n \u00fczv\u00fc - Az\u0259rbaycan Milli \u0130stiqlal Partiyas\u0131","og_description":"T\u0259briz S\u0259m\u0259nd\u0259r o\u011flu Musayev 01 iyun 1971- ci ild\u0259 G\u00f6y\u00e7\u0259 mahal\u0131 Basarke\u00e7\u0259r rayonu N\u0259rimanl\u0131 k\u0259ndind\u0259 anadan olmu\u015fdur. 1988-ci ild\u0259 N\u0259rimanl\u0131 k\u0259nd orta m\u0259kt\u0259bini bitirmi\u015fdir. 1988-ci ild\u0259 Az\u0259rbaycan Politexnik \u0130nstitutuna daxil olmu\u015f 1993-c\u00fc ild\u0259 Az\u0259rbaycan Texniki Universitetini bitirmi\u015fdir. 1999-2001-ci ill\u0259rd\u0259 Az\u0259rbaycan ordusunda ba\u015f leytenant r\u00fctb\u0259sind\u0259 Az\u0259rbaycan Silahl\u0131 Q\u00fcvv\u0259l\u0259rind\u0259 h\u0259rbi xidm\u0259td\u0259 olub. 1991-ci ild\u0259n AM\u0130P-in qurulmas\u0131nda f\u0259al i\u015ftirak etmi\u015f, \u00f6z\u0259k s\u0259dri kimi f\u0259aliyy\u0259t g\u00f6st\u0259rmi\u015fdir. 2005-ci ild\u0259n AM\u0130P-in Ab\u015feron Rayon T\u0259\u015fkilat\u0131n\u0131n s\u0259dri, 2020-ci ild\u0259n AM\u0130P-in Siyasi \u015euras\u0131n\u0131n \u00fczv\u00fcd\u00fcr. Eyni zamanda 2005-ci ild\u0259n \u0130r\u0259van Azadl\u0131q T\u0259\u015fkilat\u0131n\u0131n s\u0259dridir. Ail\u0259lidir.","og_url":"https:\/\/amip.az\/en\/az\u0259rbaycan-milli-istiqlal-partiyasinin-siyasi-sura-uzvu-4\/","og_site_name":"Az\u0259rbaycan Milli \u0130stiqlal Partiyas\u0131","article_publisher":"https:\/\/www.facebook.com\/istiqlal91","article_modified_time":"2022-07-18T05:50:19+00:00","og_image":[{"url":"https:\/\/amip.az\/wp-content\/uploads\/2022\/06\/amip_tabriz-samandar-oglu-musayev_01_418.jpg"}],"twitter_card":"summary_large_image","twitter_site":"@APartiyas","twitter_misc":{"Est. reading time":"1 minute"},"schema":{"@context":"https:\/\/schema.org","@graph":[{"@type":"WebPage","@id":"https:\/\/amip.az\/az%c9%99rbaycan-milli-istiqlal-partiyasinin-siyasi-sura-uzvu-4\/","url":"https:\/\/amip.az\/az%c9%99rbaycan-milli-istiqlal-partiyasinin-siyasi-sura-uzvu-4\/","name":"Az\u0259rbaycan Milli \u0130stiqlal Partiyas\u0131 Siyasi \u015euras\u0131n\u0131n \u00fczv\u00fc - Az\u0259rbaycan Milli \u0130stiqlal Partiyas\u0131","isPartOf":{"@id":"https:\/\/amip.az\/az\/#website"},"primaryImageOfPage":{"@id":"https:\/\/amip.az\/az%c9%99rbaycan-milli-istiqlal-partiyasinin-siyasi-sura-uzvu-4\/#primaryimage"},"image":{"@id":"https:\/\/amip.az\/az%c9%99rbaycan-milli-istiqlal-partiyasinin-siyasi-sura-uzvu-4\/#primaryimage"},"thumbnailUrl":"https:\/\/amip.az\/wp-content\/uploads\/2022\/06\/amip_tabriz-samandar-oglu-musayev_01_418.jpg","datePublished":"2022-06-14T05:56:31+00:00","dateModified":"2022-07-18T05:50:19+00:00","breadcrumb":{"@id":"https:\/\/amip.az\/az%c9%99rbaycan-milli-istiqlal-partiyasinin-siyasi-sura-uzvu-4\/#breadcrumb"},"inLanguage":"en-US","potentialAction":[{"@type":"ReadAction","target":["https:\/\/amip.az\/az%c9%99rbaycan-milli-istiqlal-partiyasinin-siyasi-sura-uzvu-4\/"]}]},{"@type":"ImageObject","inLanguage":"en-US","@id":"https:\/\/amip.az\/az%c9%99rbaycan-milli-istiqlal-partiyasinin-siyasi-sura-uzvu-4\/#primaryimage","url":"https:\/\/amip.az\/wp-content\/uploads\/2022\/06\/amip_tabriz-samandar-oglu-musayev_01_418.jpg","contentUrl":"https:\/\/amip.az\/wp-content\/uploads\/2022\/06\/amip_tabriz-samandar-oglu-musayev_01_418.jpg"},{"@type":"BreadcrumbList","@id":"https:\/\/amip.az\/az%c9%99rbaycan-milli-istiqlal-partiyasinin-siyasi-sura-uzvu-4\/#breadcrumb","itemListElement":[{"@type":"ListItem","position":1,"name":"Home","item":"https:\/\/amip.az\/"},{"@type":"ListItem","position":2,"name":"Az\u0259rbaycan Milli \u0130stiqlal Partiyas\u0131 Siyasi \u015euras\u0131n\u0131n \u00fczv\u00fc"}]},{"@type":"WebSite","@id":"https:\/\/amip.az\/az\/#website","url":"https:\/\/amip.az\/az\/","name":"Az\u0259rbaycan Milli \u0130stiqlal Partiyas\u0131","description":"AM\u0130P","publisher":{"@id":"https:\/\/amip.az\/az\/#organization"},"potentialAction":[{"@type":"SearchAction","target":{"@type":"EntryPoint","urlTemplate":"https:\/\/amip.az\/az\/?s={search_term_string}"},"query-input":{"@type":"PropertyValueSpecification","valueRequired":true,"valueName":"search_term_string"}}],"inLanguage":"en-US"},{"@type":"Organization","@id":"https:\/\/amip.az\/az\/#organization","name":"Az\u0259rbaycan Milli \u0130stiqlal Partiyas\u0131","url":"https:\/\/amip.az\/az\/","logo":{"@type":"ImageObject","inLanguage":"en-US","@id":"https:\/\/amip.az\/az\/#\/schema\/logo\/image\/","url":"https:\/\/amip.az\/wp-content\/uploads\/2023\/06\/amiplogo.png","contentUrl":"https:\/\/amip.az\/wp-content\/uploads\/2023\/06\/amiplogo.png","width":723,"height":423,"caption":"Az\u0259rbaycan Milli \u0130stiqlal Partiyas\u0131"},"image":{"@id":"https:\/\/amip.az\/az\/#\/schema\/logo\/image\/"},"sameAs":["https:\/\/www.facebook.com\/istiqlal91","https:\/\/x.com\/APartiyas","https:\/\/www.youtube.com\/channel\/UCF3pc8spko_xON2sr4vUC5A"]}]}},"_links":{"self":[{"href":"https:\/\/amip.az\/en\/wp-json\/wp\/v2\/pages\/4456","targetHints":{"allow":["GET"]}}],"collection":[{"href":"https:\/\/amip.az\/en\/wp-json\/wp\/v2\/pages"}],"about":[{"href":"https:\/\/amip.az\/en\/wp-json\/wp\/v2\/types\/page"}],"author":[{"embeddable":true,"href":"https:\/\/amip.az\/en\/wp-json\/wp\/v2\/users\/1"}],"replies":[{"embeddable":true,"href":"https:\/\/amip.az\/en\/wp-json\/wp\/v2\/comments?post=4456"}],"version-history":[{"count":5,"href":"https:\/\/amip.az\/en\/wp-json\/wp\/v2\/pages\/4456\/revisions"}],"predecessor-version":[{"id":5341,"href":"https:\/\/amip.az\/en\/wp-json\/wp\/v2\/pages\/4456\/revisions\/5341"}],"wp:attachment":[{"href":"https:\/\/amip.az\/en\/wp-json\/wp\/v2\/media?parent=4456"}],"curies":[{"name":"wp","href":"https:\/\/api.w.org\/{rel}","templated":true}]}}