{"id":4462,"date":"2022-06-14T10:06:41","date_gmt":"2022-06-14T06:06:41","guid":{"rendered":"https:\/\/vtstrt.mediadesigntech.com\/?page_id=4462"},"modified":"2022-07-18T08:23:55","modified_gmt":"2022-07-18T04:23:55","slug":"az%c9%99rbaycan-milli-istiqlal-partiyasinin-siyasi-sura-uzvu-5","status":"publish","type":"page","link":"https:\/\/amip.az\/en\/az%c9%99rbaycan-milli-istiqlal-partiyasinin-siyasi-sura-uzvu-5\/","title":{"rendered":"Member to Political Council of National Independence Party of Azerbaijan"},"content":{"rendered":"<figure class=\"wp-block-image size-full\"><img loading=\"lazy\" decoding=\"async\" width=\"960\" height=\"640\" src=\"https:\/\/amip.az\/wp-content\/uploads\/2022\/06\/amip_malikaliyev_xanmirza_xanbala_oglu_01_640.jpg\" alt=\"Xanmirz\u0259 Xanbala o\u011flu M\u0259lik\u0259liyev\" class=\"wp-image-4501\" srcset=\"https:\/\/amip.az\/wp-content\/uploads\/2022\/06\/amip_malikaliyev_xanmirza_xanbala_oglu_01_640.jpg 960w, https:\/\/amip.az\/wp-content\/uploads\/2022\/06\/amip_malikaliyev_xanmirza_xanbala_oglu_01_640-300x200.jpg 300w, https:\/\/amip.az\/wp-content\/uploads\/2022\/06\/amip_malikaliyev_xanmirza_xanbala_oglu_01_640-768x512.jpg 768w, https:\/\/amip.az\/wp-content\/uploads\/2022\/06\/amip_malikaliyev_xanmirza_xanbala_oglu_01_640-18x12.jpg 18w\" sizes=\"auto, (max-width: 960px) 100vw, 960px\" \/><\/figure>\n\n\n\n<p>Khanmirza Khanbala Malikaliyev was born on March 21, 1954 in Baku city.<\/p>\n\n\n\n<p>Finished school No 190 in Sabail District of Baku city, entered the Azerbaijan State University for Physical Training and Sport in 1972 and graduated from this university in 1976.<\/p>\n\n\n\n<p>He has been going in for wrestling since 1969. He\u2019s a USSR master of sports on Greko-Roman wrestling since 1976. After serving at Military service of the Soviet Armed Forces, since 1978 he had worked as a coaching teacher on Greko-Roman wrestling at the Sport Union \u201cVodnik\u201d of the Caspian Marine Services Company for 12 years, had trained five men on Greko-roman wrestling who became master of sports in the USSR, one of these sportsmen is Elchin Aliyev, the commander-in-chief of the squadron of Barda city, represented Azerbaijan in high level events competing in the 100 kg division.<\/p>\n\n\n\n<p>From 1989 till 1993 he was a senior sports instructor on all kinds of wrestling at the Baku Sports Committee.<\/p>\n\n\n\n<p>In 1992 he was the first international referee of Independent Azerbaijan on different kinds of sports.<\/p>\n\n\n\n<p>In 1993 he occupied the position of the Secretary general at the Azerbaijan Wrestling Federation while Etibar Mammadov was the president of its, in 2008 he was unfairly dismissed from his post by other leadership of the Federation.<\/p>\n\n\n\n<p>Since 2017 he\u2019s on pension.<\/p>\n\n\n\n<p>From 1993 till 2014 he held practical training on wrestling in the country, as well as organized workshops on its theory. He\u2019s also the author of the 88-page rights and regulations of wrestling.<\/p>\n\n\n\n<p>He\u2019s a member of NIPA since 1995. He was a candidate to the Municipality of Yasamal District in 2005, a candidate for a member of parliament at the Yasamal District Constituency in 2010.<\/p>","protected":false},"excerpt":{"rendered":"<p>Xanmirz\u0259 Xanbala o\u011flu M\u0259lik\u0259liyev 21 mart 1954-c\u00fc ild\u0259 Bak\u0131 \u015f\u0259h\u0259rind\u0259 anadan olub. 1971-ci ild\u0259 S\u0259bail rayonu 190 n\u00f6mr\u0259li m\u0259kt\u0259bi bitirdikd\u0259n sonra 1972-ci ild\u0259 Az\u0259rbaycan D\u00f6vl\u0259t B\u0259d\u0259n T\u0259rbiy\u0259 \u0130nstituna daxil olub. 1976-c\u0131 ild\u0259 h\u0259min institutu bitirib. 1969-cu ild\u0259n g\u00fcl\u0259\u015f idman n\u00f6v\u00fc il\u0259 m\u0259\u015f\u011ful olur. 1976-c\u0131 ild\u0259n yunan-roma g\u00fcl\u0259\u015fi \u00fczr\u0259 SSR\u0130 idman ustas\u0131dlr. Sovet Silahl\u0131 Q\u00fcvv\u0259l\u0259rind\u0259 h\u0259rbi xidm\u0259t ke\u00e7dikd\u0259n sonra 1978-ci ild\u0259n yunan-roma g\u00fcl\u0259\u015fi \u00fczr\u0259 Kaspar\u0131n &#8220;Vodnik&#8221; idman c\u0259miyy\u0259tind\u0259 m\u0259\u015fq\u00e7i-m\u00fc\u0259llim v\u0259zif\u0259sind\u0259 12 il \u00e7al\u0131\u015f\u0131b, h\u0259min n\u00f6vd\u0259n 5-n\u0259f\u0259r SSR\u0130 idman ustas\u0131 haz\u0131rlay\u0131b onlardan biri B\u0259rd\u0259 Batalyonun komandiri [&hellip;]<\/p>","protected":false},"author":1,"featured_media":0,"parent":0,"menu_order":0,"comment_status":"closed","ping_status":"closed","template":"","meta":{"footnotes":""},"class_list":["post-4462","page","type-page","status-publish","hentry"],"yoast_head":"<!-- This site is optimized with the Yoast SEO plugin v23.8 - https:\/\/yoast.com\/wordpress\/plugins\/seo\/ -->\n<title>Az\u0259rbaycan Milli \u0130stiqlal Partiyas\u0131 Siyasi \u015euras\u0131n\u0131n \u00fczv\u00fc - Az\u0259rbaycan Milli \u0130stiqlal Partiyas\u0131<\/title>\n<meta name=\"robots\" content=\"index, follow, max-snippet:-1, max-image-preview:large, max-video-preview:-1\" \/>\n<link rel=\"canonical\" href=\"https:\/\/amip.az\/en\/az\u0259rbaycan-milli-istiqlal-partiyasinin-siyasi-sura-uzvu-5\/\" \/>\n<meta property=\"og:locale\" content=\"en_US\" \/>\n<meta property=\"og:type\" content=\"article\" \/>\n<meta property=\"og:title\" content=\"Az\u0259rbaycan Milli \u0130stiqlal Partiyas\u0131 Siyasi \u015euras\u0131n\u0131n \u00fczv\u00fc - Az\u0259rbaycan Milli \u0130stiqlal Partiyas\u0131\" \/>\n<meta property=\"og:description\" content=\"Xanmirz\u0259 Xanbala o\u011flu M\u0259lik\u0259liyev 21 mart 1954-c\u00fc ild\u0259 Bak\u0131 \u015f\u0259h\u0259rind\u0259 anadan olub. 1971-ci ild\u0259 S\u0259bail rayonu 190 n\u00f6mr\u0259li m\u0259kt\u0259bi bitirdikd\u0259n sonra 1972-ci ild\u0259 Az\u0259rbaycan D\u00f6vl\u0259t B\u0259d\u0259n T\u0259rbiy\u0259 \u0130nstituna daxil olub. 1976-c\u0131 ild\u0259 h\u0259min institutu bitirib. 1969-cu ild\u0259n g\u00fcl\u0259\u015f idman n\u00f6v\u00fc il\u0259 m\u0259\u015f\u011ful olur. 1976-c\u0131 ild\u0259n yunan-roma g\u00fcl\u0259\u015fi \u00fczr\u0259 SSR\u0130 idman ustas\u0131dlr. Sovet Silahl\u0131 Q\u00fcvv\u0259l\u0259rind\u0259 h\u0259rbi xidm\u0259t ke\u00e7dikd\u0259n sonra 1978-ci ild\u0259n yunan-roma g\u00fcl\u0259\u015fi \u00fczr\u0259 Kaspar\u0131n &#8220;Vodnik&#8221; idman c\u0259miyy\u0259tind\u0259 m\u0259\u015fq\u00e7i-m\u00fc\u0259llim v\u0259zif\u0259sind\u0259 12 il \u00e7al\u0131\u015f\u0131b, h\u0259min n\u00f6vd\u0259n 5-n\u0259f\u0259r SSR\u0130 idman ustas\u0131 haz\u0131rlay\u0131b onlardan biri B\u0259rd\u0259 Batalyonun komandiri [&hellip;]\" \/>\n<meta property=\"og:url\" content=\"https:\/\/amip.az\/en\/az\u0259rbaycan-milli-istiqlal-partiyasinin-siyasi-sura-uzvu-5\/\" \/>\n<meta property=\"og:site_name\" content=\"Az\u0259rbaycan Milli \u0130stiqlal Partiyas\u0131\" \/>\n<meta property=\"article:publisher\" content=\"https:\/\/www.facebook.com\/istiqlal91\" \/>\n<meta property=\"article:modified_time\" content=\"2022-07-18T04:23:55+00:00\" \/>\n<meta property=\"og:image\" content=\"https:\/\/amip.az\/wp-content\/uploads\/2022\/06\/amip_malikaliyev_xanmirza_xanbala_oglu_01_640.jpg\" \/>\n<meta name=\"twitter:card\" content=\"summary_large_image\" \/>\n<meta name=\"twitter:site\" content=\"@APartiyas\" \/>\n<meta name=\"twitter:label1\" content=\"Est. reading time\" \/>\n\t<meta name=\"twitter:data1\" content=\"2 minutes\" \/>\n<script type=\"application\/ld+json\" class=\"yoast-schema-graph\">{\"@context\":\"https:\/\/schema.org\",\"@graph\":[{\"@type\":\"WebPage\",\"@id\":\"https:\/\/amip.az\/az%c9%99rbaycan-milli-istiqlal-partiyasinin-siyasi-sura-uzvu-5\/\",\"url\":\"https:\/\/amip.az\/az%c9%99rbaycan-milli-istiqlal-partiyasinin-siyasi-sura-uzvu-5\/\",\"name\":\"Az\u0259rbaycan Milli \u0130stiqlal Partiyas\u0131 Siyasi \u015euras\u0131n\u0131n \u00fczv\u00fc - Az\u0259rbaycan Milli \u0130stiqlal Partiyas\u0131\",\"isPartOf\":{\"@id\":\"https:\/\/amip.az\/az\/#website\"},\"primaryImageOfPage\":{\"@id\":\"https:\/\/amip.az\/az%c9%99rbaycan-milli-istiqlal-partiyasinin-siyasi-sura-uzvu-5\/#primaryimage\"},\"image\":{\"@id\":\"https:\/\/amip.az\/az%c9%99rbaycan-milli-istiqlal-partiyasinin-siyasi-sura-uzvu-5\/#primaryimage\"},\"thumbnailUrl\":\"https:\/\/amip.az\/wp-content\/uploads\/2022\/06\/amip_malikaliyev_xanmirza_xanbala_oglu_01_640.jpg\",\"datePublished\":\"2022-06-14T06:06:41+00:00\",\"dateModified\":\"2022-07-18T04:23:55+00:00\",\"breadcrumb\":{\"@id\":\"https:\/\/amip.az\/az%c9%99rbaycan-milli-istiqlal-partiyasinin-siyasi-sura-uzvu-5\/#breadcrumb\"},\"inLanguage\":\"en-US\",\"potentialAction\":[{\"@type\":\"ReadAction\",\"target\":[\"https:\/\/amip.az\/az%c9%99rbaycan-milli-istiqlal-partiyasinin-siyasi-sura-uzvu-5\/\"]}]},{\"@type\":\"ImageObject\",\"inLanguage\":\"en-US\",\"@id\":\"https:\/\/amip.az\/az%c9%99rbaycan-milli-istiqlal-partiyasinin-siyasi-sura-uzvu-5\/#primaryimage\",\"url\":\"https:\/\/amip.az\/wp-content\/uploads\/2022\/06\/amip_malikaliyev_xanmirza_xanbala_oglu_01_640.jpg\",\"contentUrl\":\"https:\/\/amip.az\/wp-content\/uploads\/2022\/06\/amip_malikaliyev_xanmirza_xanbala_oglu_01_640.jpg\"},{\"@type\":\"BreadcrumbList\",\"@id\":\"https:\/\/amip.az\/az%c9%99rbaycan-milli-istiqlal-partiyasinin-siyasi-sura-uzvu-5\/#breadcrumb\",\"itemListElement\":[{\"@type\":\"ListItem\",\"position\":1,\"name\":\"Home\",\"item\":\"https:\/\/amip.az\/\"},{\"@type\":\"ListItem\",\"position\":2,\"name\":\"Az\u0259rbaycan Milli \u0130stiqlal Partiyas\u0131 Siyasi \u015euras\u0131n\u0131n \u00fczv\u00fc\"}]},{\"@type\":\"WebSite\",\"@id\":\"https:\/\/amip.az\/az\/#website\",\"url\":\"https:\/\/amip.az\/az\/\",\"name\":\"Az\u0259rbaycan Milli \u0130stiqlal Partiyas\u0131\",\"description\":\"AM\u0130P\",\"publisher\":{\"@id\":\"https:\/\/amip.az\/az\/#organization\"},\"potentialAction\":[{\"@type\":\"SearchAction\",\"target\":{\"@type\":\"EntryPoint\",\"urlTemplate\":\"https:\/\/amip.az\/az\/?s={search_term_string}\"},\"query-input\":{\"@type\":\"PropertyValueSpecification\",\"valueRequired\":true,\"valueName\":\"search_term_string\"}}],\"inLanguage\":\"en-US\"},{\"@type\":\"Organization\",\"@id\":\"https:\/\/amip.az\/az\/#organization\",\"name\":\"Az\u0259rbaycan Milli \u0130stiqlal Partiyas\u0131\",\"url\":\"https:\/\/amip.az\/az\/\",\"logo\":{\"@type\":\"ImageObject\",\"inLanguage\":\"en-US\",\"@id\":\"https:\/\/amip.az\/az\/#\/schema\/logo\/image\/\",\"url\":\"https:\/\/amip.az\/wp-content\/uploads\/2023\/06\/amiplogo.png\",\"contentUrl\":\"https:\/\/amip.az\/wp-content\/uploads\/2023\/06\/amiplogo.png\",\"width\":723,\"height\":423,\"caption\":\"Az\u0259rbaycan Milli \u0130stiqlal Partiyas\u0131\"},\"image\":{\"@id\":\"https:\/\/amip.az\/az\/#\/schema\/logo\/image\/\"},\"sameAs\":[\"https:\/\/www.facebook.com\/istiqlal91\",\"https:\/\/x.com\/APartiyas\",\"https:\/\/www.youtube.com\/channel\/UCF3pc8spko_xON2sr4vUC5A\"]}]}<\/script>\n<!-- \/ Yoast SEO plugin. -->","yoast_head_json":{"title":"Az\u0259rbaycan Milli \u0130stiqlal Partiyas\u0131 Siyasi \u015euras\u0131n\u0131n \u00fczv\u00fc - Az\u0259rbaycan Milli \u0130stiqlal Partiyas\u0131","robots":{"index":"index","follow":"follow","max-snippet":"max-snippet:-1","max-image-preview":"max-image-preview:large","max-video-preview":"max-video-preview:-1"},"canonical":"https:\/\/amip.az\/en\/az\u0259rbaycan-milli-istiqlal-partiyasinin-siyasi-sura-uzvu-5\/","og_locale":"en_US","og_type":"article","og_title":"Az\u0259rbaycan Milli \u0130stiqlal Partiyas\u0131 Siyasi \u015euras\u0131n\u0131n \u00fczv\u00fc - Az\u0259rbaycan Milli \u0130stiqlal Partiyas\u0131","og_description":"Xanmirz\u0259 Xanbala o\u011flu M\u0259lik\u0259liyev 21 mart 1954-c\u00fc ild\u0259 Bak\u0131 \u015f\u0259h\u0259rind\u0259 anadan olub. 1971-ci ild\u0259 S\u0259bail rayonu 190 n\u00f6mr\u0259li m\u0259kt\u0259bi bitirdikd\u0259n sonra 1972-ci ild\u0259 Az\u0259rbaycan D\u00f6vl\u0259t B\u0259d\u0259n T\u0259rbiy\u0259 \u0130nstituna daxil olub. 1976-c\u0131 ild\u0259 h\u0259min institutu bitirib. 1969-cu ild\u0259n g\u00fcl\u0259\u015f idman n\u00f6v\u00fc il\u0259 m\u0259\u015f\u011ful olur. 1976-c\u0131 ild\u0259n yunan-roma g\u00fcl\u0259\u015fi \u00fczr\u0259 SSR\u0130 idman ustas\u0131dlr. Sovet Silahl\u0131 Q\u00fcvv\u0259l\u0259rind\u0259 h\u0259rbi xidm\u0259t ke\u00e7dikd\u0259n sonra 1978-ci ild\u0259n yunan-roma g\u00fcl\u0259\u015fi \u00fczr\u0259 Kaspar\u0131n &#8220;Vodnik&#8221; idman c\u0259miyy\u0259tind\u0259 m\u0259\u015fq\u00e7i-m\u00fc\u0259llim v\u0259zif\u0259sind\u0259 12 il \u00e7al\u0131\u015f\u0131b, h\u0259min n\u00f6vd\u0259n 5-n\u0259f\u0259r SSR\u0130 idman ustas\u0131 haz\u0131rlay\u0131b onlardan biri B\u0259rd\u0259 Batalyonun komandiri [&hellip;]","og_url":"https:\/\/amip.az\/en\/az\u0259rbaycan-milli-istiqlal-partiyasinin-siyasi-sura-uzvu-5\/","og_site_name":"Az\u0259rbaycan Milli \u0130stiqlal Partiyas\u0131","article_publisher":"https:\/\/www.facebook.com\/istiqlal91","article_modified_time":"2022-07-18T04:23:55+00:00","og_image":[{"url":"https:\/\/amip.az\/wp-content\/uploads\/2022\/06\/amip_malikaliyev_xanmirza_xanbala_oglu_01_640.jpg"}],"twitter_card":"summary_large_image","twitter_site":"@APartiyas","twitter_misc":{"Est. reading time":"2 minutes"},"schema":{"@context":"https:\/\/schema.org","@graph":[{"@type":"WebPage","@id":"https:\/\/amip.az\/az%c9%99rbaycan-milli-istiqlal-partiyasinin-siyasi-sura-uzvu-5\/","url":"https:\/\/amip.az\/az%c9%99rbaycan-milli-istiqlal-partiyasinin-siyasi-sura-uzvu-5\/","name":"Az\u0259rbaycan Milli \u0130stiqlal Partiyas\u0131 Siyasi \u015euras\u0131n\u0131n \u00fczv\u00fc - Az\u0259rbaycan Milli \u0130stiqlal Partiyas\u0131","isPartOf":{"@id":"https:\/\/amip.az\/az\/#website"},"primaryImageOfPage":{"@id":"https:\/\/amip.az\/az%c9%99rbaycan-milli-istiqlal-partiyasinin-siyasi-sura-uzvu-5\/#primaryimage"},"image":{"@id":"https:\/\/amip.az\/az%c9%99rbaycan-milli-istiqlal-partiyasinin-siyasi-sura-uzvu-5\/#primaryimage"},"thumbnailUrl":"https:\/\/amip.az\/wp-content\/uploads\/2022\/06\/amip_malikaliyev_xanmirza_xanbala_oglu_01_640.jpg","datePublished":"2022-06-14T06:06:41+00:00","dateModified":"2022-07-18T04:23:55+00:00","breadcrumb":{"@id":"https:\/\/amip.az\/az%c9%99rbaycan-milli-istiqlal-partiyasinin-siyasi-sura-uzvu-5\/#breadcrumb"},"inLanguage":"en-US","potentialAction":[{"@type":"ReadAction","target":["https:\/\/amip.az\/az%c9%99rbaycan-milli-istiqlal-partiyasinin-siyasi-sura-uzvu-5\/"]}]},{"@type":"ImageObject","inLanguage":"en-US","@id":"https:\/\/amip.az\/az%c9%99rbaycan-milli-istiqlal-partiyasinin-siyasi-sura-uzvu-5\/#primaryimage","url":"https:\/\/amip.az\/wp-content\/uploads\/2022\/06\/amip_malikaliyev_xanmirza_xanbala_oglu_01_640.jpg","contentUrl":"https:\/\/amip.az\/wp-content\/uploads\/2022\/06\/amip_malikaliyev_xanmirza_xanbala_oglu_01_640.jpg"},{"@type":"BreadcrumbList","@id":"https:\/\/amip.az\/az%c9%99rbaycan-milli-istiqlal-partiyasinin-siyasi-sura-uzvu-5\/#breadcrumb","itemListElement":[{"@type":"ListItem","position":1,"name":"Home","item":"https:\/\/amip.az\/"},{"@type":"ListItem","position":2,"name":"Az\u0259rbaycan Milli \u0130stiqlal Partiyas\u0131 Siyasi \u015euras\u0131n\u0131n \u00fczv\u00fc"}]},{"@type":"WebSite","@id":"https:\/\/amip.az\/az\/#website","url":"https:\/\/amip.az\/az\/","name":"Az\u0259rbaycan Milli \u0130stiqlal Partiyas\u0131","description":"AM\u0130P","publisher":{"@id":"https:\/\/amip.az\/az\/#organization"},"potentialAction":[{"@type":"SearchAction","target":{"@type":"EntryPoint","urlTemplate":"https:\/\/amip.az\/az\/?s={search_term_string}"},"query-input":{"@type":"PropertyValueSpecification","valueRequired":true,"valueName":"search_term_string"}}],"inLanguage":"en-US"},{"@type":"Organization","@id":"https:\/\/amip.az\/az\/#organization","name":"Az\u0259rbaycan Milli \u0130stiqlal Partiyas\u0131","url":"https:\/\/amip.az\/az\/","logo":{"@type":"ImageObject","inLanguage":"en-US","@id":"https:\/\/amip.az\/az\/#\/schema\/logo\/image\/","url":"https:\/\/amip.az\/wp-content\/uploads\/2023\/06\/amiplogo.png","contentUrl":"https:\/\/amip.az\/wp-content\/uploads\/2023\/06\/amiplogo.png","width":723,"height":423,"caption":"Az\u0259rbaycan Milli \u0130stiqlal Partiyas\u0131"},"image":{"@id":"https:\/\/amip.az\/az\/#\/schema\/logo\/image\/"},"sameAs":["https:\/\/www.facebook.com\/istiqlal91","https:\/\/x.com\/APartiyas","https:\/\/www.youtube.com\/channel\/UCF3pc8spko_xON2sr4vUC5A"]}]}},"_links":{"self":[{"href":"https:\/\/amip.az\/en\/wp-json\/wp\/v2\/pages\/4462","targetHints":{"allow":["GET"]}}],"collection":[{"href":"https:\/\/amip.az\/en\/wp-json\/wp\/v2\/pages"}],"about":[{"href":"https:\/\/amip.az\/en\/wp-json\/wp\/v2\/types\/page"}],"author":[{"embeddable":true,"href":"https:\/\/amip.az\/en\/wp-json\/wp\/v2\/users\/1"}],"replies":[{"embeddable":true,"href":"https:\/\/amip.az\/en\/wp-json\/wp\/v2\/comments?post=4462"}],"version-history":[{"count":5,"href":"https:\/\/amip.az\/en\/wp-json\/wp\/v2\/pages\/4462\/revisions"}],"predecessor-version":[{"id":5325,"href":"https:\/\/amip.az\/en\/wp-json\/wp\/v2\/pages\/4462\/revisions\/5325"}],"wp:attachment":[{"href":"https:\/\/amip.az\/en\/wp-json\/wp\/v2\/media?parent=4462"}],"curies":[{"name":"wp","href":"https:\/\/api.w.org\/{rel}","templated":true}]}}