{"id":4555,"date":"2022-06-16T10:01:42","date_gmt":"2022-06-16T06:01:42","guid":{"rendered":"https:\/\/vtstrt.mediadesigntech.com\/?page_id=4555"},"modified":"2026-04-11T15:08:38","modified_gmt":"2026-04-11T11:08:38","slug":"az%c9%99rbaycan-milli-istiqlal-partiyasinin-g%c9%99ncl%c9%99r-t%c9%99skilati","status":"publish","type":"page","link":"https:\/\/amip.az\/en\/az%c9%99rbaycan-milli-istiqlal-partiyasinin-g%c9%99ncl%c9%99r-t%c9%99skilati\/","title":{"rendered":"Youth Organization of National Independence Party of Azerbaijan"},"content":{"rendered":"<figure class=\"wp-block-image size-large\"><img loading=\"lazy\" decoding=\"async\" width=\"1024\" height=\"773\" src=\"https:\/\/amip.az\/wp-content\/uploads\/2022\/09\/WhatsApp-Image-2022-09-01-at-17.15.24-1-3-1024x773.jpeg\" alt=\"Az\u0259rbaycan Milli \u0130stiqlal Partiyas\u0131 G\u0259ncl\u0259r T\u0259\u015fkilat\u0131\" class=\"wp-image-5599\" srcset=\"https:\/\/amip.az\/wp-content\/uploads\/2022\/09\/WhatsApp-Image-2022-09-01-at-17.15.24-1-3-1024x773.jpeg 1024w, https:\/\/amip.az\/wp-content\/uploads\/2022\/09\/WhatsApp-Image-2022-09-01-at-17.15.24-1-3-300x226.jpeg 300w, https:\/\/amip.az\/wp-content\/uploads\/2022\/09\/WhatsApp-Image-2022-09-01-at-17.15.24-1-3-768x580.jpeg 768w, https:\/\/amip.az\/wp-content\/uploads\/2022\/09\/WhatsApp-Image-2022-09-01-at-17.15.24-1-3-16x12.jpeg 16w, https:\/\/amip.az\/wp-content\/uploads\/2022\/09\/WhatsApp-Image-2022-09-01-at-17.15.24-1-3.jpeg 1125w\" sizes=\"auto, (max-width: 1024px) 100vw, 1024px\" \/><\/figure>\n\n\n\n<figure class=\"wp-block-image size-large\"><img loading=\"lazy\" decoding=\"async\" width=\"1024\" height=\"667\" src=\"https:\/\/amip.az\/wp-content\/uploads\/2022\/06\/amip_gencler_teshkilati_01-1024x667.jpg\" alt=\"Az\u0259rbaycan Milli \u0130stiqlal Partiyas\u0131n\u0131n G\u0259ncl\u0259r T\u0259\u015fkilat\u0131\" class=\"wp-image-4556\" srcset=\"https:\/\/amip.az\/wp-content\/uploads\/2022\/06\/amip_gencler_teshkilati_01-1024x667.jpg 1024w, https:\/\/amip.az\/wp-content\/uploads\/2022\/06\/amip_gencler_teshkilati_01-300x195.jpg 300w, https:\/\/amip.az\/wp-content\/uploads\/2022\/06\/amip_gencler_teshkilati_01-768x500.jpg 768w, https:\/\/amip.az\/wp-content\/uploads\/2022\/06\/amip_gencler_teshkilati_01-1536x1000.jpg 1536w, https:\/\/amip.az\/wp-content\/uploads\/2022\/06\/amip_gencler_teshkilati_01-18x12.jpg 18w, https:\/\/amip.az\/wp-content\/uploads\/2022\/06\/amip_gencler_teshkilati_01.jpg 1600w\" sizes=\"auto, (max-width: 1024px) 100vw, 1024px\" \/><\/figure>\n\n\n\n<p>The Youth Organization of the National Independence Party of Azerbaijan builds its activity on the basis of NIPA Charter and Regulations. The Organization elects its chairman and other elective bodies\u2019 members by ballot at the Congress.<\/p>\n\n\n\n<p>NIPA Youth Organization gained much success by carrying out a number of projects in the country. Since NIPA Youth has solid international relations, the organization hosted many international conferences in order to deliver Azerbaijani realities to the world.<\/p>\n\n\n\n<figure class=\"wp-block-image size-full\"><img loading=\"lazy\" decoding=\"async\" width=\"960\" height=\"643\" src=\"https:\/\/amip.az\/wp-content\/uploads\/2022\/06\/amip_gencler_teshkilat_24.jpg\" alt=\"Az\u0259rbaycan Milli \u0130stiqlal Partiyas\u0131 G\u0259ncl\u0259r T\u0259\u015fkilat\u0131\" class=\"wp-image-4756\" srcset=\"https:\/\/amip.az\/wp-content\/uploads\/2022\/06\/amip_gencler_teshkilat_24.jpg 960w, https:\/\/amip.az\/wp-content\/uploads\/2022\/06\/amip_gencler_teshkilat_24-300x201.jpg 300w, https:\/\/amip.az\/wp-content\/uploads\/2022\/06\/amip_gencler_teshkilat_24-768x514.jpg 768w, https:\/\/amip.az\/wp-content\/uploads\/2022\/06\/amip_gencler_teshkilat_24-18x12.jpg 18w\" sizes=\"auto, (max-width: 960px) 100vw, 960px\" \/><\/figure>\n\n\n\n<p>On April 13, 2012, the resolution demanding immediate withdrawal of the Armenian occupying forces from the territories of Azerbaijan was adopted at the Beirut meeting of the Board of Directors of the International Youth Democrat Union (IYDU).<\/p>\n\n\n\n<p>In order to make Khojaly tragedy known to the world the Youth Organization expands its activity every year and never puts off its work or efforts to deliver Khojaly realities to the world.<\/p>\n\n\n\n<figure class=\"wp-block-image size-full\"><img loading=\"lazy\" decoding=\"async\" width=\"876\" height=\"472\" src=\"https:\/\/amip.az\/wp-content\/uploads\/2022\/06\/amip_gencler_teshkilati_xocali_01.jpg\" alt=\"Xocal\u0131 soyq\u0131r\u0131m\u0131n\u0131n d\u00fcnyada tan\u0131d\u0131lmas\u0131 y\u00f6n\u00fcnd\u0259 G\u0259ncl\u0259r T\u0259\u015fkilat\u0131 i\u015fl\u0259rini h\u0259r il geni\u015fl\u0259ndir\u0259r\u0259k bu soyq\u0131r\u0131m\u0131n\u0131n d\u00fcnya d\u00f6vl\u0259tl\u0259ri t\u0259r\u0259find\u0259n tan\u0131nmas\u0131 \u00fc\u00e7\u00fcn s\u0259yl\u0259rini \u0259sirg\u0259mir\" class=\"wp-image-4557\" srcset=\"https:\/\/amip.az\/wp-content\/uploads\/2022\/06\/amip_gencler_teshkilati_xocali_01.jpg 876w, https:\/\/amip.az\/wp-content\/uploads\/2022\/06\/amip_gencler_teshkilati_xocali_01-300x162.jpg 300w, https:\/\/amip.az\/wp-content\/uploads\/2022\/06\/amip_gencler_teshkilati_xocali_01-768x414.jpg 768w, https:\/\/amip.az\/wp-content\/uploads\/2022\/06\/amip_gencler_teshkilati_xocali_01-18x10.jpg 18w\" sizes=\"auto, (max-width: 876px) 100vw, 876px\" \/><\/figure>\n\n\n\n<p>NIPA Youth Organization was periodically chaired by Ali Aliyev, Elshan Mustafayev, Rashad BAyramov, Nijat Javanshir and Afsaddin Nabiyev.<\/p>\n\n\n\n<figure class=\"wp-block-image size-large\"><img loading=\"lazy\" decoding=\"async\" width=\"1024\" height=\"681\" src=\"https:\/\/amip.az\/wp-content\/uploads\/2022\/06\/Screenshot_20220620_233313_1077-1024x681.jpg\" alt=\"Az\u0259rbaycan Milli \u0130stiqlal Partiyas\u0131 G\u0259ncl\u0259r T\u0259\u015fkilat\u0131\" class=\"wp-image-4985\" srcset=\"https:\/\/amip.az\/wp-content\/uploads\/2022\/06\/Screenshot_20220620_233313_1077-1024x681.jpg 1024w, https:\/\/amip.az\/wp-content\/uploads\/2022\/06\/Screenshot_20220620_233313_1077-300x199.jpg 300w, https:\/\/amip.az\/wp-content\/uploads\/2022\/06\/Screenshot_20220620_233313_1077-768x511.jpg 768w, https:\/\/amip.az\/wp-content\/uploads\/2022\/06\/Screenshot_20220620_233313_1077-18x12.jpg 18w, https:\/\/amip.az\/wp-content\/uploads\/2022\/06\/Screenshot_20220620_233313_1077.jpg 1077w\" sizes=\"auto, (max-width: 1024px) 100vw, 1024px\" \/><\/figure>\n\n\n\n<p>AMIP-in G\u0259ncl\u0259r T\u0259\u015fkilat\u0131 1997-ci ild\u0259n d\u00fcnyada 100-d\u0259n art\u0131q sa\u011f-m\u0259rk\u0259z g\u0259ncl\u0259r t\u0259\u015fkilatlar\u0131n\u0131 \u00f6z \u0259traf\u0131nda birl\u0259\u015fdir\u0259n Beyn\u0259lxaq G\u0259nc Demokrat \u0130ttifaq\u0131n\u0131n \u00fczv\u00fcd\u00fcr. <\/p>\n\n\n\n<p>At present the Organization is chaired by Aykhan Etibaroghlu.<\/p>\n\n\n\n<figure class=\"wp-block-image size-full\"><img loading=\"lazy\" decoding=\"async\" width=\"960\" height=\"646\" src=\"https:\/\/amip.az\/wp-content\/uploads\/2022\/06\/amip_gencler_teshkilati_35a.jpg\" alt=\"Az\u0259rbaycan Milli \u0130stiqlal Partiyas\u0131 G\u0259ncl\u0259r T\u0259\u015fkilat\u0131\" class=\"wp-image-4759\" srcset=\"https:\/\/amip.az\/wp-content\/uploads\/2022\/06\/amip_gencler_teshkilati_35a.jpg 960w, https:\/\/amip.az\/wp-content\/uploads\/2022\/06\/amip_gencler_teshkilati_35a-300x202.jpg 300w, https:\/\/amip.az\/wp-content\/uploads\/2022\/06\/amip_gencler_teshkilati_35a-768x517.jpg 768w, https:\/\/amip.az\/wp-content\/uploads\/2022\/06\/amip_gencler_teshkilati_35a-18x12.jpg 18w\" sizes=\"auto, (max-width: 960px) 100vw, 960px\" \/><\/figure>\n\n\n\n<figure class=\"wp-block-image size-large\"><img loading=\"lazy\" decoding=\"async\" width=\"1024\" height=\"576\" src=\"https:\/\/amip.az\/wp-content\/uploads\/2026\/04\/gencler-teshkilati-amip-sedrinin-genclerle-gorusu-7-fevral-2026-1024x576.jpeg\" alt=\"AM\u0130P s\u0259drinin g\u0259ncl\u0259rl\u0259 g\u00f6r\u00fc\u015f\u00fc. 07.02.2026\" class=\"wp-image-10451\" srcset=\"https:\/\/amip.az\/wp-content\/uploads\/2026\/04\/gencler-teshkilati-amip-sedrinin-genclerle-gorusu-7-fevral-2026-1024x576.jpeg 1024w, https:\/\/amip.az\/wp-content\/uploads\/2026\/04\/gencler-teshkilati-amip-sedrinin-genclerle-gorusu-7-fevral-2026-300x169.jpeg 300w, https:\/\/amip.az\/wp-content\/uploads\/2026\/04\/gencler-teshkilati-amip-sedrinin-genclerle-gorusu-7-fevral-2026-768x432.jpeg 768w, https:\/\/amip.az\/wp-content\/uploads\/2026\/04\/gencler-teshkilati-amip-sedrinin-genclerle-gorusu-7-fevral-2026-1536x864.jpeg 1536w, https:\/\/amip.az\/wp-content\/uploads\/2026\/04\/gencler-teshkilati-amip-sedrinin-genclerle-gorusu-7-fevral-2026-18x10.jpeg 18w\" sizes=\"auto, (max-width: 1024px) 100vw, 1024px\" \/><\/figure>","protected":false},"excerpt":{"rendered":"<p>Az\u0259rbaycan Milli \u0130stiqlal Partiyas\u0131 G\u0259ncl\u0259r T\u0259\u015fkilat\u0131 AM\u0130P-n\u0131n Nizamnam\u0259sini v\u0259 M\u0259ramnam\u0259sini \u0259sas tutaraq \u00f6z f\u0259aliyy\u0259tini qurur. T\u0259\u015fkilat \u00f6z konfrans\u0131nda gizli s\u0259s verm\u0259 yolu il\u0259 s\u0259drini v\u0259 dig\u0259r se\u00e7kili qurumlar\u0131n\u0131 \u00fczvl\u0259rini se\u00e7ir. Partiyan\u0131n G\u0259ncl\u0259r T\u0259\u015fkilat\u0131 \u00f6lk\u0259mizd\u0259 bir \u00e7ox layih\u0259l\u0259rinin h\u0259yata ke\u00e7irilm\u0259sind\u0259 bir \u00e7ox u\u011furlara imza at\u0131b. G\u00fccl\u00fc beyn\u0259lxalq \u0259laq\u0259l\u0259r\u0259 malik olan AM\u0130P G\u0259ncl\u0259r T\u0259\u015fkilat\u0131 Az\u0259rbaycan h\u0259qiq\u0259tl\u0259rini d\u00fcnyaya \u00e7atd\u0131rmaq \u00fc\u00e7\u00fcn bir \u00e7ox beyn\u0259lxalq konfranslara ev sahibliyi etmi\u015fdir. 13 aprel 2012-ci il Beyn\u0259lxalq G\u0259nc Demokrat \u0130ttifaq\u0131 \u0130dar\u0259 hey\u0259tinin Beyrut Toplant\u0131s\u0131nda erm\u0259ni i\u015f\u011fal\u00e7\u0131 q\u00fcvv\u0259l\u0259rinin Az\u0259rbaycan\u0131n \u0259razil\u0259rind\u0259n d\u0259rhal geri \u00e7\u0259kilm\u0259si [&hellip;]<\/p>","protected":false},"author":1,"featured_media":0,"parent":0,"menu_order":0,"comment_status":"closed","ping_status":"closed","template":"","meta":{"footnotes":""},"class_list":["post-4555","page","type-page","status-publish","hentry"],"yoast_head":"<!-- This site is optimized with the Yoast SEO plugin v23.8 - https:\/\/yoast.com\/wordpress\/plugins\/seo\/ -->\n<title>Az\u0259rbaycan Milli \u0130stiqlal Partiyas\u0131 G\u0259ncl\u0259r T\u0259\u015fkilat\u0131 - Az\u0259rbaycan Milli \u0130stiqlal Partiyas\u0131<\/title>\n<meta name=\"robots\" content=\"index, follow, max-snippet:-1, max-image-preview:large, max-video-preview:-1\" \/>\n<link rel=\"canonical\" href=\"https:\/\/amip.az\/en\/az\u0259rbaycan-milli-istiqlal-partiyasinin-g\u0259ncl\u0259r-t\u0259skilati\/\" \/>\n<meta property=\"og:locale\" content=\"en_US\" \/>\n<meta property=\"og:type\" content=\"article\" \/>\n<meta property=\"og:title\" content=\"Az\u0259rbaycan Milli \u0130stiqlal Partiyas\u0131 G\u0259ncl\u0259r T\u0259\u015fkilat\u0131 - Az\u0259rbaycan Milli \u0130stiqlal Partiyas\u0131\" \/>\n<meta property=\"og:description\" content=\"Az\u0259rbaycan Milli \u0130stiqlal Partiyas\u0131 G\u0259ncl\u0259r T\u0259\u015fkilat\u0131 AM\u0130P-n\u0131n Nizamnam\u0259sini v\u0259 M\u0259ramnam\u0259sini \u0259sas tutaraq \u00f6z f\u0259aliyy\u0259tini qurur. T\u0259\u015fkilat \u00f6z konfrans\u0131nda gizli s\u0259s verm\u0259 yolu il\u0259 s\u0259drini v\u0259 dig\u0259r se\u00e7kili qurumlar\u0131n\u0131 \u00fczvl\u0259rini se\u00e7ir. Partiyan\u0131n G\u0259ncl\u0259r T\u0259\u015fkilat\u0131 \u00f6lk\u0259mizd\u0259 bir \u00e7ox layih\u0259l\u0259rinin h\u0259yata ke\u00e7irilm\u0259sind\u0259 bir \u00e7ox u\u011furlara imza at\u0131b. G\u00fccl\u00fc beyn\u0259lxalq \u0259laq\u0259l\u0259r\u0259 malik olan AM\u0130P G\u0259ncl\u0259r T\u0259\u015fkilat\u0131 Az\u0259rbaycan h\u0259qiq\u0259tl\u0259rini d\u00fcnyaya \u00e7atd\u0131rmaq \u00fc\u00e7\u00fcn bir \u00e7ox beyn\u0259lxalq konfranslara ev sahibliyi etmi\u015fdir. 13 aprel 2012-ci il Beyn\u0259lxalq G\u0259nc Demokrat \u0130ttifaq\u0131 \u0130dar\u0259 hey\u0259tinin Beyrut Toplant\u0131s\u0131nda erm\u0259ni i\u015f\u011fal\u00e7\u0131 q\u00fcvv\u0259l\u0259rinin Az\u0259rbaycan\u0131n \u0259razil\u0259rind\u0259n d\u0259rhal geri \u00e7\u0259kilm\u0259si [&hellip;]\" \/>\n<meta property=\"og:url\" content=\"https:\/\/amip.az\/en\/az\u0259rbaycan-milli-istiqlal-partiyasinin-g\u0259ncl\u0259r-t\u0259skilati\/\" \/>\n<meta property=\"og:site_name\" content=\"Az\u0259rbaycan Milli \u0130stiqlal Partiyas\u0131\" \/>\n<meta property=\"article:publisher\" content=\"https:\/\/www.facebook.com\/istiqlal91\" \/>\n<meta property=\"article:modified_time\" content=\"2026-04-11T11:08:38+00:00\" \/>\n<meta property=\"og:image\" content=\"https:\/\/amip.az\/wp-content\/uploads\/2022\/09\/WhatsApp-Image-2022-09-01-at-17.15.24-1-3.jpeg\" \/>\n\t<meta property=\"og:image:width\" content=\"1125\" \/>\n\t<meta property=\"og:image:height\" content=\"849\" \/>\n\t<meta property=\"og:image:type\" content=\"image\/jpeg\" \/>\n<meta name=\"twitter:card\" content=\"summary_large_image\" \/>\n<meta name=\"twitter:site\" content=\"@APartiyas\" \/>\n<meta name=\"twitter:label1\" content=\"Est. reading time\" \/>\n\t<meta name=\"twitter:data1\" content=\"3 minutes\" \/>\n<script type=\"application\/ld+json\" class=\"yoast-schema-graph\">{\"@context\":\"https:\/\/schema.org\",\"@graph\":[{\"@type\":\"WebPage\",\"@id\":\"https:\/\/amip.az\/az%c9%99rbaycan-milli-istiqlal-partiyasinin-g%c9%99ncl%c9%99r-t%c9%99skilati\/\",\"url\":\"https:\/\/amip.az\/az%c9%99rbaycan-milli-istiqlal-partiyasinin-g%c9%99ncl%c9%99r-t%c9%99skilati\/\",\"name\":\"Az\u0259rbaycan Milli \u0130stiqlal Partiyas\u0131 G\u0259ncl\u0259r T\u0259\u015fkilat\u0131 - Az\u0259rbaycan Milli \u0130stiqlal Partiyas\u0131\",\"isPartOf\":{\"@id\":\"https:\/\/amip.az\/az\/#website\"},\"primaryImageOfPage\":{\"@id\":\"https:\/\/amip.az\/az%c9%99rbaycan-milli-istiqlal-partiyasinin-g%c9%99ncl%c9%99r-t%c9%99skilati\/#primaryimage\"},\"image\":{\"@id\":\"https:\/\/amip.az\/az%c9%99rbaycan-milli-istiqlal-partiyasinin-g%c9%99ncl%c9%99r-t%c9%99skilati\/#primaryimage\"},\"thumbnailUrl\":\"https:\/\/amip.az\/wp-content\/uploads\/2022\/09\/WhatsApp-Image-2022-09-01-at-17.15.24-1-3-1024x773.jpeg\",\"datePublished\":\"2022-06-16T06:01:42+00:00\",\"dateModified\":\"2026-04-11T11:08:38+00:00\",\"breadcrumb\":{\"@id\":\"https:\/\/amip.az\/az%c9%99rbaycan-milli-istiqlal-partiyasinin-g%c9%99ncl%c9%99r-t%c9%99skilati\/#breadcrumb\"},\"inLanguage\":\"en-US\",\"potentialAction\":[{\"@type\":\"ReadAction\",\"target\":[\"https:\/\/amip.az\/az%c9%99rbaycan-milli-istiqlal-partiyasinin-g%c9%99ncl%c9%99r-t%c9%99skilati\/\"]}]},{\"@type\":\"ImageObject\",\"inLanguage\":\"en-US\",\"@id\":\"https:\/\/amip.az\/az%c9%99rbaycan-milli-istiqlal-partiyasinin-g%c9%99ncl%c9%99r-t%c9%99skilati\/#primaryimage\",\"url\":\"https:\/\/amip.az\/wp-content\/uploads\/2022\/09\/WhatsApp-Image-2022-09-01-at-17.15.24-1-3-1024x773.jpeg\",\"contentUrl\":\"https:\/\/amip.az\/wp-content\/uploads\/2022\/09\/WhatsApp-Image-2022-09-01-at-17.15.24-1-3-1024x773.jpeg\"},{\"@type\":\"BreadcrumbList\",\"@id\":\"https:\/\/amip.az\/az%c9%99rbaycan-milli-istiqlal-partiyasinin-g%c9%99ncl%c9%99r-t%c9%99skilati\/#breadcrumb\",\"itemListElement\":[{\"@type\":\"ListItem\",\"position\":1,\"name\":\"Home\",\"item\":\"https:\/\/amip.az\/\"},{\"@type\":\"ListItem\",\"position\":2,\"name\":\"Az\u0259rbaycan Milli \u0130stiqlal Partiyas\u0131 G\u0259ncl\u0259r T\u0259\u015fkilat\u0131\"}]},{\"@type\":\"WebSite\",\"@id\":\"https:\/\/amip.az\/az\/#website\",\"url\":\"https:\/\/amip.az\/az\/\",\"name\":\"Az\u0259rbaycan Milli \u0130stiqlal Partiyas\u0131\",\"description\":\"AM\u0130P\",\"publisher\":{\"@id\":\"https:\/\/amip.az\/az\/#organization\"},\"potentialAction\":[{\"@type\":\"SearchAction\",\"target\":{\"@type\":\"EntryPoint\",\"urlTemplate\":\"https:\/\/amip.az\/az\/?s={search_term_string}\"},\"query-input\":{\"@type\":\"PropertyValueSpecification\",\"valueRequired\":true,\"valueName\":\"search_term_string\"}}],\"inLanguage\":\"en-US\"},{\"@type\":\"Organization\",\"@id\":\"https:\/\/amip.az\/az\/#organization\",\"name\":\"Az\u0259rbaycan Milli \u0130stiqlal Partiyas\u0131\",\"url\":\"https:\/\/amip.az\/az\/\",\"logo\":{\"@type\":\"ImageObject\",\"inLanguage\":\"en-US\",\"@id\":\"https:\/\/amip.az\/az\/#\/schema\/logo\/image\/\",\"url\":\"https:\/\/amip.az\/wp-content\/uploads\/2023\/06\/amiplogo.png\",\"contentUrl\":\"https:\/\/amip.az\/wp-content\/uploads\/2023\/06\/amiplogo.png\",\"width\":723,\"height\":423,\"caption\":\"Az\u0259rbaycan Milli \u0130stiqlal Partiyas\u0131\"},\"image\":{\"@id\":\"https:\/\/amip.az\/az\/#\/schema\/logo\/image\/\"},\"sameAs\":[\"https:\/\/www.facebook.com\/istiqlal91\",\"https:\/\/x.com\/APartiyas\",\"https:\/\/www.youtube.com\/channel\/UCF3pc8spko_xON2sr4vUC5A\"]}]}<\/script>\n<!-- \/ Yoast SEO plugin. -->","yoast_head_json":{"title":"Az\u0259rbaycan Milli \u0130stiqlal Partiyas\u0131 G\u0259ncl\u0259r T\u0259\u015fkilat\u0131 - Az\u0259rbaycan Milli \u0130stiqlal Partiyas\u0131","robots":{"index":"index","follow":"follow","max-snippet":"max-snippet:-1","max-image-preview":"max-image-preview:large","max-video-preview":"max-video-preview:-1"},"canonical":"https:\/\/amip.az\/en\/az\u0259rbaycan-milli-istiqlal-partiyasinin-g\u0259ncl\u0259r-t\u0259skilati\/","og_locale":"en_US","og_type":"article","og_title":"Az\u0259rbaycan Milli \u0130stiqlal Partiyas\u0131 G\u0259ncl\u0259r T\u0259\u015fkilat\u0131 - Az\u0259rbaycan Milli \u0130stiqlal Partiyas\u0131","og_description":"Az\u0259rbaycan Milli \u0130stiqlal Partiyas\u0131 G\u0259ncl\u0259r T\u0259\u015fkilat\u0131 AM\u0130P-n\u0131n Nizamnam\u0259sini v\u0259 M\u0259ramnam\u0259sini \u0259sas tutaraq \u00f6z f\u0259aliyy\u0259tini qurur. T\u0259\u015fkilat \u00f6z konfrans\u0131nda gizli s\u0259s verm\u0259 yolu il\u0259 s\u0259drini v\u0259 dig\u0259r se\u00e7kili qurumlar\u0131n\u0131 \u00fczvl\u0259rini se\u00e7ir. Partiyan\u0131n G\u0259ncl\u0259r T\u0259\u015fkilat\u0131 \u00f6lk\u0259mizd\u0259 bir \u00e7ox layih\u0259l\u0259rinin h\u0259yata ke\u00e7irilm\u0259sind\u0259 bir \u00e7ox u\u011furlara imza at\u0131b. G\u00fccl\u00fc beyn\u0259lxalq \u0259laq\u0259l\u0259r\u0259 malik olan AM\u0130P G\u0259ncl\u0259r T\u0259\u015fkilat\u0131 Az\u0259rbaycan h\u0259qiq\u0259tl\u0259rini d\u00fcnyaya \u00e7atd\u0131rmaq \u00fc\u00e7\u00fcn bir \u00e7ox beyn\u0259lxalq konfranslara ev sahibliyi etmi\u015fdir. 13 aprel 2012-ci il Beyn\u0259lxalq G\u0259nc Demokrat \u0130ttifaq\u0131 \u0130dar\u0259 hey\u0259tinin Beyrut Toplant\u0131s\u0131nda erm\u0259ni i\u015f\u011fal\u00e7\u0131 q\u00fcvv\u0259l\u0259rinin Az\u0259rbaycan\u0131n \u0259razil\u0259rind\u0259n d\u0259rhal geri \u00e7\u0259kilm\u0259si [&hellip;]","og_url":"https:\/\/amip.az\/en\/az\u0259rbaycan-milli-istiqlal-partiyasinin-g\u0259ncl\u0259r-t\u0259skilati\/","og_site_name":"Az\u0259rbaycan Milli \u0130stiqlal Partiyas\u0131","article_publisher":"https:\/\/www.facebook.com\/istiqlal91","article_modified_time":"2026-04-11T11:08:38+00:00","og_image":[{"width":1125,"height":849,"url":"https:\/\/amip.az\/wp-content\/uploads\/2022\/09\/WhatsApp-Image-2022-09-01-at-17.15.24-1-3.jpeg","type":"image\/jpeg"}],"twitter_card":"summary_large_image","twitter_site":"@APartiyas","twitter_misc":{"Est. reading time":"3 minutes"},"schema":{"@context":"https:\/\/schema.org","@graph":[{"@type":"WebPage","@id":"https:\/\/amip.az\/az%c9%99rbaycan-milli-istiqlal-partiyasinin-g%c9%99ncl%c9%99r-t%c9%99skilati\/","url":"https:\/\/amip.az\/az%c9%99rbaycan-milli-istiqlal-partiyasinin-g%c9%99ncl%c9%99r-t%c9%99skilati\/","name":"Az\u0259rbaycan Milli \u0130stiqlal Partiyas\u0131 G\u0259ncl\u0259r T\u0259\u015fkilat\u0131 - Az\u0259rbaycan Milli \u0130stiqlal Partiyas\u0131","isPartOf":{"@id":"https:\/\/amip.az\/az\/#website"},"primaryImageOfPage":{"@id":"https:\/\/amip.az\/az%c9%99rbaycan-milli-istiqlal-partiyasinin-g%c9%99ncl%c9%99r-t%c9%99skilati\/#primaryimage"},"image":{"@id":"https:\/\/amip.az\/az%c9%99rbaycan-milli-istiqlal-partiyasinin-g%c9%99ncl%c9%99r-t%c9%99skilati\/#primaryimage"},"thumbnailUrl":"https:\/\/amip.az\/wp-content\/uploads\/2022\/09\/WhatsApp-Image-2022-09-01-at-17.15.24-1-3-1024x773.jpeg","datePublished":"2022-06-16T06:01:42+00:00","dateModified":"2026-04-11T11:08:38+00:00","breadcrumb":{"@id":"https:\/\/amip.az\/az%c9%99rbaycan-milli-istiqlal-partiyasinin-g%c9%99ncl%c9%99r-t%c9%99skilati\/#breadcrumb"},"inLanguage":"en-US","potentialAction":[{"@type":"ReadAction","target":["https:\/\/amip.az\/az%c9%99rbaycan-milli-istiqlal-partiyasinin-g%c9%99ncl%c9%99r-t%c9%99skilati\/"]}]},{"@type":"ImageObject","inLanguage":"en-US","@id":"https:\/\/amip.az\/az%c9%99rbaycan-milli-istiqlal-partiyasinin-g%c9%99ncl%c9%99r-t%c9%99skilati\/#primaryimage","url":"https:\/\/amip.az\/wp-content\/uploads\/2022\/09\/WhatsApp-Image-2022-09-01-at-17.15.24-1-3-1024x773.jpeg","contentUrl":"https:\/\/amip.az\/wp-content\/uploads\/2022\/09\/WhatsApp-Image-2022-09-01-at-17.15.24-1-3-1024x773.jpeg"},{"@type":"BreadcrumbList","@id":"https:\/\/amip.az\/az%c9%99rbaycan-milli-istiqlal-partiyasinin-g%c9%99ncl%c9%99r-t%c9%99skilati\/#breadcrumb","itemListElement":[{"@type":"ListItem","position":1,"name":"Home","item":"https:\/\/amip.az\/"},{"@type":"ListItem","position":2,"name":"Az\u0259rbaycan Milli \u0130stiqlal Partiyas\u0131 G\u0259ncl\u0259r T\u0259\u015fkilat\u0131"}]},{"@type":"WebSite","@id":"https:\/\/amip.az\/az\/#website","url":"https:\/\/amip.az\/az\/","name":"Az\u0259rbaycan Milli \u0130stiqlal Partiyas\u0131","description":"AM\u0130P","publisher":{"@id":"https:\/\/amip.az\/az\/#organization"},"potentialAction":[{"@type":"SearchAction","target":{"@type":"EntryPoint","urlTemplate":"https:\/\/amip.az\/az\/?s={search_term_string}"},"query-input":{"@type":"PropertyValueSpecification","valueRequired":true,"valueName":"search_term_string"}}],"inLanguage":"en-US"},{"@type":"Organization","@id":"https:\/\/amip.az\/az\/#organization","name":"Az\u0259rbaycan Milli \u0130stiqlal Partiyas\u0131","url":"https:\/\/amip.az\/az\/","logo":{"@type":"ImageObject","inLanguage":"en-US","@id":"https:\/\/amip.az\/az\/#\/schema\/logo\/image\/","url":"https:\/\/amip.az\/wp-content\/uploads\/2023\/06\/amiplogo.png","contentUrl":"https:\/\/amip.az\/wp-content\/uploads\/2023\/06\/amiplogo.png","width":723,"height":423,"caption":"Az\u0259rbaycan Milli \u0130stiqlal Partiyas\u0131"},"image":{"@id":"https:\/\/amip.az\/az\/#\/schema\/logo\/image\/"},"sameAs":["https:\/\/www.facebook.com\/istiqlal91","https:\/\/x.com\/APartiyas","https:\/\/www.youtube.com\/channel\/UCF3pc8spko_xON2sr4vUC5A"]}]}},"_links":{"self":[{"href":"https:\/\/amip.az\/en\/wp-json\/wp\/v2\/pages\/4555","targetHints":{"allow":["GET"]}}],"collection":[{"href":"https:\/\/amip.az\/en\/wp-json\/wp\/v2\/pages"}],"about":[{"href":"https:\/\/amip.az\/en\/wp-json\/wp\/v2\/types\/page"}],"author":[{"embeddable":true,"href":"https:\/\/amip.az\/en\/wp-json\/wp\/v2\/users\/1"}],"replies":[{"embeddable":true,"href":"https:\/\/amip.az\/en\/wp-json\/wp\/v2\/comments?post=4555"}],"version-history":[{"count":11,"href":"https:\/\/amip.az\/en\/wp-json\/wp\/v2\/pages\/4555\/revisions"}],"predecessor-version":[{"id":10458,"href":"https:\/\/amip.az\/en\/wp-json\/wp\/v2\/pages\/4555\/revisions\/10458"}],"wp:attachment":[{"href":"https:\/\/amip.az\/en\/wp-json\/wp\/v2\/media?parent=4555"}],"curies":[{"name":"wp","href":"https:\/\/api.w.org\/{rel}","templated":true}]}}