{"id":4579,"date":"2022-06-16T11:56:07","date_gmt":"2022-06-16T07:56:07","guid":{"rendered":"https:\/\/vtstrt.mediadesigntech.com\/?page_id=4579"},"modified":"2022-07-21T15:51:04","modified_gmt":"2022-07-21T11:51:04","slug":"az%c9%99rbaycan-milli-istiqlal-partiyasinin-qadinlar-t%c9%99skilati","status":"publish","type":"page","link":"https:\/\/amip.az\/en\/az%c9%99rbaycan-milli-istiqlal-partiyasinin-qadinlar-t%c9%99skilati\/","title":{"rendered":"Women Organization of National Independence Party of Azerbaijan"},"content":{"rendered":"<div class=\"vc_row wpb_row vc_row-fluid\" ><div class=\"wpb_column vc_column_container vc_col-sm-12\"><div class=\"vc_column-inner\"><div class=\"wpb_wrapper\">\n\t<div class=\"wpb_text_column wpb_content_element\" >\n\t\t<div class=\"wpb_wrapper\">\n\t\t\t<figure class=\"wp-block-image size-full\"><img loading=\"lazy\" decoding=\"async\" width=\"960\" height=\"640\" class=\"wp-image-4762\" src=\"https:\/\/amip.az\/wp-content\/uploads\/2022\/06\/amip_qadinlar_teshkilati_35.jpg\" alt=\"Az\u0259rbaycan Milli \u0130stiqlal Partiyas\u0131 Qad\u0131nlar T\u0259\u015fkilat\u0131\" srcset=\"https:\/\/amip.az\/wp-content\/uploads\/2022\/06\/amip_qadinlar_teshkilati_35.jpg 960w, https:\/\/amip.az\/wp-content\/uploads\/2022\/06\/amip_qadinlar_teshkilati_35-300x200.jpg 300w, https:\/\/amip.az\/wp-content\/uploads\/2022\/06\/amip_qadinlar_teshkilati_35-768x512.jpg 768w, https:\/\/amip.az\/wp-content\/uploads\/2022\/06\/amip_qadinlar_teshkilati_35-18x12.jpg 18w\" sizes=\"auto, (max-width: 960px) 100vw, 960px\" \/><\/figure>\n<p>The Women Council of the National Independence Party of Azerbaijan was formed on the basis of the party women members\u2019 activity.<\/p>\n<p>Today NIPA women play a great role in party\u2019s management. Moreover, women members are represented in the NIPA Central Council and Political Council.<\/p>\n<p>The Women Council was first chaired Shargiyya Alekberova, who was first woman elected to the Political Council.<\/p>\n<p>Haz\u0131rda AM\u0130P Qad\u0131nlar T\u0259\u015fkilat\u0131na AM\u0130P Siyasi \u015euras\u0131n\u0131n \u00fczv\u00fc Amin\u0259 V\u0259liyeva s\u0259drlik edir.<\/p>\n<p>&nbsp;<\/p>\n\n\t\t<\/div>\n\t<\/div>\n<\/div><\/div><\/div><\/div><div class=\"vc_row wpb_row vc_row-fluid\" ><div class=\"wpb_column vc_column_container vc_col-sm-12\"><div class=\"vc_column-inner\"><div class=\"wpb_wrapper\"><div class=\"mkdf-image-gallery mkdf-grid-list mkdf-disable-bottom-space  mkdf-ig-grid-type mkdf-two-columns mkdf-medium-space  mkdf-image-behavior-lightbox\">\n\t<div class=\"mkdf-ig-inner mkdf-outer-space\">\n\t\t\t\t\t<div class=\"mkdf-ig-image mkdf-item-space\">\n\t\t\t\t<div class=\"mkdf-ig-image-inner\">\n\t\t\t\t\t\t\t\t\t\t\t<a itemprop=\"image\" class=\"mkdf-ig-lightbox\" href=\"https:\/\/amip.az\/wp-content\/uploads\/2022\/06\/amip_qadinlar_teshkilati_05.jpg\" data-rel=\"prettyPhoto[image_gallery_pretty_photo-649]\" title=\"amip_qadinlar_teshkilati_05\">\n\t\t\t\t\t\t\t\t\t\t\t<img loading=\"lazy\" decoding=\"async\" src=\"https:\/\/amip.az\/wp-content\/uploads\/2022\/06\/amip_qadinlar_teshkilati_05-389x260.jpg\" alt=\"Az\u0259rbaycan Milli \u0130stiqlal Partiyas\u0131 Qad\u0131nlar T\u0259\u015fkilat\u0131\" width=\"389\" height=\"260\" \/>\t\t\t\t\t\t\t\t\t\t\t<\/a>\n\t\t\t\t\t\t\t\t\t<\/div>\n\t\t\t<\/div>\n\t\t\t\t\t<div class=\"mkdf-ig-image mkdf-item-space\">\n\t\t\t\t<div class=\"mkdf-ig-image-inner\">\n\t\t\t\t\t\t\t\t\t\t\t<a itemprop=\"image\" class=\"mkdf-ig-lightbox\" href=\"https:\/\/amip.az\/wp-content\/uploads\/2022\/06\/amip_qadinlar_teshkilati_40.jpg\" data-rel=\"prettyPhoto[image_gallery_pretty_photo-649]\" title=\"amip_qadinlar_teshkilati_40\">\n\t\t\t\t\t\t\t\t\t\t\t<img loading=\"lazy\" decoding=\"async\" src=\"https:\/\/amip.az\/wp-content\/uploads\/2022\/06\/amip_qadinlar_teshkilati_40-389x260.jpg\" alt=\"Az\u0259rbaycan Milli \u0130stiqlal Partiyas\u0131 Qad\u0131nlar T\u0259\u015fkilat\u0131\" width=\"389\" height=\"260\" \/>\t\t\t\t\t\t\t\t\t\t\t<\/a>\n\t\t\t\t\t\t\t\t\t<\/div>\n\t\t\t<\/div>\n\t\t\t\t\t<div class=\"mkdf-ig-image mkdf-item-space\">\n\t\t\t\t<div class=\"mkdf-ig-image-inner\">\n\t\t\t\t\t\t\t\t\t\t\t<a itemprop=\"image\" class=\"mkdf-ig-lightbox\" href=\"https:\/\/amip.az\/wp-content\/uploads\/2022\/06\/amip_qadinlar_teshkilati_20.jpg\" data-rel=\"prettyPhoto[image_gallery_pretty_photo-649]\" title=\"amip_qadinlar_teshkilati_20\">\n\t\t\t\t\t\t\t\t\t\t\t<img loading=\"lazy\" decoding=\"async\" src=\"https:\/\/amip.az\/wp-content\/uploads\/2022\/06\/amip_qadinlar_teshkilati_20-389x260.jpg\" alt=\"Az\u0259rbaycan Milli \u0130stiqlal Partiyas\u0131 Qad\u0131nlar T\u0259\u015fkilat\u0131\" width=\"389\" height=\"260\" \/>\t\t\t\t\t\t\t\t\t\t\t<\/a>\n\t\t\t\t\t\t\t\t\t<\/div>\n\t\t\t<\/div>\n\t\t\t\t\t<div class=\"mkdf-ig-image mkdf-item-space\">\n\t\t\t\t<div class=\"mkdf-ig-image-inner\">\n\t\t\t\t\t\t\t\t\t\t\t<a itemprop=\"image\" class=\"mkdf-ig-lightbox\" href=\"https:\/\/amip.az\/wp-content\/uploads\/2022\/06\/amip_qadinlar_gallery_50.jpg\" data-rel=\"prettyPhoto[image_gallery_pretty_photo-649]\" title=\"amip_qadinlar_gallery_50\">\n\t\t\t\t\t\t\t\t\t\t\t<img loading=\"lazy\" decoding=\"async\" src=\"https:\/\/amip.az\/wp-content\/uploads\/2022\/06\/amip_qadinlar_gallery_50-389x260.jpg\" alt=\"Az\u0259rbaycan Milli \u0130stiqlal Partiyas\u0131 Qad\u0131nlar T\u0259\u015fkilat\u0131\" width=\"389\" height=\"260\" \/>\t\t\t\t\t\t\t\t\t\t\t<\/a>\n\t\t\t\t\t\t\t\t\t<\/div>\n\t\t\t<\/div>\n\t\t\t<\/div>\n<\/div><\/div><\/div><\/div><\/div>","protected":false},"excerpt":{"rendered":"Az\u0259rbaycan Milli \u0130stiqlal Partiyas\u0131n\u0131n Qad\u0131nlar \u015euras\u0131 partiyan\u0131n qad\u0131n \u00fczvl\u0259rinin f\u0259aliyy\u0259ti \u0259sas\u0131nda formala\u015fd\u0131r\u0131lm\u0131\u015fd\u0131r. Haz\u0131rda partiyan\u0131n idar\u0259 olunmas\u0131nda AM\u0130P qad\u0131nlar\u0131n\u0131n rolu \u00e7ox b\u00f6y\u00fckd\u00fcr. H\u0259m\u00e7inin AM\u0130P \u00fczv\u00fc olan qad\u0131nlar AM\u0130P M\u0259rk\u0259zi \u015euras\u0131nda v\u0259 Siyasi \u015eurada da t\u0259msil olunurlar. Qad\u0131nlar \u015euras\u0131na partiyan\u0131n ilk Siyasi \u015euras\u0131na se\u00e7il\u0259n \u015e\u0259rqiyy\u0259 \u018fl\u0259kb\u0259rova r\u0259hb\u0259rlik edib. Haz\u0131rda AM\u0130P Qad\u0131nlar T\u0259\u015fkilat\u0131na AM\u0130P Siyasi \u015euras\u0131n\u0131n \u00fczv\u00fc Amin\u0259 V\u0259liyeva s\u0259drlik edir. &nbsp;","protected":false},"author":1,"featured_media":0,"parent":0,"menu_order":0,"comment_status":"closed","ping_status":"closed","template":"","meta":{"footnotes":""},"class_list":["post-4579","page","type-page","status-publish","hentry"],"yoast_head":"<!-- This site is optimized with the Yoast SEO plugin v23.8 - https:\/\/yoast.com\/wordpress\/plugins\/seo\/ -->\n<title>Az\u0259rbaycan Milli \u0130stiqlal Partiyas\u0131 Qad\u0131nlar T\u0259\u015fkilat\u0131 - Az\u0259rbaycan Milli \u0130stiqlal Partiyas\u0131<\/title>\n<meta name=\"robots\" content=\"index, follow, max-snippet:-1, max-image-preview:large, max-video-preview:-1\" \/>\n<link rel=\"canonical\" href=\"https:\/\/amip.az\/en\/az\u0259rbaycan-milli-istiqlal-partiyasinin-qadinlar-t\u0259skilati\/\" \/>\n<meta property=\"og:locale\" content=\"en_US\" \/>\n<meta property=\"og:type\" content=\"article\" \/>\n<meta property=\"og:title\" content=\"Az\u0259rbaycan Milli \u0130stiqlal Partiyas\u0131 Qad\u0131nlar T\u0259\u015fkilat\u0131 - Az\u0259rbaycan Milli \u0130stiqlal Partiyas\u0131\" \/>\n<meta property=\"og:url\" content=\"https:\/\/amip.az\/en\/az\u0259rbaycan-milli-istiqlal-partiyasinin-qadinlar-t\u0259skilati\/\" \/>\n<meta property=\"og:site_name\" content=\"Az\u0259rbaycan Milli \u0130stiqlal Partiyas\u0131\" \/>\n<meta property=\"article:publisher\" content=\"https:\/\/www.facebook.com\/istiqlal91\" \/>\n<meta property=\"article:modified_time\" content=\"2022-07-21T11:51:04+00:00\" \/>\n<meta property=\"og:image\" content=\"https:\/\/amip.az\/wp-content\/uploads\/2022\/06\/amip_qadinlar_teshkilati_35.jpg\" \/>\n<meta name=\"twitter:card\" content=\"summary_large_image\" \/>\n<meta name=\"twitter:site\" content=\"@APartiyas\" \/>\n<meta name=\"twitter:label1\" content=\"Est. reading time\" \/>\n\t<meta name=\"twitter:data1\" content=\"1 minute\" \/>\n<script type=\"application\/ld+json\" class=\"yoast-schema-graph\">{\"@context\":\"https:\/\/schema.org\",\"@graph\":[{\"@type\":\"WebPage\",\"@id\":\"https:\/\/amip.az\/az%c9%99rbaycan-milli-istiqlal-partiyasinin-qadinlar-t%c9%99skilati\/\",\"url\":\"https:\/\/amip.az\/az%c9%99rbaycan-milli-istiqlal-partiyasinin-qadinlar-t%c9%99skilati\/\",\"name\":\"Az\u0259rbaycan Milli \u0130stiqlal Partiyas\u0131 Qad\u0131nlar T\u0259\u015fkilat\u0131 - Az\u0259rbaycan Milli \u0130stiqlal Partiyas\u0131\",\"isPartOf\":{\"@id\":\"https:\/\/amip.az\/az\/#website\"},\"primaryImageOfPage\":{\"@id\":\"https:\/\/amip.az\/az%c9%99rbaycan-milli-istiqlal-partiyasinin-qadinlar-t%c9%99skilati\/#primaryimage\"},\"image\":{\"@id\":\"https:\/\/amip.az\/az%c9%99rbaycan-milli-istiqlal-partiyasinin-qadinlar-t%c9%99skilati\/#primaryimage\"},\"thumbnailUrl\":\"https:\/\/amip.az\/wp-content\/uploads\/2022\/06\/amip_qadinlar_teshkilati_35.jpg\",\"datePublished\":\"2022-06-16T07:56:07+00:00\",\"dateModified\":\"2022-07-21T11:51:04+00:00\",\"breadcrumb\":{\"@id\":\"https:\/\/amip.az\/az%c9%99rbaycan-milli-istiqlal-partiyasinin-qadinlar-t%c9%99skilati\/#breadcrumb\"},\"inLanguage\":\"en-US\",\"potentialAction\":[{\"@type\":\"ReadAction\",\"target\":[\"https:\/\/amip.az\/az%c9%99rbaycan-milli-istiqlal-partiyasinin-qadinlar-t%c9%99skilati\/\"]}]},{\"@type\":\"ImageObject\",\"inLanguage\":\"en-US\",\"@id\":\"https:\/\/amip.az\/az%c9%99rbaycan-milli-istiqlal-partiyasinin-qadinlar-t%c9%99skilati\/#primaryimage\",\"url\":\"https:\/\/amip.az\/wp-content\/uploads\/2022\/06\/amip_qadinlar_teshkilati_35.jpg\",\"contentUrl\":\"https:\/\/amip.az\/wp-content\/uploads\/2022\/06\/amip_qadinlar_teshkilati_35.jpg\"},{\"@type\":\"BreadcrumbList\",\"@id\":\"https:\/\/amip.az\/az%c9%99rbaycan-milli-istiqlal-partiyasinin-qadinlar-t%c9%99skilati\/#breadcrumb\",\"itemListElement\":[{\"@type\":\"ListItem\",\"position\":1,\"name\":\"Home\",\"item\":\"https:\/\/amip.az\/\"},{\"@type\":\"ListItem\",\"position\":2,\"name\":\"Az\u0259rbaycan Milli \u0130stiqlal Partiyas\u0131 Qad\u0131nlar T\u0259\u015fkilat\u0131\"}]},{\"@type\":\"WebSite\",\"@id\":\"https:\/\/amip.az\/az\/#website\",\"url\":\"https:\/\/amip.az\/az\/\",\"name\":\"Az\u0259rbaycan Milli \u0130stiqlal Partiyas\u0131\",\"description\":\"AM\u0130P\",\"publisher\":{\"@id\":\"https:\/\/amip.az\/az\/#organization\"},\"potentialAction\":[{\"@type\":\"SearchAction\",\"target\":{\"@type\":\"EntryPoint\",\"urlTemplate\":\"https:\/\/amip.az\/az\/?s={search_term_string}\"},\"query-input\":{\"@type\":\"PropertyValueSpecification\",\"valueRequired\":true,\"valueName\":\"search_term_string\"}}],\"inLanguage\":\"en-US\"},{\"@type\":\"Organization\",\"@id\":\"https:\/\/amip.az\/az\/#organization\",\"name\":\"Az\u0259rbaycan Milli \u0130stiqlal Partiyas\u0131\",\"url\":\"https:\/\/amip.az\/az\/\",\"logo\":{\"@type\":\"ImageObject\",\"inLanguage\":\"en-US\",\"@id\":\"https:\/\/amip.az\/az\/#\/schema\/logo\/image\/\",\"url\":\"https:\/\/amip.az\/wp-content\/uploads\/2023\/06\/amiplogo.png\",\"contentUrl\":\"https:\/\/amip.az\/wp-content\/uploads\/2023\/06\/amiplogo.png\",\"width\":723,\"height\":423,\"caption\":\"Az\u0259rbaycan Milli \u0130stiqlal Partiyas\u0131\"},\"image\":{\"@id\":\"https:\/\/amip.az\/az\/#\/schema\/logo\/image\/\"},\"sameAs\":[\"https:\/\/www.facebook.com\/istiqlal91\",\"https:\/\/x.com\/APartiyas\",\"https:\/\/www.youtube.com\/channel\/UCF3pc8spko_xON2sr4vUC5A\"]}]}<\/script>\n<!-- \/ Yoast SEO plugin. -->","yoast_head_json":{"title":"Az\u0259rbaycan Milli \u0130stiqlal Partiyas\u0131 Qad\u0131nlar T\u0259\u015fkilat\u0131 - Az\u0259rbaycan Milli \u0130stiqlal Partiyas\u0131","robots":{"index":"index","follow":"follow","max-snippet":"max-snippet:-1","max-image-preview":"max-image-preview:large","max-video-preview":"max-video-preview:-1"},"canonical":"https:\/\/amip.az\/en\/az\u0259rbaycan-milli-istiqlal-partiyasinin-qadinlar-t\u0259skilati\/","og_locale":"en_US","og_type":"article","og_title":"Az\u0259rbaycan Milli \u0130stiqlal Partiyas\u0131 Qad\u0131nlar T\u0259\u015fkilat\u0131 - Az\u0259rbaycan Milli \u0130stiqlal Partiyas\u0131","og_url":"https:\/\/amip.az\/en\/az\u0259rbaycan-milli-istiqlal-partiyasinin-qadinlar-t\u0259skilati\/","og_site_name":"Az\u0259rbaycan Milli \u0130stiqlal Partiyas\u0131","article_publisher":"https:\/\/www.facebook.com\/istiqlal91","article_modified_time":"2022-07-21T11:51:04+00:00","og_image":[{"url":"https:\/\/amip.az\/wp-content\/uploads\/2022\/06\/amip_qadinlar_teshkilati_35.jpg"}],"twitter_card":"summary_large_image","twitter_site":"@APartiyas","twitter_misc":{"Est. reading time":"1 minute"},"schema":{"@context":"https:\/\/schema.org","@graph":[{"@type":"WebPage","@id":"https:\/\/amip.az\/az%c9%99rbaycan-milli-istiqlal-partiyasinin-qadinlar-t%c9%99skilati\/","url":"https:\/\/amip.az\/az%c9%99rbaycan-milli-istiqlal-partiyasinin-qadinlar-t%c9%99skilati\/","name":"Az\u0259rbaycan Milli \u0130stiqlal Partiyas\u0131 Qad\u0131nlar T\u0259\u015fkilat\u0131 - Az\u0259rbaycan Milli \u0130stiqlal Partiyas\u0131","isPartOf":{"@id":"https:\/\/amip.az\/az\/#website"},"primaryImageOfPage":{"@id":"https:\/\/amip.az\/az%c9%99rbaycan-milli-istiqlal-partiyasinin-qadinlar-t%c9%99skilati\/#primaryimage"},"image":{"@id":"https:\/\/amip.az\/az%c9%99rbaycan-milli-istiqlal-partiyasinin-qadinlar-t%c9%99skilati\/#primaryimage"},"thumbnailUrl":"https:\/\/amip.az\/wp-content\/uploads\/2022\/06\/amip_qadinlar_teshkilati_35.jpg","datePublished":"2022-06-16T07:56:07+00:00","dateModified":"2022-07-21T11:51:04+00:00","breadcrumb":{"@id":"https:\/\/amip.az\/az%c9%99rbaycan-milli-istiqlal-partiyasinin-qadinlar-t%c9%99skilati\/#breadcrumb"},"inLanguage":"en-US","potentialAction":[{"@type":"ReadAction","target":["https:\/\/amip.az\/az%c9%99rbaycan-milli-istiqlal-partiyasinin-qadinlar-t%c9%99skilati\/"]}]},{"@type":"ImageObject","inLanguage":"en-US","@id":"https:\/\/amip.az\/az%c9%99rbaycan-milli-istiqlal-partiyasinin-qadinlar-t%c9%99skilati\/#primaryimage","url":"https:\/\/amip.az\/wp-content\/uploads\/2022\/06\/amip_qadinlar_teshkilati_35.jpg","contentUrl":"https:\/\/amip.az\/wp-content\/uploads\/2022\/06\/amip_qadinlar_teshkilati_35.jpg"},{"@type":"BreadcrumbList","@id":"https:\/\/amip.az\/az%c9%99rbaycan-milli-istiqlal-partiyasinin-qadinlar-t%c9%99skilati\/#breadcrumb","itemListElement":[{"@type":"ListItem","position":1,"name":"Home","item":"https:\/\/amip.az\/"},{"@type":"ListItem","position":2,"name":"Az\u0259rbaycan Milli \u0130stiqlal Partiyas\u0131 Qad\u0131nlar T\u0259\u015fkilat\u0131"}]},{"@type":"WebSite","@id":"https:\/\/amip.az\/az\/#website","url":"https:\/\/amip.az\/az\/","name":"Az\u0259rbaycan Milli \u0130stiqlal Partiyas\u0131","description":"AM\u0130P","publisher":{"@id":"https:\/\/amip.az\/az\/#organization"},"potentialAction":[{"@type":"SearchAction","target":{"@type":"EntryPoint","urlTemplate":"https:\/\/amip.az\/az\/?s={search_term_string}"},"query-input":{"@type":"PropertyValueSpecification","valueRequired":true,"valueName":"search_term_string"}}],"inLanguage":"en-US"},{"@type":"Organization","@id":"https:\/\/amip.az\/az\/#organization","name":"Az\u0259rbaycan Milli \u0130stiqlal Partiyas\u0131","url":"https:\/\/amip.az\/az\/","logo":{"@type":"ImageObject","inLanguage":"en-US","@id":"https:\/\/amip.az\/az\/#\/schema\/logo\/image\/","url":"https:\/\/amip.az\/wp-content\/uploads\/2023\/06\/amiplogo.png","contentUrl":"https:\/\/amip.az\/wp-content\/uploads\/2023\/06\/amiplogo.png","width":723,"height":423,"caption":"Az\u0259rbaycan Milli \u0130stiqlal Partiyas\u0131"},"image":{"@id":"https:\/\/amip.az\/az\/#\/schema\/logo\/image\/"},"sameAs":["https:\/\/www.facebook.com\/istiqlal91","https:\/\/x.com\/APartiyas","https:\/\/www.youtube.com\/channel\/UCF3pc8spko_xON2sr4vUC5A"]}]}},"_links":{"self":[{"href":"https:\/\/amip.az\/en\/wp-json\/wp\/v2\/pages\/4579","targetHints":{"allow":["GET"]}}],"collection":[{"href":"https:\/\/amip.az\/en\/wp-json\/wp\/v2\/pages"}],"about":[{"href":"https:\/\/amip.az\/en\/wp-json\/wp\/v2\/types\/page"}],"author":[{"embeddable":true,"href":"https:\/\/amip.az\/en\/wp-json\/wp\/v2\/users\/1"}],"replies":[{"embeddable":true,"href":"https:\/\/amip.az\/en\/wp-json\/wp\/v2\/comments?post=4579"}],"version-history":[{"count":9,"href":"https:\/\/amip.az\/en\/wp-json\/wp\/v2\/pages\/4579\/revisions"}],"predecessor-version":[{"id":5389,"href":"https:\/\/amip.az\/en\/wp-json\/wp\/v2\/pages\/4579\/revisions\/5389"}],"wp:attachment":[{"href":"https:\/\/amip.az\/en\/wp-json\/wp\/v2\/media?parent=4579"}],"curies":[{"name":"wp","href":"https:\/\/api.w.org\/{rel}","templated":true}]}}