{"id":4583,"date":"2022-06-16T12:31:59","date_gmt":"2022-06-16T08:31:59","guid":{"rendered":"https:\/\/vtstrt.mediadesigntech.com\/?page_id=4583"},"modified":"2022-07-18T08:31:33","modified_gmt":"2022-07-18T04:31:33","slug":"az%c9%99rbaycan-milli-istiqlal-partiyasinin-s%c9%99drinin-musaviri-2","status":"publish","type":"page","link":"https:\/\/amip.az\/en\/az%c9%99rbaycan-milli-istiqlal-partiyasinin-s%c9%99drinin-musaviri-2\/","title":{"rendered":"Councilor of Chairman of National Independence Party of Azerbaijan"},"content":{"rendered":"<figure class=\"wp-block-image size-full\"><img loading=\"lazy\" decoding=\"async\" width=\"960\" height=\"640\" src=\"https:\/\/amip.az\/wp-content\/uploads\/2022\/06\/amip_sadiqov_oqtay_01_640.jpg\" alt=\"Oktay \u0130slam o\u011flu Sad\u0131qov\" class=\"wp-image-4584\" srcset=\"https:\/\/amip.az\/wp-content\/uploads\/2022\/06\/amip_sadiqov_oqtay_01_640.jpg 960w, https:\/\/amip.az\/wp-content\/uploads\/2022\/06\/amip_sadiqov_oqtay_01_640-300x200.jpg 300w, https:\/\/amip.az\/wp-content\/uploads\/2022\/06\/amip_sadiqov_oqtay_01_640-768x512.jpg 768w, https:\/\/amip.az\/wp-content\/uploads\/2022\/06\/amip_sadiqov_oqtay_01_640-18x12.jpg 18w\" sizes=\"auto, (max-width: 960px) 100vw, 960px\" \/><\/figure>\n\n\n\n<p>Octay Islam Sadigov was born on March 21, 1939.<\/p>\n\n\n\n<p>After finishing secondary school No 1 in Nakhchevan city, he entered the Irevan Pedagogical University.<\/p>\n\n\n\n<p>After graduating from the University in 1961 he started his pedagogical activity in Sisian region.<\/p>\n\n\n\n<p>From 1969 to 2011 he worked in the educational field in Absheron District.<\/p>\n\n\n\n<p>From 1988 to 2020 he worked in the Constituency Commission of Absheron District.<\/p>\n\n\n\n<p>He\u2019s a member of the National Independence Party of Azerbaijan since the party was established. He chaired the Absheron District Branch of NIPA. He went the way from an ordinary member up to a councilor of NIPA chairman. Attended a number of the Party Congresses and was elected a member to the NIPA Central Council.<\/p>\n\n\n\n<p>At present he occupies the position of a councilor of NIPA Chairman and successfully proceeds his political activity.<\/p>\n\n\n\n<p>He\u2019s married, has four children.<\/p>","protected":false},"excerpt":{"rendered":"<p>Oktay \u0130slam o\u011flu Sad\u0131qov 21 mart 1939-cu ild\u0259 anadan olub. 1956-c\u0131 ild\u0259 1 N&#8217;-li Nax\u00e7\u0131van \u015f\u0259h\u0259r orta m\u0259kt\u0259bini bitirdikd\u0259n sonra \u0130r\u0259van Pedoqoji \u0130nstitutuna daxil olmu\u015fdur. 1961-ci il ali t\u0259hsili bitirdikd\u0259n sonra Sisian rayonunda pedoqoji f\u0259aliyy\u0259t g\u00f6st\u0259rmi\u015fdir. 1969-cu ild\u0259n 2011-ci il\u0259d\u0259k Ab\u015feron rayonunda t\u0259hsil sah\u0259sind\u0259 \u00e7al\u0131\u015f\u0131b. 1998-ci ild\u0259n 2020-ci il\u0259d\u0259k Ab\u015feron DSK-da f\u0259aliyy\u0259t g\u00f6st\u0259rib. 1992-ci ild\u0259n Az\u0259rbaycan Milli \u0130stiqlal Partiyas\u0131 yarand\u0131\u011f\u0131 ilk g\u00fcnd\u0259n partiya \u00fczv\u00fcd\u00fcr. Ab\u015feron Rayon T\u0259\u015fkilat\u0131na s\u0259drlik etmi\u015fdir. AM\u0130P s\u0131ravi \u00fczvl\u00fcy\u00fcnd\u0259n m\u00fc\u015favirliy\u0259 kimi y\u00fcks\u0259lmi\u015fdir. Partiyan\u0131n bir \u00e7ox Qurultaylar\u0131nda i\u015ftirak etmi\u015f, qurultayda AM\u0130P M\u0259rk\u0259zi [&hellip;]<\/p>","protected":false},"author":1,"featured_media":0,"parent":0,"menu_order":0,"comment_status":"closed","ping_status":"closed","template":"","meta":{"footnotes":""},"class_list":["post-4583","page","type-page","status-publish","hentry"],"yoast_head":"<!-- This site is optimized with the Yoast SEO plugin v23.8 - https:\/\/yoast.com\/wordpress\/plugins\/seo\/ -->\n<title>Az\u0259rbaycan Milli \u0130stiqlal Partiyas\u0131\u00a0s\u0259drinin m\u00fc\u015faviri - Az\u0259rbaycan Milli \u0130stiqlal Partiyas\u0131<\/title>\n<meta name=\"robots\" content=\"index, follow, max-snippet:-1, max-image-preview:large, max-video-preview:-1\" \/>\n<link rel=\"canonical\" href=\"https:\/\/amip.az\/en\/az\u0259rbaycan-milli-istiqlal-partiyasinin-s\u0259drinin-musaviri-2\/\" \/>\n<meta property=\"og:locale\" content=\"en_US\" \/>\n<meta property=\"og:type\" content=\"article\" \/>\n<meta property=\"og:title\" content=\"Az\u0259rbaycan Milli \u0130stiqlal Partiyas\u0131\u00a0s\u0259drinin m\u00fc\u015faviri - Az\u0259rbaycan Milli \u0130stiqlal Partiyas\u0131\" \/>\n<meta property=\"og:description\" content=\"Oktay \u0130slam o\u011flu Sad\u0131qov 21 mart 1939-cu ild\u0259 anadan olub. 1956-c\u0131 ild\u0259 1 N&#8217;-li Nax\u00e7\u0131van \u015f\u0259h\u0259r orta m\u0259kt\u0259bini bitirdikd\u0259n sonra \u0130r\u0259van Pedoqoji \u0130nstitutuna daxil olmu\u015fdur. 1961-ci il ali t\u0259hsili bitirdikd\u0259n sonra Sisian rayonunda pedoqoji f\u0259aliyy\u0259t g\u00f6st\u0259rmi\u015fdir. 1969-cu ild\u0259n 2011-ci il\u0259d\u0259k Ab\u015feron rayonunda t\u0259hsil sah\u0259sind\u0259 \u00e7al\u0131\u015f\u0131b. 1998-ci ild\u0259n 2020-ci il\u0259d\u0259k Ab\u015feron DSK-da f\u0259aliyy\u0259t g\u00f6st\u0259rib. 1992-ci ild\u0259n Az\u0259rbaycan Milli \u0130stiqlal Partiyas\u0131 yarand\u0131\u011f\u0131 ilk g\u00fcnd\u0259n partiya \u00fczv\u00fcd\u00fcr. Ab\u015feron Rayon T\u0259\u015fkilat\u0131na s\u0259drlik etmi\u015fdir. AM\u0130P s\u0131ravi \u00fczvl\u00fcy\u00fcnd\u0259n m\u00fc\u015favirliy\u0259 kimi y\u00fcks\u0259lmi\u015fdir. Partiyan\u0131n bir \u00e7ox Qurultaylar\u0131nda i\u015ftirak etmi\u015f, qurultayda AM\u0130P M\u0259rk\u0259zi [&hellip;]\" \/>\n<meta property=\"og:url\" content=\"https:\/\/amip.az\/en\/az\u0259rbaycan-milli-istiqlal-partiyasinin-s\u0259drinin-musaviri-2\/\" \/>\n<meta property=\"og:site_name\" content=\"Az\u0259rbaycan Milli \u0130stiqlal Partiyas\u0131\" \/>\n<meta property=\"article:publisher\" content=\"https:\/\/www.facebook.com\/istiqlal91\" \/>\n<meta property=\"article:modified_time\" content=\"2022-07-18T04:31:33+00:00\" \/>\n<meta property=\"og:image\" content=\"https:\/\/amip.az\/wp-content\/uploads\/2022\/06\/amip_sadiqov_oqtay_01_640.jpg\" \/>\n<meta name=\"twitter:card\" content=\"summary_large_image\" \/>\n<meta name=\"twitter:site\" content=\"@APartiyas\" \/>\n<meta name=\"twitter:label1\" content=\"Est. reading time\" \/>\n\t<meta name=\"twitter:data1\" content=\"1 minute\" \/>\n<script type=\"application\/ld+json\" class=\"yoast-schema-graph\">{\"@context\":\"https:\/\/schema.org\",\"@graph\":[{\"@type\":\"WebPage\",\"@id\":\"https:\/\/amip.az\/az%c9%99rbaycan-milli-istiqlal-partiyasinin-s%c9%99drinin-musaviri-2\/\",\"url\":\"https:\/\/amip.az\/az%c9%99rbaycan-milli-istiqlal-partiyasinin-s%c9%99drinin-musaviri-2\/\",\"name\":\"Az\u0259rbaycan Milli \u0130stiqlal Partiyas\u0131\u00a0s\u0259drinin m\u00fc\u015faviri - Az\u0259rbaycan Milli \u0130stiqlal Partiyas\u0131\",\"isPartOf\":{\"@id\":\"https:\/\/amip.az\/az\/#website\"},\"primaryImageOfPage\":{\"@id\":\"https:\/\/amip.az\/az%c9%99rbaycan-milli-istiqlal-partiyasinin-s%c9%99drinin-musaviri-2\/#primaryimage\"},\"image\":{\"@id\":\"https:\/\/amip.az\/az%c9%99rbaycan-milli-istiqlal-partiyasinin-s%c9%99drinin-musaviri-2\/#primaryimage\"},\"thumbnailUrl\":\"https:\/\/amip.az\/wp-content\/uploads\/2022\/06\/amip_sadiqov_oqtay_01_640.jpg\",\"datePublished\":\"2022-06-16T08:31:59+00:00\",\"dateModified\":\"2022-07-18T04:31:33+00:00\",\"breadcrumb\":{\"@id\":\"https:\/\/amip.az\/az%c9%99rbaycan-milli-istiqlal-partiyasinin-s%c9%99drinin-musaviri-2\/#breadcrumb\"},\"inLanguage\":\"en-US\",\"potentialAction\":[{\"@type\":\"ReadAction\",\"target\":[\"https:\/\/amip.az\/az%c9%99rbaycan-milli-istiqlal-partiyasinin-s%c9%99drinin-musaviri-2\/\"]}]},{\"@type\":\"ImageObject\",\"inLanguage\":\"en-US\",\"@id\":\"https:\/\/amip.az\/az%c9%99rbaycan-milli-istiqlal-partiyasinin-s%c9%99drinin-musaviri-2\/#primaryimage\",\"url\":\"https:\/\/amip.az\/wp-content\/uploads\/2022\/06\/amip_sadiqov_oqtay_01_640.jpg\",\"contentUrl\":\"https:\/\/amip.az\/wp-content\/uploads\/2022\/06\/amip_sadiqov_oqtay_01_640.jpg\"},{\"@type\":\"BreadcrumbList\",\"@id\":\"https:\/\/amip.az\/az%c9%99rbaycan-milli-istiqlal-partiyasinin-s%c9%99drinin-musaviri-2\/#breadcrumb\",\"itemListElement\":[{\"@type\":\"ListItem\",\"position\":1,\"name\":\"Home\",\"item\":\"https:\/\/amip.az\/\"},{\"@type\":\"ListItem\",\"position\":2,\"name\":\"Az\u0259rbaycan Milli \u0130stiqlal Partiyas\u0131\u00a0s\u0259drinin m\u00fc\u015faviri\"}]},{\"@type\":\"WebSite\",\"@id\":\"https:\/\/amip.az\/az\/#website\",\"url\":\"https:\/\/amip.az\/az\/\",\"name\":\"Az\u0259rbaycan Milli \u0130stiqlal Partiyas\u0131\",\"description\":\"AM\u0130P\",\"publisher\":{\"@id\":\"https:\/\/amip.az\/az\/#organization\"},\"potentialAction\":[{\"@type\":\"SearchAction\",\"target\":{\"@type\":\"EntryPoint\",\"urlTemplate\":\"https:\/\/amip.az\/az\/?s={search_term_string}\"},\"query-input\":{\"@type\":\"PropertyValueSpecification\",\"valueRequired\":true,\"valueName\":\"search_term_string\"}}],\"inLanguage\":\"en-US\"},{\"@type\":\"Organization\",\"@id\":\"https:\/\/amip.az\/az\/#organization\",\"name\":\"Az\u0259rbaycan Milli \u0130stiqlal Partiyas\u0131\",\"url\":\"https:\/\/amip.az\/az\/\",\"logo\":{\"@type\":\"ImageObject\",\"inLanguage\":\"en-US\",\"@id\":\"https:\/\/amip.az\/az\/#\/schema\/logo\/image\/\",\"url\":\"https:\/\/amip.az\/wp-content\/uploads\/2023\/06\/amiplogo.png\",\"contentUrl\":\"https:\/\/amip.az\/wp-content\/uploads\/2023\/06\/amiplogo.png\",\"width\":723,\"height\":423,\"caption\":\"Az\u0259rbaycan Milli \u0130stiqlal Partiyas\u0131\"},\"image\":{\"@id\":\"https:\/\/amip.az\/az\/#\/schema\/logo\/image\/\"},\"sameAs\":[\"https:\/\/www.facebook.com\/istiqlal91\",\"https:\/\/x.com\/APartiyas\",\"https:\/\/www.youtube.com\/channel\/UCF3pc8spko_xON2sr4vUC5A\"]}]}<\/script>\n<!-- \/ Yoast SEO plugin. -->","yoast_head_json":{"title":"Az\u0259rbaycan Milli \u0130stiqlal Partiyas\u0131\u00a0s\u0259drinin m\u00fc\u015faviri - Az\u0259rbaycan Milli \u0130stiqlal Partiyas\u0131","robots":{"index":"index","follow":"follow","max-snippet":"max-snippet:-1","max-image-preview":"max-image-preview:large","max-video-preview":"max-video-preview:-1"},"canonical":"https:\/\/amip.az\/en\/az\u0259rbaycan-milli-istiqlal-partiyasinin-s\u0259drinin-musaviri-2\/","og_locale":"en_US","og_type":"article","og_title":"Az\u0259rbaycan Milli \u0130stiqlal Partiyas\u0131\u00a0s\u0259drinin m\u00fc\u015faviri - Az\u0259rbaycan Milli \u0130stiqlal Partiyas\u0131","og_description":"Oktay \u0130slam o\u011flu Sad\u0131qov 21 mart 1939-cu ild\u0259 anadan olub. 1956-c\u0131 ild\u0259 1 N&#8217;-li Nax\u00e7\u0131van \u015f\u0259h\u0259r orta m\u0259kt\u0259bini bitirdikd\u0259n sonra \u0130r\u0259van Pedoqoji \u0130nstitutuna daxil olmu\u015fdur. 1961-ci il ali t\u0259hsili bitirdikd\u0259n sonra Sisian rayonunda pedoqoji f\u0259aliyy\u0259t g\u00f6st\u0259rmi\u015fdir. 1969-cu ild\u0259n 2011-ci il\u0259d\u0259k Ab\u015feron rayonunda t\u0259hsil sah\u0259sind\u0259 \u00e7al\u0131\u015f\u0131b. 1998-ci ild\u0259n 2020-ci il\u0259d\u0259k Ab\u015feron DSK-da f\u0259aliyy\u0259t g\u00f6st\u0259rib. 1992-ci ild\u0259n Az\u0259rbaycan Milli \u0130stiqlal Partiyas\u0131 yarand\u0131\u011f\u0131 ilk g\u00fcnd\u0259n partiya \u00fczv\u00fcd\u00fcr. Ab\u015feron Rayon T\u0259\u015fkilat\u0131na s\u0259drlik etmi\u015fdir. AM\u0130P s\u0131ravi \u00fczvl\u00fcy\u00fcnd\u0259n m\u00fc\u015favirliy\u0259 kimi y\u00fcks\u0259lmi\u015fdir. Partiyan\u0131n bir \u00e7ox Qurultaylar\u0131nda i\u015ftirak etmi\u015f, qurultayda AM\u0130P M\u0259rk\u0259zi [&hellip;]","og_url":"https:\/\/amip.az\/en\/az\u0259rbaycan-milli-istiqlal-partiyasinin-s\u0259drinin-musaviri-2\/","og_site_name":"Az\u0259rbaycan Milli \u0130stiqlal Partiyas\u0131","article_publisher":"https:\/\/www.facebook.com\/istiqlal91","article_modified_time":"2022-07-18T04:31:33+00:00","og_image":[{"url":"https:\/\/amip.az\/wp-content\/uploads\/2022\/06\/amip_sadiqov_oqtay_01_640.jpg"}],"twitter_card":"summary_large_image","twitter_site":"@APartiyas","twitter_misc":{"Est. reading time":"1 minute"},"schema":{"@context":"https:\/\/schema.org","@graph":[{"@type":"WebPage","@id":"https:\/\/amip.az\/az%c9%99rbaycan-milli-istiqlal-partiyasinin-s%c9%99drinin-musaviri-2\/","url":"https:\/\/amip.az\/az%c9%99rbaycan-milli-istiqlal-partiyasinin-s%c9%99drinin-musaviri-2\/","name":"Az\u0259rbaycan Milli \u0130stiqlal Partiyas\u0131\u00a0s\u0259drinin m\u00fc\u015faviri - Az\u0259rbaycan Milli \u0130stiqlal Partiyas\u0131","isPartOf":{"@id":"https:\/\/amip.az\/az\/#website"},"primaryImageOfPage":{"@id":"https:\/\/amip.az\/az%c9%99rbaycan-milli-istiqlal-partiyasinin-s%c9%99drinin-musaviri-2\/#primaryimage"},"image":{"@id":"https:\/\/amip.az\/az%c9%99rbaycan-milli-istiqlal-partiyasinin-s%c9%99drinin-musaviri-2\/#primaryimage"},"thumbnailUrl":"https:\/\/amip.az\/wp-content\/uploads\/2022\/06\/amip_sadiqov_oqtay_01_640.jpg","datePublished":"2022-06-16T08:31:59+00:00","dateModified":"2022-07-18T04:31:33+00:00","breadcrumb":{"@id":"https:\/\/amip.az\/az%c9%99rbaycan-milli-istiqlal-partiyasinin-s%c9%99drinin-musaviri-2\/#breadcrumb"},"inLanguage":"en-US","potentialAction":[{"@type":"ReadAction","target":["https:\/\/amip.az\/az%c9%99rbaycan-milli-istiqlal-partiyasinin-s%c9%99drinin-musaviri-2\/"]}]},{"@type":"ImageObject","inLanguage":"en-US","@id":"https:\/\/amip.az\/az%c9%99rbaycan-milli-istiqlal-partiyasinin-s%c9%99drinin-musaviri-2\/#primaryimage","url":"https:\/\/amip.az\/wp-content\/uploads\/2022\/06\/amip_sadiqov_oqtay_01_640.jpg","contentUrl":"https:\/\/amip.az\/wp-content\/uploads\/2022\/06\/amip_sadiqov_oqtay_01_640.jpg"},{"@type":"BreadcrumbList","@id":"https:\/\/amip.az\/az%c9%99rbaycan-milli-istiqlal-partiyasinin-s%c9%99drinin-musaviri-2\/#breadcrumb","itemListElement":[{"@type":"ListItem","position":1,"name":"Home","item":"https:\/\/amip.az\/"},{"@type":"ListItem","position":2,"name":"Az\u0259rbaycan Milli \u0130stiqlal Partiyas\u0131\u00a0s\u0259drinin m\u00fc\u015faviri"}]},{"@type":"WebSite","@id":"https:\/\/amip.az\/az\/#website","url":"https:\/\/amip.az\/az\/","name":"Az\u0259rbaycan Milli \u0130stiqlal Partiyas\u0131","description":"AM\u0130P","publisher":{"@id":"https:\/\/amip.az\/az\/#organization"},"potentialAction":[{"@type":"SearchAction","target":{"@type":"EntryPoint","urlTemplate":"https:\/\/amip.az\/az\/?s={search_term_string}"},"query-input":{"@type":"PropertyValueSpecification","valueRequired":true,"valueName":"search_term_string"}}],"inLanguage":"en-US"},{"@type":"Organization","@id":"https:\/\/amip.az\/az\/#organization","name":"Az\u0259rbaycan Milli \u0130stiqlal Partiyas\u0131","url":"https:\/\/amip.az\/az\/","logo":{"@type":"ImageObject","inLanguage":"en-US","@id":"https:\/\/amip.az\/az\/#\/schema\/logo\/image\/","url":"https:\/\/amip.az\/wp-content\/uploads\/2023\/06\/amiplogo.png","contentUrl":"https:\/\/amip.az\/wp-content\/uploads\/2023\/06\/amiplogo.png","width":723,"height":423,"caption":"Az\u0259rbaycan Milli \u0130stiqlal Partiyas\u0131"},"image":{"@id":"https:\/\/amip.az\/az\/#\/schema\/logo\/image\/"},"sameAs":["https:\/\/www.facebook.com\/istiqlal91","https:\/\/x.com\/APartiyas","https:\/\/www.youtube.com\/channel\/UCF3pc8spko_xON2sr4vUC5A"]}]}},"_links":{"self":[{"href":"https:\/\/amip.az\/en\/wp-json\/wp\/v2\/pages\/4583","targetHints":{"allow":["GET"]}}],"collection":[{"href":"https:\/\/amip.az\/en\/wp-json\/wp\/v2\/pages"}],"about":[{"href":"https:\/\/amip.az\/en\/wp-json\/wp\/v2\/types\/page"}],"author":[{"embeddable":true,"href":"https:\/\/amip.az\/en\/wp-json\/wp\/v2\/users\/1"}],"replies":[{"embeddable":true,"href":"https:\/\/amip.az\/en\/wp-json\/wp\/v2\/comments?post=4583"}],"version-history":[{"count":5,"href":"https:\/\/amip.az\/en\/wp-json\/wp\/v2\/pages\/4583\/revisions"}],"predecessor-version":[{"id":5333,"href":"https:\/\/amip.az\/en\/wp-json\/wp\/v2\/pages\/4583\/revisions\/5333"}],"wp:attachment":[{"href":"https:\/\/amip.az\/en\/wp-json\/wp\/v2\/media?parent=4583"}],"curies":[{"name":"wp","href":"https:\/\/api.w.org\/{rel}","templated":true}]}}