{"id":4586,"date":"2022-06-16T12:40:26","date_gmt":"2022-06-16T08:40:26","guid":{"rendered":"https:\/\/vtstrt.mediadesigntech.com\/?page_id=4586"},"modified":"2022-07-18T10:04:25","modified_gmt":"2022-07-18T06:04:25","slug":"az%c9%99rbaycan-milli-istiqlal-partiyasi-s%c9%99drinin-musavirl%c9%99ri","status":"publish","type":"page","link":"https:\/\/amip.az\/en\/az%c9%99rbaycan-milli-istiqlal-partiyasi-s%c9%99drinin-musavirl%c9%99ri\/","title":{"rendered":"Councilors of the Chairman of the National Independence Party of Azerbaijan"},"content":{"rendered":"<div class=\"mkdf-row-grid-section-wrapper\"  ><div class=\"mkdf-row-grid-section\"><div class=\"vc_row wpb_row vc_row-fluid vc_custom_1656492488935\" ><div class=\"wpb_column vc_column_container vc_col-sm-12 vc_col-lg-offset-0 vc_col-lg-4 vc_col-md-offset-0 vc_col-md-12 vc_col-sm-offset-0 vc_col-xs-12\"><div class=\"vc_column-inner\"><div class=\"wpb_wrapper\"><div class=\"mkdf-elements-holder-wrapper\"><div class=\"mkdf-elements-holder   mkdf-one-column    mkdf-responsive-mode-768\" ><div class=\"mkdf-eh-item\"  data-item-class=\"mkdf-eh-custom-9521\" data-1367-1600=\"0px 28px 45px 0px\" data-1025-1366=\"0px 28px 45px 0px\" data-769-1024=\"0px 0px 130px 0px\" data-681-768=\"0px 0px 120px 0px\" data-680=\"0px 2px 45px 0px\">\n\t<div class=\"mkdf-eh-item-inner\">\n\t\t<div class=\"mkdf-eh-item-content mkdf-eh-custom-9521\" style=\"padding: 0px 28px 45px 0px\">\n\t\t\t<div class=\"mkdf-image-with-text-holder   mkdf-image-behavior-custom-link\">\n    <div class=\"mkdf-iwt-image\">\n        \t            <a itemprop=\"url\" href=\"\/en\/az\u0259rbaycan-milli-istiqlal-partiyasi-s\u0259drinin-siyasi-musaviri\/\" target=\"_self\">\n                                    <img loading=\"lazy\" decoding=\"async\" width=\"319\" height=\"319\" src=\"https:\/\/amip.az\/wp-content\/uploads\/2022\/06\/amip_ceyran_dursun_qizi_ansar_icon_01_319.jpg\" class=\"attachment-full size-full\" alt=\"Ceyran Dursun q\u0131z\u0131 \u018fns\u0259r\" srcset=\"https:\/\/amip.az\/wp-content\/uploads\/2022\/06\/amip_ceyran_dursun_qizi_ansar_icon_01_319.jpg 319w, https:\/\/amip.az\/wp-content\/uploads\/2022\/06\/amip_ceyran_dursun_qizi_ansar_icon_01_319-300x300.jpg 300w, https:\/\/amip.az\/wp-content\/uploads\/2022\/06\/amip_ceyran_dursun_qizi_ansar_icon_01_319-150x150.jpg 150w, https:\/\/amip.az\/wp-content\/uploads\/2022\/06\/amip_ceyran_dursun_qizi_ansar_icon_01_319-12x12.jpg 12w\" sizes=\"auto, (max-width: 319px) 100vw, 319px\" \/>                                <\/a>\n            <\/div>\n    <div class=\"mkdf-iwt-text-holder\">\n\t                        <a itemprop=\"url\" href=\"\/en\/az\u0259rbaycan-milli-istiqlal-partiyasi-s\u0259drinin-siyasi-musaviri\/\" target=\"_self\">\n            <h4 class=\"mkdf-iwt-title\" style=\"color: #0a0a0a\">Councilor of NIPA Chairman<\/h4>\n            <\/a>\n        \t\t            <p class=\"mkdf-iwt-text\" style=\"color: #0a0a0a\">Jeyran Ansar<\/p>\n            <\/div>\n<\/div>\t\t<\/div>\n\t<\/div>\n<\/div><\/div><\/div><\/div><\/div><\/div><div class=\"wpb_column vc_column_container vc_col-sm-12 vc_col-lg-offset-0 vc_col-lg-4 vc_col-md-offset-0 vc_col-md-12 vc_col-sm-offset-0 vc_col-xs-12\"><div class=\"vc_column-inner\"><div class=\"wpb_wrapper\"><div class=\"mkdf-elements-holder-wrapper\"><div class=\"mkdf-elements-holder   mkdf-one-column    mkdf-responsive-mode-768\" ><div class=\"mkdf-eh-item\"  data-item-class=\"mkdf-eh-custom-7101\" data-1367-1600=\"0px 28px 45px 0px\" data-1025-1366=\"0px 28px 45px 0px\" data-769-1024=\"0px 0px 130px 0px\" data-681-768=\"0px 0px 120px 0px\" data-680=\"0px 2px 45px 0px\">\n\t<div class=\"mkdf-eh-item-inner\">\n\t\t<div class=\"mkdf-eh-item-content mkdf-eh-custom-7101\" style=\"padding: 0px 28px 45px 0px\">\n\t\t\t<div class=\"mkdf-image-with-text-holder   mkdf-image-behavior-custom-link\">\n    <div class=\"mkdf-iwt-image\">\n        \t            <a itemprop=\"url\" href=\"\/en\/az\u0259rbaycan-milli-istiqlal-partiyasinin-s\u0259drinin-musaviri\/\" target=\"_self\">\n                                    <img loading=\"lazy\" decoding=\"async\" width=\"319\" height=\"319\" src=\"https:\/\/amip.az\/wp-content\/uploads\/2022\/06\/amip_eldar_qoshun_huseynov_icon_01_319.jpg\" class=\"attachment-full size-full\" alt=\"Eldar Qo\u015fun o\u011flu H\u00fcseynov\" srcset=\"https:\/\/amip.az\/wp-content\/uploads\/2022\/06\/amip_eldar_qoshun_huseynov_icon_01_319.jpg 319w, https:\/\/amip.az\/wp-content\/uploads\/2022\/06\/amip_eldar_qoshun_huseynov_icon_01_319-300x300.jpg 300w, https:\/\/amip.az\/wp-content\/uploads\/2022\/06\/amip_eldar_qoshun_huseynov_icon_01_319-150x150.jpg 150w, https:\/\/amip.az\/wp-content\/uploads\/2022\/06\/amip_eldar_qoshun_huseynov_icon_01_319-12x12.jpg 12w\" sizes=\"auto, (max-width: 319px) 100vw, 319px\" \/>                                <\/a>\n            <\/div>\n    <div class=\"mkdf-iwt-text-holder\">\n\t                        <a itemprop=\"url\" href=\"\/en\/az\u0259rbaycan-milli-istiqlal-partiyasinin-s\u0259drinin-musaviri\/\" target=\"_self\">\n            <h4 class=\"mkdf-iwt-title\" style=\"color: #0a0a0a\">Councilor of NIPA Chairman<\/h4>\n            <\/a>\n        \t\t            <p class=\"mkdf-iwt-text\" style=\"color: #0a0a0a\">Eldar Huseinov<\/p>\n            <\/div>\n<\/div>\t\t<\/div>\n\t<\/div>\n<\/div><\/div><\/div><\/div><\/div><\/div><div class=\"wpb_column vc_column_container vc_col-sm-12 vc_col-lg-offset-0 vc_col-lg-4 vc_col-md-offset-0 vc_col-md-12 vc_col-sm-offset-0 vc_col-xs-12\"><div class=\"vc_column-inner\"><div class=\"wpb_wrapper\"><div class=\"mkdf-elements-holder-wrapper\"><div class=\"mkdf-elements-holder   mkdf-one-column    mkdf-responsive-mode-768\" ><div class=\"mkdf-eh-item\"  data-item-class=\"mkdf-eh-custom-4755\" data-1367-1600=\"0px 28px 45px 0px\" data-1025-1366=\"0px 28px 45px 0px\" data-769-1024=\"0px 0px 130px 0px\" data-681-768=\"0px 0px 120px 0px\" data-680=\"0px 2px 45px 0px\">\n\t<div class=\"mkdf-eh-item-inner\">\n\t\t<div class=\"mkdf-eh-item-content mkdf-eh-custom-4755\" style=\"padding: 0px 28px 45px 0px\">\n\t\t\t<div class=\"mkdf-image-with-text-holder   mkdf-image-behavior-custom-link\">\n    <div class=\"mkdf-iwt-image\">\n        \t            <a itemprop=\"url\" href=\"\/en\/az\u0259rbaycan-milli-istiqlal-partiyasinin-s\u0259drinin-musaviri-2\/\" target=\"_self\">\n                                    <img loading=\"lazy\" decoding=\"async\" width=\"319\" height=\"319\" src=\"https:\/\/amip.az\/wp-content\/uploads\/2022\/06\/amip_sadiqov_oqtay_icon_01_319.jpg\" class=\"attachment-full size-full\" alt=\"Oktay \u0130slam o\u011flu Sad\u0131qov\" srcset=\"https:\/\/amip.az\/wp-content\/uploads\/2022\/06\/amip_sadiqov_oqtay_icon_01_319.jpg 319w, https:\/\/amip.az\/wp-content\/uploads\/2022\/06\/amip_sadiqov_oqtay_icon_01_319-300x300.jpg 300w, https:\/\/amip.az\/wp-content\/uploads\/2022\/06\/amip_sadiqov_oqtay_icon_01_319-150x150.jpg 150w, https:\/\/amip.az\/wp-content\/uploads\/2022\/06\/amip_sadiqov_oqtay_icon_01_319-12x12.jpg 12w\" sizes=\"auto, (max-width: 319px) 100vw, 319px\" \/>                                <\/a>\n            <\/div>\n    <div class=\"mkdf-iwt-text-holder\">\n\t                        <a itemprop=\"url\" href=\"\/en\/az\u0259rbaycan-milli-istiqlal-partiyasinin-s\u0259drinin-musaviri-2\/\" target=\"_self\">\n            <h4 class=\"mkdf-iwt-title\" style=\"color: #0a0a0a\">Councilor of NIPA Chairman<\/h4>\n            <\/a>\n        \t\t            <p class=\"mkdf-iwt-text\" style=\"color: #0a0a0a\">Octay Sadigov<\/p>\n            <\/div>\n<\/div>\t\t<\/div>\n\t<\/div>\n<\/div><\/div><\/div><\/div><\/div><\/div><\/div><\/div><\/div><div class=\"mkdf-row-grid-section-wrapper\"  ><div class=\"mkdf-row-grid-section\"><div class=\"vc_row wpb_row vc_row-fluid vc_custom_1656492496845\" ><div class=\"wpb_column vc_column_container vc_col-sm-12 vc_col-lg-offset-0 vc_col-lg-4 vc_col-md-offset-0 vc_col-md-12 vc_col-sm-offset-0 vc_col-xs-12\"><div class=\"vc_column-inner\"><div class=\"wpb_wrapper\"><div class=\"mkdf-elements-holder-wrapper\"><div class=\"mkdf-elements-holder   mkdf-one-column    mkdf-responsive-mode-768\" ><div class=\"mkdf-eh-item\"  data-item-class=\"mkdf-eh-custom-6353\" data-1367-1600=\"0px 28px 45px 0px\" data-1025-1366=\"0px 28px 45px 0px\" data-769-1024=\"0px 0px 130px 0px\" data-681-768=\"0px 0px 120px 0px\" data-680=\"0px 2px 45px 0px\">\n\t<div class=\"mkdf-eh-item-inner\">\n\t\t<div class=\"mkdf-eh-item-content mkdf-eh-custom-6353\" style=\"padding: 0px 28px 45px 0px\">\n\t\t\t<div class=\"mkdf-image-with-text-holder   mkdf-image-behavior-custom-link\">\n    <div class=\"mkdf-iwt-image\">\n        \t            <a itemprop=\"url\" href=\"\/en\/az\u0259rbaycan-milli-istiqlal-partiyasi-s\u0259drinin-musaviri\/\" target=\"_self\">\n                                    <img loading=\"lazy\" decoding=\"async\" width=\"319\" height=\"319\" src=\"https:\/\/amip.az\/wp-content\/uploads\/2022\/06\/amip_nazim_samkamal_oglu_bayramov_icon_01_319.jpg\" class=\"attachment-full size-full\" alt=\"Nazim Samkamal o\u011flu Bayramov\" srcset=\"https:\/\/amip.az\/wp-content\/uploads\/2022\/06\/amip_nazim_samkamal_oglu_bayramov_icon_01_319.jpg 319w, https:\/\/amip.az\/wp-content\/uploads\/2022\/06\/amip_nazim_samkamal_oglu_bayramov_icon_01_319-300x300.jpg 300w, https:\/\/amip.az\/wp-content\/uploads\/2022\/06\/amip_nazim_samkamal_oglu_bayramov_icon_01_319-150x150.jpg 150w, https:\/\/amip.az\/wp-content\/uploads\/2022\/06\/amip_nazim_samkamal_oglu_bayramov_icon_01_319-12x12.jpg 12w\" sizes=\"auto, (max-width: 319px) 100vw, 319px\" \/>                                <\/a>\n            <\/div>\n    <div class=\"mkdf-iwt-text-holder\">\n\t                        <a itemprop=\"url\" href=\"\/en\/az\u0259rbaycan-milli-istiqlal-partiyasi-s\u0259drinin-musaviri\/\" target=\"_self\">\n            <h4 class=\"mkdf-iwt-title\" style=\"color: #0a0a0a\">Councilor of NIPA Chairman<\/h4>\n            <\/a>\n        \t\t            <p class=\"mkdf-iwt-text\" style=\"color: #0a0a0a\">Nazim Bayramov<\/p>\n            <\/div>\n<\/div>\t\t<\/div>\n\t<\/div>\n<\/div><\/div><\/div><\/div><\/div><\/div><\/div><\/div><\/div>","protected":false},"excerpt":{"rendered":"Az\u0259rbaycan Milli \u0130stiqlal Partiyas\u0131 s\u0259drinin m\u00fc\u015faviri Ceyran Dursun q\u0131z\u0131 \u018fns\u0259r Az\u0259rbaycan Milli \u0130stiqlal Partiyas\u0131 s\u0259drinin m\u00fc\u015faviri Eldar Qo\u015fun o\u011flu H\u00fcseynov Az\u0259rbaycan Milli \u0130stiqlal Partiyas\u0131 s\u0259drinin m\u00fc\u015faviri Oktay \u0130slam o\u011flu Sad\u0131qov Az\u0259rbaycan Milli \u0130stiqlal Partiyas\u0131 s\u0259drinin m\u00fc\u015faviri Nazim Samkamal o\u011flu Bayramov","protected":false},"author":1,"featured_media":0,"parent":0,"menu_order":0,"comment_status":"closed","ping_status":"closed","template":"","meta":{"footnotes":""},"class_list":["post-4586","page","type-page","status-publish","hentry"],"yoast_head":"<!-- This site is optimized with the Yoast SEO plugin v23.8 - https:\/\/yoast.com\/wordpress\/plugins\/seo\/ -->\n<title>Az\u0259rbaycan Milli \u0130stiqlal Partiyas\u0131 s\u0259drinin m\u00fc\u015favirl\u0259ri - Az\u0259rbaycan Milli \u0130stiqlal Partiyas\u0131<\/title>\n<meta name=\"robots\" content=\"index, follow, max-snippet:-1, max-image-preview:large, max-video-preview:-1\" \/>\n<link rel=\"canonical\" href=\"https:\/\/amip.az\/en\/az\u0259rbaycan-milli-istiqlal-partiyasi-s\u0259drinin-musavirl\u0259ri\/\" \/>\n<meta property=\"og:locale\" content=\"en_US\" \/>\n<meta property=\"og:type\" content=\"article\" \/>\n<meta property=\"og:title\" content=\"Az\u0259rbaycan Milli \u0130stiqlal Partiyas\u0131 s\u0259drinin m\u00fc\u015favirl\u0259ri - Az\u0259rbaycan Milli \u0130stiqlal Partiyas\u0131\" \/>\n<meta property=\"og:url\" content=\"https:\/\/amip.az\/en\/az\u0259rbaycan-milli-istiqlal-partiyasi-s\u0259drinin-musavirl\u0259ri\/\" \/>\n<meta property=\"og:site_name\" content=\"Az\u0259rbaycan Milli \u0130stiqlal Partiyas\u0131\" \/>\n<meta property=\"article:publisher\" content=\"https:\/\/www.facebook.com\/istiqlal91\" \/>\n<meta property=\"article:modified_time\" content=\"2022-07-18T06:04:25+00:00\" \/>\n<meta name=\"twitter:card\" content=\"summary_large_image\" \/>\n<meta name=\"twitter:site\" content=\"@APartiyas\" \/>\n<meta name=\"twitter:label1\" content=\"Est. reading time\" \/>\n\t<meta name=\"twitter:data1\" content=\"3 minutes\" \/>\n<script type=\"application\/ld+json\" class=\"yoast-schema-graph\">{\"@context\":\"https:\/\/schema.org\",\"@graph\":[{\"@type\":\"WebPage\",\"@id\":\"https:\/\/amip.az\/az%c9%99rbaycan-milli-istiqlal-partiyasi-s%c9%99drinin-musavirl%c9%99ri\/\",\"url\":\"https:\/\/amip.az\/az%c9%99rbaycan-milli-istiqlal-partiyasi-s%c9%99drinin-musavirl%c9%99ri\/\",\"name\":\"Az\u0259rbaycan Milli \u0130stiqlal Partiyas\u0131 s\u0259drinin m\u00fc\u015favirl\u0259ri - Az\u0259rbaycan Milli \u0130stiqlal Partiyas\u0131\",\"isPartOf\":{\"@id\":\"https:\/\/amip.az\/az\/#website\"},\"datePublished\":\"2022-06-16T08:40:26+00:00\",\"dateModified\":\"2022-07-18T06:04:25+00:00\",\"breadcrumb\":{\"@id\":\"https:\/\/amip.az\/az%c9%99rbaycan-milli-istiqlal-partiyasi-s%c9%99drinin-musavirl%c9%99ri\/#breadcrumb\"},\"inLanguage\":\"en-US\",\"potentialAction\":[{\"@type\":\"ReadAction\",\"target\":[\"https:\/\/amip.az\/az%c9%99rbaycan-milli-istiqlal-partiyasi-s%c9%99drinin-musavirl%c9%99ri\/\"]}]},{\"@type\":\"BreadcrumbList\",\"@id\":\"https:\/\/amip.az\/az%c9%99rbaycan-milli-istiqlal-partiyasi-s%c9%99drinin-musavirl%c9%99ri\/#breadcrumb\",\"itemListElement\":[{\"@type\":\"ListItem\",\"position\":1,\"name\":\"Home\",\"item\":\"https:\/\/amip.az\/\"},{\"@type\":\"ListItem\",\"position\":2,\"name\":\"Az\u0259rbaycan Milli \u0130stiqlal Partiyas\u0131 s\u0259drinin m\u00fc\u015favirl\u0259ri\"}]},{\"@type\":\"WebSite\",\"@id\":\"https:\/\/amip.az\/az\/#website\",\"url\":\"https:\/\/amip.az\/az\/\",\"name\":\"Az\u0259rbaycan Milli \u0130stiqlal Partiyas\u0131\",\"description\":\"AM\u0130P\",\"publisher\":{\"@id\":\"https:\/\/amip.az\/az\/#organization\"},\"potentialAction\":[{\"@type\":\"SearchAction\",\"target\":{\"@type\":\"EntryPoint\",\"urlTemplate\":\"https:\/\/amip.az\/az\/?s={search_term_string}\"},\"query-input\":{\"@type\":\"PropertyValueSpecification\",\"valueRequired\":true,\"valueName\":\"search_term_string\"}}],\"inLanguage\":\"en-US\"},{\"@type\":\"Organization\",\"@id\":\"https:\/\/amip.az\/az\/#organization\",\"name\":\"Az\u0259rbaycan Milli \u0130stiqlal Partiyas\u0131\",\"url\":\"https:\/\/amip.az\/az\/\",\"logo\":{\"@type\":\"ImageObject\",\"inLanguage\":\"en-US\",\"@id\":\"https:\/\/amip.az\/az\/#\/schema\/logo\/image\/\",\"url\":\"https:\/\/amip.az\/wp-content\/uploads\/2023\/06\/amiplogo.png\",\"contentUrl\":\"https:\/\/amip.az\/wp-content\/uploads\/2023\/06\/amiplogo.png\",\"width\":723,\"height\":423,\"caption\":\"Az\u0259rbaycan Milli \u0130stiqlal Partiyas\u0131\"},\"image\":{\"@id\":\"https:\/\/amip.az\/az\/#\/schema\/logo\/image\/\"},\"sameAs\":[\"https:\/\/www.facebook.com\/istiqlal91\",\"https:\/\/x.com\/APartiyas\",\"https:\/\/www.youtube.com\/channel\/UCF3pc8spko_xON2sr4vUC5A\"]}]}<\/script>\n<!-- \/ Yoast SEO plugin. -->","yoast_head_json":{"title":"Az\u0259rbaycan Milli \u0130stiqlal Partiyas\u0131 s\u0259drinin m\u00fc\u015favirl\u0259ri - Az\u0259rbaycan Milli \u0130stiqlal Partiyas\u0131","robots":{"index":"index","follow":"follow","max-snippet":"max-snippet:-1","max-image-preview":"max-image-preview:large","max-video-preview":"max-video-preview:-1"},"canonical":"https:\/\/amip.az\/en\/az\u0259rbaycan-milli-istiqlal-partiyasi-s\u0259drinin-musavirl\u0259ri\/","og_locale":"en_US","og_type":"article","og_title":"Az\u0259rbaycan Milli \u0130stiqlal Partiyas\u0131 s\u0259drinin m\u00fc\u015favirl\u0259ri - Az\u0259rbaycan Milli \u0130stiqlal Partiyas\u0131","og_url":"https:\/\/amip.az\/en\/az\u0259rbaycan-milli-istiqlal-partiyasi-s\u0259drinin-musavirl\u0259ri\/","og_site_name":"Az\u0259rbaycan Milli \u0130stiqlal Partiyas\u0131","article_publisher":"https:\/\/www.facebook.com\/istiqlal91","article_modified_time":"2022-07-18T06:04:25+00:00","twitter_card":"summary_large_image","twitter_site":"@APartiyas","twitter_misc":{"Est. reading time":"3 minutes"},"schema":{"@context":"https:\/\/schema.org","@graph":[{"@type":"WebPage","@id":"https:\/\/amip.az\/az%c9%99rbaycan-milli-istiqlal-partiyasi-s%c9%99drinin-musavirl%c9%99ri\/","url":"https:\/\/amip.az\/az%c9%99rbaycan-milli-istiqlal-partiyasi-s%c9%99drinin-musavirl%c9%99ri\/","name":"Az\u0259rbaycan Milli \u0130stiqlal Partiyas\u0131 s\u0259drinin m\u00fc\u015favirl\u0259ri - Az\u0259rbaycan Milli \u0130stiqlal Partiyas\u0131","isPartOf":{"@id":"https:\/\/amip.az\/az\/#website"},"datePublished":"2022-06-16T08:40:26+00:00","dateModified":"2022-07-18T06:04:25+00:00","breadcrumb":{"@id":"https:\/\/amip.az\/az%c9%99rbaycan-milli-istiqlal-partiyasi-s%c9%99drinin-musavirl%c9%99ri\/#breadcrumb"},"inLanguage":"en-US","potentialAction":[{"@type":"ReadAction","target":["https:\/\/amip.az\/az%c9%99rbaycan-milli-istiqlal-partiyasi-s%c9%99drinin-musavirl%c9%99ri\/"]}]},{"@type":"BreadcrumbList","@id":"https:\/\/amip.az\/az%c9%99rbaycan-milli-istiqlal-partiyasi-s%c9%99drinin-musavirl%c9%99ri\/#breadcrumb","itemListElement":[{"@type":"ListItem","position":1,"name":"Home","item":"https:\/\/amip.az\/"},{"@type":"ListItem","position":2,"name":"Az\u0259rbaycan Milli \u0130stiqlal Partiyas\u0131 s\u0259drinin m\u00fc\u015favirl\u0259ri"}]},{"@type":"WebSite","@id":"https:\/\/amip.az\/az\/#website","url":"https:\/\/amip.az\/az\/","name":"Az\u0259rbaycan Milli \u0130stiqlal Partiyas\u0131","description":"AM\u0130P","publisher":{"@id":"https:\/\/amip.az\/az\/#organization"},"potentialAction":[{"@type":"SearchAction","target":{"@type":"EntryPoint","urlTemplate":"https:\/\/amip.az\/az\/?s={search_term_string}"},"query-input":{"@type":"PropertyValueSpecification","valueRequired":true,"valueName":"search_term_string"}}],"inLanguage":"en-US"},{"@type":"Organization","@id":"https:\/\/amip.az\/az\/#organization","name":"Az\u0259rbaycan Milli \u0130stiqlal Partiyas\u0131","url":"https:\/\/amip.az\/az\/","logo":{"@type":"ImageObject","inLanguage":"en-US","@id":"https:\/\/amip.az\/az\/#\/schema\/logo\/image\/","url":"https:\/\/amip.az\/wp-content\/uploads\/2023\/06\/amiplogo.png","contentUrl":"https:\/\/amip.az\/wp-content\/uploads\/2023\/06\/amiplogo.png","width":723,"height":423,"caption":"Az\u0259rbaycan Milli \u0130stiqlal Partiyas\u0131"},"image":{"@id":"https:\/\/amip.az\/az\/#\/schema\/logo\/image\/"},"sameAs":["https:\/\/www.facebook.com\/istiqlal91","https:\/\/x.com\/APartiyas","https:\/\/www.youtube.com\/channel\/UCF3pc8spko_xON2sr4vUC5A"]}]}},"_links":{"self":[{"href":"https:\/\/amip.az\/en\/wp-json\/wp\/v2\/pages\/4586","targetHints":{"allow":["GET"]}}],"collection":[{"href":"https:\/\/amip.az\/en\/wp-json\/wp\/v2\/pages"}],"about":[{"href":"https:\/\/amip.az\/en\/wp-json\/wp\/v2\/types\/page"}],"author":[{"embeddable":true,"href":"https:\/\/amip.az\/en\/wp-json\/wp\/v2\/users\/1"}],"replies":[{"embeddable":true,"href":"https:\/\/amip.az\/en\/wp-json\/wp\/v2\/comments?post=4586"}],"version-history":[{"count":10,"href":"https:\/\/amip.az\/en\/wp-json\/wp\/v2\/pages\/4586\/revisions"}],"predecessor-version":[{"id":5352,"href":"https:\/\/amip.az\/en\/wp-json\/wp\/v2\/pages\/4586\/revisions\/5352"}],"wp:attachment":[{"href":"https:\/\/amip.az\/en\/wp-json\/wp\/v2\/media?parent=4586"}],"curies":[{"name":"wp","href":"https:\/\/api.w.org\/{rel}","templated":true}]}}