{"id":4635,"date":"2022-06-17T10:10:13","date_gmt":"2022-06-17T06:10:13","guid":{"rendered":"https:\/\/vtstrt.mediadesigntech.com\/?page_id=4635"},"modified":"2026-04-11T14:27:50","modified_gmt":"2026-04-11T10:27:50","slug":"az%c9%99rbaycan-milli-istiqlal-partiyasi-m%c9%99rk%c9%99zi-surasinin-uzvl%c9%99ri","status":"publish","type":"page","link":"https:\/\/amip.az\/en\/az%c9%99rbaycan-milli-istiqlal-partiyasi-m%c9%99rk%c9%99zi-surasinin-uzvl%c9%99ri\/","title":{"rendered":"Az\u0259rbaycan Milli \u0130stiqlal Partiyas\u0131 Ali M\u0259clis \u00fczvl\u0259ri"},"content":{"rendered":"<p>1. Bayramov R\u0259\u015fad Ayd\u0131n<br>2. Abbasl\u0131 N\u0259zrin Maarif<br>3. H\u0259s\u0259nov Y\u0259hya M\u0259mm\u0259d\u0259li<br>4. N\u0259c\u0259fova Su\u011fra \u018fli<br>5. A\u011fayeva Humay Arzuxan<br>6. Qarayev Zahid H\u00fcseyn<br>7. \u018fliyeva \u0130lham\u0259 Vaqif<br>8. R\u00fcst\u0259mov Ayaz P\u0259nah<br>9. Musayev T\u0259briz S\u0259m\u0259nd\u0259r<br>10. Q\u0259l\u0259nd\u0259rli M\u0259mm\u0259d \u018fs\u0259d<br>11. \u018fliyev Ayd\u0131n Niftal\u0131<br>12. Al\u0131yev Azad M\u0259h\u0259rr\u0259m<br>13. Xan\u0259lizad\u0259 Behnam B\u0259hm\u0259n<br>14. S\u0259limova Nuran\u0259 Hac\u0131baba<br>15. N\u0259biyev Afs\u0259ddin Qinyaz<br>16. M\u0259lik\u0259liyev Xanmirz\u0259 Xanbala<br>17. H\u0259s\u0259nli M\u00f6vs\u00fcm \u0130lham<br>18. H\u0259mz\u0259yev Sadiq Mahmud<br>19. \u018fns\u0259r Ceyran Dursun<br>20. Abbasov El\u00e7in Mikay\u0131l<br>21. Hac\u0131yeva Sevil H\u0259mdi<br>22. Na\u011f\u0131yev Bilman Q\u00fcdr\u0259t<br>23. Mustafayev El\u015f\u0259n Mansur<br>24. \u0130sayeva Sanub\u0259r \u0130bi\u015f<br>25. H\u00fcseynov Eldar Qo\u015fun<br>26. H\u0259s\u0259nov M\u0259d\u0259t Pirverdi<br>27. \u018fsg\u0259rov \u018fl\u0259ddin Sultan<br>28. \u0130sg\u0259nd\u0259rov Az\u0259r Q\u0259nb\u0259r<br>29. \u0130smay\u0131lov Ayd\u0131n \u0130slam<br>30. Musayeva K\u0259mal\u0259 C\u0259mal\u0259ddin<br>31. Orucov \u018fli M\u0259h\u0259mm\u0259d<br>32. \u018flizad\u0259 Nadir Zeynal<br>33. H\u0259s\u0259nov \u0130lqar \u0130srail<br>34. \u0130smay\u0131lov Teyyub Eyyub<br>35. Ta\u011f\u0131yev D\u0259yan\u0259t Akif<br>36. \u018fhm\u0259dov Natiq Sabir<br>37. M\u0259mm\u0259dov Rahab K\u0259r\u0259m<br>38. Rzayev Ya\u015far Sabir<br>39. V\u0259liyeva Amin\u0259 A\u011famirz\u0259<br>40. \u018fhm\u0259dov Q\u0259hr\u0259man \u0130lyas<br>41. M\u0259h\u0259rr\u0259mov Nizami M\u00f6hs\u00fcn<br>42. C\u0259f\u0259rov El\u00e7in D\u0259mir<br>43. Mirq\u0259dirov Rauf H\u0259bibulla<br>44. Binn\u0259tov Arif Cavad<br>45. Naibov \u018fmiraslan B\u00f6y\u00fck<br><\/p>\n\n\n\n<h3 class=\"wp-block-heading\">Ali M\u0259clis <strong>\u00fczvl\u00fcy\u00fcn\u0259 namiz\u0259dl\u0259rin siyah\u0131s\u0131<\/strong><\/h3>\n\n\n\n<p>46. \u018fliyev R\u00f6v\u015f\u0259n \u015eaban<br>47. D\u0259mirov Kamil A\u011famurad<br>48. Mehtiyev S\u0259bri \u015eahv\u0259l\u0259d<br>49. Yar\u0259liyeva Elnar\u0259 N\u0259srulla<br>50. Rzayev Z\u0259rdan M\u0259h\u0259rr\u0259m<br>51. Sad\u0131qov Oktay \u0130slam<br>52. \u015e\u00fck\u00fcrov Abil Rizvan<br>53. Ta\u011f\u0131yev G\u00fcla\u011fa Balay<br>54. V\u0259liyev Z\u0259f\u0259r \u0130smay\u0131l<br>55. S\u00fcleymanov Akif Halay<\/p>\n\n\n\n<ol class=\"wp-block-list\"><\/ol>","protected":false},"excerpt":{"rendered":"<p>1. Bayramov R\u0259\u015fad Ayd\u0131n2. Abbasl\u0131 N\u0259zrin Maarif3. H\u0259s\u0259nov Y\u0259hya M\u0259mm\u0259d\u0259li4. N\u0259c\u0259fova Su\u011fra \u018fli5. A\u011fayeva Humay Arzuxan6. Qarayev Zahid H\u00fcseyn7. \u018fliyeva \u0130lham\u0259 Vaqif8. R\u00fcst\u0259mov Ayaz P\u0259nah9. Musayev T\u0259briz S\u0259m\u0259nd\u0259r10. Q\u0259l\u0259nd\u0259rli M\u0259mm\u0259d \u018fs\u0259d11. \u018fliyev Ayd\u0131n Niftal\u013112. Al\u0131yev Azad M\u0259h\u0259rr\u0259m13. Xan\u0259lizad\u0259 Behnam B\u0259hm\u0259n14. S\u0259limova Nuran\u0259 Hac\u0131baba15. N\u0259biyev Afs\u0259ddin Qinyaz16. M\u0259lik\u0259liyev Xanmirz\u0259 Xanbala17. H\u0259s\u0259nli M\u00f6vs\u00fcm \u0130lham18. H\u0259mz\u0259yev Sadiq Mahmud19. \u018fns\u0259r Ceyran Dursun20. Abbasov El\u00e7in Mikay\u0131l21. Hac\u0131yeva Sevil H\u0259mdi22. Na\u011f\u0131yev Bilman Q\u00fcdr\u0259t23. Mustafayev El\u015f\u0259n Mansur24. \u0130sayeva Sanub\u0259r \u0130bi\u015f25. H\u00fcseynov Eldar Qo\u015fun26. H\u0259s\u0259nov M\u0259d\u0259t Pirverdi27. \u018fsg\u0259rov \u018fl\u0259ddin Sultan28. \u0130sg\u0259nd\u0259rov Az\u0259r [&hellip;]<\/p>","protected":false},"author":1,"featured_media":0,"parent":0,"menu_order":0,"comment_status":"closed","ping_status":"closed","template":"","meta":{"footnotes":""},"class_list":["post-4635","page","type-page","status-publish","hentry"],"yoast_head":"<!-- This site is optimized with the Yoast SEO plugin v23.8 - https:\/\/yoast.com\/wordpress\/plugins\/seo\/ -->\n<title>Az\u0259rbaycan Milli \u0130stiqlal Partiyas\u0131 Ali M\u0259clis \u00fczvl\u0259ri - Az\u0259rbaycan Milli \u0130stiqlal Partiyas\u0131<\/title>\n<meta name=\"robots\" content=\"index, follow, max-snippet:-1, max-image-preview:large, max-video-preview:-1\" \/>\n<link rel=\"canonical\" href=\"https:\/\/amip.az\/en\/az\u0259rbaycan-milli-istiqlal-partiyasi-m\u0259rk\u0259zi-surasinin-uzvl\u0259ri\/\" \/>\n<meta property=\"og:locale\" content=\"en_US\" \/>\n<meta property=\"og:type\" content=\"article\" \/>\n<meta property=\"og:title\" content=\"Az\u0259rbaycan Milli \u0130stiqlal Partiyas\u0131 Ali M\u0259clis \u00fczvl\u0259ri - Az\u0259rbaycan Milli \u0130stiqlal Partiyas\u0131\" \/>\n<meta property=\"og:description\" content=\"1. Bayramov R\u0259\u015fad Ayd\u0131n2. Abbasl\u0131 N\u0259zrin Maarif3. H\u0259s\u0259nov Y\u0259hya M\u0259mm\u0259d\u0259li4. N\u0259c\u0259fova Su\u011fra \u018fli5. A\u011fayeva Humay Arzuxan6. Qarayev Zahid H\u00fcseyn7. \u018fliyeva \u0130lham\u0259 Vaqif8. R\u00fcst\u0259mov Ayaz P\u0259nah9. Musayev T\u0259briz S\u0259m\u0259nd\u0259r10. Q\u0259l\u0259nd\u0259rli M\u0259mm\u0259d \u018fs\u0259d11. \u018fliyev Ayd\u0131n Niftal\u013112. Al\u0131yev Azad M\u0259h\u0259rr\u0259m13. Xan\u0259lizad\u0259 Behnam B\u0259hm\u0259n14. S\u0259limova Nuran\u0259 Hac\u0131baba15. N\u0259biyev Afs\u0259ddin Qinyaz16. M\u0259lik\u0259liyev Xanmirz\u0259 Xanbala17. H\u0259s\u0259nli M\u00f6vs\u00fcm \u0130lham18. H\u0259mz\u0259yev Sadiq Mahmud19. \u018fns\u0259r Ceyran Dursun20. Abbasov El\u00e7in Mikay\u0131l21. Hac\u0131yeva Sevil H\u0259mdi22. Na\u011f\u0131yev Bilman Q\u00fcdr\u0259t23. Mustafayev El\u015f\u0259n Mansur24. \u0130sayeva Sanub\u0259r \u0130bi\u015f25. H\u00fcseynov Eldar Qo\u015fun26. H\u0259s\u0259nov M\u0259d\u0259t Pirverdi27. \u018fsg\u0259rov \u018fl\u0259ddin Sultan28. \u0130sg\u0259nd\u0259rov Az\u0259r [&hellip;]\" \/>\n<meta property=\"og:url\" content=\"https:\/\/amip.az\/en\/az\u0259rbaycan-milli-istiqlal-partiyasi-m\u0259rk\u0259zi-surasinin-uzvl\u0259ri\/\" \/>\n<meta property=\"og:site_name\" content=\"Az\u0259rbaycan Milli \u0130stiqlal Partiyas\u0131\" \/>\n<meta property=\"article:publisher\" content=\"https:\/\/www.facebook.com\/istiqlal91\" \/>\n<meta property=\"article:modified_time\" content=\"2026-04-11T10:27:50+00:00\" \/>\n<meta name=\"twitter:card\" content=\"summary_large_image\" \/>\n<meta name=\"twitter:site\" content=\"@APartiyas\" \/>\n<meta name=\"twitter:label1\" content=\"Est. reading time\" \/>\n\t<meta name=\"twitter:data1\" content=\"2 minutes\" \/>\n<script type=\"application\/ld+json\" class=\"yoast-schema-graph\">{\"@context\":\"https:\/\/schema.org\",\"@graph\":[{\"@type\":\"WebPage\",\"@id\":\"https:\/\/amip.az\/az%c9%99rbaycan-milli-istiqlal-partiyasi-m%c9%99rk%c9%99zi-surasinin-uzvl%c9%99ri\/\",\"url\":\"https:\/\/amip.az\/az%c9%99rbaycan-milli-istiqlal-partiyasi-m%c9%99rk%c9%99zi-surasinin-uzvl%c9%99ri\/\",\"name\":\"Az\u0259rbaycan Milli \u0130stiqlal Partiyas\u0131 Ali M\u0259clis \u00fczvl\u0259ri - Az\u0259rbaycan Milli \u0130stiqlal Partiyas\u0131\",\"isPartOf\":{\"@id\":\"https:\/\/amip.az\/az\/#website\"},\"datePublished\":\"2022-06-17T06:10:13+00:00\",\"dateModified\":\"2026-04-11T10:27:50+00:00\",\"breadcrumb\":{\"@id\":\"https:\/\/amip.az\/az%c9%99rbaycan-milli-istiqlal-partiyasi-m%c9%99rk%c9%99zi-surasinin-uzvl%c9%99ri\/#breadcrumb\"},\"inLanguage\":\"en-US\",\"potentialAction\":[{\"@type\":\"ReadAction\",\"target\":[\"https:\/\/amip.az\/az%c9%99rbaycan-milli-istiqlal-partiyasi-m%c9%99rk%c9%99zi-surasinin-uzvl%c9%99ri\/\"]}]},{\"@type\":\"BreadcrumbList\",\"@id\":\"https:\/\/amip.az\/az%c9%99rbaycan-milli-istiqlal-partiyasi-m%c9%99rk%c9%99zi-surasinin-uzvl%c9%99ri\/#breadcrumb\",\"itemListElement\":[{\"@type\":\"ListItem\",\"position\":1,\"name\":\"Home\",\"item\":\"https:\/\/amip.az\/\"},{\"@type\":\"ListItem\",\"position\":2,\"name\":\"Az\u0259rbaycan Milli \u0130stiqlal Partiyas\u0131 Ali M\u0259clis \u00fczvl\u0259ri\"}]},{\"@type\":\"WebSite\",\"@id\":\"https:\/\/amip.az\/az\/#website\",\"url\":\"https:\/\/amip.az\/az\/\",\"name\":\"Az\u0259rbaycan Milli \u0130stiqlal Partiyas\u0131\",\"description\":\"AM\u0130P\",\"publisher\":{\"@id\":\"https:\/\/amip.az\/az\/#organization\"},\"potentialAction\":[{\"@type\":\"SearchAction\",\"target\":{\"@type\":\"EntryPoint\",\"urlTemplate\":\"https:\/\/amip.az\/az\/?s={search_term_string}\"},\"query-input\":{\"@type\":\"PropertyValueSpecification\",\"valueRequired\":true,\"valueName\":\"search_term_string\"}}],\"inLanguage\":\"en-US\"},{\"@type\":\"Organization\",\"@id\":\"https:\/\/amip.az\/az\/#organization\",\"name\":\"Az\u0259rbaycan Milli \u0130stiqlal Partiyas\u0131\",\"url\":\"https:\/\/amip.az\/az\/\",\"logo\":{\"@type\":\"ImageObject\",\"inLanguage\":\"en-US\",\"@id\":\"https:\/\/amip.az\/az\/#\/schema\/logo\/image\/\",\"url\":\"https:\/\/amip.az\/wp-content\/uploads\/2023\/06\/amiplogo.png\",\"contentUrl\":\"https:\/\/amip.az\/wp-content\/uploads\/2023\/06\/amiplogo.png\",\"width\":723,\"height\":423,\"caption\":\"Az\u0259rbaycan Milli \u0130stiqlal Partiyas\u0131\"},\"image\":{\"@id\":\"https:\/\/amip.az\/az\/#\/schema\/logo\/image\/\"},\"sameAs\":[\"https:\/\/www.facebook.com\/istiqlal91\",\"https:\/\/x.com\/APartiyas\",\"https:\/\/www.youtube.com\/channel\/UCF3pc8spko_xON2sr4vUC5A\"]}]}<\/script>\n<!-- \/ Yoast SEO plugin. -->","yoast_head_json":{"title":"Az\u0259rbaycan Milli \u0130stiqlal Partiyas\u0131 Ali M\u0259clis \u00fczvl\u0259ri - Az\u0259rbaycan Milli \u0130stiqlal Partiyas\u0131","robots":{"index":"index","follow":"follow","max-snippet":"max-snippet:-1","max-image-preview":"max-image-preview:large","max-video-preview":"max-video-preview:-1"},"canonical":"https:\/\/amip.az\/en\/az\u0259rbaycan-milli-istiqlal-partiyasi-m\u0259rk\u0259zi-surasinin-uzvl\u0259ri\/","og_locale":"en_US","og_type":"article","og_title":"Az\u0259rbaycan Milli \u0130stiqlal Partiyas\u0131 Ali M\u0259clis \u00fczvl\u0259ri - Az\u0259rbaycan Milli \u0130stiqlal Partiyas\u0131","og_description":"1. Bayramov R\u0259\u015fad Ayd\u0131n2. Abbasl\u0131 N\u0259zrin Maarif3. H\u0259s\u0259nov Y\u0259hya M\u0259mm\u0259d\u0259li4. N\u0259c\u0259fova Su\u011fra \u018fli5. A\u011fayeva Humay Arzuxan6. Qarayev Zahid H\u00fcseyn7. \u018fliyeva \u0130lham\u0259 Vaqif8. R\u00fcst\u0259mov Ayaz P\u0259nah9. Musayev T\u0259briz S\u0259m\u0259nd\u0259r10. Q\u0259l\u0259nd\u0259rli M\u0259mm\u0259d \u018fs\u0259d11. \u018fliyev Ayd\u0131n Niftal\u013112. Al\u0131yev Azad M\u0259h\u0259rr\u0259m13. Xan\u0259lizad\u0259 Behnam B\u0259hm\u0259n14. S\u0259limova Nuran\u0259 Hac\u0131baba15. N\u0259biyev Afs\u0259ddin Qinyaz16. M\u0259lik\u0259liyev Xanmirz\u0259 Xanbala17. H\u0259s\u0259nli M\u00f6vs\u00fcm \u0130lham18. H\u0259mz\u0259yev Sadiq Mahmud19. \u018fns\u0259r Ceyran Dursun20. Abbasov El\u00e7in Mikay\u0131l21. Hac\u0131yeva Sevil H\u0259mdi22. Na\u011f\u0131yev Bilman Q\u00fcdr\u0259t23. Mustafayev El\u015f\u0259n Mansur24. \u0130sayeva Sanub\u0259r \u0130bi\u015f25. H\u00fcseynov Eldar Qo\u015fun26. H\u0259s\u0259nov M\u0259d\u0259t Pirverdi27. \u018fsg\u0259rov \u018fl\u0259ddin Sultan28. \u0130sg\u0259nd\u0259rov Az\u0259r [&hellip;]","og_url":"https:\/\/amip.az\/en\/az\u0259rbaycan-milli-istiqlal-partiyasi-m\u0259rk\u0259zi-surasinin-uzvl\u0259ri\/","og_site_name":"Az\u0259rbaycan Milli \u0130stiqlal Partiyas\u0131","article_publisher":"https:\/\/www.facebook.com\/istiqlal91","article_modified_time":"2026-04-11T10:27:50+00:00","twitter_card":"summary_large_image","twitter_site":"@APartiyas","twitter_misc":{"Est. reading time":"2 minutes"},"schema":{"@context":"https:\/\/schema.org","@graph":[{"@type":"WebPage","@id":"https:\/\/amip.az\/az%c9%99rbaycan-milli-istiqlal-partiyasi-m%c9%99rk%c9%99zi-surasinin-uzvl%c9%99ri\/","url":"https:\/\/amip.az\/az%c9%99rbaycan-milli-istiqlal-partiyasi-m%c9%99rk%c9%99zi-surasinin-uzvl%c9%99ri\/","name":"Az\u0259rbaycan Milli \u0130stiqlal Partiyas\u0131 Ali M\u0259clis \u00fczvl\u0259ri - Az\u0259rbaycan Milli \u0130stiqlal Partiyas\u0131","isPartOf":{"@id":"https:\/\/amip.az\/az\/#website"},"datePublished":"2022-06-17T06:10:13+00:00","dateModified":"2026-04-11T10:27:50+00:00","breadcrumb":{"@id":"https:\/\/amip.az\/az%c9%99rbaycan-milli-istiqlal-partiyasi-m%c9%99rk%c9%99zi-surasinin-uzvl%c9%99ri\/#breadcrumb"},"inLanguage":"en-US","potentialAction":[{"@type":"ReadAction","target":["https:\/\/amip.az\/az%c9%99rbaycan-milli-istiqlal-partiyasi-m%c9%99rk%c9%99zi-surasinin-uzvl%c9%99ri\/"]}]},{"@type":"BreadcrumbList","@id":"https:\/\/amip.az\/az%c9%99rbaycan-milli-istiqlal-partiyasi-m%c9%99rk%c9%99zi-surasinin-uzvl%c9%99ri\/#breadcrumb","itemListElement":[{"@type":"ListItem","position":1,"name":"Home","item":"https:\/\/amip.az\/"},{"@type":"ListItem","position":2,"name":"Az\u0259rbaycan Milli \u0130stiqlal Partiyas\u0131 Ali M\u0259clis \u00fczvl\u0259ri"}]},{"@type":"WebSite","@id":"https:\/\/amip.az\/az\/#website","url":"https:\/\/amip.az\/az\/","name":"Az\u0259rbaycan Milli \u0130stiqlal Partiyas\u0131","description":"AM\u0130P","publisher":{"@id":"https:\/\/amip.az\/az\/#organization"},"potentialAction":[{"@type":"SearchAction","target":{"@type":"EntryPoint","urlTemplate":"https:\/\/amip.az\/az\/?s={search_term_string}"},"query-input":{"@type":"PropertyValueSpecification","valueRequired":true,"valueName":"search_term_string"}}],"inLanguage":"en-US"},{"@type":"Organization","@id":"https:\/\/amip.az\/az\/#organization","name":"Az\u0259rbaycan Milli \u0130stiqlal Partiyas\u0131","url":"https:\/\/amip.az\/az\/","logo":{"@type":"ImageObject","inLanguage":"en-US","@id":"https:\/\/amip.az\/az\/#\/schema\/logo\/image\/","url":"https:\/\/amip.az\/wp-content\/uploads\/2023\/06\/amiplogo.png","contentUrl":"https:\/\/amip.az\/wp-content\/uploads\/2023\/06\/amiplogo.png","width":723,"height":423,"caption":"Az\u0259rbaycan Milli \u0130stiqlal Partiyas\u0131"},"image":{"@id":"https:\/\/amip.az\/az\/#\/schema\/logo\/image\/"},"sameAs":["https:\/\/www.facebook.com\/istiqlal91","https:\/\/x.com\/APartiyas","https:\/\/www.youtube.com\/channel\/UCF3pc8spko_xON2sr4vUC5A"]}]}},"_links":{"self":[{"href":"https:\/\/amip.az\/en\/wp-json\/wp\/v2\/pages\/4635","targetHints":{"allow":["GET"]}}],"collection":[{"href":"https:\/\/amip.az\/en\/wp-json\/wp\/v2\/pages"}],"about":[{"href":"https:\/\/amip.az\/en\/wp-json\/wp\/v2\/types\/page"}],"author":[{"embeddable":true,"href":"https:\/\/amip.az\/en\/wp-json\/wp\/v2\/users\/1"}],"replies":[{"embeddable":true,"href":"https:\/\/amip.az\/en\/wp-json\/wp\/v2\/comments?post=4635"}],"version-history":[{"count":6,"href":"https:\/\/amip.az\/en\/wp-json\/wp\/v2\/pages\/4635\/revisions"}],"predecessor-version":[{"id":10455,"href":"https:\/\/amip.az\/en\/wp-json\/wp\/v2\/pages\/4635\/revisions\/10455"}],"wp:attachment":[{"href":"https:\/\/amip.az\/en\/wp-json\/wp\/v2\/media?parent=4635"}],"curies":[{"name":"wp","href":"https:\/\/api.w.org\/{rel}","templated":true}]}}