{"id":4661,"date":"2022-06-17T14:23:01","date_gmt":"2022-06-17T10:23:01","guid":{"rendered":"https:\/\/vtstrt.mediadesigntech.com\/?page_id=4661"},"modified":"2022-07-18T09:55:09","modified_gmt":"2022-07-18T05:55:09","slug":"loqotip","status":"publish","type":"page","link":"https:\/\/amip.az\/en\/loqotip\/","title":{"rendered":"The logo of the National Independence Party of Azerbaijan"},"content":{"rendered":"<figure class=\"wp-block-image size-full\"><img loading=\"lazy\" decoding=\"async\" width=\"960\" height=\"530\" src=\"https:\/\/amip.az\/wp-content\/uploads\/2022\/06\/Emblem_of_Azerbaijan_National_Independence_Party_logo_01_530.png\" alt=\"Az\u0259rbaycan Milli \u0130stiqlal Partiyas\u0131\" class=\"wp-image-4662\" srcset=\"https:\/\/amip.az\/wp-content\/uploads\/2022\/06\/Emblem_of_Azerbaijan_National_Independence_Party_logo_01_530.png 960w, https:\/\/amip.az\/wp-content\/uploads\/2022\/06\/Emblem_of_Azerbaijan_National_Independence_Party_logo_01_530-300x166.png 300w, https:\/\/amip.az\/wp-content\/uploads\/2022\/06\/Emblem_of_Azerbaijan_National_Independence_Party_logo_01_530-768x424.png 768w, https:\/\/amip.az\/wp-content\/uploads\/2022\/06\/Emblem_of_Azerbaijan_National_Independence_Party_logo_01_530-18x10.png 18w\" sizes=\"auto, (max-width: 960px) 100vw, 960px\" \/><\/figure>\n\n\n\n<p>The colors inside the logo are derived from the national flag, and the white color stands for purity. The arrow in the emblem embodies the party\u2019s key principles. These are patriotism (Azerbaijanism), libertarianism (freedomism), national statehood, nationalism, precedency-modernity and independence.<\/p>\n\n\n\n<p>Although the initial version of the emblem included a sword symbol before the first congress, it was later replaced with a crescent. At the congress, an alternative emblem on a white background with the inscription \u201cAzerbaijan NIP\u201d featuring a red crescent and star was also adopted.<\/p>\n\n\n\n<p>The party\u2019s flag consists of the reverse image of the mentioned emblem on a white silk cloth.<\/p>","protected":false},"excerpt":{"rendered":"<p>Loqonun i\u00e7\u0259risind\u0259 r\u0259ngl\u0259r bayraqdan g\u00f6t\u00fcr\u00fcl\u00fcb, a\u011f r\u0259ng pakl\u0131\u011f\u0131 ifad\u0259 edir. Emblemd\u0259ki ox partiyan\u0131n da\u015f\u0131d\u0131\u011f\u0131 m\u00fch\u00fcm prinsipi \u00f6z\u00fcnd\u0259 \u0259ks etdirir. Bunlar v\u0259t\u0259n\u00e7ilik (az\u0259rbaycan\u00e7\u0131l\u0131q), h\u00fcrriyy\u0259t\u00e7ilik, milli d\u00f6vl\u0259t\u00e7ilik, milliyy\u0259t\u00e7ilik, \u00f6nc\u00fcll\u00fck-m\u00fcasirlik v\u0259 istiqlal\u00e7\u0131l\u0131qd\u0131r. Birinci qurultayad\u0259k emblemin ilkin versiyas\u0131nda q\u0131l\u0131nc i\u015far\u0259si olsa da, daha sonra bu aypara il\u0259 \u0259v\u0259zl\u0259nmi\u015fdir. Qurultayda a\u011f fonda &#8220;Az\u0259rbaycan M\u0130P&#8221; yazan, q\u0131rm\u0131z\u0131 ay-ulduzlu, m\u0259\u015f\u0259l formas\u0131nda sar\u0131 r\u0259ngd\u0259 n\u00f6qt\u0259si \u0259v\u0259zin\u0259 dal\u011falanan \u00fc\u00e7r\u0259ngli bayraq olan &#8220;\u0130&#8221; h\u0259rfi yaz\u0131lm\u0131\u015f alternativ emblem d\u0259 se\u00e7ilmi\u015fdir. Partiyan\u0131n bayra\u011f\u0131 a\u011f ip\u0259k par\u00e7an\u0131n \u00fcz\u0259rind\u0259 qeyd olunan emblemin \u0259ksind\u0259n ibar\u0259tdir.<\/p>","protected":false},"author":1,"featured_media":0,"parent":0,"menu_order":0,"comment_status":"closed","ping_status":"closed","template":"","meta":{"footnotes":""},"class_list":["post-4661","page","type-page","status-publish","hentry"],"yoast_head":"<!-- This site is optimized with the Yoast SEO plugin v23.8 - https:\/\/yoast.com\/wordpress\/plugins\/seo\/ -->\n<title>Az\u0259rbaycan Milli \u0130stiqlal Partiyas\u0131n\u0131n loqotipi - Az\u0259rbaycan Milli \u0130stiqlal Partiyas\u0131<\/title>\n<meta name=\"robots\" content=\"index, follow, max-snippet:-1, max-image-preview:large, max-video-preview:-1\" \/>\n<link rel=\"canonical\" href=\"https:\/\/amip.az\/en\/loqotip\/\" \/>\n<meta property=\"og:locale\" content=\"en_US\" \/>\n<meta property=\"og:type\" content=\"article\" \/>\n<meta property=\"og:title\" content=\"Az\u0259rbaycan Milli \u0130stiqlal Partiyas\u0131n\u0131n loqotipi - Az\u0259rbaycan Milli \u0130stiqlal Partiyas\u0131\" \/>\n<meta property=\"og:description\" content=\"Loqonun i\u00e7\u0259risind\u0259 r\u0259ngl\u0259r bayraqdan g\u00f6t\u00fcr\u00fcl\u00fcb, a\u011f r\u0259ng pakl\u0131\u011f\u0131 ifad\u0259 edir. Emblemd\u0259ki ox partiyan\u0131n da\u015f\u0131d\u0131\u011f\u0131 m\u00fch\u00fcm prinsipi \u00f6z\u00fcnd\u0259 \u0259ks etdirir. Bunlar v\u0259t\u0259n\u00e7ilik (az\u0259rbaycan\u00e7\u0131l\u0131q), h\u00fcrriyy\u0259t\u00e7ilik, milli d\u00f6vl\u0259t\u00e7ilik, milliyy\u0259t\u00e7ilik, \u00f6nc\u00fcll\u00fck-m\u00fcasirlik v\u0259 istiqlal\u00e7\u0131l\u0131qd\u0131r. Birinci qurultayad\u0259k emblemin ilkin versiyas\u0131nda q\u0131l\u0131nc i\u015far\u0259si olsa da, daha sonra bu aypara il\u0259 \u0259v\u0259zl\u0259nmi\u015fdir. Qurultayda a\u011f fonda &#8220;Az\u0259rbaycan M\u0130P&#8221; yazan, q\u0131rm\u0131z\u0131 ay-ulduzlu, m\u0259\u015f\u0259l formas\u0131nda sar\u0131 r\u0259ngd\u0259 n\u00f6qt\u0259si \u0259v\u0259zin\u0259 dal\u011falanan \u00fc\u00e7r\u0259ngli bayraq olan &#8220;\u0130&#8221; h\u0259rfi yaz\u0131lm\u0131\u015f alternativ emblem d\u0259 se\u00e7ilmi\u015fdir. Partiyan\u0131n bayra\u011f\u0131 a\u011f ip\u0259k par\u00e7an\u0131n \u00fcz\u0259rind\u0259 qeyd olunan emblemin \u0259ksind\u0259n ibar\u0259tdir.\" \/>\n<meta property=\"og:url\" content=\"https:\/\/amip.az\/en\/loqotip\/\" \/>\n<meta property=\"og:site_name\" content=\"Az\u0259rbaycan Milli \u0130stiqlal Partiyas\u0131\" \/>\n<meta property=\"article:publisher\" content=\"https:\/\/www.facebook.com\/istiqlal91\" \/>\n<meta property=\"article:modified_time\" content=\"2022-07-18T05:55:09+00:00\" \/>\n<meta property=\"og:image\" content=\"https:\/\/amip.az\/wp-content\/uploads\/2022\/06\/Emblem_of_Azerbaijan_National_Independence_Party_logo_01_530.png\" \/>\n<meta name=\"twitter:card\" content=\"summary_large_image\" \/>\n<meta name=\"twitter:site\" content=\"@APartiyas\" \/>\n<meta name=\"twitter:label1\" content=\"Est. reading time\" \/>\n\t<meta name=\"twitter:data1\" content=\"1 minute\" \/>\n<script type=\"application\/ld+json\" class=\"yoast-schema-graph\">{\"@context\":\"https:\/\/schema.org\",\"@graph\":[{\"@type\":\"WebPage\",\"@id\":\"https:\/\/amip.az\/loqotip\/\",\"url\":\"https:\/\/amip.az\/loqotip\/\",\"name\":\"Az\u0259rbaycan Milli \u0130stiqlal Partiyas\u0131n\u0131n loqotipi - Az\u0259rbaycan Milli \u0130stiqlal Partiyas\u0131\",\"isPartOf\":{\"@id\":\"https:\/\/amip.az\/az\/#website\"},\"primaryImageOfPage\":{\"@id\":\"https:\/\/amip.az\/loqotip\/#primaryimage\"},\"image\":{\"@id\":\"https:\/\/amip.az\/loqotip\/#primaryimage\"},\"thumbnailUrl\":\"https:\/\/amip.az\/wp-content\/uploads\/2022\/06\/Emblem_of_Azerbaijan_National_Independence_Party_logo_01_530.png\",\"datePublished\":\"2022-06-17T10:23:01+00:00\",\"dateModified\":\"2022-07-18T05:55:09+00:00\",\"breadcrumb\":{\"@id\":\"https:\/\/amip.az\/loqotip\/#breadcrumb\"},\"inLanguage\":\"en-US\",\"potentialAction\":[{\"@type\":\"ReadAction\",\"target\":[\"https:\/\/amip.az\/loqotip\/\"]}]},{\"@type\":\"ImageObject\",\"inLanguage\":\"en-US\",\"@id\":\"https:\/\/amip.az\/loqotip\/#primaryimage\",\"url\":\"https:\/\/amip.az\/wp-content\/uploads\/2022\/06\/Emblem_of_Azerbaijan_National_Independence_Party_logo_01_530.png\",\"contentUrl\":\"https:\/\/amip.az\/wp-content\/uploads\/2022\/06\/Emblem_of_Azerbaijan_National_Independence_Party_logo_01_530.png\"},{\"@type\":\"BreadcrumbList\",\"@id\":\"https:\/\/amip.az\/loqotip\/#breadcrumb\",\"itemListElement\":[{\"@type\":\"ListItem\",\"position\":1,\"name\":\"Home\",\"item\":\"https:\/\/amip.az\/\"},{\"@type\":\"ListItem\",\"position\":2,\"name\":\"Az\u0259rbaycan Milli \u0130stiqlal Partiyas\u0131n\u0131n loqotipi\"}]},{\"@type\":\"WebSite\",\"@id\":\"https:\/\/amip.az\/az\/#website\",\"url\":\"https:\/\/amip.az\/az\/\",\"name\":\"Az\u0259rbaycan Milli \u0130stiqlal Partiyas\u0131\",\"description\":\"AM\u0130P\",\"publisher\":{\"@id\":\"https:\/\/amip.az\/az\/#organization\"},\"potentialAction\":[{\"@type\":\"SearchAction\",\"target\":{\"@type\":\"EntryPoint\",\"urlTemplate\":\"https:\/\/amip.az\/az\/?s={search_term_string}\"},\"query-input\":{\"@type\":\"PropertyValueSpecification\",\"valueRequired\":true,\"valueName\":\"search_term_string\"}}],\"inLanguage\":\"en-US\"},{\"@type\":\"Organization\",\"@id\":\"https:\/\/amip.az\/az\/#organization\",\"name\":\"Az\u0259rbaycan Milli \u0130stiqlal Partiyas\u0131\",\"url\":\"https:\/\/amip.az\/az\/\",\"logo\":{\"@type\":\"ImageObject\",\"inLanguage\":\"en-US\",\"@id\":\"https:\/\/amip.az\/az\/#\/schema\/logo\/image\/\",\"url\":\"https:\/\/amip.az\/wp-content\/uploads\/2023\/06\/amiplogo.png\",\"contentUrl\":\"https:\/\/amip.az\/wp-content\/uploads\/2023\/06\/amiplogo.png\",\"width\":723,\"height\":423,\"caption\":\"Az\u0259rbaycan Milli \u0130stiqlal Partiyas\u0131\"},\"image\":{\"@id\":\"https:\/\/amip.az\/az\/#\/schema\/logo\/image\/\"},\"sameAs\":[\"https:\/\/www.facebook.com\/istiqlal91\",\"https:\/\/x.com\/APartiyas\",\"https:\/\/www.youtube.com\/channel\/UCF3pc8spko_xON2sr4vUC5A\"]}]}<\/script>\n<!-- \/ Yoast SEO plugin. -->","yoast_head_json":{"title":"Az\u0259rbaycan Milli \u0130stiqlal Partiyas\u0131n\u0131n loqotipi - Az\u0259rbaycan Milli \u0130stiqlal Partiyas\u0131","robots":{"index":"index","follow":"follow","max-snippet":"max-snippet:-1","max-image-preview":"max-image-preview:large","max-video-preview":"max-video-preview:-1"},"canonical":"https:\/\/amip.az\/en\/loqotip\/","og_locale":"en_US","og_type":"article","og_title":"Az\u0259rbaycan Milli \u0130stiqlal Partiyas\u0131n\u0131n loqotipi - Az\u0259rbaycan Milli \u0130stiqlal Partiyas\u0131","og_description":"Loqonun i\u00e7\u0259risind\u0259 r\u0259ngl\u0259r bayraqdan g\u00f6t\u00fcr\u00fcl\u00fcb, a\u011f r\u0259ng pakl\u0131\u011f\u0131 ifad\u0259 edir. Emblemd\u0259ki ox partiyan\u0131n da\u015f\u0131d\u0131\u011f\u0131 m\u00fch\u00fcm prinsipi \u00f6z\u00fcnd\u0259 \u0259ks etdirir. Bunlar v\u0259t\u0259n\u00e7ilik (az\u0259rbaycan\u00e7\u0131l\u0131q), h\u00fcrriyy\u0259t\u00e7ilik, milli d\u00f6vl\u0259t\u00e7ilik, milliyy\u0259t\u00e7ilik, \u00f6nc\u00fcll\u00fck-m\u00fcasirlik v\u0259 istiqlal\u00e7\u0131l\u0131qd\u0131r. Birinci qurultayad\u0259k emblemin ilkin versiyas\u0131nda q\u0131l\u0131nc i\u015far\u0259si olsa da, daha sonra bu aypara il\u0259 \u0259v\u0259zl\u0259nmi\u015fdir. Qurultayda a\u011f fonda &#8220;Az\u0259rbaycan M\u0130P&#8221; yazan, q\u0131rm\u0131z\u0131 ay-ulduzlu, m\u0259\u015f\u0259l formas\u0131nda sar\u0131 r\u0259ngd\u0259 n\u00f6qt\u0259si \u0259v\u0259zin\u0259 dal\u011falanan \u00fc\u00e7r\u0259ngli bayraq olan &#8220;\u0130&#8221; h\u0259rfi yaz\u0131lm\u0131\u015f alternativ emblem d\u0259 se\u00e7ilmi\u015fdir. Partiyan\u0131n bayra\u011f\u0131 a\u011f ip\u0259k par\u00e7an\u0131n \u00fcz\u0259rind\u0259 qeyd olunan emblemin \u0259ksind\u0259n ibar\u0259tdir.","og_url":"https:\/\/amip.az\/en\/loqotip\/","og_site_name":"Az\u0259rbaycan Milli \u0130stiqlal Partiyas\u0131","article_publisher":"https:\/\/www.facebook.com\/istiqlal91","article_modified_time":"2022-07-18T05:55:09+00:00","og_image":[{"url":"https:\/\/amip.az\/wp-content\/uploads\/2022\/06\/Emblem_of_Azerbaijan_National_Independence_Party_logo_01_530.png"}],"twitter_card":"summary_large_image","twitter_site":"@APartiyas","twitter_misc":{"Est. reading time":"1 minute"},"schema":{"@context":"https:\/\/schema.org","@graph":[{"@type":"WebPage","@id":"https:\/\/amip.az\/loqotip\/","url":"https:\/\/amip.az\/loqotip\/","name":"Az\u0259rbaycan Milli \u0130stiqlal Partiyas\u0131n\u0131n loqotipi - Az\u0259rbaycan Milli \u0130stiqlal Partiyas\u0131","isPartOf":{"@id":"https:\/\/amip.az\/az\/#website"},"primaryImageOfPage":{"@id":"https:\/\/amip.az\/loqotip\/#primaryimage"},"image":{"@id":"https:\/\/amip.az\/loqotip\/#primaryimage"},"thumbnailUrl":"https:\/\/amip.az\/wp-content\/uploads\/2022\/06\/Emblem_of_Azerbaijan_National_Independence_Party_logo_01_530.png","datePublished":"2022-06-17T10:23:01+00:00","dateModified":"2022-07-18T05:55:09+00:00","breadcrumb":{"@id":"https:\/\/amip.az\/loqotip\/#breadcrumb"},"inLanguage":"en-US","potentialAction":[{"@type":"ReadAction","target":["https:\/\/amip.az\/loqotip\/"]}]},{"@type":"ImageObject","inLanguage":"en-US","@id":"https:\/\/amip.az\/loqotip\/#primaryimage","url":"https:\/\/amip.az\/wp-content\/uploads\/2022\/06\/Emblem_of_Azerbaijan_National_Independence_Party_logo_01_530.png","contentUrl":"https:\/\/amip.az\/wp-content\/uploads\/2022\/06\/Emblem_of_Azerbaijan_National_Independence_Party_logo_01_530.png"},{"@type":"BreadcrumbList","@id":"https:\/\/amip.az\/loqotip\/#breadcrumb","itemListElement":[{"@type":"ListItem","position":1,"name":"Home","item":"https:\/\/amip.az\/"},{"@type":"ListItem","position":2,"name":"Az\u0259rbaycan Milli \u0130stiqlal Partiyas\u0131n\u0131n loqotipi"}]},{"@type":"WebSite","@id":"https:\/\/amip.az\/az\/#website","url":"https:\/\/amip.az\/az\/","name":"Az\u0259rbaycan Milli \u0130stiqlal Partiyas\u0131","description":"AM\u0130P","publisher":{"@id":"https:\/\/amip.az\/az\/#organization"},"potentialAction":[{"@type":"SearchAction","target":{"@type":"EntryPoint","urlTemplate":"https:\/\/amip.az\/az\/?s={search_term_string}"},"query-input":{"@type":"PropertyValueSpecification","valueRequired":true,"valueName":"search_term_string"}}],"inLanguage":"en-US"},{"@type":"Organization","@id":"https:\/\/amip.az\/az\/#organization","name":"Az\u0259rbaycan Milli \u0130stiqlal Partiyas\u0131","url":"https:\/\/amip.az\/az\/","logo":{"@type":"ImageObject","inLanguage":"en-US","@id":"https:\/\/amip.az\/az\/#\/schema\/logo\/image\/","url":"https:\/\/amip.az\/wp-content\/uploads\/2023\/06\/amiplogo.png","contentUrl":"https:\/\/amip.az\/wp-content\/uploads\/2023\/06\/amiplogo.png","width":723,"height":423,"caption":"Az\u0259rbaycan Milli \u0130stiqlal Partiyas\u0131"},"image":{"@id":"https:\/\/amip.az\/az\/#\/schema\/logo\/image\/"},"sameAs":["https:\/\/www.facebook.com\/istiqlal91","https:\/\/x.com\/APartiyas","https:\/\/www.youtube.com\/channel\/UCF3pc8spko_xON2sr4vUC5A"]}]}},"_links":{"self":[{"href":"https:\/\/amip.az\/en\/wp-json\/wp\/v2\/pages\/4661","targetHints":{"allow":["GET"]}}],"collection":[{"href":"https:\/\/amip.az\/en\/wp-json\/wp\/v2\/pages"}],"about":[{"href":"https:\/\/amip.az\/en\/wp-json\/wp\/v2\/types\/page"}],"author":[{"embeddable":true,"href":"https:\/\/amip.az\/en\/wp-json\/wp\/v2\/users\/1"}],"replies":[{"embeddable":true,"href":"https:\/\/amip.az\/en\/wp-json\/wp\/v2\/comments?post=4661"}],"version-history":[{"count":4,"href":"https:\/\/amip.az\/en\/wp-json\/wp\/v2\/pages\/4661\/revisions"}],"predecessor-version":[{"id":5345,"href":"https:\/\/amip.az\/en\/wp-json\/wp\/v2\/pages\/4661\/revisions\/5345"}],"wp:attachment":[{"href":"https:\/\/amip.az\/en\/wp-json\/wp\/v2\/media?parent=4661"}],"curies":[{"name":"wp","href":"https:\/\/api.w.org\/{rel}","templated":true}]}}