{"id":4674,"date":"2022-06-17T16:22:33","date_gmt":"2022-06-17T12:22:33","guid":{"rendered":"https:\/\/vtstrt.mediadesigntech.com\/?page_id=4674"},"modified":"2022-07-17T23:43:45","modified_gmt":"2022-07-17T19:43:45","slug":"az%c9%99rbaycan-milli-istiqlal-partiyasinin-beyn%c9%99lxalq-%c9%99laq%c9%99l%c9%99ri","status":"publish","type":"page","link":"https:\/\/amip.az\/en\/az%c9%99rbaycan-milli-istiqlal-partiyasinin-beyn%c9%99lxalq-%c9%99laq%c9%99l%c9%99ri\/","title":{"rendered":"Az\u0259rbaycan Milli \u0130stiqlal Partiyas\u0131n\u0131n beyn\u0259lxalq \u0259laq\u0259l\u0259ri"},"content":{"rendered":"<div class=\"vc_row wpb_row vc_row-fluid\" ><div class=\"wpb_column vc_column_container vc_col-sm-12\"><div class=\"vc_column-inner\"><div class=\"wpb_wrapper\">\n\t<div class=\"wpb_text_column wpb_content_element\" >\n\t\t<div class=\"wpb_wrapper\">\n\t\t\t<figure class=\"wp-block-image size-large\"><img loading=\"lazy\" decoding=\"async\" width=\"1024\" height=\"679\" class=\"wp-image-5116\" src=\"https:\/\/amip.az\/wp-content\/uploads\/2022\/07\/amip-Bd-zir-01-1024x679.jpg\" alt=\"Az\u0259rbaycan Milli \u0130stiqlal Partiyas\u0131n\u0131n beyn\u0259lxalq \u0259laq\u0259l\u0259ri\" srcset=\"https:\/\/amip.az\/wp-content\/uploads\/2022\/07\/amip-Bd-zir-01-1024x679.jpg 1024w, https:\/\/amip.az\/wp-content\/uploads\/2022\/07\/amip-Bd-zir-01-300x199.jpg 300w, https:\/\/amip.az\/wp-content\/uploads\/2022\/07\/amip-Bd-zir-01-768x509.jpg 768w, https:\/\/amip.az\/wp-content\/uploads\/2022\/07\/amip-Bd-zir-01-1536x1018.jpg 1536w, https:\/\/amip.az\/wp-content\/uploads\/2022\/07\/amip-Bd-zir-01-18x12.jpg 18w, https:\/\/amip.az\/wp-content\/uploads\/2022\/07\/amip-Bd-zir-01.jpg 1629w\" sizes=\"auto, (max-width: 1024px) 100vw, 1024px\" \/><\/figure>\n<p>Az\u0259rbaycan Milli \u0130stiqlal Partiyas\u0131 (AM\u0130P) 1992-ci ild\u0259 qeydiyyatdan ke\u00e7diyi d\u00f6vrd\u0259n ba\u015flayaraq beyn\u0259lxalq \u0259laq\u0259l\u0259r\u0259 x\u00fcsusi \u00f6n\u0259m verib. Partiyan\u0131n bu istiqam\u0259td\u0259 Az\u0259rbaycan\u0131n qon\u015fu \u00f6lk\u0259l\u0259ri olan T\u00fcrkiy\u0259, G\u00fcrc\u00fcstan v\u0259 Rusiyada f\u0259aliyy\u0259t g\u00f6st\u0259r\u0259n siyasi partiyalarla x\u00fcsusil\u0259 yax\u0131n, i\u015fg\u00fczar m\u00fcnasib\u0259tl\u0259ri formala\u015f\u0131b.<\/p>\n<p>\u00a0<\/p>\n<figure class=\"wp-block-image size-full\"><img loading=\"lazy\" decoding=\"async\" width=\"883\" height=\"779\" class=\"wp-image-5117\" src=\"https:\/\/amip.az\/wp-content\/uploads\/2022\/07\/amip-con-meycor.jpg\" alt=\"Az\u0259rbaycan Milli \u0130stiqlal Partiyas\u0131n\u0131n beyn\u0259lxalq \u0259laq\u0259l\u0259ri\" srcset=\"https:\/\/amip.az\/wp-content\/uploads\/2022\/07\/amip-con-meycor.jpg 883w, https:\/\/amip.az\/wp-content\/uploads\/2022\/07\/amip-con-meycor-300x265.jpg 300w, https:\/\/amip.az\/wp-content\/uploads\/2022\/07\/amip-con-meycor-768x678.jpg 768w, https:\/\/amip.az\/wp-content\/uploads\/2022\/07\/amip-con-meycor-14x12.jpg 14w\" sizes=\"auto, (max-width: 883px) 100vw, 883px\" \/><\/figure>\n<p>AM\u0130P-in daha geni\u015f beyn\u0259lxalq \u0259laq\u0259l\u0259rinin yaranmas\u0131 is\u0259 1995-ci il\u0259 t\u0259sad\u00fcf edir. H\u0259min vaxtdan etibar\u0259n AM\u0130P B\u00f6y\u00fck Britaniyan\u0131n Konservatorlar Partiyas\u0131 il\u0259 \u0259laq\u0259l\u0259r qurub. Bu \u0259laq\u0259l\u0259rin davam\u0131 olaraq Partiya 1996-c\u0131 ild\u0259 d\u00fcnyan\u0131n apar\u0131c\u0131 \u00f6lk\u0259l\u0259rinin n\u00fcfuzlu siyasi t\u0259\u015fkilatlar\u0131n\u0131 \u00f6z\u00fcnd\u0259 birl\u0259\u015fdir\u0259n Beyn\u0259lxalq Demokrat \u0130ttifaq\u0131na (BD\u0130) (ing. IDU) \u00fczv olmaqla ba\u011fl\u0131 m\u00fcraci\u0259t edib. 1999-cu ilin \u0259vv\u0259ll\u0259rin\u0259 kimi BD\u0130-d\u0259 m\u00fc\u015fahid\u0259\u00e7i statusunda f\u0259aliyy\u0259t g\u00f6st\u0259r\u0259n Az\u0259rbaycan Milli \u0130stiqlal Partiyas\u0131 1999-cu ild\u0259n BD\u0130-nin tam h\u00fcquqlu \u00fczv\u00fcd\u00fcr. AM\u0130P lideri Etibar M\u0259mm\u0259dov 2005-ci ild\u0259n etibar\u0259n BD\u0130-n\u0131n s\u0259dr m\u00fcavinidir.<\/p>\n<p>\u00a0<\/p>\n<figure class=\"wp-block-image size-large\"><img loading=\"lazy\" decoding=\"async\" width=\"1024\" height=\"688\" class=\"wp-image-5118\" src=\"https:\/\/amip.az\/wp-content\/uploads\/2022\/07\/amip-hovard-len-marker-1024x688.jpg\" alt=\"Az\u0259rbaycan Milli \u0130stiqlal Partiyas\u0131n\u0131n beyn\u0259lxalq \u0259laq\u0259l\u0259ri\" srcset=\"https:\/\/amip.az\/wp-content\/uploads\/2022\/07\/amip-hovard-len-marker-1024x688.jpg 1024w, https:\/\/amip.az\/wp-content\/uploads\/2022\/07\/amip-hovard-len-marker-300x202.jpg 300w, https:\/\/amip.az\/wp-content\/uploads\/2022\/07\/amip-hovard-len-marker-768x516.jpg 768w, https:\/\/amip.az\/wp-content\/uploads\/2022\/07\/amip-hovard-len-marker-18x12.jpg 18w, https:\/\/amip.az\/wp-content\/uploads\/2022\/07\/amip-hovard-len-marker.jpg 1176w\" sizes=\"auto, (max-width: 1024px) 100vw, 1024px\" \/><\/figure>\n<p>BD\u0130 \u00e7\u0259r\u00e7iv\u0259sind\u0259 AM\u0130P bir s\u0131ra siyasi partiyalar il\u0259, o c\u00fcml\u0259d\u0259n \u0130sve\u00e7in Moderat Partiyas\u0131 il\u0259 2003-c\u00fc ild\u0259n davaml\u0131 olaraq \u0259m\u0259kda\u015fl\u0131q edir. Bu \u0259m\u0259kda\u015fl\u0131\u011f\u0131n inki\u015faf\u0131nda Moderat Partiyas\u0131 il\u0259 ba\u011fl\u0131 Jarl Hjalmarson Fondunun x\u00fcsusi rolu vard\u0131r. \u0130kit\u0259r\u0259fli \u0259m\u0259kda\u015fl\u0131q \u00e7\u0259r\u00e7iv\u0259sind\u0259 AM\u0130P v\u0259 Moderat Partiyas\u0131n\u0131n siyas\u0259t\u00e7il\u0259ri v\u0259 siyasi m\u00fct\u0259x\u0259ssisl\u0259rinin ild\u0259 bir ne\u00e7\u0259 d\u0259f\u0259 birg\u0259 seminarlar\u0131 ke\u00e7irilir, h\u0259r iki Partiyan\u0131n \u00fczvl\u0259rinin, funksionerl\u0259rinin, G\u0259ncl\u0259r v\u0259 Qad\u0131nlar t\u0259\u015fkilatlar\u0131n\u0131n i\u015ftirak\u0131 il\u0259 m\u00fcxt\u0259lif t\u0259dbirl\u0259r t\u0259\u015fkil olunur.<\/p>\n<p>\u00a0<\/p>\n<figure class=\"wp-block-image size-full\"><img loading=\"lazy\" decoding=\"async\" width=\"960\" height=\"631\" class=\"wp-image-5112\" src=\"https:\/\/amip.az\/wp-content\/uploads\/2022\/07\/amip_arzuxan_alizade_z_42.jpg\" alt=\"Az\u0259rbaycan Milli \u0130stiqlal Partiyas\u0131n\u0131n beyn\u0259lxalq \u0259laq\u0259l\u0259ri\" srcset=\"https:\/\/amip.az\/wp-content\/uploads\/2022\/07\/amip_arzuxan_alizade_z_42.jpg 960w, https:\/\/amip.az\/wp-content\/uploads\/2022\/07\/amip_arzuxan_alizade_z_42-300x197.jpg 300w, https:\/\/amip.az\/wp-content\/uploads\/2022\/07\/amip_arzuxan_alizade_z_42-768x505.jpg 768w, https:\/\/amip.az\/wp-content\/uploads\/2022\/07\/amip_arzuxan_alizade_z_42-18x12.jpg 18w\" sizes=\"auto, (max-width: 960px) 100vw, 960px\" \/><\/figure>\n<p>AMIP-in G\u0259ncl\u0259r T\u0259\u015fkilat\u0131 1997-ci ild\u0259n d\u00fcnyada 100-d\u0259n art\u0131q sa\u011f-m\u0259rk\u0259z g\u0259ncl\u0259r t\u0259\u015fkilatlar\u0131n\u0131 \u00f6z \u0259traf\u0131nda birl\u0259\u015fdir\u0259n Beyn\u0259lxaq G\u0259nc Demokrat \u0130ttifaq\u0131n\u0131n \u00fczv\u00fcd\u00fcr.<\/p>\n<p>&nbsp;<\/p>\n<p>&nbsp;<\/p>\n<p>\u00a0<\/p>\n\n\t\t<\/div>\n\t<\/div>\n<\/div><\/div><\/div><\/div><div class=\"vc_row wpb_row vc_row-fluid\" ><div class=\"wpb_column vc_column_container vc_col-sm-12\"><div class=\"vc_column-inner\"><div class=\"wpb_wrapper\"><div class=\"mkdf-image-gallery mkdf-grid-list mkdf-disable-bottom-space  mkdf-ig-grid-type mkdf-two-columns mkdf-medium-space  mkdf-image-behavior-lightbox\">\n\t<div class=\"mkdf-ig-inner mkdf-outer-space\">\n\t\t\t\t\t<div class=\"mkdf-ig-image mkdf-item-space\">\n\t\t\t\t<div class=\"mkdf-ig-image-inner\">\n\t\t\t\t\t\t\t\t\t\t\t<a itemprop=\"image\" class=\"mkdf-ig-lightbox\" href=\"https:\/\/amip.az\/wp-content\/uploads\/2022\/07\/amip-international-g-01-turkile-Mesud-Yilmaz.jpg\" data-rel=\"prettyPhoto[image_gallery_pretty_photo-763]\" title=\"amip-international-g-01-turkile-Mesud-Yilmaz\">\n\t\t\t\t\t\t\t\t\t\t\t<img loading=\"lazy\" decoding=\"async\" src=\"https:\/\/amip.az\/wp-content\/uploads\/2022\/07\/amip-international-g-01-turkile-Mesud-Yilmaz-389x260.jpg\" alt=\"\" width=\"389\" height=\"260\" \/>\t\t\t\t\t\t\t\t\t\t\t<\/a>\n\t\t\t\t\t\t\t\t\t<\/div>\n\t\t\t<\/div>\n\t\t\t\t\t<div class=\"mkdf-ig-image mkdf-item-space\">\n\t\t\t\t<div class=\"mkdf-ig-image-inner\">\n\t\t\t\t\t\t\t\t\t\t\t<a itemprop=\"image\" class=\"mkdf-ig-lightbox\" href=\"https:\/\/amip.az\/wp-content\/uploads\/2022\/07\/amip-international-g-02-pakistan-prezident.jpg\" data-rel=\"prettyPhoto[image_gallery_pretty_photo-763]\" title=\"amip-international-g-02-pakistan-prezident\">\n\t\t\t\t\t\t\t\t\t\t\t<img loading=\"lazy\" decoding=\"async\" src=\"https:\/\/amip.az\/wp-content\/uploads\/2022\/07\/amip-international-g-02-pakistan-prezident-389x260.jpg\" alt=\"\" width=\"389\" height=\"260\" \/>\t\t\t\t\t\t\t\t\t\t\t<\/a>\n\t\t\t\t\t\t\t\t\t<\/div>\n\t\t\t<\/div>\n\t\t\t\t\t<div class=\"mkdf-ig-image mkdf-item-space\">\n\t\t\t\t<div class=\"mkdf-ig-image-inner\">\n\t\t\t\t\t\t\t\t\t\t\t<a itemprop=\"image\" class=\"mkdf-ig-lightbox\" href=\"https:\/\/amip.az\/wp-content\/uploads\/2022\/07\/amip-international-g-03-bush-01.jpg\" data-rel=\"prettyPhoto[image_gallery_pretty_photo-763]\" title=\"amip-international-g-03-bush-01\">\n\t\t\t\t\t\t\t\t\t\t\t<img loading=\"lazy\" decoding=\"async\" src=\"https:\/\/amip.az\/wp-content\/uploads\/2022\/07\/amip-international-g-03-bush-01-389x260.jpg\" alt=\"\" width=\"389\" height=\"260\" \/>\t\t\t\t\t\t\t\t\t\t\t<\/a>\n\t\t\t\t\t\t\t\t\t<\/div>\n\t\t\t<\/div>\n\t\t\t\t\t<div class=\"mkdf-ig-image mkdf-item-space\">\n\t\t\t\t<div class=\"mkdf-ig-image-inner\">\n\t\t\t\t\t\t\t\t\t\t\t<a itemprop=\"image\" class=\"mkdf-ig-lightbox\" href=\"https:\/\/amip.az\/wp-content\/uploads\/2022\/07\/amip-international-g-04-Turkiye-anit-qebri.jpg\" data-rel=\"prettyPhoto[image_gallery_pretty_photo-763]\" title=\"amip-international-g-04-Turkiye-anit-qebri\">\n\t\t\t\t\t\t\t\t\t\t\t<img loading=\"lazy\" decoding=\"async\" src=\"https:\/\/amip.az\/wp-content\/uploads\/2022\/07\/amip-international-g-04-Turkiye-anit-qebri-389x260.jpg\" alt=\"\" width=\"389\" height=\"260\" \/>\t\t\t\t\t\t\t\t\t\t\t<\/a>\n\t\t\t\t\t\t\t\t\t<\/div>\n\t\t\t<\/div>\n\t\t\t\t\t<div class=\"mkdf-ig-image mkdf-item-space\">\n\t\t\t\t<div class=\"mkdf-ig-image-inner\">\n\t\t\t\t\t\t\t\t\t\t\t<a itemprop=\"image\" class=\"mkdf-ig-lightbox\" href=\"https:\/\/amip.az\/wp-content\/uploads\/2022\/07\/amip-international-g-05-astraliya-bash-nazir-ile.jpg\" data-rel=\"prettyPhoto[image_gallery_pretty_photo-763]\" title=\"amip-international-g-05-astraliya-bash-nazir-ile\">\n\t\t\t\t\t\t\t\t\t\t\t<img loading=\"lazy\" decoding=\"async\" src=\"https:\/\/amip.az\/wp-content\/uploads\/2022\/07\/amip-international-g-05-astraliya-bash-nazir-ile-389x260.jpg\" alt=\"\" width=\"389\" height=\"260\" \/>\t\t\t\t\t\t\t\t\t\t\t<\/a>\n\t\t\t\t\t\t\t\t\t<\/div>\n\t\t\t<\/div>\n\t\t\t\t\t<div class=\"mkdf-ig-image mkdf-item-space\">\n\t\t\t\t<div class=\"mkdf-ig-image-inner\">\n\t\t\t\t\t\t\t\t\t\t\t<a itemprop=\"image\" class=\"mkdf-ig-lightbox\" href=\"https:\/\/amip.az\/wp-content\/uploads\/2022\/07\/amip-international-g-06-candaliza.jpg\" data-rel=\"prettyPhoto[image_gallery_pretty_photo-763]\" title=\"amip-international-g-06-candaliza\">\n\t\t\t\t\t\t\t\t\t\t\t<img loading=\"lazy\" decoding=\"async\" src=\"https:\/\/amip.az\/wp-content\/uploads\/2022\/07\/amip-international-g-06-candaliza-389x260.jpg\" alt=\"\" width=\"389\" height=\"260\" \/>\t\t\t\t\t\t\t\t\t\t\t<\/a>\n\t\t\t\t\t\t\t\t\t<\/div>\n\t\t\t<\/div>\n\t\t\t\t\t<div class=\"mkdf-ig-image mkdf-item-space\">\n\t\t\t\t<div class=\"mkdf-ig-image-inner\">\n\t\t\t\t\t\t\t\t\t\t\t<a itemprop=\"image\" class=\"mkdf-ig-lightbox\" href=\"https:\/\/amip.az\/wp-content\/uploads\/2022\/07\/amip-international-g-07.jpg\" data-rel=\"prettyPhoto[image_gallery_pretty_photo-763]\" title=\"amip-international-g-07\">\n\t\t\t\t\t\t\t\t\t\t\t<img loading=\"lazy\" decoding=\"async\" src=\"https:\/\/amip.az\/wp-content\/uploads\/2022\/07\/amip-international-g-07-389x260.jpg\" alt=\"\" width=\"389\" height=\"260\" \/>\t\t\t\t\t\t\t\t\t\t\t<\/a>\n\t\t\t\t\t\t\t\t\t<\/div>\n\t\t\t<\/div>\n\t\t\t\t\t<div class=\"mkdf-ig-image mkdf-item-space\">\n\t\t\t\t<div class=\"mkdf-ig-image-inner\">\n\t\t\t\t\t\t\t\t\t\t\t<a itemprop=\"image\" class=\"mkdf-ig-lightbox\" href=\"https:\/\/amip.az\/wp-content\/uploads\/2022\/07\/amip-international-g-08.jpg\" data-rel=\"prettyPhoto[image_gallery_pretty_photo-763]\" title=\"amip-international-g-08\">\n\t\t\t\t\t\t\t\t\t\t\t<img loading=\"lazy\" decoding=\"async\" src=\"https:\/\/amip.az\/wp-content\/uploads\/2022\/07\/amip-international-g-08-389x260.jpg\" alt=\"\" width=\"389\" height=\"260\" \/>\t\t\t\t\t\t\t\t\t\t\t<\/a>\n\t\t\t\t\t\t\t\t\t<\/div>\n\t\t\t<\/div>\n\t\t\t\t\t<div class=\"mkdf-ig-image mkdf-item-space\">\n\t\t\t\t<div class=\"mkdf-ig-image-inner\">\n\t\t\t\t\t\t\t\t\t\t\t<a itemprop=\"image\" class=\"mkdf-ig-lightbox\" href=\"https:\/\/amip.az\/wp-content\/uploads\/2022\/07\/amip-international-g-09.jpg\" data-rel=\"prettyPhoto[image_gallery_pretty_photo-763]\" title=\"amip-international-g-09\">\n\t\t\t\t\t\t\t\t\t\t\t<img loading=\"lazy\" decoding=\"async\" src=\"https:\/\/amip.az\/wp-content\/uploads\/2022\/07\/amip-international-g-09-389x260.jpg\" alt=\"\" width=\"389\" height=\"260\" \/>\t\t\t\t\t\t\t\t\t\t\t<\/a>\n\t\t\t\t\t\t\t\t\t<\/div>\n\t\t\t<\/div>\n\t\t\t\t\t<div class=\"mkdf-ig-image mkdf-item-space\">\n\t\t\t\t<div class=\"mkdf-ig-image-inner\">\n\t\t\t\t\t\t\t\t\t\t\t<a itemprop=\"image\" class=\"mkdf-ig-lightbox\" href=\"https:\/\/amip.az\/wp-content\/uploads\/2022\/07\/amip-international-g-10-argentina-menem.jpg\" data-rel=\"prettyPhoto[image_gallery_pretty_photo-763]\" title=\"amip-international-g-10-argentina-menem\">\n\t\t\t\t\t\t\t\t\t\t\t<img loading=\"lazy\" decoding=\"async\" src=\"https:\/\/amip.az\/wp-content\/uploads\/2022\/07\/amip-international-g-10-argentina-menem-389x260.jpg\" alt=\"\" width=\"389\" height=\"260\" \/>\t\t\t\t\t\t\t\t\t\t\t<\/a>\n\t\t\t\t\t\t\t\t\t<\/div>\n\t\t\t<\/div>\n\t\t\t\t\t<div class=\"mkdf-ig-image mkdf-item-space\">\n\t\t\t\t<div class=\"mkdf-ig-image-inner\">\n\t\t\t\t\t\t\t\t\t\t\t<a itemprop=\"image\" class=\"mkdf-ig-lightbox\" href=\"https:\/\/amip.az\/wp-content\/uploads\/2022\/07\/amip-international-g-12.jpg\" data-rel=\"prettyPhoto[image_gallery_pretty_photo-763]\" title=\"amip-international-g-12\">\n\t\t\t\t\t\t\t\t\t\t\t<img loading=\"lazy\" decoding=\"async\" src=\"https:\/\/amip.az\/wp-content\/uploads\/2022\/07\/amip-international-g-12-389x260.jpg\" alt=\"\" width=\"389\" height=\"260\" \/>\t\t\t\t\t\t\t\t\t\t\t<\/a>\n\t\t\t\t\t\t\t\t\t<\/div>\n\t\t\t<\/div>\n\t\t\t\t\t<div class=\"mkdf-ig-image mkdf-item-space\">\n\t\t\t\t<div class=\"mkdf-ig-image-inner\">\n\t\t\t\t\t\t\t\t\t\t\t<a itemprop=\"image\" class=\"mkdf-ig-lightbox\" href=\"https:\/\/amip.az\/wp-content\/uploads\/2022\/07\/amip-international-g-15.jpg\" data-rel=\"prettyPhoto[image_gallery_pretty_photo-763]\" title=\"amip-international-g-15\">\n\t\t\t\t\t\t\t\t\t\t\t<img loading=\"lazy\" decoding=\"async\" src=\"https:\/\/amip.az\/wp-content\/uploads\/2022\/07\/amip-international-g-15-389x260.jpg\" alt=\"\" width=\"389\" height=\"260\" \/>\t\t\t\t\t\t\t\t\t\t\t<\/a>\n\t\t\t\t\t\t\t\t\t<\/div>\n\t\t\t<\/div>\n\t\t\t<\/div>\n<\/div><\/div><\/div><\/div><\/div>","protected":false},"excerpt":{"rendered":"Az\u0259rbaycan Milli \u0130stiqlal Partiyas\u0131 (AM\u0130P) 1992-ci ild\u0259 qeydiyyatdan ke\u00e7diyi d\u00f6vrd\u0259n ba\u015flayaraq beyn\u0259lxalq \u0259laq\u0259l\u0259r\u0259 x\u00fcsusi \u00f6n\u0259m verib. Partiyan\u0131n bu istiqam\u0259td\u0259 Az\u0259rbaycan\u0131n qon\u015fu \u00f6lk\u0259l\u0259ri olan T\u00fcrkiy\u0259, G\u00fcrc\u00fcstan v\u0259 Rusiyada f\u0259aliyy\u0259t g\u00f6st\u0259r\u0259n siyasi partiyalarla x\u00fcsusil\u0259 yax\u0131n, i\u015fg\u00fczar m\u00fcnasib\u0259tl\u0259ri formala\u015f\u0131b. \u00a0 AM\u0130P-in daha geni\u015f beyn\u0259lxalq \u0259laq\u0259l\u0259rinin yaranmas\u0131 is\u0259 1995-ci il\u0259 t\u0259sad\u00fcf edir. H\u0259min vaxtdan etibar\u0259n AM\u0130P B\u00f6y\u00fck Britaniyan\u0131n Konservatorlar Partiyas\u0131 il\u0259 \u0259laq\u0259l\u0259r qurub. Bu \u0259laq\u0259l\u0259rin davam\u0131 olaraq Partiya 1996-c\u0131 ild\u0259 d\u00fcnyan\u0131n apar\u0131c\u0131 \u00f6lk\u0259l\u0259rinin n\u00fcfuzlu siyasi t\u0259\u015fkilatlar\u0131n\u0131 \u00f6z\u00fcnd\u0259 birl\u0259\u015fdir\u0259n Beyn\u0259lxalq Demokrat \u0130ttifaq\u0131na (BD\u0130) (ing. IDU) \u00fczv olmaqla ba\u011fl\u0131 m\u00fcraci\u0259t [...]","protected":false},"author":1,"featured_media":0,"parent":0,"menu_order":0,"comment_status":"closed","ping_status":"closed","template":"","meta":{"footnotes":""},"class_list":["post-4674","page","type-page","status-publish","hentry"],"yoast_head":"<!-- This site is optimized with the Yoast SEO plugin v23.8 - https:\/\/yoast.com\/wordpress\/plugins\/seo\/ -->\n<title>Az\u0259rbaycan Milli \u0130stiqlal Partiyas\u0131n\u0131n beyn\u0259lxalq \u0259laq\u0259l\u0259ri - Az\u0259rbaycan Milli \u0130stiqlal Partiyas\u0131<\/title>\n<meta name=\"robots\" content=\"index, follow, max-snippet:-1, max-image-preview:large, max-video-preview:-1\" \/>\n<link rel=\"canonical\" href=\"https:\/\/amip.az\/en\/az\u0259rbaycan-milli-istiqlal-partiyasinin-beyn\u0259lxalq-\u0259laq\u0259l\u0259ri\/\" \/>\n<meta property=\"og:locale\" content=\"en_US\" \/>\n<meta property=\"og:type\" content=\"article\" \/>\n<meta property=\"og:title\" content=\"Az\u0259rbaycan Milli \u0130stiqlal Partiyas\u0131n\u0131n beyn\u0259lxalq \u0259laq\u0259l\u0259ri - Az\u0259rbaycan Milli \u0130stiqlal Partiyas\u0131\" \/>\n<meta property=\"og:url\" content=\"https:\/\/amip.az\/en\/az\u0259rbaycan-milli-istiqlal-partiyasinin-beyn\u0259lxalq-\u0259laq\u0259l\u0259ri\/\" \/>\n<meta property=\"og:site_name\" content=\"Az\u0259rbaycan Milli \u0130stiqlal Partiyas\u0131\" \/>\n<meta property=\"article:publisher\" content=\"https:\/\/www.facebook.com\/istiqlal91\" \/>\n<meta property=\"article:modified_time\" content=\"2022-07-17T19:43:45+00:00\" \/>\n<meta property=\"og:image\" content=\"https:\/\/amip.az\/wp-content\/uploads\/2022\/07\/amip-Bd-zir-01-1024x679.jpg\" \/>\n<meta name=\"twitter:card\" content=\"summary_large_image\" \/>\n<meta name=\"twitter:site\" content=\"@APartiyas\" \/>\n<meta name=\"twitter:label1\" content=\"Est. reading time\" \/>\n\t<meta name=\"twitter:data1\" content=\"2 minutes\" \/>\n<script type=\"application\/ld+json\" class=\"yoast-schema-graph\">{\"@context\":\"https:\/\/schema.org\",\"@graph\":[{\"@type\":\"WebPage\",\"@id\":\"https:\/\/amip.az\/az%c9%99rbaycan-milli-istiqlal-partiyasinin-beyn%c9%99lxalq-%c9%99laq%c9%99l%c9%99ri\/\",\"url\":\"https:\/\/amip.az\/az%c9%99rbaycan-milli-istiqlal-partiyasinin-beyn%c9%99lxalq-%c9%99laq%c9%99l%c9%99ri\/\",\"name\":\"Az\u0259rbaycan Milli \u0130stiqlal Partiyas\u0131n\u0131n beyn\u0259lxalq \u0259laq\u0259l\u0259ri - Az\u0259rbaycan Milli \u0130stiqlal Partiyas\u0131\",\"isPartOf\":{\"@id\":\"https:\/\/amip.az\/az\/#website\"},\"primaryImageOfPage\":{\"@id\":\"https:\/\/amip.az\/az%c9%99rbaycan-milli-istiqlal-partiyasinin-beyn%c9%99lxalq-%c9%99laq%c9%99l%c9%99ri\/#primaryimage\"},\"image\":{\"@id\":\"https:\/\/amip.az\/az%c9%99rbaycan-milli-istiqlal-partiyasinin-beyn%c9%99lxalq-%c9%99laq%c9%99l%c9%99ri\/#primaryimage\"},\"thumbnailUrl\":\"https:\/\/amip.az\/wp-content\/uploads\/2022\/07\/amip-Bd-zir-01-1024x679.jpg\",\"datePublished\":\"2022-06-17T12:22:33+00:00\",\"dateModified\":\"2022-07-17T19:43:45+00:00\",\"breadcrumb\":{\"@id\":\"https:\/\/amip.az\/az%c9%99rbaycan-milli-istiqlal-partiyasinin-beyn%c9%99lxalq-%c9%99laq%c9%99l%c9%99ri\/#breadcrumb\"},\"inLanguage\":\"en-US\",\"potentialAction\":[{\"@type\":\"ReadAction\",\"target\":[\"https:\/\/amip.az\/az%c9%99rbaycan-milli-istiqlal-partiyasinin-beyn%c9%99lxalq-%c9%99laq%c9%99l%c9%99ri\/\"]}]},{\"@type\":\"ImageObject\",\"inLanguage\":\"en-US\",\"@id\":\"https:\/\/amip.az\/az%c9%99rbaycan-milli-istiqlal-partiyasinin-beyn%c9%99lxalq-%c9%99laq%c9%99l%c9%99ri\/#primaryimage\",\"url\":\"https:\/\/amip.az\/wp-content\/uploads\/2022\/07\/amip-Bd-zir-01-1024x679.jpg\",\"contentUrl\":\"https:\/\/amip.az\/wp-content\/uploads\/2022\/07\/amip-Bd-zir-01-1024x679.jpg\"},{\"@type\":\"BreadcrumbList\",\"@id\":\"https:\/\/amip.az\/az%c9%99rbaycan-milli-istiqlal-partiyasinin-beyn%c9%99lxalq-%c9%99laq%c9%99l%c9%99ri\/#breadcrumb\",\"itemListElement\":[{\"@type\":\"ListItem\",\"position\":1,\"name\":\"Home\",\"item\":\"https:\/\/amip.az\/\"},{\"@type\":\"ListItem\",\"position\":2,\"name\":\"Az\u0259rbaycan Milli \u0130stiqlal Partiyas\u0131n\u0131n beyn\u0259lxalq \u0259laq\u0259l\u0259ri\"}]},{\"@type\":\"WebSite\",\"@id\":\"https:\/\/amip.az\/az\/#website\",\"url\":\"https:\/\/amip.az\/az\/\",\"name\":\"Az\u0259rbaycan Milli \u0130stiqlal Partiyas\u0131\",\"description\":\"AM\u0130P\",\"publisher\":{\"@id\":\"https:\/\/amip.az\/az\/#organization\"},\"potentialAction\":[{\"@type\":\"SearchAction\",\"target\":{\"@type\":\"EntryPoint\",\"urlTemplate\":\"https:\/\/amip.az\/az\/?s={search_term_string}\"},\"query-input\":{\"@type\":\"PropertyValueSpecification\",\"valueRequired\":true,\"valueName\":\"search_term_string\"}}],\"inLanguage\":\"en-US\"},{\"@type\":\"Organization\",\"@id\":\"https:\/\/amip.az\/az\/#organization\",\"name\":\"Az\u0259rbaycan Milli \u0130stiqlal Partiyas\u0131\",\"url\":\"https:\/\/amip.az\/az\/\",\"logo\":{\"@type\":\"ImageObject\",\"inLanguage\":\"en-US\",\"@id\":\"https:\/\/amip.az\/az\/#\/schema\/logo\/image\/\",\"url\":\"https:\/\/amip.az\/wp-content\/uploads\/2023\/06\/amiplogo.png\",\"contentUrl\":\"https:\/\/amip.az\/wp-content\/uploads\/2023\/06\/amiplogo.png\",\"width\":723,\"height\":423,\"caption\":\"Az\u0259rbaycan Milli \u0130stiqlal Partiyas\u0131\"},\"image\":{\"@id\":\"https:\/\/amip.az\/az\/#\/schema\/logo\/image\/\"},\"sameAs\":[\"https:\/\/www.facebook.com\/istiqlal91\",\"https:\/\/x.com\/APartiyas\",\"https:\/\/www.youtube.com\/channel\/UCF3pc8spko_xON2sr4vUC5A\"]}]}<\/script>\n<!-- \/ Yoast SEO plugin. -->","yoast_head_json":{"title":"Az\u0259rbaycan Milli \u0130stiqlal Partiyas\u0131n\u0131n beyn\u0259lxalq \u0259laq\u0259l\u0259ri - Az\u0259rbaycan Milli \u0130stiqlal Partiyas\u0131","robots":{"index":"index","follow":"follow","max-snippet":"max-snippet:-1","max-image-preview":"max-image-preview:large","max-video-preview":"max-video-preview:-1"},"canonical":"https:\/\/amip.az\/en\/az\u0259rbaycan-milli-istiqlal-partiyasinin-beyn\u0259lxalq-\u0259laq\u0259l\u0259ri\/","og_locale":"en_US","og_type":"article","og_title":"Az\u0259rbaycan Milli \u0130stiqlal Partiyas\u0131n\u0131n beyn\u0259lxalq \u0259laq\u0259l\u0259ri - Az\u0259rbaycan Milli \u0130stiqlal Partiyas\u0131","og_url":"https:\/\/amip.az\/en\/az\u0259rbaycan-milli-istiqlal-partiyasinin-beyn\u0259lxalq-\u0259laq\u0259l\u0259ri\/","og_site_name":"Az\u0259rbaycan Milli \u0130stiqlal Partiyas\u0131","article_publisher":"https:\/\/www.facebook.com\/istiqlal91","article_modified_time":"2022-07-17T19:43:45+00:00","og_image":[{"url":"https:\/\/amip.az\/wp-content\/uploads\/2022\/07\/amip-Bd-zir-01-1024x679.jpg"}],"twitter_card":"summary_large_image","twitter_site":"@APartiyas","twitter_misc":{"Est. reading time":"2 minutes"},"schema":{"@context":"https:\/\/schema.org","@graph":[{"@type":"WebPage","@id":"https:\/\/amip.az\/az%c9%99rbaycan-milli-istiqlal-partiyasinin-beyn%c9%99lxalq-%c9%99laq%c9%99l%c9%99ri\/","url":"https:\/\/amip.az\/az%c9%99rbaycan-milli-istiqlal-partiyasinin-beyn%c9%99lxalq-%c9%99laq%c9%99l%c9%99ri\/","name":"Az\u0259rbaycan Milli \u0130stiqlal Partiyas\u0131n\u0131n beyn\u0259lxalq \u0259laq\u0259l\u0259ri - Az\u0259rbaycan Milli \u0130stiqlal Partiyas\u0131","isPartOf":{"@id":"https:\/\/amip.az\/az\/#website"},"primaryImageOfPage":{"@id":"https:\/\/amip.az\/az%c9%99rbaycan-milli-istiqlal-partiyasinin-beyn%c9%99lxalq-%c9%99laq%c9%99l%c9%99ri\/#primaryimage"},"image":{"@id":"https:\/\/amip.az\/az%c9%99rbaycan-milli-istiqlal-partiyasinin-beyn%c9%99lxalq-%c9%99laq%c9%99l%c9%99ri\/#primaryimage"},"thumbnailUrl":"https:\/\/amip.az\/wp-content\/uploads\/2022\/07\/amip-Bd-zir-01-1024x679.jpg","datePublished":"2022-06-17T12:22:33+00:00","dateModified":"2022-07-17T19:43:45+00:00","breadcrumb":{"@id":"https:\/\/amip.az\/az%c9%99rbaycan-milli-istiqlal-partiyasinin-beyn%c9%99lxalq-%c9%99laq%c9%99l%c9%99ri\/#breadcrumb"},"inLanguage":"en-US","potentialAction":[{"@type":"ReadAction","target":["https:\/\/amip.az\/az%c9%99rbaycan-milli-istiqlal-partiyasinin-beyn%c9%99lxalq-%c9%99laq%c9%99l%c9%99ri\/"]}]},{"@type":"ImageObject","inLanguage":"en-US","@id":"https:\/\/amip.az\/az%c9%99rbaycan-milli-istiqlal-partiyasinin-beyn%c9%99lxalq-%c9%99laq%c9%99l%c9%99ri\/#primaryimage","url":"https:\/\/amip.az\/wp-content\/uploads\/2022\/07\/amip-Bd-zir-01-1024x679.jpg","contentUrl":"https:\/\/amip.az\/wp-content\/uploads\/2022\/07\/amip-Bd-zir-01-1024x679.jpg"},{"@type":"BreadcrumbList","@id":"https:\/\/amip.az\/az%c9%99rbaycan-milli-istiqlal-partiyasinin-beyn%c9%99lxalq-%c9%99laq%c9%99l%c9%99ri\/#breadcrumb","itemListElement":[{"@type":"ListItem","position":1,"name":"Home","item":"https:\/\/amip.az\/"},{"@type":"ListItem","position":2,"name":"Az\u0259rbaycan Milli \u0130stiqlal Partiyas\u0131n\u0131n beyn\u0259lxalq \u0259laq\u0259l\u0259ri"}]},{"@type":"WebSite","@id":"https:\/\/amip.az\/az\/#website","url":"https:\/\/amip.az\/az\/","name":"Az\u0259rbaycan Milli \u0130stiqlal Partiyas\u0131","description":"AM\u0130P","publisher":{"@id":"https:\/\/amip.az\/az\/#organization"},"potentialAction":[{"@type":"SearchAction","target":{"@type":"EntryPoint","urlTemplate":"https:\/\/amip.az\/az\/?s={search_term_string}"},"query-input":{"@type":"PropertyValueSpecification","valueRequired":true,"valueName":"search_term_string"}}],"inLanguage":"en-US"},{"@type":"Organization","@id":"https:\/\/amip.az\/az\/#organization","name":"Az\u0259rbaycan Milli \u0130stiqlal Partiyas\u0131","url":"https:\/\/amip.az\/az\/","logo":{"@type":"ImageObject","inLanguage":"en-US","@id":"https:\/\/amip.az\/az\/#\/schema\/logo\/image\/","url":"https:\/\/amip.az\/wp-content\/uploads\/2023\/06\/amiplogo.png","contentUrl":"https:\/\/amip.az\/wp-content\/uploads\/2023\/06\/amiplogo.png","width":723,"height":423,"caption":"Az\u0259rbaycan Milli \u0130stiqlal Partiyas\u0131"},"image":{"@id":"https:\/\/amip.az\/az\/#\/schema\/logo\/image\/"},"sameAs":["https:\/\/www.facebook.com\/istiqlal91","https:\/\/x.com\/APartiyas","https:\/\/www.youtube.com\/channel\/UCF3pc8spko_xON2sr4vUC5A"]}]}},"_links":{"self":[{"href":"https:\/\/amip.az\/en\/wp-json\/wp\/v2\/pages\/4674","targetHints":{"allow":["GET"]}}],"collection":[{"href":"https:\/\/amip.az\/en\/wp-json\/wp\/v2\/pages"}],"about":[{"href":"https:\/\/amip.az\/en\/wp-json\/wp\/v2\/types\/page"}],"author":[{"embeddable":true,"href":"https:\/\/amip.az\/en\/wp-json\/wp\/v2\/users\/1"}],"replies":[{"embeddable":true,"href":"https:\/\/amip.az\/en\/wp-json\/wp\/v2\/comments?post=4674"}],"version-history":[{"count":5,"href":"https:\/\/amip.az\/en\/wp-json\/wp\/v2\/pages\/4674\/revisions"}],"predecessor-version":[{"id":5316,"href":"https:\/\/amip.az\/en\/wp-json\/wp\/v2\/pages\/4674\/revisions\/5316"}],"wp:attachment":[{"href":"https:\/\/amip.az\/en\/wp-json\/wp\/v2\/media?parent=4674"}],"curies":[{"name":"wp","href":"https:\/\/api.w.org\/{rel}","templated":true}]}}