{"id":4705,"date":"2022-06-17T23:23:14","date_gmt":"2022-06-17T19:23:14","guid":{"rendered":"https:\/\/vtstrt.mediadesigntech.com\/?page_id=4705"},"modified":"2026-02-14T13:30:10","modified_gmt":"2026-02-14T09:30:10","slug":"az%c9%99rbaycan-milli-istiqlal-partiyasinin-qurultaylari","status":"publish","type":"page","link":"https:\/\/amip.az\/en\/az%c9%99rbaycan-milli-istiqlal-partiyasinin-qurultaylari\/","title":{"rendered":"Congresses of the National Independence Party of Azerbaijan"},"content":{"rendered":"<p>Known in the public and political life of Azerbaijan for its authority and strength, its accurate ideological line, its role as a guardian of national values, its successful development of international relations, and its organization in accordance with modern world standards, the Azerbaijan National Independence Party of Azerbaijan entered the political arena on the eve of the restoration of independence \u2013 on October 15, 1991 \u2013 when the State television reported on the declaration of the Organization Committee regarding the establishment of the party, and a day later this declaration was published in the trial issue of the \u201cMillat\u201d newspaper.<\/p>\n\n\n\n<p>Thus, a new era launched in Azerbaijan\u2019s political life with the laying of the foundation of a multiparty system.<\/p>\n\n\n\n<figure class=\"wp-block-image size-large\"><img loading=\"lazy\" decoding=\"async\" width=\"1024\" height=\"772\" src=\"https:\/\/amip.az\/wp-content\/uploads\/2022\/06\/amip_qurultay_02-1024x772.jpg\" alt=\"Az\u0259rbaycan Milli \u0130stiqlal Partiyas\u0131\" class=\"wp-image-4829\" srcset=\"https:\/\/amip.az\/wp-content\/uploads\/2022\/06\/amip_qurultay_02-1024x772.jpg 1024w, https:\/\/amip.az\/wp-content\/uploads\/2022\/06\/amip_qurultay_02-300x226.jpg 300w, https:\/\/amip.az\/wp-content\/uploads\/2022\/06\/amip_qurultay_02-768x579.jpg 768w, https:\/\/amip.az\/wp-content\/uploads\/2022\/06\/amip_qurultay_02-16x12.jpg 16w, https:\/\/amip.az\/wp-content\/uploads\/2022\/06\/amip_qurultay_02.jpg 1178w\" sizes=\"auto, (max-width: 1024px) 100vw, 1024px\" \/><\/figure>\n\n\n\n<p>After the founding congress on July 3-4, 1992, NIPA (AMIP) was officially registered by the Ministry of Justice on July 17, 1992 as the first political party in Azerbaijan. The National Independence Party of Azerbaijan has held 13 congresses so far, and new chairmen have been elected five times. A number of party members had resigned over elapsed time, they were assigned to higher positions afterwards. These figures are: ex-prime minister Novruz Mammadov, former deputy prime minister Elchin Afandiyev, deputy prime minister Ali Ahmadov, the ambassador and former minister of Foreign Affairs Vilayat Guliyev, the former state counsellor Gabil Huseinly, the former head of the executive power of Khatai district Gunduz Jalilov, the former chairman of the Copyright Agency of Azerbaijan Abutalib Samadov, the chairman of the State Committee on the Work with Religious Institutions Mubariz Gurbanly, the director of the Institute of Economy of ANAS (Azerbaijan National Academy of Science) Nazim Imanov, the chairman of Center for Strategic Studies under the President of Azerbaijan Farhad Mammadov, former deputy minister  of the Ministry of Ecology and Natural Recourses Novruz Guliyev, former chairman of the Administration of the Regional Medical Divisions Ramin Bayramly, the head director of the Institute of Inforamtion Technology of ANAS (Azerbaijan National Academy of Sciences) Rasim Aliguliyev  and others can be shown as examples. Moreover, the individuals who had previously held higher official positions also joined the party. The former president of the Azerbaijan National Academy of Science Eldar Salayev, the fomer minister of the Ministry of Education Firudin Jalilov, and ex member of parliament Yusif Baghirzade can be shown as examples.<\/p>\n\n\n\n<h3 class=\"wp-block-heading\">Chronological order of NIPA\u2019s Congresses<\/h3>\n\n\n\n<p>I (Foundation) Congress of NIPA (3-4 July 1992)<br>II (Extraordinary) Congress of NIPA (5 September, 1993)<br>III (Emergency) Congress of NIPA (16 September, 1995)<br>IV Congress of NIPA (24-25 May, 1996)<br>V (Emergency) Congress of NIPA (6 December, 1997)]<br>VI Congress of NIPA (30-31 October, 1999)<br>VII Congress of NIPA (2003)<br>VIII Congress of NIPA (January, 2005)<br>IX Congress of NIPA (25 June, 2006)<br>X Congress of NIPA (10 June, 2010)<br>XI Congress of NIPA (15 August, 2020<br>XII (Extraordinary) Congress of NIPA (25 November, 2023)<br>XIII Congress of NIPA (28 September, 2025)<\/p>","protected":false},"excerpt":{"rendered":"<p>Az\u0259rbaycan\u0131n ictimai-siyasi h\u0259yat\u0131nda \u00f6z n\u00fcfuzu, g\u00fcc\u00fc ayd\u0131n ideoloji x\u0259tti, milli d\u0259y\u0259rl\u0259rin m\u00fchafiz\u0259\u00e7isi kimi tan\u0131nan, beyn\u0259lxalq \u0259laq\u0259l\u0259rini m\u00fcv\u0259ff\u0259qiyy\u0259tl\u0259 inki\u015faf etdir\u0259n, m\u00fcasir d\u00fcnya standartlar\u0131na uy\u011fun \u015f\u0259kild\u0259 t\u0259\u015fkil olunmu\u015f Az\u0259rbaycan Milli \u0130stiqlal Partiyas\u0131 \u0130stiqlal\u0131n\u0131n b\u0259rpas\u0131 \u0259r\u0259f\u0259si, y\u0259ni 15 oktyabr 1991-ci il tarixd\u0259 D\u00f6vl\u0259t Televiziyas\u0131n\u0131n partiyan\u0131n yarad\u0131lmas\u0131 bar\u0259d\u0259 T\u0259\u015fkilat Komit\u0259sinin b\u0259y\u0259nnam\u0259si haqq\u0131nda m\u0259lumat verm\u0259si v\u0259 bir g\u00fcn sonra &#8216;Mill\u0259t &#8221; q\u0259zetinin s\u0131naq n\u00f6mr\u0259sind\u0259 bu b\u0259yannam\u0259 d\u0259rc olunmas\u0131 il\u0259 siyasi s\u0259hn\u0259y\u0259 q\u0259d\u0259m qoydu. Bununla da Az\u0259rbaycan\u0131n siyasi h\u0259yat\u0131nda \u00e7oxpartiyal\u0131l\u0131\u011f\u0131n \u0259sas\u0131n\u0131n qoyulmas\u0131 il\u0259 yeni d\u00f6vr ba\u015fland\u0131. 3-4 iyul 1992-ci il [&hellip;]<\/p>","protected":false},"author":1,"featured_media":0,"parent":0,"menu_order":0,"comment_status":"closed","ping_status":"closed","template":"","meta":{"footnotes":""},"class_list":["post-4705","page","type-page","status-publish","hentry"],"yoast_head":"<!-- This site is optimized with the Yoast SEO plugin v23.8 - https:\/\/yoast.com\/wordpress\/plugins\/seo\/ -->\n<title>Az\u0259rbaycan Milli \u0130stiqlal Partiyas\u0131n\u0131n Qurultaylar\u0131 - Az\u0259rbaycan Milli \u0130stiqlal Partiyas\u0131<\/title>\n<meta name=\"robots\" content=\"index, follow, max-snippet:-1, max-image-preview:large, max-video-preview:-1\" \/>\n<link rel=\"canonical\" href=\"https:\/\/amip.az\/en\/az\u0259rbaycan-milli-istiqlal-partiyasinin-qurultaylari\/\" \/>\n<meta property=\"og:locale\" content=\"en_US\" \/>\n<meta property=\"og:type\" content=\"article\" \/>\n<meta property=\"og:title\" content=\"Az\u0259rbaycan Milli \u0130stiqlal Partiyas\u0131n\u0131n Qurultaylar\u0131 - Az\u0259rbaycan Milli \u0130stiqlal Partiyas\u0131\" \/>\n<meta property=\"og:description\" content=\"Az\u0259rbaycan\u0131n ictimai-siyasi h\u0259yat\u0131nda \u00f6z n\u00fcfuzu, g\u00fcc\u00fc ayd\u0131n ideoloji x\u0259tti, milli d\u0259y\u0259rl\u0259rin m\u00fchafiz\u0259\u00e7isi kimi tan\u0131nan, beyn\u0259lxalq \u0259laq\u0259l\u0259rini m\u00fcv\u0259ff\u0259qiyy\u0259tl\u0259 inki\u015faf etdir\u0259n, m\u00fcasir d\u00fcnya standartlar\u0131na uy\u011fun \u015f\u0259kild\u0259 t\u0259\u015fkil olunmu\u015f Az\u0259rbaycan Milli \u0130stiqlal Partiyas\u0131 \u0130stiqlal\u0131n\u0131n b\u0259rpas\u0131 \u0259r\u0259f\u0259si, y\u0259ni 15 oktyabr 1991-ci il tarixd\u0259 D\u00f6vl\u0259t Televiziyas\u0131n\u0131n partiyan\u0131n yarad\u0131lmas\u0131 bar\u0259d\u0259 T\u0259\u015fkilat Komit\u0259sinin b\u0259y\u0259nnam\u0259si haqq\u0131nda m\u0259lumat verm\u0259si v\u0259 bir g\u00fcn sonra &#8216;Mill\u0259t &#8221; q\u0259zetinin s\u0131naq n\u00f6mr\u0259sind\u0259 bu b\u0259yannam\u0259 d\u0259rc olunmas\u0131 il\u0259 siyasi s\u0259hn\u0259y\u0259 q\u0259d\u0259m qoydu. Bununla da Az\u0259rbaycan\u0131n siyasi h\u0259yat\u0131nda \u00e7oxpartiyal\u0131l\u0131\u011f\u0131n \u0259sas\u0131n\u0131n qoyulmas\u0131 il\u0259 yeni d\u00f6vr ba\u015fland\u0131. 3-4 iyul 1992-ci il [&hellip;]\" \/>\n<meta property=\"og:url\" content=\"https:\/\/amip.az\/en\/az\u0259rbaycan-milli-istiqlal-partiyasinin-qurultaylari\/\" \/>\n<meta property=\"og:site_name\" content=\"Az\u0259rbaycan Milli \u0130stiqlal Partiyas\u0131\" \/>\n<meta property=\"article:publisher\" content=\"https:\/\/www.facebook.com\/istiqlal91\" \/>\n<meta property=\"article:modified_time\" content=\"2026-02-14T09:30:10+00:00\" \/>\n<meta property=\"og:image\" content=\"https:\/\/amip.az\/wp-content\/uploads\/2022\/06\/amip_qurultay_02.jpg\" \/>\n\t<meta property=\"og:image:width\" content=\"1178\" \/>\n\t<meta property=\"og:image:height\" content=\"888\" \/>\n\t<meta property=\"og:image:type\" content=\"image\/jpeg\" \/>\n<meta name=\"twitter:card\" content=\"summary_large_image\" \/>\n<meta name=\"twitter:site\" content=\"@APartiyas\" \/>\n<meta name=\"twitter:label1\" content=\"Est. reading time\" \/>\n\t<meta name=\"twitter:data1\" content=\"3 minutes\" \/>\n<script type=\"application\/ld+json\" class=\"yoast-schema-graph\">{\"@context\":\"https:\/\/schema.org\",\"@graph\":[{\"@type\":\"WebPage\",\"@id\":\"https:\/\/amip.az\/az%c9%99rbaycan-milli-istiqlal-partiyasinin-qurultaylari\/\",\"url\":\"https:\/\/amip.az\/az%c9%99rbaycan-milli-istiqlal-partiyasinin-qurultaylari\/\",\"name\":\"Az\u0259rbaycan Milli \u0130stiqlal Partiyas\u0131n\u0131n Qurultaylar\u0131 - Az\u0259rbaycan Milli \u0130stiqlal Partiyas\u0131\",\"isPartOf\":{\"@id\":\"https:\/\/amip.az\/az\/#website\"},\"primaryImageOfPage\":{\"@id\":\"https:\/\/amip.az\/az%c9%99rbaycan-milli-istiqlal-partiyasinin-qurultaylari\/#primaryimage\"},\"image\":{\"@id\":\"https:\/\/amip.az\/az%c9%99rbaycan-milli-istiqlal-partiyasinin-qurultaylari\/#primaryimage\"},\"thumbnailUrl\":\"https:\/\/amip.az\/wp-content\/uploads\/2022\/06\/amip_qurultay_02-1024x772.jpg\",\"datePublished\":\"2022-06-17T19:23:14+00:00\",\"dateModified\":\"2026-02-14T09:30:10+00:00\",\"breadcrumb\":{\"@id\":\"https:\/\/amip.az\/az%c9%99rbaycan-milli-istiqlal-partiyasinin-qurultaylari\/#breadcrumb\"},\"inLanguage\":\"en-US\",\"potentialAction\":[{\"@type\":\"ReadAction\",\"target\":[\"https:\/\/amip.az\/az%c9%99rbaycan-milli-istiqlal-partiyasinin-qurultaylari\/\"]}]},{\"@type\":\"ImageObject\",\"inLanguage\":\"en-US\",\"@id\":\"https:\/\/amip.az\/az%c9%99rbaycan-milli-istiqlal-partiyasinin-qurultaylari\/#primaryimage\",\"url\":\"https:\/\/amip.az\/wp-content\/uploads\/2022\/06\/amip_qurultay_02-1024x772.jpg\",\"contentUrl\":\"https:\/\/amip.az\/wp-content\/uploads\/2022\/06\/amip_qurultay_02-1024x772.jpg\"},{\"@type\":\"BreadcrumbList\",\"@id\":\"https:\/\/amip.az\/az%c9%99rbaycan-milli-istiqlal-partiyasinin-qurultaylari\/#breadcrumb\",\"itemListElement\":[{\"@type\":\"ListItem\",\"position\":1,\"name\":\"Home\",\"item\":\"https:\/\/amip.az\/\"},{\"@type\":\"ListItem\",\"position\":2,\"name\":\"Az\u0259rbaycan Milli \u0130stiqlal Partiyas\u0131n\u0131n Qurultaylar\u0131\"}]},{\"@type\":\"WebSite\",\"@id\":\"https:\/\/amip.az\/az\/#website\",\"url\":\"https:\/\/amip.az\/az\/\",\"name\":\"Az\u0259rbaycan Milli \u0130stiqlal Partiyas\u0131\",\"description\":\"AM\u0130P\",\"publisher\":{\"@id\":\"https:\/\/amip.az\/az\/#organization\"},\"potentialAction\":[{\"@type\":\"SearchAction\",\"target\":{\"@type\":\"EntryPoint\",\"urlTemplate\":\"https:\/\/amip.az\/az\/?s={search_term_string}\"},\"query-input\":{\"@type\":\"PropertyValueSpecification\",\"valueRequired\":true,\"valueName\":\"search_term_string\"}}],\"inLanguage\":\"en-US\"},{\"@type\":\"Organization\",\"@id\":\"https:\/\/amip.az\/az\/#organization\",\"name\":\"Az\u0259rbaycan Milli \u0130stiqlal Partiyas\u0131\",\"url\":\"https:\/\/amip.az\/az\/\",\"logo\":{\"@type\":\"ImageObject\",\"inLanguage\":\"en-US\",\"@id\":\"https:\/\/amip.az\/az\/#\/schema\/logo\/image\/\",\"url\":\"https:\/\/amip.az\/wp-content\/uploads\/2023\/06\/amiplogo.png\",\"contentUrl\":\"https:\/\/amip.az\/wp-content\/uploads\/2023\/06\/amiplogo.png\",\"width\":723,\"height\":423,\"caption\":\"Az\u0259rbaycan Milli \u0130stiqlal Partiyas\u0131\"},\"image\":{\"@id\":\"https:\/\/amip.az\/az\/#\/schema\/logo\/image\/\"},\"sameAs\":[\"https:\/\/www.facebook.com\/istiqlal91\",\"https:\/\/x.com\/APartiyas\",\"https:\/\/www.youtube.com\/channel\/UCF3pc8spko_xON2sr4vUC5A\"]}]}<\/script>\n<!-- \/ Yoast SEO plugin. -->","yoast_head_json":{"title":"Az\u0259rbaycan Milli \u0130stiqlal Partiyas\u0131n\u0131n Qurultaylar\u0131 - Az\u0259rbaycan Milli \u0130stiqlal Partiyas\u0131","robots":{"index":"index","follow":"follow","max-snippet":"max-snippet:-1","max-image-preview":"max-image-preview:large","max-video-preview":"max-video-preview:-1"},"canonical":"https:\/\/amip.az\/en\/az\u0259rbaycan-milli-istiqlal-partiyasinin-qurultaylari\/","og_locale":"en_US","og_type":"article","og_title":"Az\u0259rbaycan Milli \u0130stiqlal Partiyas\u0131n\u0131n Qurultaylar\u0131 - Az\u0259rbaycan Milli \u0130stiqlal Partiyas\u0131","og_description":"Az\u0259rbaycan\u0131n ictimai-siyasi h\u0259yat\u0131nda \u00f6z n\u00fcfuzu, g\u00fcc\u00fc ayd\u0131n ideoloji x\u0259tti, milli d\u0259y\u0259rl\u0259rin m\u00fchafiz\u0259\u00e7isi kimi tan\u0131nan, beyn\u0259lxalq \u0259laq\u0259l\u0259rini m\u00fcv\u0259ff\u0259qiyy\u0259tl\u0259 inki\u015faf etdir\u0259n, m\u00fcasir d\u00fcnya standartlar\u0131na uy\u011fun \u015f\u0259kild\u0259 t\u0259\u015fkil olunmu\u015f Az\u0259rbaycan Milli \u0130stiqlal Partiyas\u0131 \u0130stiqlal\u0131n\u0131n b\u0259rpas\u0131 \u0259r\u0259f\u0259si, y\u0259ni 15 oktyabr 1991-ci il tarixd\u0259 D\u00f6vl\u0259t Televiziyas\u0131n\u0131n partiyan\u0131n yarad\u0131lmas\u0131 bar\u0259d\u0259 T\u0259\u015fkilat Komit\u0259sinin b\u0259y\u0259nnam\u0259si haqq\u0131nda m\u0259lumat verm\u0259si v\u0259 bir g\u00fcn sonra &#8216;Mill\u0259t &#8221; q\u0259zetinin s\u0131naq n\u00f6mr\u0259sind\u0259 bu b\u0259yannam\u0259 d\u0259rc olunmas\u0131 il\u0259 siyasi s\u0259hn\u0259y\u0259 q\u0259d\u0259m qoydu. Bununla da Az\u0259rbaycan\u0131n siyasi h\u0259yat\u0131nda \u00e7oxpartiyal\u0131l\u0131\u011f\u0131n \u0259sas\u0131n\u0131n qoyulmas\u0131 il\u0259 yeni d\u00f6vr ba\u015fland\u0131. 3-4 iyul 1992-ci il [&hellip;]","og_url":"https:\/\/amip.az\/en\/az\u0259rbaycan-milli-istiqlal-partiyasinin-qurultaylari\/","og_site_name":"Az\u0259rbaycan Milli \u0130stiqlal Partiyas\u0131","article_publisher":"https:\/\/www.facebook.com\/istiqlal91","article_modified_time":"2026-02-14T09:30:10+00:00","og_image":[{"width":1178,"height":888,"url":"https:\/\/amip.az\/wp-content\/uploads\/2022\/06\/amip_qurultay_02.jpg","type":"image\/jpeg"}],"twitter_card":"summary_large_image","twitter_site":"@APartiyas","twitter_misc":{"Est. reading time":"3 minutes"},"schema":{"@context":"https:\/\/schema.org","@graph":[{"@type":"WebPage","@id":"https:\/\/amip.az\/az%c9%99rbaycan-milli-istiqlal-partiyasinin-qurultaylari\/","url":"https:\/\/amip.az\/az%c9%99rbaycan-milli-istiqlal-partiyasinin-qurultaylari\/","name":"Az\u0259rbaycan Milli \u0130stiqlal Partiyas\u0131n\u0131n Qurultaylar\u0131 - Az\u0259rbaycan Milli \u0130stiqlal Partiyas\u0131","isPartOf":{"@id":"https:\/\/amip.az\/az\/#website"},"primaryImageOfPage":{"@id":"https:\/\/amip.az\/az%c9%99rbaycan-milli-istiqlal-partiyasinin-qurultaylari\/#primaryimage"},"image":{"@id":"https:\/\/amip.az\/az%c9%99rbaycan-milli-istiqlal-partiyasinin-qurultaylari\/#primaryimage"},"thumbnailUrl":"https:\/\/amip.az\/wp-content\/uploads\/2022\/06\/amip_qurultay_02-1024x772.jpg","datePublished":"2022-06-17T19:23:14+00:00","dateModified":"2026-02-14T09:30:10+00:00","breadcrumb":{"@id":"https:\/\/amip.az\/az%c9%99rbaycan-milli-istiqlal-partiyasinin-qurultaylari\/#breadcrumb"},"inLanguage":"en-US","potentialAction":[{"@type":"ReadAction","target":["https:\/\/amip.az\/az%c9%99rbaycan-milli-istiqlal-partiyasinin-qurultaylari\/"]}]},{"@type":"ImageObject","inLanguage":"en-US","@id":"https:\/\/amip.az\/az%c9%99rbaycan-milli-istiqlal-partiyasinin-qurultaylari\/#primaryimage","url":"https:\/\/amip.az\/wp-content\/uploads\/2022\/06\/amip_qurultay_02-1024x772.jpg","contentUrl":"https:\/\/amip.az\/wp-content\/uploads\/2022\/06\/amip_qurultay_02-1024x772.jpg"},{"@type":"BreadcrumbList","@id":"https:\/\/amip.az\/az%c9%99rbaycan-milli-istiqlal-partiyasinin-qurultaylari\/#breadcrumb","itemListElement":[{"@type":"ListItem","position":1,"name":"Home","item":"https:\/\/amip.az\/"},{"@type":"ListItem","position":2,"name":"Az\u0259rbaycan Milli \u0130stiqlal Partiyas\u0131n\u0131n Qurultaylar\u0131"}]},{"@type":"WebSite","@id":"https:\/\/amip.az\/az\/#website","url":"https:\/\/amip.az\/az\/","name":"Az\u0259rbaycan Milli \u0130stiqlal Partiyas\u0131","description":"AM\u0130P","publisher":{"@id":"https:\/\/amip.az\/az\/#organization"},"potentialAction":[{"@type":"SearchAction","target":{"@type":"EntryPoint","urlTemplate":"https:\/\/amip.az\/az\/?s={search_term_string}"},"query-input":{"@type":"PropertyValueSpecification","valueRequired":true,"valueName":"search_term_string"}}],"inLanguage":"en-US"},{"@type":"Organization","@id":"https:\/\/amip.az\/az\/#organization","name":"Az\u0259rbaycan Milli \u0130stiqlal Partiyas\u0131","url":"https:\/\/amip.az\/az\/","logo":{"@type":"ImageObject","inLanguage":"en-US","@id":"https:\/\/amip.az\/az\/#\/schema\/logo\/image\/","url":"https:\/\/amip.az\/wp-content\/uploads\/2023\/06\/amiplogo.png","contentUrl":"https:\/\/amip.az\/wp-content\/uploads\/2023\/06\/amiplogo.png","width":723,"height":423,"caption":"Az\u0259rbaycan Milli \u0130stiqlal Partiyas\u0131"},"image":{"@id":"https:\/\/amip.az\/az\/#\/schema\/logo\/image\/"},"sameAs":["https:\/\/www.facebook.com\/istiqlal91","https:\/\/x.com\/APartiyas","https:\/\/www.youtube.com\/channel\/UCF3pc8spko_xON2sr4vUC5A"]}]}},"_links":{"self":[{"href":"https:\/\/amip.az\/en\/wp-json\/wp\/v2\/pages\/4705","targetHints":{"allow":["GET"]}}],"collection":[{"href":"https:\/\/amip.az\/en\/wp-json\/wp\/v2\/pages"}],"about":[{"href":"https:\/\/amip.az\/en\/wp-json\/wp\/v2\/types\/page"}],"author":[{"embeddable":true,"href":"https:\/\/amip.az\/en\/wp-json\/wp\/v2\/users\/1"}],"replies":[{"embeddable":true,"href":"https:\/\/amip.az\/en\/wp-json\/wp\/v2\/comments?post=4705"}],"version-history":[{"count":9,"href":"https:\/\/amip.az\/en\/wp-json\/wp\/v2\/pages\/4705\/revisions"}],"predecessor-version":[{"id":10021,"href":"https:\/\/amip.az\/en\/wp-json\/wp\/v2\/pages\/4705\/revisions\/10021"}],"wp:attachment":[{"href":"https:\/\/amip.az\/en\/wp-json\/wp\/v2\/media?parent=4705"}],"curies":[{"name":"wp","href":"https:\/\/api.w.org\/{rel}","templated":true}]}}