{"id":4716,"date":"2022-06-18T22:15:02","date_gmt":"2022-06-18T18:15:02","guid":{"rendered":"https:\/\/vtstrt.mediadesigntech.com\/?page_id=4716"},"modified":"2022-07-18T09:46:29","modified_gmt":"2022-07-18T05:46:29","slug":"az%c9%99rbaycan-milli-istiqlal-partiyasinin-tarixi","status":"publish","type":"page","link":"https:\/\/amip.az\/en\/az%c9%99rbaycan-milli-istiqlal-partiyasinin-tarixi\/","title":{"rendered":"National Independence Party of Azerbaijan"},"content":{"rendered":"<p>National Independence Party of Azerbaijan (NIPA) was founded on 3-4 July, 1992 and was officially registered in the Justice Ministry on 17 July in the same year. Thus, multi-party system was set up in the history of contemporary Azerbaijan after 70 years with that.<\/p>\n\n\n\n<figure class=\"wp-block-image size-large\"><img loading=\"lazy\" decoding=\"async\" width=\"1024\" height=\"756\" src=\"https:\/\/amip.az\/wp-content\/uploads\/2022\/06\/amip_qurultay-1024x756.jpg\" alt=\"Az\u0259rbaycan Milli \u0130stiqlal Partiyas\u0131\" class=\"wp-image-4816\" srcset=\"https:\/\/amip.az\/wp-content\/uploads\/2022\/06\/amip_qurultay-1024x756.jpg 1024w, https:\/\/amip.az\/wp-content\/uploads\/2022\/06\/amip_qurultay-300x222.jpg 300w, https:\/\/amip.az\/wp-content\/uploads\/2022\/06\/amip_qurultay-768x567.jpg 768w, https:\/\/amip.az\/wp-content\/uploads\/2022\/06\/amip_qurultay-16x12.jpg 16w, https:\/\/amip.az\/wp-content\/uploads\/2022\/06\/amip_qurultay.jpg 1193w\" sizes=\"auto, (max-width: 1024px) 100vw, 1024px\" \/><\/figure>\n\n\n\n<p>At the same time NIPA is the first political organization which struggled for political power. The party has local branches in 73 regions of the country and has more than 40 000 members. NIPA is one of leading parties playing an important role in public and social life of Azerbaijan and going through the processes.<\/p>\n\n\n\n<p>NIPA Leader, Mr. Etibar Mammadov was one of leading faces of Azerbaijani national freedom movement. He was arrested while holding a press conference in Moscow City, capital of former USSR on 26 January, 1992, on 20 January, 1990 massacres committed by the Soviet Empire in Baku and detained in Lefortovo prison.<\/p>\n\n\n\n<figure class=\"wp-block-image size-large\"><img loading=\"lazy\" decoding=\"async\" width=\"1024\" height=\"741\" src=\"https:\/\/amip.az\/wp-content\/uploads\/2022\/06\/Azadliq-meydani-xalq-1024x741.jpg\" alt=\"Az\u0259rbaycan Milli \u0130stiqlal Partiyas\u0131\" class=\"wp-image-4819\" srcset=\"https:\/\/amip.az\/wp-content\/uploads\/2022\/06\/Azadliq-meydani-xalq-1024x741.jpg 1024w, https:\/\/amip.az\/wp-content\/uploads\/2022\/06\/Azadliq-meydani-xalq-300x217.jpg 300w, https:\/\/amip.az\/wp-content\/uploads\/2022\/06\/Azadliq-meydani-xalq-768x556.jpg 768w, https:\/\/amip.az\/wp-content\/uploads\/2022\/06\/Azadliq-meydani-xalq-18x12.jpg 18w, https:\/\/amip.az\/wp-content\/uploads\/2022\/06\/Azadliq-meydani-xalq-308x224.jpg 308w, https:\/\/amip.az\/wp-content\/uploads\/2022\/06\/Azadliq-meydani-xalq.jpg 1493w\" sizes=\"auto, (max-width: 1024px) 100vw, 1024px\" \/><\/figure>\n\n\n\n<p>National Independence Party of Azerbaijan took part in all elections held in the country and gained numerous successes since the Party considers elections one of basic principles of democracy. NIPA Leader, Mr. Etibar Mammadov took his candidacy back in 1992 presidential elections. NIPA cleared 8% barrier in 1995 parliamentary elections despite all obstacles of the government and was represented in the Supreme Legislative Body. NIPA candidate Mr. Etibar Mammadov confirmed his great electorate and influence once again by gaining over 1 million votes of country citizens being alternative to former president Haydar Aliyev on 12 November 1998.<\/p>\n\n\n\n<figure class=\"wp-block-image size-large\"><img loading=\"lazy\" decoding=\"async\" width=\"1024\" height=\"686\" src=\"https:\/\/amip.az\/wp-content\/uploads\/2022\/06\/F1510023-1024x686.jpg\" alt=\"Az\u0259rbaycan Milli \u0130stiqlal Partiyas\u0131\" class=\"wp-image-4818\" srcset=\"https:\/\/amip.az\/wp-content\/uploads\/2022\/06\/F1510023-1024x686.jpg 1024w, https:\/\/amip.az\/wp-content\/uploads\/2022\/06\/F1510023-300x201.jpg 300w, https:\/\/amip.az\/wp-content\/uploads\/2022\/06\/F1510023-768x514.jpg 768w, https:\/\/amip.az\/wp-content\/uploads\/2022\/06\/F1510023-1536x1028.jpg 1536w, https:\/\/amip.az\/wp-content\/uploads\/2022\/06\/F1510023-18x12.jpg 18w, https:\/\/amip.az\/wp-content\/uploads\/2022\/06\/F1510023.jpg 1613w\" sizes=\"auto, (max-width: 1024px) 100vw, 1024px\" \/><\/figure>\n\n\n\n<p>In 1999 NIPA boycotted the Municipal Elections since there wasn\u2019t democratic election atmosphere and the lack of equal competetiveness opportunities.<\/p>\n\n\n\n<p>Although NIPA gained success in 2000 parliamentary elections, the party couldn\u2019t get a mandate to the parliament because the government had totally falsified the elections. E. Mammadov participated at the elections as the candidate of \u201cQelebe\u201d (victory) bloc established within NIPA during 15 October 2003 Presidential elections, despite that all the election results were falsified by the government, according to the results out of the official protocols Mr Mammadov was the third at those elections.<\/p>\n\n\n\n<p>NIPA which joined 2004 municipal elections occupied the second place after New Azerbaijan Party, the most influential party in the country for number of all municipal members.<\/p>\n\n\n\n<figure class=\"wp-block-image size-large\"><img loading=\"lazy\" decoding=\"async\" width=\"1024\" height=\"686\" src=\"https:\/\/amip.az\/wp-content\/uploads\/2022\/06\/F1060011-1024x686.jpg\" alt=\"Az\u0259rbaycan Milli \u0130stiqlal Partiyas\u0131\" class=\"wp-image-4821\" srcset=\"https:\/\/amip.az\/wp-content\/uploads\/2022\/06\/F1060011-1024x686.jpg 1024w, https:\/\/amip.az\/wp-content\/uploads\/2022\/06\/F1060011-300x201.jpg 300w, https:\/\/amip.az\/wp-content\/uploads\/2022\/06\/F1060011-768x514.jpg 768w, https:\/\/amip.az\/wp-content\/uploads\/2022\/06\/F1060011-1536x1028.jpg 1536w, https:\/\/amip.az\/wp-content\/uploads\/2022\/06\/F1060011-18x12.jpg 18w, https:\/\/amip.az\/wp-content\/uploads\/2022\/06\/F1060011.jpg 1613w\" sizes=\"auto, (max-width: 1024px) 100vw, 1024px\" \/><\/figure>\n\n\n\n<p>In 2005 parliamentary elections NIPA was one of the three parties creating the \u201cYeni Siyaset\u201d (new policy) election bloc and nominated 54 candidates from 125 constituencies of the country. Nevertheless, the party members haven\u2019t received a mandate to the parliament, the candidacy of two MPs were nominated by NIPA.<\/p>\n\n\n\n<p>NIPA has wide-scale international relations. Thus, NIPA has been closely collaborating with the International Democrat Union since 1995, an organization which unites 82 center right parties from 63 countries in the world, the party entered the organization as an associative member in 1996. NIPA became a full member of IDU in May, 1999. NIPA leader Mr Etibar Mammadov was elected a vice-chairman of this authoritative organization in 2003. NIPA also has been collaborating with European People\u2019s Party, a big fraction at the European Parliament for many years.<\/p>\n\n\n\n<figure class=\"wp-block-image size-large\"><img loading=\"lazy\" decoding=\"async\" width=\"1024\" height=\"676\" src=\"https:\/\/amip.az\/wp-content\/uploads\/2022\/06\/BDi-den-gorushden-1024x676.jpg\" alt=\"Az\u0259rbaycan Milli \u0130stiqlal Partiyas\u0131\" class=\"wp-image-4820\" srcset=\"https:\/\/amip.az\/wp-content\/uploads\/2022\/06\/BDi-den-gorushden-1024x676.jpg 1024w, https:\/\/amip.az\/wp-content\/uploads\/2022\/06\/BDi-den-gorushden-300x198.jpg 300w, https:\/\/amip.az\/wp-content\/uploads\/2022\/06\/BDi-den-gorushden-768x507.jpg 768w, https:\/\/amip.az\/wp-content\/uploads\/2022\/06\/BDi-den-gorushden-18x12.jpg 18w, https:\/\/amip.az\/wp-content\/uploads\/2022\/06\/BDi-den-gorushden.jpg 1176w\" sizes=\"auto, (max-width: 1024px) 100vw, 1024px\" \/><\/figure>\n\n\n\n<p>The supreme goal of the party is to achieve the unity and integrity of citizens, families, society and state uniting the principles of nationality and contemporaneity in thoughts, conservativeness in customs, traditions and morality, liberality in economy, justice in social life.<\/p>\n\n\n\n<p>NIPA struggles consecutively for building democracy and legal society and protection of human freedoms in the country, in this regard hundreds of members, supporters of NIPA have been subjected to punishment.<\/p>\n\n\n\n<p>The author of the NIPA emblem is Mr Etibar Mammadov, the founder of the party, nowadays is the NIPA leader. The party\u2019s emblem contains a circular green garland, followed by a red circle, inside that a white half-moon against the blue background, an octagonal star and an arrow that symbolizes the party\u2019s basic principles. These principles are \u2013 patriotism (Azerbaijanism), liberty, national statehood, nationality, pioneering- contemporaneity and independency. The blue, red and green colors in the emblem symbolize the flag of Azerbaijan. The half-moon and star also refer to the flag of Azerbaijan.<\/p>\n\n\n\n<p>The flag of the party is made from white silk fabric which has party\u2019s emblem on it.<\/p>\n\n\n\n<figure class=\"wp-block-image size-full\"><img loading=\"lazy\" decoding=\"async\" width=\"960\" height=\"530\" src=\"https:\/\/amip.az\/wp-content\/uploads\/2022\/06\/Emblem_of_Azerbaijan_National_Independence_Party_logo_01_530-1.png\" alt=\"Az\u0259rbaycan Milli \u0130stiqlal Partiyas\u0131\" class=\"wp-image-4822\" srcset=\"https:\/\/amip.az\/wp-content\/uploads\/2022\/06\/Emblem_of_Azerbaijan_National_Independence_Party_logo_01_530-1.png 960w, https:\/\/amip.az\/wp-content\/uploads\/2022\/06\/Emblem_of_Azerbaijan_National_Independence_Party_logo_01_530-1-300x166.png 300w, https:\/\/amip.az\/wp-content\/uploads\/2022\/06\/Emblem_of_Azerbaijan_National_Independence_Party_logo_01_530-1-768x424.png 768w, https:\/\/amip.az\/wp-content\/uploads\/2022\/06\/Emblem_of_Azerbaijan_National_Independence_Party_logo_01_530-1-18x10.png 18w\" sizes=\"auto, (max-width: 960px) 100vw, 960px\" \/><\/figure>\n\n\n\n<p>NIPA sometime had even better headquarters than the ruling party has now. Nowadays NIPA\u2019s central headquarters is located at: Yasamal Distirct, 177 Shafayat Mehdiyev St, 15th floor.<\/p>\n\n\n\n<p>AM\u0130P eyni zamanda siyasi hakimiyy\u0259t u\u011frunda m\u00fcbariz\u0259 apard\u0131\u011f\u0131n\u0131 elan ed\u0259n ilk siyasi t\u0259\u015fkilatd\u0131r. \u00d6lk\u0259nin 73 rayonunda yerli t\u0259\u015fkilatlar\u0131 olan AM\u0130P-in minl\u0259rl\u0259 \u00fczv\u00fc var.<\/p>\n\n\n\n<p>Partiya Az\u0259rbaycan\u0131n ictimai-siyasi h\u0259yat\u0131nda m\u00fch\u00fcm rol oynayan v\u0259 prosesl\u0259r\u0259 n\u00fcfuz ed\u0259n apar\u0131c\u0131 partiyalardan biridir.<\/p>","protected":false},"excerpt":{"rendered":"<p>Az\u0259rbaycan Milli \u0130stiqlal Partiyas\u0131 (AM\u0130P) 3-4 iyul 1992-ci ild\u0259 t\u0259sis edilmi\u015f, 17 iyul 1992-ci ild\u0259 \u018fdliyy\u0259 Nazirliyind\u0259n ilk r\u0259smi qeydiyyatdan ke\u00e7ib. Bununla da, m\u00fcasir Az\u0259rbaycan tarixind\u0259 70 ild\u0259n sonra \u00e7oxpartiyal\u0131 sistemin \u0259sas\u0131 qoyuldu. AM\u0130P eyni zamanda siyasi hakimiyy\u0259t u\u011frunda m\u00fcbariz\u0259 apard\u0131\u011f\u0131n\u0131 elan ed\u0259n ilk siyasi t\u0259\u015fkilatd\u0131r. \u00d6lk\u0259nin 73 rayonunda yerli t\u0259\u015fkilatlar\u0131 olan AM\u0130P-in 40 mind\u0259n \u00e7ox \u00fczv\u00fc var. Partiya Az\u0259rbaycan\u0131n ictimai-siyasi h\u0259yat\u0131nda m\u00fch\u00fcm rol oynayan v\u0259 prosesl\u0259r\u0259 n\u00fcfuz ed\u0259n apar\u0131c\u0131 partiyalardan biridir. AM\u0130P Lideri E. M\u0259mm\u0259dov Milli Azadl\u0131q H\u0259r\u0259kat\u0131n\u0131n \u00f6nc\u00fcll\u0259rind\u0259n biri olmu\u015f v\u0259 1990-c\u0131 [&hellip;]<\/p>","protected":false},"author":1,"featured_media":0,"parent":0,"menu_order":0,"comment_status":"closed","ping_status":"closed","template":"","meta":{"footnotes":""},"class_list":["post-4716","page","type-page","status-publish","hentry"],"yoast_head":"<!-- This site is optimized with the Yoast SEO plugin v23.8 - https:\/\/yoast.com\/wordpress\/plugins\/seo\/ -->\n<title>Az\u0259rbaycan Milli \u0130stiqlal Partiyas\u0131n\u0131n tarixi - Az\u0259rbaycan Milli \u0130stiqlal Partiyas\u0131<\/title>\n<meta name=\"robots\" content=\"index, follow, max-snippet:-1, max-image-preview:large, max-video-preview:-1\" \/>\n<link rel=\"canonical\" href=\"https:\/\/amip.az\/en\/az\u0259rbaycan-milli-istiqlal-partiyasinin-tarixi\/\" \/>\n<meta property=\"og:locale\" content=\"en_US\" \/>\n<meta property=\"og:type\" content=\"article\" \/>\n<meta property=\"og:title\" content=\"Az\u0259rbaycan Milli \u0130stiqlal Partiyas\u0131n\u0131n tarixi - Az\u0259rbaycan Milli \u0130stiqlal Partiyas\u0131\" \/>\n<meta property=\"og:description\" content=\"Az\u0259rbaycan Milli \u0130stiqlal Partiyas\u0131 (AM\u0130P) 3-4 iyul 1992-ci ild\u0259 t\u0259sis edilmi\u015f, 17 iyul 1992-ci ild\u0259 \u018fdliyy\u0259 Nazirliyind\u0259n ilk r\u0259smi qeydiyyatdan ke\u00e7ib. Bununla da, m\u00fcasir Az\u0259rbaycan tarixind\u0259 70 ild\u0259n sonra \u00e7oxpartiyal\u0131 sistemin \u0259sas\u0131 qoyuldu. AM\u0130P eyni zamanda siyasi hakimiyy\u0259t u\u011frunda m\u00fcbariz\u0259 apard\u0131\u011f\u0131n\u0131 elan ed\u0259n ilk siyasi t\u0259\u015fkilatd\u0131r. \u00d6lk\u0259nin 73 rayonunda yerli t\u0259\u015fkilatlar\u0131 olan AM\u0130P-in 40 mind\u0259n \u00e7ox \u00fczv\u00fc var. Partiya Az\u0259rbaycan\u0131n ictimai-siyasi h\u0259yat\u0131nda m\u00fch\u00fcm rol oynayan v\u0259 prosesl\u0259r\u0259 n\u00fcfuz ed\u0259n apar\u0131c\u0131 partiyalardan biridir. AM\u0130P Lideri E. M\u0259mm\u0259dov Milli Azadl\u0131q H\u0259r\u0259kat\u0131n\u0131n \u00f6nc\u00fcll\u0259rind\u0259n biri olmu\u015f v\u0259 1990-c\u0131 [&hellip;]\" \/>\n<meta property=\"og:url\" content=\"https:\/\/amip.az\/en\/az\u0259rbaycan-milli-istiqlal-partiyasinin-tarixi\/\" \/>\n<meta property=\"og:site_name\" content=\"Az\u0259rbaycan Milli \u0130stiqlal Partiyas\u0131\" \/>\n<meta property=\"article:publisher\" content=\"https:\/\/www.facebook.com\/istiqlal91\" \/>\n<meta property=\"article:modified_time\" content=\"2022-07-18T05:46:29+00:00\" \/>\n<meta property=\"og:image\" content=\"https:\/\/amip.az\/wp-content\/uploads\/2022\/06\/amip_qurultay-1024x756.jpg\" \/>\n<meta name=\"twitter:card\" content=\"summary_large_image\" \/>\n<meta name=\"twitter:site\" content=\"@APartiyas\" \/>\n<meta name=\"twitter:label1\" content=\"Est. reading time\" \/>\n\t<meta name=\"twitter:data1\" content=\"5 minutes\" \/>\n<script type=\"application\/ld+json\" class=\"yoast-schema-graph\">{\"@context\":\"https:\/\/schema.org\",\"@graph\":[{\"@type\":\"WebPage\",\"@id\":\"https:\/\/amip.az\/az%c9%99rbaycan-milli-istiqlal-partiyasinin-tarixi\/\",\"url\":\"https:\/\/amip.az\/az%c9%99rbaycan-milli-istiqlal-partiyasinin-tarixi\/\",\"name\":\"Az\u0259rbaycan Milli \u0130stiqlal Partiyas\u0131n\u0131n tarixi - Az\u0259rbaycan Milli \u0130stiqlal Partiyas\u0131\",\"isPartOf\":{\"@id\":\"https:\/\/amip.az\/az\/#website\"},\"primaryImageOfPage\":{\"@id\":\"https:\/\/amip.az\/az%c9%99rbaycan-milli-istiqlal-partiyasinin-tarixi\/#primaryimage\"},\"image\":{\"@id\":\"https:\/\/amip.az\/az%c9%99rbaycan-milli-istiqlal-partiyasinin-tarixi\/#primaryimage\"},\"thumbnailUrl\":\"https:\/\/amip.az\/wp-content\/uploads\/2022\/06\/amip_qurultay-1024x756.jpg\",\"datePublished\":\"2022-06-18T18:15:02+00:00\",\"dateModified\":\"2022-07-18T05:46:29+00:00\",\"breadcrumb\":{\"@id\":\"https:\/\/amip.az\/az%c9%99rbaycan-milli-istiqlal-partiyasinin-tarixi\/#breadcrumb\"},\"inLanguage\":\"en-US\",\"potentialAction\":[{\"@type\":\"ReadAction\",\"target\":[\"https:\/\/amip.az\/az%c9%99rbaycan-milli-istiqlal-partiyasinin-tarixi\/\"]}]},{\"@type\":\"ImageObject\",\"inLanguage\":\"en-US\",\"@id\":\"https:\/\/amip.az\/az%c9%99rbaycan-milli-istiqlal-partiyasinin-tarixi\/#primaryimage\",\"url\":\"https:\/\/amip.az\/wp-content\/uploads\/2022\/06\/amip_qurultay-1024x756.jpg\",\"contentUrl\":\"https:\/\/amip.az\/wp-content\/uploads\/2022\/06\/amip_qurultay-1024x756.jpg\"},{\"@type\":\"BreadcrumbList\",\"@id\":\"https:\/\/amip.az\/az%c9%99rbaycan-milli-istiqlal-partiyasinin-tarixi\/#breadcrumb\",\"itemListElement\":[{\"@type\":\"ListItem\",\"position\":1,\"name\":\"Home\",\"item\":\"https:\/\/amip.az\/\"},{\"@type\":\"ListItem\",\"position\":2,\"name\":\"Az\u0259rbaycan Milli \u0130stiqlal Partiyas\u0131n\u0131n tarixi\"}]},{\"@type\":\"WebSite\",\"@id\":\"https:\/\/amip.az\/az\/#website\",\"url\":\"https:\/\/amip.az\/az\/\",\"name\":\"Az\u0259rbaycan Milli \u0130stiqlal Partiyas\u0131\",\"description\":\"AM\u0130P\",\"publisher\":{\"@id\":\"https:\/\/amip.az\/az\/#organization\"},\"potentialAction\":[{\"@type\":\"SearchAction\",\"target\":{\"@type\":\"EntryPoint\",\"urlTemplate\":\"https:\/\/amip.az\/az\/?s={search_term_string}\"},\"query-input\":{\"@type\":\"PropertyValueSpecification\",\"valueRequired\":true,\"valueName\":\"search_term_string\"}}],\"inLanguage\":\"en-US\"},{\"@type\":\"Organization\",\"@id\":\"https:\/\/amip.az\/az\/#organization\",\"name\":\"Az\u0259rbaycan Milli \u0130stiqlal Partiyas\u0131\",\"url\":\"https:\/\/amip.az\/az\/\",\"logo\":{\"@type\":\"ImageObject\",\"inLanguage\":\"en-US\",\"@id\":\"https:\/\/amip.az\/az\/#\/schema\/logo\/image\/\",\"url\":\"https:\/\/amip.az\/wp-content\/uploads\/2023\/06\/amiplogo.png\",\"contentUrl\":\"https:\/\/amip.az\/wp-content\/uploads\/2023\/06\/amiplogo.png\",\"width\":723,\"height\":423,\"caption\":\"Az\u0259rbaycan Milli \u0130stiqlal Partiyas\u0131\"},\"image\":{\"@id\":\"https:\/\/amip.az\/az\/#\/schema\/logo\/image\/\"},\"sameAs\":[\"https:\/\/www.facebook.com\/istiqlal91\",\"https:\/\/x.com\/APartiyas\",\"https:\/\/www.youtube.com\/channel\/UCF3pc8spko_xON2sr4vUC5A\"]}]}<\/script>\n<!-- \/ Yoast SEO plugin. -->","yoast_head_json":{"title":"Az\u0259rbaycan Milli \u0130stiqlal Partiyas\u0131n\u0131n tarixi - Az\u0259rbaycan Milli \u0130stiqlal Partiyas\u0131","robots":{"index":"index","follow":"follow","max-snippet":"max-snippet:-1","max-image-preview":"max-image-preview:large","max-video-preview":"max-video-preview:-1"},"canonical":"https:\/\/amip.az\/en\/az\u0259rbaycan-milli-istiqlal-partiyasinin-tarixi\/","og_locale":"en_US","og_type":"article","og_title":"Az\u0259rbaycan Milli \u0130stiqlal Partiyas\u0131n\u0131n tarixi - Az\u0259rbaycan Milli \u0130stiqlal Partiyas\u0131","og_description":"Az\u0259rbaycan Milli \u0130stiqlal Partiyas\u0131 (AM\u0130P) 3-4 iyul 1992-ci ild\u0259 t\u0259sis edilmi\u015f, 17 iyul 1992-ci ild\u0259 \u018fdliyy\u0259 Nazirliyind\u0259n ilk r\u0259smi qeydiyyatdan ke\u00e7ib. Bununla da, m\u00fcasir Az\u0259rbaycan tarixind\u0259 70 ild\u0259n sonra \u00e7oxpartiyal\u0131 sistemin \u0259sas\u0131 qoyuldu. AM\u0130P eyni zamanda siyasi hakimiyy\u0259t u\u011frunda m\u00fcbariz\u0259 apard\u0131\u011f\u0131n\u0131 elan ed\u0259n ilk siyasi t\u0259\u015fkilatd\u0131r. \u00d6lk\u0259nin 73 rayonunda yerli t\u0259\u015fkilatlar\u0131 olan AM\u0130P-in 40 mind\u0259n \u00e7ox \u00fczv\u00fc var. Partiya Az\u0259rbaycan\u0131n ictimai-siyasi h\u0259yat\u0131nda m\u00fch\u00fcm rol oynayan v\u0259 prosesl\u0259r\u0259 n\u00fcfuz ed\u0259n apar\u0131c\u0131 partiyalardan biridir. AM\u0130P Lideri E. M\u0259mm\u0259dov Milli Azadl\u0131q H\u0259r\u0259kat\u0131n\u0131n \u00f6nc\u00fcll\u0259rind\u0259n biri olmu\u015f v\u0259 1990-c\u0131 [&hellip;]","og_url":"https:\/\/amip.az\/en\/az\u0259rbaycan-milli-istiqlal-partiyasinin-tarixi\/","og_site_name":"Az\u0259rbaycan Milli \u0130stiqlal Partiyas\u0131","article_publisher":"https:\/\/www.facebook.com\/istiqlal91","article_modified_time":"2022-07-18T05:46:29+00:00","og_image":[{"url":"https:\/\/amip.az\/wp-content\/uploads\/2022\/06\/amip_qurultay-1024x756.jpg"}],"twitter_card":"summary_large_image","twitter_site":"@APartiyas","twitter_misc":{"Est. reading time":"5 minutes"},"schema":{"@context":"https:\/\/schema.org","@graph":[{"@type":"WebPage","@id":"https:\/\/amip.az\/az%c9%99rbaycan-milli-istiqlal-partiyasinin-tarixi\/","url":"https:\/\/amip.az\/az%c9%99rbaycan-milli-istiqlal-partiyasinin-tarixi\/","name":"Az\u0259rbaycan Milli \u0130stiqlal Partiyas\u0131n\u0131n tarixi - Az\u0259rbaycan Milli \u0130stiqlal Partiyas\u0131","isPartOf":{"@id":"https:\/\/amip.az\/az\/#website"},"primaryImageOfPage":{"@id":"https:\/\/amip.az\/az%c9%99rbaycan-milli-istiqlal-partiyasinin-tarixi\/#primaryimage"},"image":{"@id":"https:\/\/amip.az\/az%c9%99rbaycan-milli-istiqlal-partiyasinin-tarixi\/#primaryimage"},"thumbnailUrl":"https:\/\/amip.az\/wp-content\/uploads\/2022\/06\/amip_qurultay-1024x756.jpg","datePublished":"2022-06-18T18:15:02+00:00","dateModified":"2022-07-18T05:46:29+00:00","breadcrumb":{"@id":"https:\/\/amip.az\/az%c9%99rbaycan-milli-istiqlal-partiyasinin-tarixi\/#breadcrumb"},"inLanguage":"en-US","potentialAction":[{"@type":"ReadAction","target":["https:\/\/amip.az\/az%c9%99rbaycan-milli-istiqlal-partiyasinin-tarixi\/"]}]},{"@type":"ImageObject","inLanguage":"en-US","@id":"https:\/\/amip.az\/az%c9%99rbaycan-milli-istiqlal-partiyasinin-tarixi\/#primaryimage","url":"https:\/\/amip.az\/wp-content\/uploads\/2022\/06\/amip_qurultay-1024x756.jpg","contentUrl":"https:\/\/amip.az\/wp-content\/uploads\/2022\/06\/amip_qurultay-1024x756.jpg"},{"@type":"BreadcrumbList","@id":"https:\/\/amip.az\/az%c9%99rbaycan-milli-istiqlal-partiyasinin-tarixi\/#breadcrumb","itemListElement":[{"@type":"ListItem","position":1,"name":"Home","item":"https:\/\/amip.az\/"},{"@type":"ListItem","position":2,"name":"Az\u0259rbaycan Milli \u0130stiqlal Partiyas\u0131n\u0131n tarixi"}]},{"@type":"WebSite","@id":"https:\/\/amip.az\/az\/#website","url":"https:\/\/amip.az\/az\/","name":"Az\u0259rbaycan Milli \u0130stiqlal Partiyas\u0131","description":"AM\u0130P","publisher":{"@id":"https:\/\/amip.az\/az\/#organization"},"potentialAction":[{"@type":"SearchAction","target":{"@type":"EntryPoint","urlTemplate":"https:\/\/amip.az\/az\/?s={search_term_string}"},"query-input":{"@type":"PropertyValueSpecification","valueRequired":true,"valueName":"search_term_string"}}],"inLanguage":"en-US"},{"@type":"Organization","@id":"https:\/\/amip.az\/az\/#organization","name":"Az\u0259rbaycan Milli \u0130stiqlal Partiyas\u0131","url":"https:\/\/amip.az\/az\/","logo":{"@type":"ImageObject","inLanguage":"en-US","@id":"https:\/\/amip.az\/az\/#\/schema\/logo\/image\/","url":"https:\/\/amip.az\/wp-content\/uploads\/2023\/06\/amiplogo.png","contentUrl":"https:\/\/amip.az\/wp-content\/uploads\/2023\/06\/amiplogo.png","width":723,"height":423,"caption":"Az\u0259rbaycan Milli \u0130stiqlal Partiyas\u0131"},"image":{"@id":"https:\/\/amip.az\/az\/#\/schema\/logo\/image\/"},"sameAs":["https:\/\/www.facebook.com\/istiqlal91","https:\/\/x.com\/APartiyas","https:\/\/www.youtube.com\/channel\/UCF3pc8spko_xON2sr4vUC5A"]}]}},"_links":{"self":[{"href":"https:\/\/amip.az\/en\/wp-json\/wp\/v2\/pages\/4716","targetHints":{"allow":["GET"]}}],"collection":[{"href":"https:\/\/amip.az\/en\/wp-json\/wp\/v2\/pages"}],"about":[{"href":"https:\/\/amip.az\/en\/wp-json\/wp\/v2\/types\/page"}],"author":[{"embeddable":true,"href":"https:\/\/amip.az\/en\/wp-json\/wp\/v2\/users\/1"}],"replies":[{"embeddable":true,"href":"https:\/\/amip.az\/en\/wp-json\/wp\/v2\/comments?post=4716"}],"version-history":[{"count":8,"href":"https:\/\/amip.az\/en\/wp-json\/wp\/v2\/pages\/4716\/revisions"}],"predecessor-version":[{"id":5324,"href":"https:\/\/amip.az\/en\/wp-json\/wp\/v2\/pages\/4716\/revisions\/5324"}],"wp:attachment":[{"href":"https:\/\/amip.az\/en\/wp-json\/wp\/v2\/media?parent=4716"}],"curies":[{"name":"wp","href":"https:\/\/api.w.org\/{rel}","templated":true}]}}