{"id":4775,"date":"2022-06-22T11:16:28","date_gmt":"2022-06-22T07:16:28","guid":{"rendered":"https:\/\/vtstrt.mediadesigntech.com\/?page_id=4775"},"modified":"2022-07-18T09:48:03","modified_gmt":"2022-07-18T05:48:03","slug":"az%c9%99rbaycan-milli-istiqlal-partiyasi-s%c9%99drinin-musaviri","status":"publish","type":"page","link":"https:\/\/amip.az\/en\/az%c9%99rbaycan-milli-istiqlal-partiyasi-s%c9%99drinin-musaviri\/","title":{"rendered":"Councilor of Chairman of National Independence Party of Azerbaijan"},"content":{"rendered":"<figure class=\"wp-block-image size-full\"><img loading=\"lazy\" decoding=\"async\" width=\"864\" height=\"646\" src=\"https:\/\/amip.az\/wp-content\/uploads\/2022\/06\/amip_nazim_samkamal_oglu_bayramov_01_640.jpg\" alt=\"Nazim Samkamal o\u011flu Bayramov\" class=\"wp-image-4776\" srcset=\"https:\/\/amip.az\/wp-content\/uploads\/2022\/06\/amip_nazim_samkamal_oglu_bayramov_01_640.jpg 864w, https:\/\/amip.az\/wp-content\/uploads\/2022\/06\/amip_nazim_samkamal_oglu_bayramov_01_640-300x224.jpg 300w, https:\/\/amip.az\/wp-content\/uploads\/2022\/06\/amip_nazim_samkamal_oglu_bayramov_01_640-768x574.jpg 768w, https:\/\/amip.az\/wp-content\/uploads\/2022\/06\/amip_nazim_samkamal_oglu_bayramov_01_640-16x12.jpg 16w\" sizes=\"auto, (max-width: 864px) 100vw, 864px\" \/><\/figure>\n\n\n\n<p>Nazim Samkamal Bayramov was born on July 31, 1963 in Gusar region.<\/p>\n\n\n\n<p>In 1978 studied at the Baku Technical School of Railway Transport (now Baku State College of Communication and Transport).<\/p>\n\n\n\n<p>At present he works at Yalama Station of the Azerbaijan Railways.<\/p>\n\n\n\n<p>Since 1992 he\u2019s a NIPA member. He had joined the Movement which struggled for independence of Azerbaijan and distinguished with his combativeness. He was one of the active faces who participated at establishment of first party cells and regional branches of the party. He was periodically a member to the Constituency Commission and Precinct Election Commission. He was elected a representitve to the most Congresses of the party.<\/p>\n\n\n\n<p>In accordance with the Charter he was elected a Councilor of NIPA Chairman at the 11th Congress of the party in 2020.<\/p>\n\n\n\n<p>He\u2019s married, has three children.<\/p>","protected":false},"excerpt":{"rendered":"<p>Nazim Samkamal o\u011flu Bayramov 31 iyul 1963-c\u00fc ild\u0259 Qusar rayonunda anadan olub. 1978-ci ild\u0259 Bak\u0131 D\u0259mir Yolu N\u0259qliyyat Texnikumunda (Haz\u0131rda Az\u0259rbaycan Texniki Universitetinin n\u0259zdind\u0259 Bak\u0131 Rabit\u0259 v\u0259 N\u0259qliyyat Kolleci) t\u0259hsil al\u0131b. Hal-haz\u0131rda Az\u0259rbaycan D\u0259mir Yollar\u0131 Yalama stansiyas\u0131nda \u0259m\u0259k f\u0259aliyy\u0259tini davam etdirir. 1992-ci ild\u0259n AM\u0130P \u00fczv\u00fcd\u00fcr. Nazim Bayramov Az\u0259rbaycan\u0131n m\u00fcst\u0259qilliyi u\u011frunda ba\u015flanan h\u0259r\u0259kata qo\u015fularaq f\u0259all\u0131\u011f\u0131 il\u0259 se\u00e7ilmi\u015fdir. Partiyan\u0131n rayon t\u0259\u015fkilat\u0131n\u0131n formala\u015fmas\u0131nda, ilk \u00f6z\u0259kl\u0259rin qurulmas\u0131 i\u015find\u0259 yax\u0131ndan i\u015ftirak etmi\u015fdir. M\u00fcxt\u0259lif ill\u0259rd\u0259 Dair\u0259 Se\u00e7ki Komissiyas\u0131nda, M\u0259nt\u0259q\u0259 Se\u00e7ki Komissiyas\u0131n\u0131n \u00fczv\u00fc olmu\u015fdur. Partiyan\u0131n \u0259ks\u0259r Qurultaylar\u0131na n\u00fcmay\u0259nd\u0259 se\u00e7ilmi\u015fdir. 2020-ci ild\u0259n [&hellip;]<\/p>","protected":false},"author":1,"featured_media":0,"parent":0,"menu_order":0,"comment_status":"closed","ping_status":"closed","template":"","meta":{"footnotes":""},"class_list":["post-4775","page","type-page","status-publish","hentry"],"yoast_head":"<!-- This site is optimized with the Yoast SEO plugin v23.8 - https:\/\/yoast.com\/wordpress\/plugins\/seo\/ -->\n<title>Az\u0259rbaycan Milli \u0130stiqlal Partiyas\u0131\u00a0s\u0259drinin m\u00fc\u015faviri - Az\u0259rbaycan Milli \u0130stiqlal Partiyas\u0131<\/title>\n<meta name=\"robots\" content=\"index, follow, max-snippet:-1, max-image-preview:large, max-video-preview:-1\" \/>\n<link rel=\"canonical\" href=\"https:\/\/amip.az\/en\/az\u0259rbaycan-milli-istiqlal-partiyasi-s\u0259drinin-musaviri\/\" \/>\n<meta property=\"og:locale\" content=\"en_US\" \/>\n<meta property=\"og:type\" content=\"article\" \/>\n<meta property=\"og:title\" content=\"Az\u0259rbaycan Milli \u0130stiqlal Partiyas\u0131\u00a0s\u0259drinin m\u00fc\u015faviri - Az\u0259rbaycan Milli \u0130stiqlal Partiyas\u0131\" \/>\n<meta property=\"og:description\" content=\"Nazim Samkamal o\u011flu Bayramov 31 iyul 1963-c\u00fc ild\u0259 Qusar rayonunda anadan olub. 1978-ci ild\u0259 Bak\u0131 D\u0259mir Yolu N\u0259qliyyat Texnikumunda (Haz\u0131rda Az\u0259rbaycan Texniki Universitetinin n\u0259zdind\u0259 Bak\u0131 Rabit\u0259 v\u0259 N\u0259qliyyat Kolleci) t\u0259hsil al\u0131b. Hal-haz\u0131rda Az\u0259rbaycan D\u0259mir Yollar\u0131 Yalama stansiyas\u0131nda \u0259m\u0259k f\u0259aliyy\u0259tini davam etdirir. 1992-ci ild\u0259n AM\u0130P \u00fczv\u00fcd\u00fcr. Nazim Bayramov Az\u0259rbaycan\u0131n m\u00fcst\u0259qilliyi u\u011frunda ba\u015flanan h\u0259r\u0259kata qo\u015fularaq f\u0259all\u0131\u011f\u0131 il\u0259 se\u00e7ilmi\u015fdir. Partiyan\u0131n rayon t\u0259\u015fkilat\u0131n\u0131n formala\u015fmas\u0131nda, ilk \u00f6z\u0259kl\u0259rin qurulmas\u0131 i\u015find\u0259 yax\u0131ndan i\u015ftirak etmi\u015fdir. M\u00fcxt\u0259lif ill\u0259rd\u0259 Dair\u0259 Se\u00e7ki Komissiyas\u0131nda, M\u0259nt\u0259q\u0259 Se\u00e7ki Komissiyas\u0131n\u0131n \u00fczv\u00fc olmu\u015fdur. Partiyan\u0131n \u0259ks\u0259r Qurultaylar\u0131na n\u00fcmay\u0259nd\u0259 se\u00e7ilmi\u015fdir. 2020-ci ild\u0259n [&hellip;]\" \/>\n<meta property=\"og:url\" content=\"https:\/\/amip.az\/en\/az\u0259rbaycan-milli-istiqlal-partiyasi-s\u0259drinin-musaviri\/\" \/>\n<meta property=\"og:site_name\" content=\"Az\u0259rbaycan Milli \u0130stiqlal Partiyas\u0131\" \/>\n<meta property=\"article:publisher\" content=\"https:\/\/www.facebook.com\/istiqlal91\" \/>\n<meta property=\"article:modified_time\" content=\"2022-07-18T05:48:03+00:00\" \/>\n<meta property=\"og:image\" content=\"https:\/\/amip.az\/wp-content\/uploads\/2022\/06\/amip_nazim_samkamal_oglu_bayramov_01_640.jpg\" \/>\n<meta name=\"twitter:card\" content=\"summary_large_image\" \/>\n<meta name=\"twitter:site\" content=\"@APartiyas\" \/>\n<meta name=\"twitter:label1\" content=\"Est. reading time\" \/>\n\t<meta name=\"twitter:data1\" content=\"1 minute\" \/>\n<script type=\"application\/ld+json\" class=\"yoast-schema-graph\">{\"@context\":\"https:\/\/schema.org\",\"@graph\":[{\"@type\":\"WebPage\",\"@id\":\"https:\/\/amip.az\/az%c9%99rbaycan-milli-istiqlal-partiyasi-s%c9%99drinin-musaviri\/\",\"url\":\"https:\/\/amip.az\/az%c9%99rbaycan-milli-istiqlal-partiyasi-s%c9%99drinin-musaviri\/\",\"name\":\"Az\u0259rbaycan Milli \u0130stiqlal Partiyas\u0131\u00a0s\u0259drinin m\u00fc\u015faviri - Az\u0259rbaycan Milli \u0130stiqlal Partiyas\u0131\",\"isPartOf\":{\"@id\":\"https:\/\/amip.az\/az\/#website\"},\"primaryImageOfPage\":{\"@id\":\"https:\/\/amip.az\/az%c9%99rbaycan-milli-istiqlal-partiyasi-s%c9%99drinin-musaviri\/#primaryimage\"},\"image\":{\"@id\":\"https:\/\/amip.az\/az%c9%99rbaycan-milli-istiqlal-partiyasi-s%c9%99drinin-musaviri\/#primaryimage\"},\"thumbnailUrl\":\"https:\/\/amip.az\/wp-content\/uploads\/2022\/06\/amip_nazim_samkamal_oglu_bayramov_01_640.jpg\",\"datePublished\":\"2022-06-22T07:16:28+00:00\",\"dateModified\":\"2022-07-18T05:48:03+00:00\",\"breadcrumb\":{\"@id\":\"https:\/\/amip.az\/az%c9%99rbaycan-milli-istiqlal-partiyasi-s%c9%99drinin-musaviri\/#breadcrumb\"},\"inLanguage\":\"en-US\",\"potentialAction\":[{\"@type\":\"ReadAction\",\"target\":[\"https:\/\/amip.az\/az%c9%99rbaycan-milli-istiqlal-partiyasi-s%c9%99drinin-musaviri\/\"]}]},{\"@type\":\"ImageObject\",\"inLanguage\":\"en-US\",\"@id\":\"https:\/\/amip.az\/az%c9%99rbaycan-milli-istiqlal-partiyasi-s%c9%99drinin-musaviri\/#primaryimage\",\"url\":\"https:\/\/amip.az\/wp-content\/uploads\/2022\/06\/amip_nazim_samkamal_oglu_bayramov_01_640.jpg\",\"contentUrl\":\"https:\/\/amip.az\/wp-content\/uploads\/2022\/06\/amip_nazim_samkamal_oglu_bayramov_01_640.jpg\"},{\"@type\":\"BreadcrumbList\",\"@id\":\"https:\/\/amip.az\/az%c9%99rbaycan-milli-istiqlal-partiyasi-s%c9%99drinin-musaviri\/#breadcrumb\",\"itemListElement\":[{\"@type\":\"ListItem\",\"position\":1,\"name\":\"Home\",\"item\":\"https:\/\/amip.az\/\"},{\"@type\":\"ListItem\",\"position\":2,\"name\":\"Az\u0259rbaycan Milli \u0130stiqlal Partiyas\u0131\u00a0s\u0259drinin m\u00fc\u015faviri\"}]},{\"@type\":\"WebSite\",\"@id\":\"https:\/\/amip.az\/az\/#website\",\"url\":\"https:\/\/amip.az\/az\/\",\"name\":\"Az\u0259rbaycan Milli \u0130stiqlal Partiyas\u0131\",\"description\":\"AM\u0130P\",\"publisher\":{\"@id\":\"https:\/\/amip.az\/az\/#organization\"},\"potentialAction\":[{\"@type\":\"SearchAction\",\"target\":{\"@type\":\"EntryPoint\",\"urlTemplate\":\"https:\/\/amip.az\/az\/?s={search_term_string}\"},\"query-input\":{\"@type\":\"PropertyValueSpecification\",\"valueRequired\":true,\"valueName\":\"search_term_string\"}}],\"inLanguage\":\"en-US\"},{\"@type\":\"Organization\",\"@id\":\"https:\/\/amip.az\/az\/#organization\",\"name\":\"Az\u0259rbaycan Milli \u0130stiqlal Partiyas\u0131\",\"url\":\"https:\/\/amip.az\/az\/\",\"logo\":{\"@type\":\"ImageObject\",\"inLanguage\":\"en-US\",\"@id\":\"https:\/\/amip.az\/az\/#\/schema\/logo\/image\/\",\"url\":\"https:\/\/amip.az\/wp-content\/uploads\/2023\/06\/amiplogo.png\",\"contentUrl\":\"https:\/\/amip.az\/wp-content\/uploads\/2023\/06\/amiplogo.png\",\"width\":723,\"height\":423,\"caption\":\"Az\u0259rbaycan Milli \u0130stiqlal Partiyas\u0131\"},\"image\":{\"@id\":\"https:\/\/amip.az\/az\/#\/schema\/logo\/image\/\"},\"sameAs\":[\"https:\/\/www.facebook.com\/istiqlal91\",\"https:\/\/x.com\/APartiyas\",\"https:\/\/www.youtube.com\/channel\/UCF3pc8spko_xON2sr4vUC5A\"]}]}<\/script>\n<!-- \/ Yoast SEO plugin. -->","yoast_head_json":{"title":"Az\u0259rbaycan Milli \u0130stiqlal Partiyas\u0131\u00a0s\u0259drinin m\u00fc\u015faviri - Az\u0259rbaycan Milli \u0130stiqlal Partiyas\u0131","robots":{"index":"index","follow":"follow","max-snippet":"max-snippet:-1","max-image-preview":"max-image-preview:large","max-video-preview":"max-video-preview:-1"},"canonical":"https:\/\/amip.az\/en\/az\u0259rbaycan-milli-istiqlal-partiyasi-s\u0259drinin-musaviri\/","og_locale":"en_US","og_type":"article","og_title":"Az\u0259rbaycan Milli \u0130stiqlal Partiyas\u0131\u00a0s\u0259drinin m\u00fc\u015faviri - Az\u0259rbaycan Milli \u0130stiqlal Partiyas\u0131","og_description":"Nazim Samkamal o\u011flu Bayramov 31 iyul 1963-c\u00fc ild\u0259 Qusar rayonunda anadan olub. 1978-ci ild\u0259 Bak\u0131 D\u0259mir Yolu N\u0259qliyyat Texnikumunda (Haz\u0131rda Az\u0259rbaycan Texniki Universitetinin n\u0259zdind\u0259 Bak\u0131 Rabit\u0259 v\u0259 N\u0259qliyyat Kolleci) t\u0259hsil al\u0131b. Hal-haz\u0131rda Az\u0259rbaycan D\u0259mir Yollar\u0131 Yalama stansiyas\u0131nda \u0259m\u0259k f\u0259aliyy\u0259tini davam etdirir. 1992-ci ild\u0259n AM\u0130P \u00fczv\u00fcd\u00fcr. Nazim Bayramov Az\u0259rbaycan\u0131n m\u00fcst\u0259qilliyi u\u011frunda ba\u015flanan h\u0259r\u0259kata qo\u015fularaq f\u0259all\u0131\u011f\u0131 il\u0259 se\u00e7ilmi\u015fdir. Partiyan\u0131n rayon t\u0259\u015fkilat\u0131n\u0131n formala\u015fmas\u0131nda, ilk \u00f6z\u0259kl\u0259rin qurulmas\u0131 i\u015find\u0259 yax\u0131ndan i\u015ftirak etmi\u015fdir. M\u00fcxt\u0259lif ill\u0259rd\u0259 Dair\u0259 Se\u00e7ki Komissiyas\u0131nda, M\u0259nt\u0259q\u0259 Se\u00e7ki Komissiyas\u0131n\u0131n \u00fczv\u00fc olmu\u015fdur. Partiyan\u0131n \u0259ks\u0259r Qurultaylar\u0131na n\u00fcmay\u0259nd\u0259 se\u00e7ilmi\u015fdir. 2020-ci ild\u0259n [&hellip;]","og_url":"https:\/\/amip.az\/en\/az\u0259rbaycan-milli-istiqlal-partiyasi-s\u0259drinin-musaviri\/","og_site_name":"Az\u0259rbaycan Milli \u0130stiqlal Partiyas\u0131","article_publisher":"https:\/\/www.facebook.com\/istiqlal91","article_modified_time":"2022-07-18T05:48:03+00:00","og_image":[{"url":"https:\/\/amip.az\/wp-content\/uploads\/2022\/06\/amip_nazim_samkamal_oglu_bayramov_01_640.jpg"}],"twitter_card":"summary_large_image","twitter_site":"@APartiyas","twitter_misc":{"Est. reading time":"1 minute"},"schema":{"@context":"https:\/\/schema.org","@graph":[{"@type":"WebPage","@id":"https:\/\/amip.az\/az%c9%99rbaycan-milli-istiqlal-partiyasi-s%c9%99drinin-musaviri\/","url":"https:\/\/amip.az\/az%c9%99rbaycan-milli-istiqlal-partiyasi-s%c9%99drinin-musaviri\/","name":"Az\u0259rbaycan Milli \u0130stiqlal Partiyas\u0131\u00a0s\u0259drinin m\u00fc\u015faviri - Az\u0259rbaycan Milli \u0130stiqlal Partiyas\u0131","isPartOf":{"@id":"https:\/\/amip.az\/az\/#website"},"primaryImageOfPage":{"@id":"https:\/\/amip.az\/az%c9%99rbaycan-milli-istiqlal-partiyasi-s%c9%99drinin-musaviri\/#primaryimage"},"image":{"@id":"https:\/\/amip.az\/az%c9%99rbaycan-milli-istiqlal-partiyasi-s%c9%99drinin-musaviri\/#primaryimage"},"thumbnailUrl":"https:\/\/amip.az\/wp-content\/uploads\/2022\/06\/amip_nazim_samkamal_oglu_bayramov_01_640.jpg","datePublished":"2022-06-22T07:16:28+00:00","dateModified":"2022-07-18T05:48:03+00:00","breadcrumb":{"@id":"https:\/\/amip.az\/az%c9%99rbaycan-milli-istiqlal-partiyasi-s%c9%99drinin-musaviri\/#breadcrumb"},"inLanguage":"en-US","potentialAction":[{"@type":"ReadAction","target":["https:\/\/amip.az\/az%c9%99rbaycan-milli-istiqlal-partiyasi-s%c9%99drinin-musaviri\/"]}]},{"@type":"ImageObject","inLanguage":"en-US","@id":"https:\/\/amip.az\/az%c9%99rbaycan-milli-istiqlal-partiyasi-s%c9%99drinin-musaviri\/#primaryimage","url":"https:\/\/amip.az\/wp-content\/uploads\/2022\/06\/amip_nazim_samkamal_oglu_bayramov_01_640.jpg","contentUrl":"https:\/\/amip.az\/wp-content\/uploads\/2022\/06\/amip_nazim_samkamal_oglu_bayramov_01_640.jpg"},{"@type":"BreadcrumbList","@id":"https:\/\/amip.az\/az%c9%99rbaycan-milli-istiqlal-partiyasi-s%c9%99drinin-musaviri\/#breadcrumb","itemListElement":[{"@type":"ListItem","position":1,"name":"Home","item":"https:\/\/amip.az\/"},{"@type":"ListItem","position":2,"name":"Az\u0259rbaycan Milli \u0130stiqlal Partiyas\u0131\u00a0s\u0259drinin m\u00fc\u015faviri"}]},{"@type":"WebSite","@id":"https:\/\/amip.az\/az\/#website","url":"https:\/\/amip.az\/az\/","name":"Az\u0259rbaycan Milli \u0130stiqlal Partiyas\u0131","description":"AM\u0130P","publisher":{"@id":"https:\/\/amip.az\/az\/#organization"},"potentialAction":[{"@type":"SearchAction","target":{"@type":"EntryPoint","urlTemplate":"https:\/\/amip.az\/az\/?s={search_term_string}"},"query-input":{"@type":"PropertyValueSpecification","valueRequired":true,"valueName":"search_term_string"}}],"inLanguage":"en-US"},{"@type":"Organization","@id":"https:\/\/amip.az\/az\/#organization","name":"Az\u0259rbaycan Milli \u0130stiqlal Partiyas\u0131","url":"https:\/\/amip.az\/az\/","logo":{"@type":"ImageObject","inLanguage":"en-US","@id":"https:\/\/amip.az\/az\/#\/schema\/logo\/image\/","url":"https:\/\/amip.az\/wp-content\/uploads\/2023\/06\/amiplogo.png","contentUrl":"https:\/\/amip.az\/wp-content\/uploads\/2023\/06\/amiplogo.png","width":723,"height":423,"caption":"Az\u0259rbaycan Milli \u0130stiqlal Partiyas\u0131"},"image":{"@id":"https:\/\/amip.az\/az\/#\/schema\/logo\/image\/"},"sameAs":["https:\/\/www.facebook.com\/istiqlal91","https:\/\/x.com\/APartiyas","https:\/\/www.youtube.com\/channel\/UCF3pc8spko_xON2sr4vUC5A"]}]}},"_links":{"self":[{"href":"https:\/\/amip.az\/en\/wp-json\/wp\/v2\/pages\/4775","targetHints":{"allow":["GET"]}}],"collection":[{"href":"https:\/\/amip.az\/en\/wp-json\/wp\/v2\/pages"}],"about":[{"href":"https:\/\/amip.az\/en\/wp-json\/wp\/v2\/types\/page"}],"author":[{"embeddable":true,"href":"https:\/\/amip.az\/en\/wp-json\/wp\/v2\/users\/1"}],"replies":[{"embeddable":true,"href":"https:\/\/amip.az\/en\/wp-json\/wp\/v2\/comments?post=4775"}],"version-history":[{"count":2,"href":"https:\/\/amip.az\/en\/wp-json\/wp\/v2\/pages\/4775\/revisions"}],"predecessor-version":[{"id":5338,"href":"https:\/\/amip.az\/en\/wp-json\/wp\/v2\/pages\/4775\/revisions\/5338"}],"wp:attachment":[{"href":"https:\/\/amip.az\/en\/wp-json\/wp\/v2\/media?parent=4775"}],"curies":[{"name":"wp","href":"https:\/\/api.w.org\/{rel}","templated":true}]}}