{"id":7404,"date":"2024-11-19T13:54:15","date_gmt":"2024-11-19T09:54:15","guid":{"rendered":"https:\/\/amip.az\/?page_id=7404"},"modified":"2024-11-19T14:18:05","modified_gmt":"2024-11-19T10:18:05","slug":"az%c9%99rbaycan-milli-istiqlal-partiyasi-s%c9%99drinin-m%c9%99tbuat-v%c9%99-ictimaiyy%c9%99tl%c9%99-%c9%99laq%c9%99l%c9%99r-uzr%c9%99-muavini","status":"publish","type":"page","link":"https:\/\/amip.az\/en\/az%c9%99rbaycan-milli-istiqlal-partiyasi-s%c9%99drinin-m%c9%99tbuat-v%c9%99-ictimaiyy%c9%99tl%c9%99-%c9%99laq%c9%99l%c9%99r-uzr%c9%99-muavini\/","title":{"rendered":"Deputy of National Independence Party of Azerbaijan chairman on Media and Public Relations"},"content":{"rendered":"<div class=\"vc_row wpb_row vc_row-fluid\" ><div class=\"wpb_column vc_column_container vc_col-sm-12\"><div class=\"vc_column-inner\"><div class=\"wpb_wrapper\">\n\t<div class=\"wpb_text_column wpb_content_element\" >\n\t\t<div class=\"wpb_wrapper\">\n\t\t\t<figure class=\"wp-block-image size-full\"><img loading=\"lazy\" decoding=\"async\" class=\"alignnone wp-image-7408\" src=\"https:\/\/amip.az\/wp-content\/uploads\/2024\/11\/lala_enver_gizi_gafarli_01_540-285x300.jpg\" alt=\"Lal\u0259 \u018fnv\u0259r q\u0131z\u0131 Qafarl\u0131\" width=\"513\" height=\"540\" \/><\/figure>\n<p>Lala Enver gizi Gafarli was born in Baku in a family of intellectuals. In 1993 she graduated from the Institute of Russian language and Literature (today\u2019s Baku Slavic University) named after M.F.Akhundov. In 1990-1998 she held a position of the editor at the Head Office for State Secrets Protection under the Cabinet of Ministers. Then in 1998-2003 she worked as a reporter, producer at the \u201cKhabarchi\u201d (News Program) information program of the ANS Group of Companies. In 2003-2004 she was the deputy of the editor-in-chief of the \u201cMillet\u201d newspaper, in 2004-2009 an expert-journalist at the Foundation for Protection of Freedom of Speech, in 2010-2012 a senior advisor at the department of Accreditation of the Ministry of Education, in 2012-2020 an expert, executive director at the \u201cELS\u201d Independent Research Center, 2022-2024 an editor-translator at the news department of the APA Media Group.<\/p>\n<p>In 2007-2020 she held a position of senior teacher, associate professor at the department of Journalism and Philology of the \u201cTafakkur\u201d Science and Education Center.<\/p>\n<p>She\u2019s an independent journalist-investigator. Since 2003 she\u2019s a member of NIPA and Deputy of NIPA chairman on Media and Public Relations.<\/p>\n<p>E-mail: <u><a href=\"mailto:lala_7070@mail.ru\">lala_7070@mail.ru<\/a><\/u><\/p>\n\n\t\t<\/div>\n\t<\/div>\n<\/div><\/div><\/div><\/div>","protected":false},"excerpt":{"rendered":"Lal\u0259 \u018fnv\u0259r q\u0131z\u0131 Qafarl\u0131 Bak\u0131 \u015f\u0259h\u0259rind\u0259 ziyal\u0131 ail\u0259sind\u0259 anadan olub. 1993-c\u00fc ild\u0259 M.F.Axundov ad\u0131na Rus dili v\u0259 \u0259d\u0259biyyat \u0130nstitutunu (indiki Slavyan Universiteti) bitirib. 1990-1998-ci ill\u0259rd\u0259 Nazirl\u0259r Kabineti yan\u0131nda D\u00f6vl\u0259t sirl\u0259rinin m\u00fchafiz\u0259si Ba\u015f \u0130dar\u0259sind\u0259 redaktor v\u0259zif\u0259sind\u0259 \u00e7al\u0131\u015f\u0131b. 1998-2003-ci ill\u0259rd\u0259 ANS \u015eirk\u0259tl\u0259r Qrupu \u201cX\u0259b\u0259r\u00e7i\u201d informasiya proqram\u0131nda reportyor, prod\u00fcsser kimi f\u0259aliyy\u0259t g\u00f6st\u0259rib. 2003-2004-c\u00fc ill\u0259r \u201cMill\u0259t\u201d q\u0259zetind\u0259 ba\u015f redaktorun m\u00fcavini, 2004-2009-cu ill\u0259r S\u00f6z Azadl\u0131\u011f\u0131n\u0131n M\u00fcdafi\u0259si Fondunda ekspert-jurnalist,2010-2012-ci ill\u0259r T\u0259hsi Nazirliyi Akkreditasiya \u015f\u00f6b\u0259sind\u0259 b\u00f6y\u00fck m\u0259sl\u0259h\u0259t\u00e7i 2012-2020-ci ill\u0259r \u201cELS\u201d M\u00fcst\u0259qil Ara\u015fd\u0131rmalar M\u0259rk\u0259zind\u0259 ekspert, icra\u00e7\u0131 director, 2022-2024-ill\u0259rd\u0259APA Media Qrupu, X\u0259b\u0259rl\u0259r departamentind\u0259, [...]","protected":false},"author":1,"featured_media":0,"parent":0,"menu_order":0,"comment_status":"closed","ping_status":"closed","template":"","meta":{"footnotes":""},"class_list":["post-7404","page","type-page","status-publish","hentry"],"yoast_head":"<!-- This site is optimized with the Yoast SEO plugin v23.8 - https:\/\/yoast.com\/wordpress\/plugins\/seo\/ -->\n<title>Az\u0259rbaycan Milli \u0130stiqlal Partiyas\u0131 s\u0259drinin M\u0259tbuat v\u0259 \u0130ctimaiyy\u0259tl\u0259 \u0259laq\u0259l\u0259r \u00fczr\u0259 m\u00fcavini - Az\u0259rbaycan Milli \u0130stiqlal Partiyas\u0131<\/title>\n<meta name=\"robots\" content=\"index, follow, max-snippet:-1, max-image-preview:large, max-video-preview:-1\" \/>\n<link rel=\"canonical\" href=\"https:\/\/amip.az\/en\/az\u0259rbaycan-milli-istiqlal-partiyasi-s\u0259drinin-m\u0259tbuat-v\u0259-ictimaiyy\u0259tl\u0259-\u0259laq\u0259l\u0259r-uzr\u0259-muavini\/\" \/>\n<meta property=\"og:locale\" content=\"en_US\" \/>\n<meta property=\"og:type\" content=\"article\" \/>\n<meta property=\"og:title\" content=\"Az\u0259rbaycan Milli \u0130stiqlal Partiyas\u0131 s\u0259drinin M\u0259tbuat v\u0259 \u0130ctimaiyy\u0259tl\u0259 \u0259laq\u0259l\u0259r \u00fczr\u0259 m\u00fcavini - Az\u0259rbaycan Milli \u0130stiqlal Partiyas\u0131\" \/>\n<meta property=\"og:url\" content=\"https:\/\/amip.az\/en\/az\u0259rbaycan-milli-istiqlal-partiyasi-s\u0259drinin-m\u0259tbuat-v\u0259-ictimaiyy\u0259tl\u0259-\u0259laq\u0259l\u0259r-uzr\u0259-muavini\/\" \/>\n<meta property=\"og:site_name\" content=\"Az\u0259rbaycan Milli \u0130stiqlal Partiyas\u0131\" \/>\n<meta property=\"article:publisher\" content=\"https:\/\/www.facebook.com\/istiqlal91\" \/>\n<meta property=\"article:modified_time\" content=\"2024-11-19T10:18:05+00:00\" \/>\n<meta name=\"twitter:card\" content=\"summary_large_image\" \/>\n<meta name=\"twitter:site\" content=\"@APartiyas\" \/>\n<meta name=\"twitter:label1\" content=\"Est. reading time\" \/>\n\t<meta name=\"twitter:data1\" content=\"1 minute\" \/>\n<script type=\"application\/ld+json\" class=\"yoast-schema-graph\">{\"@context\":\"https:\/\/schema.org\",\"@graph\":[{\"@type\":\"WebPage\",\"@id\":\"https:\/\/amip.az\/az%c9%99rbaycan-milli-istiqlal-partiyasi-s%c9%99drinin-m%c9%99tbuat-v%c9%99-ictimaiyy%c9%99tl%c9%99-%c9%99laq%c9%99l%c9%99r-uzr%c9%99-muavini\/\",\"url\":\"https:\/\/amip.az\/az%c9%99rbaycan-milli-istiqlal-partiyasi-s%c9%99drinin-m%c9%99tbuat-v%c9%99-ictimaiyy%c9%99tl%c9%99-%c9%99laq%c9%99l%c9%99r-uzr%c9%99-muavini\/\",\"name\":\"Az\u0259rbaycan Milli \u0130stiqlal Partiyas\u0131 s\u0259drinin M\u0259tbuat v\u0259 \u0130ctimaiyy\u0259tl\u0259 \u0259laq\u0259l\u0259r \u00fczr\u0259 m\u00fcavini - Az\u0259rbaycan Milli \u0130stiqlal Partiyas\u0131\",\"isPartOf\":{\"@id\":\"https:\/\/amip.az\/az\/#website\"},\"primaryImageOfPage\":{\"@id\":\"https:\/\/amip.az\/az%c9%99rbaycan-milli-istiqlal-partiyasi-s%c9%99drinin-m%c9%99tbuat-v%c9%99-ictimaiyy%c9%99tl%c9%99-%c9%99laq%c9%99l%c9%99r-uzr%c9%99-muavini\/#primaryimage\"},\"image\":{\"@id\":\"https:\/\/amip.az\/az%c9%99rbaycan-milli-istiqlal-partiyasi-s%c9%99drinin-m%c9%99tbuat-v%c9%99-ictimaiyy%c9%99tl%c9%99-%c9%99laq%c9%99l%c9%99r-uzr%c9%99-muavini\/#primaryimage\"},\"thumbnailUrl\":\"https:\/\/amip.az\/wp-content\/uploads\/2024\/11\/lala_enver_gizi_gafarli_01_540-285x300.jpg\",\"datePublished\":\"2024-11-19T09:54:15+00:00\",\"dateModified\":\"2024-11-19T10:18:05+00:00\",\"breadcrumb\":{\"@id\":\"https:\/\/amip.az\/az%c9%99rbaycan-milli-istiqlal-partiyasi-s%c9%99drinin-m%c9%99tbuat-v%c9%99-ictimaiyy%c9%99tl%c9%99-%c9%99laq%c9%99l%c9%99r-uzr%c9%99-muavini\/#breadcrumb\"},\"inLanguage\":\"en-US\",\"potentialAction\":[{\"@type\":\"ReadAction\",\"target\":[\"https:\/\/amip.az\/az%c9%99rbaycan-milli-istiqlal-partiyasi-s%c9%99drinin-m%c9%99tbuat-v%c9%99-ictimaiyy%c9%99tl%c9%99-%c9%99laq%c9%99l%c9%99r-uzr%c9%99-muavini\/\"]}]},{\"@type\":\"ImageObject\",\"inLanguage\":\"en-US\",\"@id\":\"https:\/\/amip.az\/az%c9%99rbaycan-milli-istiqlal-partiyasi-s%c9%99drinin-m%c9%99tbuat-v%c9%99-ictimaiyy%c9%99tl%c9%99-%c9%99laq%c9%99l%c9%99r-uzr%c9%99-muavini\/#primaryimage\",\"url\":\"https:\/\/amip.az\/wp-content\/uploads\/2024\/11\/lala_enver_gizi_gafarli_01_540-285x300.jpg\",\"contentUrl\":\"https:\/\/amip.az\/wp-content\/uploads\/2024\/11\/lala_enver_gizi_gafarli_01_540-285x300.jpg\"},{\"@type\":\"BreadcrumbList\",\"@id\":\"https:\/\/amip.az\/az%c9%99rbaycan-milli-istiqlal-partiyasi-s%c9%99drinin-m%c9%99tbuat-v%c9%99-ictimaiyy%c9%99tl%c9%99-%c9%99laq%c9%99l%c9%99r-uzr%c9%99-muavini\/#breadcrumb\",\"itemListElement\":[{\"@type\":\"ListItem\",\"position\":1,\"name\":\"Home\",\"item\":\"https:\/\/amip.az\/\"},{\"@type\":\"ListItem\",\"position\":2,\"name\":\"Az\u0259rbaycan Milli \u0130stiqlal Partiyas\u0131 s\u0259drinin M\u0259tbuat v\u0259 \u0130ctimaiyy\u0259tl\u0259 \u0259laq\u0259l\u0259r \u00fczr\u0259 m\u00fcavini\"}]},{\"@type\":\"WebSite\",\"@id\":\"https:\/\/amip.az\/az\/#website\",\"url\":\"https:\/\/amip.az\/az\/\",\"name\":\"Az\u0259rbaycan Milli \u0130stiqlal Partiyas\u0131\",\"description\":\"AM\u0130P\",\"publisher\":{\"@id\":\"https:\/\/amip.az\/az\/#organization\"},\"potentialAction\":[{\"@type\":\"SearchAction\",\"target\":{\"@type\":\"EntryPoint\",\"urlTemplate\":\"https:\/\/amip.az\/az\/?s={search_term_string}\"},\"query-input\":{\"@type\":\"PropertyValueSpecification\",\"valueRequired\":true,\"valueName\":\"search_term_string\"}}],\"inLanguage\":\"en-US\"},{\"@type\":\"Organization\",\"@id\":\"https:\/\/amip.az\/az\/#organization\",\"name\":\"Az\u0259rbaycan Milli \u0130stiqlal Partiyas\u0131\",\"url\":\"https:\/\/amip.az\/az\/\",\"logo\":{\"@type\":\"ImageObject\",\"inLanguage\":\"en-US\",\"@id\":\"https:\/\/amip.az\/az\/#\/schema\/logo\/image\/\",\"url\":\"https:\/\/amip.az\/wp-content\/uploads\/2023\/06\/amiplogo.png\",\"contentUrl\":\"https:\/\/amip.az\/wp-content\/uploads\/2023\/06\/amiplogo.png\",\"width\":723,\"height\":423,\"caption\":\"Az\u0259rbaycan Milli \u0130stiqlal Partiyas\u0131\"},\"image\":{\"@id\":\"https:\/\/amip.az\/az\/#\/schema\/logo\/image\/\"},\"sameAs\":[\"https:\/\/www.facebook.com\/istiqlal91\",\"https:\/\/x.com\/APartiyas\",\"https:\/\/www.youtube.com\/channel\/UCF3pc8spko_xON2sr4vUC5A\"]}]}<\/script>\n<!-- \/ Yoast SEO plugin. -->","yoast_head_json":{"title":"Az\u0259rbaycan Milli \u0130stiqlal Partiyas\u0131 s\u0259drinin M\u0259tbuat v\u0259 \u0130ctimaiyy\u0259tl\u0259 \u0259laq\u0259l\u0259r \u00fczr\u0259 m\u00fcavini - Az\u0259rbaycan Milli \u0130stiqlal Partiyas\u0131","robots":{"index":"index","follow":"follow","max-snippet":"max-snippet:-1","max-image-preview":"max-image-preview:large","max-video-preview":"max-video-preview:-1"},"canonical":"https:\/\/amip.az\/en\/az\u0259rbaycan-milli-istiqlal-partiyasi-s\u0259drinin-m\u0259tbuat-v\u0259-ictimaiyy\u0259tl\u0259-\u0259laq\u0259l\u0259r-uzr\u0259-muavini\/","og_locale":"en_US","og_type":"article","og_title":"Az\u0259rbaycan Milli \u0130stiqlal Partiyas\u0131 s\u0259drinin M\u0259tbuat v\u0259 \u0130ctimaiyy\u0259tl\u0259 \u0259laq\u0259l\u0259r \u00fczr\u0259 m\u00fcavini - Az\u0259rbaycan Milli \u0130stiqlal Partiyas\u0131","og_url":"https:\/\/amip.az\/en\/az\u0259rbaycan-milli-istiqlal-partiyasi-s\u0259drinin-m\u0259tbuat-v\u0259-ictimaiyy\u0259tl\u0259-\u0259laq\u0259l\u0259r-uzr\u0259-muavini\/","og_site_name":"Az\u0259rbaycan Milli \u0130stiqlal Partiyas\u0131","article_publisher":"https:\/\/www.facebook.com\/istiqlal91","article_modified_time":"2024-11-19T10:18:05+00:00","twitter_card":"summary_large_image","twitter_site":"@APartiyas","twitter_misc":{"Est. reading time":"1 minute"},"schema":{"@context":"https:\/\/schema.org","@graph":[{"@type":"WebPage","@id":"https:\/\/amip.az\/az%c9%99rbaycan-milli-istiqlal-partiyasi-s%c9%99drinin-m%c9%99tbuat-v%c9%99-ictimaiyy%c9%99tl%c9%99-%c9%99laq%c9%99l%c9%99r-uzr%c9%99-muavini\/","url":"https:\/\/amip.az\/az%c9%99rbaycan-milli-istiqlal-partiyasi-s%c9%99drinin-m%c9%99tbuat-v%c9%99-ictimaiyy%c9%99tl%c9%99-%c9%99laq%c9%99l%c9%99r-uzr%c9%99-muavini\/","name":"Az\u0259rbaycan Milli \u0130stiqlal Partiyas\u0131 s\u0259drinin M\u0259tbuat v\u0259 \u0130ctimaiyy\u0259tl\u0259 \u0259laq\u0259l\u0259r \u00fczr\u0259 m\u00fcavini - Az\u0259rbaycan Milli \u0130stiqlal Partiyas\u0131","isPartOf":{"@id":"https:\/\/amip.az\/az\/#website"},"primaryImageOfPage":{"@id":"https:\/\/amip.az\/az%c9%99rbaycan-milli-istiqlal-partiyasi-s%c9%99drinin-m%c9%99tbuat-v%c9%99-ictimaiyy%c9%99tl%c9%99-%c9%99laq%c9%99l%c9%99r-uzr%c9%99-muavini\/#primaryimage"},"image":{"@id":"https:\/\/amip.az\/az%c9%99rbaycan-milli-istiqlal-partiyasi-s%c9%99drinin-m%c9%99tbuat-v%c9%99-ictimaiyy%c9%99tl%c9%99-%c9%99laq%c9%99l%c9%99r-uzr%c9%99-muavini\/#primaryimage"},"thumbnailUrl":"https:\/\/amip.az\/wp-content\/uploads\/2024\/11\/lala_enver_gizi_gafarli_01_540-285x300.jpg","datePublished":"2024-11-19T09:54:15+00:00","dateModified":"2024-11-19T10:18:05+00:00","breadcrumb":{"@id":"https:\/\/amip.az\/az%c9%99rbaycan-milli-istiqlal-partiyasi-s%c9%99drinin-m%c9%99tbuat-v%c9%99-ictimaiyy%c9%99tl%c9%99-%c9%99laq%c9%99l%c9%99r-uzr%c9%99-muavini\/#breadcrumb"},"inLanguage":"en-US","potentialAction":[{"@type":"ReadAction","target":["https:\/\/amip.az\/az%c9%99rbaycan-milli-istiqlal-partiyasi-s%c9%99drinin-m%c9%99tbuat-v%c9%99-ictimaiyy%c9%99tl%c9%99-%c9%99laq%c9%99l%c9%99r-uzr%c9%99-muavini\/"]}]},{"@type":"ImageObject","inLanguage":"en-US","@id":"https:\/\/amip.az\/az%c9%99rbaycan-milli-istiqlal-partiyasi-s%c9%99drinin-m%c9%99tbuat-v%c9%99-ictimaiyy%c9%99tl%c9%99-%c9%99laq%c9%99l%c9%99r-uzr%c9%99-muavini\/#primaryimage","url":"https:\/\/amip.az\/wp-content\/uploads\/2024\/11\/lala_enver_gizi_gafarli_01_540-285x300.jpg","contentUrl":"https:\/\/amip.az\/wp-content\/uploads\/2024\/11\/lala_enver_gizi_gafarli_01_540-285x300.jpg"},{"@type":"BreadcrumbList","@id":"https:\/\/amip.az\/az%c9%99rbaycan-milli-istiqlal-partiyasi-s%c9%99drinin-m%c9%99tbuat-v%c9%99-ictimaiyy%c9%99tl%c9%99-%c9%99laq%c9%99l%c9%99r-uzr%c9%99-muavini\/#breadcrumb","itemListElement":[{"@type":"ListItem","position":1,"name":"Home","item":"https:\/\/amip.az\/"},{"@type":"ListItem","position":2,"name":"Az\u0259rbaycan Milli \u0130stiqlal Partiyas\u0131 s\u0259drinin M\u0259tbuat v\u0259 \u0130ctimaiyy\u0259tl\u0259 \u0259laq\u0259l\u0259r \u00fczr\u0259 m\u00fcavini"}]},{"@type":"WebSite","@id":"https:\/\/amip.az\/az\/#website","url":"https:\/\/amip.az\/az\/","name":"Az\u0259rbaycan Milli \u0130stiqlal Partiyas\u0131","description":"AM\u0130P","publisher":{"@id":"https:\/\/amip.az\/az\/#organization"},"potentialAction":[{"@type":"SearchAction","target":{"@type":"EntryPoint","urlTemplate":"https:\/\/amip.az\/az\/?s={search_term_string}"},"query-input":{"@type":"PropertyValueSpecification","valueRequired":true,"valueName":"search_term_string"}}],"inLanguage":"en-US"},{"@type":"Organization","@id":"https:\/\/amip.az\/az\/#organization","name":"Az\u0259rbaycan Milli \u0130stiqlal Partiyas\u0131","url":"https:\/\/amip.az\/az\/","logo":{"@type":"ImageObject","inLanguage":"en-US","@id":"https:\/\/amip.az\/az\/#\/schema\/logo\/image\/","url":"https:\/\/amip.az\/wp-content\/uploads\/2023\/06\/amiplogo.png","contentUrl":"https:\/\/amip.az\/wp-content\/uploads\/2023\/06\/amiplogo.png","width":723,"height":423,"caption":"Az\u0259rbaycan Milli \u0130stiqlal Partiyas\u0131"},"image":{"@id":"https:\/\/amip.az\/az\/#\/schema\/logo\/image\/"},"sameAs":["https:\/\/www.facebook.com\/istiqlal91","https:\/\/x.com\/APartiyas","https:\/\/www.youtube.com\/channel\/UCF3pc8spko_xON2sr4vUC5A"]}]}},"_links":{"self":[{"href":"https:\/\/amip.az\/en\/wp-json\/wp\/v2\/pages\/7404","targetHints":{"allow":["GET"]}}],"collection":[{"href":"https:\/\/amip.az\/en\/wp-json\/wp\/v2\/pages"}],"about":[{"href":"https:\/\/amip.az\/en\/wp-json\/wp\/v2\/types\/page"}],"author":[{"embeddable":true,"href":"https:\/\/amip.az\/en\/wp-json\/wp\/v2\/users\/1"}],"replies":[{"embeddable":true,"href":"https:\/\/amip.az\/en\/wp-json\/wp\/v2\/comments?post=7404"}],"version-history":[{"count":5,"href":"https:\/\/amip.az\/en\/wp-json\/wp\/v2\/pages\/7404\/revisions"}],"predecessor-version":[{"id":7410,"href":"https:\/\/amip.az\/en\/wp-json\/wp\/v2\/pages\/7404\/revisions\/7410"}],"wp:attachment":[{"href":"https:\/\/amip.az\/en\/wp-json\/wp\/v2\/media?parent=7404"}],"curies":[{"name":"wp","href":"https:\/\/api.w.org\/{rel}","templated":true}]}}